{"id":14006,"date":"2021-05-17T10:50:07","date_gmt":"2021-05-17T08:50:07","guid":{"rendered":"https:\/\/empow-her.com\/?post_type=product&#038;p=14006"},"modified":"2021-05-19T10:07:35","modified_gmt":"2021-05-19T08:07:35","slug":"atelier-preciser-et-tester-sa-proposition-de-valeur","status":"publish","type":"product","link":"https:\/\/empow-her.com\/es\/produit\/atelier-preciser-et-tester-sa-proposition-de-valeur\/","title":{"rendered":"Atelier &#8211; Pr\u00e9ciser et tester sa proposition de valeur"},"content":{"rendered":"","protected":false},"excerpt":{"rendered":"<div>\n<p>La proposition de valeur est la \u00ab\u00a0promesse\u00a0\u00bb que vous faites \u00e0 votre cible.<\/p>\n<p>D\u00e9finir sa proposition de valeur, est une \u00e9tape cl\u00e9 du d\u00e9veloppement de votre projet !<\/p>\n<p>Car elle conditionnera :<\/p>\n<ul>\n<li>Qui sera votre cible<\/li>\n<li>Quels seront les probl\u00e8mes que vous r\u00e9solvez<\/li>\n<li>Quel sera votre mod\u00e8le \u00e9conomique<\/li>\n<\/ul>\n<p>Dans cet atelier, nous verrons ensemble <strong>comment d\u00e9finir votre proposition de valeur. <\/strong>Nous prendrons le temps pour que chacune puisse r\u00e9fl\u00e9chir sur son projet.<\/p>\n<p>Et enfin, nous aborderons comment tester cette proposition de valeur.<\/p>\n<p>Parce que l\u2019important c\u2019est que vous puissiez tr\u00e8s vite valider ou invalider vos id\u00e9es et hypoth\u00e8ses.<\/p>\n<p><strong>Cet atelier aura lieu au Sist&#8217;Her, <\/strong>notre tiers-lieu dans le 10e arrondissement<\/p>\n<p>&nbsp;<\/p>\n<\/div>\n<p><b>Par :\u00a0<\/b>Mathieu Abmont<\/p>\n<p>Mathieu Abmont est le cr\u00e9ateur des Entrepreneurs Protagonistes.\u00a0Il accompagne les entrepreneurs sociaux depuis plusieurs ann\u00e9es en s\u2019appuyant sur son exp\u00e9rience d\u2019entrepreneur.\u00a0Il est sp\u00e9cialis\u00e9 dans les premiers pas de l\u2019entrepreneur (recherche des premiers clients, r\u00e9alisation de MVP et de prototypes).<\/p>\n<p>Il aborde \u00e9galement le sujet de l\u2019entrepreneuriat sur Instagram et sur Youtube<\/p>\n<p>Insta :\u00a0<a href=\"https:\/\/instagram.com\/entrepreneurs_protagonistes\" target=\"_blank\" rel=\"noopener noreferrer\" data-saferedirecturl=\"https:\/\/www.google.com\/url?q=https:\/\/instagram.com\/entrepreneurs_protagonistes&amp;source=gmail&amp;ust=1621497880845000&amp;usg=AFQjCNGgYXg93T_44t3y9V33jDMc1wTgOA\">https:\/\/instagram.com\/<wbr \/>entrepreneurs_protagonistes<\/a><\/p>\n<p>Youtube :\u00a0<a href=\"https:\/\/bit.ly\/YTEntrepreneursProta\" target=\"_blank\" rel=\"noopener noreferrer\" data-saferedirecturl=\"https:\/\/www.google.com\/url?q=https:\/\/bit.ly\/YTEntrepreneursProta&amp;source=gmail&amp;ust=1621497880845000&amp;usg=AFQjCNHACGEzBVGyK4vlAIgbVYpWpkElww\">https:\/\/bit.ly\/<wbr \/>YTEntrepreneursProta<\/a><\/p>\n<p>&nbsp;<\/p>\n","protected":false},"featured_media":0,"template":"","format":"standard","meta":{"_acf_changed":false,"om_disable_all_campaigns":false,"_uf_show_specific_survey":0,"_uf_disable_surveys":false},"product_brand":[],"product_cat":[118],"product_tag":[],"lieu":[127],"thematiques":[],"class_list":{"0":"post-14006","1":"product","2":"type-product","3":"status-publish","4":"format-standard","6":"product_cat-atelier-collectif","7":"lieu-hub-empowher","9":"first","10":"instock","11":"virtual","12":"purchasable","13":"product-type-appointment"},"exclude_global_add_ons":[],"addons":[],"acf":[],"yoast_head":"<!-- This site is optimized with the Yoast SEO plugin v24.8 - https:\/\/yoast.com\/wordpress\/plugins\/seo\/ -->\n<title>Atelier - Pr\u00e9ciser et tester sa proposition de valeur - Empow&#039;Her<\/title>\n<meta name=\"robots\" content=\"index, follow, max-snippet:-1, max-image-preview:large, max-video-preview:-1\" \/>\n<link rel=\"canonical\" href=\"https:\/\/empow-her.com\/produit\/atelier-preciser-et-tester-sa-proposition-de-valeur\/\" \/>\n<meta property=\"og:locale\" content=\"es_ES\" \/>\n<meta property=\"og:type\" content=\"article\" \/>\n<meta property=\"og:title\" content=\"Atelier - Pr\u00e9ciser et tester sa proposition de valeur - Empow&#039;Her\" \/>\n<meta property=\"og:description\" content=\"La proposition de valeur est la \u00ab\u00a0promesse\u00a0\u00bb que vous faites \u00e0 votre cible.  D\u00e9finir sa proposition de valeur, est une \u00e9tape cl\u00e9 du d\u00e9veloppement de votre projet !  Car elle conditionnera :   Qui sera votre cible  Quels seront les probl\u00e8mes que vous r\u00e9solvez  Quel sera votre mod\u00e8le \u00e9conomique  Dans cet atelier, nous verrons ensemble comment d\u00e9finir votre proposition de valeur. Nous prendrons le temps pour que chacune puisse r\u00e9fl\u00e9chir sur son projet.  Et enfin, nous aborderons comment tester cette proposition de valeur.  Parce que l\u2019important c\u2019est que vous puissiez tr\u00e8s vite valider ou invalider vos id\u00e9es et hypoth\u00e8ses.  Cet atelier aura lieu au Sist&#039;Her, notre tiers-lieu dans le 10e arrondissement  &nbsp;   Par :\u00a0Mathieu Abmont  Mathieu Abmont est le cr\u00e9ateur des Entrepreneurs Protagonistes.\u00a0Il accompagne les entrepreneurs sociaux depuis plusieurs ann\u00e9es en s\u2019appuyant sur son exp\u00e9rience d\u2019entrepreneur.\u00a0Il est sp\u00e9cialis\u00e9 dans les premiers pas de l\u2019entrepreneur (recherche des premiers clients, r\u00e9alisation de MVP et de prototypes).  Il aborde \u00e9galement le sujet de l\u2019entrepreneuriat sur Instagram et sur Youtube  Insta :\u00a0https:\/\/instagram.com\/entrepreneurs_protagonistes  Youtube :\u00a0https:\/\/bit.ly\/YTEntrepreneursProta  &nbsp;\" \/>\n<meta property=\"og:url\" content=\"https:\/\/empow-her.com\/produit\/atelier-preciser-et-tester-sa-proposition-de-valeur\/\" \/>\n<meta property=\"og:site_name\" content=\"Empow&#039;Her\" \/>\n<meta property=\"article:modified_time\" content=\"2021-05-19T08:07:35+00:00\" \/>\n<meta name=\"twitter:card\" content=\"summary_large_image\" \/>\n<script type=\"application\/ld+json\" class=\"yoast-schema-graph\">{\"@context\":\"https:\/\/schema.org\",\"@graph\":[{\"@type\":\"WebPage\",\"@id\":\"https:\/\/empow-her.com\/produit\/atelier-preciser-et-tester-sa-proposition-de-valeur\/\",\"url\":\"https:\/\/empow-her.com\/produit\/atelier-preciser-et-tester-sa-proposition-de-valeur\/\",\"name\":\"Atelier - Pr\u00e9ciser et tester sa proposition de valeur - Empow&#039;Her\",\"isPartOf\":{\"@id\":\"https:\/\/empow-her.com\/#website\"},\"datePublished\":\"2021-05-17T08:50:07+00:00\",\"dateModified\":\"2021-05-19T08:07:35+00:00\",\"breadcrumb\":{\"@id\":\"https:\/\/empow-her.com\/produit\/atelier-preciser-et-tester-sa-proposition-de-valeur\/#breadcrumb\"},\"inLanguage\":\"es\",\"potentialAction\":[{\"@type\":\"ReadAction\",\"target\":[\"https:\/\/empow-her.com\/produit\/atelier-preciser-et-tester-sa-proposition-de-valeur\/\"]}]},{\"@type\":\"BreadcrumbList\",\"@id\":\"https:\/\/empow-her.com\/produit\/atelier-preciser-et-tester-sa-proposition-de-valeur\/#breadcrumb\",\"itemListElement\":[{\"@type\":\"ListItem\",\"position\":1,\"name\":\"Accueil\",\"item\":\"https:\/\/empow-her.com\/es\/inicio\/\"},{\"@type\":\"ListItem\",\"position\":2,\"name\":\"LA BOUTIQUE\",\"item\":\"https:\/\/empow-her.com\/boutique\/\"},{\"@type\":\"ListItem\",\"position\":3,\"name\":\"Atelier &#8211; Pr\u00e9ciser et tester sa proposition de valeur\"}]},{\"@type\":\"WebSite\",\"@id\":\"https:\/\/empow-her.com\/#website\",\"url\":\"https:\/\/empow-her.com\/\",\"name\":\"Empow&#039;Her\",\"description\":\"Women Development\",\"potentialAction\":[{\"@type\":\"SearchAction\",\"target\":{\"@type\":\"EntryPoint\",\"urlTemplate\":\"https:\/\/empow-her.com\/?s={search_term_string}\"},\"query-input\":{\"@type\":\"PropertyValueSpecification\",\"valueRequired\":true,\"valueName\":\"search_term_string\"}}],\"inLanguage\":\"es\"}]}<\/script>\n<!-- \/ Yoast SEO plugin. -->","yoast_head_json":{"title":"Atelier - Pr\u00e9ciser et tester sa proposition de valeur - Empow&#039;Her","robots":{"index":"index","follow":"follow","max-snippet":"max-snippet:-1","max-image-preview":"max-image-preview:large","max-video-preview":"max-video-preview:-1"},"canonical":"https:\/\/empow-her.com\/produit\/atelier-preciser-et-tester-sa-proposition-de-valeur\/","og_locale":"es_ES","og_type":"article","og_title":"Atelier - Pr\u00e9ciser et tester sa proposition de valeur - Empow&#039;Her","og_description":"La proposition de valeur est la \u00ab\u00a0promesse\u00a0\u00bb que vous faites \u00e0 votre cible.  D\u00e9finir sa proposition de valeur, est une \u00e9tape cl\u00e9 du d\u00e9veloppement de votre projet !  Car elle conditionnera :   Qui sera votre cible  Quels seront les probl\u00e8mes que vous r\u00e9solvez  Quel sera votre mod\u00e8le \u00e9conomique  Dans cet atelier, nous verrons ensemble comment d\u00e9finir votre proposition de valeur. Nous prendrons le temps pour que chacune puisse r\u00e9fl\u00e9chir sur son projet.  Et enfin, nous aborderons comment tester cette proposition de valeur.  Parce que l\u2019important c\u2019est que vous puissiez tr\u00e8s vite valider ou invalider vos id\u00e9es et hypoth\u00e8ses.  Cet atelier aura lieu au Sist'Her, notre tiers-lieu dans le 10e arrondissement  &nbsp;   Par :\u00a0Mathieu Abmont  Mathieu Abmont est le cr\u00e9ateur des Entrepreneurs Protagonistes.\u00a0Il accompagne les entrepreneurs sociaux depuis plusieurs ann\u00e9es en s\u2019appuyant sur son exp\u00e9rience d\u2019entrepreneur.\u00a0Il est sp\u00e9cialis\u00e9 dans les premiers pas de l\u2019entrepreneur (recherche des premiers clients, r\u00e9alisation de MVP et de prototypes).  Il aborde \u00e9galement le sujet de l\u2019entrepreneuriat sur Instagram et sur Youtube  Insta :\u00a0https:\/\/instagram.com\/entrepreneurs_protagonistes  Youtube :\u00a0https:\/\/bit.ly\/YTEntrepreneursProta  &nbsp;","og_url":"https:\/\/empow-her.com\/produit\/atelier-preciser-et-tester-sa-proposition-de-valeur\/","og_site_name":"Empow&#039;Her","article_modified_time":"2021-05-19T08:07:35+00:00","twitter_card":"summary_large_image","schema":{"@context":"https:\/\/schema.org","@graph":[{"@type":"WebPage","@id":"https:\/\/empow-her.com\/produit\/atelier-preciser-et-tester-sa-proposition-de-valeur\/","url":"https:\/\/empow-her.com\/produit\/atelier-preciser-et-tester-sa-proposition-de-valeur\/","name":"Atelier - Pr\u00e9ciser et tester sa proposition de valeur - Empow&#039;Her","isPartOf":{"@id":"https:\/\/empow-her.com\/#website"},"datePublished":"2021-05-17T08:50:07+00:00","dateModified":"2021-05-19T08:07:35+00:00","breadcrumb":{"@id":"https:\/\/empow-her.com\/produit\/atelier-preciser-et-tester-sa-proposition-de-valeur\/#breadcrumb"},"inLanguage":"es","potentialAction":[{"@type":"ReadAction","target":["https:\/\/empow-her.com\/produit\/atelier-preciser-et-tester-sa-proposition-de-valeur\/"]}]},{"@type":"BreadcrumbList","@id":"https:\/\/empow-her.com\/produit\/atelier-preciser-et-tester-sa-proposition-de-valeur\/#breadcrumb","itemListElement":[{"@type":"ListItem","position":1,"name":"Accueil","item":"https:\/\/empow-her.com\/es\/inicio\/"},{"@type":"ListItem","position":2,"name":"LA BOUTIQUE","item":"https:\/\/empow-her.com\/boutique\/"},{"@type":"ListItem","position":3,"name":"Atelier &#8211; Pr\u00e9ciser et tester sa proposition de valeur"}]},{"@type":"WebSite","@id":"https:\/\/empow-her.com\/#website","url":"https:\/\/empow-her.com\/","name":"Empow&#039;Her","description":"Women Development","potentialAction":[{"@type":"SearchAction","target":{"@type":"EntryPoint","urlTemplate":"https:\/\/empow-her.com\/?s={search_term_string}"},"query-input":{"@type":"PropertyValueSpecification","valueRequired":true,"valueName":"search_term_string"}}],"inLanguage":"es"}]}},"_links":{"self":[{"href":"https:\/\/empow-her.com\/es\/wp-json\/wp\/v2\/product\/14006","targetHints":{"allow":["GET"]}}],"collection":[{"href":"https:\/\/empow-her.com\/es\/wp-json\/wp\/v2\/product"}],"about":[{"href":"https:\/\/empow-her.com\/es\/wp-json\/wp\/v2\/types\/product"}],"wp:attachment":[{"href":"https:\/\/empow-her.com\/es\/wp-json\/wp\/v2\/media?parent=14006"}],"wp:term":[{"taxonomy":"product_brand","embeddable":true,"href":"https:\/\/empow-her.com\/es\/wp-json\/wp\/v2\/product_brand?post=14006"},{"taxonomy":"product_cat","embeddable":true,"href":"https:\/\/empow-her.com\/es\/wp-json\/wp\/v2\/product_cat?post=14006"},{"taxonomy":"product_tag","embeddable":true,"href":"https:\/\/empow-her.com\/es\/wp-json\/wp\/v2\/product_tag?post=14006"},{"taxonomy":"lieu","embeddable":true,"href":"https:\/\/empow-her.com\/es\/wp-json\/wp\/v2\/lieu?post=14006"},{"taxonomy":"thematiques","embeddable":true,"href":"https:\/\/empow-her.com\/es\/wp-json\/wp\/v2\/thematiques?post=14006"}],"curies":[{"name":"wp","href":"https:\/\/api.w.org\/{rel}","templated":true}]}}