{"id":13890,"date":"2021-05-11T10:36:59","date_gmt":"2021-05-11T08:36:59","guid":{"rendered":"https:\/\/empow-her.com\/?post_type=product&#038;p=13890"},"modified":"2021-06-17T10:49:42","modified_gmt":"2021-06-17T08:49:42","slug":"coaching-strategie-de-communication-reseaux-sociaux-et-creation-dune-communaute","status":"publish","type":"product","link":"https:\/\/empow-her.com\/es\/produit\/coaching-strategie-de-communication-reseaux-sociaux-et-creation-dune-communaute\/","title":{"rendered":"Coaching &#8211; Strat\u00e9gie de communication : r\u00e9seaux sociaux et cr\u00e9ation d&#8217;une communaut\u00e9"},"content":{"rendered":"","protected":false},"excerpt":{"rendered":"<p>Vous souhaitez lancer et animer une communaut\u00e9 autour de votre projet en vous servant des r\u00e9seaux sociaux pour communiquer aupr\u00e8s d&#8217;elle ? Vous souhaitez \u00e9laborer une strat\u00e9gie de communication pertinente et coh\u00e9rente pour toucher un maximum votre cible ?\u00a0 Ou simplement \u00e9changer avec une experte pour cr\u00e9er une identit\u00e9 de marque et du contenu en accord avec vos valeurs ?\u00a0 Retrouvez Coralie,\u00a0 fondatrice de YesforComm qui vous conseillera autour de votre strat\u00e9gie de communication et de vos r\u00e9seaux sociaux !<\/p>\n<p>&nbsp;<\/p>\n<p><b>Par : <span data-sheets-value=\"{&quot;1&quot;:2,&quot;2&quot;:&quot;Alexandre Sourzac-Lami est co-fondateur de Comit, une structure sp\u00e9cialis\u00e9e qui con\u00e7oit et adapte des outils et m\u00e9thodes pour donner aux entrepreneur.e.s la capacit\u00e9 de d\u00e9velopper des mod\u00e8les \u00e9conomiques p\u00e9rennes.&quot;}\" data-sheets-userformat=\"{&quot;2&quot;:1055743,&quot;3&quot;:{&quot;1&quot;:0},&quot;4&quot;:{&quot;1&quot;:2,&quot;2&quot;:16777215},&quot;5&quot;:{&quot;1&quot;:[{&quot;1&quot;:2,&quot;2&quot;:0,&quot;5&quot;:{&quot;1&quot;:2,&quot;2&quot;:0}},{&quot;1&quot;:0,&quot;2&quot;:0,&quot;3&quot;:3},{&quot;1&quot;:1,&quot;2&quot;:0,&quot;4&quot;:1}]},&quot;6&quot;:{&quot;1&quot;:[{&quot;1&quot;:2,&quot;2&quot;:0,&quot;5&quot;:{&quot;1&quot;:2,&quot;2&quot;:0}},{&quot;1&quot;:0,&quot;2&quot;:0,&quot;3&quot;:3},{&quot;1&quot;:1,&quot;2&quot;:0,&quot;4&quot;:1}]},&quot;7&quot;:{&quot;1&quot;:[{&quot;1&quot;:2,&quot;2&quot;:0,&quot;5&quot;:{&quot;1&quot;:2,&quot;2&quot;:0}},{&quot;1&quot;:0,&quot;2&quot;:0,&quot;3&quot;:3},{&quot;1&quot;:1,&quot;2&quot;:0,&quot;4&quot;:1}]},&quot;8&quot;:{&quot;1&quot;:[{&quot;1&quot;:2,&quot;2&quot;:0,&quot;5&quot;:{&quot;1&quot;:2,&quot;2&quot;:0}},{&quot;1&quot;:0,&quot;2&quot;:0,&quot;3&quot;:3},{&quot;1&quot;:1,&quot;2&quot;:0,&quot;4&quot;:1}]},&quot;9&quot;:0,&quot;10&quot;:1,&quot;11&quot;:4,&quot;12&quot;:0,&quot;14&quot;:{&quot;1&quot;:2,&quot;2&quot;:0},&quot;15&quot;:&quot;Calibri&quot;,&quot;23&quot;:1}\" data-sheets-textstyleruns=\"{&quot;1&quot;:0}\uee10{&quot;1&quot;:43,&quot;2&quot;:{&quot;2&quot;:{&quot;1&quot;:2,&quot;2&quot;:1136076},&quot;9&quot;:1}}\uee10{&quot;1&quot;:48}\" data-sheets-hyperlinkruns=\"{&quot;1&quot;:43,&quot;2&quot;:&quot;https:\/\/www.comit.berlin\/&quot;}\uee10{&quot;1&quot;:48}\"><a class=\"in-cell-link\" href=\"https:\/\/yesforcomm.com\/\" target=\"_blank\" rel=\"noopener noreferrer\">Yes for Comm<\/a>.<\/span><\/b><\/p>\n<p>&nbsp;<\/p>\n<p><span data-sheets-value=\"{&quot;1&quot;:2,&quot;2&quot;:&quot;Alexandre Sourzac-Lami est co-fondateur de Comit, une structure sp\u00e9cialis\u00e9e qui con\u00e7oit et adapte des outils et m\u00e9thodes pour donner aux entrepreneur.e.s la capacit\u00e9 de d\u00e9velopper des mod\u00e8les \u00e9conomiques p\u00e9rennes.&quot;}\" data-sheets-userformat=\"{&quot;2&quot;:1055743,&quot;3&quot;:{&quot;1&quot;:0},&quot;4&quot;:{&quot;1&quot;:2,&quot;2&quot;:16777215},&quot;5&quot;:{&quot;1&quot;:[{&quot;1&quot;:2,&quot;2&quot;:0,&quot;5&quot;:{&quot;1&quot;:2,&quot;2&quot;:0}},{&quot;1&quot;:0,&quot;2&quot;:0,&quot;3&quot;:3},{&quot;1&quot;:1,&quot;2&quot;:0,&quot;4&quot;:1}]},&quot;6&quot;:{&quot;1&quot;:[{&quot;1&quot;:2,&quot;2&quot;:0,&quot;5&quot;:{&quot;1&quot;:2,&quot;2&quot;:0}},{&quot;1&quot;:0,&quot;2&quot;:0,&quot;3&quot;:3},{&quot;1&quot;:1,&quot;2&quot;:0,&quot;4&quot;:1}]},&quot;7&quot;:{&quot;1&quot;:[{&quot;1&quot;:2,&quot;2&quot;:0,&quot;5&quot;:{&quot;1&quot;:2,&quot;2&quot;:0}},{&quot;1&quot;:0,&quot;2&quot;:0,&quot;3&quot;:3},{&quot;1&quot;:1,&quot;2&quot;:0,&quot;4&quot;:1}]},&quot;8&quot;:{&quot;1&quot;:[{&quot;1&quot;:2,&quot;2&quot;:0,&quot;5&quot;:{&quot;1&quot;:2,&quot;2&quot;:0}},{&quot;1&quot;:0,&quot;2&quot;:0,&quot;3&quot;:3},{&quot;1&quot;:1,&quot;2&quot;:0,&quot;4&quot;:1}]},&quot;9&quot;:0,&quot;10&quot;:1,&quot;11&quot;:4,&quot;12&quot;:0,&quot;14&quot;:{&quot;1&quot;:2,&quot;2&quot;:0},&quot;15&quot;:&quot;Calibri&quot;,&quot;23&quot;:1}\" data-sheets-textstyleruns=\"{&quot;1&quot;:0}\uee10{&quot;1&quot;:43,&quot;2&quot;:{&quot;2&quot;:{&quot;1&quot;:2,&quot;2&quot;:1136076},&quot;9&quot;:1}}\uee10{&quot;1&quot;:48}\" data-sheets-hyperlinkruns=\"{&quot;1&quot;:43,&quot;2&quot;:&quot;https:\/\/www.comit.berlin\/&quot;}\uee10{&quot;1&quot;:48}\"><strong>Intervenantes :<\/strong>\u00a0Coralie est entrepreneure et fondatrice de l\u2019agence de communication\u00a0<a class=\"in-cell-link\" href=\"https:\/\/yesforcomm.com\/\" target=\"_blank\" rel=\"noopener noreferrer\">Yes for Comm<\/a>. Elle accompagne les entrepreneurs et porteurs de projet sur leur strat\u00e9gie globale de communication et sa mise en \u0153uvre op\u00e9rationnelle. Son expertise se concentre sur l\u2019augmentation de la visibilit\u00e9 et de la notori\u00e9t\u00e9 des marques \u00e0 impact. Coralie a \u00e0 c\u0153ur d\u2019encourager les initiatives qui ont du sens et de renforcer la confiance des femmes entrepreneures ! <\/span><\/p>\n<p><strong>Le petit mot de Coralie<\/strong> :<em> Croyez en vous et en vos capacit\u00e9s ! Surtout, construisez un projet qui vous ressemble, parce que vous \u00eates unique !<\/em><\/p>\n<p>&nbsp;<\/p>\n<p><strong>Dur\u00e9e<\/strong>\u00a0:\u00a0<span data-sheets-value=\"{&quot;1&quot;:2,&quot;2&quot;:&quot;Permanence de 4h avec un cr\u00e9neau de 1h par participante (+ 15 minutes entre chaque)&quot;}\" data-sheets-userformat=\"{&quot;2&quot;:7167,&quot;3&quot;:{&quot;1&quot;:0},&quot;4&quot;:{&quot;1&quot;:2,&quot;2&quot;:16777215},&quot;5&quot;:{&quot;1&quot;:[{&quot;1&quot;:2,&quot;2&quot;:0,&quot;5&quot;:{&quot;1&quot;:2,&quot;2&quot;:0}},{&quot;1&quot;:0,&quot;2&quot;:0,&quot;3&quot;:3},{&quot;1&quot;:1,&quot;2&quot;:0,&quot;4&quot;:1}]},&quot;6&quot;:{&quot;1&quot;:[{&quot;1&quot;:2,&quot;2&quot;:0,&quot;5&quot;:{&quot;1&quot;:2,&quot;2&quot;:0}},{&quot;1&quot;:0,&quot;2&quot;:0,&quot;3&quot;:3},{&quot;1&quot;:1,&quot;2&quot;:0,&quot;4&quot;:1}]},&quot;7&quot;:{&quot;1&quot;:[{&quot;1&quot;:2,&quot;2&quot;:0,&quot;5&quot;:{&quot;1&quot;:2,&quot;2&quot;:0}},{&quot;1&quot;:0,&quot;2&quot;:0,&quot;3&quot;:3},{&quot;1&quot;:1,&quot;2&quot;:0,&quot;4&quot;:1}]},&quot;8&quot;:{&quot;1&quot;:[{&quot;1&quot;:2,&quot;2&quot;:0,&quot;5&quot;:{&quot;1&quot;:2,&quot;2&quot;:0}},{&quot;1&quot;:0,&quot;2&quot;:0,&quot;3&quot;:3},{&quot;1&quot;:1,&quot;2&quot;:0,&quot;4&quot;:1}]},&quot;9&quot;:0,&quot;10&quot;:1,&quot;11&quot;:4,&quot;12&quot;:0,&quot;14&quot;:{&quot;1&quot;:2,&quot;2&quot;:0},&quot;15&quot;:&quot;Calibri&quot;}\">Permanence de 4h avec un cr\u00e9neau de 1h par participante<\/span><\/p>\n<p>&nbsp;<\/p>\n<p>Ce projet est co-financ\u00e9 par le Fonds Social Europ\u00e9en.<\/p>\n<p><img decoding=\"async\" class=\"\" src=\"https:\/\/www.sep-asso.fr\/wp-content\/uploads\/2018\/02\/logo-union-europeenne.png\" alt=\"logo union europeenne \u2013 SEP\" width=\"87\" height=\"72\" \/>\u00a0 <img decoding=\"async\" class=\"\" src=\"https:\/\/lh3.googleusercontent.com\/proxy\/0ZZYh9ZgdbjUV03IC9LyE4hxEhWkLx3F8tf6fiqlax2m5bFTl66k50e6Qb3-hXCTj435TA_cO-nKl9KevC4YHKr0zrwahShSsPJSOFGfD326oFgsnrZcfZbAKFmJt-ulAk2vgi4jRDaQfMx_uAcJkpw\" alt=\"logoth\u00e8que fonds europ\u00e9ens structurels et d&amp;#39;investissement | FSE\" width=\"111\" height=\"69\" \/>\u00a0<img decoding=\"async\" class=\"\" src=\"https:\/\/franceactive-idf.org\/wp-content\/uploads\/2020\/02\/logo-region-ile-de-france.png\" alt=\"Logo Region Ile De France - France Active \u00cele-de-France\" width=\"126\" height=\"29\" \/><\/p>\n","protected":false},"featured_media":0,"template":"","format":"standard","meta":{"_acf_changed":false,"om_disable_all_campaigns":false,"_uf_show_specific_survey":0,"_uf_disable_surveys":false},"product_brand":[],"product_cat":[121],"product_tag":[],"lieu":[125],"thematiques":[],"class_list":{"0":"post-13890","1":"product","2":"type-product","3":"status-publish","4":"format-standard","6":"product_cat-coaching","7":"lieu-en-ligne","9":"first","10":"instock","11":"virtual","12":"purchasable","13":"product-type-appointment"},"exclude_global_add_ons":[],"addons":[],"acf":[],"yoast_head":"<!-- This site is optimized with the Yoast SEO plugin v24.8 - https:\/\/yoast.com\/wordpress\/plugins\/seo\/ -->\n<title>Coaching - Strat\u00e9gie de communication : r\u00e9seaux sociaux et cr\u00e9ation d&#039;une communaut\u00e9 - Empow&#039;Her<\/title>\n<meta name=\"robots\" content=\"index, follow, max-snippet:-1, max-image-preview:large, max-video-preview:-1\" \/>\n<link rel=\"canonical\" href=\"https:\/\/empow-her.com\/produit\/coaching-strategie-de-communication-reseaux-sociaux-et-creation-dune-communaute\/\" \/>\n<meta property=\"og:locale\" content=\"es_ES\" \/>\n<meta property=\"og:type\" content=\"article\" \/>\n<meta property=\"og:title\" content=\"Coaching - Strat\u00e9gie de communication : r\u00e9seaux sociaux et cr\u00e9ation d&#039;une communaut\u00e9 - Empow&#039;Her\" \/>\n<meta property=\"og:description\" content=\"Vous souhaitez lancer et animer une communaut\u00e9 autour de votre projet en vous servant des r\u00e9seaux sociaux pour communiquer aupr\u00e8s d&#039;elle ? Vous souhaitez \u00e9laborer une strat\u00e9gie de communication pertinente et coh\u00e9rente pour toucher un maximum votre cible ?\u00a0 Ou simplement \u00e9changer avec une experte pour cr\u00e9er une identit\u00e9 de marque et du contenu en accord avec vos valeurs ?\u00a0 Retrouvez Coralie,\u00a0 fondatrice de YesforComm qui vous conseillera autour de votre strat\u00e9gie de communication et de vos r\u00e9seaux sociaux !  &nbsp;  Par : Yes for Comm.  &nbsp;  Intervenantes :\u00a0Coralie est entrepreneure et fondatrice de l\u2019agence de communication\u00a0Yes for Comm. Elle accompagne les entrepreneurs et porteurs de projet sur leur strat\u00e9gie globale de communication et sa mise en \u0153uvre op\u00e9rationnelle. Son expertise se concentre sur l\u2019augmentation de la visibilit\u00e9 et de la notori\u00e9t\u00e9 des marques \u00e0 impact. Coralie a \u00e0 c\u0153ur d\u2019encourager les initiatives qui ont du sens et de renforcer la confiance des femmes entrepreneures !   Le petit mot de Coralie : Croyez en vous et en vos capacit\u00e9s ! Surtout, construisez un projet qui vous ressemble, parce que vous \u00eates unique !  &nbsp;  Dur\u00e9e\u00a0:\u00a0Permanence de 4h avec un cr\u00e9neau de 1h par participante  &nbsp;  Ce projet est co-financ\u00e9 par le Fonds Social Europ\u00e9en.  \u00a0 \u00a0\" \/>\n<meta property=\"og:url\" content=\"https:\/\/empow-her.com\/produit\/coaching-strategie-de-communication-reseaux-sociaux-et-creation-dune-communaute\/\" \/>\n<meta property=\"og:site_name\" content=\"Empow&#039;Her\" \/>\n<meta property=\"article:modified_time\" content=\"2021-06-17T08:49:42+00:00\" \/>\n<meta name=\"twitter:card\" content=\"summary_large_image\" \/>\n<script type=\"application\/ld+json\" class=\"yoast-schema-graph\">{\"@context\":\"https:\/\/schema.org\",\"@graph\":[{\"@type\":\"WebPage\",\"@id\":\"https:\/\/empow-her.com\/produit\/coaching-strategie-de-communication-reseaux-sociaux-et-creation-dune-communaute\/\",\"url\":\"https:\/\/empow-her.com\/produit\/coaching-strategie-de-communication-reseaux-sociaux-et-creation-dune-communaute\/\",\"name\":\"Coaching - Strat\u00e9gie de communication : r\u00e9seaux sociaux et cr\u00e9ation d'une communaut\u00e9 - Empow&#039;Her\",\"isPartOf\":{\"@id\":\"https:\/\/empow-her.com\/#website\"},\"datePublished\":\"2021-05-11T08:36:59+00:00\",\"dateModified\":\"2021-06-17T08:49:42+00:00\",\"breadcrumb\":{\"@id\":\"https:\/\/empow-her.com\/produit\/coaching-strategie-de-communication-reseaux-sociaux-et-creation-dune-communaute\/#breadcrumb\"},\"inLanguage\":\"es\",\"potentialAction\":[{\"@type\":\"ReadAction\",\"target\":[\"https:\/\/empow-her.com\/produit\/coaching-strategie-de-communication-reseaux-sociaux-et-creation-dune-communaute\/\"]}]},{\"@type\":\"BreadcrumbList\",\"@id\":\"https:\/\/empow-her.com\/produit\/coaching-strategie-de-communication-reseaux-sociaux-et-creation-dune-communaute\/#breadcrumb\",\"itemListElement\":[{\"@type\":\"ListItem\",\"position\":1,\"name\":\"Accueil\",\"item\":\"https:\/\/empow-her.com\/es\/inicio\/\"},{\"@type\":\"ListItem\",\"position\":2,\"name\":\"LA BOUTIQUE\",\"item\":\"https:\/\/empow-her.com\/boutique\/\"},{\"@type\":\"ListItem\",\"position\":3,\"name\":\"Coaching &#8211; Strat\u00e9gie de communication : r\u00e9seaux sociaux et cr\u00e9ation d&#8217;une communaut\u00e9\"}]},{\"@type\":\"WebSite\",\"@id\":\"https:\/\/empow-her.com\/#website\",\"url\":\"https:\/\/empow-her.com\/\",\"name\":\"Empow&#039;Her\",\"description\":\"Women Development\",\"potentialAction\":[{\"@type\":\"SearchAction\",\"target\":{\"@type\":\"EntryPoint\",\"urlTemplate\":\"https:\/\/empow-her.com\/?s={search_term_string}\"},\"query-input\":{\"@type\":\"PropertyValueSpecification\",\"valueRequired\":true,\"valueName\":\"search_term_string\"}}],\"inLanguage\":\"es\"}]}<\/script>\n<!-- \/ Yoast SEO plugin. -->","yoast_head_json":{"title":"Coaching - Strat\u00e9gie de communication : r\u00e9seaux sociaux et cr\u00e9ation d'une communaut\u00e9 - Empow&#039;Her","robots":{"index":"index","follow":"follow","max-snippet":"max-snippet:-1","max-image-preview":"max-image-preview:large","max-video-preview":"max-video-preview:-1"},"canonical":"https:\/\/empow-her.com\/produit\/coaching-strategie-de-communication-reseaux-sociaux-et-creation-dune-communaute\/","og_locale":"es_ES","og_type":"article","og_title":"Coaching - Strat\u00e9gie de communication : r\u00e9seaux sociaux et cr\u00e9ation d'une communaut\u00e9 - Empow&#039;Her","og_description":"Vous souhaitez lancer et animer une communaut\u00e9 autour de votre projet en vous servant des r\u00e9seaux sociaux pour communiquer aupr\u00e8s d'elle ? Vous souhaitez \u00e9laborer une strat\u00e9gie de communication pertinente et coh\u00e9rente pour toucher un maximum votre cible ?\u00a0 Ou simplement \u00e9changer avec une experte pour cr\u00e9er une identit\u00e9 de marque et du contenu en accord avec vos valeurs ?\u00a0 Retrouvez Coralie,\u00a0 fondatrice de YesforComm qui vous conseillera autour de votre strat\u00e9gie de communication et de vos r\u00e9seaux sociaux !  &nbsp;  Par : Yes for Comm.  &nbsp;  Intervenantes :\u00a0Coralie est entrepreneure et fondatrice de l\u2019agence de communication\u00a0Yes for Comm. Elle accompagne les entrepreneurs et porteurs de projet sur leur strat\u00e9gie globale de communication et sa mise en \u0153uvre op\u00e9rationnelle. Son expertise se concentre sur l\u2019augmentation de la visibilit\u00e9 et de la notori\u00e9t\u00e9 des marques \u00e0 impact. Coralie a \u00e0 c\u0153ur d\u2019encourager les initiatives qui ont du sens et de renforcer la confiance des femmes entrepreneures !   Le petit mot de Coralie : Croyez en vous et en vos capacit\u00e9s ! Surtout, construisez un projet qui vous ressemble, parce que vous \u00eates unique !  &nbsp;  Dur\u00e9e\u00a0:\u00a0Permanence de 4h avec un cr\u00e9neau de 1h par participante  &nbsp;  Ce projet est co-financ\u00e9 par le Fonds Social Europ\u00e9en.  \u00a0 \u00a0","og_url":"https:\/\/empow-her.com\/produit\/coaching-strategie-de-communication-reseaux-sociaux-et-creation-dune-communaute\/","og_site_name":"Empow&#039;Her","article_modified_time":"2021-06-17T08:49:42+00:00","twitter_card":"summary_large_image","schema":{"@context":"https:\/\/schema.org","@graph":[{"@type":"WebPage","@id":"https:\/\/empow-her.com\/produit\/coaching-strategie-de-communication-reseaux-sociaux-et-creation-dune-communaute\/","url":"https:\/\/empow-her.com\/produit\/coaching-strategie-de-communication-reseaux-sociaux-et-creation-dune-communaute\/","name":"Coaching - Strat\u00e9gie de communication : r\u00e9seaux sociaux et cr\u00e9ation d'une communaut\u00e9 - Empow&#039;Her","isPartOf":{"@id":"https:\/\/empow-her.com\/#website"},"datePublished":"2021-05-11T08:36:59+00:00","dateModified":"2021-06-17T08:49:42+00:00","breadcrumb":{"@id":"https:\/\/empow-her.com\/produit\/coaching-strategie-de-communication-reseaux-sociaux-et-creation-dune-communaute\/#breadcrumb"},"inLanguage":"es","potentialAction":[{"@type":"ReadAction","target":["https:\/\/empow-her.com\/produit\/coaching-strategie-de-communication-reseaux-sociaux-et-creation-dune-communaute\/"]}]},{"@type":"BreadcrumbList","@id":"https:\/\/empow-her.com\/produit\/coaching-strategie-de-communication-reseaux-sociaux-et-creation-dune-communaute\/#breadcrumb","itemListElement":[{"@type":"ListItem","position":1,"name":"Accueil","item":"https:\/\/empow-her.com\/es\/inicio\/"},{"@type":"ListItem","position":2,"name":"LA BOUTIQUE","item":"https:\/\/empow-her.com\/boutique\/"},{"@type":"ListItem","position":3,"name":"Coaching &#8211; Strat\u00e9gie de communication : r\u00e9seaux sociaux et cr\u00e9ation d&#8217;une communaut\u00e9"}]},{"@type":"WebSite","@id":"https:\/\/empow-her.com\/#website","url":"https:\/\/empow-her.com\/","name":"Empow&#039;Her","description":"Women Development","potentialAction":[{"@type":"SearchAction","target":{"@type":"EntryPoint","urlTemplate":"https:\/\/empow-her.com\/?s={search_term_string}"},"query-input":{"@type":"PropertyValueSpecification","valueRequired":true,"valueName":"search_term_string"}}],"inLanguage":"es"}]}},"_links":{"self":[{"href":"https:\/\/empow-her.com\/es\/wp-json\/wp\/v2\/product\/13890","targetHints":{"allow":["GET"]}}],"collection":[{"href":"https:\/\/empow-her.com\/es\/wp-json\/wp\/v2\/product"}],"about":[{"href":"https:\/\/empow-her.com\/es\/wp-json\/wp\/v2\/types\/product"}],"wp:attachment":[{"href":"https:\/\/empow-her.com\/es\/wp-json\/wp\/v2\/media?parent=13890"}],"wp:term":[{"taxonomy":"product_brand","embeddable":true,"href":"https:\/\/empow-her.com\/es\/wp-json\/wp\/v2\/product_brand?post=13890"},{"taxonomy":"product_cat","embeddable":true,"href":"https:\/\/empow-her.com\/es\/wp-json\/wp\/v2\/product_cat?post=13890"},{"taxonomy":"product_tag","embeddable":true,"href":"https:\/\/empow-her.com\/es\/wp-json\/wp\/v2\/product_tag?post=13890"},{"taxonomy":"lieu","embeddable":true,"href":"https:\/\/empow-her.com\/es\/wp-json\/wp\/v2\/lieu?post=13890"},{"taxonomy":"thematiques","embeddable":true,"href":"https:\/\/empow-her.com\/es\/wp-json\/wp\/v2\/thematiques?post=13890"}],"curies":[{"name":"wp","href":"https:\/\/api.w.org\/{rel}","templated":true}]}}