{"id":138441,"date":"2023-02-06T15:09:21","date_gmt":"2023-02-06T14:09:21","guid":{"rendered":"https:\/\/empow-her.com\/?post_type=product&#038;p=138441"},"modified":"2023-02-06T15:56:35","modified_gmt":"2023-02-06T14:56:35","slug":"coaching-juridique-administratif-17","status":"publish","type":"product","link":"https:\/\/empow-her.com\/es\/produit\/coaching-juridique-administratif-17\/","title":{"rendered":"Coaching &#8211; Juridique &#038; Administratif"},"content":{"rendered":"","protected":false},"excerpt":{"rendered":"<p><strong>Description<\/strong> : <span data-sheets-value=\"{&quot;1&quot;:2,&quot;2&quot;:&quot;Un coaching individuel avec des avocat.e.s pour poser vos questions juridiques et administratives ! nQuelques exemples de sujet qui peuvent \u00eatre abord\u00e9s :n- Statuts juridiques, statuts de l\u2019ESSn- Comment s\u2019associer tout en s\u00e9curisant le projet ?n- Strat\u00e9gie de financement (lev\u00e9e de fonds, financements non-dilutifs)n- R\u00e9daction des premiers contrats, notamment CGV\/CGUn- Introduction \u00e0 la propri\u00e9t\u00e9 intellectuellen- Construction d\u2019une strat\u00e9gie de d\u00e9p\u00f4t de marquen- Protection des donn\u00e9es personnelles (RGPD)&quot;}\" data-sheets-userformat=\"{&quot;2&quot;:1055617,&quot;3&quot;:{&quot;1&quot;:0},&quot;10&quot;:1,&quot;11&quot;:4,&quot;12&quot;:0,&quot;14&quot;:{&quot;1&quot;:2,&quot;2&quot;:3450963},&quot;15&quot;:&quot;Hind&quot;,&quot;23&quot;:1}\">Un coaching individuel avec un.e avocat.e pour poser vos questions juridiques et administratives !<\/span><\/p>\n<p><span data-sheets-value=\"{&quot;1&quot;:2,&quot;2&quot;:&quot;Un coaching individuel avec des avocat.e.s pour poser vos questions juridiques et administratives ! nQuelques exemples de sujet qui peuvent \u00eatre abord\u00e9s :n- Statuts juridiques, statuts de l\u2019ESSn- Comment s\u2019associer tout en s\u00e9curisant le projet ?n- Strat\u00e9gie de financement (lev\u00e9e de fonds, financements non-dilutifs)n- R\u00e9daction des premiers contrats, notamment CGV\/CGUn- Introduction \u00e0 la propri\u00e9t\u00e9 intellectuellen- Construction d\u2019une strat\u00e9gie de d\u00e9p\u00f4t de marquen- Protection des donn\u00e9es personnelles (RGPD)&quot;}\" data-sheets-userformat=\"{&quot;2&quot;:1055617,&quot;3&quot;:{&quot;1&quot;:0},&quot;10&quot;:1,&quot;11&quot;:4,&quot;12&quot;:0,&quot;14&quot;:{&quot;1&quot;:2,&quot;2&quot;:3450963},&quot;15&quot;:&quot;Hind&quot;,&quot;23&quot;:1}\"><br \/>\nQuelques exemples de sujet qui peuvent \u00eatre abord\u00e9s :<br \/>\n&#8211; Statuts juridiques, statuts de l\u2019ESS<br \/>\n&#8211; Comment s\u2019associer tout en s\u00e9curisant le projet ?<br \/>\n&#8211; Strat\u00e9gie de financement (lev\u00e9e de fonds, financements non-dilutifs)<br \/>\n&#8211; R\u00e9daction des premiers contrats, notamment CGV\/CGU<br \/>\n&#8211; Introduction \u00e0 la propri\u00e9t\u00e9 intellectuelle<br \/>\n&#8211; Construction d\u2019une strat\u00e9gie de d\u00e9p\u00f4t de marque<br \/>\n&#8211; Protection des donn\u00e9es personnelles (RGPD)<\/span><\/p>\n<p><strong>Pr\u00e9-requis<\/strong> : <span data-sheets-value=\"{&quot;1&quot;:2,&quot;2&quot;:&quot;nVous souhaitez vous inscrire \u00e0 cette session ? Merci d'indiquer votre besoin principal en remplissant ce questionnaire avant la session : https:\/\/airtable.com\/shrbpqpYDX8WKP0gJ nou communiquez-le par mail \u00e0 votre r\u00e9f\u00e9rente Empow'Her : nadege.serrero@empow-her.com&quot;}\" data-sheets-userformat=\"{&quot;2&quot;:4993,&quot;3&quot;:{&quot;1&quot;:0},&quot;10&quot;:1,&quot;11&quot;:4,&quot;12&quot;:0,&quot;15&quot;:&quot;Hind&quot;}\"><br \/>\nVous souhaitez vous inscrire \u00e0 cette session ? <strong>Merci d&#8217;indiquer votre besoin principal en remplissant ce questionnaire avant la session<\/strong> : https:\/\/airtable.com\/shrbpqpYDX8WKP0gJ ou communiquez-le par mail \u00e0 votre r\u00e9f\u00e9rente Empow&#8217;Her : eline.benabla@empow-her.com<\/span><\/p>\n<p><strong>Intervenant.e : Rebecca Guyot<\/strong><\/p>\n<p>Je suis une avocate passionn\u00e9e par le droit et par l&#8217;id\u00e9e d&#8217;une \u00e9conomie plus sens\u00e9e et inclusive, c&#8217;est pourquoi je mets mon expertise de conseil au service des acteurs de l&#8217;Economie Sociale et Solidaire et des projets \u00e0 impact. J&#8217;interviens principalement pour la cr\u00e9ation et l&#8217;\u00e9volution des structures juridiques.<\/p>\n<p><strong>Son super pouvoir : <\/strong>Du droit oui, mais toujours avec le sourire<\/p>\n<p><strong>Leur petit mot\u00a0<\/strong>:\u00a0F\u00e9licitations et bon voyage! Entreprendre comme un voyage fait de rencontres, de d\u00e9couvertes, d&#8217;impr\u00e9vus et de rebondissements peut-\u00eatre, mais toujours enrichissant. Au plaisir de nous croiser lors d&#8217;ateliers et\/ou de permanences.<\/p>\n<p><strong>Dur\u00e9e<\/strong> : U<span data-sheets-value=\"{&quot;1&quot;:2,&quot;2&quot;:&quot;Permanence de 4h avec un cr\u00e9neau de 1h par participante (+ 15 minutes entre chaque)&quot;}\" data-sheets-userformat=\"{&quot;2&quot;:7167,&quot;3&quot;:{&quot;1&quot;:0},&quot;4&quot;:{&quot;1&quot;:2,&quot;2&quot;:16777215},&quot;5&quot;:{&quot;1&quot;:[{&quot;1&quot;:2,&quot;2&quot;:0,&quot;5&quot;:{&quot;1&quot;:2,&quot;2&quot;:0}},{&quot;1&quot;:0,&quot;2&quot;:0,&quot;3&quot;:3},{&quot;1&quot;:1,&quot;2&quot;:0,&quot;4&quot;:1}]},&quot;6&quot;:{&quot;1&quot;:[{&quot;1&quot;:2,&quot;2&quot;:0,&quot;5&quot;:{&quot;1&quot;:2,&quot;2&quot;:0}},{&quot;1&quot;:0,&quot;2&quot;:0,&quot;3&quot;:3},{&quot;1&quot;:1,&quot;2&quot;:0,&quot;4&quot;:1}]},&quot;7&quot;:{&quot;1&quot;:[{&quot;1&quot;:2,&quot;2&quot;:0,&quot;5&quot;:{&quot;1&quot;:2,&quot;2&quot;:0}},{&quot;1&quot;:0,&quot;2&quot;:0,&quot;3&quot;:3},{&quot;1&quot;:1,&quot;2&quot;:0,&quot;4&quot;:1}]},&quot;8&quot;:{&quot;1&quot;:[{&quot;1&quot;:2,&quot;2&quot;:0,&quot;5&quot;:{&quot;1&quot;:2,&quot;2&quot;:0}},{&quot;1&quot;:0,&quot;2&quot;:0,&quot;3&quot;:3},{&quot;1&quot;:1,&quot;2&quot;:0,&quot;4&quot;:1}]},&quot;9&quot;:0,&quot;10&quot;:1,&quot;11&quot;:4,&quot;12&quot;:0,&quot;14&quot;:{&quot;1&quot;:2,&quot;2&quot;:0},&quot;15&quot;:&quot;Calibri&quot;}\">n cr\u00e9neau de <strong>1h en individuel en ligne<\/strong><\/span><\/p>\n<p><strong>Attention !<\/strong> \u00a0Veuillez vous pr\u00e9senter \u00e0 l\u2019heure pour que l\u2019activit\u00e9 puisse commencer \u00e0 temps. Si vous avez du retard veuillez pr\u00e9venir l\u2019intervenant.e. Si vous avez plus de 15 min de retard l\u2019intervenant.e se r\u00e9serve le droit de ne plus vous accepter pour le coaching ou l\u2019atelier.<\/p>\n","protected":false},"featured_media":138442,"template":"","format":"standard","meta":{"_acf_changed":false,"om_disable_all_campaigns":false,"_uf_show_specific_survey":0,"_uf_disable_surveys":false},"product_brand":[],"product_cat":[121],"product_tag":[],"lieu":[125],"thematiques":[],"class_list":{"0":"post-138441","1":"product","2":"type-product","3":"status-publish","4":"format-standard","5":"has-post-thumbnail","7":"product_cat-coaching","8":"lieu-en-ligne","10":"first","11":"instock","12":"virtual","13":"purchasable","14":"product-type-appointment"},"exclude_global_add_ons":[],"addons":[],"acf":[],"yoast_head":"<!-- This site is optimized with the Yoast SEO plugin v24.8 - https:\/\/yoast.com\/wordpress\/plugins\/seo\/ -->\n<title>Coaching - Juridique &amp; Administratif - Empow&#039;Her<\/title>\n<meta name=\"robots\" content=\"index, follow, max-snippet:-1, max-image-preview:large, max-video-preview:-1\" \/>\n<link rel=\"canonical\" href=\"https:\/\/empow-her.com\/produit\/coaching-juridique-administratif-17\/\" \/>\n<meta property=\"og:locale\" content=\"es_ES\" \/>\n<meta property=\"og:type\" content=\"article\" \/>\n<meta property=\"og:title\" content=\"Coaching - Juridique &amp; Administratif - Empow&#039;Her\" \/>\n<meta property=\"og:description\" content=\"Description : Un coaching individuel avec un.e avocat.e pour poser vos questions juridiques et administratives !   Quelques exemples de sujet qui peuvent \u00eatre abord\u00e9s : - Statuts juridiques, statuts de l\u2019ESS - Comment s\u2019associer tout en s\u00e9curisant le projet ? - Strat\u00e9gie de financement (lev\u00e9e de fonds, financements non-dilutifs) - R\u00e9daction des premiers contrats, notamment CGV\/CGU - Introduction \u00e0 la propri\u00e9t\u00e9 intellectuelle - Construction d\u2019une strat\u00e9gie de d\u00e9p\u00f4t de marque - Protection des donn\u00e9es personnelles (RGPD)  Pr\u00e9-requis :  Vous souhaitez vous inscrire \u00e0 cette session ? Merci d&#039;indiquer votre besoin principal en remplissant ce questionnaire avant la session : https:\/\/airtable.com\/shrbpqpYDX8WKP0gJ ou communiquez-le par mail \u00e0 votre r\u00e9f\u00e9rente Empow&#039;Her : eline.benabla@empow-her.com  Intervenant.e : Rebecca Guyot  Je suis une avocate passionn\u00e9e par le droit et par l&#039;id\u00e9e d&#039;une \u00e9conomie plus sens\u00e9e et inclusive, c&#039;est pourquoi je mets mon expertise de conseil au service des acteurs de l&#039;Economie Sociale et Solidaire et des projets \u00e0 impact. J&#039;interviens principalement pour la cr\u00e9ation et l&#039;\u00e9volution des structures juridiques.  Son super pouvoir : Du droit oui, mais toujours avec le sourire  Leur petit mot\u00a0:\u00a0F\u00e9licitations et bon voyage! Entreprendre comme un voyage fait de rencontres, de d\u00e9couvertes, d&#039;impr\u00e9vus et de rebondissements peut-\u00eatre, mais toujours enrichissant. Au plaisir de nous croiser lors d&#039;ateliers et\/ou de permanences.  Dur\u00e9e : Un cr\u00e9neau de 1h en individuel en ligne  Attention ! \u00a0Veuillez vous pr\u00e9senter \u00e0 l\u2019heure pour que l\u2019activit\u00e9 puisse commencer \u00e0 temps. Si vous avez du retard veuillez pr\u00e9venir l\u2019intervenant.e. Si vous avez plus de 15 min de retard l\u2019intervenant.e se r\u00e9serve le droit de ne plus vous accepter pour le coaching ou l\u2019atelier.\" \/>\n<meta property=\"og:url\" content=\"https:\/\/empow-her.com\/produit\/coaching-juridique-administratif-17\/\" \/>\n<meta property=\"og:site_name\" content=\"Empow&#039;Her\" \/>\n<meta property=\"article:modified_time\" content=\"2023-02-06T14:56:35+00:00\" \/>\n<meta property=\"og:image\" content=\"https:\/\/empow-her.com\/wp-content\/uploads\/2023\/02\/Women-Dare-templates-events-72.png\" \/>\n\t<meta property=\"og:image:width\" content=\"1080\" \/>\n\t<meta property=\"og:image:height\" content=\"1080\" \/>\n\t<meta property=\"og:image:type\" content=\"image\/png\" \/>\n<meta name=\"twitter:card\" content=\"summary_large_image\" \/>\n<script type=\"application\/ld+json\" class=\"yoast-schema-graph\">{\"@context\":\"https:\/\/schema.org\",\"@graph\":[{\"@type\":\"WebPage\",\"@id\":\"https:\/\/empow-her.com\/produit\/coaching-juridique-administratif-17\/\",\"url\":\"https:\/\/empow-her.com\/produit\/coaching-juridique-administratif-17\/\",\"name\":\"Coaching - Juridique & Administratif - Empow&#039;Her\",\"isPartOf\":{\"@id\":\"https:\/\/empow-her.com\/#website\"},\"primaryImageOfPage\":{\"@id\":\"https:\/\/empow-her.com\/produit\/coaching-juridique-administratif-17\/#primaryimage\"},\"image\":{\"@id\":\"https:\/\/empow-her.com\/produit\/coaching-juridique-administratif-17\/#primaryimage\"},\"thumbnailUrl\":\"https:\/\/empow-her.com\/wp-content\/uploads\/2023\/02\/Women-Dare-templates-events-72.png\",\"datePublished\":\"2023-02-06T14:09:21+00:00\",\"dateModified\":\"2023-02-06T14:56:35+00:00\",\"breadcrumb\":{\"@id\":\"https:\/\/empow-her.com\/produit\/coaching-juridique-administratif-17\/#breadcrumb\"},\"inLanguage\":\"es\",\"potentialAction\":[{\"@type\":\"ReadAction\",\"target\":[\"https:\/\/empow-her.com\/produit\/coaching-juridique-administratif-17\/\"]}]},{\"@type\":\"ImageObject\",\"inLanguage\":\"es\",\"@id\":\"https:\/\/empow-her.com\/produit\/coaching-juridique-administratif-17\/#primaryimage\",\"url\":\"https:\/\/empow-her.com\/wp-content\/uploads\/2023\/02\/Women-Dare-templates-events-72.png\",\"contentUrl\":\"https:\/\/empow-her.com\/wp-content\/uploads\/2023\/02\/Women-Dare-templates-events-72.png\",\"width\":1080,\"height\":1080},{\"@type\":\"BreadcrumbList\",\"@id\":\"https:\/\/empow-her.com\/produit\/coaching-juridique-administratif-17\/#breadcrumb\",\"itemListElement\":[{\"@type\":\"ListItem\",\"position\":1,\"name\":\"Accueil\",\"item\":\"https:\/\/empow-her.com\/es\/inicio\/\"},{\"@type\":\"ListItem\",\"position\":2,\"name\":\"LA BOUTIQUE\",\"item\":\"https:\/\/empow-her.com\/boutique\/\"},{\"@type\":\"ListItem\",\"position\":3,\"name\":\"Coaching &#8211; Juridique &#038; Administratif\"}]},{\"@type\":\"WebSite\",\"@id\":\"https:\/\/empow-her.com\/#website\",\"url\":\"https:\/\/empow-her.com\/\",\"name\":\"Empow&#039;Her\",\"description\":\"Women Development\",\"potentialAction\":[{\"@type\":\"SearchAction\",\"target\":{\"@type\":\"EntryPoint\",\"urlTemplate\":\"https:\/\/empow-her.com\/?s={search_term_string}\"},\"query-input\":{\"@type\":\"PropertyValueSpecification\",\"valueRequired\":true,\"valueName\":\"search_term_string\"}}],\"inLanguage\":\"es\"}]}<\/script>\n<!-- \/ Yoast SEO plugin. -->","yoast_head_json":{"title":"Coaching - Juridique & Administratif - Empow&#039;Her","robots":{"index":"index","follow":"follow","max-snippet":"max-snippet:-1","max-image-preview":"max-image-preview:large","max-video-preview":"max-video-preview:-1"},"canonical":"https:\/\/empow-her.com\/produit\/coaching-juridique-administratif-17\/","og_locale":"es_ES","og_type":"article","og_title":"Coaching - Juridique & Administratif - Empow&#039;Her","og_description":"Description : Un coaching individuel avec un.e avocat.e pour poser vos questions juridiques et administratives !   Quelques exemples de sujet qui peuvent \u00eatre abord\u00e9s : - Statuts juridiques, statuts de l\u2019ESS - Comment s\u2019associer tout en s\u00e9curisant le projet ? - Strat\u00e9gie de financement (lev\u00e9e de fonds, financements non-dilutifs) - R\u00e9daction des premiers contrats, notamment CGV\/CGU - Introduction \u00e0 la propri\u00e9t\u00e9 intellectuelle - Construction d\u2019une strat\u00e9gie de d\u00e9p\u00f4t de marque - Protection des donn\u00e9es personnelles (RGPD)  Pr\u00e9-requis :  Vous souhaitez vous inscrire \u00e0 cette session ? Merci d'indiquer votre besoin principal en remplissant ce questionnaire avant la session : https:\/\/airtable.com\/shrbpqpYDX8WKP0gJ ou communiquez-le par mail \u00e0 votre r\u00e9f\u00e9rente Empow'Her : eline.benabla@empow-her.com  Intervenant.e : Rebecca Guyot  Je suis une avocate passionn\u00e9e par le droit et par l'id\u00e9e d'une \u00e9conomie plus sens\u00e9e et inclusive, c'est pourquoi je mets mon expertise de conseil au service des acteurs de l'Economie Sociale et Solidaire et des projets \u00e0 impact. J'interviens principalement pour la cr\u00e9ation et l'\u00e9volution des structures juridiques.  Son super pouvoir : Du droit oui, mais toujours avec le sourire  Leur petit mot\u00a0:\u00a0F\u00e9licitations et bon voyage! Entreprendre comme un voyage fait de rencontres, de d\u00e9couvertes, d'impr\u00e9vus et de rebondissements peut-\u00eatre, mais toujours enrichissant. Au plaisir de nous croiser lors d'ateliers et\/ou de permanences.  Dur\u00e9e : Un cr\u00e9neau de 1h en individuel en ligne  Attention ! \u00a0Veuillez vous pr\u00e9senter \u00e0 l\u2019heure pour que l\u2019activit\u00e9 puisse commencer \u00e0 temps. Si vous avez du retard veuillez pr\u00e9venir l\u2019intervenant.e. Si vous avez plus de 15 min de retard l\u2019intervenant.e se r\u00e9serve le droit de ne plus vous accepter pour le coaching ou l\u2019atelier.","og_url":"https:\/\/empow-her.com\/produit\/coaching-juridique-administratif-17\/","og_site_name":"Empow&#039;Her","article_modified_time":"2023-02-06T14:56:35+00:00","og_image":[{"width":1080,"height":1080,"url":"https:\/\/empow-her.com\/wp-content\/uploads\/2023\/02\/Women-Dare-templates-events-72.png","type":"image\/png"}],"twitter_card":"summary_large_image","schema":{"@context":"https:\/\/schema.org","@graph":[{"@type":"WebPage","@id":"https:\/\/empow-her.com\/produit\/coaching-juridique-administratif-17\/","url":"https:\/\/empow-her.com\/produit\/coaching-juridique-administratif-17\/","name":"Coaching - Juridique & Administratif - Empow&#039;Her","isPartOf":{"@id":"https:\/\/empow-her.com\/#website"},"primaryImageOfPage":{"@id":"https:\/\/empow-her.com\/produit\/coaching-juridique-administratif-17\/#primaryimage"},"image":{"@id":"https:\/\/empow-her.com\/produit\/coaching-juridique-administratif-17\/#primaryimage"},"thumbnailUrl":"https:\/\/empow-her.com\/wp-content\/uploads\/2023\/02\/Women-Dare-templates-events-72.png","datePublished":"2023-02-06T14:09:21+00:00","dateModified":"2023-02-06T14:56:35+00:00","breadcrumb":{"@id":"https:\/\/empow-her.com\/produit\/coaching-juridique-administratif-17\/#breadcrumb"},"inLanguage":"es","potentialAction":[{"@type":"ReadAction","target":["https:\/\/empow-her.com\/produit\/coaching-juridique-administratif-17\/"]}]},{"@type":"ImageObject","inLanguage":"es","@id":"https:\/\/empow-her.com\/produit\/coaching-juridique-administratif-17\/#primaryimage","url":"https:\/\/empow-her.com\/wp-content\/uploads\/2023\/02\/Women-Dare-templates-events-72.png","contentUrl":"https:\/\/empow-her.com\/wp-content\/uploads\/2023\/02\/Women-Dare-templates-events-72.png","width":1080,"height":1080},{"@type":"BreadcrumbList","@id":"https:\/\/empow-her.com\/produit\/coaching-juridique-administratif-17\/#breadcrumb","itemListElement":[{"@type":"ListItem","position":1,"name":"Accueil","item":"https:\/\/empow-her.com\/es\/inicio\/"},{"@type":"ListItem","position":2,"name":"LA BOUTIQUE","item":"https:\/\/empow-her.com\/boutique\/"},{"@type":"ListItem","position":3,"name":"Coaching &#8211; Juridique &#038; Administratif"}]},{"@type":"WebSite","@id":"https:\/\/empow-her.com\/#website","url":"https:\/\/empow-her.com\/","name":"Empow&#039;Her","description":"Women Development","potentialAction":[{"@type":"SearchAction","target":{"@type":"EntryPoint","urlTemplate":"https:\/\/empow-her.com\/?s={search_term_string}"},"query-input":{"@type":"PropertyValueSpecification","valueRequired":true,"valueName":"search_term_string"}}],"inLanguage":"es"}]}},"_links":{"self":[{"href":"https:\/\/empow-her.com\/es\/wp-json\/wp\/v2\/product\/138441","targetHints":{"allow":["GET"]}}],"collection":[{"href":"https:\/\/empow-her.com\/es\/wp-json\/wp\/v2\/product"}],"about":[{"href":"https:\/\/empow-her.com\/es\/wp-json\/wp\/v2\/types\/product"}],"wp:featuredmedia":[{"embeddable":true,"href":"https:\/\/empow-her.com\/es\/wp-json\/wp\/v2\/media\/138442"}],"wp:attachment":[{"href":"https:\/\/empow-her.com\/es\/wp-json\/wp\/v2\/media?parent=138441"}],"wp:term":[{"taxonomy":"product_brand","embeddable":true,"href":"https:\/\/empow-her.com\/es\/wp-json\/wp\/v2\/product_brand?post=138441"},{"taxonomy":"product_cat","embeddable":true,"href":"https:\/\/empow-her.com\/es\/wp-json\/wp\/v2\/product_cat?post=138441"},{"taxonomy":"product_tag","embeddable":true,"href":"https:\/\/empow-her.com\/es\/wp-json\/wp\/v2\/product_tag?post=138441"},{"taxonomy":"lieu","embeddable":true,"href":"https:\/\/empow-her.com\/es\/wp-json\/wp\/v2\/lieu?post=138441"},{"taxonomy":"thematiques","embeddable":true,"href":"https:\/\/empow-her.com\/es\/wp-json\/wp\/v2\/thematiques?post=138441"}],"curies":[{"name":"wp","href":"https:\/\/api.w.org\/{rel}","templated":true}]}}