{"id":13835,"date":"2021-05-07T11:37:46","date_gmt":"2021-05-07T09:37:46","guid":{"rendered":"https:\/\/empow-her.com\/?post_type=product&#038;p=13835"},"modified":"2021-06-17T10:14:37","modified_gmt":"2021-06-17T08:14:37","slug":"atelier-faire-son-previsionnel-financier-de-lestimation-du-chiffre-daffaires-a-la-rentabilite","status":"publish","type":"product","link":"https:\/\/empow-her.com\/es\/produit\/atelier-faire-son-previsionnel-financier-de-lestimation-du-chiffre-daffaires-a-la-rentabilite\/","title":{"rendered":"Atelier &#8211; Faire son pr\u00e9visionnel financier : de l\u2019estimation du chiffre d\u2019affaires \u00e0 la rentabilit\u00e9"},"content":{"rendered":"","protected":false},"excerpt":{"rendered":"<div>\n<p>Vous souhaitez savoir comment r\u00e9aliser votre pr\u00e9visionnel financier ? Comment estimer votre chiffre d\u2019affaires ou d\u00e9finir le prix de vente le plus pertinent ? Estimer vos charges ou encore votre seuil de rentabilit\u00e9 ? Tous ces aspects sont indispensables \u00e0 avoir en t\u00eate afin de monter un projet p\u00e9renne et nos expertes Anne Laure et Orianne sont l\u00e0 pour vous aider ! Dans cet atelier, elles vous donneront toutes les cl\u00e9s pour que vous puissiez r\u00e9pondre \u00e0 ces questions, au travers de petits exercices pratiques et de th\u00e9orie ; de quoi devenir une vraie pro de la finance !<\/p>\n<p>&nbsp;<\/p>\n<\/div>\n<p><b>Par : <a href=\"https:\/\/www.o2c-conseil.fr\/\">O2C<\/a> et <a href=\"https:\/\/www.bloomroad.fr\/\">Bloomroad<\/a><\/b><\/p>\n<p>&nbsp;<\/p>\n<p><span data-sheets-value=\"{&quot;1&quot;:2,&quot;2&quot;:&quot;Alexandre Sourzac-Lami est co-fondateur de Comit, une structure sp\u00e9cialis\u00e9e qui con\u00e7oit et adapte des outils et m\u00e9thodes pour donner aux entrepreneur.e.s la capacit\u00e9 de d\u00e9velopper des mod\u00e8les \u00e9conomiques p\u00e9rennes.&quot;}\" data-sheets-userformat=\"{&quot;2&quot;:1055743,&quot;3&quot;:{&quot;1&quot;:0},&quot;4&quot;:{&quot;1&quot;:2,&quot;2&quot;:16777215},&quot;5&quot;:{&quot;1&quot;:[{&quot;1&quot;:2,&quot;2&quot;:0,&quot;5&quot;:{&quot;1&quot;:2,&quot;2&quot;:0}},{&quot;1&quot;:0,&quot;2&quot;:0,&quot;3&quot;:3},{&quot;1&quot;:1,&quot;2&quot;:0,&quot;4&quot;:1}]},&quot;6&quot;:{&quot;1&quot;:[{&quot;1&quot;:2,&quot;2&quot;:0,&quot;5&quot;:{&quot;1&quot;:2,&quot;2&quot;:0}},{&quot;1&quot;:0,&quot;2&quot;:0,&quot;3&quot;:3},{&quot;1&quot;:1,&quot;2&quot;:0,&quot;4&quot;:1}]},&quot;7&quot;:{&quot;1&quot;:[{&quot;1&quot;:2,&quot;2&quot;:0,&quot;5&quot;:{&quot;1&quot;:2,&quot;2&quot;:0}},{&quot;1&quot;:0,&quot;2&quot;:0,&quot;3&quot;:3},{&quot;1&quot;:1,&quot;2&quot;:0,&quot;4&quot;:1}]},&quot;8&quot;:{&quot;1&quot;:[{&quot;1&quot;:2,&quot;2&quot;:0,&quot;5&quot;:{&quot;1&quot;:2,&quot;2&quot;:0}},{&quot;1&quot;:0,&quot;2&quot;:0,&quot;3&quot;:3},{&quot;1&quot;:1,&quot;2&quot;:0,&quot;4&quot;:1}]},&quot;9&quot;:0,&quot;10&quot;:1,&quot;11&quot;:4,&quot;12&quot;:0,&quot;14&quot;:{&quot;1&quot;:2,&quot;2&quot;:0},&quot;15&quot;:&quot;Calibri&quot;,&quot;23&quot;:1}\" data-sheets-textstyleruns=\"{&quot;1&quot;:0}\uee10{&quot;1&quot;:43,&quot;2&quot;:{&quot;2&quot;:{&quot;1&quot;:2,&quot;2&quot;:1136076},&quot;9&quot;:1}}\uee10{&quot;1&quot;:48}\" data-sheets-hyperlinkruns=\"{&quot;1&quot;:43,&quot;2&quot;:&quot;https:\/\/www.comit.berlin\/&quot;}\uee10{&quot;1&quot;:48}\"><strong>Intervenant.e.s :\u00a0<\/strong><\/span><span data-sheets-value=\"{&quot;1&quot;:2,&quot;2&quot;:&quot;Alexandre Sourzac-Lami est co-fondateur de Comit, une structure sp\u00e9cialis\u00e9e qui con\u00e7oit et adapte des outils et m\u00e9thodes pour donner aux entrepreneur.e.s la capacit\u00e9 de d\u00e9velopper des mod\u00e8les \u00e9conomiques p\u00e9rennes.&quot;}\" data-sheets-userformat=\"{&quot;2&quot;:1055743,&quot;3&quot;:{&quot;1&quot;:0},&quot;4&quot;:{&quot;1&quot;:2,&quot;2&quot;:16777215},&quot;5&quot;:{&quot;1&quot;:[{&quot;1&quot;:2,&quot;2&quot;:0,&quot;5&quot;:{&quot;1&quot;:2,&quot;2&quot;:0}},{&quot;1&quot;:0,&quot;2&quot;:0,&quot;3&quot;:3},{&quot;1&quot;:1,&quot;2&quot;:0,&quot;4&quot;:1}]},&quot;6&quot;:{&quot;1&quot;:[{&quot;1&quot;:2,&quot;2&quot;:0,&quot;5&quot;:{&quot;1&quot;:2,&quot;2&quot;:0}},{&quot;1&quot;:0,&quot;2&quot;:0,&quot;3&quot;:3},{&quot;1&quot;:1,&quot;2&quot;:0,&quot;4&quot;:1}]},&quot;7&quot;:{&quot;1&quot;:[{&quot;1&quot;:2,&quot;2&quot;:0,&quot;5&quot;:{&quot;1&quot;:2,&quot;2&quot;:0}},{&quot;1&quot;:0,&quot;2&quot;:0,&quot;3&quot;:3},{&quot;1&quot;:1,&quot;2&quot;:0,&quot;4&quot;:1}]},&quot;8&quot;:{&quot;1&quot;:[{&quot;1&quot;:2,&quot;2&quot;:0,&quot;5&quot;:{&quot;1&quot;:2,&quot;2&quot;:0}},{&quot;1&quot;:0,&quot;2&quot;:0,&quot;3&quot;:3},{&quot;1&quot;:1,&quot;2&quot;:0,&quot;4&quot;:1}]},&quot;9&quot;:0,&quot;10&quot;:1,&quot;11&quot;:4,&quot;12&quot;:0,&quot;14&quot;:{&quot;1&quot;:2,&quot;2&quot;:0},&quot;15&quot;:&quot;Calibri&quot;,&quot;23&quot;:1}\" data-sheets-textstyleruns=\"{&quot;1&quot;:0}\uee10{&quot;1&quot;:43,&quot;2&quot;:{&quot;2&quot;:{&quot;1&quot;:2,&quot;2&quot;:1136076},&quot;9&quot;:1}}\uee10{&quot;1&quot;:48}\" data-sheets-hyperlinkruns=\"{&quot;1&quot;:43,&quot;2&quot;:&quot;https:\/\/www.comit.berlin\/&quot;}\uee10{&quot;1&quot;:48}\">Orianne Champon &amp; Anne-Laure Juliot<\/span><\/p>\n<p><span data-sheets-value=\"{&quot;1&quot;:2,&quot;2&quot;:&quot;Alexandre Sourzac-Lami est co-fondateur de Comit, une structure sp\u00e9cialis\u00e9e qui con\u00e7oit et adapte des outils et m\u00e9thodes pour donner aux entrepreneur.e.s la capacit\u00e9 de d\u00e9velopper des mod\u00e8les \u00e9conomiques p\u00e9rennes.&quot;}\" data-sheets-userformat=\"{&quot;2&quot;:1055743,&quot;3&quot;:{&quot;1&quot;:0},&quot;4&quot;:{&quot;1&quot;:2,&quot;2&quot;:16777215},&quot;5&quot;:{&quot;1&quot;:[{&quot;1&quot;:2,&quot;2&quot;:0,&quot;5&quot;:{&quot;1&quot;:2,&quot;2&quot;:0}},{&quot;1&quot;:0,&quot;2&quot;:0,&quot;3&quot;:3},{&quot;1&quot;:1,&quot;2&quot;:0,&quot;4&quot;:1}]},&quot;6&quot;:{&quot;1&quot;:[{&quot;1&quot;:2,&quot;2&quot;:0,&quot;5&quot;:{&quot;1&quot;:2,&quot;2&quot;:0}},{&quot;1&quot;:0,&quot;2&quot;:0,&quot;3&quot;:3},{&quot;1&quot;:1,&quot;2&quot;:0,&quot;4&quot;:1}]},&quot;7&quot;:{&quot;1&quot;:[{&quot;1&quot;:2,&quot;2&quot;:0,&quot;5&quot;:{&quot;1&quot;:2,&quot;2&quot;:0}},{&quot;1&quot;:0,&quot;2&quot;:0,&quot;3&quot;:3},{&quot;1&quot;:1,&quot;2&quot;:0,&quot;4&quot;:1}]},&quot;8&quot;:{&quot;1&quot;:[{&quot;1&quot;:2,&quot;2&quot;:0,&quot;5&quot;:{&quot;1&quot;:2,&quot;2&quot;:0}},{&quot;1&quot;:0,&quot;2&quot;:0,&quot;3&quot;:3},{&quot;1&quot;:1,&quot;2&quot;:0,&quot;4&quot;:1}]},&quot;9&quot;:0,&quot;10&quot;:1,&quot;11&quot;:4,&quot;12&quot;:0,&quot;14&quot;:{&quot;1&quot;:2,&quot;2&quot;:0},&quot;15&quot;:&quot;Calibri&quot;,&quot;23&quot;:1}\" data-sheets-textstyleruns=\"{&quot;1&quot;:0}\uee10{&quot;1&quot;:43,&quot;2&quot;:{&quot;2&quot;:{&quot;1&quot;:2,&quot;2&quot;:1136076},&quot;9&quot;:1}}\uee10{&quot;1&quot;:48}\" data-sheets-hyperlinkruns=\"{&quot;1&quot;:43,&quot;2&quot;:&quot;https:\/\/www.comit.berlin\/&quot;}\uee10{&quot;1&quot;:48}\">Apr\u00e8s 15 ans d\u2019exp\u00e9rience professionnelle dans diff\u00e9rents secteurs d\u2019activit\u00e9s et diff\u00e9rents m\u00e9tiers du Chiffre et du Conseil, elle fonde <a href=\"https:\/\/www.o2c-conseil.fr\/\">O2C Expertise &amp; Conseil<\/a>,<\/span>\u00a0cabinet d\u2019expertise comptable sp\u00e9cialis\u00e9 dans la RSE et la performance durable de l\u2019entreprise.<\/p>\n<p><span data-sheets-value=\"{&quot;1&quot;:2,&quot;2&quot;:&quot;Alexandre Sourzac-Lami est co-fondateur de Comit, une structure sp\u00e9cialis\u00e9e qui con\u00e7oit et adapte des outils et m\u00e9thodes pour donner aux entrepreneur.e.s la capacit\u00e9 de d\u00e9velopper des mod\u00e8les \u00e9conomiques p\u00e9rennes.&quot;}\" data-sheets-userformat=\"{&quot;2&quot;:1055743,&quot;3&quot;:{&quot;1&quot;:0},&quot;4&quot;:{&quot;1&quot;:2,&quot;2&quot;:16777215},&quot;5&quot;:{&quot;1&quot;:[{&quot;1&quot;:2,&quot;2&quot;:0,&quot;5&quot;:{&quot;1&quot;:2,&quot;2&quot;:0}},{&quot;1&quot;:0,&quot;2&quot;:0,&quot;3&quot;:3},{&quot;1&quot;:1,&quot;2&quot;:0,&quot;4&quot;:1}]},&quot;6&quot;:{&quot;1&quot;:[{&quot;1&quot;:2,&quot;2&quot;:0,&quot;5&quot;:{&quot;1&quot;:2,&quot;2&quot;:0}},{&quot;1&quot;:0,&quot;2&quot;:0,&quot;3&quot;:3},{&quot;1&quot;:1,&quot;2&quot;:0,&quot;4&quot;:1}]},&quot;7&quot;:{&quot;1&quot;:[{&quot;1&quot;:2,&quot;2&quot;:0,&quot;5&quot;:{&quot;1&quot;:2,&quot;2&quot;:0}},{&quot;1&quot;:0,&quot;2&quot;:0,&quot;3&quot;:3},{&quot;1&quot;:1,&quot;2&quot;:0,&quot;4&quot;:1}]},&quot;8&quot;:{&quot;1&quot;:[{&quot;1&quot;:2,&quot;2&quot;:0,&quot;5&quot;:{&quot;1&quot;:2,&quot;2&quot;:0}},{&quot;1&quot;:0,&quot;2&quot;:0,&quot;3&quot;:3},{&quot;1&quot;:1,&quot;2&quot;:0,&quot;4&quot;:1}]},&quot;9&quot;:0,&quot;10&quot;:1,&quot;11&quot;:4,&quot;12&quot;:0,&quot;14&quot;:{&quot;1&quot;:2,&quot;2&quot;:0},&quot;15&quot;:&quot;Calibri&quot;,&quot;23&quot;:1}\" data-sheets-textstyleruns=\"{&quot;1&quot;:0}\uee10{&quot;1&quot;:43,&quot;2&quot;:{&quot;2&quot;:{&quot;1&quot;:2,&quot;2&quot;:1136076},&quot;9&quot;:1}}\uee10{&quot;1&quot;:48}\" data-sheets-hyperlinkruns=\"{&quot;1&quot;:43,&quot;2&quot;:&quot;https:\/\/www.comit.berlin\/&quot;}\uee10{&quot;1&quot;:48}\">Anne-Laure quant \u00e0 elle a co-fond\u00e9 <a class=\"in-cell-link\" href=\"https:\/\/www.bloomroad.fr\/\" target=\"_blank\" rel=\"noopener noreferrer\">Bloomroad<\/a>, une structure d\u00e9di\u00e9e \u00e0 l\u2019accompagnement financier des petites et moyennes entreprises.\u00a0<\/span>Son objectif ? Vous aider \u00e0 trouver les leviers et les m\u00e9thodes qui vous permettront de cr\u00e9er une entreprise p\u00e9renne et rentable.<\/p>\n<p>&nbsp;<\/p>\n<p>Ce projet est co-financ\u00e9 par le Fonds Social Europ\u00e9en.<\/p>\n<p><img decoding=\"async\" class=\"\" src=\"https:\/\/www.sep-asso.fr\/wp-content\/uploads\/2018\/02\/logo-union-europeenne.png\" alt=\"logo union europeenne \u2013 SEP\" width=\"87\" height=\"72\" \/>\u00a0 <img decoding=\"async\" class=\"\" src=\"https:\/\/lh3.googleusercontent.com\/proxy\/xuhgn8hMI-YMmPQrdkspfBRVih47Atvzu2VCDUEW4HwTNW0-uKX0ajv09_XNKoV0QQ7ut_4hs-w3TqoV7gKnDZEeZ1JCAj3smoADPOBEyQ_UwMAnSaRf5rxO3g6avS1RTPTDDFxMaU_a7E0fj43rlmA\" alt=\"logoth\u00e8que fonds europ\u00e9ens structurels et d&amp;#39;investissement | FSE\" width=\"114\" height=\"71\" \/>\u00a0<img decoding=\"async\" class=\"\" src=\"https:\/\/franceactive-idf.org\/wp-content\/uploads\/2020\/02\/logo-region-ile-de-france.png\" alt=\"Logo Region Ile De France - France Active \u00cele-de-France\" width=\"126\" height=\"29\" \/><\/p>\n","protected":false},"featured_media":0,"template":"","format":"standard","meta":{"_acf_changed":false,"om_disable_all_campaigns":false,"_uf_show_specific_survey":0,"_uf_disable_surveys":false},"product_brand":[],"product_cat":[118],"product_tag":[],"lieu":[127],"thematiques":[],"class_list":{"0":"post-13835","1":"product","2":"type-product","3":"status-publish","4":"format-standard","6":"product_cat-atelier-collectif","7":"lieu-hub-empowher","9":"first","10":"instock","11":"virtual","12":"purchasable","13":"product-type-appointment"},"exclude_global_add_ons":[],"addons":[],"acf":[],"yoast_head":"<!-- This site is optimized with the Yoast SEO plugin v24.8 - https:\/\/yoast.com\/wordpress\/plugins\/seo\/ -->\n<title>Atelier - Faire son pr\u00e9visionnel financier : de l\u2019estimation du chiffre d\u2019affaires \u00e0 la rentabilit\u00e9 - Empow&#039;Her<\/title>\n<meta name=\"robots\" content=\"index, follow, max-snippet:-1, max-image-preview:large, max-video-preview:-1\" \/>\n<link rel=\"canonical\" href=\"https:\/\/empow-her.com\/es\/produit\/atelier-faire-son-previsionnel-financier-de-lestimation-du-chiffre-daffaires-a-la-rentabilite\/\" \/>\n<meta property=\"og:locale\" content=\"es_ES\" \/>\n<meta property=\"og:type\" content=\"article\" \/>\n<meta property=\"og:title\" content=\"Atelier - Faire son pr\u00e9visionnel financier : de l\u2019estimation du chiffre d\u2019affaires \u00e0 la rentabilit\u00e9 - Empow&#039;Her\" \/>\n<meta property=\"og:description\" content=\"Vous souhaitez savoir comment r\u00e9aliser votre pr\u00e9visionnel financier ? Comment estimer votre chiffre d\u2019affaires ou d\u00e9finir le prix de vente le plus pertinent ? Estimer vos charges ou encore votre seuil de rentabilit\u00e9 ? Tous ces aspects sont indispensables \u00e0 avoir en t\u00eate afin de monter un projet p\u00e9renne et nos expertes Anne Laure et Orianne sont l\u00e0 pour vous aider ! Dans cet atelier, elles vous donneront toutes les cl\u00e9s pour que vous puissiez r\u00e9pondre \u00e0 ces questions, au travers de petits exercices pratiques et de th\u00e9orie ; de quoi devenir une vraie pro de la finance !  &nbsp;   Par : O2C et Bloomroad  &nbsp;  Intervenant.e.s :\u00a0Orianne Champon &amp; Anne-Laure Juliot  Apr\u00e8s 15 ans d\u2019exp\u00e9rience professionnelle dans diff\u00e9rents secteurs d\u2019activit\u00e9s et diff\u00e9rents m\u00e9tiers du Chiffre et du Conseil, elle fonde O2C Expertise &amp; Conseil,\u00a0cabinet d\u2019expertise comptable sp\u00e9cialis\u00e9 dans la RSE et la performance durable de l\u2019entreprise.  Anne-Laure quant \u00e0 elle a co-fond\u00e9 Bloomroad, une structure d\u00e9di\u00e9e \u00e0 l\u2019accompagnement financier des petites et moyennes entreprises.\u00a0Son objectif ? Vous aider \u00e0 trouver les leviers et les m\u00e9thodes qui vous permettront de cr\u00e9er une entreprise p\u00e9renne et rentable.  &nbsp;  Ce projet est co-financ\u00e9 par le Fonds Social Europ\u00e9en.  \u00a0 \u00a0\" \/>\n<meta property=\"og:url\" content=\"https:\/\/empow-her.com\/es\/produit\/atelier-faire-son-previsionnel-financier-de-lestimation-du-chiffre-daffaires-a-la-rentabilite\/\" \/>\n<meta property=\"og:site_name\" content=\"Empow&#039;Her\" \/>\n<meta property=\"article:modified_time\" content=\"2021-06-17T08:14:37+00:00\" \/>\n<meta name=\"twitter:card\" content=\"summary_large_image\" \/>\n<script type=\"application\/ld+json\" class=\"yoast-schema-graph\">{\"@context\":\"https:\/\/schema.org\",\"@graph\":[{\"@type\":\"WebPage\",\"@id\":\"https:\/\/empow-her.com\/es\/produit\/atelier-faire-son-previsionnel-financier-de-lestimation-du-chiffre-daffaires-a-la-rentabilite\/\",\"url\":\"https:\/\/empow-her.com\/es\/produit\/atelier-faire-son-previsionnel-financier-de-lestimation-du-chiffre-daffaires-a-la-rentabilite\/\",\"name\":\"Atelier - Faire son pr\u00e9visionnel financier : de l\u2019estimation du chiffre d\u2019affaires \u00e0 la rentabilit\u00e9 - Empow&#039;Her\",\"isPartOf\":{\"@id\":\"https:\/\/empow-her.com\/#website\"},\"datePublished\":\"2021-05-07T09:37:46+00:00\",\"dateModified\":\"2021-06-17T08:14:37+00:00\",\"breadcrumb\":{\"@id\":\"https:\/\/empow-her.com\/es\/produit\/atelier-faire-son-previsionnel-financier-de-lestimation-du-chiffre-daffaires-a-la-rentabilite\/#breadcrumb\"},\"inLanguage\":\"es\",\"potentialAction\":[{\"@type\":\"ReadAction\",\"target\":[\"https:\/\/empow-her.com\/es\/produit\/atelier-faire-son-previsionnel-financier-de-lestimation-du-chiffre-daffaires-a-la-rentabilite\/\"]}]},{\"@type\":\"BreadcrumbList\",\"@id\":\"https:\/\/empow-her.com\/es\/produit\/atelier-faire-son-previsionnel-financier-de-lestimation-du-chiffre-daffaires-a-la-rentabilite\/#breadcrumb\",\"itemListElement\":[{\"@type\":\"ListItem\",\"position\":1,\"name\":\"Accueil\",\"item\":\"https:\/\/empow-her.com\/es\/inicio\/\"},{\"@type\":\"ListItem\",\"position\":2,\"name\":\"LA BOUTIQUE\",\"item\":\"https:\/\/empow-her.com\/boutique\/\"},{\"@type\":\"ListItem\",\"position\":3,\"name\":\"Atelier &#8211; Faire son pr\u00e9visionnel financier : de l\u2019estimation du chiffre d\u2019affaires \u00e0 la rentabilit\u00e9\"}]},{\"@type\":\"WebSite\",\"@id\":\"https:\/\/empow-her.com\/#website\",\"url\":\"https:\/\/empow-her.com\/\",\"name\":\"Empow&#039;Her\",\"description\":\"Women Development\",\"potentialAction\":[{\"@type\":\"SearchAction\",\"target\":{\"@type\":\"EntryPoint\",\"urlTemplate\":\"https:\/\/empow-her.com\/?s={search_term_string}\"},\"query-input\":{\"@type\":\"PropertyValueSpecification\",\"valueRequired\":true,\"valueName\":\"search_term_string\"}}],\"inLanguage\":\"es\"}]}<\/script>\n<!-- \/ Yoast SEO plugin. -->","yoast_head_json":{"title":"Atelier - Faire son pr\u00e9visionnel financier : de l\u2019estimation du chiffre d\u2019affaires \u00e0 la rentabilit\u00e9 - Empow&#039;Her","robots":{"index":"index","follow":"follow","max-snippet":"max-snippet:-1","max-image-preview":"max-image-preview:large","max-video-preview":"max-video-preview:-1"},"canonical":"https:\/\/empow-her.com\/es\/produit\/atelier-faire-son-previsionnel-financier-de-lestimation-du-chiffre-daffaires-a-la-rentabilite\/","og_locale":"es_ES","og_type":"article","og_title":"Atelier - Faire son pr\u00e9visionnel financier : de l\u2019estimation du chiffre d\u2019affaires \u00e0 la rentabilit\u00e9 - Empow&#039;Her","og_description":"Vous souhaitez savoir comment r\u00e9aliser votre pr\u00e9visionnel financier ? Comment estimer votre chiffre d\u2019affaires ou d\u00e9finir le prix de vente le plus pertinent ? Estimer vos charges ou encore votre seuil de rentabilit\u00e9 ? Tous ces aspects sont indispensables \u00e0 avoir en t\u00eate afin de monter un projet p\u00e9renne et nos expertes Anne Laure et Orianne sont l\u00e0 pour vous aider ! Dans cet atelier, elles vous donneront toutes les cl\u00e9s pour que vous puissiez r\u00e9pondre \u00e0 ces questions, au travers de petits exercices pratiques et de th\u00e9orie ; de quoi devenir une vraie pro de la finance !  &nbsp;   Par : O2C et Bloomroad  &nbsp;  Intervenant.e.s :\u00a0Orianne Champon &amp; Anne-Laure Juliot  Apr\u00e8s 15 ans d\u2019exp\u00e9rience professionnelle dans diff\u00e9rents secteurs d\u2019activit\u00e9s et diff\u00e9rents m\u00e9tiers du Chiffre et du Conseil, elle fonde O2C Expertise &amp; Conseil,\u00a0cabinet d\u2019expertise comptable sp\u00e9cialis\u00e9 dans la RSE et la performance durable de l\u2019entreprise.  Anne-Laure quant \u00e0 elle a co-fond\u00e9 Bloomroad, une structure d\u00e9di\u00e9e \u00e0 l\u2019accompagnement financier des petites et moyennes entreprises.\u00a0Son objectif ? Vous aider \u00e0 trouver les leviers et les m\u00e9thodes qui vous permettront de cr\u00e9er une entreprise p\u00e9renne et rentable.  &nbsp;  Ce projet est co-financ\u00e9 par le Fonds Social Europ\u00e9en.  \u00a0 \u00a0","og_url":"https:\/\/empow-her.com\/es\/produit\/atelier-faire-son-previsionnel-financier-de-lestimation-du-chiffre-daffaires-a-la-rentabilite\/","og_site_name":"Empow&#039;Her","article_modified_time":"2021-06-17T08:14:37+00:00","twitter_card":"summary_large_image","schema":{"@context":"https:\/\/schema.org","@graph":[{"@type":"WebPage","@id":"https:\/\/empow-her.com\/es\/produit\/atelier-faire-son-previsionnel-financier-de-lestimation-du-chiffre-daffaires-a-la-rentabilite\/","url":"https:\/\/empow-her.com\/es\/produit\/atelier-faire-son-previsionnel-financier-de-lestimation-du-chiffre-daffaires-a-la-rentabilite\/","name":"Atelier - Faire son pr\u00e9visionnel financier : de l\u2019estimation du chiffre d\u2019affaires \u00e0 la rentabilit\u00e9 - Empow&#039;Her","isPartOf":{"@id":"https:\/\/empow-her.com\/#website"},"datePublished":"2021-05-07T09:37:46+00:00","dateModified":"2021-06-17T08:14:37+00:00","breadcrumb":{"@id":"https:\/\/empow-her.com\/es\/produit\/atelier-faire-son-previsionnel-financier-de-lestimation-du-chiffre-daffaires-a-la-rentabilite\/#breadcrumb"},"inLanguage":"es","potentialAction":[{"@type":"ReadAction","target":["https:\/\/empow-her.com\/es\/produit\/atelier-faire-son-previsionnel-financier-de-lestimation-du-chiffre-daffaires-a-la-rentabilite\/"]}]},{"@type":"BreadcrumbList","@id":"https:\/\/empow-her.com\/es\/produit\/atelier-faire-son-previsionnel-financier-de-lestimation-du-chiffre-daffaires-a-la-rentabilite\/#breadcrumb","itemListElement":[{"@type":"ListItem","position":1,"name":"Accueil","item":"https:\/\/empow-her.com\/es\/inicio\/"},{"@type":"ListItem","position":2,"name":"LA BOUTIQUE","item":"https:\/\/empow-her.com\/boutique\/"},{"@type":"ListItem","position":3,"name":"Atelier &#8211; Faire son pr\u00e9visionnel financier : de l\u2019estimation du chiffre d\u2019affaires \u00e0 la rentabilit\u00e9"}]},{"@type":"WebSite","@id":"https:\/\/empow-her.com\/#website","url":"https:\/\/empow-her.com\/","name":"Empow&#039;Her","description":"Women Development","potentialAction":[{"@type":"SearchAction","target":{"@type":"EntryPoint","urlTemplate":"https:\/\/empow-her.com\/?s={search_term_string}"},"query-input":{"@type":"PropertyValueSpecification","valueRequired":true,"valueName":"search_term_string"}}],"inLanguage":"es"}]}},"_links":{"self":[{"href":"https:\/\/empow-her.com\/es\/wp-json\/wp\/v2\/product\/13835","targetHints":{"allow":["GET"]}}],"collection":[{"href":"https:\/\/empow-her.com\/es\/wp-json\/wp\/v2\/product"}],"about":[{"href":"https:\/\/empow-her.com\/es\/wp-json\/wp\/v2\/types\/product"}],"wp:attachment":[{"href":"https:\/\/empow-her.com\/es\/wp-json\/wp\/v2\/media?parent=13835"}],"wp:term":[{"taxonomy":"product_brand","embeddable":true,"href":"https:\/\/empow-her.com\/es\/wp-json\/wp\/v2\/product_brand?post=13835"},{"taxonomy":"product_cat","embeddable":true,"href":"https:\/\/empow-her.com\/es\/wp-json\/wp\/v2\/product_cat?post=13835"},{"taxonomy":"product_tag","embeddable":true,"href":"https:\/\/empow-her.com\/es\/wp-json\/wp\/v2\/product_tag?post=13835"},{"taxonomy":"lieu","embeddable":true,"href":"https:\/\/empow-her.com\/es\/wp-json\/wp\/v2\/lieu?post=13835"},{"taxonomy":"thematiques","embeddable":true,"href":"https:\/\/empow-her.com\/es\/wp-json\/wp\/v2\/thematiques?post=13835"}],"curies":[{"name":"wp","href":"https:\/\/api.w.org\/{rel}","templated":true}]}}