{"id":13674,"date":"2021-05-03T18:03:39","date_gmt":"2021-05-03T16:03:39","guid":{"rendered":"https:\/\/empow-her.com\/?post_type=product&#038;p=13674"},"modified":"2021-05-05T19:00:31","modified_gmt":"2021-05-05T17:00:31","slug":"shetalks-elles-reinventent-les-medias","status":"publish","type":"product","link":"https:\/\/empow-her.com\/es\/produit\/shetalks-elles-reinventent-les-medias\/","title":{"rendered":"SheTalks : Elles r\u00e9inventent les m\u00e9dias"},"content":{"rendered":"<p><span style=\"font-weight: 400;\">A l\u2019heure o\u00f9 Instagram et Tik Tok ont boulevers\u00e9 notre mani\u00e8re de consommer de l\u2019information, o\u00f9 la fake news est devenue la norme et o\u00f9 le papier est en crise ; quelle place pour celles qui souhaitent penser de nouveaux m\u00e9dias ?<br \/>\n<\/span><span style=\"font-weight: 400;\">Et puisqu\u2019en septembre 2020, 84% des personnes apparaissant \u00e0 la une des titres de presse sont des hommes, force est de constater qu\u2019il nous reste du chemin \u00e0 parcourir.<\/span><\/p>\n<p><span style=\"font-weight: 400;\">Dans un secteur que l\u2019on dit en crise depuis plus de 30 ans, il semble pourtant que beaucoup de choses bougent et continuent d\u2019\u00e9voluer avec l\u2019apparition de nouveaux ovnis m\u00e9diatiques, notamment port\u00e9s par des femmes.<br \/>\n<\/span><span style=\"font-weight: 400;\">Pour ce prochain SheTalks, nous avons voulu r\u00e9unir l\u2019avis de 3 entrepreneures de ce secteur. Comment se sont-elles lanc\u00e9es ? Comment \u00e9volue le paysage m\u00e9diatique et y trouvent-elles leur place ? Mais \u00e9galement pourquoi c\u2019est important que les femmes repensent, elles aussi, ces espaces de parole et de libert\u00e9 pour se r\u00e9approprier leur narratif et transformer nos r\u00e9cits et imaginaires collectifs.<\/span><\/p>\n<p>Nous vous r\u00e9v\u00e8lerons le noms de nos intervenantes d&#8217;ici peu, stay tuned !<\/p>\n<p>&nbsp;<\/p>\n<p><span style=\"font-weight: 400;\">Source : Place des femmes dans les m\u00e9dias en temps de crise, septembre 2020, Minist\u00e8re de la Culture<\/span><\/p>\n","protected":false},"excerpt":{"rendered":"<p><span style=\"font-weight: 400;\">A l\u2019heure o\u00f9 Instagram et Tik Tok ont boulevers\u00e9 notre mani\u00e8re de consommer de l\u2019information, o\u00f9 la fake news est devenue la norme et o\u00f9 le papier est en crise ; quelle place pour celles qui souhaitent penser de nouveaux m\u00e9dias ?<br \/>\n<\/span><span style=\"font-weight: 400;\">Et puisqu\u2019en septembre 2020, 84% des personnes apparaissant \u00e0 la une des titres de presse sont des hommes, force est de constater qu\u2019il nous reste du chemin \u00e0 parcourir.<\/span><\/p>\n<p><span style=\"font-weight: 400;\">Dans un secteur que l\u2019on dit en crise depuis plus de 30 ans, il semble pourtant que beaucoup de choses bougent et continuent d\u2019\u00e9voluer avec l\u2019apparition de nouveaux ovnis m\u00e9diatiques, notamment port\u00e9s par des femmes.<br \/>\n<\/span><span style=\"font-weight: 400;\">Pour ce prochain SheTalks, nous avons voulu r\u00e9unir l\u2019avis de 3 entrepreneures de ce secteur. Comment se sont-elles lanc\u00e9es ? Comment \u00e9volue le paysage m\u00e9diatique et y trouvent-elles leur place ? Mais \u00e9galement pourquoi c\u2019est important que les femmes repensent, elles aussi, ces espaces de parole et de libert\u00e9 pour se r\u00e9approprier leur narratif et transformer nos r\u00e9cits et imaginaires collectifs.<\/span><\/p>\n<p>Nous vous r\u00e9v\u00e8lerons le noms de nos intervenantes d&#8217;ici peu, stay tuned !<\/p>\n<p>&nbsp;<\/p>\n<p><span style=\"font-weight: 400;\">Source : Place des femmes dans les m\u00e9dias en temps de crise, septembre 2020, Minist\u00e8re de la Culture<\/span><\/p>\n","protected":false},"featured_media":13675,"template":"","format":"standard","meta":{"_acf_changed":false,"om_disable_all_campaigns":false,"_uf_show_specific_survey":0,"_uf_disable_surveys":false},"product_brand":[],"product_cat":[119],"product_tag":[],"lieu":[125],"thematiques":[],"class_list":{"0":"post-13674","1":"product","2":"type-product","3":"status-publish","4":"format-standard","5":"has-post-thumbnail","7":"product_cat-evenement-sisther","8":"lieu-en-ligne","10":"first","11":"instock","12":"virtual","13":"purchasable","14":"product-type-appointment"},"exclude_global_add_ons":[],"addons":[],"acf":[],"yoast_head":"<!-- This site is optimized with the Yoast SEO plugin v24.8 - https:\/\/yoast.com\/wordpress\/plugins\/seo\/ -->\n<title>SheTalks : Elles r\u00e9inventent les m\u00e9dias - Empow&#039;Her<\/title>\n<meta name=\"robots\" content=\"index, follow, max-snippet:-1, max-image-preview:large, max-video-preview:-1\" \/>\n<link rel=\"canonical\" href=\"https:\/\/empow-her.com\/es\/produit\/shetalks-elles-reinventent-les-medias\/\" \/>\n<meta property=\"og:locale\" content=\"es_ES\" \/>\n<meta property=\"og:type\" content=\"article\" \/>\n<meta property=\"og:title\" content=\"SheTalks : Elles r\u00e9inventent les m\u00e9dias - Empow&#039;Her\" \/>\n<meta property=\"og:description\" content=\"A l\u2019heure o\u00f9 Instagram et Tik Tok ont boulevers\u00e9 notre mani\u00e8re de consommer de l\u2019information, o\u00f9 la fake news est devenue la norme et o\u00f9 le papier est en crise ; quelle place pour celles qui souhaitent penser de nouveaux m\u00e9dias ? Et puisqu\u2019en septembre 2020, 84% des personnes apparaissant \u00e0 la une des titres de presse sont des hommes, force est de constater qu\u2019il nous reste du chemin \u00e0 parcourir.  Dans un secteur que l\u2019on dit en crise depuis plus de 30 ans, il semble pourtant que beaucoup de choses bougent et continuent d\u2019\u00e9voluer avec l\u2019apparition de nouveaux ovnis m\u00e9diatiques, notamment port\u00e9s par des femmes. Pour ce prochain SheTalks, nous avons voulu r\u00e9unir l\u2019avis de 3 entrepreneures de ce secteur. Comment se sont-elles lanc\u00e9es ? Comment \u00e9volue le paysage m\u00e9diatique et y trouvent-elles leur place ? Mais \u00e9galement pourquoi c\u2019est important que les femmes repensent, elles aussi, ces espaces de parole et de libert\u00e9 pour se r\u00e9approprier leur narratif et transformer nos r\u00e9cits et imaginaires collectifs.  Nous vous r\u00e9v\u00e8lerons le noms de nos intervenantes d&#039;ici peu, stay tuned !  &nbsp;  Source : Place des femmes dans les m\u00e9dias en temps de crise, septembre 2020, Minist\u00e8re de la Culture\" \/>\n<meta property=\"og:url\" content=\"https:\/\/empow-her.com\/es\/produit\/shetalks-elles-reinventent-les-medias\/\" \/>\n<meta property=\"og:site_name\" content=\"Empow&#039;Her\" \/>\n<meta property=\"article:modified_time\" content=\"2021-05-05T17:00:31+00:00\" \/>\n<meta property=\"og:image\" content=\"https:\/\/empow-her.com\/wp-content\/uploads\/2021\/05\/TEMPLATE-EVENTS-WOMEN-DARE.png\" \/>\n\t<meta property=\"og:image:width\" content=\"1080\" \/>\n\t<meta property=\"og:image:height\" content=\"1080\" \/>\n\t<meta property=\"og:image:type\" content=\"image\/png\" \/>\n<meta name=\"twitter:card\" content=\"summary_large_image\" \/>\n<meta name=\"twitter:label1\" content=\"Tiempo de lectura\" \/>\n\t<meta name=\"twitter:data1\" content=\"1 minuto\" \/>\n<script type=\"application\/ld+json\" class=\"yoast-schema-graph\">{\"@context\":\"https:\/\/schema.org\",\"@graph\":[{\"@type\":\"WebPage\",\"@id\":\"https:\/\/empow-her.com\/es\/produit\/shetalks-elles-reinventent-les-medias\/\",\"url\":\"https:\/\/empow-her.com\/es\/produit\/shetalks-elles-reinventent-les-medias\/\",\"name\":\"SheTalks : Elles r\u00e9inventent les m\u00e9dias - Empow&#039;Her\",\"isPartOf\":{\"@id\":\"https:\/\/empow-her.com\/#website\"},\"primaryImageOfPage\":{\"@id\":\"https:\/\/empow-her.com\/es\/produit\/shetalks-elles-reinventent-les-medias\/#primaryimage\"},\"image\":{\"@id\":\"https:\/\/empow-her.com\/es\/produit\/shetalks-elles-reinventent-les-medias\/#primaryimage\"},\"thumbnailUrl\":\"https:\/\/empow-her.com\/wp-content\/uploads\/2021\/05\/TEMPLATE-EVENTS-WOMEN-DARE.png\",\"datePublished\":\"2021-05-03T16:03:39+00:00\",\"dateModified\":\"2021-05-05T17:00:31+00:00\",\"breadcrumb\":{\"@id\":\"https:\/\/empow-her.com\/es\/produit\/shetalks-elles-reinventent-les-medias\/#breadcrumb\"},\"inLanguage\":\"es\",\"potentialAction\":[{\"@type\":\"ReadAction\",\"target\":[\"https:\/\/empow-her.com\/es\/produit\/shetalks-elles-reinventent-les-medias\/\"]}]},{\"@type\":\"ImageObject\",\"inLanguage\":\"es\",\"@id\":\"https:\/\/empow-her.com\/es\/produit\/shetalks-elles-reinventent-les-medias\/#primaryimage\",\"url\":\"https:\/\/empow-her.com\/wp-content\/uploads\/2021\/05\/TEMPLATE-EVENTS-WOMEN-DARE.png\",\"contentUrl\":\"https:\/\/empow-her.com\/wp-content\/uploads\/2021\/05\/TEMPLATE-EVENTS-WOMEN-DARE.png\",\"width\":1080,\"height\":1080},{\"@type\":\"BreadcrumbList\",\"@id\":\"https:\/\/empow-her.com\/es\/produit\/shetalks-elles-reinventent-les-medias\/#breadcrumb\",\"itemListElement\":[{\"@type\":\"ListItem\",\"position\":1,\"name\":\"Accueil\",\"item\":\"https:\/\/empow-her.com\/es\/inicio\/\"},{\"@type\":\"ListItem\",\"position\":2,\"name\":\"LA BOUTIQUE\",\"item\":\"https:\/\/empow-her.com\/boutique\/\"},{\"@type\":\"ListItem\",\"position\":3,\"name\":\"SheTalks : Elles r\u00e9inventent les m\u00e9dias\"}]},{\"@type\":\"WebSite\",\"@id\":\"https:\/\/empow-her.com\/#website\",\"url\":\"https:\/\/empow-her.com\/\",\"name\":\"Empow&#039;Her\",\"description\":\"Women Development\",\"potentialAction\":[{\"@type\":\"SearchAction\",\"target\":{\"@type\":\"EntryPoint\",\"urlTemplate\":\"https:\/\/empow-her.com\/?s={search_term_string}\"},\"query-input\":{\"@type\":\"PropertyValueSpecification\",\"valueRequired\":true,\"valueName\":\"search_term_string\"}}],\"inLanguage\":\"es\"}]}<\/script>\n<!-- \/ Yoast SEO plugin. -->","yoast_head_json":{"title":"SheTalks : Elles r\u00e9inventent les m\u00e9dias - Empow&#039;Her","robots":{"index":"index","follow":"follow","max-snippet":"max-snippet:-1","max-image-preview":"max-image-preview:large","max-video-preview":"max-video-preview:-1"},"canonical":"https:\/\/empow-her.com\/es\/produit\/shetalks-elles-reinventent-les-medias\/","og_locale":"es_ES","og_type":"article","og_title":"SheTalks : Elles r\u00e9inventent les m\u00e9dias - Empow&#039;Her","og_description":"A l\u2019heure o\u00f9 Instagram et Tik Tok ont boulevers\u00e9 notre mani\u00e8re de consommer de l\u2019information, o\u00f9 la fake news est devenue la norme et o\u00f9 le papier est en crise ; quelle place pour celles qui souhaitent penser de nouveaux m\u00e9dias ? Et puisqu\u2019en septembre 2020, 84% des personnes apparaissant \u00e0 la une des titres de presse sont des hommes, force est de constater qu\u2019il nous reste du chemin \u00e0 parcourir.  Dans un secteur que l\u2019on dit en crise depuis plus de 30 ans, il semble pourtant que beaucoup de choses bougent et continuent d\u2019\u00e9voluer avec l\u2019apparition de nouveaux ovnis m\u00e9diatiques, notamment port\u00e9s par des femmes. Pour ce prochain SheTalks, nous avons voulu r\u00e9unir l\u2019avis de 3 entrepreneures de ce secteur. Comment se sont-elles lanc\u00e9es ? Comment \u00e9volue le paysage m\u00e9diatique et y trouvent-elles leur place ? Mais \u00e9galement pourquoi c\u2019est important que les femmes repensent, elles aussi, ces espaces de parole et de libert\u00e9 pour se r\u00e9approprier leur narratif et transformer nos r\u00e9cits et imaginaires collectifs.  Nous vous r\u00e9v\u00e8lerons le noms de nos intervenantes d'ici peu, stay tuned !  &nbsp;  Source : Place des femmes dans les m\u00e9dias en temps de crise, septembre 2020, Minist\u00e8re de la Culture","og_url":"https:\/\/empow-her.com\/es\/produit\/shetalks-elles-reinventent-les-medias\/","og_site_name":"Empow&#039;Her","article_modified_time":"2021-05-05T17:00:31+00:00","og_image":[{"width":1080,"height":1080,"url":"https:\/\/empow-her.com\/wp-content\/uploads\/2021\/05\/TEMPLATE-EVENTS-WOMEN-DARE.png","type":"image\/png"}],"twitter_card":"summary_large_image","twitter_misc":{"Tiempo de lectura":"1 minuto"},"schema":{"@context":"https:\/\/schema.org","@graph":[{"@type":"WebPage","@id":"https:\/\/empow-her.com\/es\/produit\/shetalks-elles-reinventent-les-medias\/","url":"https:\/\/empow-her.com\/es\/produit\/shetalks-elles-reinventent-les-medias\/","name":"SheTalks : Elles r\u00e9inventent les m\u00e9dias - Empow&#039;Her","isPartOf":{"@id":"https:\/\/empow-her.com\/#website"},"primaryImageOfPage":{"@id":"https:\/\/empow-her.com\/es\/produit\/shetalks-elles-reinventent-les-medias\/#primaryimage"},"image":{"@id":"https:\/\/empow-her.com\/es\/produit\/shetalks-elles-reinventent-les-medias\/#primaryimage"},"thumbnailUrl":"https:\/\/empow-her.com\/wp-content\/uploads\/2021\/05\/TEMPLATE-EVENTS-WOMEN-DARE.png","datePublished":"2021-05-03T16:03:39+00:00","dateModified":"2021-05-05T17:00:31+00:00","breadcrumb":{"@id":"https:\/\/empow-her.com\/es\/produit\/shetalks-elles-reinventent-les-medias\/#breadcrumb"},"inLanguage":"es","potentialAction":[{"@type":"ReadAction","target":["https:\/\/empow-her.com\/es\/produit\/shetalks-elles-reinventent-les-medias\/"]}]},{"@type":"ImageObject","inLanguage":"es","@id":"https:\/\/empow-her.com\/es\/produit\/shetalks-elles-reinventent-les-medias\/#primaryimage","url":"https:\/\/empow-her.com\/wp-content\/uploads\/2021\/05\/TEMPLATE-EVENTS-WOMEN-DARE.png","contentUrl":"https:\/\/empow-her.com\/wp-content\/uploads\/2021\/05\/TEMPLATE-EVENTS-WOMEN-DARE.png","width":1080,"height":1080},{"@type":"BreadcrumbList","@id":"https:\/\/empow-her.com\/es\/produit\/shetalks-elles-reinventent-les-medias\/#breadcrumb","itemListElement":[{"@type":"ListItem","position":1,"name":"Accueil","item":"https:\/\/empow-her.com\/es\/inicio\/"},{"@type":"ListItem","position":2,"name":"LA BOUTIQUE","item":"https:\/\/empow-her.com\/boutique\/"},{"@type":"ListItem","position":3,"name":"SheTalks : Elles r\u00e9inventent les m\u00e9dias"}]},{"@type":"WebSite","@id":"https:\/\/empow-her.com\/#website","url":"https:\/\/empow-her.com\/","name":"Empow&#039;Her","description":"Women Development","potentialAction":[{"@type":"SearchAction","target":{"@type":"EntryPoint","urlTemplate":"https:\/\/empow-her.com\/?s={search_term_string}"},"query-input":{"@type":"PropertyValueSpecification","valueRequired":true,"valueName":"search_term_string"}}],"inLanguage":"es"}]}},"_links":{"self":[{"href":"https:\/\/empow-her.com\/es\/wp-json\/wp\/v2\/product\/13674","targetHints":{"allow":["GET"]}}],"collection":[{"href":"https:\/\/empow-her.com\/es\/wp-json\/wp\/v2\/product"}],"about":[{"href":"https:\/\/empow-her.com\/es\/wp-json\/wp\/v2\/types\/product"}],"wp:featuredmedia":[{"embeddable":true,"href":"https:\/\/empow-her.com\/es\/wp-json\/wp\/v2\/media\/13675"}],"wp:attachment":[{"href":"https:\/\/empow-her.com\/es\/wp-json\/wp\/v2\/media?parent=13674"}],"wp:term":[{"taxonomy":"product_brand","embeddable":true,"href":"https:\/\/empow-her.com\/es\/wp-json\/wp\/v2\/product_brand?post=13674"},{"taxonomy":"product_cat","embeddable":true,"href":"https:\/\/empow-her.com\/es\/wp-json\/wp\/v2\/product_cat?post=13674"},{"taxonomy":"product_tag","embeddable":true,"href":"https:\/\/empow-her.com\/es\/wp-json\/wp\/v2\/product_tag?post=13674"},{"taxonomy":"lieu","embeddable":true,"href":"https:\/\/empow-her.com\/es\/wp-json\/wp\/v2\/lieu?post=13674"},{"taxonomy":"thematiques","embeddable":true,"href":"https:\/\/empow-her.com\/es\/wp-json\/wp\/v2\/thematiques?post=13674"}],"curies":[{"name":"wp","href":"https:\/\/api.w.org\/{rel}","templated":true}]}}