{"id":13375,"date":"2021-04-26T11:50:39","date_gmt":"2021-04-26T09:50:39","guid":{"rendered":"https:\/\/empow-her.com\/?post_type=product&#038;p=13375"},"modified":"2021-05-26T19:22:48","modified_gmt":"2021-05-26T17:22:48","slug":"coaching-me-lancer-sereinement-dans-mon-projet-en-creant-mon-plan-dactions-et-mes-priorites","status":"publish","type":"product","link":"https:\/\/empow-her.com\/es\/produit\/coaching-me-lancer-sereinement-dans-mon-projet-en-creant-mon-plan-dactions-et-mes-priorites\/","title":{"rendered":"Coaching &#8211; Me lancer sereinement dans mon projet en cr\u00e9ant mon plan d&#8217;actions et mes priorit\u00e9s"},"content":{"rendered":"","protected":false},"excerpt":{"rendered":"<p>Une session de coaching pour vous accompagner dans la mise en place de votre projet, g\u00e9rer votre stress, d\u00e9finir vos priorit\u00e9s et mettre en place la technique des petits pas pour d\u00e9ployer sereinement votre projet !<\/p>\n<p>&nbsp;<\/p>\n<p><span data-sheets-value=\"{&quot;1&quot;:2,&quot;2&quot;:&quot;Alexandre Sourzac-Lami est co-fondateur de Comit, une structure sp\u00e9cialis\u00e9e qui con\u00e7oit et adapte des outils et m\u00e9thodes pour donner aux entrepreneur.e.s la capacit\u00e9 de d\u00e9velopper des mod\u00e8les \u00e9conomiques p\u00e9rennes.&quot;}\" data-sheets-userformat=\"{&quot;2&quot;:1055743,&quot;3&quot;:{&quot;1&quot;:0},&quot;4&quot;:{&quot;1&quot;:2,&quot;2&quot;:16777215},&quot;5&quot;:{&quot;1&quot;:[{&quot;1&quot;:2,&quot;2&quot;:0,&quot;5&quot;:{&quot;1&quot;:2,&quot;2&quot;:0}},{&quot;1&quot;:0,&quot;2&quot;:0,&quot;3&quot;:3},{&quot;1&quot;:1,&quot;2&quot;:0,&quot;4&quot;:1}]},&quot;6&quot;:{&quot;1&quot;:[{&quot;1&quot;:2,&quot;2&quot;:0,&quot;5&quot;:{&quot;1&quot;:2,&quot;2&quot;:0}},{&quot;1&quot;:0,&quot;2&quot;:0,&quot;3&quot;:3},{&quot;1&quot;:1,&quot;2&quot;:0,&quot;4&quot;:1}]},&quot;7&quot;:{&quot;1&quot;:[{&quot;1&quot;:2,&quot;2&quot;:0,&quot;5&quot;:{&quot;1&quot;:2,&quot;2&quot;:0}},{&quot;1&quot;:0,&quot;2&quot;:0,&quot;3&quot;:3},{&quot;1&quot;:1,&quot;2&quot;:0,&quot;4&quot;:1}]},&quot;8&quot;:{&quot;1&quot;:[{&quot;1&quot;:2,&quot;2&quot;:0,&quot;5&quot;:{&quot;1&quot;:2,&quot;2&quot;:0}},{&quot;1&quot;:0,&quot;2&quot;:0,&quot;3&quot;:3},{&quot;1&quot;:1,&quot;2&quot;:0,&quot;4&quot;:1}]},&quot;9&quot;:0,&quot;10&quot;:1,&quot;11&quot;:4,&quot;12&quot;:0,&quot;14&quot;:{&quot;1&quot;:2,&quot;2&quot;:0},&quot;15&quot;:&quot;Calibri&quot;,&quot;23&quot;:1}\" data-sheets-textstyleruns=\"{&quot;1&quot;:0}\uee10{&quot;1&quot;:43,&quot;2&quot;:{&quot;2&quot;:{&quot;1&quot;:2,&quot;2&quot;:1136076},&quot;9&quot;:1}}\uee10{&quot;1&quot;:48}\" data-sheets-hyperlinkruns=\"{&quot;1&quot;:43,&quot;2&quot;:&quot;https:\/\/www.comit.berlin\/&quot;}\uee10{&quot;1&quot;:48}\"><strong>Intervenante : <\/strong>Aur\u00e9lie Lucas de\u00a0<a href=\"https:\/\/bulles.ooo\/\">Bulles<\/a><\/span><\/p>\n<p>&nbsp;<\/p>\n<p><strong>Son super pouvoir ?<\/strong>\u00a0Organisatrice d\u2019harmonie !<\/p>\n<p>&nbsp;<\/p>\n<p><strong>Son petit mot<\/strong>\u00a0:\u00a0<em>\u201cPas besoin de voir tout l\u2019escalier, commencez simplement par la premi\u00e8re marche\u201d<\/em>\u00a0Martin Luther King<\/p>\n<p>&nbsp;<\/p>\n","protected":false},"featured_media":0,"template":"","format":"standard","meta":{"_acf_changed":false,"om_disable_all_campaigns":false,"_uf_show_specific_survey":0,"_uf_disable_surveys":false},"product_brand":[],"product_cat":[121],"product_tag":[],"lieu":[125],"thematiques":[],"class_list":{"0":"post-13375","1":"product","2":"type-product","3":"status-publish","4":"format-standard","6":"product_cat-coaching","7":"lieu-en-ligne","9":"first","10":"instock","11":"virtual","12":"purchasable","13":"product-type-appointment"},"exclude_global_add_ons":[],"addons":[],"acf":[],"yoast_head":"<!-- This site is optimized with the Yoast SEO plugin v24.8 - https:\/\/yoast.com\/wordpress\/plugins\/seo\/ -->\n<title>Coaching - Me lancer sereinement dans mon projet en cr\u00e9ant mon plan d&#039;actions et mes priorit\u00e9s - Empow&#039;Her<\/title>\n<meta name=\"robots\" content=\"index, follow, max-snippet:-1, max-image-preview:large, max-video-preview:-1\" \/>\n<link rel=\"canonical\" href=\"https:\/\/empow-her.com\/es\/produit\/coaching-me-lancer-sereinement-dans-mon-projet-en-creant-mon-plan-dactions-et-mes-priorites\/\" \/>\n<meta property=\"og:locale\" content=\"es_ES\" \/>\n<meta property=\"og:type\" content=\"article\" \/>\n<meta property=\"og:title\" content=\"Coaching - Me lancer sereinement dans mon projet en cr\u00e9ant mon plan d&#039;actions et mes priorit\u00e9s - Empow&#039;Her\" \/>\n<meta property=\"og:description\" content=\"Une session de coaching pour vous accompagner dans la mise en place de votre projet, g\u00e9rer votre stress, d\u00e9finir vos priorit\u00e9s et mettre en place la technique des petits pas pour d\u00e9ployer sereinement votre projet !  &nbsp;  Intervenante : Aur\u00e9lie Lucas de\u00a0Bulles  &nbsp;  Son super pouvoir ?\u00a0Organisatrice d\u2019harmonie !  &nbsp;  Son petit mot\u00a0:\u00a0\u201cPas besoin de voir tout l\u2019escalier, commencez simplement par la premi\u00e8re marche\u201d\u00a0Martin Luther King  &nbsp;\" \/>\n<meta property=\"og:url\" content=\"https:\/\/empow-her.com\/es\/produit\/coaching-me-lancer-sereinement-dans-mon-projet-en-creant-mon-plan-dactions-et-mes-priorites\/\" \/>\n<meta property=\"og:site_name\" content=\"Empow&#039;Her\" \/>\n<meta property=\"article:modified_time\" content=\"2021-05-26T17:22:48+00:00\" \/>\n<meta name=\"twitter:card\" content=\"summary_large_image\" \/>\n<script type=\"application\/ld+json\" class=\"yoast-schema-graph\">{\"@context\":\"https:\/\/schema.org\",\"@graph\":[{\"@type\":\"WebPage\",\"@id\":\"https:\/\/empow-her.com\/es\/produit\/coaching-me-lancer-sereinement-dans-mon-projet-en-creant-mon-plan-dactions-et-mes-priorites\/\",\"url\":\"https:\/\/empow-her.com\/es\/produit\/coaching-me-lancer-sereinement-dans-mon-projet-en-creant-mon-plan-dactions-et-mes-priorites\/\",\"name\":\"Coaching - Me lancer sereinement dans mon projet en cr\u00e9ant mon plan d'actions et mes priorit\u00e9s - Empow&#039;Her\",\"isPartOf\":{\"@id\":\"https:\/\/empow-her.com\/#website\"},\"datePublished\":\"2021-04-26T09:50:39+00:00\",\"dateModified\":\"2021-05-26T17:22:48+00:00\",\"breadcrumb\":{\"@id\":\"https:\/\/empow-her.com\/es\/produit\/coaching-me-lancer-sereinement-dans-mon-projet-en-creant-mon-plan-dactions-et-mes-priorites\/#breadcrumb\"},\"inLanguage\":\"es\",\"potentialAction\":[{\"@type\":\"ReadAction\",\"target\":[\"https:\/\/empow-her.com\/es\/produit\/coaching-me-lancer-sereinement-dans-mon-projet-en-creant-mon-plan-dactions-et-mes-priorites\/\"]}]},{\"@type\":\"BreadcrumbList\",\"@id\":\"https:\/\/empow-her.com\/es\/produit\/coaching-me-lancer-sereinement-dans-mon-projet-en-creant-mon-plan-dactions-et-mes-priorites\/#breadcrumb\",\"itemListElement\":[{\"@type\":\"ListItem\",\"position\":1,\"name\":\"Accueil\",\"item\":\"https:\/\/empow-her.com\/es\/inicio\/\"},{\"@type\":\"ListItem\",\"position\":2,\"name\":\"LA BOUTIQUE\",\"item\":\"https:\/\/empow-her.com\/boutique\/\"},{\"@type\":\"ListItem\",\"position\":3,\"name\":\"Coaching &#8211; Me lancer sereinement dans mon projet en cr\u00e9ant mon plan d&#8217;actions et mes priorit\u00e9s\"}]},{\"@type\":\"WebSite\",\"@id\":\"https:\/\/empow-her.com\/#website\",\"url\":\"https:\/\/empow-her.com\/\",\"name\":\"Empow&#039;Her\",\"description\":\"Women Development\",\"potentialAction\":[{\"@type\":\"SearchAction\",\"target\":{\"@type\":\"EntryPoint\",\"urlTemplate\":\"https:\/\/empow-her.com\/?s={search_term_string}\"},\"query-input\":{\"@type\":\"PropertyValueSpecification\",\"valueRequired\":true,\"valueName\":\"search_term_string\"}}],\"inLanguage\":\"es\"}]}<\/script>\n<!-- \/ Yoast SEO plugin. -->","yoast_head_json":{"title":"Coaching - Me lancer sereinement dans mon projet en cr\u00e9ant mon plan d'actions et mes priorit\u00e9s - Empow&#039;Her","robots":{"index":"index","follow":"follow","max-snippet":"max-snippet:-1","max-image-preview":"max-image-preview:large","max-video-preview":"max-video-preview:-1"},"canonical":"https:\/\/empow-her.com\/es\/produit\/coaching-me-lancer-sereinement-dans-mon-projet-en-creant-mon-plan-dactions-et-mes-priorites\/","og_locale":"es_ES","og_type":"article","og_title":"Coaching - Me lancer sereinement dans mon projet en cr\u00e9ant mon plan d'actions et mes priorit\u00e9s - Empow&#039;Her","og_description":"Une session de coaching pour vous accompagner dans la mise en place de votre projet, g\u00e9rer votre stress, d\u00e9finir vos priorit\u00e9s et mettre en place la technique des petits pas pour d\u00e9ployer sereinement votre projet !  &nbsp;  Intervenante : Aur\u00e9lie Lucas de\u00a0Bulles  &nbsp;  Son super pouvoir ?\u00a0Organisatrice d\u2019harmonie !  &nbsp;  Son petit mot\u00a0:\u00a0\u201cPas besoin de voir tout l\u2019escalier, commencez simplement par la premi\u00e8re marche\u201d\u00a0Martin Luther King  &nbsp;","og_url":"https:\/\/empow-her.com\/es\/produit\/coaching-me-lancer-sereinement-dans-mon-projet-en-creant-mon-plan-dactions-et-mes-priorites\/","og_site_name":"Empow&#039;Her","article_modified_time":"2021-05-26T17:22:48+00:00","twitter_card":"summary_large_image","schema":{"@context":"https:\/\/schema.org","@graph":[{"@type":"WebPage","@id":"https:\/\/empow-her.com\/es\/produit\/coaching-me-lancer-sereinement-dans-mon-projet-en-creant-mon-plan-dactions-et-mes-priorites\/","url":"https:\/\/empow-her.com\/es\/produit\/coaching-me-lancer-sereinement-dans-mon-projet-en-creant-mon-plan-dactions-et-mes-priorites\/","name":"Coaching - Me lancer sereinement dans mon projet en cr\u00e9ant mon plan d'actions et mes priorit\u00e9s - Empow&#039;Her","isPartOf":{"@id":"https:\/\/empow-her.com\/#website"},"datePublished":"2021-04-26T09:50:39+00:00","dateModified":"2021-05-26T17:22:48+00:00","breadcrumb":{"@id":"https:\/\/empow-her.com\/es\/produit\/coaching-me-lancer-sereinement-dans-mon-projet-en-creant-mon-plan-dactions-et-mes-priorites\/#breadcrumb"},"inLanguage":"es","potentialAction":[{"@type":"ReadAction","target":["https:\/\/empow-her.com\/es\/produit\/coaching-me-lancer-sereinement-dans-mon-projet-en-creant-mon-plan-dactions-et-mes-priorites\/"]}]},{"@type":"BreadcrumbList","@id":"https:\/\/empow-her.com\/es\/produit\/coaching-me-lancer-sereinement-dans-mon-projet-en-creant-mon-plan-dactions-et-mes-priorites\/#breadcrumb","itemListElement":[{"@type":"ListItem","position":1,"name":"Accueil","item":"https:\/\/empow-her.com\/es\/inicio\/"},{"@type":"ListItem","position":2,"name":"LA BOUTIQUE","item":"https:\/\/empow-her.com\/boutique\/"},{"@type":"ListItem","position":3,"name":"Coaching &#8211; Me lancer sereinement dans mon projet en cr\u00e9ant mon plan d&#8217;actions et mes priorit\u00e9s"}]},{"@type":"WebSite","@id":"https:\/\/empow-her.com\/#website","url":"https:\/\/empow-her.com\/","name":"Empow&#039;Her","description":"Women Development","potentialAction":[{"@type":"SearchAction","target":{"@type":"EntryPoint","urlTemplate":"https:\/\/empow-her.com\/?s={search_term_string}"},"query-input":{"@type":"PropertyValueSpecification","valueRequired":true,"valueName":"search_term_string"}}],"inLanguage":"es"}]}},"_links":{"self":[{"href":"https:\/\/empow-her.com\/es\/wp-json\/wp\/v2\/product\/13375","targetHints":{"allow":["GET"]}}],"collection":[{"href":"https:\/\/empow-her.com\/es\/wp-json\/wp\/v2\/product"}],"about":[{"href":"https:\/\/empow-her.com\/es\/wp-json\/wp\/v2\/types\/product"}],"wp:attachment":[{"href":"https:\/\/empow-her.com\/es\/wp-json\/wp\/v2\/media?parent=13375"}],"wp:term":[{"taxonomy":"product_brand","embeddable":true,"href":"https:\/\/empow-her.com\/es\/wp-json\/wp\/v2\/product_brand?post=13375"},{"taxonomy":"product_cat","embeddable":true,"href":"https:\/\/empow-her.com\/es\/wp-json\/wp\/v2\/product_cat?post=13375"},{"taxonomy":"product_tag","embeddable":true,"href":"https:\/\/empow-her.com\/es\/wp-json\/wp\/v2\/product_tag?post=13375"},{"taxonomy":"lieu","embeddable":true,"href":"https:\/\/empow-her.com\/es\/wp-json\/wp\/v2\/lieu?post=13375"},{"taxonomy":"thematiques","embeddable":true,"href":"https:\/\/empow-her.com\/es\/wp-json\/wp\/v2\/thematiques?post=13375"}],"curies":[{"name":"wp","href":"https:\/\/api.w.org\/{rel}","templated":true}]}}