{"id":13296,"date":"2021-04-23T12:01:37","date_gmt":"2021-04-23T10:01:37","guid":{"rendered":"https:\/\/empow-her.com\/?post_type=product&#038;p=13296"},"modified":"2021-05-18T10:06:41","modified_gmt":"2021-05-18T08:06:41","slug":"atelier-construire-son-plan-de-com-operationnel","status":"publish","type":"product","link":"https:\/\/empow-her.com\/es\/produit\/atelier-construire-son-plan-de-com-operationnel\/","title":{"rendered":"Atelier &#8211; Construire son plan de com&#8217; op\u00e9rationnel"},"content":{"rendered":"","protected":false},"excerpt":{"rendered":"<div>\n<p>Vous souhaitez savoir comment construire un plan de communication efficace ? Ou encore exploiter le potentiel de la newsletter pour construire votre marque ? Comment structurer votre communication pour le lancement et pr\u00e9parer une campagne de crowdfunding ou une lev\u00e9e de fonds ? Coralie Diebold vous explique toutes les \u00e9tapes pour un plan de com&#8217; op\u00e9rationnel r\u00e9ussi !<\/p>\n<\/div>\n<p>&nbsp;<\/p>\n<p><b>Par :\u00a0<\/b>YesForComm<\/p>\n<p>&nbsp;<\/p>\n<p><span data-sheets-value=\"{&quot;1&quot;:2,&quot;2&quot;:&quot;Alexandre Sourzac-Lami est co-fondateur de Comit, une structure sp\u00e9cialis\u00e9e qui con\u00e7oit et adapte des outils et m\u00e9thodes pour donner aux entrepreneur.e.s la capacit\u00e9 de d\u00e9velopper des mod\u00e8les \u00e9conomiques p\u00e9rennes.&quot;}\" data-sheets-userformat=\"{&quot;2&quot;:1055743,&quot;3&quot;:{&quot;1&quot;:0},&quot;4&quot;:{&quot;1&quot;:2,&quot;2&quot;:16777215},&quot;5&quot;:{&quot;1&quot;:[{&quot;1&quot;:2,&quot;2&quot;:0,&quot;5&quot;:{&quot;1&quot;:2,&quot;2&quot;:0}},{&quot;1&quot;:0,&quot;2&quot;:0,&quot;3&quot;:3},{&quot;1&quot;:1,&quot;2&quot;:0,&quot;4&quot;:1}]},&quot;6&quot;:{&quot;1&quot;:[{&quot;1&quot;:2,&quot;2&quot;:0,&quot;5&quot;:{&quot;1&quot;:2,&quot;2&quot;:0}},{&quot;1&quot;:0,&quot;2&quot;:0,&quot;3&quot;:3},{&quot;1&quot;:1,&quot;2&quot;:0,&quot;4&quot;:1}]},&quot;7&quot;:{&quot;1&quot;:[{&quot;1&quot;:2,&quot;2&quot;:0,&quot;5&quot;:{&quot;1&quot;:2,&quot;2&quot;:0}},{&quot;1&quot;:0,&quot;2&quot;:0,&quot;3&quot;:3},{&quot;1&quot;:1,&quot;2&quot;:0,&quot;4&quot;:1}]},&quot;8&quot;:{&quot;1&quot;:[{&quot;1&quot;:2,&quot;2&quot;:0,&quot;5&quot;:{&quot;1&quot;:2,&quot;2&quot;:0}},{&quot;1&quot;:0,&quot;2&quot;:0,&quot;3&quot;:3},{&quot;1&quot;:1,&quot;2&quot;:0,&quot;4&quot;:1}]},&quot;9&quot;:0,&quot;10&quot;:1,&quot;11&quot;:4,&quot;12&quot;:0,&quot;14&quot;:{&quot;1&quot;:2,&quot;2&quot;:0},&quot;15&quot;:&quot;Calibri&quot;,&quot;23&quot;:1}\" data-sheets-textstyleruns=\"{&quot;1&quot;:0}\uee10{&quot;1&quot;:43,&quot;2&quot;:{&quot;2&quot;:{&quot;1&quot;:2,&quot;2&quot;:1136076},&quot;9&quot;:1}}\uee10{&quot;1&quot;:48}\" data-sheets-hyperlinkruns=\"{&quot;1&quot;:43,&quot;2&quot;:&quot;https:\/\/www.comit.berlin\/&quot;}\uee10{&quot;1&quot;:48}\"><strong>Intervenantes :<\/strong>\u00a0Coralie est entrepreneure et fondatrice de l\u2019agence de communication\u00a0<a class=\"in-cell-link\" href=\"https:\/\/yesforcomm.com\/\" target=\"_blank\" rel=\"noopener noreferrer\">Yes for Comm<\/a>. Elle accompagne les entrepreneurs et porteurs de projet sur leur strat\u00e9gie globale de communication et sa mise en \u0153uvre op\u00e9rationnelle. Son expertise se concentre sur l\u2019augmentation de la visibilit\u00e9 et de la notori\u00e9t\u00e9 des marques \u00e0 impact. Coralie a \u00e0 c\u0153ur d\u2019encourager les initiatives qui ont du sens et de renforcer la confiance des femmes entrepreneures !<\/span><\/p>\n<p><strong>Le petit mot de Coralie<\/strong>\u00a0:<em>\u00a0Croyez en vous et en vos capacit\u00e9s ! Surtout, construisez un projet qui vous ressemble, parce que vous \u00eates unique !<\/em><\/p>\n<p>&nbsp;<\/p>\n<p>A la fin de cet atelier, vous aurez la possibilit\u00e9 de <strong>d\u00e9couvrir l&#8217;ADIE<\/strong> sur un format informel\u00a0 et de discuter avec un\u00b7e entrepreneur\u00b7e accompagn\u00e9\u00b7e par l&#8217;ADIE pour en savoir plus sur son parcours ! <strong>Venez r\u00e9seauter et d\u00e9couvrir des projets inspirants !<\/strong><\/p>\n","protected":false},"featured_media":0,"template":"","format":"standard","meta":{"_acf_changed":false,"om_disable_all_campaigns":false,"_uf_show_specific_survey":0,"_uf_disable_surveys":false},"product_brand":[],"product_cat":[118],"product_tag":[],"lieu":[],"thematiques":[],"class_list":{"0":"post-13296","1":"product","2":"type-product","3":"status-publish","4":"format-standard","6":"product_cat-atelier-collectif","8":"first","9":"instock","10":"virtual","11":"purchasable","12":"product-type-appointment"},"exclude_global_add_ons":[],"addons":[],"acf":[],"yoast_head":"<!-- This site is optimized with the Yoast SEO plugin v24.8 - https:\/\/yoast.com\/wordpress\/plugins\/seo\/ -->\n<title>Atelier - Construire son plan de com&#039; op\u00e9rationnel - Empow&#039;Her<\/title>\n<meta name=\"robots\" content=\"index, follow, max-snippet:-1, max-image-preview:large, max-video-preview:-1\" \/>\n<link rel=\"canonical\" href=\"https:\/\/empow-her.com\/es\/produit\/atelier-construire-son-plan-de-com-operationnel\/\" \/>\n<meta property=\"og:locale\" content=\"es_ES\" \/>\n<meta property=\"og:type\" content=\"article\" \/>\n<meta property=\"og:title\" content=\"Atelier - Construire son plan de com&#039; op\u00e9rationnel - Empow&#039;Her\" \/>\n<meta property=\"og:description\" content=\"Vous souhaitez savoir comment construire un plan de communication efficace ? Ou encore exploiter le potentiel de la newsletter pour construire votre marque ? Comment structurer votre communication pour le lancement et pr\u00e9parer une campagne de crowdfunding ou une lev\u00e9e de fonds ? Coralie Diebold vous explique toutes les \u00e9tapes pour un plan de com&#039; op\u00e9rationnel r\u00e9ussi !   &nbsp;  Par :\u00a0YesForComm  &nbsp;  Intervenantes :\u00a0Coralie est entrepreneure et fondatrice de l\u2019agence de communication\u00a0Yes for Comm. Elle accompagne les entrepreneurs et porteurs de projet sur leur strat\u00e9gie globale de communication et sa mise en \u0153uvre op\u00e9rationnelle. Son expertise se concentre sur l\u2019augmentation de la visibilit\u00e9 et de la notori\u00e9t\u00e9 des marques \u00e0 impact. Coralie a \u00e0 c\u0153ur d\u2019encourager les initiatives qui ont du sens et de renforcer la confiance des femmes entrepreneures !  Le petit mot de Coralie\u00a0:\u00a0Croyez en vous et en vos capacit\u00e9s ! Surtout, construisez un projet qui vous ressemble, parce que vous \u00eates unique !  &nbsp;  A la fin de cet atelier, vous aurez la possibilit\u00e9 de d\u00e9couvrir l&#039;ADIE sur un format informel\u00a0 et de discuter avec un\u00b7e entrepreneur\u00b7e accompagn\u00e9\u00b7e par l&#039;ADIE pour en savoir plus sur son parcours ! Venez r\u00e9seauter et d\u00e9couvrir des projets inspirants !\" \/>\n<meta property=\"og:url\" content=\"https:\/\/empow-her.com\/es\/produit\/atelier-construire-son-plan-de-com-operationnel\/\" \/>\n<meta property=\"og:site_name\" content=\"Empow&#039;Her\" \/>\n<meta property=\"article:modified_time\" content=\"2021-05-18T08:06:41+00:00\" \/>\n<meta name=\"twitter:card\" content=\"summary_large_image\" \/>\n<script type=\"application\/ld+json\" class=\"yoast-schema-graph\">{\"@context\":\"https:\/\/schema.org\",\"@graph\":[{\"@type\":\"WebPage\",\"@id\":\"https:\/\/empow-her.com\/es\/produit\/atelier-construire-son-plan-de-com-operationnel\/\",\"url\":\"https:\/\/empow-her.com\/es\/produit\/atelier-construire-son-plan-de-com-operationnel\/\",\"name\":\"Atelier - Construire son plan de com' op\u00e9rationnel - Empow&#039;Her\",\"isPartOf\":{\"@id\":\"https:\/\/empow-her.com\/#website\"},\"datePublished\":\"2021-04-23T10:01:37+00:00\",\"dateModified\":\"2021-05-18T08:06:41+00:00\",\"breadcrumb\":{\"@id\":\"https:\/\/empow-her.com\/es\/produit\/atelier-construire-son-plan-de-com-operationnel\/#breadcrumb\"},\"inLanguage\":\"es\",\"potentialAction\":[{\"@type\":\"ReadAction\",\"target\":[\"https:\/\/empow-her.com\/es\/produit\/atelier-construire-son-plan-de-com-operationnel\/\"]}]},{\"@type\":\"BreadcrumbList\",\"@id\":\"https:\/\/empow-her.com\/es\/produit\/atelier-construire-son-plan-de-com-operationnel\/#breadcrumb\",\"itemListElement\":[{\"@type\":\"ListItem\",\"position\":1,\"name\":\"Accueil\",\"item\":\"https:\/\/empow-her.com\/es\/inicio\/\"},{\"@type\":\"ListItem\",\"position\":2,\"name\":\"LA BOUTIQUE\",\"item\":\"https:\/\/empow-her.com\/boutique\/\"},{\"@type\":\"ListItem\",\"position\":3,\"name\":\"Atelier &#8211; Construire son plan de com&#8217; op\u00e9rationnel\"}]},{\"@type\":\"WebSite\",\"@id\":\"https:\/\/empow-her.com\/#website\",\"url\":\"https:\/\/empow-her.com\/\",\"name\":\"Empow&#039;Her\",\"description\":\"Women Development\",\"potentialAction\":[{\"@type\":\"SearchAction\",\"target\":{\"@type\":\"EntryPoint\",\"urlTemplate\":\"https:\/\/empow-her.com\/?s={search_term_string}\"},\"query-input\":{\"@type\":\"PropertyValueSpecification\",\"valueRequired\":true,\"valueName\":\"search_term_string\"}}],\"inLanguage\":\"es\"}]}<\/script>\n<!-- \/ Yoast SEO plugin. -->","yoast_head_json":{"title":"Atelier - Construire son plan de com' op\u00e9rationnel - Empow&#039;Her","robots":{"index":"index","follow":"follow","max-snippet":"max-snippet:-1","max-image-preview":"max-image-preview:large","max-video-preview":"max-video-preview:-1"},"canonical":"https:\/\/empow-her.com\/es\/produit\/atelier-construire-son-plan-de-com-operationnel\/","og_locale":"es_ES","og_type":"article","og_title":"Atelier - Construire son plan de com' op\u00e9rationnel - Empow&#039;Her","og_description":"Vous souhaitez savoir comment construire un plan de communication efficace ? Ou encore exploiter le potentiel de la newsletter pour construire votre marque ? Comment structurer votre communication pour le lancement et pr\u00e9parer une campagne de crowdfunding ou une lev\u00e9e de fonds ? Coralie Diebold vous explique toutes les \u00e9tapes pour un plan de com' op\u00e9rationnel r\u00e9ussi !   &nbsp;  Par :\u00a0YesForComm  &nbsp;  Intervenantes :\u00a0Coralie est entrepreneure et fondatrice de l\u2019agence de communication\u00a0Yes for Comm. Elle accompagne les entrepreneurs et porteurs de projet sur leur strat\u00e9gie globale de communication et sa mise en \u0153uvre op\u00e9rationnelle. Son expertise se concentre sur l\u2019augmentation de la visibilit\u00e9 et de la notori\u00e9t\u00e9 des marques \u00e0 impact. Coralie a \u00e0 c\u0153ur d\u2019encourager les initiatives qui ont du sens et de renforcer la confiance des femmes entrepreneures !  Le petit mot de Coralie\u00a0:\u00a0Croyez en vous et en vos capacit\u00e9s ! Surtout, construisez un projet qui vous ressemble, parce que vous \u00eates unique !  &nbsp;  A la fin de cet atelier, vous aurez la possibilit\u00e9 de d\u00e9couvrir l'ADIE sur un format informel\u00a0 et de discuter avec un\u00b7e entrepreneur\u00b7e accompagn\u00e9\u00b7e par l'ADIE pour en savoir plus sur son parcours ! Venez r\u00e9seauter et d\u00e9couvrir des projets inspirants !","og_url":"https:\/\/empow-her.com\/es\/produit\/atelier-construire-son-plan-de-com-operationnel\/","og_site_name":"Empow&#039;Her","article_modified_time":"2021-05-18T08:06:41+00:00","twitter_card":"summary_large_image","schema":{"@context":"https:\/\/schema.org","@graph":[{"@type":"WebPage","@id":"https:\/\/empow-her.com\/es\/produit\/atelier-construire-son-plan-de-com-operationnel\/","url":"https:\/\/empow-her.com\/es\/produit\/atelier-construire-son-plan-de-com-operationnel\/","name":"Atelier - Construire son plan de com' op\u00e9rationnel - Empow&#039;Her","isPartOf":{"@id":"https:\/\/empow-her.com\/#website"},"datePublished":"2021-04-23T10:01:37+00:00","dateModified":"2021-05-18T08:06:41+00:00","breadcrumb":{"@id":"https:\/\/empow-her.com\/es\/produit\/atelier-construire-son-plan-de-com-operationnel\/#breadcrumb"},"inLanguage":"es","potentialAction":[{"@type":"ReadAction","target":["https:\/\/empow-her.com\/es\/produit\/atelier-construire-son-plan-de-com-operationnel\/"]}]},{"@type":"BreadcrumbList","@id":"https:\/\/empow-her.com\/es\/produit\/atelier-construire-son-plan-de-com-operationnel\/#breadcrumb","itemListElement":[{"@type":"ListItem","position":1,"name":"Accueil","item":"https:\/\/empow-her.com\/es\/inicio\/"},{"@type":"ListItem","position":2,"name":"LA BOUTIQUE","item":"https:\/\/empow-her.com\/boutique\/"},{"@type":"ListItem","position":3,"name":"Atelier &#8211; Construire son plan de com&#8217; op\u00e9rationnel"}]},{"@type":"WebSite","@id":"https:\/\/empow-her.com\/#website","url":"https:\/\/empow-her.com\/","name":"Empow&#039;Her","description":"Women Development","potentialAction":[{"@type":"SearchAction","target":{"@type":"EntryPoint","urlTemplate":"https:\/\/empow-her.com\/?s={search_term_string}"},"query-input":{"@type":"PropertyValueSpecification","valueRequired":true,"valueName":"search_term_string"}}],"inLanguage":"es"}]}},"_links":{"self":[{"href":"https:\/\/empow-her.com\/es\/wp-json\/wp\/v2\/product\/13296","targetHints":{"allow":["GET"]}}],"collection":[{"href":"https:\/\/empow-her.com\/es\/wp-json\/wp\/v2\/product"}],"about":[{"href":"https:\/\/empow-her.com\/es\/wp-json\/wp\/v2\/types\/product"}],"wp:attachment":[{"href":"https:\/\/empow-her.com\/es\/wp-json\/wp\/v2\/media?parent=13296"}],"wp:term":[{"taxonomy":"product_brand","embeddable":true,"href":"https:\/\/empow-her.com\/es\/wp-json\/wp\/v2\/product_brand?post=13296"},{"taxonomy":"product_cat","embeddable":true,"href":"https:\/\/empow-her.com\/es\/wp-json\/wp\/v2\/product_cat?post=13296"},{"taxonomy":"product_tag","embeddable":true,"href":"https:\/\/empow-her.com\/es\/wp-json\/wp\/v2\/product_tag?post=13296"},{"taxonomy":"lieu","embeddable":true,"href":"https:\/\/empow-her.com\/es\/wp-json\/wp\/v2\/lieu?post=13296"},{"taxonomy":"thematiques","embeddable":true,"href":"https:\/\/empow-her.com\/es\/wp-json\/wp\/v2\/thematiques?post=13296"}],"curies":[{"name":"wp","href":"https:\/\/api.w.org\/{rel}","templated":true}]}}