{"id":13293,"date":"2021-04-23T11:26:56","date_gmt":"2021-04-23T09:26:56","guid":{"rendered":"https:\/\/empow-her.com\/?post_type=product&#038;p=13293"},"modified":"2021-05-26T19:12:32","modified_gmt":"2021-05-26T17:12:32","slug":"coaching-business-plan-financement-4","status":"publish","type":"product","link":"https:\/\/empow-her.com\/es\/produit\/coaching-business-plan-financement-4\/","title":{"rendered":"Coaching &#8211; Toutes les cl\u00e9s pour trouver des financements &#038; faire son business plan"},"content":{"rendered":"","protected":false},"excerpt":{"rendered":"<p>Comment financer mon projet ? Quelles sources de financement existent ? Comment structurer mon business plan et mon financement ? Comment identifier les modes de financement possibles pour mon projet ? G\u00e9rer mon budget et ma comptabilit\u00e9? Ou encore pr\u00e9parer mon rendez-vous \u00e0 la banque ou devant des investisseurs ? Orianne r\u00e9pond \u00e0 toutes vos questions sur la strat\u00e9gie de financement de votre projet et son business plan !<\/p>\n<p>&nbsp;<\/p>\n<p><b>Par : O2C Expertie &amp; Conseil<\/b><\/p>\n<p>&nbsp;<\/p>\n<p><span data-sheets-value=\"{&quot;1&quot;:2,&quot;2&quot;:&quot;Alexandre Sourzac-Lami est co-fondateur de Comit, une structure sp\u00e9cialis\u00e9e qui con\u00e7oit et adapte des outils et m\u00e9thodes pour donner aux entrepreneur.e.s la capacit\u00e9 de d\u00e9velopper des mod\u00e8les \u00e9conomiques p\u00e9rennes.&quot;}\" data-sheets-userformat=\"{&quot;2&quot;:1055743,&quot;3&quot;:{&quot;1&quot;:0},&quot;4&quot;:{&quot;1&quot;:2,&quot;2&quot;:16777215},&quot;5&quot;:{&quot;1&quot;:[{&quot;1&quot;:2,&quot;2&quot;:0,&quot;5&quot;:{&quot;1&quot;:2,&quot;2&quot;:0}},{&quot;1&quot;:0,&quot;2&quot;:0,&quot;3&quot;:3},{&quot;1&quot;:1,&quot;2&quot;:0,&quot;4&quot;:1}]},&quot;6&quot;:{&quot;1&quot;:[{&quot;1&quot;:2,&quot;2&quot;:0,&quot;5&quot;:{&quot;1&quot;:2,&quot;2&quot;:0}},{&quot;1&quot;:0,&quot;2&quot;:0,&quot;3&quot;:3},{&quot;1&quot;:1,&quot;2&quot;:0,&quot;4&quot;:1}]},&quot;7&quot;:{&quot;1&quot;:[{&quot;1&quot;:2,&quot;2&quot;:0,&quot;5&quot;:{&quot;1&quot;:2,&quot;2&quot;:0}},{&quot;1&quot;:0,&quot;2&quot;:0,&quot;3&quot;:3},{&quot;1&quot;:1,&quot;2&quot;:0,&quot;4&quot;:1}]},&quot;8&quot;:{&quot;1&quot;:[{&quot;1&quot;:2,&quot;2&quot;:0,&quot;5&quot;:{&quot;1&quot;:2,&quot;2&quot;:0}},{&quot;1&quot;:0,&quot;2&quot;:0,&quot;3&quot;:3},{&quot;1&quot;:1,&quot;2&quot;:0,&quot;4&quot;:1}]},&quot;9&quot;:0,&quot;10&quot;:1,&quot;11&quot;:4,&quot;12&quot;:0,&quot;14&quot;:{&quot;1&quot;:2,&quot;2&quot;:0},&quot;15&quot;:&quot;Calibri&quot;,&quot;23&quot;:1}\" data-sheets-textstyleruns=\"{&quot;1&quot;:0}\uee10{&quot;1&quot;:43,&quot;2&quot;:{&quot;2&quot;:{&quot;1&quot;:2,&quot;2&quot;:1136076},&quot;9&quot;:1}}\uee10{&quot;1&quot;:48}\" data-sheets-hyperlinkruns=\"{&quot;1&quot;:43,&quot;2&quot;:&quot;https:\/\/www.comit.berlin\/&quot;}\uee10{&quot;1&quot;:48}\"><strong>Intervenant.e.s :<\/strong> Orianne Champon, fondatrice de <a href=\"https:\/\/www.o2c-conseil.fr\/\">O2C\u00a0<\/a><\/span><\/p>\n<p>Experte sur les th\u00e9matiques de financements, business plan, comptabilit\u00e9,\u00a0 Orianne accompagne les cr\u00e9ateurs\u00b7rices d&#8217;entreprise, les TPME\/PME \u00e0 penser une entreprise responsable, en d\u00e9veloppant de nouvelles fa\u00e7ons de consommer\/exploiter les ressources.<\/p>\n<p><strong>Dur\u00e9e<\/strong> : <span data-sheets-value=\"{&quot;1&quot;:2,&quot;2&quot;:&quot;Permanence de 4h avec un cr\u00e9neau de 1h par participante (+ 15 minutes entre chaque)&quot;}\" data-sheets-userformat=\"{&quot;2&quot;:7167,&quot;3&quot;:{&quot;1&quot;:0},&quot;4&quot;:{&quot;1&quot;:2,&quot;2&quot;:16777215},&quot;5&quot;:{&quot;1&quot;:[{&quot;1&quot;:2,&quot;2&quot;:0,&quot;5&quot;:{&quot;1&quot;:2,&quot;2&quot;:0}},{&quot;1&quot;:0,&quot;2&quot;:0,&quot;3&quot;:3},{&quot;1&quot;:1,&quot;2&quot;:0,&quot;4&quot;:1}]},&quot;6&quot;:{&quot;1&quot;:[{&quot;1&quot;:2,&quot;2&quot;:0,&quot;5&quot;:{&quot;1&quot;:2,&quot;2&quot;:0}},{&quot;1&quot;:0,&quot;2&quot;:0,&quot;3&quot;:3},{&quot;1&quot;:1,&quot;2&quot;:0,&quot;4&quot;:1}]},&quot;7&quot;:{&quot;1&quot;:[{&quot;1&quot;:2,&quot;2&quot;:0,&quot;5&quot;:{&quot;1&quot;:2,&quot;2&quot;:0}},{&quot;1&quot;:0,&quot;2&quot;:0,&quot;3&quot;:3},{&quot;1&quot;:1,&quot;2&quot;:0,&quot;4&quot;:1}]},&quot;8&quot;:{&quot;1&quot;:[{&quot;1&quot;:2,&quot;2&quot;:0,&quot;5&quot;:{&quot;1&quot;:2,&quot;2&quot;:0}},{&quot;1&quot;:0,&quot;2&quot;:0,&quot;3&quot;:3},{&quot;1&quot;:1,&quot;2&quot;:0,&quot;4&quot;:1}]},&quot;9&quot;:0,&quot;10&quot;:1,&quot;11&quot;:4,&quot;12&quot;:0,&quot;14&quot;:{&quot;1&quot;:2,&quot;2&quot;:0},&quot;15&quot;:&quot;Calibri&quot;}\">Permanence de 4h avec un cr\u00e9neau de 1h par participante<\/span><\/p>\n","protected":false},"featured_media":0,"template":"","format":"standard","meta":{"_acf_changed":false,"om_disable_all_campaigns":false,"_uf_show_specific_survey":0,"_uf_disable_surveys":false},"product_brand":[],"product_cat":[121],"product_tag":[],"lieu":[125],"thematiques":[],"class_list":{"0":"post-13293","1":"product","2":"type-product","3":"status-publish","4":"format-standard","6":"product_cat-coaching","7":"lieu-en-ligne","9":"first","10":"instock","11":"virtual","12":"purchasable","13":"product-type-appointment"},"exclude_global_add_ons":[],"addons":[],"acf":[],"yoast_head":"<!-- This site is optimized with the Yoast SEO plugin v24.8 - https:\/\/yoast.com\/wordpress\/plugins\/seo\/ -->\n<title>Coaching - Toutes les cl\u00e9s pour trouver des financements &amp; faire son business plan - Empow&#039;Her<\/title>\n<meta name=\"robots\" content=\"index, follow, max-snippet:-1, max-image-preview:large, max-video-preview:-1\" \/>\n<link rel=\"canonical\" href=\"https:\/\/empow-her.com\/es\/produit\/coaching-business-plan-financement-4\/\" \/>\n<meta property=\"og:locale\" content=\"es_ES\" \/>\n<meta property=\"og:type\" content=\"article\" \/>\n<meta property=\"og:title\" content=\"Coaching - Toutes les cl\u00e9s pour trouver des financements &amp; faire son business plan - Empow&#039;Her\" \/>\n<meta property=\"og:description\" content=\"Comment financer mon projet ? Quelles sources de financement existent ? Comment structurer mon business plan et mon financement ? Comment identifier les modes de financement possibles pour mon projet ? G\u00e9rer mon budget et ma comptabilit\u00e9? Ou encore pr\u00e9parer mon rendez-vous \u00e0 la banque ou devant des investisseurs ? Orianne r\u00e9pond \u00e0 toutes vos questions sur la strat\u00e9gie de financement de votre projet et son business plan !  &nbsp;  Par : O2C Expertie &amp; Conseil  &nbsp;  Intervenant.e.s : Orianne Champon, fondatrice de O2C\u00a0  Experte sur les th\u00e9matiques de financements, business plan, comptabilit\u00e9,\u00a0 Orianne accompagne les cr\u00e9ateurs\u00b7rices d&#039;entreprise, les TPME\/PME \u00e0 penser une entreprise responsable, en d\u00e9veloppant de nouvelles fa\u00e7ons de consommer\/exploiter les ressources.  Dur\u00e9e : Permanence de 4h avec un cr\u00e9neau de 1h par participante\" \/>\n<meta property=\"og:url\" content=\"https:\/\/empow-her.com\/es\/produit\/coaching-business-plan-financement-4\/\" \/>\n<meta property=\"og:site_name\" content=\"Empow&#039;Her\" \/>\n<meta property=\"article:modified_time\" content=\"2021-05-26T17:12:32+00:00\" \/>\n<meta name=\"twitter:card\" content=\"summary_large_image\" \/>\n<script type=\"application\/ld+json\" class=\"yoast-schema-graph\">{\"@context\":\"https:\/\/schema.org\",\"@graph\":[{\"@type\":\"WebPage\",\"@id\":\"https:\/\/empow-her.com\/es\/produit\/coaching-business-plan-financement-4\/\",\"url\":\"https:\/\/empow-her.com\/es\/produit\/coaching-business-plan-financement-4\/\",\"name\":\"Coaching - Toutes les cl\u00e9s pour trouver des financements & faire son business plan - Empow&#039;Her\",\"isPartOf\":{\"@id\":\"https:\/\/empow-her.com\/#website\"},\"datePublished\":\"2021-04-23T09:26:56+00:00\",\"dateModified\":\"2021-05-26T17:12:32+00:00\",\"breadcrumb\":{\"@id\":\"https:\/\/empow-her.com\/es\/produit\/coaching-business-plan-financement-4\/#breadcrumb\"},\"inLanguage\":\"es\",\"potentialAction\":[{\"@type\":\"ReadAction\",\"target\":[\"https:\/\/empow-her.com\/es\/produit\/coaching-business-plan-financement-4\/\"]}]},{\"@type\":\"BreadcrumbList\",\"@id\":\"https:\/\/empow-her.com\/es\/produit\/coaching-business-plan-financement-4\/#breadcrumb\",\"itemListElement\":[{\"@type\":\"ListItem\",\"position\":1,\"name\":\"Accueil\",\"item\":\"https:\/\/empow-her.com\/es\/inicio\/\"},{\"@type\":\"ListItem\",\"position\":2,\"name\":\"LA BOUTIQUE\",\"item\":\"https:\/\/empow-her.com\/boutique\/\"},{\"@type\":\"ListItem\",\"position\":3,\"name\":\"Coaching &#8211; Toutes les cl\u00e9s pour trouver des financements &#038; faire son business plan\"}]},{\"@type\":\"WebSite\",\"@id\":\"https:\/\/empow-her.com\/#website\",\"url\":\"https:\/\/empow-her.com\/\",\"name\":\"Empow&#039;Her\",\"description\":\"Women Development\",\"potentialAction\":[{\"@type\":\"SearchAction\",\"target\":{\"@type\":\"EntryPoint\",\"urlTemplate\":\"https:\/\/empow-her.com\/?s={search_term_string}\"},\"query-input\":{\"@type\":\"PropertyValueSpecification\",\"valueRequired\":true,\"valueName\":\"search_term_string\"}}],\"inLanguage\":\"es\"}]}<\/script>\n<!-- \/ Yoast SEO plugin. -->","yoast_head_json":{"title":"Coaching - Toutes les cl\u00e9s pour trouver des financements & faire son business plan - Empow&#039;Her","robots":{"index":"index","follow":"follow","max-snippet":"max-snippet:-1","max-image-preview":"max-image-preview:large","max-video-preview":"max-video-preview:-1"},"canonical":"https:\/\/empow-her.com\/es\/produit\/coaching-business-plan-financement-4\/","og_locale":"es_ES","og_type":"article","og_title":"Coaching - Toutes les cl\u00e9s pour trouver des financements & faire son business plan - Empow&#039;Her","og_description":"Comment financer mon projet ? Quelles sources de financement existent ? Comment structurer mon business plan et mon financement ? Comment identifier les modes de financement possibles pour mon projet ? G\u00e9rer mon budget et ma comptabilit\u00e9? Ou encore pr\u00e9parer mon rendez-vous \u00e0 la banque ou devant des investisseurs ? Orianne r\u00e9pond \u00e0 toutes vos questions sur la strat\u00e9gie de financement de votre projet et son business plan !  &nbsp;  Par : O2C Expertie &amp; Conseil  &nbsp;  Intervenant.e.s : Orianne Champon, fondatrice de O2C\u00a0  Experte sur les th\u00e9matiques de financements, business plan, comptabilit\u00e9,\u00a0 Orianne accompagne les cr\u00e9ateurs\u00b7rices d'entreprise, les TPME\/PME \u00e0 penser une entreprise responsable, en d\u00e9veloppant de nouvelles fa\u00e7ons de consommer\/exploiter les ressources.  Dur\u00e9e : Permanence de 4h avec un cr\u00e9neau de 1h par participante","og_url":"https:\/\/empow-her.com\/es\/produit\/coaching-business-plan-financement-4\/","og_site_name":"Empow&#039;Her","article_modified_time":"2021-05-26T17:12:32+00:00","twitter_card":"summary_large_image","schema":{"@context":"https:\/\/schema.org","@graph":[{"@type":"WebPage","@id":"https:\/\/empow-her.com\/es\/produit\/coaching-business-plan-financement-4\/","url":"https:\/\/empow-her.com\/es\/produit\/coaching-business-plan-financement-4\/","name":"Coaching - Toutes les cl\u00e9s pour trouver des financements & faire son business plan - Empow&#039;Her","isPartOf":{"@id":"https:\/\/empow-her.com\/#website"},"datePublished":"2021-04-23T09:26:56+00:00","dateModified":"2021-05-26T17:12:32+00:00","breadcrumb":{"@id":"https:\/\/empow-her.com\/es\/produit\/coaching-business-plan-financement-4\/#breadcrumb"},"inLanguage":"es","potentialAction":[{"@type":"ReadAction","target":["https:\/\/empow-her.com\/es\/produit\/coaching-business-plan-financement-4\/"]}]},{"@type":"BreadcrumbList","@id":"https:\/\/empow-her.com\/es\/produit\/coaching-business-plan-financement-4\/#breadcrumb","itemListElement":[{"@type":"ListItem","position":1,"name":"Accueil","item":"https:\/\/empow-her.com\/es\/inicio\/"},{"@type":"ListItem","position":2,"name":"LA BOUTIQUE","item":"https:\/\/empow-her.com\/boutique\/"},{"@type":"ListItem","position":3,"name":"Coaching &#8211; Toutes les cl\u00e9s pour trouver des financements &#038; faire son business plan"}]},{"@type":"WebSite","@id":"https:\/\/empow-her.com\/#website","url":"https:\/\/empow-her.com\/","name":"Empow&#039;Her","description":"Women Development","potentialAction":[{"@type":"SearchAction","target":{"@type":"EntryPoint","urlTemplate":"https:\/\/empow-her.com\/?s={search_term_string}"},"query-input":{"@type":"PropertyValueSpecification","valueRequired":true,"valueName":"search_term_string"}}],"inLanguage":"es"}]}},"_links":{"self":[{"href":"https:\/\/empow-her.com\/es\/wp-json\/wp\/v2\/product\/13293","targetHints":{"allow":["GET"]}}],"collection":[{"href":"https:\/\/empow-her.com\/es\/wp-json\/wp\/v2\/product"}],"about":[{"href":"https:\/\/empow-her.com\/es\/wp-json\/wp\/v2\/types\/product"}],"wp:attachment":[{"href":"https:\/\/empow-her.com\/es\/wp-json\/wp\/v2\/media?parent=13293"}],"wp:term":[{"taxonomy":"product_brand","embeddable":true,"href":"https:\/\/empow-her.com\/es\/wp-json\/wp\/v2\/product_brand?post=13293"},{"taxonomy":"product_cat","embeddable":true,"href":"https:\/\/empow-her.com\/es\/wp-json\/wp\/v2\/product_cat?post=13293"},{"taxonomy":"product_tag","embeddable":true,"href":"https:\/\/empow-her.com\/es\/wp-json\/wp\/v2\/product_tag?post=13293"},{"taxonomy":"lieu","embeddable":true,"href":"https:\/\/empow-her.com\/es\/wp-json\/wp\/v2\/lieu?post=13293"},{"taxonomy":"thematiques","embeddable":true,"href":"https:\/\/empow-her.com\/es\/wp-json\/wp\/v2\/thematiques?post=13293"}],"curies":[{"name":"wp","href":"https:\/\/api.w.org\/{rel}","templated":true}]}}