{"id":13157,"date":"2021-04-21T14:58:51","date_gmt":"2021-04-21T12:58:51","guid":{"rendered":"https:\/\/empow-her.com\/?post_type=product&#038;p=13157"},"modified":"2021-04-21T15:00:24","modified_gmt":"2021-04-21T13:00:24","slug":"coaching-comprendre-ses-beneficiaires-et-son-ecosysteme-3","status":"publish","type":"product","link":"https:\/\/empow-her.com\/es\/produit\/coaching-comprendre-ses-beneficiaires-et-son-ecosysteme-3\/","title":{"rendered":"Coaching &#8211; Comprendre ses b\u00e9n\u00e9ficiaires et son \u00e9cosyst\u00e8me"},"content":{"rendered":"","protected":false},"excerpt":{"rendered":"<p>Vous souhaitez comprendre qui sont vos clients, utilisateurs ou b\u00e9n\u00e9ficiaires ? Creuser leurs besoins profonds ? Cartographier votre \u00e9cosyst\u00e8me ? Participez \u00e0 cette session de coaching avec Alexandre de Comit !<\/p>\n<p>&nbsp;<\/p>\n<p><b>Par : <\/b>Comit<\/p>\n<p>&nbsp;<\/p>\n<p><span data-sheets-value=\"{&quot;1&quot;:2,&quot;2&quot;:&quot;Alexandre Sourzac-Lami est co-fondateur de Comit, une structure sp\u00e9cialis\u00e9e qui con\u00e7oit et adapte des outils et m\u00e9thodes pour donner aux entrepreneur.e.s la capacit\u00e9 de d\u00e9velopper des mod\u00e8les \u00e9conomiques p\u00e9rennes.&quot;}\" data-sheets-userformat=\"{&quot;2&quot;:1055743,&quot;3&quot;:{&quot;1&quot;:0},&quot;4&quot;:{&quot;1&quot;:2,&quot;2&quot;:16777215},&quot;5&quot;:{&quot;1&quot;:[{&quot;1&quot;:2,&quot;2&quot;:0,&quot;5&quot;:{&quot;1&quot;:2,&quot;2&quot;:0}},{&quot;1&quot;:0,&quot;2&quot;:0,&quot;3&quot;:3},{&quot;1&quot;:1,&quot;2&quot;:0,&quot;4&quot;:1}]},&quot;6&quot;:{&quot;1&quot;:[{&quot;1&quot;:2,&quot;2&quot;:0,&quot;5&quot;:{&quot;1&quot;:2,&quot;2&quot;:0}},{&quot;1&quot;:0,&quot;2&quot;:0,&quot;3&quot;:3},{&quot;1&quot;:1,&quot;2&quot;:0,&quot;4&quot;:1}]},&quot;7&quot;:{&quot;1&quot;:[{&quot;1&quot;:2,&quot;2&quot;:0,&quot;5&quot;:{&quot;1&quot;:2,&quot;2&quot;:0}},{&quot;1&quot;:0,&quot;2&quot;:0,&quot;3&quot;:3},{&quot;1&quot;:1,&quot;2&quot;:0,&quot;4&quot;:1}]},&quot;8&quot;:{&quot;1&quot;:[{&quot;1&quot;:2,&quot;2&quot;:0,&quot;5&quot;:{&quot;1&quot;:2,&quot;2&quot;:0}},{&quot;1&quot;:0,&quot;2&quot;:0,&quot;3&quot;:3},{&quot;1&quot;:1,&quot;2&quot;:0,&quot;4&quot;:1}]},&quot;9&quot;:0,&quot;10&quot;:1,&quot;11&quot;:4,&quot;12&quot;:0,&quot;14&quot;:{&quot;1&quot;:2,&quot;2&quot;:0},&quot;15&quot;:&quot;Calibri&quot;,&quot;23&quot;:1}\" data-sheets-textstyleruns=\"{&quot;1&quot;:0}\uee10{&quot;1&quot;:43,&quot;2&quot;:{&quot;2&quot;:{&quot;1&quot;:2,&quot;2&quot;:1136076},&quot;9&quot;:1}}\uee10{&quot;1&quot;:48}\" data-sheets-hyperlinkruns=\"{&quot;1&quot;:43,&quot;2&quot;:&quot;https:\/\/www.comit.berlin\/&quot;}\uee10{&quot;1&quot;:48}\"><strong>Intervenant.e.s :<\/strong> Alexandre Sourzac-Lami est co-fondateur de <a class=\"in-cell-link\" href=\"https:\/\/www.comit.berlin\/\" target=\"_blank\" rel=\"noopener noreferrer\">Comit<\/a>, une structure sp\u00e9cialis\u00e9e qui con\u00e7oit et adapte des outils et m\u00e9thodes pour donner aux entrepreneur.e.s la capacit\u00e9 de d\u00e9velopper des mod\u00e8les \u00e9conomiques p\u00e9rennes.<\/span><\/p>\n<p><strong>Son petit mot :<\/strong> <em>Vos projets sont l&#8217;avenir de l&#8217;\u00e9conomie sociale et solidaire : vous lancer, c&#8217;est un petit pas pour la femme mais un grand pas pour l&#8217;entrepreneuriat f\u00e9minin!<\/em><\/p>\n<p><strong>Lieu<\/strong> : En ligne<\/p>\n<p><strong>Dur\u00e9e<\/strong> : <span data-sheets-value=\"{&quot;1&quot;:2,&quot;2&quot;:&quot;Permanence de 4h avec un cr\u00e9neau de 1h par participante (+ 15 minutes entre chaque)&quot;}\" data-sheets-userformat=\"{&quot;2&quot;:7167,&quot;3&quot;:{&quot;1&quot;:0},&quot;4&quot;:{&quot;1&quot;:2,&quot;2&quot;:16777215},&quot;5&quot;:{&quot;1&quot;:[{&quot;1&quot;:2,&quot;2&quot;:0,&quot;5&quot;:{&quot;1&quot;:2,&quot;2&quot;:0}},{&quot;1&quot;:0,&quot;2&quot;:0,&quot;3&quot;:3},{&quot;1&quot;:1,&quot;2&quot;:0,&quot;4&quot;:1}]},&quot;6&quot;:{&quot;1&quot;:[{&quot;1&quot;:2,&quot;2&quot;:0,&quot;5&quot;:{&quot;1&quot;:2,&quot;2&quot;:0}},{&quot;1&quot;:0,&quot;2&quot;:0,&quot;3&quot;:3},{&quot;1&quot;:1,&quot;2&quot;:0,&quot;4&quot;:1}]},&quot;7&quot;:{&quot;1&quot;:[{&quot;1&quot;:2,&quot;2&quot;:0,&quot;5&quot;:{&quot;1&quot;:2,&quot;2&quot;:0}},{&quot;1&quot;:0,&quot;2&quot;:0,&quot;3&quot;:3},{&quot;1&quot;:1,&quot;2&quot;:0,&quot;4&quot;:1}]},&quot;8&quot;:{&quot;1&quot;:[{&quot;1&quot;:2,&quot;2&quot;:0,&quot;5&quot;:{&quot;1&quot;:2,&quot;2&quot;:0}},{&quot;1&quot;:0,&quot;2&quot;:0,&quot;3&quot;:3},{&quot;1&quot;:1,&quot;2&quot;:0,&quot;4&quot;:1}]},&quot;9&quot;:0,&quot;10&quot;:1,&quot;11&quot;:4,&quot;12&quot;:0,&quot;14&quot;:{&quot;1&quot;:2,&quot;2&quot;:0},&quot;15&quot;:&quot;Calibri&quot;}\">Permanence de 4h avec un cr\u00e9neau de 1h par participante\u00a0<\/span><\/p>\n<p>&nbsp;<\/p>\n","protected":false},"featured_media":0,"template":"","format":"standard","meta":{"_acf_changed":false,"om_disable_all_campaigns":false,"_uf_show_specific_survey":0,"_uf_disable_surveys":false},"product_brand":[],"product_cat":[121],"product_tag":[],"lieu":[],"thematiques":[],"class_list":{"0":"post-13157","1":"product","2":"type-product","3":"status-publish","4":"format-standard","6":"product_cat-coaching","8":"first","9":"instock","10":"virtual","11":"purchasable","12":"product-type-appointment"},"exclude_global_add_ons":[],"addons":[],"acf":[],"yoast_head":"<!-- This site is optimized with the Yoast SEO plugin v24.8 - https:\/\/yoast.com\/wordpress\/plugins\/seo\/ -->\n<title>Coaching - Comprendre ses b\u00e9n\u00e9ficiaires et son \u00e9cosyst\u00e8me - Empow&#039;Her<\/title>\n<meta name=\"robots\" content=\"index, follow, max-snippet:-1, max-image-preview:large, max-video-preview:-1\" \/>\n<link rel=\"canonical\" href=\"https:\/\/empow-her.com\/es\/produit\/coaching-comprendre-ses-beneficiaires-et-son-ecosysteme-3\/\" \/>\n<meta property=\"og:locale\" content=\"es_ES\" \/>\n<meta property=\"og:type\" content=\"article\" \/>\n<meta property=\"og:title\" content=\"Coaching - Comprendre ses b\u00e9n\u00e9ficiaires et son \u00e9cosyst\u00e8me - Empow&#039;Her\" \/>\n<meta property=\"og:description\" content=\"Vous souhaitez comprendre qui sont vos clients, utilisateurs ou b\u00e9n\u00e9ficiaires ? Creuser leurs besoins profonds ? Cartographier votre \u00e9cosyst\u00e8me ? Participez \u00e0 cette session de coaching avec Alexandre de Comit !  &nbsp;  Par : Comit  &nbsp;  Intervenant.e.s : Alexandre Sourzac-Lami est co-fondateur de Comit, une structure sp\u00e9cialis\u00e9e qui con\u00e7oit et adapte des outils et m\u00e9thodes pour donner aux entrepreneur.e.s la capacit\u00e9 de d\u00e9velopper des mod\u00e8les \u00e9conomiques p\u00e9rennes.  Son petit mot : Vos projets sont l&#039;avenir de l&#039;\u00e9conomie sociale et solidaire : vous lancer, c&#039;est un petit pas pour la femme mais un grand pas pour l&#039;entrepreneuriat f\u00e9minin!  Lieu : En ligne  Dur\u00e9e : Permanence de 4h avec un cr\u00e9neau de 1h par participante\u00a0  &nbsp;\" \/>\n<meta property=\"og:url\" content=\"https:\/\/empow-her.com\/es\/produit\/coaching-comprendre-ses-beneficiaires-et-son-ecosysteme-3\/\" \/>\n<meta property=\"og:site_name\" content=\"Empow&#039;Her\" \/>\n<meta property=\"article:modified_time\" content=\"2021-04-21T13:00:24+00:00\" \/>\n<meta name=\"twitter:card\" content=\"summary_large_image\" \/>\n<script type=\"application\/ld+json\" class=\"yoast-schema-graph\">{\"@context\":\"https:\/\/schema.org\",\"@graph\":[{\"@type\":\"WebPage\",\"@id\":\"https:\/\/empow-her.com\/es\/produit\/coaching-comprendre-ses-beneficiaires-et-son-ecosysteme-3\/\",\"url\":\"https:\/\/empow-her.com\/es\/produit\/coaching-comprendre-ses-beneficiaires-et-son-ecosysteme-3\/\",\"name\":\"Coaching - Comprendre ses b\u00e9n\u00e9ficiaires et son \u00e9cosyst\u00e8me - Empow&#039;Her\",\"isPartOf\":{\"@id\":\"https:\/\/empow-her.com\/#website\"},\"datePublished\":\"2021-04-21T12:58:51+00:00\",\"dateModified\":\"2021-04-21T13:00:24+00:00\",\"breadcrumb\":{\"@id\":\"https:\/\/empow-her.com\/es\/produit\/coaching-comprendre-ses-beneficiaires-et-son-ecosysteme-3\/#breadcrumb\"},\"inLanguage\":\"es\",\"potentialAction\":[{\"@type\":\"ReadAction\",\"target\":[\"https:\/\/empow-her.com\/es\/produit\/coaching-comprendre-ses-beneficiaires-et-son-ecosysteme-3\/\"]}]},{\"@type\":\"BreadcrumbList\",\"@id\":\"https:\/\/empow-her.com\/es\/produit\/coaching-comprendre-ses-beneficiaires-et-son-ecosysteme-3\/#breadcrumb\",\"itemListElement\":[{\"@type\":\"ListItem\",\"position\":1,\"name\":\"Accueil\",\"item\":\"https:\/\/empow-her.com\/es\/inicio\/\"},{\"@type\":\"ListItem\",\"position\":2,\"name\":\"LA BOUTIQUE\",\"item\":\"https:\/\/empow-her.com\/boutique\/\"},{\"@type\":\"ListItem\",\"position\":3,\"name\":\"Coaching &#8211; Comprendre ses b\u00e9n\u00e9ficiaires et son \u00e9cosyst\u00e8me\"}]},{\"@type\":\"WebSite\",\"@id\":\"https:\/\/empow-her.com\/#website\",\"url\":\"https:\/\/empow-her.com\/\",\"name\":\"Empow&#039;Her\",\"description\":\"Women Development\",\"potentialAction\":[{\"@type\":\"SearchAction\",\"target\":{\"@type\":\"EntryPoint\",\"urlTemplate\":\"https:\/\/empow-her.com\/?s={search_term_string}\"},\"query-input\":{\"@type\":\"PropertyValueSpecification\",\"valueRequired\":true,\"valueName\":\"search_term_string\"}}],\"inLanguage\":\"es\"}]}<\/script>\n<!-- \/ Yoast SEO plugin. -->","yoast_head_json":{"title":"Coaching - Comprendre ses b\u00e9n\u00e9ficiaires et son \u00e9cosyst\u00e8me - Empow&#039;Her","robots":{"index":"index","follow":"follow","max-snippet":"max-snippet:-1","max-image-preview":"max-image-preview:large","max-video-preview":"max-video-preview:-1"},"canonical":"https:\/\/empow-her.com\/es\/produit\/coaching-comprendre-ses-beneficiaires-et-son-ecosysteme-3\/","og_locale":"es_ES","og_type":"article","og_title":"Coaching - Comprendre ses b\u00e9n\u00e9ficiaires et son \u00e9cosyst\u00e8me - Empow&#039;Her","og_description":"Vous souhaitez comprendre qui sont vos clients, utilisateurs ou b\u00e9n\u00e9ficiaires ? Creuser leurs besoins profonds ? Cartographier votre \u00e9cosyst\u00e8me ? Participez \u00e0 cette session de coaching avec Alexandre de Comit !  &nbsp;  Par : Comit  &nbsp;  Intervenant.e.s : Alexandre Sourzac-Lami est co-fondateur de Comit, une structure sp\u00e9cialis\u00e9e qui con\u00e7oit et adapte des outils et m\u00e9thodes pour donner aux entrepreneur.e.s la capacit\u00e9 de d\u00e9velopper des mod\u00e8les \u00e9conomiques p\u00e9rennes.  Son petit mot : Vos projets sont l'avenir de l'\u00e9conomie sociale et solidaire : vous lancer, c'est un petit pas pour la femme mais un grand pas pour l'entrepreneuriat f\u00e9minin!  Lieu : En ligne  Dur\u00e9e : Permanence de 4h avec un cr\u00e9neau de 1h par participante\u00a0  &nbsp;","og_url":"https:\/\/empow-her.com\/es\/produit\/coaching-comprendre-ses-beneficiaires-et-son-ecosysteme-3\/","og_site_name":"Empow&#039;Her","article_modified_time":"2021-04-21T13:00:24+00:00","twitter_card":"summary_large_image","schema":{"@context":"https:\/\/schema.org","@graph":[{"@type":"WebPage","@id":"https:\/\/empow-her.com\/es\/produit\/coaching-comprendre-ses-beneficiaires-et-son-ecosysteme-3\/","url":"https:\/\/empow-her.com\/es\/produit\/coaching-comprendre-ses-beneficiaires-et-son-ecosysteme-3\/","name":"Coaching - Comprendre ses b\u00e9n\u00e9ficiaires et son \u00e9cosyst\u00e8me - Empow&#039;Her","isPartOf":{"@id":"https:\/\/empow-her.com\/#website"},"datePublished":"2021-04-21T12:58:51+00:00","dateModified":"2021-04-21T13:00:24+00:00","breadcrumb":{"@id":"https:\/\/empow-her.com\/es\/produit\/coaching-comprendre-ses-beneficiaires-et-son-ecosysteme-3\/#breadcrumb"},"inLanguage":"es","potentialAction":[{"@type":"ReadAction","target":["https:\/\/empow-her.com\/es\/produit\/coaching-comprendre-ses-beneficiaires-et-son-ecosysteme-3\/"]}]},{"@type":"BreadcrumbList","@id":"https:\/\/empow-her.com\/es\/produit\/coaching-comprendre-ses-beneficiaires-et-son-ecosysteme-3\/#breadcrumb","itemListElement":[{"@type":"ListItem","position":1,"name":"Accueil","item":"https:\/\/empow-her.com\/es\/inicio\/"},{"@type":"ListItem","position":2,"name":"LA BOUTIQUE","item":"https:\/\/empow-her.com\/boutique\/"},{"@type":"ListItem","position":3,"name":"Coaching &#8211; Comprendre ses b\u00e9n\u00e9ficiaires et son \u00e9cosyst\u00e8me"}]},{"@type":"WebSite","@id":"https:\/\/empow-her.com\/#website","url":"https:\/\/empow-her.com\/","name":"Empow&#039;Her","description":"Women Development","potentialAction":[{"@type":"SearchAction","target":{"@type":"EntryPoint","urlTemplate":"https:\/\/empow-her.com\/?s={search_term_string}"},"query-input":{"@type":"PropertyValueSpecification","valueRequired":true,"valueName":"search_term_string"}}],"inLanguage":"es"}]}},"_links":{"self":[{"href":"https:\/\/empow-her.com\/es\/wp-json\/wp\/v2\/product\/13157","targetHints":{"allow":["GET"]}}],"collection":[{"href":"https:\/\/empow-her.com\/es\/wp-json\/wp\/v2\/product"}],"about":[{"href":"https:\/\/empow-her.com\/es\/wp-json\/wp\/v2\/types\/product"}],"wp:attachment":[{"href":"https:\/\/empow-her.com\/es\/wp-json\/wp\/v2\/media?parent=13157"}],"wp:term":[{"taxonomy":"product_brand","embeddable":true,"href":"https:\/\/empow-her.com\/es\/wp-json\/wp\/v2\/product_brand?post=13157"},{"taxonomy":"product_cat","embeddable":true,"href":"https:\/\/empow-her.com\/es\/wp-json\/wp\/v2\/product_cat?post=13157"},{"taxonomy":"product_tag","embeddable":true,"href":"https:\/\/empow-her.com\/es\/wp-json\/wp\/v2\/product_tag?post=13157"},{"taxonomy":"lieu","embeddable":true,"href":"https:\/\/empow-her.com\/es\/wp-json\/wp\/v2\/lieu?post=13157"},{"taxonomy":"thematiques","embeddable":true,"href":"https:\/\/empow-her.com\/es\/wp-json\/wp\/v2\/thematiques?post=13157"}],"curies":[{"name":"wp","href":"https:\/\/api.w.org\/{rel}","templated":true}]}}