{"id":13142,"date":"2021-04-21T11:33:21","date_gmt":"2021-04-21T09:33:21","guid":{"rendered":"https:\/\/empow-her.com\/?post_type=product&#038;p=13142"},"modified":"2021-05-17T18:44:28","modified_gmt":"2021-05-17T16:44:28","slug":"atelier-les-cles-du-succes-dune-campagne-de-financement-participatif","status":"publish","type":"product","link":"https:\/\/empow-her.com\/es\/produit\/atelier-les-cles-du-succes-dune-campagne-de-financement-participatif\/","title":{"rendered":"Atelier &#8211; Les cl\u00e9s du succ\u00e8s d&#8217;une campagne de financement participatif"},"content":{"rendered":"","protected":false},"excerpt":{"rendered":"<div>\n<p>Vous \u00eates entrepeneur\u00b7e sur le point de commencer un projet de crowdfunding, ou tout simplement curieux\u00b7se\u00a0mais il vous manque encore quelques billes sur le financement participatif ? C&#8217;est le moment de se familiariser sans complexe et de passer le pas accompagn\u00e9 par\u00a0Ulule\u00a0! Retrouvez Lucile Tauvel, responsable de l&#8217;accompagnement et des projets chez Ulule, pour une formation d\u00e9di\u00e9e sur les cl\u00e9s de succ\u00e8s d&#8217;une campagne, vous familiariser au financement participatif, \u00e0 ses m\u00e9thodes, ses enjeux.<\/p>\n<\/div>\n<p><strong>Par<\/strong><b> : <\/b><a href=\"https:\/\/fr.ulule.com\/\">Ulule<\/a><\/p>\n<p><strong>Intervenante<\/strong> <strong>: Lucile Tauvel, responsable de l&#8217;accompagnement et des projets &amp; Emma Viallet, accompagnatrice de projets<\/strong><\/p>\n<p>Cr\u00e9\u00e9 en 2010, alors pionnier du crowdfunding,\u00a0Ulule\u00a0est aujourd\u2019hui le 1er incubateur participatif de projets \u00e0 impact positif en Europe.\u00a0Sa mission est de donner \u00e0 chacun \u2013 cr\u00e9ateurs et cr\u00e9atrices, citoyens et citoyennes, entreprises &#8211; le pouvoir d\u2019agir pour un monde plus divers, plus durable, plus ouvert. Au-del\u00e0 du financement, il s\u2019agit d\u2019aider les porteurs et porteuses de projet \u00e0 passer de l\u2019id\u00e9e \u00e0 l\u2019action, \u00e0 r\u00e9ussir et faire grandir leurs projets pour en d\u00e9multiplier l\u2019impact.<br \/>\nUlule\u00a0est une entreprise B Corp depuis 2015, op\u00e9rant depuis son si\u00e8ge \u00e0 Paris et son bureau international \u00e0 Montr\u00e9al. La communaut\u00e9\u00a0Ulule\u00a0de 3 millions de membres a permis \u00e0 plus de 35 000 projets de voir le jour.<\/p>\n<p>&nbsp;<\/p>\n","protected":false},"featured_media":0,"template":"","format":"standard","meta":{"_acf_changed":false,"om_disable_all_campaigns":false,"_uf_show_specific_survey":0,"_uf_disable_surveys":false},"product_brand":[],"product_cat":[119],"product_tag":[],"lieu":[125],"thematiques":[],"class_list":{"0":"post-13142","1":"product","2":"type-product","3":"status-publish","4":"format-standard","6":"product_cat-evenement-sisther","7":"lieu-en-ligne","9":"first","10":"instock","11":"virtual","12":"purchasable","13":"product-type-appointment"},"exclude_global_add_ons":[],"addons":[],"acf":[],"yoast_head":"<!-- This site is optimized with the Yoast SEO plugin v24.8 - https:\/\/yoast.com\/wordpress\/plugins\/seo\/ -->\n<title>Atelier - Les cl\u00e9s du succ\u00e8s d&#039;une campagne de financement participatif - Empow&#039;Her<\/title>\n<meta name=\"robots\" content=\"index, follow, max-snippet:-1, max-image-preview:large, max-video-preview:-1\" \/>\n<link rel=\"canonical\" href=\"https:\/\/empow-her.com\/es\/produit\/atelier-les-cles-du-succes-dune-campagne-de-financement-participatif\/\" \/>\n<meta property=\"og:locale\" content=\"es_ES\" \/>\n<meta property=\"og:type\" content=\"article\" \/>\n<meta property=\"og:title\" content=\"Atelier - Les cl\u00e9s du succ\u00e8s d&#039;une campagne de financement participatif - Empow&#039;Her\" \/>\n<meta property=\"og:description\" content=\"Vous \u00eates entrepeneur\u00b7e sur le point de commencer un projet de crowdfunding, ou tout simplement curieux\u00b7se\u00a0mais il vous manque encore quelques billes sur le financement participatif ? C&#039;est le moment de se familiariser sans complexe et de passer le pas accompagn\u00e9 par\u00a0Ulule\u00a0! Retrouvez Lucile Tauvel, responsable de l&#039;accompagnement et des projets chez Ulule, pour une formation d\u00e9di\u00e9e sur les cl\u00e9s de succ\u00e8s d&#039;une campagne, vous familiariser au financement participatif, \u00e0 ses m\u00e9thodes, ses enjeux.   Par : Ulule  Intervenante : Lucile Tauvel, responsable de l&#039;accompagnement et des projets &amp; Emma Viallet, accompagnatrice de projets  Cr\u00e9\u00e9 en 2010, alors pionnier du crowdfunding,\u00a0Ulule\u00a0est aujourd\u2019hui le 1er incubateur participatif de projets \u00e0 impact positif en Europe.\u00a0Sa mission est de donner \u00e0 chacun \u2013 cr\u00e9ateurs et cr\u00e9atrices, citoyens et citoyennes, entreprises - le pouvoir d\u2019agir pour un monde plus divers, plus durable, plus ouvert. Au-del\u00e0 du financement, il s\u2019agit d\u2019aider les porteurs et porteuses de projet \u00e0 passer de l\u2019id\u00e9e \u00e0 l\u2019action, \u00e0 r\u00e9ussir et faire grandir leurs projets pour en d\u00e9multiplier l\u2019impact. Ulule\u00a0est une entreprise B Corp depuis 2015, op\u00e9rant depuis son si\u00e8ge \u00e0 Paris et son bureau international \u00e0 Montr\u00e9al. La communaut\u00e9\u00a0Ulule\u00a0de 3 millions de membres a permis \u00e0 plus de 35 000 projets de voir le jour.  &nbsp;\" \/>\n<meta property=\"og:url\" content=\"https:\/\/empow-her.com\/es\/produit\/atelier-les-cles-du-succes-dune-campagne-de-financement-participatif\/\" \/>\n<meta property=\"og:site_name\" content=\"Empow&#039;Her\" \/>\n<meta property=\"article:modified_time\" content=\"2021-05-17T16:44:28+00:00\" \/>\n<meta name=\"twitter:card\" content=\"summary_large_image\" \/>\n<meta name=\"twitter:label1\" content=\"Tiempo de lectura\" \/>\n\t<meta name=\"twitter:data1\" content=\"1 minuto\" \/>\n<script type=\"application\/ld+json\" class=\"yoast-schema-graph\">{\"@context\":\"https:\/\/schema.org\",\"@graph\":[{\"@type\":\"WebPage\",\"@id\":\"https:\/\/empow-her.com\/es\/produit\/atelier-les-cles-du-succes-dune-campagne-de-financement-participatif\/\",\"url\":\"https:\/\/empow-her.com\/es\/produit\/atelier-les-cles-du-succes-dune-campagne-de-financement-participatif\/\",\"name\":\"Atelier - Les cl\u00e9s du succ\u00e8s d'une campagne de financement participatif - Empow&#039;Her\",\"isPartOf\":{\"@id\":\"https:\/\/empow-her.com\/#website\"},\"datePublished\":\"2021-04-21T09:33:21+00:00\",\"dateModified\":\"2021-05-17T16:44:28+00:00\",\"breadcrumb\":{\"@id\":\"https:\/\/empow-her.com\/es\/produit\/atelier-les-cles-du-succes-dune-campagne-de-financement-participatif\/#breadcrumb\"},\"inLanguage\":\"es\",\"potentialAction\":[{\"@type\":\"ReadAction\",\"target\":[\"https:\/\/empow-her.com\/es\/produit\/atelier-les-cles-du-succes-dune-campagne-de-financement-participatif\/\"]}]},{\"@type\":\"BreadcrumbList\",\"@id\":\"https:\/\/empow-her.com\/es\/produit\/atelier-les-cles-du-succes-dune-campagne-de-financement-participatif\/#breadcrumb\",\"itemListElement\":[{\"@type\":\"ListItem\",\"position\":1,\"name\":\"Accueil\",\"item\":\"https:\/\/empow-her.com\/es\/inicio\/\"},{\"@type\":\"ListItem\",\"position\":2,\"name\":\"LA BOUTIQUE\",\"item\":\"https:\/\/empow-her.com\/boutique\/\"},{\"@type\":\"ListItem\",\"position\":3,\"name\":\"Atelier &#8211; Les cl\u00e9s du succ\u00e8s d&#8217;une campagne de financement participatif\"}]},{\"@type\":\"WebSite\",\"@id\":\"https:\/\/empow-her.com\/#website\",\"url\":\"https:\/\/empow-her.com\/\",\"name\":\"Empow&#039;Her\",\"description\":\"Women Development\",\"potentialAction\":[{\"@type\":\"SearchAction\",\"target\":{\"@type\":\"EntryPoint\",\"urlTemplate\":\"https:\/\/empow-her.com\/?s={search_term_string}\"},\"query-input\":{\"@type\":\"PropertyValueSpecification\",\"valueRequired\":true,\"valueName\":\"search_term_string\"}}],\"inLanguage\":\"es\"}]}<\/script>\n<!-- \/ Yoast SEO plugin. -->","yoast_head_json":{"title":"Atelier - Les cl\u00e9s du succ\u00e8s d'une campagne de financement participatif - Empow&#039;Her","robots":{"index":"index","follow":"follow","max-snippet":"max-snippet:-1","max-image-preview":"max-image-preview:large","max-video-preview":"max-video-preview:-1"},"canonical":"https:\/\/empow-her.com\/es\/produit\/atelier-les-cles-du-succes-dune-campagne-de-financement-participatif\/","og_locale":"es_ES","og_type":"article","og_title":"Atelier - Les cl\u00e9s du succ\u00e8s d'une campagne de financement participatif - Empow&#039;Her","og_description":"Vous \u00eates entrepeneur\u00b7e sur le point de commencer un projet de crowdfunding, ou tout simplement curieux\u00b7se\u00a0mais il vous manque encore quelques billes sur le financement participatif ? C'est le moment de se familiariser sans complexe et de passer le pas accompagn\u00e9 par\u00a0Ulule\u00a0! Retrouvez Lucile Tauvel, responsable de l'accompagnement et des projets chez Ulule, pour une formation d\u00e9di\u00e9e sur les cl\u00e9s de succ\u00e8s d'une campagne, vous familiariser au financement participatif, \u00e0 ses m\u00e9thodes, ses enjeux.   Par : Ulule  Intervenante : Lucile Tauvel, responsable de l'accompagnement et des projets &amp; Emma Viallet, accompagnatrice de projets  Cr\u00e9\u00e9 en 2010, alors pionnier du crowdfunding,\u00a0Ulule\u00a0est aujourd\u2019hui le 1er incubateur participatif de projets \u00e0 impact positif en Europe.\u00a0Sa mission est de donner \u00e0 chacun \u2013 cr\u00e9ateurs et cr\u00e9atrices, citoyens et citoyennes, entreprises - le pouvoir d\u2019agir pour un monde plus divers, plus durable, plus ouvert. Au-del\u00e0 du financement, il s\u2019agit d\u2019aider les porteurs et porteuses de projet \u00e0 passer de l\u2019id\u00e9e \u00e0 l\u2019action, \u00e0 r\u00e9ussir et faire grandir leurs projets pour en d\u00e9multiplier l\u2019impact. Ulule\u00a0est une entreprise B Corp depuis 2015, op\u00e9rant depuis son si\u00e8ge \u00e0 Paris et son bureau international \u00e0 Montr\u00e9al. La communaut\u00e9\u00a0Ulule\u00a0de 3 millions de membres a permis \u00e0 plus de 35 000 projets de voir le jour.  &nbsp;","og_url":"https:\/\/empow-her.com\/es\/produit\/atelier-les-cles-du-succes-dune-campagne-de-financement-participatif\/","og_site_name":"Empow&#039;Her","article_modified_time":"2021-05-17T16:44:28+00:00","twitter_card":"summary_large_image","twitter_misc":{"Tiempo de lectura":"1 minuto"},"schema":{"@context":"https:\/\/schema.org","@graph":[{"@type":"WebPage","@id":"https:\/\/empow-her.com\/es\/produit\/atelier-les-cles-du-succes-dune-campagne-de-financement-participatif\/","url":"https:\/\/empow-her.com\/es\/produit\/atelier-les-cles-du-succes-dune-campagne-de-financement-participatif\/","name":"Atelier - Les cl\u00e9s du succ\u00e8s d'une campagne de financement participatif - Empow&#039;Her","isPartOf":{"@id":"https:\/\/empow-her.com\/#website"},"datePublished":"2021-04-21T09:33:21+00:00","dateModified":"2021-05-17T16:44:28+00:00","breadcrumb":{"@id":"https:\/\/empow-her.com\/es\/produit\/atelier-les-cles-du-succes-dune-campagne-de-financement-participatif\/#breadcrumb"},"inLanguage":"es","potentialAction":[{"@type":"ReadAction","target":["https:\/\/empow-her.com\/es\/produit\/atelier-les-cles-du-succes-dune-campagne-de-financement-participatif\/"]}]},{"@type":"BreadcrumbList","@id":"https:\/\/empow-her.com\/es\/produit\/atelier-les-cles-du-succes-dune-campagne-de-financement-participatif\/#breadcrumb","itemListElement":[{"@type":"ListItem","position":1,"name":"Accueil","item":"https:\/\/empow-her.com\/es\/inicio\/"},{"@type":"ListItem","position":2,"name":"LA BOUTIQUE","item":"https:\/\/empow-her.com\/boutique\/"},{"@type":"ListItem","position":3,"name":"Atelier &#8211; Les cl\u00e9s du succ\u00e8s d&#8217;une campagne de financement participatif"}]},{"@type":"WebSite","@id":"https:\/\/empow-her.com\/#website","url":"https:\/\/empow-her.com\/","name":"Empow&#039;Her","description":"Women Development","potentialAction":[{"@type":"SearchAction","target":{"@type":"EntryPoint","urlTemplate":"https:\/\/empow-her.com\/?s={search_term_string}"},"query-input":{"@type":"PropertyValueSpecification","valueRequired":true,"valueName":"search_term_string"}}],"inLanguage":"es"}]}},"_links":{"self":[{"href":"https:\/\/empow-her.com\/es\/wp-json\/wp\/v2\/product\/13142","targetHints":{"allow":["GET"]}}],"collection":[{"href":"https:\/\/empow-her.com\/es\/wp-json\/wp\/v2\/product"}],"about":[{"href":"https:\/\/empow-her.com\/es\/wp-json\/wp\/v2\/types\/product"}],"wp:attachment":[{"href":"https:\/\/empow-her.com\/es\/wp-json\/wp\/v2\/media?parent=13142"}],"wp:term":[{"taxonomy":"product_brand","embeddable":true,"href":"https:\/\/empow-her.com\/es\/wp-json\/wp\/v2\/product_brand?post=13142"},{"taxonomy":"product_cat","embeddable":true,"href":"https:\/\/empow-her.com\/es\/wp-json\/wp\/v2\/product_cat?post=13142"},{"taxonomy":"product_tag","embeddable":true,"href":"https:\/\/empow-her.com\/es\/wp-json\/wp\/v2\/product_tag?post=13142"},{"taxonomy":"lieu","embeddable":true,"href":"https:\/\/empow-her.com\/es\/wp-json\/wp\/v2\/lieu?post=13142"},{"taxonomy":"thematiques","embeddable":true,"href":"https:\/\/empow-her.com\/es\/wp-json\/wp\/v2\/thematiques?post=13142"}],"curies":[{"name":"wp","href":"https:\/\/api.w.org\/{rel}","templated":true}]}}