{"id":12899,"date":"2021-04-15T13:49:09","date_gmt":"2021-04-15T11:49:09","guid":{"rendered":"https:\/\/empow-her.com\/?post_type=product&#038;p=12899"},"modified":"2021-05-10T12:38:33","modified_gmt":"2021-05-10T10:38:33","slug":"coaching-developper-mon-empathie-envers-mes-futurs-clients-et-mon-reseau-savoir-ecouter-et-savoir-mentourer","status":"publish","type":"product","link":"https:\/\/empow-her.com\/es\/produit\/coaching-developper-mon-empathie-envers-mes-futurs-clients-et-mon-reseau-savoir-ecouter-et-savoir-mentourer\/","title":{"rendered":"Coaching &#8211; D\u00e9velopper mon empathie envers mes futurs clients et mon r\u00e9seau : savoir \u00e9couter et savoir m&#8217;entourer"},"content":{"rendered":"","protected":false},"excerpt":{"rendered":"<p>Vous souhaitez pouvoir comprendre les besoins profonds de vos diff\u00e9rentes parties prenantes ? Qui sont vos clients et que veulent-ils ? Comment d\u00e9velopper votre empathie, se d\u00e9tacher de votre imaginaire pour comprendre la r\u00e9alit\u00e9 des diff\u00e9rents acteurs de votre r\u00e9seau ? Participez \u00e0 cette session de coaching avec Anouchka qui a pour but de vous aider \u00e0 d\u00e9velopper votre posture empathique aupr\u00e8s de votre r\u00e9seau !<\/p>\n<p>&nbsp;<\/p>\n<p><b>Par : <\/b>Anouchka Colin<\/p>\n<p>&nbsp;<\/p>\n<p><span data-sheets-value=\"{&quot;1&quot;:2,&quot;2&quot;:&quot;Alexandre Sourzac-Lami est co-fondateur de Comit, une structure sp\u00e9cialis\u00e9e qui con\u00e7oit et adapte des outils et m\u00e9thodes pour donner aux entrepreneur.e.s la capacit\u00e9 de d\u00e9velopper des mod\u00e8les \u00e9conomiques p\u00e9rennes.&quot;}\" data-sheets-userformat=\"{&quot;2&quot;:1055743,&quot;3&quot;:{&quot;1&quot;:0},&quot;4&quot;:{&quot;1&quot;:2,&quot;2&quot;:16777215},&quot;5&quot;:{&quot;1&quot;:[{&quot;1&quot;:2,&quot;2&quot;:0,&quot;5&quot;:{&quot;1&quot;:2,&quot;2&quot;:0}},{&quot;1&quot;:0,&quot;2&quot;:0,&quot;3&quot;:3},{&quot;1&quot;:1,&quot;2&quot;:0,&quot;4&quot;:1}]},&quot;6&quot;:{&quot;1&quot;:[{&quot;1&quot;:2,&quot;2&quot;:0,&quot;5&quot;:{&quot;1&quot;:2,&quot;2&quot;:0}},{&quot;1&quot;:0,&quot;2&quot;:0,&quot;3&quot;:3},{&quot;1&quot;:1,&quot;2&quot;:0,&quot;4&quot;:1}]},&quot;7&quot;:{&quot;1&quot;:[{&quot;1&quot;:2,&quot;2&quot;:0,&quot;5&quot;:{&quot;1&quot;:2,&quot;2&quot;:0}},{&quot;1&quot;:0,&quot;2&quot;:0,&quot;3&quot;:3},{&quot;1&quot;:1,&quot;2&quot;:0,&quot;4&quot;:1}]},&quot;8&quot;:{&quot;1&quot;:[{&quot;1&quot;:2,&quot;2&quot;:0,&quot;5&quot;:{&quot;1&quot;:2,&quot;2&quot;:0}},{&quot;1&quot;:0,&quot;2&quot;:0,&quot;3&quot;:3},{&quot;1&quot;:1,&quot;2&quot;:0,&quot;4&quot;:1}]},&quot;9&quot;:0,&quot;10&quot;:1,&quot;11&quot;:4,&quot;12&quot;:0,&quot;14&quot;:{&quot;1&quot;:2,&quot;2&quot;:0},&quot;15&quot;:&quot;Calibri&quot;,&quot;23&quot;:1}\" data-sheets-textstyleruns=\"{&quot;1&quot;:0}\uee10{&quot;1&quot;:43,&quot;2&quot;:{&quot;2&quot;:{&quot;1&quot;:2,&quot;2&quot;:1136076},&quot;9&quot;:1}}\uee10{&quot;1&quot;:48}\" data-sheets-hyperlinkruns=\"{&quot;1&quot;:43,&quot;2&quot;:&quot;https:\/\/www.comit.berlin\/&quot;}\uee10{&quot;1&quot;:48}\"><strong>Intervenante : <\/strong>Anouchka a travaill\u00e9 12 ans dans des multinationales sur les probl\u00e9matiques d\u2019\u00e9tudes marketing et d\u2019\u00e9coute des consommateurs. Son r\u00f4le \u00e9tait alors de porter leur voix en interne. Elle a finalement d\u00e9cid\u00e9 de quitter ce monde professionnel pour trouver plus de sens en suivant un programme de transition de carri\u00e8re vers l\u2019\u00e9conomie sociale et solidaire, et s\u2019est rendue compte que la probl\u00e9matique de l\u2019\u00e9coute des b\u00e9n\u00e9ficiaires \u00e9tait cl\u00e9 l\u00e0 aussi. Ecouter mais surtout comprendre les besoins des b\u00e9n\u00e9ficiaires, mais aussi des financeurs, des membres de son r\u00e9seau, des potentiels partenaires, c\u2019est d\u00e9velopper de meilleures relations gagnant-gagnant et prendre du recul sur son projet.<\/span><\/p>\n<p>&nbsp;<\/p>\n<p><strong>Son super pouvoir<\/strong> <strong>? <\/strong>Cr\u00e9atrice d\u2019\u00e9coute mutuelle !<\/p>\n<p>&nbsp;<\/p>\n<p><strong>Son petit mot<\/strong>\u00a0:\u00a0<em>L\u2019empathie est une qualit\u00e9 essentielle \u00e0 d\u00e9velopper, pour son projet mais aussi dans sa vie personnelle : elle \u00e9vite bien des d\u00e9convenues et des d\u00e9bats st\u00e9riles. Je crois profond\u00e9ment que c\u2019est ce dont le monde a besoin : des entrepreneures r\u00e9ellement empathiques !<\/em><\/p>\n<p>&nbsp;<\/p>\n<p>&nbsp;<\/p>\n<p><strong>Dur\u00e9e<\/strong> : <span data-sheets-value=\"{&quot;1&quot;:2,&quot;2&quot;:&quot;Permanence de 3h avec un cr\u00e9neau de 1h par participante&quot;}\" data-sheets-userformat=\"{&quot;2&quot;:5117,&quot;3&quot;:{&quot;1&quot;:0},&quot;5&quot;:{&quot;1&quot;:[{&quot;1&quot;:2,&quot;2&quot;:0,&quot;5&quot;:{&quot;1&quot;:2,&quot;2&quot;:0}},{&quot;1&quot;:0,&quot;2&quot;:0,&quot;3&quot;:3},{&quot;1&quot;:1,&quot;2&quot;:0,&quot;4&quot;:1}]},&quot;6&quot;:{&quot;1&quot;:[{&quot;1&quot;:2,&quot;2&quot;:0,&quot;5&quot;:{&quot;1&quot;:2,&quot;2&quot;:0}},{&quot;1&quot;:0,&quot;2&quot;:0,&quot;3&quot;:3},{&quot;1&quot;:1,&quot;2&quot;:0,&quot;4&quot;:1}]},&quot;7&quot;:{&quot;1&quot;:[{&quot;1&quot;:2,&quot;2&quot;:0,&quot;5&quot;:{&quot;1&quot;:2,&quot;2&quot;:0}},{&quot;1&quot;:0,&quot;2&quot;:0,&quot;3&quot;:3},{&quot;1&quot;:1,&quot;2&quot;:0,&quot;4&quot;:1}]},&quot;8&quot;:{&quot;1&quot;:[{&quot;1&quot;:2,&quot;2&quot;:0,&quot;5&quot;:{&quot;1&quot;:2,&quot;2&quot;:0}},{&quot;1&quot;:0,&quot;2&quot;:0,&quot;3&quot;:3},{&quot;1&quot;:1,&quot;2&quot;:0,&quot;4&quot;:1}]},&quot;9&quot;:0,&quot;10&quot;:1,&quot;11&quot;:4,&quot;12&quot;:0,&quot;15&quot;:&quot;Calibri&quot;}\">Permanence de 4h avec un cr\u00e9neau de 1h par participante<\/span><\/p>\n<p>&nbsp;<\/p>\n","protected":false},"featured_media":0,"template":"","format":"standard","meta":{"_acf_changed":false,"om_disable_all_campaigns":false,"_uf_show_specific_survey":0,"_uf_disable_surveys":false},"product_brand":[],"product_cat":[121],"product_tag":[],"lieu":[125],"thematiques":[],"class_list":{"0":"post-12899","1":"product","2":"type-product","3":"status-publish","4":"format-standard","6":"product_cat-coaching","7":"lieu-en-ligne","9":"first","10":"instock","11":"virtual","12":"purchasable","13":"product-type-appointment"},"exclude_global_add_ons":[],"addons":[],"acf":[],"yoast_head":"<!-- This site is optimized with the Yoast SEO plugin v24.8 - https:\/\/yoast.com\/wordpress\/plugins\/seo\/ -->\n<title>Coaching - D\u00e9velopper mon empathie envers mes futurs clients et mon r\u00e9seau : savoir \u00e9couter et savoir m&#039;entourer - Empow&#039;Her<\/title>\n<meta name=\"robots\" content=\"index, follow, max-snippet:-1, max-image-preview:large, max-video-preview:-1\" \/>\n<link rel=\"canonical\" href=\"https:\/\/empow-her.com\/es\/produit\/coaching-developper-mon-empathie-envers-mes-futurs-clients-et-mon-reseau-savoir-ecouter-et-savoir-mentourer\/\" \/>\n<meta property=\"og:locale\" content=\"es_ES\" \/>\n<meta property=\"og:type\" content=\"article\" \/>\n<meta property=\"og:title\" content=\"Coaching - D\u00e9velopper mon empathie envers mes futurs clients et mon r\u00e9seau : savoir \u00e9couter et savoir m&#039;entourer - Empow&#039;Her\" \/>\n<meta property=\"og:description\" content=\"Vous souhaitez pouvoir comprendre les besoins profonds de vos diff\u00e9rentes parties prenantes ? Qui sont vos clients et que veulent-ils ? Comment d\u00e9velopper votre empathie, se d\u00e9tacher de votre imaginaire pour comprendre la r\u00e9alit\u00e9 des diff\u00e9rents acteurs de votre r\u00e9seau ? Participez \u00e0 cette session de coaching avec Anouchka qui a pour but de vous aider \u00e0 d\u00e9velopper votre posture empathique aupr\u00e8s de votre r\u00e9seau !  &nbsp;  Par : Anouchka Colin  &nbsp;  Intervenante : Anouchka a travaill\u00e9 12 ans dans des multinationales sur les probl\u00e9matiques d\u2019\u00e9tudes marketing et d\u2019\u00e9coute des consommateurs. Son r\u00f4le \u00e9tait alors de porter leur voix en interne. Elle a finalement d\u00e9cid\u00e9 de quitter ce monde professionnel pour trouver plus de sens en suivant un programme de transition de carri\u00e8re vers l\u2019\u00e9conomie sociale et solidaire, et s\u2019est rendue compte que la probl\u00e9matique de l\u2019\u00e9coute des b\u00e9n\u00e9ficiaires \u00e9tait cl\u00e9 l\u00e0 aussi. Ecouter mais surtout comprendre les besoins des b\u00e9n\u00e9ficiaires, mais aussi des financeurs, des membres de son r\u00e9seau, des potentiels partenaires, c\u2019est d\u00e9velopper de meilleures relations gagnant-gagnant et prendre du recul sur son projet.  &nbsp;  Son super pouvoir ? Cr\u00e9atrice d\u2019\u00e9coute mutuelle !  &nbsp;  Son petit mot\u00a0:\u00a0L\u2019empathie est une qualit\u00e9 essentielle \u00e0 d\u00e9velopper, pour son projet mais aussi dans sa vie personnelle : elle \u00e9vite bien des d\u00e9convenues et des d\u00e9bats st\u00e9riles. Je crois profond\u00e9ment que c\u2019est ce dont le monde a besoin : des entrepreneures r\u00e9ellement empathiques !  &nbsp;  &nbsp;  Dur\u00e9e : Permanence de 4h avec un cr\u00e9neau de 1h par participante  &nbsp;\" \/>\n<meta property=\"og:url\" content=\"https:\/\/empow-her.com\/es\/produit\/coaching-developper-mon-empathie-envers-mes-futurs-clients-et-mon-reseau-savoir-ecouter-et-savoir-mentourer\/\" \/>\n<meta property=\"og:site_name\" content=\"Empow&#039;Her\" \/>\n<meta property=\"article:modified_time\" content=\"2021-05-10T10:38:33+00:00\" \/>\n<meta name=\"twitter:card\" content=\"summary_large_image\" \/>\n<script type=\"application\/ld+json\" class=\"yoast-schema-graph\">{\"@context\":\"https:\/\/schema.org\",\"@graph\":[{\"@type\":\"WebPage\",\"@id\":\"https:\/\/empow-her.com\/es\/produit\/coaching-developper-mon-empathie-envers-mes-futurs-clients-et-mon-reseau-savoir-ecouter-et-savoir-mentourer\/\",\"url\":\"https:\/\/empow-her.com\/es\/produit\/coaching-developper-mon-empathie-envers-mes-futurs-clients-et-mon-reseau-savoir-ecouter-et-savoir-mentourer\/\",\"name\":\"Coaching - D\u00e9velopper mon empathie envers mes futurs clients et mon r\u00e9seau : savoir \u00e9couter et savoir m'entourer - Empow&#039;Her\",\"isPartOf\":{\"@id\":\"https:\/\/empow-her.com\/#website\"},\"datePublished\":\"2021-04-15T11:49:09+00:00\",\"dateModified\":\"2021-05-10T10:38:33+00:00\",\"breadcrumb\":{\"@id\":\"https:\/\/empow-her.com\/es\/produit\/coaching-developper-mon-empathie-envers-mes-futurs-clients-et-mon-reseau-savoir-ecouter-et-savoir-mentourer\/#breadcrumb\"},\"inLanguage\":\"es\",\"potentialAction\":[{\"@type\":\"ReadAction\",\"target\":[\"https:\/\/empow-her.com\/es\/produit\/coaching-developper-mon-empathie-envers-mes-futurs-clients-et-mon-reseau-savoir-ecouter-et-savoir-mentourer\/\"]}]},{\"@type\":\"BreadcrumbList\",\"@id\":\"https:\/\/empow-her.com\/es\/produit\/coaching-developper-mon-empathie-envers-mes-futurs-clients-et-mon-reseau-savoir-ecouter-et-savoir-mentourer\/#breadcrumb\",\"itemListElement\":[{\"@type\":\"ListItem\",\"position\":1,\"name\":\"Accueil\",\"item\":\"https:\/\/empow-her.com\/es\/inicio\/\"},{\"@type\":\"ListItem\",\"position\":2,\"name\":\"LA BOUTIQUE\",\"item\":\"https:\/\/empow-her.com\/boutique\/\"},{\"@type\":\"ListItem\",\"position\":3,\"name\":\"Coaching &#8211; D\u00e9velopper mon empathie envers mes futurs clients et mon r\u00e9seau : savoir \u00e9couter et savoir m&#8217;entourer\"}]},{\"@type\":\"WebSite\",\"@id\":\"https:\/\/empow-her.com\/#website\",\"url\":\"https:\/\/empow-her.com\/\",\"name\":\"Empow&#039;Her\",\"description\":\"Women Development\",\"potentialAction\":[{\"@type\":\"SearchAction\",\"target\":{\"@type\":\"EntryPoint\",\"urlTemplate\":\"https:\/\/empow-her.com\/?s={search_term_string}\"},\"query-input\":{\"@type\":\"PropertyValueSpecification\",\"valueRequired\":true,\"valueName\":\"search_term_string\"}}],\"inLanguage\":\"es\"}]}<\/script>\n<!-- \/ Yoast SEO plugin. -->","yoast_head_json":{"title":"Coaching - D\u00e9velopper mon empathie envers mes futurs clients et mon r\u00e9seau : savoir \u00e9couter et savoir m'entourer - Empow&#039;Her","robots":{"index":"index","follow":"follow","max-snippet":"max-snippet:-1","max-image-preview":"max-image-preview:large","max-video-preview":"max-video-preview:-1"},"canonical":"https:\/\/empow-her.com\/es\/produit\/coaching-developper-mon-empathie-envers-mes-futurs-clients-et-mon-reseau-savoir-ecouter-et-savoir-mentourer\/","og_locale":"es_ES","og_type":"article","og_title":"Coaching - D\u00e9velopper mon empathie envers mes futurs clients et mon r\u00e9seau : savoir \u00e9couter et savoir m'entourer - Empow&#039;Her","og_description":"Vous souhaitez pouvoir comprendre les besoins profonds de vos diff\u00e9rentes parties prenantes ? Qui sont vos clients et que veulent-ils ? Comment d\u00e9velopper votre empathie, se d\u00e9tacher de votre imaginaire pour comprendre la r\u00e9alit\u00e9 des diff\u00e9rents acteurs de votre r\u00e9seau ? Participez \u00e0 cette session de coaching avec Anouchka qui a pour but de vous aider \u00e0 d\u00e9velopper votre posture empathique aupr\u00e8s de votre r\u00e9seau !  &nbsp;  Par : Anouchka Colin  &nbsp;  Intervenante : Anouchka a travaill\u00e9 12 ans dans des multinationales sur les probl\u00e9matiques d\u2019\u00e9tudes marketing et d\u2019\u00e9coute des consommateurs. Son r\u00f4le \u00e9tait alors de porter leur voix en interne. Elle a finalement d\u00e9cid\u00e9 de quitter ce monde professionnel pour trouver plus de sens en suivant un programme de transition de carri\u00e8re vers l\u2019\u00e9conomie sociale et solidaire, et s\u2019est rendue compte que la probl\u00e9matique de l\u2019\u00e9coute des b\u00e9n\u00e9ficiaires \u00e9tait cl\u00e9 l\u00e0 aussi. Ecouter mais surtout comprendre les besoins des b\u00e9n\u00e9ficiaires, mais aussi des financeurs, des membres de son r\u00e9seau, des potentiels partenaires, c\u2019est d\u00e9velopper de meilleures relations gagnant-gagnant et prendre du recul sur son projet.  &nbsp;  Son super pouvoir ? Cr\u00e9atrice d\u2019\u00e9coute mutuelle !  &nbsp;  Son petit mot\u00a0:\u00a0L\u2019empathie est une qualit\u00e9 essentielle \u00e0 d\u00e9velopper, pour son projet mais aussi dans sa vie personnelle : elle \u00e9vite bien des d\u00e9convenues et des d\u00e9bats st\u00e9riles. Je crois profond\u00e9ment que c\u2019est ce dont le monde a besoin : des entrepreneures r\u00e9ellement empathiques !  &nbsp;  &nbsp;  Dur\u00e9e : Permanence de 4h avec un cr\u00e9neau de 1h par participante  &nbsp;","og_url":"https:\/\/empow-her.com\/es\/produit\/coaching-developper-mon-empathie-envers-mes-futurs-clients-et-mon-reseau-savoir-ecouter-et-savoir-mentourer\/","og_site_name":"Empow&#039;Her","article_modified_time":"2021-05-10T10:38:33+00:00","twitter_card":"summary_large_image","schema":{"@context":"https:\/\/schema.org","@graph":[{"@type":"WebPage","@id":"https:\/\/empow-her.com\/es\/produit\/coaching-developper-mon-empathie-envers-mes-futurs-clients-et-mon-reseau-savoir-ecouter-et-savoir-mentourer\/","url":"https:\/\/empow-her.com\/es\/produit\/coaching-developper-mon-empathie-envers-mes-futurs-clients-et-mon-reseau-savoir-ecouter-et-savoir-mentourer\/","name":"Coaching - D\u00e9velopper mon empathie envers mes futurs clients et mon r\u00e9seau : savoir \u00e9couter et savoir m'entourer - Empow&#039;Her","isPartOf":{"@id":"https:\/\/empow-her.com\/#website"},"datePublished":"2021-04-15T11:49:09+00:00","dateModified":"2021-05-10T10:38:33+00:00","breadcrumb":{"@id":"https:\/\/empow-her.com\/es\/produit\/coaching-developper-mon-empathie-envers-mes-futurs-clients-et-mon-reseau-savoir-ecouter-et-savoir-mentourer\/#breadcrumb"},"inLanguage":"es","potentialAction":[{"@type":"ReadAction","target":["https:\/\/empow-her.com\/es\/produit\/coaching-developper-mon-empathie-envers-mes-futurs-clients-et-mon-reseau-savoir-ecouter-et-savoir-mentourer\/"]}]},{"@type":"BreadcrumbList","@id":"https:\/\/empow-her.com\/es\/produit\/coaching-developper-mon-empathie-envers-mes-futurs-clients-et-mon-reseau-savoir-ecouter-et-savoir-mentourer\/#breadcrumb","itemListElement":[{"@type":"ListItem","position":1,"name":"Accueil","item":"https:\/\/empow-her.com\/es\/inicio\/"},{"@type":"ListItem","position":2,"name":"LA BOUTIQUE","item":"https:\/\/empow-her.com\/boutique\/"},{"@type":"ListItem","position":3,"name":"Coaching &#8211; D\u00e9velopper mon empathie envers mes futurs clients et mon r\u00e9seau : savoir \u00e9couter et savoir m&#8217;entourer"}]},{"@type":"WebSite","@id":"https:\/\/empow-her.com\/#website","url":"https:\/\/empow-her.com\/","name":"Empow&#039;Her","description":"Women Development","potentialAction":[{"@type":"SearchAction","target":{"@type":"EntryPoint","urlTemplate":"https:\/\/empow-her.com\/?s={search_term_string}"},"query-input":{"@type":"PropertyValueSpecification","valueRequired":true,"valueName":"search_term_string"}}],"inLanguage":"es"}]}},"_links":{"self":[{"href":"https:\/\/empow-her.com\/es\/wp-json\/wp\/v2\/product\/12899","targetHints":{"allow":["GET"]}}],"collection":[{"href":"https:\/\/empow-her.com\/es\/wp-json\/wp\/v2\/product"}],"about":[{"href":"https:\/\/empow-her.com\/es\/wp-json\/wp\/v2\/types\/product"}],"wp:attachment":[{"href":"https:\/\/empow-her.com\/es\/wp-json\/wp\/v2\/media?parent=12899"}],"wp:term":[{"taxonomy":"product_brand","embeddable":true,"href":"https:\/\/empow-her.com\/es\/wp-json\/wp\/v2\/product_brand?post=12899"},{"taxonomy":"product_cat","embeddable":true,"href":"https:\/\/empow-her.com\/es\/wp-json\/wp\/v2\/product_cat?post=12899"},{"taxonomy":"product_tag","embeddable":true,"href":"https:\/\/empow-her.com\/es\/wp-json\/wp\/v2\/product_tag?post=12899"},{"taxonomy":"lieu","embeddable":true,"href":"https:\/\/empow-her.com\/es\/wp-json\/wp\/v2\/lieu?post=12899"},{"taxonomy":"thematiques","embeddable":true,"href":"https:\/\/empow-her.com\/es\/wp-json\/wp\/v2\/thematiques?post=12899"}],"curies":[{"name":"wp","href":"https:\/\/api.w.org\/{rel}","templated":true}]}}