{"id":128975,"date":"2022-12-14T14:11:58","date_gmt":"2022-12-14T13:11:58","guid":{"rendered":"https:\/\/empow-her.com\/?post_type=product&#038;p=128975"},"modified":"2022-12-15T19:14:48","modified_gmt":"2022-12-15T18:14:48","slug":"coaching-me-mettre-en-action-avec-audace-au-service-de-mon-projet-7","status":"publish","type":"product","link":"https:\/\/empow-her.com\/es\/produit\/coaching-me-mettre-en-action-avec-audace-au-service-de-mon-projet-7\/","title":{"rendered":"Coaching &#8211; Me mettre en action avec audace au service de mon projet"},"content":{"rendered":"","protected":false},"excerpt":{"rendered":"<p><span data-sheets-value=\"{&quot;1&quot;:2,&quot;2&quot;:&quot;Description : nnPr\u00e9-requis : nnIntervenant.e : nnSon super pouvoir : nnSon petit mot : &quot;}\" data-sheets-userformat=\"{&quot;2&quot;:641,&quot;3&quot;:{&quot;1&quot;:0},&quot;10&quot;:1,&quot;12&quot;:0}\"><strong>Description :<\/strong> L\u2019audace n\u2019est pas un optimisme aveugle. Choisir de se lancer et d\u2019oser agir est intimement li\u00e9 \u00e0 un travail de r\u00e9flexion et de pr\u00e9paration pour avancer de mani\u00e8re coh\u00e9rente. Ne pas se mettre en action peut impacter l\u2019identit\u00e9 narrative de soi et l&#8217;estime que l&#8217;on se porte. Comment alors faire preuve d\u2019audace tout en restant fid\u00e8le \u00e0 soi-m\u00eame et \u00e0 ses valeurs ?<\/span><\/p>\n<p>Lors de ce coaching, travaillez les possibles pour oser sortir de votre zone de confort et identifiez des actions test pour agir avec audace !<\/p>\n<p><strong>Pr\u00e9-requis<\/strong> : Aucun<\/p>\n<p><strong>Intervenant.e<\/strong> <strong>: Sophie Petit de l&#8217;agence Bulles<\/strong><\/p>\n<p>&#x2640;\ufe0e Coach professionnelle, j&#8217;ai \u00e0 c\u0153ur de m&#8217;engager aux c\u00f4t\u00e9s des femmes (artistes, entrepreneures \u00e0 impact et professionnelles engag\u00e9es) pour les accompagner \u00e0 se sentir audacieuses, puissantes et joyeusement libres d&#8217;agir, de cr\u00e9er, d&#8217;entreprendre et de r\u00eaver.<\/p>\n<p>Je m\u00e8ne ces missions au sein de l&#8217;Agence &#8216;Bulles&#8217; que j&#8217;ai co-fond\u00e9e avec ma s\u0153ur C\u00e9cile Petit.<\/p>\n<p>\u2661 Passionn\u00e9e par les rencontres et le voyage (du bout de la rue jusqu&#8217;au bout du monde), j&#8217;\u00e9cris et je r\u00e9alise des reportages narratifs multiformats pour mettre en lumi\u00e8re des personnes hautes en couleur et des univers singuliers.<\/p>\n<p>\u2727 Entrepreneure dans l&#8217;\u00e2me, je porte aussi un projet dont j&#8217;explore actuellement les possibles : l&#8217;\u00e9co-conception d&#8217;une maison d&#8217;\u00e9dition artisanale color\u00e9e et engag\u00e9e<\/p>\n<p>Ce que j&#8217;aime dans toutes ces actions ?<br \/>\nContribuer \u00e0 mettre en valeur des talents et cr\u00e9er du beau avec toujours les mots au c\u0153ur : les mots qui relient \u00e0 soi, aux autres et au monde.<\/p>\n<p><span data-sheets-value=\"{&quot;1&quot;:2,&quot;2&quot;:&quot;Description : nnPr\u00e9-requis : nnIntervenant.e : nnSon super pouvoir : nnSon petit mot : &quot;}\" data-sheets-userformat=\"{&quot;2&quot;:641,&quot;3&quot;:{&quot;1&quot;:0},&quot;10&quot;:1,&quot;12&quot;:0}\"><strong>Son super pouvoir :<\/strong> Agente (secrete !) de talents<\/span><\/p>\n<p><strong>Son petit mot :<\/strong> J&#8217;aime cette citation de Gloria Steinem, \u00e9crivaine, activiste et f\u00e9ministe : &#8220;Sans effort d&#8217;imagination ou de r\u00eaves, nous perdons l&#8217;excitation des possibilit\u00e9s. Apr\u00e8s tout, r\u00eaver est une sorte de planification&#8221;. Alors osez r\u00eaver vos projets pour cultiver votre confiance, votre audace et votre puissance d&#8217;agir !<\/p>\n<p><strong>Dur\u00e9e<\/strong> : U<span data-sheets-value=\"{&quot;1&quot;:2,&quot;2&quot;:&quot;Permanence de 4h avec un cr\u00e9neau de 1h par participante (+ 15 minutes entre chaque)&quot;}\" data-sheets-userformat=\"{&quot;2&quot;:7167,&quot;3&quot;:{&quot;1&quot;:0},&quot;4&quot;:{&quot;1&quot;:2,&quot;2&quot;:16777215},&quot;5&quot;:{&quot;1&quot;:[{&quot;1&quot;:2,&quot;2&quot;:0,&quot;5&quot;:{&quot;1&quot;:2,&quot;2&quot;:0}},{&quot;1&quot;:0,&quot;2&quot;:0,&quot;3&quot;:3},{&quot;1&quot;:1,&quot;2&quot;:0,&quot;4&quot;:1}]},&quot;6&quot;:{&quot;1&quot;:[{&quot;1&quot;:2,&quot;2&quot;:0,&quot;5&quot;:{&quot;1&quot;:2,&quot;2&quot;:0}},{&quot;1&quot;:0,&quot;2&quot;:0,&quot;3&quot;:3},{&quot;1&quot;:1,&quot;2&quot;:0,&quot;4&quot;:1}]},&quot;7&quot;:{&quot;1&quot;:[{&quot;1&quot;:2,&quot;2&quot;:0,&quot;5&quot;:{&quot;1&quot;:2,&quot;2&quot;:0}},{&quot;1&quot;:0,&quot;2&quot;:0,&quot;3&quot;:3},{&quot;1&quot;:1,&quot;2&quot;:0,&quot;4&quot;:1}]},&quot;8&quot;:{&quot;1&quot;:[{&quot;1&quot;:2,&quot;2&quot;:0,&quot;5&quot;:{&quot;1&quot;:2,&quot;2&quot;:0}},{&quot;1&quot;:0,&quot;2&quot;:0,&quot;3&quot;:3},{&quot;1&quot;:1,&quot;2&quot;:0,&quot;4&quot;:1}]},&quot;9&quot;:0,&quot;10&quot;:1,&quot;11&quot;:4,&quot;12&quot;:0,&quot;14&quot;:{&quot;1&quot;:2,&quot;2&quot;:0},&quot;15&quot;:&quot;Calibri&quot;}\">n cr\u00e9neau de 1h en individuel<\/span><\/p>\n<p>&nbsp;<\/p>\n<p><span data-sheets-value=\"{&quot;1&quot;:2,&quot;2&quot;:&quot;Attention ! \u00a0Veuillez vous pr\u00e9sentez \u00e0 l'heure pour que l'activit\u00e9 puisse commencer \u00e0 temps. Si vous avez du retard veuillez pr\u00e9venir l'intervenant.e. Si vous avez plus de 15 min de retard l'intervenant.e se r\u00e9serve le droit de plus vous accepter pour le coaching ou l'atelier.\u00a0&quot;}\" data-sheets-userformat=\"{&quot;2&quot;:641,&quot;3&quot;:{&quot;1&quot;:0},&quot;10&quot;:1,&quot;12&quot;:0}\"><strong>Attention !<\/strong> \u00a0Veuillez vous pr\u00e9sentez \u00e0 l&#8217;heure pour que l&#8217;activit\u00e9 puisse commencer \u00e0 temps. Si vous avez du retard veuillez pr\u00e9venir l&#8217;intervenant.e. Si vous avez plus de 15 min de retard l&#8217;intervenant.e se r\u00e9serve le droit de plus vous accepter pour le coaching ou l&#8217;atelier.\u00a0<\/span><\/p>\n<p>&nbsp;<\/p>\n<p>Ce projet est co-financ\u00e9 par le Fonds Social Europ\u00e9en.<\/p>\n<p><img decoding=\"async\" class=\"alignnone size-medium wp-image-15794\" src=\"https:\/\/empow-her.com\/wp-content\/uploads\/2021\/07\/fse-logos-1-300x54.png\" alt=\"\" width=\"300\" height=\"54\" srcset=\"https:\/\/empow-her.com\/wp-content\/uploads\/2021\/07\/fse-logos-1-300x54.png 300w, https:\/\/empow-her.com\/wp-content\/uploads\/2021\/07\/fse-logos-1-600x108.png 600w, https:\/\/empow-her.com\/wp-content\/uploads\/2021\/07\/fse-logos-1-1024x184.png 1024w, https:\/\/empow-her.com\/wp-content\/uploads\/2021\/07\/fse-logos-1-768x138.png 768w, https:\/\/empow-her.com\/wp-content\/uploads\/2021\/07\/fse-logos-1-1536x275.png 1536w, https:\/\/empow-her.com\/wp-content\/uploads\/2021\/07\/fse-logos-1-2048x367.png 2048w, https:\/\/empow-her.com\/wp-content\/uploads\/2021\/07\/fse-logos-1-24x4.png 24w, https:\/\/empow-her.com\/wp-content\/uploads\/2021\/07\/fse-logos-1-36x6.png 36w, https:\/\/empow-her.com\/wp-content\/uploads\/2021\/07\/fse-logos-1-48x9.png 48w\" sizes=\"(max-width: 300px) 100vw, 300px\" \/><\/p>\n","protected":false},"featured_media":129129,"template":"","format":"gallery","meta":{"_acf_changed":false,"om_disable_all_campaigns":false,"_uf_show_specific_survey":0,"_uf_disable_surveys":false},"product_brand":[],"product_cat":[121],"product_tag":[],"lieu":[125],"thematiques":[],"class_list":{"0":"post-128975","1":"product","2":"type-product","3":"status-publish","4":"format-gallery","5":"has-post-thumbnail","7":"post_format-post-format-gallery","8":"product_cat-coaching","9":"lieu-en-ligne","11":"first","12":"instock","13":"virtual","14":"purchasable","15":"product-type-appointment"},"exclude_global_add_ons":[],"addons":[],"acf":[],"yoast_head":"<!-- This site is optimized with the Yoast SEO plugin v24.8 - https:\/\/yoast.com\/wordpress\/plugins\/seo\/ -->\n<title>Coaching - Me mettre en action avec audace au service de mon projet - Empow&#039;Her<\/title>\n<meta name=\"robots\" content=\"index, follow, max-snippet:-1, max-image-preview:large, max-video-preview:-1\" \/>\n<link rel=\"canonical\" href=\"https:\/\/empow-her.com\/produit\/coaching-me-mettre-en-action-avec-audace-au-service-de-mon-projet-7\/\" \/>\n<meta property=\"og:locale\" content=\"es_ES\" \/>\n<meta property=\"og:type\" content=\"article\" \/>\n<meta property=\"og:title\" content=\"Coaching - Me mettre en action avec audace au service de mon projet - Empow&#039;Her\" \/>\n<meta property=\"og:description\" content=\"Description : L\u2019audace n\u2019est pas un optimisme aveugle. Choisir de se lancer et d\u2019oser agir est intimement li\u00e9 \u00e0 un travail de r\u00e9flexion et de pr\u00e9paration pour avancer de mani\u00e8re coh\u00e9rente. Ne pas se mettre en action peut impacter l\u2019identit\u00e9 narrative de soi et l&#039;estime que l&#039;on se porte. Comment alors faire preuve d\u2019audace tout en restant fid\u00e8le \u00e0 soi-m\u00eame et \u00e0 ses valeurs ?  Lors de ce coaching, travaillez les possibles pour oser sortir de votre zone de confort et identifiez des actions test pour agir avec audace !  Pr\u00e9-requis : Aucun  Intervenant.e : Sophie Petit de l&#039;agence Bulles  &#x2640;\ufe0e Coach professionnelle, j&#039;ai \u00e0 c\u0153ur de m&#039;engager aux c\u00f4t\u00e9s des femmes (artistes, entrepreneures \u00e0 impact et professionnelles engag\u00e9es) pour les accompagner \u00e0 se sentir audacieuses, puissantes et joyeusement libres d&#039;agir, de cr\u00e9er, d&#039;entreprendre et de r\u00eaver.  Je m\u00e8ne ces missions au sein de l&#039;Agence &#039;Bulles&#039; que j&#039;ai co-fond\u00e9e avec ma s\u0153ur C\u00e9cile Petit.  \u2661 Passionn\u00e9e par les rencontres et le voyage (du bout de la rue jusqu&#039;au bout du monde), j&#039;\u00e9cris et je r\u00e9alise des reportages narratifs multiformats pour mettre en lumi\u00e8re des personnes hautes en couleur et des univers singuliers.  \u2727 Entrepreneure dans l&#039;\u00e2me, je porte aussi un projet dont j&#039;explore actuellement les possibles : l&#039;\u00e9co-conception d&#039;une maison d&#039;\u00e9dition artisanale color\u00e9e et engag\u00e9e  Ce que j&#039;aime dans toutes ces actions ? Contribuer \u00e0 mettre en valeur des talents et cr\u00e9er du beau avec toujours les mots au c\u0153ur : les mots qui relient \u00e0 soi, aux autres et au monde.  Son super pouvoir : Agente (secrete !) de talents  Son petit mot : J&#039;aime cette citation de Gloria Steinem, \u00e9crivaine, activiste et f\u00e9ministe : &quot;Sans effort d&#039;imagination ou de r\u00eaves, nous perdons l&#039;excitation des possibilit\u00e9s. Apr\u00e8s tout, r\u00eaver est une sorte de planification&quot;. Alors osez r\u00eaver vos projets pour cultiver votre confiance, votre audace et votre puissance d&#039;agir !  Dur\u00e9e : Un cr\u00e9neau de 1h en individuel  &nbsp;  Attention ! \u00a0Veuillez vous pr\u00e9sentez \u00e0 l&#039;heure pour que l&#039;activit\u00e9 puisse commencer \u00e0 temps. Si vous avez du retard veuillez pr\u00e9venir l&#039;intervenant.e. Si vous avez plus de 15 min de retard l&#039;intervenant.e se r\u00e9serve le droit de plus vous accepter pour le coaching ou l&#039;atelier.\u00a0  &nbsp;  Ce projet est co-financ\u00e9 par le Fonds Social Europ\u00e9en.\" \/>\n<meta property=\"og:url\" content=\"https:\/\/empow-her.com\/produit\/coaching-me-mettre-en-action-avec-audace-au-service-de-mon-projet-7\/\" \/>\n<meta property=\"og:site_name\" content=\"Empow&#039;Her\" \/>\n<meta property=\"article:modified_time\" content=\"2022-12-15T18:14:48+00:00\" \/>\n<meta property=\"og:image\" content=\"https:\/\/empow-her.com\/wp-content\/uploads\/2022\/12\/Women-Dare-templates-events-7.png\" \/>\n\t<meta property=\"og:image:width\" content=\"1080\" \/>\n\t<meta property=\"og:image:height\" content=\"1080\" \/>\n\t<meta property=\"og:image:type\" content=\"image\/png\" \/>\n<meta name=\"twitter:card\" content=\"summary_large_image\" \/>\n<script type=\"application\/ld+json\" class=\"yoast-schema-graph\">{\"@context\":\"https:\/\/schema.org\",\"@graph\":[{\"@type\":\"WebPage\",\"@id\":\"https:\/\/empow-her.com\/produit\/coaching-me-mettre-en-action-avec-audace-au-service-de-mon-projet-7\/\",\"url\":\"https:\/\/empow-her.com\/produit\/coaching-me-mettre-en-action-avec-audace-au-service-de-mon-projet-7\/\",\"name\":\"Coaching - Me mettre en action avec audace au service de mon projet - Empow&#039;Her\",\"isPartOf\":{\"@id\":\"https:\/\/empow-her.com\/#website\"},\"primaryImageOfPage\":{\"@id\":\"https:\/\/empow-her.com\/produit\/coaching-me-mettre-en-action-avec-audace-au-service-de-mon-projet-7\/#primaryimage\"},\"image\":{\"@id\":\"https:\/\/empow-her.com\/produit\/coaching-me-mettre-en-action-avec-audace-au-service-de-mon-projet-7\/#primaryimage\"},\"thumbnailUrl\":\"https:\/\/empow-her.com\/wp-content\/uploads\/2022\/12\/Women-Dare-templates-events-7.png\",\"datePublished\":\"2022-12-14T13:11:58+00:00\",\"dateModified\":\"2022-12-15T18:14:48+00:00\",\"breadcrumb\":{\"@id\":\"https:\/\/empow-her.com\/produit\/coaching-me-mettre-en-action-avec-audace-au-service-de-mon-projet-7\/#breadcrumb\"},\"inLanguage\":\"es\",\"potentialAction\":[{\"@type\":\"ReadAction\",\"target\":[\"https:\/\/empow-her.com\/produit\/coaching-me-mettre-en-action-avec-audace-au-service-de-mon-projet-7\/\"]}]},{\"@type\":\"ImageObject\",\"inLanguage\":\"es\",\"@id\":\"https:\/\/empow-her.com\/produit\/coaching-me-mettre-en-action-avec-audace-au-service-de-mon-projet-7\/#primaryimage\",\"url\":\"https:\/\/empow-her.com\/wp-content\/uploads\/2022\/12\/Women-Dare-templates-events-7.png\",\"contentUrl\":\"https:\/\/empow-her.com\/wp-content\/uploads\/2022\/12\/Women-Dare-templates-events-7.png\",\"width\":1080,\"height\":1080},{\"@type\":\"BreadcrumbList\",\"@id\":\"https:\/\/empow-her.com\/produit\/coaching-me-mettre-en-action-avec-audace-au-service-de-mon-projet-7\/#breadcrumb\",\"itemListElement\":[{\"@type\":\"ListItem\",\"position\":1,\"name\":\"Accueil\",\"item\":\"https:\/\/empow-her.com\/es\/inicio\/\"},{\"@type\":\"ListItem\",\"position\":2,\"name\":\"LA BOUTIQUE\",\"item\":\"https:\/\/empow-her.com\/boutique\/\"},{\"@type\":\"ListItem\",\"position\":3,\"name\":\"Coaching &#8211; Me mettre en action avec audace au service de mon projet\"}]},{\"@type\":\"WebSite\",\"@id\":\"https:\/\/empow-her.com\/#website\",\"url\":\"https:\/\/empow-her.com\/\",\"name\":\"Empow&#039;Her\",\"description\":\"Women Development\",\"potentialAction\":[{\"@type\":\"SearchAction\",\"target\":{\"@type\":\"EntryPoint\",\"urlTemplate\":\"https:\/\/empow-her.com\/?s={search_term_string}\"},\"query-input\":{\"@type\":\"PropertyValueSpecification\",\"valueRequired\":true,\"valueName\":\"search_term_string\"}}],\"inLanguage\":\"es\"}]}<\/script>\n<!-- \/ Yoast SEO plugin. -->","yoast_head_json":{"title":"Coaching - Me mettre en action avec audace au service de mon projet - Empow&#039;Her","robots":{"index":"index","follow":"follow","max-snippet":"max-snippet:-1","max-image-preview":"max-image-preview:large","max-video-preview":"max-video-preview:-1"},"canonical":"https:\/\/empow-her.com\/produit\/coaching-me-mettre-en-action-avec-audace-au-service-de-mon-projet-7\/","og_locale":"es_ES","og_type":"article","og_title":"Coaching - Me mettre en action avec audace au service de mon projet - Empow&#039;Her","og_description":"Description : L\u2019audace n\u2019est pas un optimisme aveugle. Choisir de se lancer et d\u2019oser agir est intimement li\u00e9 \u00e0 un travail de r\u00e9flexion et de pr\u00e9paration pour avancer de mani\u00e8re coh\u00e9rente. Ne pas se mettre en action peut impacter l\u2019identit\u00e9 narrative de soi et l'estime que l'on se porte. Comment alors faire preuve d\u2019audace tout en restant fid\u00e8le \u00e0 soi-m\u00eame et \u00e0 ses valeurs ?  Lors de ce coaching, travaillez les possibles pour oser sortir de votre zone de confort et identifiez des actions test pour agir avec audace !  Pr\u00e9-requis : Aucun  Intervenant.e : Sophie Petit de l'agence Bulles  &#x2640;\ufe0e Coach professionnelle, j'ai \u00e0 c\u0153ur de m'engager aux c\u00f4t\u00e9s des femmes (artistes, entrepreneures \u00e0 impact et professionnelles engag\u00e9es) pour les accompagner \u00e0 se sentir audacieuses, puissantes et joyeusement libres d'agir, de cr\u00e9er, d'entreprendre et de r\u00eaver.  Je m\u00e8ne ces missions au sein de l'Agence 'Bulles' que j'ai co-fond\u00e9e avec ma s\u0153ur C\u00e9cile Petit.  \u2661 Passionn\u00e9e par les rencontres et le voyage (du bout de la rue jusqu'au bout du monde), j'\u00e9cris et je r\u00e9alise des reportages narratifs multiformats pour mettre en lumi\u00e8re des personnes hautes en couleur et des univers singuliers.  \u2727 Entrepreneure dans l'\u00e2me, je porte aussi un projet dont j'explore actuellement les possibles : l'\u00e9co-conception d'une maison d'\u00e9dition artisanale color\u00e9e et engag\u00e9e  Ce que j'aime dans toutes ces actions ? Contribuer \u00e0 mettre en valeur des talents et cr\u00e9er du beau avec toujours les mots au c\u0153ur : les mots qui relient \u00e0 soi, aux autres et au monde.  Son super pouvoir : Agente (secrete !) de talents  Son petit mot : J'aime cette citation de Gloria Steinem, \u00e9crivaine, activiste et f\u00e9ministe : \"Sans effort d'imagination ou de r\u00eaves, nous perdons l'excitation des possibilit\u00e9s. Apr\u00e8s tout, r\u00eaver est une sorte de planification\". Alors osez r\u00eaver vos projets pour cultiver votre confiance, votre audace et votre puissance d'agir !  Dur\u00e9e : Un cr\u00e9neau de 1h en individuel  &nbsp;  Attention ! \u00a0Veuillez vous pr\u00e9sentez \u00e0 l'heure pour que l'activit\u00e9 puisse commencer \u00e0 temps. Si vous avez du retard veuillez pr\u00e9venir l'intervenant.e. Si vous avez plus de 15 min de retard l'intervenant.e se r\u00e9serve le droit de plus vous accepter pour le coaching ou l'atelier.\u00a0  &nbsp;  Ce projet est co-financ\u00e9 par le Fonds Social Europ\u00e9en.","og_url":"https:\/\/empow-her.com\/produit\/coaching-me-mettre-en-action-avec-audace-au-service-de-mon-projet-7\/","og_site_name":"Empow&#039;Her","article_modified_time":"2022-12-15T18:14:48+00:00","og_image":[{"width":1080,"height":1080,"url":"https:\/\/empow-her.com\/wp-content\/uploads\/2022\/12\/Women-Dare-templates-events-7.png","type":"image\/png"}],"twitter_card":"summary_large_image","schema":{"@context":"https:\/\/schema.org","@graph":[{"@type":"WebPage","@id":"https:\/\/empow-her.com\/produit\/coaching-me-mettre-en-action-avec-audace-au-service-de-mon-projet-7\/","url":"https:\/\/empow-her.com\/produit\/coaching-me-mettre-en-action-avec-audace-au-service-de-mon-projet-7\/","name":"Coaching - Me mettre en action avec audace au service de mon projet - Empow&#039;Her","isPartOf":{"@id":"https:\/\/empow-her.com\/#website"},"primaryImageOfPage":{"@id":"https:\/\/empow-her.com\/produit\/coaching-me-mettre-en-action-avec-audace-au-service-de-mon-projet-7\/#primaryimage"},"image":{"@id":"https:\/\/empow-her.com\/produit\/coaching-me-mettre-en-action-avec-audace-au-service-de-mon-projet-7\/#primaryimage"},"thumbnailUrl":"https:\/\/empow-her.com\/wp-content\/uploads\/2022\/12\/Women-Dare-templates-events-7.png","datePublished":"2022-12-14T13:11:58+00:00","dateModified":"2022-12-15T18:14:48+00:00","breadcrumb":{"@id":"https:\/\/empow-her.com\/produit\/coaching-me-mettre-en-action-avec-audace-au-service-de-mon-projet-7\/#breadcrumb"},"inLanguage":"es","potentialAction":[{"@type":"ReadAction","target":["https:\/\/empow-her.com\/produit\/coaching-me-mettre-en-action-avec-audace-au-service-de-mon-projet-7\/"]}]},{"@type":"ImageObject","inLanguage":"es","@id":"https:\/\/empow-her.com\/produit\/coaching-me-mettre-en-action-avec-audace-au-service-de-mon-projet-7\/#primaryimage","url":"https:\/\/empow-her.com\/wp-content\/uploads\/2022\/12\/Women-Dare-templates-events-7.png","contentUrl":"https:\/\/empow-her.com\/wp-content\/uploads\/2022\/12\/Women-Dare-templates-events-7.png","width":1080,"height":1080},{"@type":"BreadcrumbList","@id":"https:\/\/empow-her.com\/produit\/coaching-me-mettre-en-action-avec-audace-au-service-de-mon-projet-7\/#breadcrumb","itemListElement":[{"@type":"ListItem","position":1,"name":"Accueil","item":"https:\/\/empow-her.com\/es\/inicio\/"},{"@type":"ListItem","position":2,"name":"LA BOUTIQUE","item":"https:\/\/empow-her.com\/boutique\/"},{"@type":"ListItem","position":3,"name":"Coaching &#8211; Me mettre en action avec audace au service de mon projet"}]},{"@type":"WebSite","@id":"https:\/\/empow-her.com\/#website","url":"https:\/\/empow-her.com\/","name":"Empow&#039;Her","description":"Women Development","potentialAction":[{"@type":"SearchAction","target":{"@type":"EntryPoint","urlTemplate":"https:\/\/empow-her.com\/?s={search_term_string}"},"query-input":{"@type":"PropertyValueSpecification","valueRequired":true,"valueName":"search_term_string"}}],"inLanguage":"es"}]}},"_links":{"self":[{"href":"https:\/\/empow-her.com\/es\/wp-json\/wp\/v2\/product\/128975","targetHints":{"allow":["GET"]}}],"collection":[{"href":"https:\/\/empow-her.com\/es\/wp-json\/wp\/v2\/product"}],"about":[{"href":"https:\/\/empow-her.com\/es\/wp-json\/wp\/v2\/types\/product"}],"wp:featuredmedia":[{"embeddable":true,"href":"https:\/\/empow-her.com\/es\/wp-json\/wp\/v2\/media\/129129"}],"wp:attachment":[{"href":"https:\/\/empow-her.com\/es\/wp-json\/wp\/v2\/media?parent=128975"}],"wp:term":[{"taxonomy":"product_brand","embeddable":true,"href":"https:\/\/empow-her.com\/es\/wp-json\/wp\/v2\/product_brand?post=128975"},{"taxonomy":"product_cat","embeddable":true,"href":"https:\/\/empow-her.com\/es\/wp-json\/wp\/v2\/product_cat?post=128975"},{"taxonomy":"product_tag","embeddable":true,"href":"https:\/\/empow-her.com\/es\/wp-json\/wp\/v2\/product_tag?post=128975"},{"taxonomy":"lieu","embeddable":true,"href":"https:\/\/empow-her.com\/es\/wp-json\/wp\/v2\/lieu?post=128975"},{"taxonomy":"thematiques","embeddable":true,"href":"https:\/\/empow-her.com\/es\/wp-json\/wp\/v2\/thematiques?post=128975"}],"curies":[{"name":"wp","href":"https:\/\/api.w.org\/{rel}","templated":true}]}}