{"id":12737,"date":"2021-04-07T15:05:57","date_gmt":"2021-04-07T13:05:57","guid":{"rendered":"https:\/\/empow-her.com\/?post_type=product&#038;p=12737"},"modified":"2021-04-07T18:56:48","modified_gmt":"2021-04-07T16:56:48","slug":"coaching-marketing-digital","status":"publish","type":"product","link":"https:\/\/empow-her.com\/es\/produit\/coaching-marketing-digital\/","title":{"rendered":"Coaching &#8211; Marketing Digital"},"content":{"rendered":"","protected":false},"excerpt":{"rendered":"<p><span data-sheets-value=\"{&quot;1&quot;:2,&quot;2&quot;:&quot;Vous souhaitez d\u00e9finir une identit\u00e9 de marque en accord avec vos valeurs ? \u00c9laborer une strat\u00e9gie de communication pertinente et coh\u00e9rente pour toucher un maximum votre cible ? \u00c9changez avec Coralie, expert\u00b7e\u00b7s en communication et fondatrice de YesforComm\u00a0!&quot;}\" data-sheets-userformat=\"{&quot;2&quot;:7101,&quot;3&quot;:{&quot;1&quot;:0},&quot;5&quot;:{&quot;1&quot;:[{&quot;1&quot;:2,&quot;2&quot;:0,&quot;5&quot;:{&quot;1&quot;:2,&quot;2&quot;:0}},{&quot;1&quot;:0,&quot;2&quot;:0,&quot;3&quot;:3},{&quot;1&quot;:1,&quot;2&quot;:0,&quot;4&quot;:1}]},&quot;6&quot;:{&quot;1&quot;:[{&quot;1&quot;:2,&quot;2&quot;:0,&quot;5&quot;:{&quot;1&quot;:2,&quot;2&quot;:0}},{&quot;1&quot;:0,&quot;2&quot;:0,&quot;3&quot;:3},{&quot;1&quot;:1,&quot;2&quot;:0,&quot;4&quot;:1}]},&quot;7&quot;:{&quot;1&quot;:[{&quot;1&quot;:2,&quot;2&quot;:0,&quot;5&quot;:{&quot;1&quot;:2,&quot;2&quot;:0}},{&quot;1&quot;:0,&quot;2&quot;:0,&quot;3&quot;:3},{&quot;1&quot;:1,&quot;2&quot;:0,&quot;4&quot;:1}]},&quot;8&quot;:{&quot;1&quot;:[{&quot;1&quot;:2,&quot;2&quot;:0,&quot;5&quot;:{&quot;1&quot;:2,&quot;2&quot;:0}},{&quot;1&quot;:0,&quot;2&quot;:0,&quot;3&quot;:3},{&quot;1&quot;:1,&quot;2&quot;:0,&quot;4&quot;:1}]},&quot;10&quot;:1,&quot;11&quot;:4,&quot;12&quot;:0,&quot;14&quot;:{&quot;1&quot;:2,&quot;2&quot;:0},&quot;15&quot;:&quot;Calibri&quot;}\">Vous avez d\u00e9j\u00e0 une preuve de concept ou \u00eates en phase de lancement et souhaitez savoir comment toucher et acqu\u00e9rir plus de\u00a0 clients par le digital ? Elaborer une strat\u00e9gie de contenu pertinente et tout savoir sur les publicit\u00e9s cibl\u00e9es? Quel branding, quel CRM utiliser ou encore comment optimiser votre r\u00e9f\u00e9rencement ? Coralie, experte en communication et fondatrice de YesforComm et Adrien, fondateur de Versacom, r\u00e9pondent \u00e0 toutes les questions autour du marketing digital que vous pouvez vous poser pour d\u00e9velopper et booster votre projet !\u00a0<\/span><\/p>\n<p>&nbsp;<\/p>\n<p><b>Par :\u00a0<\/b>YesForComm<\/p>\n<p>&nbsp;<\/p>\n<p><span data-sheets-value=\"{&quot;1&quot;:2,&quot;2&quot;:&quot;Alexandre Sourzac-Lami est co-fondateur de Comit, une structure sp\u00e9cialis\u00e9e qui con\u00e7oit et adapte des outils et m\u00e9thodes pour donner aux entrepreneur.e.s la capacit\u00e9 de d\u00e9velopper des mod\u00e8les \u00e9conomiques p\u00e9rennes.&quot;}\" data-sheets-userformat=\"{&quot;2&quot;:1055743,&quot;3&quot;:{&quot;1&quot;:0},&quot;4&quot;:{&quot;1&quot;:2,&quot;2&quot;:16777215},&quot;5&quot;:{&quot;1&quot;:[{&quot;1&quot;:2,&quot;2&quot;:0,&quot;5&quot;:{&quot;1&quot;:2,&quot;2&quot;:0}},{&quot;1&quot;:0,&quot;2&quot;:0,&quot;3&quot;:3},{&quot;1&quot;:1,&quot;2&quot;:0,&quot;4&quot;:1}]},&quot;6&quot;:{&quot;1&quot;:[{&quot;1&quot;:2,&quot;2&quot;:0,&quot;5&quot;:{&quot;1&quot;:2,&quot;2&quot;:0}},{&quot;1&quot;:0,&quot;2&quot;:0,&quot;3&quot;:3},{&quot;1&quot;:1,&quot;2&quot;:0,&quot;4&quot;:1}]},&quot;7&quot;:{&quot;1&quot;:[{&quot;1&quot;:2,&quot;2&quot;:0,&quot;5&quot;:{&quot;1&quot;:2,&quot;2&quot;:0}},{&quot;1&quot;:0,&quot;2&quot;:0,&quot;3&quot;:3},{&quot;1&quot;:1,&quot;2&quot;:0,&quot;4&quot;:1}]},&quot;8&quot;:{&quot;1&quot;:[{&quot;1&quot;:2,&quot;2&quot;:0,&quot;5&quot;:{&quot;1&quot;:2,&quot;2&quot;:0}},{&quot;1&quot;:0,&quot;2&quot;:0,&quot;3&quot;:3},{&quot;1&quot;:1,&quot;2&quot;:0,&quot;4&quot;:1}]},&quot;9&quot;:0,&quot;10&quot;:1,&quot;11&quot;:4,&quot;12&quot;:0,&quot;14&quot;:{&quot;1&quot;:2,&quot;2&quot;:0},&quot;15&quot;:&quot;Calibri&quot;,&quot;23&quot;:1}\" data-sheets-textstyleruns=\"{&quot;1&quot;:0}\uee10{&quot;1&quot;:43,&quot;2&quot;:{&quot;2&quot;:{&quot;1&quot;:2,&quot;2&quot;:1136076},&quot;9&quot;:1}}\uee10{&quot;1&quot;:48}\" data-sheets-hyperlinkruns=\"{&quot;1&quot;:43,&quot;2&quot;:&quot;https:\/\/www.comit.berlin\/&quot;}\uee10{&quot;1&quot;:48}\"><strong>Intervenantes :<\/strong>\u00a0Coralie est entrepreneure et fondatrice de l\u2019agence de communication\u00a0<a class=\"in-cell-link\" href=\"https:\/\/yesforcomm.com\/\" target=\"_blank\" rel=\"noopener noreferrer\">Yes for Comm<\/a>. Elle accompagne les entrepreneurs et porteurs de projet sur leur strat\u00e9gie globale de communication et sa mise en \u0153uvre op\u00e9rationnelle. Son expertise se concentre sur l\u2019augmentation de la visibilit\u00e9 et de la notori\u00e9t\u00e9 des marques \u00e0 impact. Coralie a \u00e0 c\u0153ur d\u2019encourager les initiatives qui ont du sens et de renforcer la confiance des femmes entrepreneures ! <\/span><\/p>\n<p>Dipl\u00f4m\u00e9 de l\u2019Essec, Adrien Aszerman est sp\u00e9cialiste de la communication globale, avec une affinit\u00e9 particuli\u00e8re pour le digital. Pass\u00e9 par les m\u00e9dias, il est le fondateur de Versacom, cabinet conseil d\u00e9di\u00e9 depuis dix ans \u00e0 l&#8217;accompagnement des entreprises dans la d\u00e9finition et la mise en oeuvre de leur strat\u00e9gie de communication. Adrien Aszerman dirige \u00e9galement le Comptoir des influenceurs, agence de talents sur le Web, et enseigne la communication dans diverses \u00e9coles !<\/p>\n<p><strong>Le petit mot de Coralie<\/strong> :<em> Croyez en vous et en vos capacit\u00e9s ! Surtout, construisez un projet qui vous ressemble, parce que vous \u00eates unique !<\/em><\/p>\n<p>&nbsp;<\/p>\n<p><strong>Dur\u00e9e<\/strong>\u00a0:\u00a0<span data-sheets-value=\"{&quot;1&quot;:2,&quot;2&quot;:&quot;Permanence de 4h avec un cr\u00e9neau de 1h par participante (+ 15 minutes entre chaque)&quot;}\" data-sheets-userformat=\"{&quot;2&quot;:7167,&quot;3&quot;:{&quot;1&quot;:0},&quot;4&quot;:{&quot;1&quot;:2,&quot;2&quot;:16777215},&quot;5&quot;:{&quot;1&quot;:[{&quot;1&quot;:2,&quot;2&quot;:0,&quot;5&quot;:{&quot;1&quot;:2,&quot;2&quot;:0}},{&quot;1&quot;:0,&quot;2&quot;:0,&quot;3&quot;:3},{&quot;1&quot;:1,&quot;2&quot;:0,&quot;4&quot;:1}]},&quot;6&quot;:{&quot;1&quot;:[{&quot;1&quot;:2,&quot;2&quot;:0,&quot;5&quot;:{&quot;1&quot;:2,&quot;2&quot;:0}},{&quot;1&quot;:0,&quot;2&quot;:0,&quot;3&quot;:3},{&quot;1&quot;:1,&quot;2&quot;:0,&quot;4&quot;:1}]},&quot;7&quot;:{&quot;1&quot;:[{&quot;1&quot;:2,&quot;2&quot;:0,&quot;5&quot;:{&quot;1&quot;:2,&quot;2&quot;:0}},{&quot;1&quot;:0,&quot;2&quot;:0,&quot;3&quot;:3},{&quot;1&quot;:1,&quot;2&quot;:0,&quot;4&quot;:1}]},&quot;8&quot;:{&quot;1&quot;:[{&quot;1&quot;:2,&quot;2&quot;:0,&quot;5&quot;:{&quot;1&quot;:2,&quot;2&quot;:0}},{&quot;1&quot;:0,&quot;2&quot;:0,&quot;3&quot;:3},{&quot;1&quot;:1,&quot;2&quot;:0,&quot;4&quot;:1}]},&quot;9&quot;:0,&quot;10&quot;:1,&quot;11&quot;:4,&quot;12&quot;:0,&quot;14&quot;:{&quot;1&quot;:2,&quot;2&quot;:0},&quot;15&quot;:&quot;Calibri&quot;}\">Permanence de 4h avec un cr\u00e9neau de 1h par participante<\/span><\/p>\n<p>&nbsp;<\/p>\n","protected":false},"featured_media":0,"template":"","format":"standard","meta":{"_acf_changed":false,"om_disable_all_campaigns":false,"_uf_show_specific_survey":0,"_uf_disable_surveys":false},"product_brand":[],"product_cat":[121],"product_tag":[],"lieu":[125],"thematiques":[],"class_list":{"0":"post-12737","1":"product","2":"type-product","3":"status-publish","4":"format-standard","6":"product_cat-coaching","7":"lieu-en-ligne","9":"first","10":"instock","11":"virtual","12":"purchasable","13":"product-type-appointment"},"exclude_global_add_ons":[],"addons":[],"acf":[],"yoast_head":"<!-- This site is optimized with the Yoast SEO plugin v24.8 - https:\/\/yoast.com\/wordpress\/plugins\/seo\/ -->\n<title>Coaching - Marketing Digital - Empow&#039;Her<\/title>\n<meta name=\"robots\" content=\"index, follow, max-snippet:-1, max-image-preview:large, max-video-preview:-1\" \/>\n<link rel=\"canonical\" href=\"https:\/\/empow-her.com\/es\/produit\/coaching-marketing-digital\/\" \/>\n<meta property=\"og:locale\" content=\"es_ES\" \/>\n<meta property=\"og:type\" content=\"article\" \/>\n<meta property=\"og:title\" content=\"Coaching - Marketing Digital - Empow&#039;Her\" \/>\n<meta property=\"og:description\" content=\"Vous avez d\u00e9j\u00e0 une preuve de concept ou \u00eates en phase de lancement et souhaitez savoir comment toucher et acqu\u00e9rir plus de\u00a0 clients par le digital ? Elaborer une strat\u00e9gie de contenu pertinente et tout savoir sur les publicit\u00e9s cibl\u00e9es? Quel branding, quel CRM utiliser ou encore comment optimiser votre r\u00e9f\u00e9rencement ? Coralie, experte en communication et fondatrice de YesforComm et Adrien, fondateur de Versacom, r\u00e9pondent \u00e0 toutes les questions autour du marketing digital que vous pouvez vous poser pour d\u00e9velopper et booster votre projet !\u00a0  &nbsp;  Par :\u00a0YesForComm  &nbsp;  Intervenantes :\u00a0Coralie est entrepreneure et fondatrice de l\u2019agence de communication\u00a0Yes for Comm. Elle accompagne les entrepreneurs et porteurs de projet sur leur strat\u00e9gie globale de communication et sa mise en \u0153uvre op\u00e9rationnelle. Son expertise se concentre sur l\u2019augmentation de la visibilit\u00e9 et de la notori\u00e9t\u00e9 des marques \u00e0 impact. Coralie a \u00e0 c\u0153ur d\u2019encourager les initiatives qui ont du sens et de renforcer la confiance des femmes entrepreneures !   Dipl\u00f4m\u00e9 de l\u2019Essec, Adrien Aszerman est sp\u00e9cialiste de la communication globale, avec une affinit\u00e9 particuli\u00e8re pour le digital. Pass\u00e9 par les m\u00e9dias, il est le fondateur de Versacom, cabinet conseil d\u00e9di\u00e9 depuis dix ans \u00e0 l&#039;accompagnement des entreprises dans la d\u00e9finition et la mise en oeuvre de leur strat\u00e9gie de communication. Adrien Aszerman dirige \u00e9galement le Comptoir des influenceurs, agence de talents sur le Web, et enseigne la communication dans diverses \u00e9coles !  Le petit mot de Coralie : Croyez en vous et en vos capacit\u00e9s ! Surtout, construisez un projet qui vous ressemble, parce que vous \u00eates unique !  &nbsp;  Dur\u00e9e\u00a0:\u00a0Permanence de 4h avec un cr\u00e9neau de 1h par participante  &nbsp;\" \/>\n<meta property=\"og:url\" content=\"https:\/\/empow-her.com\/es\/produit\/coaching-marketing-digital\/\" \/>\n<meta property=\"og:site_name\" content=\"Empow&#039;Her\" \/>\n<meta property=\"article:modified_time\" content=\"2021-04-07T16:56:48+00:00\" \/>\n<meta name=\"twitter:card\" content=\"summary_large_image\" \/>\n<script type=\"application\/ld+json\" class=\"yoast-schema-graph\">{\"@context\":\"https:\/\/schema.org\",\"@graph\":[{\"@type\":\"WebPage\",\"@id\":\"https:\/\/empow-her.com\/es\/produit\/coaching-marketing-digital\/\",\"url\":\"https:\/\/empow-her.com\/es\/produit\/coaching-marketing-digital\/\",\"name\":\"Coaching - Marketing Digital - Empow&#039;Her\",\"isPartOf\":{\"@id\":\"https:\/\/empow-her.com\/#website\"},\"datePublished\":\"2021-04-07T13:05:57+00:00\",\"dateModified\":\"2021-04-07T16:56:48+00:00\",\"breadcrumb\":{\"@id\":\"https:\/\/empow-her.com\/es\/produit\/coaching-marketing-digital\/#breadcrumb\"},\"inLanguage\":\"es\",\"potentialAction\":[{\"@type\":\"ReadAction\",\"target\":[\"https:\/\/empow-her.com\/es\/produit\/coaching-marketing-digital\/\"]}]},{\"@type\":\"BreadcrumbList\",\"@id\":\"https:\/\/empow-her.com\/es\/produit\/coaching-marketing-digital\/#breadcrumb\",\"itemListElement\":[{\"@type\":\"ListItem\",\"position\":1,\"name\":\"Accueil\",\"item\":\"https:\/\/empow-her.com\/es\/inicio\/\"},{\"@type\":\"ListItem\",\"position\":2,\"name\":\"LA BOUTIQUE\",\"item\":\"https:\/\/empow-her.com\/boutique\/\"},{\"@type\":\"ListItem\",\"position\":3,\"name\":\"Coaching &#8211; Marketing Digital\"}]},{\"@type\":\"WebSite\",\"@id\":\"https:\/\/empow-her.com\/#website\",\"url\":\"https:\/\/empow-her.com\/\",\"name\":\"Empow&#039;Her\",\"description\":\"Women Development\",\"potentialAction\":[{\"@type\":\"SearchAction\",\"target\":{\"@type\":\"EntryPoint\",\"urlTemplate\":\"https:\/\/empow-her.com\/?s={search_term_string}\"},\"query-input\":{\"@type\":\"PropertyValueSpecification\",\"valueRequired\":true,\"valueName\":\"search_term_string\"}}],\"inLanguage\":\"es\"}]}<\/script>\n<!-- \/ Yoast SEO plugin. -->","yoast_head_json":{"title":"Coaching - Marketing Digital - Empow&#039;Her","robots":{"index":"index","follow":"follow","max-snippet":"max-snippet:-1","max-image-preview":"max-image-preview:large","max-video-preview":"max-video-preview:-1"},"canonical":"https:\/\/empow-her.com\/es\/produit\/coaching-marketing-digital\/","og_locale":"es_ES","og_type":"article","og_title":"Coaching - Marketing Digital - Empow&#039;Her","og_description":"Vous avez d\u00e9j\u00e0 une preuve de concept ou \u00eates en phase de lancement et souhaitez savoir comment toucher et acqu\u00e9rir plus de\u00a0 clients par le digital ? Elaborer une strat\u00e9gie de contenu pertinente et tout savoir sur les publicit\u00e9s cibl\u00e9es? Quel branding, quel CRM utiliser ou encore comment optimiser votre r\u00e9f\u00e9rencement ? Coralie, experte en communication et fondatrice de YesforComm et Adrien, fondateur de Versacom, r\u00e9pondent \u00e0 toutes les questions autour du marketing digital que vous pouvez vous poser pour d\u00e9velopper et booster votre projet !\u00a0  &nbsp;  Par :\u00a0YesForComm  &nbsp;  Intervenantes :\u00a0Coralie est entrepreneure et fondatrice de l\u2019agence de communication\u00a0Yes for Comm. Elle accompagne les entrepreneurs et porteurs de projet sur leur strat\u00e9gie globale de communication et sa mise en \u0153uvre op\u00e9rationnelle. Son expertise se concentre sur l\u2019augmentation de la visibilit\u00e9 et de la notori\u00e9t\u00e9 des marques \u00e0 impact. Coralie a \u00e0 c\u0153ur d\u2019encourager les initiatives qui ont du sens et de renforcer la confiance des femmes entrepreneures !   Dipl\u00f4m\u00e9 de l\u2019Essec, Adrien Aszerman est sp\u00e9cialiste de la communication globale, avec une affinit\u00e9 particuli\u00e8re pour le digital. Pass\u00e9 par les m\u00e9dias, il est le fondateur de Versacom, cabinet conseil d\u00e9di\u00e9 depuis dix ans \u00e0 l'accompagnement des entreprises dans la d\u00e9finition et la mise en oeuvre de leur strat\u00e9gie de communication. Adrien Aszerman dirige \u00e9galement le Comptoir des influenceurs, agence de talents sur le Web, et enseigne la communication dans diverses \u00e9coles !  Le petit mot de Coralie : Croyez en vous et en vos capacit\u00e9s ! Surtout, construisez un projet qui vous ressemble, parce que vous \u00eates unique !  &nbsp;  Dur\u00e9e\u00a0:\u00a0Permanence de 4h avec un cr\u00e9neau de 1h par participante  &nbsp;","og_url":"https:\/\/empow-her.com\/es\/produit\/coaching-marketing-digital\/","og_site_name":"Empow&#039;Her","article_modified_time":"2021-04-07T16:56:48+00:00","twitter_card":"summary_large_image","schema":{"@context":"https:\/\/schema.org","@graph":[{"@type":"WebPage","@id":"https:\/\/empow-her.com\/es\/produit\/coaching-marketing-digital\/","url":"https:\/\/empow-her.com\/es\/produit\/coaching-marketing-digital\/","name":"Coaching - Marketing Digital - Empow&#039;Her","isPartOf":{"@id":"https:\/\/empow-her.com\/#website"},"datePublished":"2021-04-07T13:05:57+00:00","dateModified":"2021-04-07T16:56:48+00:00","breadcrumb":{"@id":"https:\/\/empow-her.com\/es\/produit\/coaching-marketing-digital\/#breadcrumb"},"inLanguage":"es","potentialAction":[{"@type":"ReadAction","target":["https:\/\/empow-her.com\/es\/produit\/coaching-marketing-digital\/"]}]},{"@type":"BreadcrumbList","@id":"https:\/\/empow-her.com\/es\/produit\/coaching-marketing-digital\/#breadcrumb","itemListElement":[{"@type":"ListItem","position":1,"name":"Accueil","item":"https:\/\/empow-her.com\/es\/inicio\/"},{"@type":"ListItem","position":2,"name":"LA BOUTIQUE","item":"https:\/\/empow-her.com\/boutique\/"},{"@type":"ListItem","position":3,"name":"Coaching &#8211; Marketing Digital"}]},{"@type":"WebSite","@id":"https:\/\/empow-her.com\/#website","url":"https:\/\/empow-her.com\/","name":"Empow&#039;Her","description":"Women Development","potentialAction":[{"@type":"SearchAction","target":{"@type":"EntryPoint","urlTemplate":"https:\/\/empow-her.com\/?s={search_term_string}"},"query-input":{"@type":"PropertyValueSpecification","valueRequired":true,"valueName":"search_term_string"}}],"inLanguage":"es"}]}},"_links":{"self":[{"href":"https:\/\/empow-her.com\/es\/wp-json\/wp\/v2\/product\/12737","targetHints":{"allow":["GET"]}}],"collection":[{"href":"https:\/\/empow-her.com\/es\/wp-json\/wp\/v2\/product"}],"about":[{"href":"https:\/\/empow-her.com\/es\/wp-json\/wp\/v2\/types\/product"}],"wp:attachment":[{"href":"https:\/\/empow-her.com\/es\/wp-json\/wp\/v2\/media?parent=12737"}],"wp:term":[{"taxonomy":"product_brand","embeddable":true,"href":"https:\/\/empow-her.com\/es\/wp-json\/wp\/v2\/product_brand?post=12737"},{"taxonomy":"product_cat","embeddable":true,"href":"https:\/\/empow-her.com\/es\/wp-json\/wp\/v2\/product_cat?post=12737"},{"taxonomy":"product_tag","embeddable":true,"href":"https:\/\/empow-her.com\/es\/wp-json\/wp\/v2\/product_tag?post=12737"},{"taxonomy":"lieu","embeddable":true,"href":"https:\/\/empow-her.com\/es\/wp-json\/wp\/v2\/lieu?post=12737"},{"taxonomy":"thematiques","embeddable":true,"href":"https:\/\/empow-her.com\/es\/wp-json\/wp\/v2\/thematiques?post=12737"}],"curies":[{"name":"wp","href":"https:\/\/api.w.org\/{rel}","templated":true}]}}