{"id":127054,"date":"2022-11-23T13:53:32","date_gmt":"2022-11-23T12:53:32","guid":{"rendered":"https:\/\/empow-her.com\/?post_type=product&#038;p=127054"},"modified":"2022-12-05T11:52:37","modified_gmt":"2022-12-05T10:52:37","slug":"bookclub-8-les-femmes-et-le-voyage-empowher","status":"publish","type":"product","link":"https:\/\/empow-her.com\/es\/produit\/bookclub-8-les-femmes-et-le-voyage-empowher\/","title":{"rendered":"BookClub #8 &#8211; Les femmes et le voyage"},"content":{"rendered":"<h5>Le mercredi 7 d\u00e9cembre, rejoins-nous chez Sist&#8217;Her pour notre 8\u00e8me bookclub d\u00e8s 19h00 <img decoding=\"async\" class=\"emoji\" role=\"img\" draggable=\"false\" src=\"https:\/\/s.w.org\/images\/core\/emoji\/14.0.0\/svg\/1f4da.svg\" alt=\"&#x1f4da;\" \/><\/h5>\n<p>Le Bookclub #8 nous emm\u00e8ne en <strong>voyage !\u00a0<\/strong>A la rencontre d&#8217;endroits, de personnes, \u00e0 la recherche de challenges, d&#8217;aventure&#8230; les autrices vous partageront leurs p\u00e9riples, leur vision du voyage et leur conseils pour oser voyager comme pour oser \u00e9crire.<\/p>\n<div>\n<ul>\n<li>Rencontre 3 autrices qui ont \u00e9crit autour du voyage :<\/li>\n<\/ul>\n<p><b>&#x1f33a;<\/b> Orianne Aymard pr\u00e9sentera S<em>ous l&#8217;oeil de la d\u00e9esse<\/em>, 2022 (Du Mont-Blanc)<\/p>\n<p>Victime \u00e0 25 ans d\u2019un grave accident c\u00e9r\u00e9bral dans les contreforts de l\u2019Himalaya indien, Orianne ne renonce pas \u00e0 la haute altitude et poursuit son r\u00eave de gravir le Lhotse, sommet satellite de l\u2019Everest. Seule femme de son groupe, elle fait preuve d&#8217;une r\u00e9silience pour atteindre des sommets.<\/p>\n<p>&#x1f33c; Jade Vergnes et Hortense Jauffret pr\u00e9senteront<em>\u00a0Colombiennes &#8211; rencontre avec 20 femmes<\/em>, 2021. (Du Jasmin Eds)<\/p>\n<p>A vingt ans, Jade Vergnes et Hortense Jauffret arpentent pendant un an la Colombie \u00e0 la rencontre de vingt femmes inspirantes. Elles explorent le pays et ses lieux : la prison devenue sc\u00e8ne de th\u00e9\u00e2tre, les exp\u00e9ditions en Antarctique, d\u00e9ch\u00e8terie m\u00e9tamorphos\u00e9e en ferme urbaine, villages indig\u00e8nes et afrodescendants en recueillant des t\u00e9moignages intimes comme inspirants de s\u00e9natrices, sculptrices, prostitu\u00e9es ou institutrices.<\/p>\n<p>&#x1f337; Sarah Ghoula pr\u00e9sentera Nos silences sont immenses (Faces Cach\u00e9es Editions)<br \/>\nIssue d&#8217;une formation de Lettres Modernes \u00e0 la Sorbonne et \u00e0 l&#8217;\u00c9cole Normale Sup\u00e9rieure d&#8217;Ulm, Sarah Ghoula a enseign\u00e9 la litt\u00e9rature et la communication avant de publier. Elle se pla\u00eet \u00e0 \u00e9crire de nombreuses nouvelles, qu&#8217;elle soumet par moments \u00e0 des concours et recoit 3 Prix, dont celui de l&#8217;Iram pr\u00e9sid\u00e9 par Cheikh Hamidou Kane. Elle signe son premier roman, mi-conte mi-r\u00e9cit po\u00e9tique, chez Faces Cach\u00e9es \u00c9ditions et songe d\u00e9j\u00e0 \u00e0 un deuxi\u00e8me&#8230;<\/p>\n<\/div>\n<div class=\"l7ghb35v kjdc1dyq kmwttqpk gh25dzvf jikcssrz\">Vous pourrez \u00e9galement acheter leurs livres gr\u00e2ce \u00e0 la librairie <em>Un livre et une tasse de th\u00e9. <\/em>L&#8217;\u00e9change sera suivi d&#8217;une d\u00e9dicace.<\/div>\n<div class=\"l7ghb35v kjdc1dyq kmwttqpk gh25dzvf jikcssrz\"><\/div>\n<div class=\"l7ghb35v kjdc1dyq kmwttqpk gh25dzvf jikcssrz\"><span class=\"fxk3tzhb b2rh1bv3 gh55jysx m8h3af8h ewco64xe kjdc1dyq ms56khn7 bq6c9xl4 eohcrkr5 akh3l2rg\"><img decoding=\"async\" src=\"https:\/\/static.xx.fbcdn.net\/images\/emoji.php\/v9\/t9b\/1.5\/16\/1f50e.png\" alt=\"&#x1f50e;\" width=\"16\" height=\"16\" \/><\/span><em>\u00a0MerciBOOKoup<\/em> : l\u2019association vise \u00e0 favoriser l\u2019\u00e9gal acc\u00e8s \u00e0 la lecture pour tou.te.s et l\u2019\u00e9conomie circulaire, tout en cr\u00e9ant du lien social. N\u2019h\u00e9sitez pas \u00e0 les suivre sur les r\u00e9seaux sociaux :\u00a0<a class=\"qi72231t nu7423ey n3hqoq4p r86q59rh b3qcqh3k fq87ekyn bdao358l fsf7x5fv rse6dlih s5oniofx m8h3af8h l7ghb35v kjdc1dyq kmwttqpk srn514ro oxkhqvkx rl78xhln nch0832m cr00lzj9 rn8ck1ys s3jn8y49 icdlwmnq cxfqmxzd pbevjfx6 innypi6y\" tabindex=\"0\" role=\"link\" href=\"https:\/\/www.facebook.com\/MerciBOOKoup.NL\/?__cft__[0]=AZXBXut3eedpkogWigMWXO81Ts79UezTSQ_8k5zuZPb7eoN8Nl-OrJ8RqCych6BProEh9bnYTSnxg2brJd5EWINA5UQyJWnvFr6n1liLDknkYD-7CaNM6r2BAdpJljMpjQQ6x4aW88VkHk6gZzu4T2mN&amp;__tn__=q\"><span class=\"rse6dlih\">https:\/\/www.facebook.com\/MerciBOOKoup.NL<\/span><\/a><\/div>\n<div class=\"l7ghb35v kjdc1dyq kmwttqpk gh25dzvf jikcssrz\">Viens emprunter des livres f\u00e9ministes dans notre biblioth\u00e8que Merci BOOKoup !<\/div>\n<div><\/div>\n<div class=\"l7ghb35v kjdc1dyq kmwttqpk gh25dzvf jikcssrz\"><span class=\"fxk3tzhb b2rh1bv3 gh55jysx m8h3af8h ewco64xe kjdc1dyq ms56khn7 bq6c9xl4 eohcrkr5 akh3l2rg\"><img decoding=\"async\" src=\"https:\/\/static.xx.fbcdn.net\/images\/emoji.php\/v9\/te4\/1.5\/16\/26a1.png\" alt=\"&#x26a1;&#xfe0f;\" width=\"16\" height=\"16\" \/><\/span><span class=\"fxk3tzhb b2rh1bv3 gh55jysx m8h3af8h ewco64xe kjdc1dyq ms56khn7 bq6c9xl4 eohcrkr5 akh3l2rg\"><img decoding=\"async\" src=\"https:\/\/static.xx.fbcdn.net\/images\/emoji.php\/v9\/te4\/1.5\/16\/26a1.png\" alt=\"&#x26a1;&#xfe0f;\" width=\"16\" height=\"16\" \/><\/span><span class=\"fxk3tzhb b2rh1bv3 gh55jysx m8h3af8h ewco64xe kjdc1dyq ms56khn7 bq6c9xl4 eohcrkr5 akh3l2rg\"><img decoding=\"async\" src=\"https:\/\/static.xx.fbcdn.net\/images\/emoji.php\/v9\/te4\/1.5\/16\/26a1.png\" alt=\"&#x26a1;&#xfe0f;\" width=\"16\" height=\"16\" \/><\/span><\/div>\n<div class=\"l7ghb35v kjdc1dyq kmwttqpk gh25dzvf jikcssrz\"><strong>Infos pratiques<\/strong><br \/>\n<span class=\"fxk3tzhb b2rh1bv3 gh55jysx m8h3af8h ewco64xe kjdc1dyq ms56khn7 bq6c9xl4 eohcrkr5 akh3l2rg\"><img decoding=\"async\" src=\"https:\/\/static.xx.fbcdn.net\/images\/emoji.php\/v9\/td7\/1.5\/16\/1f4c5.png\" alt=\"&#x1f4c5;\" width=\"16\" height=\"16\" \/><\/span> L\u2019\u00e9v\u00e9nement se d\u00e9roulera le 7 d\u00e9cembre de 19h \u00e0 20h45.<br \/>\n<span class=\"fxk3tzhb b2rh1bv3 gh55jysx m8h3af8h ewco64xe kjdc1dyq ms56khn7 bq6c9xl4 eohcrkr5 akh3l2rg\"><img loading=\"lazy\" decoding=\"async\" src=\"https:\/\/static.xx.fbcdn.net\/images\/emoji.php\/v9\/t8b\/1.5\/16\/1f516.png\" alt=\"&#x1f516;\" width=\"16\" height=\"16\" \/><\/span> R\u00e9servation gratuite obligatoire<br \/>\n<span class=\"fxk3tzhb b2rh1bv3 gh55jysx m8h3af8h ewco64xe kjdc1dyq ms56khn7 bq6c9xl4 eohcrkr5 akh3l2rg\"><img loading=\"lazy\" decoding=\"async\" src=\"https:\/\/static.xx.fbcdn.net\/images\/emoji.php\/v9\/t86\/1.5\/16\/1f4cd.png\" alt=\"&#x1f4cd;\" width=\"16\" height=\"16\" \/><\/span>\u00a0Sist\u2019He : 82 rue du Faubourg Saint-Martin 75010 Paris<\/div>\n<div><\/div>\n<div class=\"l7ghb35v kjdc1dyq kmwttqpk gh25dzvf jikcssrz\">Ouvert en mars 2021, Sist\u2019Her est le premier tiers-lieu sorore, d\u00e9di\u00e9 aux entrepreneuses et \u00e0 l&#8217;impact en \u00cele-de-France. Port\u00e9 par l\u2019association Empow\u2019Her, c\u2019est un lieu de formations et de rencontres inclusif et collaboratif. Ouvert \u00e0 tou\u00b7te\u00b7s o\u00f9 il est possible de se former, s\u2019inspirer, s\u2019engager et se rencontrer.<\/div>\n<div><\/div>\n<div class=\"l7ghb35v kjdc1dyq kmwttqpk gh25dzvf jikcssrz\">A tr\u00e8s vite ! <span class=\"fxk3tzhb b2rh1bv3 gh55jysx m8h3af8h ewco64xe kjdc1dyq ms56khn7 bq6c9xl4 eohcrkr5 akh3l2rg\"><img loading=\"lazy\" decoding=\"async\" src=\"https:\/\/static.xx.fbcdn.net\/images\/emoji.php\/v9\/t56\/1.5\/16\/1f64c.png\" alt=\"&#x1f64c;\" width=\"16\" height=\"16\" \/><\/span><\/div>\n","protected":false},"excerpt":{"rendered":"<h5>Le mercredi 7 d\u00e9cembre, rejoins-nous chez Sist&#8217;Her pour notre 8\u00e8me bookclub d\u00e8s 19h00 <img decoding=\"async\" class=\"emoji\" role=\"img\" draggable=\"false\" src=\"https:\/\/s.w.org\/images\/core\/emoji\/14.0.0\/svg\/1f4da.svg\" alt=\"&#x1f4da;\" \/><\/h5>\n<p>Le Bookclub #8 nous emm\u00e8ne en <strong>voyage !\u00a0<\/strong>A la rencontre d&#8217;endroits, de personnes, \u00e0 la recherche de challenges, d&#8217;aventure&#8230; les autrices vous partageront leurs p\u00e9riples, leur vision du voyage et leur conseils pour oser voyager comme pour oser \u00e9crire.<\/p>\n<div>\n<ul>\n<li>Rencontre 3 autrices qui ont \u00e9crit autour du voyage :<\/li>\n<\/ul>\n<p><b>&#x1f33a;<\/b> Orianne Aymard pr\u00e9sentera S<em>ous l&#8217;oeil de la d\u00e9esse<\/em>, 2022 (Du Mont-Blanc)<\/p>\n<p>Victime \u00e0 25 ans d\u2019un grave accident c\u00e9r\u00e9bral dans les contreforts de l\u2019Himalaya indien, Orianne ne renonce pas \u00e0 la haute altitude et poursuit son r\u00eave de gravir le Lhotse, sommet satellite de l\u2019Everest. Seule femme de son groupe, elle fait preuve d&#8217;une r\u00e9silience pour atteindre des sommets.<\/p>\n<p>&#x1f33c; Jade Vergnes et Hortense Jauffret pr\u00e9senteront<em>\u00a0Colombiennes &#8211; rencontre avec 20 femmes<\/em>, 2021. (Du Jasmin Eds)<\/p>\n<p>A vingt ans, Jade Vergnes et Hortense Jauffret arpentent pendant un an la Colombie \u00e0 la rencontre de vingt femmes inspirantes. Elles explorent le pays et ses lieux : la prison devenue sc\u00e8ne de th\u00e9\u00e2tre, les exp\u00e9ditions en Antarctique, d\u00e9ch\u00e8terie m\u00e9tamorphos\u00e9e en ferme urbaine, villages indig\u00e8nes et afrodescendants en recueillant des t\u00e9moignages intimes comme inspirants de s\u00e9natrices, sculptrices, prostitu\u00e9es ou institutrices.<\/p>\n<p>&#x1f337; Sarah Ghoula pr\u00e9sentera Nos silences sont immenses (Faces Cach\u00e9es Editions)<br \/>\nIssue d&#8217;une formation de Lettres Modernes \u00e0 la Sorbonne et \u00e0 l&#8217;\u00c9cole Normale Sup\u00e9rieure d&#8217;Ulm, Sarah Ghoula a enseign\u00e9 la litt\u00e9rature et la communication avant de publier. Elle se pla\u00eet \u00e0 \u00e9crire de nombreuses nouvelles, qu&#8217;elle soumet par moments \u00e0 des concours et recoit 3 Prix, dont celui de l&#8217;Iram pr\u00e9sid\u00e9 par Cheikh Hamidou Kane. Elle signe son premier roman, mi-conte mi-r\u00e9cit po\u00e9tique, chez Faces Cach\u00e9es \u00c9ditions et songe d\u00e9j\u00e0 \u00e0 un deuxi\u00e8me&#8230;<\/p>\n<\/div>\n<div class=\"l7ghb35v kjdc1dyq kmwttqpk gh25dzvf jikcssrz\">Vous pourrez \u00e9galement acheter leurs livres gr\u00e2ce \u00e0 la librairie <em>Un livre et une tasse de th\u00e9. <\/em>L&#8217;\u00e9change sera suivi d&#8217;une d\u00e9dicace.<\/div>\n<div class=\"l7ghb35v kjdc1dyq kmwttqpk gh25dzvf jikcssrz\"><\/div>\n<div class=\"l7ghb35v kjdc1dyq kmwttqpk gh25dzvf jikcssrz\"><span class=\"fxk3tzhb b2rh1bv3 gh55jysx m8h3af8h ewco64xe kjdc1dyq ms56khn7 bq6c9xl4 eohcrkr5 akh3l2rg\"><img decoding=\"async\" src=\"https:\/\/static.xx.fbcdn.net\/images\/emoji.php\/v9\/t9b\/1.5\/16\/1f50e.png\" alt=\"&#x1f50e;\" width=\"16\" height=\"16\" \/><\/span><em>\u00a0MerciBOOKoup<\/em> : l\u2019association vise \u00e0 favoriser l\u2019\u00e9gal acc\u00e8s \u00e0 la lecture pour tou.te.s et l\u2019\u00e9conomie circulaire, tout en cr\u00e9ant du lien social. N\u2019h\u00e9sitez pas \u00e0 les suivre sur les r\u00e9seaux sociaux :\u00a0<a class=\"qi72231t nu7423ey n3hqoq4p r86q59rh b3qcqh3k fq87ekyn bdao358l fsf7x5fv rse6dlih s5oniofx m8h3af8h l7ghb35v kjdc1dyq kmwttqpk srn514ro oxkhqvkx rl78xhln nch0832m cr00lzj9 rn8ck1ys s3jn8y49 icdlwmnq cxfqmxzd pbevjfx6 innypi6y\" tabindex=\"0\" role=\"link\" href=\"https:\/\/www.facebook.com\/MerciBOOKoup.NL\/?__cft__[0]=AZXBXut3eedpkogWigMWXO81Ts79UezTSQ_8k5zuZPb7eoN8Nl-OrJ8RqCych6BProEh9bnYTSnxg2brJd5EWINA5UQyJWnvFr6n1liLDknkYD-7CaNM6r2BAdpJljMpjQQ6x4aW88VkHk6gZzu4T2mN&amp;__tn__=q\"><span class=\"rse6dlih\">https:\/\/www.facebook.com\/MerciBOOKoup.NL<\/span><\/a><\/div>\n<div class=\"l7ghb35v kjdc1dyq kmwttqpk gh25dzvf jikcssrz\">Viens emprunter des livres f\u00e9ministes dans notre biblioth\u00e8que Merci BOOKoup !<\/div>\n<div><\/div>\n<div class=\"l7ghb35v kjdc1dyq kmwttqpk gh25dzvf jikcssrz\"><span class=\"fxk3tzhb b2rh1bv3 gh55jysx m8h3af8h ewco64xe kjdc1dyq ms56khn7 bq6c9xl4 eohcrkr5 akh3l2rg\"><img decoding=\"async\" src=\"https:\/\/static.xx.fbcdn.net\/images\/emoji.php\/v9\/te4\/1.5\/16\/26a1.png\" alt=\"&#x26a1;&#xfe0f;\" width=\"16\" height=\"16\" \/><\/span><span class=\"fxk3tzhb b2rh1bv3 gh55jysx m8h3af8h ewco64xe kjdc1dyq ms56khn7 bq6c9xl4 eohcrkr5 akh3l2rg\"><img decoding=\"async\" src=\"https:\/\/static.xx.fbcdn.net\/images\/emoji.php\/v9\/te4\/1.5\/16\/26a1.png\" alt=\"&#x26a1;&#xfe0f;\" width=\"16\" height=\"16\" \/><\/span><span class=\"fxk3tzhb b2rh1bv3 gh55jysx m8h3af8h ewco64xe kjdc1dyq ms56khn7 bq6c9xl4 eohcrkr5 akh3l2rg\"><img decoding=\"async\" src=\"https:\/\/static.xx.fbcdn.net\/images\/emoji.php\/v9\/te4\/1.5\/16\/26a1.png\" alt=\"&#x26a1;&#xfe0f;\" width=\"16\" height=\"16\" \/><\/span><\/div>\n<div class=\"l7ghb35v kjdc1dyq kmwttqpk gh25dzvf jikcssrz\"><strong>Infos pratiques<\/strong><br \/>\n<span class=\"fxk3tzhb b2rh1bv3 gh55jysx m8h3af8h ewco64xe kjdc1dyq ms56khn7 bq6c9xl4 eohcrkr5 akh3l2rg\"><img decoding=\"async\" src=\"https:\/\/static.xx.fbcdn.net\/images\/emoji.php\/v9\/td7\/1.5\/16\/1f4c5.png\" alt=\"&#x1f4c5;\" width=\"16\" height=\"16\" \/><\/span> L\u2019\u00e9v\u00e9nement se d\u00e9roulera le 7 d\u00e9cembre de 19h \u00e0 20h45.<br \/>\n<span class=\"fxk3tzhb b2rh1bv3 gh55jysx m8h3af8h ewco64xe kjdc1dyq ms56khn7 bq6c9xl4 eohcrkr5 akh3l2rg\"><img loading=\"lazy\" decoding=\"async\" src=\"https:\/\/static.xx.fbcdn.net\/images\/emoji.php\/v9\/t8b\/1.5\/16\/1f516.png\" alt=\"&#x1f516;\" width=\"16\" height=\"16\" \/><\/span> R\u00e9servation gratuite obligatoire<br \/>\n<span class=\"fxk3tzhb b2rh1bv3 gh55jysx m8h3af8h ewco64xe kjdc1dyq ms56khn7 bq6c9xl4 eohcrkr5 akh3l2rg\"><img loading=\"lazy\" decoding=\"async\" src=\"https:\/\/static.xx.fbcdn.net\/images\/emoji.php\/v9\/t86\/1.5\/16\/1f4cd.png\" alt=\"&#x1f4cd;\" width=\"16\" height=\"16\" \/><\/span>\u00a0Sist\u2019He : 82 rue du Faubourg Saint-Martin 75010 Paris<\/div>\n<div><\/div>\n<div class=\"l7ghb35v kjdc1dyq kmwttqpk gh25dzvf jikcssrz\">Ouvert en mars 2021, Sist\u2019Her est le premier tiers-lieu sorore, d\u00e9di\u00e9 aux entrepreneuses et \u00e0 l&#8217;impact en \u00cele-de-France. Port\u00e9 par l\u2019association Empow\u2019Her, c\u2019est un lieu de formations et de rencontres inclusif et collaboratif. Ouvert \u00e0 tou\u00b7te\u00b7s o\u00f9 il est possible de se former, s\u2019inspirer, s\u2019engager et se rencontrer.<\/div>\n<div><\/div>\n<div class=\"l7ghb35v kjdc1dyq kmwttqpk gh25dzvf jikcssrz\">A tr\u00e8s vite ! <span class=\"fxk3tzhb b2rh1bv3 gh55jysx m8h3af8h ewco64xe kjdc1dyq ms56khn7 bq6c9xl4 eohcrkr5 akh3l2rg\"><img loading=\"lazy\" decoding=\"async\" src=\"https:\/\/static.xx.fbcdn.net\/images\/emoji.php\/v9\/t56\/1.5\/16\/1f64c.png\" alt=\"&#x1f64c;\" width=\"16\" height=\"16\" \/><\/span><\/div>\n","protected":false},"featured_media":127069,"template":"","format":"standard","meta":{"_acf_changed":false,"om_disable_all_campaigns":false,"_uf_show_specific_survey":0,"_uf_disable_surveys":false},"product_brand":[],"product_cat":[119],"product_tag":[],"lieu":[127],"thematiques":[],"class_list":{"0":"post-127054","1":"product","2":"type-product","3":"status-publish","4":"format-standard","5":"has-post-thumbnail","7":"product_cat-evenement-sisther","8":"lieu-hub-empowher","10":"first","11":"instock","12":"virtual","13":"purchasable","14":"product-type-appointment"},"exclude_global_add_ons":[],"addons":[],"acf":[],"yoast_head":"<!-- This site is optimized with the Yoast SEO plugin v24.8 - https:\/\/yoast.com\/wordpress\/plugins\/seo\/ -->\n<title>BookClub #8 - Les femmes et le voyage -<\/title>\n<meta name=\"description\" content=\"Le mercredi 7 d\u00e9cmbre, rejoins-nous chez Sist&#039;Her pour notre bookclub sp\u00e9cial voyage. Pour oser voyager &amp; \u00e9crire, viens rencontrer des autrices inspirantes!\" \/>\n<meta name=\"robots\" content=\"index, follow, max-snippet:-1, max-image-preview:large, max-video-preview:-1\" \/>\n<link rel=\"canonical\" href=\"https:\/\/empow-her.com\/produit\/bookclub-8-les-femmes-et-le-voyage-empowher\/\" \/>\n<meta property=\"og:locale\" content=\"es_ES\" \/>\n<meta property=\"og:type\" content=\"article\" \/>\n<meta property=\"og:title\" content=\"BookClub #8 - Les femmes et le voyage -\" \/>\n<meta property=\"og:description\" content=\"Le mercredi 7 d\u00e9cmbre, rejoins-nous chez Sist&#039;Her pour notre bookclub sp\u00e9cial voyage. Pour oser voyager &amp; \u00e9crire, viens rencontrer des autrices inspirantes!\" \/>\n<meta property=\"og:url\" content=\"https:\/\/empow-her.com\/produit\/bookclub-8-les-femmes-et-le-voyage-empowher\/\" \/>\n<meta property=\"og:site_name\" content=\"Empow&#039;Her\" \/>\n<meta property=\"article:modified_time\" content=\"2022-12-05T10:52:37+00:00\" \/>\n<meta property=\"og:image\" content=\"https:\/\/empow-her.com\/wp-content\/uploads\/2022\/11\/Template-Event-SistHer-vignette-site-10.png\" \/>\n\t<meta property=\"og:image:width\" content=\"1080\" \/>\n\t<meta property=\"og:image:height\" content=\"1080\" \/>\n\t<meta property=\"og:image:type\" content=\"image\/png\" \/>\n<meta name=\"twitter:card\" content=\"summary_large_image\" \/>\n<meta name=\"twitter:label1\" content=\"Tiempo de lectura\" \/>\n\t<meta name=\"twitter:data1\" content=\"4 minutos\" \/>\n<script type=\"application\/ld+json\" class=\"yoast-schema-graph\">{\"@context\":\"https:\/\/schema.org\",\"@graph\":[{\"@type\":\"WebPage\",\"@id\":\"https:\/\/empow-her.com\/produit\/bookclub-8-les-femmes-et-le-voyage-empowher\/\",\"url\":\"https:\/\/empow-her.com\/produit\/bookclub-8-les-femmes-et-le-voyage-empowher\/\",\"name\":\"BookClub #8 - Les femmes et le voyage -\",\"isPartOf\":{\"@id\":\"https:\/\/empow-her.com\/#website\"},\"primaryImageOfPage\":{\"@id\":\"https:\/\/empow-her.com\/produit\/bookclub-8-les-femmes-et-le-voyage-empowher\/#primaryimage\"},\"image\":{\"@id\":\"https:\/\/empow-her.com\/produit\/bookclub-8-les-femmes-et-le-voyage-empowher\/#primaryimage\"},\"thumbnailUrl\":\"https:\/\/empow-her.com\/wp-content\/uploads\/2022\/11\/Template-Event-SistHer-vignette-site-10.png\",\"datePublished\":\"2022-11-23T12:53:32+00:00\",\"dateModified\":\"2022-12-05T10:52:37+00:00\",\"description\":\"Le mercredi 7 d\u00e9cmbre, rejoins-nous chez Sist'Her pour notre bookclub sp\u00e9cial voyage. Pour oser voyager & \u00e9crire, viens rencontrer des autrices inspirantes!\",\"breadcrumb\":{\"@id\":\"https:\/\/empow-her.com\/produit\/bookclub-8-les-femmes-et-le-voyage-empowher\/#breadcrumb\"},\"inLanguage\":\"es\",\"potentialAction\":[{\"@type\":\"ReadAction\",\"target\":[\"https:\/\/empow-her.com\/produit\/bookclub-8-les-femmes-et-le-voyage-empowher\/\"]}]},{\"@type\":\"ImageObject\",\"inLanguage\":\"es\",\"@id\":\"https:\/\/empow-her.com\/produit\/bookclub-8-les-femmes-et-le-voyage-empowher\/#primaryimage\",\"url\":\"https:\/\/empow-her.com\/wp-content\/uploads\/2022\/11\/Template-Event-SistHer-vignette-site-10.png\",\"contentUrl\":\"https:\/\/empow-her.com\/wp-content\/uploads\/2022\/11\/Template-Event-SistHer-vignette-site-10.png\",\"width\":1080,\"height\":1080},{\"@type\":\"BreadcrumbList\",\"@id\":\"https:\/\/empow-her.com\/produit\/bookclub-8-les-femmes-et-le-voyage-empowher\/#breadcrumb\",\"itemListElement\":[{\"@type\":\"ListItem\",\"position\":1,\"name\":\"Accueil\",\"item\":\"https:\/\/empow-her.com\/es\/inicio\/\"},{\"@type\":\"ListItem\",\"position\":2,\"name\":\"LA BOUTIQUE\",\"item\":\"https:\/\/empow-her.com\/boutique\/\"},{\"@type\":\"ListItem\",\"position\":3,\"name\":\"BookClub #8 &#8211; Les femmes et le voyage\"}]},{\"@type\":\"WebSite\",\"@id\":\"https:\/\/empow-her.com\/#website\",\"url\":\"https:\/\/empow-her.com\/\",\"name\":\"Empow&#039;Her\",\"description\":\"Women Development\",\"potentialAction\":[{\"@type\":\"SearchAction\",\"target\":{\"@type\":\"EntryPoint\",\"urlTemplate\":\"https:\/\/empow-her.com\/?s={search_term_string}\"},\"query-input\":{\"@type\":\"PropertyValueSpecification\",\"valueRequired\":true,\"valueName\":\"search_term_string\"}}],\"inLanguage\":\"es\"}]}<\/script>\n<!-- \/ Yoast SEO plugin. -->","yoast_head_json":{"title":"BookClub #8 - Les femmes et le voyage -","description":"Le mercredi 7 d\u00e9cmbre, rejoins-nous chez Sist'Her pour notre bookclub sp\u00e9cial voyage. Pour oser voyager & \u00e9crire, viens rencontrer des autrices inspirantes!","robots":{"index":"index","follow":"follow","max-snippet":"max-snippet:-1","max-image-preview":"max-image-preview:large","max-video-preview":"max-video-preview:-1"},"canonical":"https:\/\/empow-her.com\/produit\/bookclub-8-les-femmes-et-le-voyage-empowher\/","og_locale":"es_ES","og_type":"article","og_title":"BookClub #8 - Les femmes et le voyage -","og_description":"Le mercredi 7 d\u00e9cmbre, rejoins-nous chez Sist'Her pour notre bookclub sp\u00e9cial voyage. Pour oser voyager & \u00e9crire, viens rencontrer des autrices inspirantes!","og_url":"https:\/\/empow-her.com\/produit\/bookclub-8-les-femmes-et-le-voyage-empowher\/","og_site_name":"Empow&#039;Her","article_modified_time":"2022-12-05T10:52:37+00:00","og_image":[{"width":1080,"height":1080,"url":"https:\/\/empow-her.com\/wp-content\/uploads\/2022\/11\/Template-Event-SistHer-vignette-site-10.png","type":"image\/png"}],"twitter_card":"summary_large_image","twitter_misc":{"Tiempo de lectura":"4 minutos"},"schema":{"@context":"https:\/\/schema.org","@graph":[{"@type":"WebPage","@id":"https:\/\/empow-her.com\/produit\/bookclub-8-les-femmes-et-le-voyage-empowher\/","url":"https:\/\/empow-her.com\/produit\/bookclub-8-les-femmes-et-le-voyage-empowher\/","name":"BookClub #8 - Les femmes et le voyage -","isPartOf":{"@id":"https:\/\/empow-her.com\/#website"},"primaryImageOfPage":{"@id":"https:\/\/empow-her.com\/produit\/bookclub-8-les-femmes-et-le-voyage-empowher\/#primaryimage"},"image":{"@id":"https:\/\/empow-her.com\/produit\/bookclub-8-les-femmes-et-le-voyage-empowher\/#primaryimage"},"thumbnailUrl":"https:\/\/empow-her.com\/wp-content\/uploads\/2022\/11\/Template-Event-SistHer-vignette-site-10.png","datePublished":"2022-11-23T12:53:32+00:00","dateModified":"2022-12-05T10:52:37+00:00","description":"Le mercredi 7 d\u00e9cmbre, rejoins-nous chez Sist'Her pour notre bookclub sp\u00e9cial voyage. Pour oser voyager & \u00e9crire, viens rencontrer des autrices inspirantes!","breadcrumb":{"@id":"https:\/\/empow-her.com\/produit\/bookclub-8-les-femmes-et-le-voyage-empowher\/#breadcrumb"},"inLanguage":"es","potentialAction":[{"@type":"ReadAction","target":["https:\/\/empow-her.com\/produit\/bookclub-8-les-femmes-et-le-voyage-empowher\/"]}]},{"@type":"ImageObject","inLanguage":"es","@id":"https:\/\/empow-her.com\/produit\/bookclub-8-les-femmes-et-le-voyage-empowher\/#primaryimage","url":"https:\/\/empow-her.com\/wp-content\/uploads\/2022\/11\/Template-Event-SistHer-vignette-site-10.png","contentUrl":"https:\/\/empow-her.com\/wp-content\/uploads\/2022\/11\/Template-Event-SistHer-vignette-site-10.png","width":1080,"height":1080},{"@type":"BreadcrumbList","@id":"https:\/\/empow-her.com\/produit\/bookclub-8-les-femmes-et-le-voyage-empowher\/#breadcrumb","itemListElement":[{"@type":"ListItem","position":1,"name":"Accueil","item":"https:\/\/empow-her.com\/es\/inicio\/"},{"@type":"ListItem","position":2,"name":"LA BOUTIQUE","item":"https:\/\/empow-her.com\/boutique\/"},{"@type":"ListItem","position":3,"name":"BookClub #8 &#8211; Les femmes et le voyage"}]},{"@type":"WebSite","@id":"https:\/\/empow-her.com\/#website","url":"https:\/\/empow-her.com\/","name":"Empow&#039;Her","description":"Women Development","potentialAction":[{"@type":"SearchAction","target":{"@type":"EntryPoint","urlTemplate":"https:\/\/empow-her.com\/?s={search_term_string}"},"query-input":{"@type":"PropertyValueSpecification","valueRequired":true,"valueName":"search_term_string"}}],"inLanguage":"es"}]}},"_links":{"self":[{"href":"https:\/\/empow-her.com\/es\/wp-json\/wp\/v2\/product\/127054","targetHints":{"allow":["GET"]}}],"collection":[{"href":"https:\/\/empow-her.com\/es\/wp-json\/wp\/v2\/product"}],"about":[{"href":"https:\/\/empow-her.com\/es\/wp-json\/wp\/v2\/types\/product"}],"wp:featuredmedia":[{"embeddable":true,"href":"https:\/\/empow-her.com\/es\/wp-json\/wp\/v2\/media\/127069"}],"wp:attachment":[{"href":"https:\/\/empow-her.com\/es\/wp-json\/wp\/v2\/media?parent=127054"}],"wp:term":[{"taxonomy":"product_brand","embeddable":true,"href":"https:\/\/empow-her.com\/es\/wp-json\/wp\/v2\/product_brand?post=127054"},{"taxonomy":"product_cat","embeddable":true,"href":"https:\/\/empow-her.com\/es\/wp-json\/wp\/v2\/product_cat?post=127054"},{"taxonomy":"product_tag","embeddable":true,"href":"https:\/\/empow-her.com\/es\/wp-json\/wp\/v2\/product_tag?post=127054"},{"taxonomy":"lieu","embeddable":true,"href":"https:\/\/empow-her.com\/es\/wp-json\/wp\/v2\/lieu?post=127054"},{"taxonomy":"thematiques","embeddable":true,"href":"https:\/\/empow-her.com\/es\/wp-json\/wp\/v2\/thematiques?post=127054"}],"curies":[{"name":"wp","href":"https:\/\/api.w.org\/{rel}","templated":true}]}}