{"id":126477,"date":"2022-11-17T14:33:34","date_gmt":"2022-11-17T13:33:34","guid":{"rendered":"https:\/\/empow-her.com\/?post_type=product&#038;p=126477"},"modified":"2022-11-17T14:35:40","modified_gmt":"2022-11-17T13:35:40","slug":"coaching-explorer-son-modele-economique-14","status":"publish","type":"product","link":"https:\/\/empow-her.com\/es\/produit\/coaching-explorer-son-modele-economique-14\/","title":{"rendered":"Coaching &#8211; Explorer son mod\u00e8le \u00e9conomique"},"content":{"rendered":"","protected":false},"excerpt":{"rendered":"<p><span data-sheets-value=\"{&quot;1&quot;:2,&quot;2&quot;:&quot;Description : nnPr\u00e9-requis : nnIntervenant.e : nnSon super pouvoir : nnSon petit mot : &quot;}\" data-sheets-userformat=\"{&quot;2&quot;:641,&quot;3&quot;:{&quot;1&quot;:0},&quot;10&quot;:1,&quot;12&quot;:0}\"><strong>Description :<\/strong> Des questions\/ des doutes sur votre mod\u00e8le \u00e9conomique? comment le construire? d\u00e9finir et \u00e9tudier sa viabilit\u00e9\u202f?<br \/>\nArthur et Sophia vous accompagnent sur la d\u00e9finition de votre business model.<\/span><\/p>\n<p><strong>Pr\u00e9-requis<\/strong>\u00a0: Aucun<\/p>\n<p><strong>Intervenant.e<\/strong>\u00a0<strong>: Arthur Marechaux de ADFIXIO<\/strong><\/p>\n<p>Entrepreneur et facilitateur, je vous accompagne dans la conception, la mise en \u0153uvre et la diffusion d\u2019innovations \u00e0 fort impact, avec un focus sur la recherche de votre mod\u00e8le \u00e9conomique et le test de votre solution pour valider votre projet.<\/p>\n<p>J\u2019ai extrait de mes exp\u00e9riences terrains, les outils et les approches efficaces pour d\u00e9finir un mod\u00e8le et le tester rapidement. J\u2019\u00e9volue depuis 7 ans dans l\u2019\u00e9cosyst\u00e8me de l\u2019accompagnement de projets au c\u00f4t\u00e9 d\u2019entrepreneurs engag\u00e9s pour les accompagner \u00e0 d\u00e9velopper leur projet et leur potentiel. Et, je porte en parall\u00e8le un projet terrain, en phase de changement d\u2019\u00e9chelle qui a pour mission d\u2019enseigner les langues et sensibiliser \u00e0 la citoyennet\u00e9 europ\u00e9enne et mondiale, \u00e0 travers le sport.<\/p>\n<p><span data-sheets-value=\"{&quot;1&quot;:2,&quot;2&quot;:&quot;Description : nnPr\u00e9-requis : nnIntervenant.e : nnSon super pouvoir : nnSon petit mot : &quot;}\" data-sheets-userformat=\"{&quot;2&quot;:641,&quot;3&quot;:{&quot;1&quot;:0},&quot;10&quot;:1,&quot;12&quot;:0}\"><strong>Son super pouvoir :<\/strong>\u00a0Explorateur des possibles<\/span><\/p>\n<p><strong>Son petit mot :\u00a0<\/strong>Entreprendre, c\u2019est comme se lancer dans un trek en montagne, pour parvenir au sommet, il y a du chemin \u00e0 parcourir et une grande part d\u2019impr\u00e9vu. Votre challenge :<br \/>\n1. Trouver le bon chemin (la bonne nouvelle c\u2019est qu\u2019il en existe plusieurs)<br \/>\n2. Rester motiv\u00e9e<br \/>\n3. Savoir par quel sentier commencer<br \/>\n4. \u00catre \u00e9quip\u00e9e<\/p>\n<p>Si vous \u00eates ici, c\u2019est que vous avez fait le bon choix pour que l\u2019on vous soutienne dans cette aventure et qu\u2019on vous aide \u00e0 prendre du recul pour faire les bons choix afin d\u2019arriver au sommet.<\/p>\n<p><strong>Dur\u00e9e<\/strong>\u00a0: U<span data-sheets-value=\"{&quot;1&quot;:2,&quot;2&quot;:&quot;Permanence de 4h avec un cr\u00e9neau de 1h par participante (+ 15 minutes entre chaque)&quot;}\" data-sheets-userformat=\"{&quot;2&quot;:7167,&quot;3&quot;:{&quot;1&quot;:0},&quot;4&quot;:{&quot;1&quot;:2,&quot;2&quot;:16777215},&quot;5&quot;:{&quot;1&quot;:[{&quot;1&quot;:2,&quot;2&quot;:0,&quot;5&quot;:{&quot;1&quot;:2,&quot;2&quot;:0}},{&quot;1&quot;:0,&quot;2&quot;:0,&quot;3&quot;:3},{&quot;1&quot;:1,&quot;2&quot;:0,&quot;4&quot;:1}]},&quot;6&quot;:{&quot;1&quot;:[{&quot;1&quot;:2,&quot;2&quot;:0,&quot;5&quot;:{&quot;1&quot;:2,&quot;2&quot;:0}},{&quot;1&quot;:0,&quot;2&quot;:0,&quot;3&quot;:3},{&quot;1&quot;:1,&quot;2&quot;:0,&quot;4&quot;:1}]},&quot;7&quot;:{&quot;1&quot;:[{&quot;1&quot;:2,&quot;2&quot;:0,&quot;5&quot;:{&quot;1&quot;:2,&quot;2&quot;:0}},{&quot;1&quot;:0,&quot;2&quot;:0,&quot;3&quot;:3},{&quot;1&quot;:1,&quot;2&quot;:0,&quot;4&quot;:1}]},&quot;8&quot;:{&quot;1&quot;:[{&quot;1&quot;:2,&quot;2&quot;:0,&quot;5&quot;:{&quot;1&quot;:2,&quot;2&quot;:0}},{&quot;1&quot;:0,&quot;2&quot;:0,&quot;3&quot;:3},{&quot;1&quot;:1,&quot;2&quot;:0,&quot;4&quot;:1}]},&quot;9&quot;:0,&quot;10&quot;:1,&quot;11&quot;:4,&quot;12&quot;:0,&quot;14&quot;:{&quot;1&quot;:2,&quot;2&quot;:0},&quot;15&quot;:&quot;Calibri&quot;}\">n cr\u00e9neau de 1h en individuel<\/span><\/p>\n<p>&nbsp;<\/p>\n<p><span data-sheets-value=\"{&quot;1&quot;:2,&quot;2&quot;:&quot;Attention ! \u00a0Veuillez vous pr\u00e9sentez \u00e0 l'heure pour que l'activit\u00e9 puisse commencer \u00e0 temps. Si vous avez du retard veuillez pr\u00e9venir l'intervenant.e. Si vous avez plus de 15 min de retard l'intervenant.e se r\u00e9serve le droit de plus vous accepter pour le coaching ou l'atelier.\u00a0&quot;}\" data-sheets-userformat=\"{&quot;2&quot;:641,&quot;3&quot;:{&quot;1&quot;:0},&quot;10&quot;:1,&quot;12&quot;:0}\"><strong>Attention !<\/strong> \u00a0Veuillez vous pr\u00e9senter \u00e0 l\u2019heure pour que l\u2019activit\u00e9 puisse commencer \u00e0 temps. Si vous avez du retard veuillez pr\u00e9venir l\u2019intervenant.e. Si vous avez plus de 15 min de retard l\u2019intervenant.e se r\u00e9serve le droit de ne plus vous accepter pour le coaching ou l\u2019atelier.<\/span><\/p>\n","protected":false},"featured_media":126478,"template":"","format":"standard","meta":{"_acf_changed":false,"om_disable_all_campaigns":false,"_uf_show_specific_survey":0,"_uf_disable_surveys":false},"product_brand":[],"product_cat":[121],"product_tag":[],"lieu":[125],"thematiques":[],"class_list":{"0":"post-126477","1":"product","2":"type-product","3":"status-publish","4":"format-standard","5":"has-post-thumbnail","7":"product_cat-coaching","8":"lieu-en-ligne","10":"first","11":"instock","12":"virtual","13":"purchasable","14":"product-type-appointment"},"exclude_global_add_ons":[],"addons":[],"acf":[],"yoast_head":"<!-- This site is optimized with the Yoast SEO plugin v24.8 - https:\/\/yoast.com\/wordpress\/plugins\/seo\/ -->\n<title>Coaching - Explorer son mod\u00e8le \u00e9conomique - Empow&#039;Her<\/title>\n<meta name=\"robots\" content=\"index, follow, max-snippet:-1, max-image-preview:large, max-video-preview:-1\" \/>\n<link rel=\"canonical\" href=\"https:\/\/empow-her.com\/produit\/coaching-explorer-son-modele-economique-14\/\" \/>\n<meta property=\"og:locale\" content=\"es_ES\" \/>\n<meta property=\"og:type\" content=\"article\" \/>\n<meta property=\"og:title\" content=\"Coaching - Explorer son mod\u00e8le \u00e9conomique - Empow&#039;Her\" \/>\n<meta property=\"og:description\" content=\"Description : Des questions\/ des doutes sur votre mod\u00e8le \u00e9conomique? comment le construire? d\u00e9finir et \u00e9tudier sa viabilit\u00e9\u202f? Arthur et Sophia vous accompagnent sur la d\u00e9finition de votre business model.  Pr\u00e9-requis\u00a0: Aucun  Intervenant.e\u00a0: Arthur Marechaux de ADFIXIO  Entrepreneur et facilitateur, je vous accompagne dans la conception, la mise en \u0153uvre et la diffusion d\u2019innovations \u00e0 fort impact, avec un focus sur la recherche de votre mod\u00e8le \u00e9conomique et le test de votre solution pour valider votre projet.  J\u2019ai extrait de mes exp\u00e9riences terrains, les outils et les approches efficaces pour d\u00e9finir un mod\u00e8le et le tester rapidement. J\u2019\u00e9volue depuis 7 ans dans l\u2019\u00e9cosyst\u00e8me de l\u2019accompagnement de projets au c\u00f4t\u00e9 d\u2019entrepreneurs engag\u00e9s pour les accompagner \u00e0 d\u00e9velopper leur projet et leur potentiel. Et, je porte en parall\u00e8le un projet terrain, en phase de changement d\u2019\u00e9chelle qui a pour mission d\u2019enseigner les langues et sensibiliser \u00e0 la citoyennet\u00e9 europ\u00e9enne et mondiale, \u00e0 travers le sport.  Son super pouvoir :\u00a0Explorateur des possibles  Son petit mot :\u00a0Entreprendre, c\u2019est comme se lancer dans un trek en montagne, pour parvenir au sommet, il y a du chemin \u00e0 parcourir et une grande part d\u2019impr\u00e9vu. Votre challenge : 1. Trouver le bon chemin (la bonne nouvelle c\u2019est qu\u2019il en existe plusieurs) 2. Rester motiv\u00e9e 3. Savoir par quel sentier commencer 4. \u00catre \u00e9quip\u00e9e  Si vous \u00eates ici, c\u2019est que vous avez fait le bon choix pour que l\u2019on vous soutienne dans cette aventure et qu\u2019on vous aide \u00e0 prendre du recul pour faire les bons choix afin d\u2019arriver au sommet.  Dur\u00e9e\u00a0: Un cr\u00e9neau de 1h en individuel  &nbsp;  Attention ! \u00a0Veuillez vous pr\u00e9senter \u00e0 l\u2019heure pour que l\u2019activit\u00e9 puisse commencer \u00e0 temps. Si vous avez du retard veuillez pr\u00e9venir l\u2019intervenant.e. Si vous avez plus de 15 min de retard l\u2019intervenant.e se r\u00e9serve le droit de ne plus vous accepter pour le coaching ou l\u2019atelier.\" \/>\n<meta property=\"og:url\" content=\"https:\/\/empow-her.com\/produit\/coaching-explorer-son-modele-economique-14\/\" \/>\n<meta property=\"og:site_name\" content=\"Empow&#039;Her\" \/>\n<meta property=\"article:modified_time\" content=\"2022-11-17T13:35:40+00:00\" \/>\n<meta property=\"og:image\" content=\"https:\/\/empow-her.com\/wp-content\/uploads\/2022\/11\/Women-Dare-templates-events-2022-11-17T143432.386.png\" \/>\n\t<meta property=\"og:image:width\" content=\"1080\" \/>\n\t<meta property=\"og:image:height\" content=\"1080\" \/>\n\t<meta property=\"og:image:type\" content=\"image\/png\" \/>\n<meta name=\"twitter:card\" content=\"summary_large_image\" \/>\n<script type=\"application\/ld+json\" class=\"yoast-schema-graph\">{\"@context\":\"https:\/\/schema.org\",\"@graph\":[{\"@type\":\"WebPage\",\"@id\":\"https:\/\/empow-her.com\/produit\/coaching-explorer-son-modele-economique-14\/\",\"url\":\"https:\/\/empow-her.com\/produit\/coaching-explorer-son-modele-economique-14\/\",\"name\":\"Coaching - Explorer son mod\u00e8le \u00e9conomique - Empow&#039;Her\",\"isPartOf\":{\"@id\":\"https:\/\/empow-her.com\/#website\"},\"primaryImageOfPage\":{\"@id\":\"https:\/\/empow-her.com\/produit\/coaching-explorer-son-modele-economique-14\/#primaryimage\"},\"image\":{\"@id\":\"https:\/\/empow-her.com\/produit\/coaching-explorer-son-modele-economique-14\/#primaryimage\"},\"thumbnailUrl\":\"https:\/\/empow-her.com\/wp-content\/uploads\/2022\/11\/Women-Dare-templates-events-2022-11-17T143432.386.png\",\"datePublished\":\"2022-11-17T13:33:34+00:00\",\"dateModified\":\"2022-11-17T13:35:40+00:00\",\"breadcrumb\":{\"@id\":\"https:\/\/empow-her.com\/produit\/coaching-explorer-son-modele-economique-14\/#breadcrumb\"},\"inLanguage\":\"es\",\"potentialAction\":[{\"@type\":\"ReadAction\",\"target\":[\"https:\/\/empow-her.com\/produit\/coaching-explorer-son-modele-economique-14\/\"]}]},{\"@type\":\"ImageObject\",\"inLanguage\":\"es\",\"@id\":\"https:\/\/empow-her.com\/produit\/coaching-explorer-son-modele-economique-14\/#primaryimage\",\"url\":\"https:\/\/empow-her.com\/wp-content\/uploads\/2022\/11\/Women-Dare-templates-events-2022-11-17T143432.386.png\",\"contentUrl\":\"https:\/\/empow-her.com\/wp-content\/uploads\/2022\/11\/Women-Dare-templates-events-2022-11-17T143432.386.png\",\"width\":1080,\"height\":1080},{\"@type\":\"BreadcrumbList\",\"@id\":\"https:\/\/empow-her.com\/produit\/coaching-explorer-son-modele-economique-14\/#breadcrumb\",\"itemListElement\":[{\"@type\":\"ListItem\",\"position\":1,\"name\":\"Accueil\",\"item\":\"https:\/\/empow-her.com\/es\/inicio\/\"},{\"@type\":\"ListItem\",\"position\":2,\"name\":\"LA BOUTIQUE\",\"item\":\"https:\/\/empow-her.com\/boutique\/\"},{\"@type\":\"ListItem\",\"position\":3,\"name\":\"Coaching &#8211; Explorer son mod\u00e8le \u00e9conomique\"}]},{\"@type\":\"WebSite\",\"@id\":\"https:\/\/empow-her.com\/#website\",\"url\":\"https:\/\/empow-her.com\/\",\"name\":\"Empow&#039;Her\",\"description\":\"Women Development\",\"potentialAction\":[{\"@type\":\"SearchAction\",\"target\":{\"@type\":\"EntryPoint\",\"urlTemplate\":\"https:\/\/empow-her.com\/?s={search_term_string}\"},\"query-input\":{\"@type\":\"PropertyValueSpecification\",\"valueRequired\":true,\"valueName\":\"search_term_string\"}}],\"inLanguage\":\"es\"}]}<\/script>\n<!-- \/ Yoast SEO plugin. -->","yoast_head_json":{"title":"Coaching - Explorer son mod\u00e8le \u00e9conomique - Empow&#039;Her","robots":{"index":"index","follow":"follow","max-snippet":"max-snippet:-1","max-image-preview":"max-image-preview:large","max-video-preview":"max-video-preview:-1"},"canonical":"https:\/\/empow-her.com\/produit\/coaching-explorer-son-modele-economique-14\/","og_locale":"es_ES","og_type":"article","og_title":"Coaching - Explorer son mod\u00e8le \u00e9conomique - Empow&#039;Her","og_description":"Description : Des questions\/ des doutes sur votre mod\u00e8le \u00e9conomique? comment le construire? d\u00e9finir et \u00e9tudier sa viabilit\u00e9\u202f? Arthur et Sophia vous accompagnent sur la d\u00e9finition de votre business model.  Pr\u00e9-requis\u00a0: Aucun  Intervenant.e\u00a0: Arthur Marechaux de ADFIXIO  Entrepreneur et facilitateur, je vous accompagne dans la conception, la mise en \u0153uvre et la diffusion d\u2019innovations \u00e0 fort impact, avec un focus sur la recherche de votre mod\u00e8le \u00e9conomique et le test de votre solution pour valider votre projet.  J\u2019ai extrait de mes exp\u00e9riences terrains, les outils et les approches efficaces pour d\u00e9finir un mod\u00e8le et le tester rapidement. J\u2019\u00e9volue depuis 7 ans dans l\u2019\u00e9cosyst\u00e8me de l\u2019accompagnement de projets au c\u00f4t\u00e9 d\u2019entrepreneurs engag\u00e9s pour les accompagner \u00e0 d\u00e9velopper leur projet et leur potentiel. Et, je porte en parall\u00e8le un projet terrain, en phase de changement d\u2019\u00e9chelle qui a pour mission d\u2019enseigner les langues et sensibiliser \u00e0 la citoyennet\u00e9 europ\u00e9enne et mondiale, \u00e0 travers le sport.  Son super pouvoir :\u00a0Explorateur des possibles  Son petit mot :\u00a0Entreprendre, c\u2019est comme se lancer dans un trek en montagne, pour parvenir au sommet, il y a du chemin \u00e0 parcourir et une grande part d\u2019impr\u00e9vu. Votre challenge : 1. Trouver le bon chemin (la bonne nouvelle c\u2019est qu\u2019il en existe plusieurs) 2. Rester motiv\u00e9e 3. Savoir par quel sentier commencer 4. \u00catre \u00e9quip\u00e9e  Si vous \u00eates ici, c\u2019est que vous avez fait le bon choix pour que l\u2019on vous soutienne dans cette aventure et qu\u2019on vous aide \u00e0 prendre du recul pour faire les bons choix afin d\u2019arriver au sommet.  Dur\u00e9e\u00a0: Un cr\u00e9neau de 1h en individuel  &nbsp;  Attention ! \u00a0Veuillez vous pr\u00e9senter \u00e0 l\u2019heure pour que l\u2019activit\u00e9 puisse commencer \u00e0 temps. Si vous avez du retard veuillez pr\u00e9venir l\u2019intervenant.e. Si vous avez plus de 15 min de retard l\u2019intervenant.e se r\u00e9serve le droit de ne plus vous accepter pour le coaching ou l\u2019atelier.","og_url":"https:\/\/empow-her.com\/produit\/coaching-explorer-son-modele-economique-14\/","og_site_name":"Empow&#039;Her","article_modified_time":"2022-11-17T13:35:40+00:00","og_image":[{"width":1080,"height":1080,"url":"https:\/\/empow-her.com\/wp-content\/uploads\/2022\/11\/Women-Dare-templates-events-2022-11-17T143432.386.png","type":"image\/png"}],"twitter_card":"summary_large_image","schema":{"@context":"https:\/\/schema.org","@graph":[{"@type":"WebPage","@id":"https:\/\/empow-her.com\/produit\/coaching-explorer-son-modele-economique-14\/","url":"https:\/\/empow-her.com\/produit\/coaching-explorer-son-modele-economique-14\/","name":"Coaching - Explorer son mod\u00e8le \u00e9conomique - Empow&#039;Her","isPartOf":{"@id":"https:\/\/empow-her.com\/#website"},"primaryImageOfPage":{"@id":"https:\/\/empow-her.com\/produit\/coaching-explorer-son-modele-economique-14\/#primaryimage"},"image":{"@id":"https:\/\/empow-her.com\/produit\/coaching-explorer-son-modele-economique-14\/#primaryimage"},"thumbnailUrl":"https:\/\/empow-her.com\/wp-content\/uploads\/2022\/11\/Women-Dare-templates-events-2022-11-17T143432.386.png","datePublished":"2022-11-17T13:33:34+00:00","dateModified":"2022-11-17T13:35:40+00:00","breadcrumb":{"@id":"https:\/\/empow-her.com\/produit\/coaching-explorer-son-modele-economique-14\/#breadcrumb"},"inLanguage":"es","potentialAction":[{"@type":"ReadAction","target":["https:\/\/empow-her.com\/produit\/coaching-explorer-son-modele-economique-14\/"]}]},{"@type":"ImageObject","inLanguage":"es","@id":"https:\/\/empow-her.com\/produit\/coaching-explorer-son-modele-economique-14\/#primaryimage","url":"https:\/\/empow-her.com\/wp-content\/uploads\/2022\/11\/Women-Dare-templates-events-2022-11-17T143432.386.png","contentUrl":"https:\/\/empow-her.com\/wp-content\/uploads\/2022\/11\/Women-Dare-templates-events-2022-11-17T143432.386.png","width":1080,"height":1080},{"@type":"BreadcrumbList","@id":"https:\/\/empow-her.com\/produit\/coaching-explorer-son-modele-economique-14\/#breadcrumb","itemListElement":[{"@type":"ListItem","position":1,"name":"Accueil","item":"https:\/\/empow-her.com\/es\/inicio\/"},{"@type":"ListItem","position":2,"name":"LA BOUTIQUE","item":"https:\/\/empow-her.com\/boutique\/"},{"@type":"ListItem","position":3,"name":"Coaching &#8211; Explorer son mod\u00e8le \u00e9conomique"}]},{"@type":"WebSite","@id":"https:\/\/empow-her.com\/#website","url":"https:\/\/empow-her.com\/","name":"Empow&#039;Her","description":"Women Development","potentialAction":[{"@type":"SearchAction","target":{"@type":"EntryPoint","urlTemplate":"https:\/\/empow-her.com\/?s={search_term_string}"},"query-input":{"@type":"PropertyValueSpecification","valueRequired":true,"valueName":"search_term_string"}}],"inLanguage":"es"}]}},"_links":{"self":[{"href":"https:\/\/empow-her.com\/es\/wp-json\/wp\/v2\/product\/126477","targetHints":{"allow":["GET"]}}],"collection":[{"href":"https:\/\/empow-her.com\/es\/wp-json\/wp\/v2\/product"}],"about":[{"href":"https:\/\/empow-her.com\/es\/wp-json\/wp\/v2\/types\/product"}],"wp:featuredmedia":[{"embeddable":true,"href":"https:\/\/empow-her.com\/es\/wp-json\/wp\/v2\/media\/126478"}],"wp:attachment":[{"href":"https:\/\/empow-her.com\/es\/wp-json\/wp\/v2\/media?parent=126477"}],"wp:term":[{"taxonomy":"product_brand","embeddable":true,"href":"https:\/\/empow-her.com\/es\/wp-json\/wp\/v2\/product_brand?post=126477"},{"taxonomy":"product_cat","embeddable":true,"href":"https:\/\/empow-her.com\/es\/wp-json\/wp\/v2\/product_cat?post=126477"},{"taxonomy":"product_tag","embeddable":true,"href":"https:\/\/empow-her.com\/es\/wp-json\/wp\/v2\/product_tag?post=126477"},{"taxonomy":"lieu","embeddable":true,"href":"https:\/\/empow-her.com\/es\/wp-json\/wp\/v2\/lieu?post=126477"},{"taxonomy":"thematiques","embeddable":true,"href":"https:\/\/empow-her.com\/es\/wp-json\/wp\/v2\/thematiques?post=126477"}],"curies":[{"name":"wp","href":"https:\/\/api.w.org\/{rel}","templated":true}]}}