{"id":126428,"date":"2022-11-17T12:17:50","date_gmt":"2022-11-17T11:17:50","guid":{"rendered":"https:\/\/empow-her.com\/?post_type=product&#038;p=126428"},"modified":"2022-11-17T12:21:19","modified_gmt":"2022-11-17T11:21:19","slug":"atelier-explorer-son-modele-economique-et-sa-durabilite-3","status":"publish","type":"product","link":"https:\/\/empow-her.com\/es\/produit\/atelier-explorer-son-modele-economique-et-sa-durabilite-3\/","title":{"rendered":"Atelier &#8211; Explorer son mod\u00e8le \u00e9conomique et sa durabilit\u00e9"},"content":{"rendered":"","protected":false},"excerpt":{"rendered":"<div>\n<p><span data-sheets-value=\"{&quot;1&quot;:2,&quot;2&quot;:&quot;Description : nnPr\u00e9-requis : nnIntervenant.e : nnSon super pouvoir : nnSon petit mot : &quot;}\" data-sheets-userformat=\"{&quot;2&quot;:641,&quot;3&quot;:{&quot;1&quot;:0},&quot;10&quot;:1,&quot;12&quot;:0}\"><strong>Description : <\/strong><\/span>Cet atelier vous propose de clarifier vos hypoth\u00e8ses de mod\u00e8le \u00e9conomique avec l&#8217;approche Lean Caneva pour r\u00e9pondre aux questions essentielles au c\u0153ur de votre projet : quelle est la valeur que vous cr\u00e9ez ? Comment la d\u00e9livrez-vous et comment la captez-vous ?<\/p>\n<p>Au programme : Pr\u00e9sentation de l&#8217;approche Lean Caneva, r\u00e9flexion individuelle sur son projet et challenges entre paires<\/p>\n<p><strong>Pr\u00e9-requis<\/strong> : Aucun<\/p>\n<p><strong>Intervenant.e : Arthur Marechaux\u00a0<\/strong><\/p>\n<\/div>\n<div>\n<p>Entrepreneur et facilitateur, je vous accompagne dans la conception, la mise en \u0153uvre et la diffusion d\u2019innovations \u00e0 fort impact, avec un focus sur la recherche de votre mod\u00e8le \u00e9conomique et le test de votre solution pour valider votre projet.<\/p>\n<p>J&#8217;ai extrait de mes exp\u00e9riences terrains, les outils et les approches efficaces pour d\u00e9finir un mod\u00e8le et le tester rapidement. J\u2019\u00e9volue depuis 7 ans dans l\u2019\u00e9cosyst\u00e8me de l\u2019accompagnement de projets au c\u00f4t\u00e9 d\u2019entrepreneurs engag\u00e9s pour les accompagner \u00e0 d\u00e9velopper leur projet et leur potentiel. Et, je porte en parall\u00e8le un projet terrain, en phase de changement d&#8217;\u00e9chelle qui a pour mission d\u2019enseigner les langues et sensibiliser \u00e0 la citoyennet\u00e9 europ\u00e9enne et mondiale, \u00e0 travers le sport.<\/p>\n<p><span data-sheets-value=\"{&quot;1&quot;:2,&quot;2&quot;:&quot;Description : nnPr\u00e9-requis : nnIntervenant.e : nnSon super pouvoir : nnSon petit mot : &quot;}\" data-sheets-userformat=\"{&quot;2&quot;:641,&quot;3&quot;:{&quot;1&quot;:0},&quot;10&quot;:1,&quot;12&quot;:0}\"><br \/>\n<strong>Son super pouvoir :<\/strong> Explorateur des possibles <\/span><\/p>\n<p><strong>Son petit mot : <\/strong>Entreprendre, c&#8217;est comme se lancer dans un trek en montagne, pour parvenir au sommet, il y a du chemin \u00e0 parcourir et une grande part d\u2019impr\u00e9vu. Votre challenge :<br \/>\n1. Trouver le bon chemin (la bonne nouvelle c&#8217;est qu&#8217;il en existe plusieurs)<br \/>\n2. Rester motiv\u00e9e<br \/>\n3. Savoir par quel sentier commencer<br \/>\n4. \u00catre \u00e9quip\u00e9e<\/p>\n<p>Si vous \u00eates ici, c&#8217;est que vous avez fait le bon choix pour que l&#8217;on vous soutienne dans cette aventure et qu&#8217;on vous aide \u00e0 prendre du recul pour faire les bons choix afin d&#8217;arriver au sommet.<\/p>\n<\/div>\n<div><\/div>\n<div><b>Lieu : <\/b>Sist&#8217;Her Paris, 82 rue du Faubourg Saint-Martin<\/div>\n<div><\/div>\n<div><\/div>\n<div><span data-sheets-value=\"{&quot;1&quot;:2,&quot;2&quot;:&quot;Attention ! \u00a0Veuillez vous pr\u00e9sentez \u00e0 l'heure pour que l'activit\u00e9 puisse commencer \u00e0 temps. Si vous avez du retard veuillez pr\u00e9venir l'intervenant.e. Si vous avez plus de 15 min de retard l'intervenant.e se r\u00e9serve le droit de plus vous accepter pour le coaching ou l'atelier.\u00a0&quot;}\" data-sheets-userformat=\"{&quot;2&quot;:641,&quot;3&quot;:{&quot;1&quot;:0},&quot;10&quot;:1,&quot;12&quot;:0}\"><strong>Attention !<\/strong> \u00a0Veuillez vous pr\u00e9senter \u00e0 l&#8217;heure pour que l&#8217;activit\u00e9 puisse commencer \u00e0 temps. Si vous avez du retard veuillez pr\u00e9venir l&#8217;intervenant.e. Si vous avez plus de 15 min de retard l&#8217;intervenant.e se r\u00e9serve le droit de ne plus vous accepter pour le coaching ou l&#8217;atelier.<\/span><\/div>\n","protected":false},"featured_media":126429,"template":"","format":"standard","meta":{"_acf_changed":false,"om_disable_all_campaigns":false,"_uf_show_specific_survey":0,"_uf_disable_surveys":false},"product_brand":[],"product_cat":[118],"product_tag":[],"lieu":[127],"thematiques":[],"class_list":{"0":"post-126428","1":"product","2":"type-product","3":"status-publish","4":"format-standard","5":"has-post-thumbnail","7":"product_cat-atelier-collectif","8":"lieu-hub-empowher","10":"first","11":"instock","12":"virtual","13":"purchasable","14":"product-type-appointment"},"exclude_global_add_ons":[],"addons":[],"acf":[],"yoast_head":"<!-- This site is optimized with the Yoast SEO plugin v24.8 - https:\/\/yoast.com\/wordpress\/plugins\/seo\/ -->\n<title>Atelier - Explorer son mod\u00e8le \u00e9conomique et sa durabilit\u00e9 - Empow&#039;Her<\/title>\n<meta name=\"robots\" content=\"index, follow, max-snippet:-1, max-image-preview:large, max-video-preview:-1\" \/>\n<link rel=\"canonical\" href=\"https:\/\/empow-her.com\/produit\/atelier-explorer-son-modele-economique-et-sa-durabilite-3\/\" \/>\n<meta property=\"og:locale\" content=\"es_ES\" \/>\n<meta property=\"og:type\" content=\"article\" \/>\n<meta property=\"og:title\" content=\"Atelier - Explorer son mod\u00e8le \u00e9conomique et sa durabilit\u00e9 - Empow&#039;Her\" \/>\n<meta property=\"og:description\" content=\"Description : Cet atelier vous propose de clarifier vos hypoth\u00e8ses de mod\u00e8le \u00e9conomique avec l&#039;approche Lean Caneva pour r\u00e9pondre aux questions essentielles au c\u0153ur de votre projet : quelle est la valeur que vous cr\u00e9ez ? Comment la d\u00e9livrez-vous et comment la captez-vous ?  Au programme : Pr\u00e9sentation de l&#039;approche Lean Caneva, r\u00e9flexion individuelle sur son projet et challenges entre paires  Pr\u00e9-requis : Aucun  Intervenant.e : Arthur Marechaux\u00a0     Entrepreneur et facilitateur, je vous accompagne dans la conception, la mise en \u0153uvre et la diffusion d\u2019innovations \u00e0 fort impact, avec un focus sur la recherche de votre mod\u00e8le \u00e9conomique et le test de votre solution pour valider votre projet.  J&#039;ai extrait de mes exp\u00e9riences terrains, les outils et les approches efficaces pour d\u00e9finir un mod\u00e8le et le tester rapidement. J\u2019\u00e9volue depuis 7 ans dans l\u2019\u00e9cosyst\u00e8me de l\u2019accompagnement de projets au c\u00f4t\u00e9 d\u2019entrepreneurs engag\u00e9s pour les accompagner \u00e0 d\u00e9velopper leur projet et leur potentiel. Et, je porte en parall\u00e8le un projet terrain, en phase de changement d&#039;\u00e9chelle qui a pour mission d\u2019enseigner les langues et sensibiliser \u00e0 la citoyennet\u00e9 europ\u00e9enne et mondiale, \u00e0 travers le sport.   Son super pouvoir : Explorateur des possibles   Son petit mot : Entreprendre, c&#039;est comme se lancer dans un trek en montagne, pour parvenir au sommet, il y a du chemin \u00e0 parcourir et une grande part d\u2019impr\u00e9vu. Votre challenge : 1. Trouver le bon chemin (la bonne nouvelle c&#039;est qu&#039;il en existe plusieurs) 2. Rester motiv\u00e9e 3. Savoir par quel sentier commencer 4. \u00catre \u00e9quip\u00e9e  Si vous \u00eates ici, c&#039;est que vous avez fait le bon choix pour que l&#039;on vous soutienne dans cette aventure et qu&#039;on vous aide \u00e0 prendre du recul pour faire les bons choix afin d&#039;arriver au sommet.    Lieu : Sist&#039;Her Paris, 82 rue du Faubourg Saint-Martin   Attention ! \u00a0Veuillez vous pr\u00e9senter \u00e0 l&#039;heure pour que l&#039;activit\u00e9 puisse commencer \u00e0 temps. Si vous avez du retard veuillez pr\u00e9venir l&#039;intervenant.e. Si vous avez plus de 15 min de retard l&#039;intervenant.e se r\u00e9serve le droit de ne plus vous accepter pour le coaching ou l&#039;atelier.\" \/>\n<meta property=\"og:url\" content=\"https:\/\/empow-her.com\/produit\/atelier-explorer-son-modele-economique-et-sa-durabilite-3\/\" \/>\n<meta property=\"og:site_name\" content=\"Empow&#039;Her\" \/>\n<meta property=\"article:modified_time\" content=\"2022-11-17T11:21:19+00:00\" \/>\n<meta property=\"og:image\" content=\"https:\/\/empow-her.com\/wp-content\/uploads\/2022\/11\/Women-Dare-templates-events-2022-11-17T122050.093.png\" \/>\n\t<meta property=\"og:image:width\" content=\"1080\" \/>\n\t<meta property=\"og:image:height\" content=\"1080\" \/>\n\t<meta property=\"og:image:type\" content=\"image\/png\" \/>\n<meta name=\"twitter:card\" content=\"summary_large_image\" \/>\n<script type=\"application\/ld+json\" class=\"yoast-schema-graph\">{\"@context\":\"https:\/\/schema.org\",\"@graph\":[{\"@type\":\"WebPage\",\"@id\":\"https:\/\/empow-her.com\/produit\/atelier-explorer-son-modele-economique-et-sa-durabilite-3\/\",\"url\":\"https:\/\/empow-her.com\/produit\/atelier-explorer-son-modele-economique-et-sa-durabilite-3\/\",\"name\":\"Atelier - Explorer son mod\u00e8le \u00e9conomique et sa durabilit\u00e9 - Empow&#039;Her\",\"isPartOf\":{\"@id\":\"https:\/\/empow-her.com\/#website\"},\"primaryImageOfPage\":{\"@id\":\"https:\/\/empow-her.com\/produit\/atelier-explorer-son-modele-economique-et-sa-durabilite-3\/#primaryimage\"},\"image\":{\"@id\":\"https:\/\/empow-her.com\/produit\/atelier-explorer-son-modele-economique-et-sa-durabilite-3\/#primaryimage\"},\"thumbnailUrl\":\"https:\/\/empow-her.com\/wp-content\/uploads\/2022\/11\/Women-Dare-templates-events-2022-11-17T122050.093.png\",\"datePublished\":\"2022-11-17T11:17:50+00:00\",\"dateModified\":\"2022-11-17T11:21:19+00:00\",\"breadcrumb\":{\"@id\":\"https:\/\/empow-her.com\/produit\/atelier-explorer-son-modele-economique-et-sa-durabilite-3\/#breadcrumb\"},\"inLanguage\":\"es\",\"potentialAction\":[{\"@type\":\"ReadAction\",\"target\":[\"https:\/\/empow-her.com\/produit\/atelier-explorer-son-modele-economique-et-sa-durabilite-3\/\"]}]},{\"@type\":\"ImageObject\",\"inLanguage\":\"es\",\"@id\":\"https:\/\/empow-her.com\/produit\/atelier-explorer-son-modele-economique-et-sa-durabilite-3\/#primaryimage\",\"url\":\"https:\/\/empow-her.com\/wp-content\/uploads\/2022\/11\/Women-Dare-templates-events-2022-11-17T122050.093.png\",\"contentUrl\":\"https:\/\/empow-her.com\/wp-content\/uploads\/2022\/11\/Women-Dare-templates-events-2022-11-17T122050.093.png\",\"width\":1080,\"height\":1080},{\"@type\":\"BreadcrumbList\",\"@id\":\"https:\/\/empow-her.com\/produit\/atelier-explorer-son-modele-economique-et-sa-durabilite-3\/#breadcrumb\",\"itemListElement\":[{\"@type\":\"ListItem\",\"position\":1,\"name\":\"Accueil\",\"item\":\"https:\/\/empow-her.com\/es\/inicio\/\"},{\"@type\":\"ListItem\",\"position\":2,\"name\":\"LA BOUTIQUE\",\"item\":\"https:\/\/empow-her.com\/boutique\/\"},{\"@type\":\"ListItem\",\"position\":3,\"name\":\"Atelier &#8211; Explorer son mod\u00e8le \u00e9conomique et sa durabilit\u00e9\"}]},{\"@type\":\"WebSite\",\"@id\":\"https:\/\/empow-her.com\/#website\",\"url\":\"https:\/\/empow-her.com\/\",\"name\":\"Empow&#039;Her\",\"description\":\"Women Development\",\"potentialAction\":[{\"@type\":\"SearchAction\",\"target\":{\"@type\":\"EntryPoint\",\"urlTemplate\":\"https:\/\/empow-her.com\/?s={search_term_string}\"},\"query-input\":{\"@type\":\"PropertyValueSpecification\",\"valueRequired\":true,\"valueName\":\"search_term_string\"}}],\"inLanguage\":\"es\"}]}<\/script>\n<!-- \/ Yoast SEO plugin. -->","yoast_head_json":{"title":"Atelier - Explorer son mod\u00e8le \u00e9conomique et sa durabilit\u00e9 - Empow&#039;Her","robots":{"index":"index","follow":"follow","max-snippet":"max-snippet:-1","max-image-preview":"max-image-preview:large","max-video-preview":"max-video-preview:-1"},"canonical":"https:\/\/empow-her.com\/produit\/atelier-explorer-son-modele-economique-et-sa-durabilite-3\/","og_locale":"es_ES","og_type":"article","og_title":"Atelier - Explorer son mod\u00e8le \u00e9conomique et sa durabilit\u00e9 - Empow&#039;Her","og_description":"Description : Cet atelier vous propose de clarifier vos hypoth\u00e8ses de mod\u00e8le \u00e9conomique avec l'approche Lean Caneva pour r\u00e9pondre aux questions essentielles au c\u0153ur de votre projet : quelle est la valeur que vous cr\u00e9ez ? Comment la d\u00e9livrez-vous et comment la captez-vous ?  Au programme : Pr\u00e9sentation de l'approche Lean Caneva, r\u00e9flexion individuelle sur son projet et challenges entre paires  Pr\u00e9-requis : Aucun  Intervenant.e : Arthur Marechaux\u00a0     Entrepreneur et facilitateur, je vous accompagne dans la conception, la mise en \u0153uvre et la diffusion d\u2019innovations \u00e0 fort impact, avec un focus sur la recherche de votre mod\u00e8le \u00e9conomique et le test de votre solution pour valider votre projet.  J'ai extrait de mes exp\u00e9riences terrains, les outils et les approches efficaces pour d\u00e9finir un mod\u00e8le et le tester rapidement. J\u2019\u00e9volue depuis 7 ans dans l\u2019\u00e9cosyst\u00e8me de l\u2019accompagnement de projets au c\u00f4t\u00e9 d\u2019entrepreneurs engag\u00e9s pour les accompagner \u00e0 d\u00e9velopper leur projet et leur potentiel. Et, je porte en parall\u00e8le un projet terrain, en phase de changement d'\u00e9chelle qui a pour mission d\u2019enseigner les langues et sensibiliser \u00e0 la citoyennet\u00e9 europ\u00e9enne et mondiale, \u00e0 travers le sport.   Son super pouvoir : Explorateur des possibles   Son petit mot : Entreprendre, c'est comme se lancer dans un trek en montagne, pour parvenir au sommet, il y a du chemin \u00e0 parcourir et une grande part d\u2019impr\u00e9vu. Votre challenge : 1. Trouver le bon chemin (la bonne nouvelle c'est qu'il en existe plusieurs) 2. Rester motiv\u00e9e 3. Savoir par quel sentier commencer 4. \u00catre \u00e9quip\u00e9e  Si vous \u00eates ici, c'est que vous avez fait le bon choix pour que l'on vous soutienne dans cette aventure et qu'on vous aide \u00e0 prendre du recul pour faire les bons choix afin d'arriver au sommet.    Lieu : Sist'Her Paris, 82 rue du Faubourg Saint-Martin   Attention ! \u00a0Veuillez vous pr\u00e9senter \u00e0 l'heure pour que l'activit\u00e9 puisse commencer \u00e0 temps. Si vous avez du retard veuillez pr\u00e9venir l'intervenant.e. Si vous avez plus de 15 min de retard l'intervenant.e se r\u00e9serve le droit de ne plus vous accepter pour le coaching ou l'atelier.","og_url":"https:\/\/empow-her.com\/produit\/atelier-explorer-son-modele-economique-et-sa-durabilite-3\/","og_site_name":"Empow&#039;Her","article_modified_time":"2022-11-17T11:21:19+00:00","og_image":[{"width":1080,"height":1080,"url":"https:\/\/empow-her.com\/wp-content\/uploads\/2022\/11\/Women-Dare-templates-events-2022-11-17T122050.093.png","type":"image\/png"}],"twitter_card":"summary_large_image","schema":{"@context":"https:\/\/schema.org","@graph":[{"@type":"WebPage","@id":"https:\/\/empow-her.com\/produit\/atelier-explorer-son-modele-economique-et-sa-durabilite-3\/","url":"https:\/\/empow-her.com\/produit\/atelier-explorer-son-modele-economique-et-sa-durabilite-3\/","name":"Atelier - Explorer son mod\u00e8le \u00e9conomique et sa durabilit\u00e9 - Empow&#039;Her","isPartOf":{"@id":"https:\/\/empow-her.com\/#website"},"primaryImageOfPage":{"@id":"https:\/\/empow-her.com\/produit\/atelier-explorer-son-modele-economique-et-sa-durabilite-3\/#primaryimage"},"image":{"@id":"https:\/\/empow-her.com\/produit\/atelier-explorer-son-modele-economique-et-sa-durabilite-3\/#primaryimage"},"thumbnailUrl":"https:\/\/empow-her.com\/wp-content\/uploads\/2022\/11\/Women-Dare-templates-events-2022-11-17T122050.093.png","datePublished":"2022-11-17T11:17:50+00:00","dateModified":"2022-11-17T11:21:19+00:00","breadcrumb":{"@id":"https:\/\/empow-her.com\/produit\/atelier-explorer-son-modele-economique-et-sa-durabilite-3\/#breadcrumb"},"inLanguage":"es","potentialAction":[{"@type":"ReadAction","target":["https:\/\/empow-her.com\/produit\/atelier-explorer-son-modele-economique-et-sa-durabilite-3\/"]}]},{"@type":"ImageObject","inLanguage":"es","@id":"https:\/\/empow-her.com\/produit\/atelier-explorer-son-modele-economique-et-sa-durabilite-3\/#primaryimage","url":"https:\/\/empow-her.com\/wp-content\/uploads\/2022\/11\/Women-Dare-templates-events-2022-11-17T122050.093.png","contentUrl":"https:\/\/empow-her.com\/wp-content\/uploads\/2022\/11\/Women-Dare-templates-events-2022-11-17T122050.093.png","width":1080,"height":1080},{"@type":"BreadcrumbList","@id":"https:\/\/empow-her.com\/produit\/atelier-explorer-son-modele-economique-et-sa-durabilite-3\/#breadcrumb","itemListElement":[{"@type":"ListItem","position":1,"name":"Accueil","item":"https:\/\/empow-her.com\/es\/inicio\/"},{"@type":"ListItem","position":2,"name":"LA BOUTIQUE","item":"https:\/\/empow-her.com\/boutique\/"},{"@type":"ListItem","position":3,"name":"Atelier &#8211; Explorer son mod\u00e8le \u00e9conomique et sa durabilit\u00e9"}]},{"@type":"WebSite","@id":"https:\/\/empow-her.com\/#website","url":"https:\/\/empow-her.com\/","name":"Empow&#039;Her","description":"Women Development","potentialAction":[{"@type":"SearchAction","target":{"@type":"EntryPoint","urlTemplate":"https:\/\/empow-her.com\/?s={search_term_string}"},"query-input":{"@type":"PropertyValueSpecification","valueRequired":true,"valueName":"search_term_string"}}],"inLanguage":"es"}]}},"_links":{"self":[{"href":"https:\/\/empow-her.com\/es\/wp-json\/wp\/v2\/product\/126428","targetHints":{"allow":["GET"]}}],"collection":[{"href":"https:\/\/empow-her.com\/es\/wp-json\/wp\/v2\/product"}],"about":[{"href":"https:\/\/empow-her.com\/es\/wp-json\/wp\/v2\/types\/product"}],"wp:featuredmedia":[{"embeddable":true,"href":"https:\/\/empow-her.com\/es\/wp-json\/wp\/v2\/media\/126429"}],"wp:attachment":[{"href":"https:\/\/empow-her.com\/es\/wp-json\/wp\/v2\/media?parent=126428"}],"wp:term":[{"taxonomy":"product_brand","embeddable":true,"href":"https:\/\/empow-her.com\/es\/wp-json\/wp\/v2\/product_brand?post=126428"},{"taxonomy":"product_cat","embeddable":true,"href":"https:\/\/empow-her.com\/es\/wp-json\/wp\/v2\/product_cat?post=126428"},{"taxonomy":"product_tag","embeddable":true,"href":"https:\/\/empow-her.com\/es\/wp-json\/wp\/v2\/product_tag?post=126428"},{"taxonomy":"lieu","embeddable":true,"href":"https:\/\/empow-her.com\/es\/wp-json\/wp\/v2\/lieu?post=126428"},{"taxonomy":"thematiques","embeddable":true,"href":"https:\/\/empow-her.com\/es\/wp-json\/wp\/v2\/thematiques?post=126428"}],"curies":[{"name":"wp","href":"https:\/\/api.w.org\/{rel}","templated":true}]}}