{"id":124612,"date":"2022-10-27T18:20:58","date_gmt":"2022-10-27T16:20:58","guid":{"rendered":"https:\/\/empow-her.com\/?post_type=product&#038;p=124612"},"modified":"2022-10-27T18:23:11","modified_gmt":"2022-10-27T16:23:11","slug":"coaching-prototyper-et-tester-son-projet-6","status":"publish","type":"product","link":"https:\/\/empow-her.com\/es\/produit\/coaching-prototyper-et-tester-son-projet-6\/","title":{"rendered":"Coaching &#8211; Prototyper et tester son projet"},"content":{"rendered":"","protected":false},"excerpt":{"rendered":"<p><span data-sheets-value=\"{&quot;1&quot;:2,&quot;2&quot;:&quot;Description : nnPr\u00e9-requis : nnIntervenant.e : nnSon super pouvoir : nnSon petit mot : &quot;}\" data-sheets-userformat=\"{&quot;2&quot;:641,&quot;3&quot;:{&quot;1&quot;:0},&quot;10&quot;:1,&quot;12&quot;:0}\"><strong>Description :<\/strong> Des questions \/ des doutes sur la mise en place d&#8217;un MVP \/ prototype de votre projet ? Comment le construire? Par ou commencer ? Comment analyser les retours du terrain ? Pivoter ?<br \/>\nArthur vous accompagne pour passer \u00e0 l&#8217;action et en tirer des enseignements pr\u00e9cieux pour votre projet. <\/span><\/p>\n<p><strong>Pr\u00e9-requis<\/strong>\u00a0: Aucun<\/p>\n<p><strong>Intervenant.e<\/strong>\u00a0<strong>: Arthur Marechaux de ADFIXIO<\/strong><\/p>\n<p>Entrepreneur et facilitateur, je vous accompagne dans la conception, la mise en \u0153uvre et la diffusion d\u2019innovations \u00e0 fort impact, avec un focus sur la recherche de votre mod\u00e8le \u00e9conomique et le test de votre solution pour valider votre projet.<\/p>\n<p>J&#8217;ai extrait de mes exp\u00e9riences terrains, les outils et les approches efficaces pour d\u00e9finir un mod\u00e8le et le tester rapidement. J\u2019\u00e9volue depuis 7 ans dans l\u2019\u00e9cosyst\u00e8me de l\u2019accompagnement de projets au c\u00f4t\u00e9 d\u2019entrepreneurs engag\u00e9s pour les accompagner \u00e0 d\u00e9velopper leur projet et leur potentiel. Et, je porte en parall\u00e8le un projet terrain, en phase de changement d&#8217;\u00e9chelle qui a pour mission d\u2019enseigner les langues et sensibiliser \u00e0 la citoyennet\u00e9 europ\u00e9enne et mondiale, \u00e0 travers le sport.<\/p>\n<p><span data-sheets-value=\"{&quot;1&quot;:2,&quot;2&quot;:&quot;Description : nnPr\u00e9-requis : nnIntervenant.e : nnSon super pouvoir : nnSon petit mot : &quot;}\" data-sheets-userformat=\"{&quot;2&quot;:641,&quot;3&quot;:{&quot;1&quot;:0},&quot;10&quot;:1,&quot;12&quot;:0}\"><strong>Son super pouvoir :<\/strong> Explorateur des possibles <\/span><\/p>\n<p><strong>Son petit mot : <\/strong>Entreprendre, c&#8217;est comme se lancer dans un trek en montagne, pour parvenir au sommet, il y a du chemin \u00e0 parcourir et une grande part d\u2019impr\u00e9vu. Votre challenge :<br \/>\n1. Trouver le bon chemin (la bonne nouvelle c&#8217;est qu&#8217;il en existe plusieurs)<br \/>\n2. Rester motiv\u00e9e<br \/>\n3. Savoir par quel sentier commencer<br \/>\n4. \u00catre \u00e9quip\u00e9e<\/p>\n<p>Si vous \u00eates ici, c&#8217;est que vous avez fait le bon choix pour que l&#8217;on vous soutienne dans cette aventure et qu&#8217;on vous aide \u00e0 prendre du recul pour faire les bons choix afin d&#8217;arriver au sommet.<\/p>\n<p><strong>Dur\u00e9e<\/strong>\u00a0: U<span data-sheets-value=\"{&quot;1&quot;:2,&quot;2&quot;:&quot;Permanence de 4h avec un cr\u00e9neau de 1h par participante (+ 15 minutes entre chaque)&quot;}\" data-sheets-userformat=\"{&quot;2&quot;:7167,&quot;3&quot;:{&quot;1&quot;:0},&quot;4&quot;:{&quot;1&quot;:2,&quot;2&quot;:16777215},&quot;5&quot;:{&quot;1&quot;:[{&quot;1&quot;:2,&quot;2&quot;:0,&quot;5&quot;:{&quot;1&quot;:2,&quot;2&quot;:0}},{&quot;1&quot;:0,&quot;2&quot;:0,&quot;3&quot;:3},{&quot;1&quot;:1,&quot;2&quot;:0,&quot;4&quot;:1}]},&quot;6&quot;:{&quot;1&quot;:[{&quot;1&quot;:2,&quot;2&quot;:0,&quot;5&quot;:{&quot;1&quot;:2,&quot;2&quot;:0}},{&quot;1&quot;:0,&quot;2&quot;:0,&quot;3&quot;:3},{&quot;1&quot;:1,&quot;2&quot;:0,&quot;4&quot;:1}]},&quot;7&quot;:{&quot;1&quot;:[{&quot;1&quot;:2,&quot;2&quot;:0,&quot;5&quot;:{&quot;1&quot;:2,&quot;2&quot;:0}},{&quot;1&quot;:0,&quot;2&quot;:0,&quot;3&quot;:3},{&quot;1&quot;:1,&quot;2&quot;:0,&quot;4&quot;:1}]},&quot;8&quot;:{&quot;1&quot;:[{&quot;1&quot;:2,&quot;2&quot;:0,&quot;5&quot;:{&quot;1&quot;:2,&quot;2&quot;:0}},{&quot;1&quot;:0,&quot;2&quot;:0,&quot;3&quot;:3},{&quot;1&quot;:1,&quot;2&quot;:0,&quot;4&quot;:1}]},&quot;9&quot;:0,&quot;10&quot;:1,&quot;11&quot;:4,&quot;12&quot;:0,&quot;14&quot;:{&quot;1&quot;:2,&quot;2&quot;:0},&quot;15&quot;:&quot;Calibri&quot;}\">n cr\u00e9neau de 1h en individuel<\/span><\/p>\n<p>&nbsp;<\/p>\n<p><span data-sheets-value=\"{&quot;1&quot;:2,&quot;2&quot;:&quot;Attention ! \u00a0Veuillez vous pr\u00e9sentez \u00e0 l'heure pour que l'activit\u00e9 puisse commencer \u00e0 temps. Si vous avez du retard veuillez pr\u00e9venir l'intervenant.e. Si vous avez plus de 15 min de retard l'intervenant.e se r\u00e9serve le droit de plus vous accepter pour le coaching ou l'atelier.\u00a0&quot;}\" data-sheets-userformat=\"{&quot;2&quot;:641,&quot;3&quot;:{&quot;1&quot;:0},&quot;10&quot;:1,&quot;12&quot;:0}\"><strong>Attention !<\/strong> \u00a0Veuillez vous pr\u00e9senter \u00e0 l\u2019heure pour que l\u2019activit\u00e9 puisse commencer \u00e0 temps. Si vous avez du retard veuillez pr\u00e9venir l\u2019intervenant.e. Si vous avez plus de 15 min de retard l\u2019intervenant.e se r\u00e9serve le droit de ne plus vous accepter pour le coaching ou l\u2019atelier.\u00a0<\/span><\/p>\n","protected":false},"featured_media":124613,"template":"","format":"standard","meta":{"_acf_changed":false,"om_disable_all_campaigns":false,"_uf_show_specific_survey":0,"_uf_disable_surveys":false},"product_brand":[],"product_cat":[121],"product_tag":[],"lieu":[125],"thematiques":[],"class_list":{"0":"post-124612","1":"product","2":"type-product","3":"status-publish","4":"format-standard","5":"has-post-thumbnail","7":"product_cat-coaching","8":"lieu-en-ligne","10":"first","11":"instock","12":"virtual","13":"purchasable","14":"product-type-appointment"},"exclude_global_add_ons":[],"addons":[],"acf":[],"yoast_head":"<!-- This site is optimized with the Yoast SEO plugin v24.8 - https:\/\/yoast.com\/wordpress\/plugins\/seo\/ -->\n<title>Coaching - Prototyper et tester son projet - Empow&#039;Her<\/title>\n<meta name=\"robots\" content=\"index, follow, max-snippet:-1, max-image-preview:large, max-video-preview:-1\" \/>\n<link rel=\"canonical\" href=\"https:\/\/empow-her.com\/produit\/coaching-prototyper-et-tester-son-projet-6\/\" \/>\n<meta property=\"og:locale\" content=\"es_ES\" \/>\n<meta property=\"og:type\" content=\"article\" \/>\n<meta property=\"og:title\" content=\"Coaching - Prototyper et tester son projet - Empow&#039;Her\" \/>\n<meta property=\"og:description\" content=\"Description : Des questions \/ des doutes sur la mise en place d&#039;un MVP \/ prototype de votre projet ? Comment le construire? Par ou commencer ? Comment analyser les retours du terrain ? Pivoter ? Arthur vous accompagne pour passer \u00e0 l&#039;action et en tirer des enseignements pr\u00e9cieux pour votre projet.   Pr\u00e9-requis\u00a0: Aucun  Intervenant.e\u00a0: Arthur Marechaux de ADFIXIO  Entrepreneur et facilitateur, je vous accompagne dans la conception, la mise en \u0153uvre et la diffusion d\u2019innovations \u00e0 fort impact, avec un focus sur la recherche de votre mod\u00e8le \u00e9conomique et le test de votre solution pour valider votre projet.  J&#039;ai extrait de mes exp\u00e9riences terrains, les outils et les approches efficaces pour d\u00e9finir un mod\u00e8le et le tester rapidement. J\u2019\u00e9volue depuis 7 ans dans l\u2019\u00e9cosyst\u00e8me de l\u2019accompagnement de projets au c\u00f4t\u00e9 d\u2019entrepreneurs engag\u00e9s pour les accompagner \u00e0 d\u00e9velopper leur projet et leur potentiel. Et, je porte en parall\u00e8le un projet terrain, en phase de changement d&#039;\u00e9chelle qui a pour mission d\u2019enseigner les langues et sensibiliser \u00e0 la citoyennet\u00e9 europ\u00e9enne et mondiale, \u00e0 travers le sport.  Son super pouvoir : Explorateur des possibles   Son petit mot : Entreprendre, c&#039;est comme se lancer dans un trek en montagne, pour parvenir au sommet, il y a du chemin \u00e0 parcourir et une grande part d\u2019impr\u00e9vu. Votre challenge : 1. Trouver le bon chemin (la bonne nouvelle c&#039;est qu&#039;il en existe plusieurs) 2. Rester motiv\u00e9e 3. Savoir par quel sentier commencer 4. \u00catre \u00e9quip\u00e9e  Si vous \u00eates ici, c&#039;est que vous avez fait le bon choix pour que l&#039;on vous soutienne dans cette aventure et qu&#039;on vous aide \u00e0 prendre du recul pour faire les bons choix afin d&#039;arriver au sommet.  Dur\u00e9e\u00a0: Un cr\u00e9neau de 1h en individuel  &nbsp;  Attention ! \u00a0Veuillez vous pr\u00e9senter \u00e0 l\u2019heure pour que l\u2019activit\u00e9 puisse commencer \u00e0 temps. Si vous avez du retard veuillez pr\u00e9venir l\u2019intervenant.e. Si vous avez plus de 15 min de retard l\u2019intervenant.e se r\u00e9serve le droit de ne plus vous accepter pour le coaching ou l\u2019atelier.\u00a0\" \/>\n<meta property=\"og:url\" content=\"https:\/\/empow-her.com\/produit\/coaching-prototyper-et-tester-son-projet-6\/\" \/>\n<meta property=\"og:site_name\" content=\"Empow&#039;Her\" \/>\n<meta property=\"article:modified_time\" content=\"2022-10-27T16:23:11+00:00\" \/>\n<meta property=\"og:image\" content=\"https:\/\/empow-her.com\/wp-content\/uploads\/2022\/10\/Women-Dare-templates-events-2022-10-27T182244.804.png\" \/>\n\t<meta property=\"og:image:width\" content=\"1080\" \/>\n\t<meta property=\"og:image:height\" content=\"1080\" \/>\n\t<meta property=\"og:image:type\" content=\"image\/png\" \/>\n<meta name=\"twitter:card\" content=\"summary_large_image\" \/>\n<script type=\"application\/ld+json\" class=\"yoast-schema-graph\">{\"@context\":\"https:\/\/schema.org\",\"@graph\":[{\"@type\":\"WebPage\",\"@id\":\"https:\/\/empow-her.com\/produit\/coaching-prototyper-et-tester-son-projet-6\/\",\"url\":\"https:\/\/empow-her.com\/produit\/coaching-prototyper-et-tester-son-projet-6\/\",\"name\":\"Coaching - Prototyper et tester son projet - Empow&#039;Her\",\"isPartOf\":{\"@id\":\"https:\/\/empow-her.com\/#website\"},\"primaryImageOfPage\":{\"@id\":\"https:\/\/empow-her.com\/produit\/coaching-prototyper-et-tester-son-projet-6\/#primaryimage\"},\"image\":{\"@id\":\"https:\/\/empow-her.com\/produit\/coaching-prototyper-et-tester-son-projet-6\/#primaryimage\"},\"thumbnailUrl\":\"https:\/\/empow-her.com\/wp-content\/uploads\/2022\/10\/Women-Dare-templates-events-2022-10-27T182244.804.png\",\"datePublished\":\"2022-10-27T16:20:58+00:00\",\"dateModified\":\"2022-10-27T16:23:11+00:00\",\"breadcrumb\":{\"@id\":\"https:\/\/empow-her.com\/produit\/coaching-prototyper-et-tester-son-projet-6\/#breadcrumb\"},\"inLanguage\":\"es\",\"potentialAction\":[{\"@type\":\"ReadAction\",\"target\":[\"https:\/\/empow-her.com\/produit\/coaching-prototyper-et-tester-son-projet-6\/\"]}]},{\"@type\":\"ImageObject\",\"inLanguage\":\"es\",\"@id\":\"https:\/\/empow-her.com\/produit\/coaching-prototyper-et-tester-son-projet-6\/#primaryimage\",\"url\":\"https:\/\/empow-her.com\/wp-content\/uploads\/2022\/10\/Women-Dare-templates-events-2022-10-27T182244.804.png\",\"contentUrl\":\"https:\/\/empow-her.com\/wp-content\/uploads\/2022\/10\/Women-Dare-templates-events-2022-10-27T182244.804.png\",\"width\":1080,\"height\":1080},{\"@type\":\"BreadcrumbList\",\"@id\":\"https:\/\/empow-her.com\/produit\/coaching-prototyper-et-tester-son-projet-6\/#breadcrumb\",\"itemListElement\":[{\"@type\":\"ListItem\",\"position\":1,\"name\":\"Accueil\",\"item\":\"https:\/\/empow-her.com\/es\/inicio\/\"},{\"@type\":\"ListItem\",\"position\":2,\"name\":\"LA BOUTIQUE\",\"item\":\"https:\/\/empow-her.com\/boutique\/\"},{\"@type\":\"ListItem\",\"position\":3,\"name\":\"Coaching &#8211; Prototyper et tester son projet\"}]},{\"@type\":\"WebSite\",\"@id\":\"https:\/\/empow-her.com\/#website\",\"url\":\"https:\/\/empow-her.com\/\",\"name\":\"Empow&#039;Her\",\"description\":\"Women Development\",\"potentialAction\":[{\"@type\":\"SearchAction\",\"target\":{\"@type\":\"EntryPoint\",\"urlTemplate\":\"https:\/\/empow-her.com\/?s={search_term_string}\"},\"query-input\":{\"@type\":\"PropertyValueSpecification\",\"valueRequired\":true,\"valueName\":\"search_term_string\"}}],\"inLanguage\":\"es\"}]}<\/script>\n<!-- \/ Yoast SEO plugin. -->","yoast_head_json":{"title":"Coaching - Prototyper et tester son projet - Empow&#039;Her","robots":{"index":"index","follow":"follow","max-snippet":"max-snippet:-1","max-image-preview":"max-image-preview:large","max-video-preview":"max-video-preview:-1"},"canonical":"https:\/\/empow-her.com\/produit\/coaching-prototyper-et-tester-son-projet-6\/","og_locale":"es_ES","og_type":"article","og_title":"Coaching - Prototyper et tester son projet - Empow&#039;Her","og_description":"Description : Des questions \/ des doutes sur la mise en place d'un MVP \/ prototype de votre projet ? Comment le construire? Par ou commencer ? Comment analyser les retours du terrain ? Pivoter ? Arthur vous accompagne pour passer \u00e0 l'action et en tirer des enseignements pr\u00e9cieux pour votre projet.   Pr\u00e9-requis\u00a0: Aucun  Intervenant.e\u00a0: Arthur Marechaux de ADFIXIO  Entrepreneur et facilitateur, je vous accompagne dans la conception, la mise en \u0153uvre et la diffusion d\u2019innovations \u00e0 fort impact, avec un focus sur la recherche de votre mod\u00e8le \u00e9conomique et le test de votre solution pour valider votre projet.  J'ai extrait de mes exp\u00e9riences terrains, les outils et les approches efficaces pour d\u00e9finir un mod\u00e8le et le tester rapidement. J\u2019\u00e9volue depuis 7 ans dans l\u2019\u00e9cosyst\u00e8me de l\u2019accompagnement de projets au c\u00f4t\u00e9 d\u2019entrepreneurs engag\u00e9s pour les accompagner \u00e0 d\u00e9velopper leur projet et leur potentiel. Et, je porte en parall\u00e8le un projet terrain, en phase de changement d'\u00e9chelle qui a pour mission d\u2019enseigner les langues et sensibiliser \u00e0 la citoyennet\u00e9 europ\u00e9enne et mondiale, \u00e0 travers le sport.  Son super pouvoir : Explorateur des possibles   Son petit mot : Entreprendre, c'est comme se lancer dans un trek en montagne, pour parvenir au sommet, il y a du chemin \u00e0 parcourir et une grande part d\u2019impr\u00e9vu. Votre challenge : 1. Trouver le bon chemin (la bonne nouvelle c'est qu'il en existe plusieurs) 2. Rester motiv\u00e9e 3. Savoir par quel sentier commencer 4. \u00catre \u00e9quip\u00e9e  Si vous \u00eates ici, c'est que vous avez fait le bon choix pour que l'on vous soutienne dans cette aventure et qu'on vous aide \u00e0 prendre du recul pour faire les bons choix afin d'arriver au sommet.  Dur\u00e9e\u00a0: Un cr\u00e9neau de 1h en individuel  &nbsp;  Attention ! \u00a0Veuillez vous pr\u00e9senter \u00e0 l\u2019heure pour que l\u2019activit\u00e9 puisse commencer \u00e0 temps. Si vous avez du retard veuillez pr\u00e9venir l\u2019intervenant.e. Si vous avez plus de 15 min de retard l\u2019intervenant.e se r\u00e9serve le droit de ne plus vous accepter pour le coaching ou l\u2019atelier.\u00a0","og_url":"https:\/\/empow-her.com\/produit\/coaching-prototyper-et-tester-son-projet-6\/","og_site_name":"Empow&#039;Her","article_modified_time":"2022-10-27T16:23:11+00:00","og_image":[{"width":1080,"height":1080,"url":"https:\/\/empow-her.com\/wp-content\/uploads\/2022\/10\/Women-Dare-templates-events-2022-10-27T182244.804.png","type":"image\/png"}],"twitter_card":"summary_large_image","schema":{"@context":"https:\/\/schema.org","@graph":[{"@type":"WebPage","@id":"https:\/\/empow-her.com\/produit\/coaching-prototyper-et-tester-son-projet-6\/","url":"https:\/\/empow-her.com\/produit\/coaching-prototyper-et-tester-son-projet-6\/","name":"Coaching - Prototyper et tester son projet - Empow&#039;Her","isPartOf":{"@id":"https:\/\/empow-her.com\/#website"},"primaryImageOfPage":{"@id":"https:\/\/empow-her.com\/produit\/coaching-prototyper-et-tester-son-projet-6\/#primaryimage"},"image":{"@id":"https:\/\/empow-her.com\/produit\/coaching-prototyper-et-tester-son-projet-6\/#primaryimage"},"thumbnailUrl":"https:\/\/empow-her.com\/wp-content\/uploads\/2022\/10\/Women-Dare-templates-events-2022-10-27T182244.804.png","datePublished":"2022-10-27T16:20:58+00:00","dateModified":"2022-10-27T16:23:11+00:00","breadcrumb":{"@id":"https:\/\/empow-her.com\/produit\/coaching-prototyper-et-tester-son-projet-6\/#breadcrumb"},"inLanguage":"es","potentialAction":[{"@type":"ReadAction","target":["https:\/\/empow-her.com\/produit\/coaching-prototyper-et-tester-son-projet-6\/"]}]},{"@type":"ImageObject","inLanguage":"es","@id":"https:\/\/empow-her.com\/produit\/coaching-prototyper-et-tester-son-projet-6\/#primaryimage","url":"https:\/\/empow-her.com\/wp-content\/uploads\/2022\/10\/Women-Dare-templates-events-2022-10-27T182244.804.png","contentUrl":"https:\/\/empow-her.com\/wp-content\/uploads\/2022\/10\/Women-Dare-templates-events-2022-10-27T182244.804.png","width":1080,"height":1080},{"@type":"BreadcrumbList","@id":"https:\/\/empow-her.com\/produit\/coaching-prototyper-et-tester-son-projet-6\/#breadcrumb","itemListElement":[{"@type":"ListItem","position":1,"name":"Accueil","item":"https:\/\/empow-her.com\/es\/inicio\/"},{"@type":"ListItem","position":2,"name":"LA BOUTIQUE","item":"https:\/\/empow-her.com\/boutique\/"},{"@type":"ListItem","position":3,"name":"Coaching &#8211; Prototyper et tester son projet"}]},{"@type":"WebSite","@id":"https:\/\/empow-her.com\/#website","url":"https:\/\/empow-her.com\/","name":"Empow&#039;Her","description":"Women Development","potentialAction":[{"@type":"SearchAction","target":{"@type":"EntryPoint","urlTemplate":"https:\/\/empow-her.com\/?s={search_term_string}"},"query-input":{"@type":"PropertyValueSpecification","valueRequired":true,"valueName":"search_term_string"}}],"inLanguage":"es"}]}},"_links":{"self":[{"href":"https:\/\/empow-her.com\/es\/wp-json\/wp\/v2\/product\/124612","targetHints":{"allow":["GET"]}}],"collection":[{"href":"https:\/\/empow-her.com\/es\/wp-json\/wp\/v2\/product"}],"about":[{"href":"https:\/\/empow-her.com\/es\/wp-json\/wp\/v2\/types\/product"}],"wp:featuredmedia":[{"embeddable":true,"href":"https:\/\/empow-her.com\/es\/wp-json\/wp\/v2\/media\/124613"}],"wp:attachment":[{"href":"https:\/\/empow-her.com\/es\/wp-json\/wp\/v2\/media?parent=124612"}],"wp:term":[{"taxonomy":"product_brand","embeddable":true,"href":"https:\/\/empow-her.com\/es\/wp-json\/wp\/v2\/product_brand?post=124612"},{"taxonomy":"product_cat","embeddable":true,"href":"https:\/\/empow-her.com\/es\/wp-json\/wp\/v2\/product_cat?post=124612"},{"taxonomy":"product_tag","embeddable":true,"href":"https:\/\/empow-her.com\/es\/wp-json\/wp\/v2\/product_tag?post=124612"},{"taxonomy":"lieu","embeddable":true,"href":"https:\/\/empow-her.com\/es\/wp-json\/wp\/v2\/lieu?post=124612"},{"taxonomy":"thematiques","embeddable":true,"href":"https:\/\/empow-her.com\/es\/wp-json\/wp\/v2\/thematiques?post=124612"}],"curies":[{"name":"wp","href":"https:\/\/api.w.org\/{rel}","templated":true}]}}