{"id":124606,"date":"2022-10-27T18:06:23","date_gmt":"2022-10-27T16:06:23","guid":{"rendered":"https:\/\/empow-her.com\/?post_type=product&#038;p=124606"},"modified":"2022-10-27T18:14:06","modified_gmt":"2022-10-27T16:14:06","slug":"webinaire-avec-le-barreau-de-paris-propriete-intellectuelle-et-depot-de-marque","status":"publish","type":"product","link":"https:\/\/empow-her.com\/es\/produit\/webinaire-avec-le-barreau-de-paris-propriete-intellectuelle-et-depot-de-marque\/","title":{"rendered":"Webinaire avec le Barreau de Paris &#8211;  Propri\u00e9t\u00e9 intellectuelle et d\u00e9p\u00f4t de marque"},"content":{"rendered":"","protected":false},"excerpt":{"rendered":"<div>\n<div>\n<div id=\"1661243404.729699\" class=\"c-virtual_list__item\" tabindex=\"-1\" role=\"listitem\" data-qa=\"virtual-list-item\" data-item-key=\"1661243404.729699\">\n<div class=\"c-message_kit__background p-message_pane_message__message c-message_kit__message\" role=\"presentation\" data-qa=\"message_container\" data-qa-unprocessed=\"false\" data-qa-placeholder=\"false\">\n<div class=\"c-message_kit__hover\" role=\"document\" aria-roledescription=\"message\" data-qa-hover=\"true\">\n<div class=\"c-message_kit__actions c-message_kit__actions--default\">\n<div class=\"c-message_kit__gutter\">\n<div class=\"c-message_kit__gutter__right\" role=\"presentation\" data-qa=\"message_content\">\n<div class=\"c-message_kit__blocks c-message_kit__blocks--rich_text\">\n<div class=\"c-message__message_blocks c-message__message_blocks--rich_text\" data-qa=\"message-text\">\n<div class=\"p-block_kit_renderer\" data-qa=\"block-kit-renderer\">\n<div class=\"p-block_kit_renderer__block_wrapper p-block_kit_renderer__block_wrapper--first\">\n<div class=\"p-rich_text_block\" dir=\"auto\">\n<div class=\"p-rich_text_section\"><strong>Description<\/strong> :\u00a0<em>\u00e0 venir<\/em><\/div>\n<\/div>\n<\/div>\n<\/div>\n<\/div>\n<\/div>\n<\/div>\n<\/div>\n<\/div>\n<\/div>\n<\/div>\n<\/div>\n<div id=\"1661243433.199099\" class=\"c-virtual_list__item\" tabindex=\"-1\" role=\"listitem\" data-qa=\"virtual-list-item\" data-item-key=\"1661243433.199099\">\n<div class=\"c-message_kit__background p-message_pane_message__message c-message_kit__message\" role=\"presentation\" data-qa=\"message_container\" data-qa-unprocessed=\"false\" data-qa-placeholder=\"false\">\n<div class=\"c-message_kit__hover\" role=\"document\" aria-roledescription=\"message\" data-qa-hover=\"true\">\n<div class=\"c-message_kit__actions c-message_kit__actions--above\">\n<div class=\"c-message_kit__gutter\">\n<div class=\"c-message_kit__gutter__right\" role=\"presentation\" data-qa=\"message_content\">\n<div class=\"c-message_kit__blocks c-message_kit__blocks--rich_text\">\n<div class=\"c-message__message_blocks c-message__message_blocks--rich_text\" data-qa=\"message-text\">\n<div class=\"p-block_kit_renderer\" data-qa=\"block-kit-renderer\">\n<div class=\"p-block_kit_renderer__block_wrapper p-block_kit_renderer__block_wrapper--first\">\n<div class=\"p-rich_text_block\" dir=\"auto\">\n<div class=\"p-rich_text_section\"><\/div>\n<\/div>\n<\/div>\n<\/div>\n<\/div>\n<\/div>\n<\/div>\n<\/div>\n<\/div>\n<\/div>\n<\/div>\n<\/div>\n<\/div>\n<div>\n<div><strong>Intervenante: <\/strong>Barreau de Paris<\/div>\n<\/div>\n<\/div>\n<div><\/div>\n<div><b>Lieu : <\/b>Zoom<\/div>\n","protected":false},"featured_media":124608,"template":"","format":"standard","meta":{"_acf_changed":false,"om_disable_all_campaigns":false,"_uf_show_specific_survey":0,"_uf_disable_surveys":false},"product_brand":[],"product_cat":[118],"product_tag":[],"lieu":[125],"thematiques":[],"class_list":{"0":"post-124606","1":"product","2":"type-product","3":"status-publish","4":"format-standard","5":"has-post-thumbnail","7":"product_cat-atelier-collectif","8":"lieu-en-ligne","10":"first","11":"instock","12":"virtual","13":"purchasable","14":"product-type-appointment"},"exclude_global_add_ons":[],"addons":[],"acf":[],"yoast_head":"<!-- This site is optimized with the Yoast SEO plugin v24.8 - https:\/\/yoast.com\/wordpress\/plugins\/seo\/ -->\n<title>Webinaire avec le Barreau de Paris - Propri\u00e9t\u00e9 intellectuelle et d\u00e9p\u00f4t de marque - Empow&#039;Her<\/title>\n<meta name=\"robots\" content=\"index, follow, max-snippet:-1, max-image-preview:large, max-video-preview:-1\" \/>\n<link rel=\"canonical\" href=\"https:\/\/empow-her.com\/produit\/webinaire-avec-le-barreau-de-paris-propriete-intellectuelle-et-depot-de-marque\/\" \/>\n<meta property=\"og:locale\" content=\"es_ES\" \/>\n<meta property=\"og:type\" content=\"article\" \/>\n<meta property=\"og:title\" content=\"Webinaire avec le Barreau de Paris - Propri\u00e9t\u00e9 intellectuelle et d\u00e9p\u00f4t de marque - Empow&#039;Her\" \/>\n<meta property=\"og:description\" content=\"Description :\u00a0\u00e0 venir                                     Intervenante: Barreau de Paris    Lieu : Zoom\" \/>\n<meta property=\"og:url\" content=\"https:\/\/empow-her.com\/produit\/webinaire-avec-le-barreau-de-paris-propriete-intellectuelle-et-depot-de-marque\/\" \/>\n<meta property=\"og:site_name\" content=\"Empow&#039;Her\" \/>\n<meta property=\"article:modified_time\" content=\"2022-10-27T16:14:06+00:00\" \/>\n<meta property=\"og:image\" content=\"https:\/\/empow-her.com\/wp-content\/uploads\/2022\/10\/Women-Dare-templates-events-2022-10-27T180548.401.png\" \/>\n\t<meta property=\"og:image:width\" content=\"1080\" \/>\n\t<meta property=\"og:image:height\" content=\"1080\" \/>\n\t<meta property=\"og:image:type\" content=\"image\/png\" \/>\n<meta name=\"twitter:card\" content=\"summary_large_image\" \/>\n<script type=\"application\/ld+json\" class=\"yoast-schema-graph\">{\"@context\":\"https:\/\/schema.org\",\"@graph\":[{\"@type\":\"WebPage\",\"@id\":\"https:\/\/empow-her.com\/produit\/webinaire-avec-le-barreau-de-paris-propriete-intellectuelle-et-depot-de-marque\/\",\"url\":\"https:\/\/empow-her.com\/produit\/webinaire-avec-le-barreau-de-paris-propriete-intellectuelle-et-depot-de-marque\/\",\"name\":\"Webinaire avec le Barreau de Paris - Propri\u00e9t\u00e9 intellectuelle et d\u00e9p\u00f4t de marque - Empow&#039;Her\",\"isPartOf\":{\"@id\":\"https:\/\/empow-her.com\/#website\"},\"primaryImageOfPage\":{\"@id\":\"https:\/\/empow-her.com\/produit\/webinaire-avec-le-barreau-de-paris-propriete-intellectuelle-et-depot-de-marque\/#primaryimage\"},\"image\":{\"@id\":\"https:\/\/empow-her.com\/produit\/webinaire-avec-le-barreau-de-paris-propriete-intellectuelle-et-depot-de-marque\/#primaryimage\"},\"thumbnailUrl\":\"https:\/\/empow-her.com\/wp-content\/uploads\/2022\/10\/Women-Dare-templates-events-2022-10-27T180548.401.png\",\"datePublished\":\"2022-10-27T16:06:23+00:00\",\"dateModified\":\"2022-10-27T16:14:06+00:00\",\"breadcrumb\":{\"@id\":\"https:\/\/empow-her.com\/produit\/webinaire-avec-le-barreau-de-paris-propriete-intellectuelle-et-depot-de-marque\/#breadcrumb\"},\"inLanguage\":\"es\",\"potentialAction\":[{\"@type\":\"ReadAction\",\"target\":[\"https:\/\/empow-her.com\/produit\/webinaire-avec-le-barreau-de-paris-propriete-intellectuelle-et-depot-de-marque\/\"]}]},{\"@type\":\"ImageObject\",\"inLanguage\":\"es\",\"@id\":\"https:\/\/empow-her.com\/produit\/webinaire-avec-le-barreau-de-paris-propriete-intellectuelle-et-depot-de-marque\/#primaryimage\",\"url\":\"https:\/\/empow-her.com\/wp-content\/uploads\/2022\/10\/Women-Dare-templates-events-2022-10-27T180548.401.png\",\"contentUrl\":\"https:\/\/empow-her.com\/wp-content\/uploads\/2022\/10\/Women-Dare-templates-events-2022-10-27T180548.401.png\",\"width\":1080,\"height\":1080},{\"@type\":\"BreadcrumbList\",\"@id\":\"https:\/\/empow-her.com\/produit\/webinaire-avec-le-barreau-de-paris-propriete-intellectuelle-et-depot-de-marque\/#breadcrumb\",\"itemListElement\":[{\"@type\":\"ListItem\",\"position\":1,\"name\":\"Accueil\",\"item\":\"https:\/\/empow-her.com\/es\/inicio\/\"},{\"@type\":\"ListItem\",\"position\":2,\"name\":\"LA BOUTIQUE\",\"item\":\"https:\/\/empow-her.com\/boutique\/\"},{\"@type\":\"ListItem\",\"position\":3,\"name\":\"Webinaire avec le Barreau de Paris &#8211; Propri\u00e9t\u00e9 intellectuelle et d\u00e9p\u00f4t de marque\"}]},{\"@type\":\"WebSite\",\"@id\":\"https:\/\/empow-her.com\/#website\",\"url\":\"https:\/\/empow-her.com\/\",\"name\":\"Empow&#039;Her\",\"description\":\"Women Development\",\"potentialAction\":[{\"@type\":\"SearchAction\",\"target\":{\"@type\":\"EntryPoint\",\"urlTemplate\":\"https:\/\/empow-her.com\/?s={search_term_string}\"},\"query-input\":{\"@type\":\"PropertyValueSpecification\",\"valueRequired\":true,\"valueName\":\"search_term_string\"}}],\"inLanguage\":\"es\"}]}<\/script>\n<!-- \/ Yoast SEO plugin. -->","yoast_head_json":{"title":"Webinaire avec le Barreau de Paris - Propri\u00e9t\u00e9 intellectuelle et d\u00e9p\u00f4t de marque - Empow&#039;Her","robots":{"index":"index","follow":"follow","max-snippet":"max-snippet:-1","max-image-preview":"max-image-preview:large","max-video-preview":"max-video-preview:-1"},"canonical":"https:\/\/empow-her.com\/produit\/webinaire-avec-le-barreau-de-paris-propriete-intellectuelle-et-depot-de-marque\/","og_locale":"es_ES","og_type":"article","og_title":"Webinaire avec le Barreau de Paris - Propri\u00e9t\u00e9 intellectuelle et d\u00e9p\u00f4t de marque - Empow&#039;Her","og_description":"Description :\u00a0\u00e0 venir                                     Intervenante: Barreau de Paris    Lieu : Zoom","og_url":"https:\/\/empow-her.com\/produit\/webinaire-avec-le-barreau-de-paris-propriete-intellectuelle-et-depot-de-marque\/","og_site_name":"Empow&#039;Her","article_modified_time":"2022-10-27T16:14:06+00:00","og_image":[{"width":1080,"height":1080,"url":"https:\/\/empow-her.com\/wp-content\/uploads\/2022\/10\/Women-Dare-templates-events-2022-10-27T180548.401.png","type":"image\/png"}],"twitter_card":"summary_large_image","schema":{"@context":"https:\/\/schema.org","@graph":[{"@type":"WebPage","@id":"https:\/\/empow-her.com\/produit\/webinaire-avec-le-barreau-de-paris-propriete-intellectuelle-et-depot-de-marque\/","url":"https:\/\/empow-her.com\/produit\/webinaire-avec-le-barreau-de-paris-propriete-intellectuelle-et-depot-de-marque\/","name":"Webinaire avec le Barreau de Paris - Propri\u00e9t\u00e9 intellectuelle et d\u00e9p\u00f4t de marque - Empow&#039;Her","isPartOf":{"@id":"https:\/\/empow-her.com\/#website"},"primaryImageOfPage":{"@id":"https:\/\/empow-her.com\/produit\/webinaire-avec-le-barreau-de-paris-propriete-intellectuelle-et-depot-de-marque\/#primaryimage"},"image":{"@id":"https:\/\/empow-her.com\/produit\/webinaire-avec-le-barreau-de-paris-propriete-intellectuelle-et-depot-de-marque\/#primaryimage"},"thumbnailUrl":"https:\/\/empow-her.com\/wp-content\/uploads\/2022\/10\/Women-Dare-templates-events-2022-10-27T180548.401.png","datePublished":"2022-10-27T16:06:23+00:00","dateModified":"2022-10-27T16:14:06+00:00","breadcrumb":{"@id":"https:\/\/empow-her.com\/produit\/webinaire-avec-le-barreau-de-paris-propriete-intellectuelle-et-depot-de-marque\/#breadcrumb"},"inLanguage":"es","potentialAction":[{"@type":"ReadAction","target":["https:\/\/empow-her.com\/produit\/webinaire-avec-le-barreau-de-paris-propriete-intellectuelle-et-depot-de-marque\/"]}]},{"@type":"ImageObject","inLanguage":"es","@id":"https:\/\/empow-her.com\/produit\/webinaire-avec-le-barreau-de-paris-propriete-intellectuelle-et-depot-de-marque\/#primaryimage","url":"https:\/\/empow-her.com\/wp-content\/uploads\/2022\/10\/Women-Dare-templates-events-2022-10-27T180548.401.png","contentUrl":"https:\/\/empow-her.com\/wp-content\/uploads\/2022\/10\/Women-Dare-templates-events-2022-10-27T180548.401.png","width":1080,"height":1080},{"@type":"BreadcrumbList","@id":"https:\/\/empow-her.com\/produit\/webinaire-avec-le-barreau-de-paris-propriete-intellectuelle-et-depot-de-marque\/#breadcrumb","itemListElement":[{"@type":"ListItem","position":1,"name":"Accueil","item":"https:\/\/empow-her.com\/es\/inicio\/"},{"@type":"ListItem","position":2,"name":"LA BOUTIQUE","item":"https:\/\/empow-her.com\/boutique\/"},{"@type":"ListItem","position":3,"name":"Webinaire avec le Barreau de Paris &#8211; Propri\u00e9t\u00e9 intellectuelle et d\u00e9p\u00f4t de marque"}]},{"@type":"WebSite","@id":"https:\/\/empow-her.com\/#website","url":"https:\/\/empow-her.com\/","name":"Empow&#039;Her","description":"Women Development","potentialAction":[{"@type":"SearchAction","target":{"@type":"EntryPoint","urlTemplate":"https:\/\/empow-her.com\/?s={search_term_string}"},"query-input":{"@type":"PropertyValueSpecification","valueRequired":true,"valueName":"search_term_string"}}],"inLanguage":"es"}]}},"_links":{"self":[{"href":"https:\/\/empow-her.com\/es\/wp-json\/wp\/v2\/product\/124606","targetHints":{"allow":["GET"]}}],"collection":[{"href":"https:\/\/empow-her.com\/es\/wp-json\/wp\/v2\/product"}],"about":[{"href":"https:\/\/empow-her.com\/es\/wp-json\/wp\/v2\/types\/product"}],"wp:featuredmedia":[{"embeddable":true,"href":"https:\/\/empow-her.com\/es\/wp-json\/wp\/v2\/media\/124608"}],"wp:attachment":[{"href":"https:\/\/empow-her.com\/es\/wp-json\/wp\/v2\/media?parent=124606"}],"wp:term":[{"taxonomy":"product_brand","embeddable":true,"href":"https:\/\/empow-her.com\/es\/wp-json\/wp\/v2\/product_brand?post=124606"},{"taxonomy":"product_cat","embeddable":true,"href":"https:\/\/empow-her.com\/es\/wp-json\/wp\/v2\/product_cat?post=124606"},{"taxonomy":"product_tag","embeddable":true,"href":"https:\/\/empow-her.com\/es\/wp-json\/wp\/v2\/product_tag?post=124606"},{"taxonomy":"lieu","embeddable":true,"href":"https:\/\/empow-her.com\/es\/wp-json\/wp\/v2\/lieu?post=124606"},{"taxonomy":"thematiques","embeddable":true,"href":"https:\/\/empow-her.com\/es\/wp-json\/wp\/v2\/thematiques?post=124606"}],"curies":[{"name":"wp","href":"https:\/\/api.w.org\/{rel}","templated":true}]}}