{"id":12457,"date":"2021-03-18T17:07:34","date_gmt":"2021-03-18T16:07:34","guid":{"rendered":"https:\/\/empow-her.com\/?post_type=product&#038;p=12457"},"modified":"2021-05-06T10:33:24","modified_gmt":"2021-05-06T08:33:24","slug":"atelier-de-la-strategie-commerciale-au-plan-daction","status":"publish","type":"product","link":"https:\/\/empow-her.com\/es\/produit\/atelier-de-la-strategie-commerciale-au-plan-daction\/","title":{"rendered":"Atelier &#8211; De la strat\u00e9gie commerciale au plan d&#8217;action"},"content":{"rendered":"","protected":false},"excerpt":{"rendered":"<div>\n<div>\n<p>Vous avez d\u00e9j\u00e0 identifi\u00e9 une ou plusieurs propositions de valeur ? Vous souhaitez conna\u00eetre vos concurrents et savoir comment analyser votre march\u00e9 ? Qui sont vos cibles et comment les identifier ? M\u00e9lanie et Laurence de B.Between vous donnent toutes les cl\u00e9s pour \u00e9tablir une strat\u00e9gie commerciale pertinente et ses objectifs !<\/p>\n<\/div>\n<p>&nbsp;<\/p>\n<p><strong>Par<\/strong><b> : <\/b><a href=\"https:\/\/www.bbetween.fr\/\">B.Between<\/a><\/p>\n<\/div>\n<p><strong>Les intervenantes<\/strong> : Directrice commerciale passionn\u00e9e (depuis plus de 10 ans), M\u00e9lanie aide, avec B.Between, les TPE et PME \u00e0 se d\u00e9velopper commercialement. Leur mission : votre r\u00e9ussite commerciale !<\/p>\n<p>Laurence est passionn\u00e9e de vente. Apr\u00e8s de multiples exp\u00e9riences sur diff\u00e9rents secteurs, du public au priv\u00e9, de la formation au conseil, elle a souhait\u00e9 rejoindre une aventure stimulante pour aider les cr\u00e9ateurs d&#8217;entreprise \u00e0 booster leur entreprise.<\/p>\n<p>&nbsp;<\/p>\n<p><strong>Leur petit mot<\/strong> : <em>Faites-vous confiance ! Rencontrez, \u00e9changez, apprenez encore et toujours. <\/em><em>Pas apr\u00e8s pas, vous allez construire votre projet !<\/em><\/p>\n","protected":false},"featured_media":13764,"template":"","format":"standard","meta":{"_acf_changed":false,"om_disable_all_campaigns":false,"_uf_show_specific_survey":0,"_uf_disable_surveys":false},"product_brand":[],"product_cat":[118],"product_tag":[],"lieu":[125],"thematiques":[],"class_list":{"0":"post-12457","1":"product","2":"type-product","3":"status-publish","4":"format-standard","5":"has-post-thumbnail","7":"product_cat-atelier-collectif","8":"lieu-en-ligne","10":"first","11":"instock","12":"virtual","13":"purchasable","14":"product-type-appointment"},"exclude_global_add_ons":[],"addons":[],"acf":[],"yoast_head":"<!-- This site is optimized with the Yoast SEO plugin v24.8 - https:\/\/yoast.com\/wordpress\/plugins\/seo\/ -->\n<title>Atelier - De la strat\u00e9gie commerciale au plan d&#039;action - Empow&#039;Her<\/title>\n<meta name=\"robots\" content=\"index, follow, max-snippet:-1, max-image-preview:large, max-video-preview:-1\" \/>\n<link rel=\"canonical\" href=\"https:\/\/empow-her.com\/es\/produit\/atelier-de-la-strategie-commerciale-au-plan-daction\/\" \/>\n<meta property=\"og:locale\" content=\"es_ES\" \/>\n<meta property=\"og:type\" content=\"article\" \/>\n<meta property=\"og:title\" content=\"Atelier - De la strat\u00e9gie commerciale au plan d&#039;action - Empow&#039;Her\" \/>\n<meta property=\"og:description\" content=\"Vous avez d\u00e9j\u00e0 identifi\u00e9 une ou plusieurs propositions de valeur ? Vous souhaitez conna\u00eetre vos concurrents et savoir comment analyser votre march\u00e9 ? Qui sont vos cibles et comment les identifier ? M\u00e9lanie et Laurence de B.Between vous donnent toutes les cl\u00e9s pour \u00e9tablir une strat\u00e9gie commerciale pertinente et ses objectifs !   &nbsp;  Par : B.Between   Les intervenantes : Directrice commerciale passionn\u00e9e (depuis plus de 10 ans), M\u00e9lanie aide, avec B.Between, les TPE et PME \u00e0 se d\u00e9velopper commercialement. Leur mission : votre r\u00e9ussite commerciale !  Laurence est passionn\u00e9e de vente. Apr\u00e8s de multiples exp\u00e9riences sur diff\u00e9rents secteurs, du public au priv\u00e9, de la formation au conseil, elle a souhait\u00e9 rejoindre une aventure stimulante pour aider les cr\u00e9ateurs d&#039;entreprise \u00e0 booster leur entreprise.  &nbsp;  Leur petit mot : Faites-vous confiance ! Rencontrez, \u00e9changez, apprenez encore et toujours. Pas apr\u00e8s pas, vous allez construire votre projet !\" \/>\n<meta property=\"og:url\" content=\"https:\/\/empow-her.com\/es\/produit\/atelier-de-la-strategie-commerciale-au-plan-daction\/\" \/>\n<meta property=\"og:site_name\" content=\"Empow&#039;Her\" \/>\n<meta property=\"article:modified_time\" content=\"2021-05-06T08:33:24+00:00\" \/>\n<meta property=\"og:image\" content=\"https:\/\/empow-her.com\/wp-content\/uploads\/2021\/03\/TEMPLATE-EVENTS-WOMEN-DARE-51.png\" \/>\n\t<meta property=\"og:image:width\" content=\"3240\" \/>\n\t<meta property=\"og:image:height\" content=\"3240\" \/>\n\t<meta property=\"og:image:type\" content=\"image\/png\" \/>\n<meta name=\"twitter:card\" content=\"summary_large_image\" \/>\n<script type=\"application\/ld+json\" class=\"yoast-schema-graph\">{\"@context\":\"https:\/\/schema.org\",\"@graph\":[{\"@type\":\"WebPage\",\"@id\":\"https:\/\/empow-her.com\/es\/produit\/atelier-de-la-strategie-commerciale-au-plan-daction\/\",\"url\":\"https:\/\/empow-her.com\/es\/produit\/atelier-de-la-strategie-commerciale-au-plan-daction\/\",\"name\":\"Atelier - De la strat\u00e9gie commerciale au plan d'action - Empow&#039;Her\",\"isPartOf\":{\"@id\":\"https:\/\/empow-her.com\/#website\"},\"primaryImageOfPage\":{\"@id\":\"https:\/\/empow-her.com\/es\/produit\/atelier-de-la-strategie-commerciale-au-plan-daction\/#primaryimage\"},\"image\":{\"@id\":\"https:\/\/empow-her.com\/es\/produit\/atelier-de-la-strategie-commerciale-au-plan-daction\/#primaryimage\"},\"thumbnailUrl\":\"https:\/\/empow-her.com\/wp-content\/uploads\/2021\/03\/TEMPLATE-EVENTS-WOMEN-DARE-51.png\",\"datePublished\":\"2021-03-18T16:07:34+00:00\",\"dateModified\":\"2021-05-06T08:33:24+00:00\",\"breadcrumb\":{\"@id\":\"https:\/\/empow-her.com\/es\/produit\/atelier-de-la-strategie-commerciale-au-plan-daction\/#breadcrumb\"},\"inLanguage\":\"es\",\"potentialAction\":[{\"@type\":\"ReadAction\",\"target\":[\"https:\/\/empow-her.com\/es\/produit\/atelier-de-la-strategie-commerciale-au-plan-daction\/\"]}]},{\"@type\":\"ImageObject\",\"inLanguage\":\"es\",\"@id\":\"https:\/\/empow-her.com\/es\/produit\/atelier-de-la-strategie-commerciale-au-plan-daction\/#primaryimage\",\"url\":\"https:\/\/empow-her.com\/wp-content\/uploads\/2021\/03\/TEMPLATE-EVENTS-WOMEN-DARE-51.png\",\"contentUrl\":\"https:\/\/empow-her.com\/wp-content\/uploads\/2021\/03\/TEMPLATE-EVENTS-WOMEN-DARE-51.png\",\"width\":3240,\"height\":3240},{\"@type\":\"BreadcrumbList\",\"@id\":\"https:\/\/empow-her.com\/es\/produit\/atelier-de-la-strategie-commerciale-au-plan-daction\/#breadcrumb\",\"itemListElement\":[{\"@type\":\"ListItem\",\"position\":1,\"name\":\"Accueil\",\"item\":\"https:\/\/empow-her.com\/es\/inicio\/\"},{\"@type\":\"ListItem\",\"position\":2,\"name\":\"LA BOUTIQUE\",\"item\":\"https:\/\/empow-her.com\/boutique\/\"},{\"@type\":\"ListItem\",\"position\":3,\"name\":\"Atelier &#8211; De la strat\u00e9gie commerciale au plan d&#8217;action\"}]},{\"@type\":\"WebSite\",\"@id\":\"https:\/\/empow-her.com\/#website\",\"url\":\"https:\/\/empow-her.com\/\",\"name\":\"Empow&#039;Her\",\"description\":\"Women Development\",\"potentialAction\":[{\"@type\":\"SearchAction\",\"target\":{\"@type\":\"EntryPoint\",\"urlTemplate\":\"https:\/\/empow-her.com\/?s={search_term_string}\"},\"query-input\":{\"@type\":\"PropertyValueSpecification\",\"valueRequired\":true,\"valueName\":\"search_term_string\"}}],\"inLanguage\":\"es\"}]}<\/script>\n<!-- \/ Yoast SEO plugin. -->","yoast_head_json":{"title":"Atelier - De la strat\u00e9gie commerciale au plan d'action - Empow&#039;Her","robots":{"index":"index","follow":"follow","max-snippet":"max-snippet:-1","max-image-preview":"max-image-preview:large","max-video-preview":"max-video-preview:-1"},"canonical":"https:\/\/empow-her.com\/es\/produit\/atelier-de-la-strategie-commerciale-au-plan-daction\/","og_locale":"es_ES","og_type":"article","og_title":"Atelier - De la strat\u00e9gie commerciale au plan d'action - Empow&#039;Her","og_description":"Vous avez d\u00e9j\u00e0 identifi\u00e9 une ou plusieurs propositions de valeur ? Vous souhaitez conna\u00eetre vos concurrents et savoir comment analyser votre march\u00e9 ? Qui sont vos cibles et comment les identifier ? M\u00e9lanie et Laurence de B.Between vous donnent toutes les cl\u00e9s pour \u00e9tablir une strat\u00e9gie commerciale pertinente et ses objectifs !   &nbsp;  Par : B.Between   Les intervenantes : Directrice commerciale passionn\u00e9e (depuis plus de 10 ans), M\u00e9lanie aide, avec B.Between, les TPE et PME \u00e0 se d\u00e9velopper commercialement. Leur mission : votre r\u00e9ussite commerciale !  Laurence est passionn\u00e9e de vente. Apr\u00e8s de multiples exp\u00e9riences sur diff\u00e9rents secteurs, du public au priv\u00e9, de la formation au conseil, elle a souhait\u00e9 rejoindre une aventure stimulante pour aider les cr\u00e9ateurs d'entreprise \u00e0 booster leur entreprise.  &nbsp;  Leur petit mot : Faites-vous confiance ! Rencontrez, \u00e9changez, apprenez encore et toujours. Pas apr\u00e8s pas, vous allez construire votre projet !","og_url":"https:\/\/empow-her.com\/es\/produit\/atelier-de-la-strategie-commerciale-au-plan-daction\/","og_site_name":"Empow&#039;Her","article_modified_time":"2021-05-06T08:33:24+00:00","og_image":[{"width":3240,"height":3240,"url":"https:\/\/empow-her.com\/wp-content\/uploads\/2021\/03\/TEMPLATE-EVENTS-WOMEN-DARE-51.png","type":"image\/png"}],"twitter_card":"summary_large_image","schema":{"@context":"https:\/\/schema.org","@graph":[{"@type":"WebPage","@id":"https:\/\/empow-her.com\/es\/produit\/atelier-de-la-strategie-commerciale-au-plan-daction\/","url":"https:\/\/empow-her.com\/es\/produit\/atelier-de-la-strategie-commerciale-au-plan-daction\/","name":"Atelier - De la strat\u00e9gie commerciale au plan d'action - Empow&#039;Her","isPartOf":{"@id":"https:\/\/empow-her.com\/#website"},"primaryImageOfPage":{"@id":"https:\/\/empow-her.com\/es\/produit\/atelier-de-la-strategie-commerciale-au-plan-daction\/#primaryimage"},"image":{"@id":"https:\/\/empow-her.com\/es\/produit\/atelier-de-la-strategie-commerciale-au-plan-daction\/#primaryimage"},"thumbnailUrl":"https:\/\/empow-her.com\/wp-content\/uploads\/2021\/03\/TEMPLATE-EVENTS-WOMEN-DARE-51.png","datePublished":"2021-03-18T16:07:34+00:00","dateModified":"2021-05-06T08:33:24+00:00","breadcrumb":{"@id":"https:\/\/empow-her.com\/es\/produit\/atelier-de-la-strategie-commerciale-au-plan-daction\/#breadcrumb"},"inLanguage":"es","potentialAction":[{"@type":"ReadAction","target":["https:\/\/empow-her.com\/es\/produit\/atelier-de-la-strategie-commerciale-au-plan-daction\/"]}]},{"@type":"ImageObject","inLanguage":"es","@id":"https:\/\/empow-her.com\/es\/produit\/atelier-de-la-strategie-commerciale-au-plan-daction\/#primaryimage","url":"https:\/\/empow-her.com\/wp-content\/uploads\/2021\/03\/TEMPLATE-EVENTS-WOMEN-DARE-51.png","contentUrl":"https:\/\/empow-her.com\/wp-content\/uploads\/2021\/03\/TEMPLATE-EVENTS-WOMEN-DARE-51.png","width":3240,"height":3240},{"@type":"BreadcrumbList","@id":"https:\/\/empow-her.com\/es\/produit\/atelier-de-la-strategie-commerciale-au-plan-daction\/#breadcrumb","itemListElement":[{"@type":"ListItem","position":1,"name":"Accueil","item":"https:\/\/empow-her.com\/es\/inicio\/"},{"@type":"ListItem","position":2,"name":"LA BOUTIQUE","item":"https:\/\/empow-her.com\/boutique\/"},{"@type":"ListItem","position":3,"name":"Atelier &#8211; De la strat\u00e9gie commerciale au plan d&#8217;action"}]},{"@type":"WebSite","@id":"https:\/\/empow-her.com\/#website","url":"https:\/\/empow-her.com\/","name":"Empow&#039;Her","description":"Women Development","potentialAction":[{"@type":"SearchAction","target":{"@type":"EntryPoint","urlTemplate":"https:\/\/empow-her.com\/?s={search_term_string}"},"query-input":{"@type":"PropertyValueSpecification","valueRequired":true,"valueName":"search_term_string"}}],"inLanguage":"es"}]}},"_links":{"self":[{"href":"https:\/\/empow-her.com\/es\/wp-json\/wp\/v2\/product\/12457","targetHints":{"allow":["GET"]}}],"collection":[{"href":"https:\/\/empow-her.com\/es\/wp-json\/wp\/v2\/product"}],"about":[{"href":"https:\/\/empow-her.com\/es\/wp-json\/wp\/v2\/types\/product"}],"wp:featuredmedia":[{"embeddable":true,"href":"https:\/\/empow-her.com\/es\/wp-json\/wp\/v2\/media\/13764"}],"wp:attachment":[{"href":"https:\/\/empow-her.com\/es\/wp-json\/wp\/v2\/media?parent=12457"}],"wp:term":[{"taxonomy":"product_brand","embeddable":true,"href":"https:\/\/empow-her.com\/es\/wp-json\/wp\/v2\/product_brand?post=12457"},{"taxonomy":"product_cat","embeddable":true,"href":"https:\/\/empow-her.com\/es\/wp-json\/wp\/v2\/product_cat?post=12457"},{"taxonomy":"product_tag","embeddable":true,"href":"https:\/\/empow-her.com\/es\/wp-json\/wp\/v2\/product_tag?post=12457"},{"taxonomy":"lieu","embeddable":true,"href":"https:\/\/empow-her.com\/es\/wp-json\/wp\/v2\/lieu?post=12457"},{"taxonomy":"thematiques","embeddable":true,"href":"https:\/\/empow-her.com\/es\/wp-json\/wp\/v2\/thematiques?post=12457"}],"curies":[{"name":"wp","href":"https:\/\/api.w.org\/{rel}","templated":true}]}}