{"id":124551,"date":"2022-10-27T17:11:29","date_gmt":"2022-10-27T15:11:29","guid":{"rendered":"https:\/\/empow-her.com\/?post_type=product&#038;p=124551"},"modified":"2022-10-27T17:13:27","modified_gmt":"2022-10-27T15:13:27","slug":"le-cycle-de-co-dev-de-decembre","status":"publish","type":"product","link":"https:\/\/empow-her.com\/es\/produit\/le-cycle-de-co-dev-de-decembre\/","title":{"rendered":"Le cycle de co-d\u00e9v de D\u00e9cembre !"},"content":{"rendered":"","protected":false},"excerpt":{"rendered":"<p><span style=\"font-family: georgia, serif;\">Quand on se lance, on a souvent mille challenges et d\u00e9fis \u00e0 r\u00e9soudre, et peu de temps pour trouver des solutions \u00e0 tout.<\/span><\/p>\n<div><span style=\"font-family: georgia, serif;\"><br \/>\n<\/span><\/p>\n<div><span style=\"font-family: georgia, serif;\">Alors pourquoi ne pas utiliser la force du collectif pour r\u00e9pondre \u00e0 ses\u00a0questions ?<\/span><\/div>\n<div><span style=\"font-family: georgia, serif;\">Avec Women Dare, vous pouvez participer \u00e0 un cycle de co-d\u00e9veloppement en formant un petit groupe de porteuses de projet, en vous rencontrant \u00e0 trois reprises et en vous entraidant. <\/span><span style=\"font-family: georgia, serif;\">Envie de cr\u00e9er des liens et de partager des conseils ?\u00a0<\/span><\/div>\n<div><\/div>\n<\/div>\n<div>\n<ul>\n<li><span style=\"font-family: georgia, serif;\">Une m\u00e9thode d&#8217;intelligence collective pour r\u00e9soudre des probl\u00e9matiques et partager des bonnes pratiques !<\/span><\/li>\n<li><span style=\"font-family: georgia, serif;\">Trois rendez-vous de 1h30 avec le m\u00eame groupe, pour cr\u00e9er du lien et ressortir boost\u00e9e avec plein d&#8217;id\u00e9es !<\/span><\/li>\n<li><span style=\"font-family: georgia, serif;\">Un moment pour s&#8217;ouvrir aux autres projets, et d\u00e9couvrir d&#8217;autres fa\u00e7ons de faire !<\/span><\/li>\n<\/ul>\n<p>&nbsp;<\/p>\n<\/div>\n<div>Un cycle, c&#8217;est trois rendez-vous\u00a0<b>en ligne\u00a0<\/b>avec un groupe de 6 entrepreneures. <strong>A noter que les dates et horaires de chaque rendez-vous peuvent \u00eatre modul\u00e9es en accord avec le groupe.<\/strong><\/div>\n<p><span data-sheets-value=\"{&quot;1&quot;:2,&quot;2&quot;:&quot;Envie de r\u00e9soudre vos probl\u00e9matiques \u00e0 l'aide de l'intelligence collective ? De partager des pistes de r\u00e9flexion avec un petit groupe de (futures) entrepreneures ? Participez aux 3 sessions de co-d\u00e9veloppement de mars ! IMPORTANT : Pour participer au cycle, il est important d'\u00eatre pr\u00e9sente aux 3 sessions.&quot;}\" data-sheets-userformat=\"{&quot;2&quot;:5053,&quot;3&quot;:{&quot;1&quot;:0},&quot;5&quot;:{&quot;1&quot;:[{&quot;1&quot;:2,&quot;2&quot;:0,&quot;5&quot;:{&quot;1&quot;:2,&quot;2&quot;:0}},{&quot;1&quot;:0,&quot;2&quot;:0,&quot;3&quot;:3},{&quot;1&quot;:1,&quot;2&quot;:0,&quot;4&quot;:1}]},&quot;6&quot;:{&quot;1&quot;:[{&quot;1&quot;:2,&quot;2&quot;:0,&quot;5&quot;:{&quot;1&quot;:2,&quot;2&quot;:0}},{&quot;1&quot;:0,&quot;2&quot;:0,&quot;3&quot;:3},{&quot;1&quot;:1,&quot;2&quot;:0,&quot;4&quot;:1}]},&quot;7&quot;:{&quot;1&quot;:[{&quot;1&quot;:2,&quot;2&quot;:0,&quot;5&quot;:{&quot;1&quot;:2,&quot;2&quot;:0}},{&quot;1&quot;:0,&quot;2&quot;:0,&quot;3&quot;:3},{&quot;1&quot;:1,&quot;2&quot;:0,&quot;4&quot;:1}]},&quot;8&quot;:{&quot;1&quot;:[{&quot;1&quot;:2,&quot;2&quot;:0,&quot;5&quot;:{&quot;1&quot;:2,&quot;2&quot;:0}},{&quot;1&quot;:0,&quot;2&quot;:0,&quot;3&quot;:3},{&quot;1&quot;:1,&quot;2&quot;:0,&quot;4&quot;:1}]},&quot;10&quot;:1,&quot;11&quot;:4,&quot;12&quot;:0,&quot;15&quot;:&quot;Calibri&quot;}\"><br \/>\n<strong>IMPORTANT<\/strong> : Pour participer au cycle, il est important d&#8217;\u00eatre pr\u00e9sente aux<strong> 2\u00a0sessions.<\/strong><\/span><\/p>\n<p><strong><br \/>\nIntervenant.e.s : <\/strong>Fiore de <span data-sheets-value=\"{&quot;1&quot;:2,&quot;2&quot;:&quot;Le cycle de co-d\u00e9veloppement est facilit\u00e9 par les \u00e9quipes Empow'Her, gardiennes du temps et de la m\u00e9thodologie pour un cycle de co-d\u00e9v r\u00e9ussi !&quot;}\" data-sheets-userformat=\"{&quot;2&quot;:5053,&quot;3&quot;:{&quot;1&quot;:0},&quot;5&quot;:{&quot;1&quot;:[{&quot;1&quot;:2,&quot;2&quot;:0,&quot;5&quot;:{&quot;1&quot;:2,&quot;2&quot;:0}},{&quot;1&quot;:0,&quot;2&quot;:0,&quot;3&quot;:3},{&quot;1&quot;:1,&quot;2&quot;:0,&quot;4&quot;:1}]},&quot;6&quot;:{&quot;1&quot;:[{&quot;1&quot;:2,&quot;2&quot;:0,&quot;5&quot;:{&quot;1&quot;:2,&quot;2&quot;:0}},{&quot;1&quot;:0,&quot;2&quot;:0,&quot;3&quot;:3},{&quot;1&quot;:1,&quot;2&quot;:0,&quot;4&quot;:1}]},&quot;7&quot;:{&quot;1&quot;:[{&quot;1&quot;:2,&quot;2&quot;:0,&quot;5&quot;:{&quot;1&quot;:2,&quot;2&quot;:0}},{&quot;1&quot;:0,&quot;2&quot;:0,&quot;3&quot;:3},{&quot;1&quot;:1,&quot;2&quot;:0,&quot;4&quot;:1}]},&quot;8&quot;:{&quot;1&quot;:[{&quot;1&quot;:2,&quot;2&quot;:0,&quot;5&quot;:{&quot;1&quot;:2,&quot;2&quot;:0}},{&quot;1&quot;:0,&quot;2&quot;:0,&quot;3&quot;:3},{&quot;1&quot;:1,&quot;2&quot;:0,&quot;4&quot;:1}]},&quot;10&quot;:1,&quot;11&quot;:4,&quot;12&quot;:0,&quot;15&quot;:&quot;Calibri&quot;}\">Empow&#8217;Her<\/span><\/p>\n<p><strong>Dur\u00e9e<\/strong> : <span data-sheets-value=\"{&quot;1&quot;:2,&quot;2&quot;:&quot;2h par session de co-dev&quot;}\" data-sheets-userformat=\"{&quot;2&quot;:7167,&quot;3&quot;:{&quot;1&quot;:0},&quot;4&quot;:{&quot;1&quot;:2,&quot;2&quot;:16777215},&quot;5&quot;:{&quot;1&quot;:[{&quot;1&quot;:2,&quot;2&quot;:0,&quot;5&quot;:{&quot;1&quot;:2,&quot;2&quot;:0}},{&quot;1&quot;:0,&quot;2&quot;:0,&quot;3&quot;:3},{&quot;1&quot;:1,&quot;2&quot;:0,&quot;4&quot;:1}]},&quot;6&quot;:{&quot;1&quot;:[{&quot;1&quot;:2,&quot;2&quot;:0,&quot;5&quot;:{&quot;1&quot;:2,&quot;2&quot;:0}},{&quot;1&quot;:0,&quot;2&quot;:0,&quot;3&quot;:3},{&quot;1&quot;:1,&quot;2&quot;:0,&quot;4&quot;:1}]},&quot;7&quot;:{&quot;1&quot;:[{&quot;1&quot;:2,&quot;2&quot;:0,&quot;5&quot;:{&quot;1&quot;:2,&quot;2&quot;:0}},{&quot;1&quot;:0,&quot;2&quot;:0,&quot;3&quot;:3},{&quot;1&quot;:1,&quot;2&quot;:0,&quot;4&quot;:1}]},&quot;8&quot;:{&quot;1&quot;:[{&quot;1&quot;:2,&quot;2&quot;:0,&quot;5&quot;:{&quot;1&quot;:2,&quot;2&quot;:0}},{&quot;1&quot;:0,&quot;2&quot;:0,&quot;3&quot;:3},{&quot;1&quot;:1,&quot;2&quot;:0,&quot;4&quot;:1}]},&quot;9&quot;:1,&quot;10&quot;:1,&quot;11&quot;:4,&quot;12&quot;:0,&quot;14&quot;:{&quot;1&quot;:2,&quot;2&quot;:0},&quot;15&quot;:&quot;Calibri&quot;}\">1h30 par session de co-d\u00e9veloppement<\/span><\/p>\n<p><span data-sheets-value=\"{&quot;1&quot;:2,&quot;2&quot;:&quot;Les lundis 21 et 28 mars et le lundi 4 avril. &quot;}\" data-sheets-userformat=\"{&quot;2&quot;:21501,&quot;3&quot;:{&quot;1&quot;:0},&quot;5&quot;:{&quot;1&quot;:[{&quot;1&quot;:2,&quot;2&quot;:0,&quot;5&quot;:{&quot;1&quot;:2,&quot;2&quot;:0}},{&quot;1&quot;:0,&quot;2&quot;:0,&quot;3&quot;:3},{&quot;1&quot;:1,&quot;2&quot;:0,&quot;4&quot;:1}]},&quot;6&quot;:{&quot;1&quot;:[{&quot;1&quot;:2,&quot;2&quot;:0,&quot;5&quot;:{&quot;1&quot;:2,&quot;2&quot;:0}},{&quot;1&quot;:0,&quot;2&quot;:0,&quot;3&quot;:3},{&quot;1&quot;:1,&quot;2&quot;:0,&quot;4&quot;:1}]},&quot;7&quot;:{&quot;1&quot;:[{&quot;1&quot;:2,&quot;2&quot;:0,&quot;5&quot;:{&quot;1&quot;:2,&quot;2&quot;:0}},{&quot;1&quot;:0,&quot;2&quot;:0,&quot;3&quot;:3},{&quot;1&quot;:1,&quot;2&quot;:0,&quot;4&quot;:1}]},&quot;8&quot;:{&quot;1&quot;:[{&quot;1&quot;:2,&quot;2&quot;:0,&quot;5&quot;:{&quot;1&quot;:2,&quot;2&quot;:0}},{&quot;1&quot;:0,&quot;2&quot;:0,&quot;3&quot;:3},{&quot;1&quot;:1,&quot;2&quot;:0,&quot;4&quot;:1}]},&quot;9&quot;:1,&quot;10&quot;:1,&quot;11&quot;:4,&quot;12&quot;:0,&quot;15&quot;:&quot;Calibri&quot;,&quot;17&quot;:1}\"><strong>Quand<\/strong> : Les mardis 13 et 20 d\u00e9cembre\u00a0<\/span><\/p>\n<p><strong>Lieu :<\/strong> En ligne sur Google Meet<\/p>\n<p>&nbsp;<\/p>\n<p><b>Attention !\u00a0<\/b> Veuillez vous pr\u00e9senter \u00e0 l\u2019heure pour que l\u2019activit\u00e9 puisse commencer \u00e0 temps. Si vous avez du retard veuillez pr\u00e9venir l\u2019intervenant.e. Si vous avez plus de 15 min de retard l\u2019intervenant.e se r\u00e9serve le droit de plus vous accepter pour le coaching ou l\u2019atelier.<\/p>\n","protected":false},"featured_media":124552,"template":"","format":"standard","meta":{"_acf_changed":false,"om_disable_all_campaigns":false,"_uf_show_specific_survey":0,"_uf_disable_surveys":false},"product_brand":[],"product_cat":[130],"product_tag":[],"lieu":[125],"thematiques":[],"class_list":{"0":"post-124551","1":"product","2":"type-product","3":"status-publish","4":"format-standard","5":"has-post-thumbnail","7":"product_cat-codev","8":"lieu-en-ligne","10":"first","11":"instock","12":"virtual","13":"purchasable","14":"product-type-appointment"},"exclude_global_add_ons":[],"addons":[],"acf":[],"yoast_head":"<!-- This site is optimized with the Yoast SEO plugin v24.8 - https:\/\/yoast.com\/wordpress\/plugins\/seo\/ -->\n<title>Le cycle de co-d\u00e9v de D\u00e9cembre ! - Empow&#039;Her<\/title>\n<meta name=\"robots\" content=\"index, follow, max-snippet:-1, max-image-preview:large, max-video-preview:-1\" \/>\n<link rel=\"canonical\" href=\"https:\/\/empow-her.com\/produit\/le-cycle-de-co-dev-de-decembre\/\" \/>\n<meta property=\"og:locale\" content=\"es_ES\" \/>\n<meta property=\"og:type\" content=\"article\" \/>\n<meta property=\"og:title\" content=\"Le cycle de co-d\u00e9v de D\u00e9cembre ! - Empow&#039;Her\" \/>\n<meta property=\"og:description\" content=\"Quand on se lance, on a souvent mille challenges et d\u00e9fis \u00e0 r\u00e9soudre, et peu de temps pour trouver des solutions \u00e0 tout.   Alors pourquoi ne pas utiliser la force du collectif pour r\u00e9pondre \u00e0 ses\u00a0questions ? Avec Women Dare, vous pouvez participer \u00e0 un cycle de co-d\u00e9veloppement en formant un petit groupe de porteuses de projet, en vous rencontrant \u00e0 trois reprises et en vous entraidant. Envie de cr\u00e9er des liens et de partager des conseils ?\u00a0      Une m\u00e9thode d&#039;intelligence collective pour r\u00e9soudre des probl\u00e9matiques et partager des bonnes pratiques !  Trois rendez-vous de 1h30 avec le m\u00eame groupe, pour cr\u00e9er du lien et ressortir boost\u00e9e avec plein d&#039;id\u00e9es !  Un moment pour s&#039;ouvrir aux autres projets, et d\u00e9couvrir d&#039;autres fa\u00e7ons de faire !  &nbsp;   Un cycle, c&#039;est trois rendez-vous\u00a0en ligne\u00a0avec un groupe de 6 entrepreneures. A noter que les dates et horaires de chaque rendez-vous peuvent \u00eatre modul\u00e9es en accord avec le groupe.  IMPORTANT : Pour participer au cycle, il est important d&#039;\u00eatre pr\u00e9sente aux 2\u00a0sessions.   Intervenant.e.s : Fiore de Empow&#039;Her  Dur\u00e9e : 1h30 par session de co-d\u00e9veloppement  Quand : Les mardis 13 et 20 d\u00e9cembre\u00a0  Lieu : En ligne sur Google Meet  &nbsp;  Attention !\u00a0 Veuillez vous pr\u00e9senter \u00e0 l\u2019heure pour que l\u2019activit\u00e9 puisse commencer \u00e0 temps. Si vous avez du retard veuillez pr\u00e9venir l\u2019intervenant.e. Si vous avez plus de 15 min de retard l\u2019intervenant.e se r\u00e9serve le droit de plus vous accepter pour le coaching ou l\u2019atelier.\" \/>\n<meta property=\"og:url\" content=\"https:\/\/empow-her.com\/produit\/le-cycle-de-co-dev-de-decembre\/\" \/>\n<meta property=\"og:site_name\" content=\"Empow&#039;Her\" \/>\n<meta property=\"article:modified_time\" content=\"2022-10-27T15:13:27+00:00\" \/>\n<meta property=\"og:image\" content=\"https:\/\/empow-her.com\/wp-content\/uploads\/2022\/10\/Women-Dare-templates-events-2022-10-27T171155.010.png\" \/>\n\t<meta property=\"og:image:width\" content=\"1080\" \/>\n\t<meta property=\"og:image:height\" content=\"1080\" \/>\n\t<meta property=\"og:image:type\" content=\"image\/png\" \/>\n<meta name=\"twitter:card\" content=\"summary_large_image\" \/>\n<script type=\"application\/ld+json\" class=\"yoast-schema-graph\">{\"@context\":\"https:\/\/schema.org\",\"@graph\":[{\"@type\":\"WebPage\",\"@id\":\"https:\/\/empow-her.com\/produit\/le-cycle-de-co-dev-de-decembre\/\",\"url\":\"https:\/\/empow-her.com\/produit\/le-cycle-de-co-dev-de-decembre\/\",\"name\":\"Le cycle de co-d\u00e9v de D\u00e9cembre ! - Empow&#039;Her\",\"isPartOf\":{\"@id\":\"https:\/\/empow-her.com\/#website\"},\"primaryImageOfPage\":{\"@id\":\"https:\/\/empow-her.com\/produit\/le-cycle-de-co-dev-de-decembre\/#primaryimage\"},\"image\":{\"@id\":\"https:\/\/empow-her.com\/produit\/le-cycle-de-co-dev-de-decembre\/#primaryimage\"},\"thumbnailUrl\":\"https:\/\/empow-her.com\/wp-content\/uploads\/2022\/10\/Women-Dare-templates-events-2022-10-27T171155.010.png\",\"datePublished\":\"2022-10-27T15:11:29+00:00\",\"dateModified\":\"2022-10-27T15:13:27+00:00\",\"breadcrumb\":{\"@id\":\"https:\/\/empow-her.com\/produit\/le-cycle-de-co-dev-de-decembre\/#breadcrumb\"},\"inLanguage\":\"es\",\"potentialAction\":[{\"@type\":\"ReadAction\",\"target\":[\"https:\/\/empow-her.com\/produit\/le-cycle-de-co-dev-de-decembre\/\"]}]},{\"@type\":\"ImageObject\",\"inLanguage\":\"es\",\"@id\":\"https:\/\/empow-her.com\/produit\/le-cycle-de-co-dev-de-decembre\/#primaryimage\",\"url\":\"https:\/\/empow-her.com\/wp-content\/uploads\/2022\/10\/Women-Dare-templates-events-2022-10-27T171155.010.png\",\"contentUrl\":\"https:\/\/empow-her.com\/wp-content\/uploads\/2022\/10\/Women-Dare-templates-events-2022-10-27T171155.010.png\",\"width\":1080,\"height\":1080},{\"@type\":\"BreadcrumbList\",\"@id\":\"https:\/\/empow-her.com\/produit\/le-cycle-de-co-dev-de-decembre\/#breadcrumb\",\"itemListElement\":[{\"@type\":\"ListItem\",\"position\":1,\"name\":\"Accueil\",\"item\":\"https:\/\/empow-her.com\/es\/inicio\/\"},{\"@type\":\"ListItem\",\"position\":2,\"name\":\"LA BOUTIQUE\",\"item\":\"https:\/\/empow-her.com\/boutique\/\"},{\"@type\":\"ListItem\",\"position\":3,\"name\":\"Le cycle de co-d\u00e9v de D\u00e9cembre !\"}]},{\"@type\":\"WebSite\",\"@id\":\"https:\/\/empow-her.com\/#website\",\"url\":\"https:\/\/empow-her.com\/\",\"name\":\"Empow&#039;Her\",\"description\":\"Women Development\",\"potentialAction\":[{\"@type\":\"SearchAction\",\"target\":{\"@type\":\"EntryPoint\",\"urlTemplate\":\"https:\/\/empow-her.com\/?s={search_term_string}\"},\"query-input\":{\"@type\":\"PropertyValueSpecification\",\"valueRequired\":true,\"valueName\":\"search_term_string\"}}],\"inLanguage\":\"es\"}]}<\/script>\n<!-- \/ Yoast SEO plugin. -->","yoast_head_json":{"title":"Le cycle de co-d\u00e9v de D\u00e9cembre ! - Empow&#039;Her","robots":{"index":"index","follow":"follow","max-snippet":"max-snippet:-1","max-image-preview":"max-image-preview:large","max-video-preview":"max-video-preview:-1"},"canonical":"https:\/\/empow-her.com\/produit\/le-cycle-de-co-dev-de-decembre\/","og_locale":"es_ES","og_type":"article","og_title":"Le cycle de co-d\u00e9v de D\u00e9cembre ! - Empow&#039;Her","og_description":"Quand on se lance, on a souvent mille challenges et d\u00e9fis \u00e0 r\u00e9soudre, et peu de temps pour trouver des solutions \u00e0 tout.   Alors pourquoi ne pas utiliser la force du collectif pour r\u00e9pondre \u00e0 ses\u00a0questions ? Avec Women Dare, vous pouvez participer \u00e0 un cycle de co-d\u00e9veloppement en formant un petit groupe de porteuses de projet, en vous rencontrant \u00e0 trois reprises et en vous entraidant. Envie de cr\u00e9er des liens et de partager des conseils ?\u00a0      Une m\u00e9thode d'intelligence collective pour r\u00e9soudre des probl\u00e9matiques et partager des bonnes pratiques !  Trois rendez-vous de 1h30 avec le m\u00eame groupe, pour cr\u00e9er du lien et ressortir boost\u00e9e avec plein d'id\u00e9es !  Un moment pour s'ouvrir aux autres projets, et d\u00e9couvrir d'autres fa\u00e7ons de faire !  &nbsp;   Un cycle, c'est trois rendez-vous\u00a0en ligne\u00a0avec un groupe de 6 entrepreneures. A noter que les dates et horaires de chaque rendez-vous peuvent \u00eatre modul\u00e9es en accord avec le groupe.  IMPORTANT : Pour participer au cycle, il est important d'\u00eatre pr\u00e9sente aux 2\u00a0sessions.   Intervenant.e.s : Fiore de Empow'Her  Dur\u00e9e : 1h30 par session de co-d\u00e9veloppement  Quand : Les mardis 13 et 20 d\u00e9cembre\u00a0  Lieu : En ligne sur Google Meet  &nbsp;  Attention !\u00a0 Veuillez vous pr\u00e9senter \u00e0 l\u2019heure pour que l\u2019activit\u00e9 puisse commencer \u00e0 temps. Si vous avez du retard veuillez pr\u00e9venir l\u2019intervenant.e. Si vous avez plus de 15 min de retard l\u2019intervenant.e se r\u00e9serve le droit de plus vous accepter pour le coaching ou l\u2019atelier.","og_url":"https:\/\/empow-her.com\/produit\/le-cycle-de-co-dev-de-decembre\/","og_site_name":"Empow&#039;Her","article_modified_time":"2022-10-27T15:13:27+00:00","og_image":[{"width":1080,"height":1080,"url":"https:\/\/empow-her.com\/wp-content\/uploads\/2022\/10\/Women-Dare-templates-events-2022-10-27T171155.010.png","type":"image\/png"}],"twitter_card":"summary_large_image","schema":{"@context":"https:\/\/schema.org","@graph":[{"@type":"WebPage","@id":"https:\/\/empow-her.com\/produit\/le-cycle-de-co-dev-de-decembre\/","url":"https:\/\/empow-her.com\/produit\/le-cycle-de-co-dev-de-decembre\/","name":"Le cycle de co-d\u00e9v de D\u00e9cembre ! - Empow&#039;Her","isPartOf":{"@id":"https:\/\/empow-her.com\/#website"},"primaryImageOfPage":{"@id":"https:\/\/empow-her.com\/produit\/le-cycle-de-co-dev-de-decembre\/#primaryimage"},"image":{"@id":"https:\/\/empow-her.com\/produit\/le-cycle-de-co-dev-de-decembre\/#primaryimage"},"thumbnailUrl":"https:\/\/empow-her.com\/wp-content\/uploads\/2022\/10\/Women-Dare-templates-events-2022-10-27T171155.010.png","datePublished":"2022-10-27T15:11:29+00:00","dateModified":"2022-10-27T15:13:27+00:00","breadcrumb":{"@id":"https:\/\/empow-her.com\/produit\/le-cycle-de-co-dev-de-decembre\/#breadcrumb"},"inLanguage":"es","potentialAction":[{"@type":"ReadAction","target":["https:\/\/empow-her.com\/produit\/le-cycle-de-co-dev-de-decembre\/"]}]},{"@type":"ImageObject","inLanguage":"es","@id":"https:\/\/empow-her.com\/produit\/le-cycle-de-co-dev-de-decembre\/#primaryimage","url":"https:\/\/empow-her.com\/wp-content\/uploads\/2022\/10\/Women-Dare-templates-events-2022-10-27T171155.010.png","contentUrl":"https:\/\/empow-her.com\/wp-content\/uploads\/2022\/10\/Women-Dare-templates-events-2022-10-27T171155.010.png","width":1080,"height":1080},{"@type":"BreadcrumbList","@id":"https:\/\/empow-her.com\/produit\/le-cycle-de-co-dev-de-decembre\/#breadcrumb","itemListElement":[{"@type":"ListItem","position":1,"name":"Accueil","item":"https:\/\/empow-her.com\/es\/inicio\/"},{"@type":"ListItem","position":2,"name":"LA BOUTIQUE","item":"https:\/\/empow-her.com\/boutique\/"},{"@type":"ListItem","position":3,"name":"Le cycle de co-d\u00e9v de D\u00e9cembre !"}]},{"@type":"WebSite","@id":"https:\/\/empow-her.com\/#website","url":"https:\/\/empow-her.com\/","name":"Empow&#039;Her","description":"Women Development","potentialAction":[{"@type":"SearchAction","target":{"@type":"EntryPoint","urlTemplate":"https:\/\/empow-her.com\/?s={search_term_string}"},"query-input":{"@type":"PropertyValueSpecification","valueRequired":true,"valueName":"search_term_string"}}],"inLanguage":"es"}]}},"_links":{"self":[{"href":"https:\/\/empow-her.com\/es\/wp-json\/wp\/v2\/product\/124551","targetHints":{"allow":["GET"]}}],"collection":[{"href":"https:\/\/empow-her.com\/es\/wp-json\/wp\/v2\/product"}],"about":[{"href":"https:\/\/empow-her.com\/es\/wp-json\/wp\/v2\/types\/product"}],"wp:featuredmedia":[{"embeddable":true,"href":"https:\/\/empow-her.com\/es\/wp-json\/wp\/v2\/media\/124552"}],"wp:attachment":[{"href":"https:\/\/empow-her.com\/es\/wp-json\/wp\/v2\/media?parent=124551"}],"wp:term":[{"taxonomy":"product_brand","embeddable":true,"href":"https:\/\/empow-her.com\/es\/wp-json\/wp\/v2\/product_brand?post=124551"},{"taxonomy":"product_cat","embeddable":true,"href":"https:\/\/empow-her.com\/es\/wp-json\/wp\/v2\/product_cat?post=124551"},{"taxonomy":"product_tag","embeddable":true,"href":"https:\/\/empow-her.com\/es\/wp-json\/wp\/v2\/product_tag?post=124551"},{"taxonomy":"lieu","embeddable":true,"href":"https:\/\/empow-her.com\/es\/wp-json\/wp\/v2\/lieu?post=124551"},{"taxonomy":"thematiques","embeddable":true,"href":"https:\/\/empow-her.com\/es\/wp-json\/wp\/v2\/thematiques?post=124551"}],"curies":[{"name":"wp","href":"https:\/\/api.w.org\/{rel}","templated":true}]}}