{"id":12433,"date":"2021-03-17T16:31:31","date_gmt":"2021-03-17T15:31:31","guid":{"rendered":"https:\/\/empow-her.com\/?post_type=product&#038;p=12433"},"modified":"2021-04-19T16:20:24","modified_gmt":"2021-04-19T14:20:24","slug":"atelier-identifier-le-bon-financement-en-fonction-de-ses-besoins","status":"publish","type":"product","link":"https:\/\/empow-her.com\/es\/produit\/atelier-identifier-le-bon-financement-en-fonction-de-ses-besoins\/","title":{"rendered":"Atelier &#8211; Identifier le bon financement en fonction de ses besoins"},"content":{"rendered":"","protected":false},"excerpt":{"rendered":"<div>\n<p>Vous souhaitez vous y retrouver parmi toutes les sources de financement possibles pour votre projet ? Crowdfunding, pr\u00eats d&#8217;honneur, pr\u00eats bancaires&#8230; Quelles alternatives sont les plus adapt\u00e9es pour les besoins de votre projet ?<\/p>\n<p>Face \u00e0 la diversit\u00e9 des solutions de financement existantes sur le march\u00e9, le choix optimal reste depuis toujours une des pr\u00e9occupations majeures des entrepreneurs qui souhaitent financer un projet. Lors de cet atelier, nos expertes de chez O2C et Bloomroad vous donneront toutes les cl\u00e9s pour identifier le financement le plus adapt\u00e9 selon votre projet en vous pr\u00e9sentant notamment les diff\u00e9rentes sources et aides possibles !<\/p>\n<\/div>\n<p>&nbsp;<\/p>\n<p><b>Par : O2C et Bloomroad<\/b><\/p>\n<p>&nbsp;<\/p>\n<p><span data-sheets-value=\"{&quot;1&quot;:2,&quot;2&quot;:&quot;Alexandre Sourzac-Lami est co-fondateur de Comit, une structure sp\u00e9cialis\u00e9e qui con\u00e7oit et adapte des outils et m\u00e9thodes pour donner aux entrepreneur.e.s la capacit\u00e9 de d\u00e9velopper des mod\u00e8les \u00e9conomiques p\u00e9rennes.&quot;}\" data-sheets-userformat=\"{&quot;2&quot;:1055743,&quot;3&quot;:{&quot;1&quot;:0},&quot;4&quot;:{&quot;1&quot;:2,&quot;2&quot;:16777215},&quot;5&quot;:{&quot;1&quot;:[{&quot;1&quot;:2,&quot;2&quot;:0,&quot;5&quot;:{&quot;1&quot;:2,&quot;2&quot;:0}},{&quot;1&quot;:0,&quot;2&quot;:0,&quot;3&quot;:3},{&quot;1&quot;:1,&quot;2&quot;:0,&quot;4&quot;:1}]},&quot;6&quot;:{&quot;1&quot;:[{&quot;1&quot;:2,&quot;2&quot;:0,&quot;5&quot;:{&quot;1&quot;:2,&quot;2&quot;:0}},{&quot;1&quot;:0,&quot;2&quot;:0,&quot;3&quot;:3},{&quot;1&quot;:1,&quot;2&quot;:0,&quot;4&quot;:1}]},&quot;7&quot;:{&quot;1&quot;:[{&quot;1&quot;:2,&quot;2&quot;:0,&quot;5&quot;:{&quot;1&quot;:2,&quot;2&quot;:0}},{&quot;1&quot;:0,&quot;2&quot;:0,&quot;3&quot;:3},{&quot;1&quot;:1,&quot;2&quot;:0,&quot;4&quot;:1}]},&quot;8&quot;:{&quot;1&quot;:[{&quot;1&quot;:2,&quot;2&quot;:0,&quot;5&quot;:{&quot;1&quot;:2,&quot;2&quot;:0}},{&quot;1&quot;:0,&quot;2&quot;:0,&quot;3&quot;:3},{&quot;1&quot;:1,&quot;2&quot;:0,&quot;4&quot;:1}]},&quot;9&quot;:0,&quot;10&quot;:1,&quot;11&quot;:4,&quot;12&quot;:0,&quot;14&quot;:{&quot;1&quot;:2,&quot;2&quot;:0},&quot;15&quot;:&quot;Calibri&quot;,&quot;23&quot;:1}\" data-sheets-textstyleruns=\"{&quot;1&quot;:0}\uee10{&quot;1&quot;:43,&quot;2&quot;:{&quot;2&quot;:{&quot;1&quot;:2,&quot;2&quot;:1136076},&quot;9&quot;:1}}\uee10{&quot;1&quot;:48}\" data-sheets-hyperlinkruns=\"{&quot;1&quot;:43,&quot;2&quot;:&quot;https:\/\/www.comit.berlin\/&quot;}\uee10{&quot;1&quot;:48}\"><strong>Intervenant.e.s :\u00a0<\/strong><\/span><span data-sheets-value=\"{&quot;1&quot;:2,&quot;2&quot;:&quot;Alexandre Sourzac-Lami est co-fondateur de Comit, une structure sp\u00e9cialis\u00e9e qui con\u00e7oit et adapte des outils et m\u00e9thodes pour donner aux entrepreneur.e.s la capacit\u00e9 de d\u00e9velopper des mod\u00e8les \u00e9conomiques p\u00e9rennes.&quot;}\" data-sheets-userformat=\"{&quot;2&quot;:1055743,&quot;3&quot;:{&quot;1&quot;:0},&quot;4&quot;:{&quot;1&quot;:2,&quot;2&quot;:16777215},&quot;5&quot;:{&quot;1&quot;:[{&quot;1&quot;:2,&quot;2&quot;:0,&quot;5&quot;:{&quot;1&quot;:2,&quot;2&quot;:0}},{&quot;1&quot;:0,&quot;2&quot;:0,&quot;3&quot;:3},{&quot;1&quot;:1,&quot;2&quot;:0,&quot;4&quot;:1}]},&quot;6&quot;:{&quot;1&quot;:[{&quot;1&quot;:2,&quot;2&quot;:0,&quot;5&quot;:{&quot;1&quot;:2,&quot;2&quot;:0}},{&quot;1&quot;:0,&quot;2&quot;:0,&quot;3&quot;:3},{&quot;1&quot;:1,&quot;2&quot;:0,&quot;4&quot;:1}]},&quot;7&quot;:{&quot;1&quot;:[{&quot;1&quot;:2,&quot;2&quot;:0,&quot;5&quot;:{&quot;1&quot;:2,&quot;2&quot;:0}},{&quot;1&quot;:0,&quot;2&quot;:0,&quot;3&quot;:3},{&quot;1&quot;:1,&quot;2&quot;:0,&quot;4&quot;:1}]},&quot;8&quot;:{&quot;1&quot;:[{&quot;1&quot;:2,&quot;2&quot;:0,&quot;5&quot;:{&quot;1&quot;:2,&quot;2&quot;:0}},{&quot;1&quot;:0,&quot;2&quot;:0,&quot;3&quot;:3},{&quot;1&quot;:1,&quot;2&quot;:0,&quot;4&quot;:1}]},&quot;9&quot;:0,&quot;10&quot;:1,&quot;11&quot;:4,&quot;12&quot;:0,&quot;14&quot;:{&quot;1&quot;:2,&quot;2&quot;:0},&quot;15&quot;:&quot;Calibri&quot;,&quot;23&quot;:1}\" data-sheets-textstyleruns=\"{&quot;1&quot;:0}\uee10{&quot;1&quot;:43,&quot;2&quot;:{&quot;2&quot;:{&quot;1&quot;:2,&quot;2&quot;:1136076},&quot;9&quot;:1}}\uee10{&quot;1&quot;:48}\" data-sheets-hyperlinkruns=\"{&quot;1&quot;:43,&quot;2&quot;:&quot;https:\/\/www.comit.berlin\/&quot;}\uee10{&quot;1&quot;:48}\">Orianne Champon &amp; Anne-Laure Julliot<\/span><\/p>\n<p><span data-sheets-value=\"{&quot;1&quot;:2,&quot;2&quot;:&quot;Alexandre Sourzac-Lami est co-fondateur de Comit, une structure sp\u00e9cialis\u00e9e qui con\u00e7oit et adapte des outils et m\u00e9thodes pour donner aux entrepreneur.e.s la capacit\u00e9 de d\u00e9velopper des mod\u00e8les \u00e9conomiques p\u00e9rennes.&quot;}\" data-sheets-userformat=\"{&quot;2&quot;:1055743,&quot;3&quot;:{&quot;1&quot;:0},&quot;4&quot;:{&quot;1&quot;:2,&quot;2&quot;:16777215},&quot;5&quot;:{&quot;1&quot;:[{&quot;1&quot;:2,&quot;2&quot;:0,&quot;5&quot;:{&quot;1&quot;:2,&quot;2&quot;:0}},{&quot;1&quot;:0,&quot;2&quot;:0,&quot;3&quot;:3},{&quot;1&quot;:1,&quot;2&quot;:0,&quot;4&quot;:1}]},&quot;6&quot;:{&quot;1&quot;:[{&quot;1&quot;:2,&quot;2&quot;:0,&quot;5&quot;:{&quot;1&quot;:2,&quot;2&quot;:0}},{&quot;1&quot;:0,&quot;2&quot;:0,&quot;3&quot;:3},{&quot;1&quot;:1,&quot;2&quot;:0,&quot;4&quot;:1}]},&quot;7&quot;:{&quot;1&quot;:[{&quot;1&quot;:2,&quot;2&quot;:0,&quot;5&quot;:{&quot;1&quot;:2,&quot;2&quot;:0}},{&quot;1&quot;:0,&quot;2&quot;:0,&quot;3&quot;:3},{&quot;1&quot;:1,&quot;2&quot;:0,&quot;4&quot;:1}]},&quot;8&quot;:{&quot;1&quot;:[{&quot;1&quot;:2,&quot;2&quot;:0,&quot;5&quot;:{&quot;1&quot;:2,&quot;2&quot;:0}},{&quot;1&quot;:0,&quot;2&quot;:0,&quot;3&quot;:3},{&quot;1&quot;:1,&quot;2&quot;:0,&quot;4&quot;:1}]},&quot;9&quot;:0,&quot;10&quot;:1,&quot;11&quot;:4,&quot;12&quot;:0,&quot;14&quot;:{&quot;1&quot;:2,&quot;2&quot;:0},&quot;15&quot;:&quot;Calibri&quot;,&quot;23&quot;:1}\" data-sheets-textstyleruns=\"{&quot;1&quot;:0}\uee10{&quot;1&quot;:43,&quot;2&quot;:{&quot;2&quot;:{&quot;1&quot;:2,&quot;2&quot;:1136076},&quot;9&quot;:1}}\uee10{&quot;1&quot;:48}\" data-sheets-hyperlinkruns=\"{&quot;1&quot;:43,&quot;2&quot;:&quot;https:\/\/www.comit.berlin\/&quot;}\uee10{&quot;1&quot;:48}\">Apr\u00e8s 15 ans d\u2019exp\u00e9rience professionnelle dans diff\u00e9rents secteurs d\u2019activit\u00e9s et diff\u00e9rents m\u00e9tiers du Chiffre et du Conseil, elle fonde <a href=\"https:\/\/www.o2c-conseil.fr\/\">O2C Expertise &amp; Conseil<\/a>,<\/span>\u00a0cabinet d\u2019expertise comptable sp\u00e9cialis\u00e9 dans la RSE et la performance durable de l\u2019entreprise.<\/p>\n<p><span data-sheets-value=\"{&quot;1&quot;:2,&quot;2&quot;:&quot;Alexandre Sourzac-Lami est co-fondateur de Comit, une structure sp\u00e9cialis\u00e9e qui con\u00e7oit et adapte des outils et m\u00e9thodes pour donner aux entrepreneur.e.s la capacit\u00e9 de d\u00e9velopper des mod\u00e8les \u00e9conomiques p\u00e9rennes.&quot;}\" data-sheets-userformat=\"{&quot;2&quot;:1055743,&quot;3&quot;:{&quot;1&quot;:0},&quot;4&quot;:{&quot;1&quot;:2,&quot;2&quot;:16777215},&quot;5&quot;:{&quot;1&quot;:[{&quot;1&quot;:2,&quot;2&quot;:0,&quot;5&quot;:{&quot;1&quot;:2,&quot;2&quot;:0}},{&quot;1&quot;:0,&quot;2&quot;:0,&quot;3&quot;:3},{&quot;1&quot;:1,&quot;2&quot;:0,&quot;4&quot;:1}]},&quot;6&quot;:{&quot;1&quot;:[{&quot;1&quot;:2,&quot;2&quot;:0,&quot;5&quot;:{&quot;1&quot;:2,&quot;2&quot;:0}},{&quot;1&quot;:0,&quot;2&quot;:0,&quot;3&quot;:3},{&quot;1&quot;:1,&quot;2&quot;:0,&quot;4&quot;:1}]},&quot;7&quot;:{&quot;1&quot;:[{&quot;1&quot;:2,&quot;2&quot;:0,&quot;5&quot;:{&quot;1&quot;:2,&quot;2&quot;:0}},{&quot;1&quot;:0,&quot;2&quot;:0,&quot;3&quot;:3},{&quot;1&quot;:1,&quot;2&quot;:0,&quot;4&quot;:1}]},&quot;8&quot;:{&quot;1&quot;:[{&quot;1&quot;:2,&quot;2&quot;:0,&quot;5&quot;:{&quot;1&quot;:2,&quot;2&quot;:0}},{&quot;1&quot;:0,&quot;2&quot;:0,&quot;3&quot;:3},{&quot;1&quot;:1,&quot;2&quot;:0,&quot;4&quot;:1}]},&quot;9&quot;:0,&quot;10&quot;:1,&quot;11&quot;:4,&quot;12&quot;:0,&quot;14&quot;:{&quot;1&quot;:2,&quot;2&quot;:0},&quot;15&quot;:&quot;Calibri&quot;,&quot;23&quot;:1}\" data-sheets-textstyleruns=\"{&quot;1&quot;:0}\uee10{&quot;1&quot;:43,&quot;2&quot;:{&quot;2&quot;:{&quot;1&quot;:2,&quot;2&quot;:1136076},&quot;9&quot;:1}}\uee10{&quot;1&quot;:48}\" data-sheets-hyperlinkruns=\"{&quot;1&quot;:43,&quot;2&quot;:&quot;https:\/\/www.comit.berlin\/&quot;}\uee10{&quot;1&quot;:48}\">Anne-Laure quant \u00e0 elle a co-fond\u00e9 <a class=\"in-cell-link\" href=\"https:\/\/www.bloomroad.fr\/\" target=\"_blank\" rel=\"noopener noreferrer\">Bloomroad<\/a>, une structure d\u00e9di\u00e9e \u00e0 l\u2019accompagnement financier des petites et moyennes entreprises.\u00a0<\/span>Son objectif ? Vous aider \u00e0 trouver les leviers et les m\u00e9thodes qui vous permettront de cr\u00e9er une entreprise p\u00e9renne et rentable.<\/p>\n<p style=\"text-align: left;\">\n","protected":false},"featured_media":0,"template":"","format":"standard","meta":{"_acf_changed":false,"om_disable_all_campaigns":false,"_uf_show_specific_survey":0,"_uf_disable_surveys":false},"product_brand":[],"product_cat":[118],"product_tag":[],"lieu":[125],"thematiques":[],"class_list":{"0":"post-12433","1":"product","2":"type-product","3":"status-publish","4":"format-standard","6":"product_cat-atelier-collectif","7":"lieu-en-ligne","9":"first","10":"instock","11":"virtual","12":"purchasable","13":"product-type-appointment"},"exclude_global_add_ons":[],"addons":[],"acf":[],"yoast_head":"<!-- This site is optimized with the Yoast SEO plugin v24.8 - https:\/\/yoast.com\/wordpress\/plugins\/seo\/ -->\n<title>Atelier - Identifier le bon financement en fonction de ses besoins - Empow&#039;Her<\/title>\n<meta name=\"robots\" content=\"index, follow, max-snippet:-1, max-image-preview:large, max-video-preview:-1\" \/>\n<link rel=\"canonical\" href=\"https:\/\/empow-her.com\/produit\/atelier-identifier-le-bon-financement-en-fonction-de-ses-besoins\/\" \/>\n<meta property=\"og:locale\" content=\"es_ES\" \/>\n<meta property=\"og:type\" content=\"article\" \/>\n<meta property=\"og:title\" content=\"Atelier - Identifier le bon financement en fonction de ses besoins - Empow&#039;Her\" \/>\n<meta property=\"og:description\" content=\"Vous souhaitez vous y retrouver parmi toutes les sources de financement possibles pour votre projet ? Crowdfunding, pr\u00eats d&#039;honneur, pr\u00eats bancaires... Quelles alternatives sont les plus adapt\u00e9es pour les besoins de votre projet ?  Face \u00e0 la diversit\u00e9 des solutions de financement existantes sur le march\u00e9, le choix optimal reste depuis toujours une des pr\u00e9occupations majeures des entrepreneurs qui souhaitent financer un projet. Lors de cet atelier, nos expertes de chez O2C et Bloomroad vous donneront toutes les cl\u00e9s pour identifier le financement le plus adapt\u00e9 selon votre projet en vous pr\u00e9sentant notamment les diff\u00e9rentes sources et aides possibles !   &nbsp;  Par : O2C et Bloomroad  &nbsp;  Intervenant.e.s :\u00a0Orianne Champon &amp; Anne-Laure Julliot  Apr\u00e8s 15 ans d\u2019exp\u00e9rience professionnelle dans diff\u00e9rents secteurs d\u2019activit\u00e9s et diff\u00e9rents m\u00e9tiers du Chiffre et du Conseil, elle fonde O2C Expertise &amp; Conseil,\u00a0cabinet d\u2019expertise comptable sp\u00e9cialis\u00e9 dans la RSE et la performance durable de l\u2019entreprise.  Anne-Laure quant \u00e0 elle a co-fond\u00e9 Bloomroad, une structure d\u00e9di\u00e9e \u00e0 l\u2019accompagnement financier des petites et moyennes entreprises.\u00a0Son objectif ? Vous aider \u00e0 trouver les leviers et les m\u00e9thodes qui vous permettront de cr\u00e9er une entreprise p\u00e9renne et rentable.\" \/>\n<meta property=\"og:url\" content=\"https:\/\/empow-her.com\/produit\/atelier-identifier-le-bon-financement-en-fonction-de-ses-besoins\/\" \/>\n<meta property=\"og:site_name\" content=\"Empow&#039;Her\" \/>\n<meta property=\"article:modified_time\" content=\"2021-04-19T14:20:24+00:00\" \/>\n<meta name=\"twitter:card\" content=\"summary_large_image\" \/>\n<script type=\"application\/ld+json\" class=\"yoast-schema-graph\">{\"@context\":\"https:\/\/schema.org\",\"@graph\":[{\"@type\":\"WebPage\",\"@id\":\"https:\/\/empow-her.com\/produit\/atelier-identifier-le-bon-financement-en-fonction-de-ses-besoins\/\",\"url\":\"https:\/\/empow-her.com\/produit\/atelier-identifier-le-bon-financement-en-fonction-de-ses-besoins\/\",\"name\":\"Atelier - Identifier le bon financement en fonction de ses besoins - Empow&#039;Her\",\"isPartOf\":{\"@id\":\"https:\/\/empow-her.com\/#website\"},\"datePublished\":\"2021-03-17T15:31:31+00:00\",\"dateModified\":\"2021-04-19T14:20:24+00:00\",\"breadcrumb\":{\"@id\":\"https:\/\/empow-her.com\/produit\/atelier-identifier-le-bon-financement-en-fonction-de-ses-besoins\/#breadcrumb\"},\"inLanguage\":\"es\",\"potentialAction\":[{\"@type\":\"ReadAction\",\"target\":[\"https:\/\/empow-her.com\/produit\/atelier-identifier-le-bon-financement-en-fonction-de-ses-besoins\/\"]}]},{\"@type\":\"BreadcrumbList\",\"@id\":\"https:\/\/empow-her.com\/produit\/atelier-identifier-le-bon-financement-en-fonction-de-ses-besoins\/#breadcrumb\",\"itemListElement\":[{\"@type\":\"ListItem\",\"position\":1,\"name\":\"Accueil\",\"item\":\"https:\/\/empow-her.com\/es\/inicio\/\"},{\"@type\":\"ListItem\",\"position\":2,\"name\":\"LA BOUTIQUE\",\"item\":\"https:\/\/empow-her.com\/boutique\/\"},{\"@type\":\"ListItem\",\"position\":3,\"name\":\"Atelier &#8211; Identifier le bon financement en fonction de ses besoins\"}]},{\"@type\":\"WebSite\",\"@id\":\"https:\/\/empow-her.com\/#website\",\"url\":\"https:\/\/empow-her.com\/\",\"name\":\"Empow&#039;Her\",\"description\":\"Women Development\",\"potentialAction\":[{\"@type\":\"SearchAction\",\"target\":{\"@type\":\"EntryPoint\",\"urlTemplate\":\"https:\/\/empow-her.com\/?s={search_term_string}\"},\"query-input\":{\"@type\":\"PropertyValueSpecification\",\"valueRequired\":true,\"valueName\":\"search_term_string\"}}],\"inLanguage\":\"es\"}]}<\/script>\n<!-- \/ Yoast SEO plugin. -->","yoast_head_json":{"title":"Atelier - Identifier le bon financement en fonction de ses besoins - Empow&#039;Her","robots":{"index":"index","follow":"follow","max-snippet":"max-snippet:-1","max-image-preview":"max-image-preview:large","max-video-preview":"max-video-preview:-1"},"canonical":"https:\/\/empow-her.com\/produit\/atelier-identifier-le-bon-financement-en-fonction-de-ses-besoins\/","og_locale":"es_ES","og_type":"article","og_title":"Atelier - Identifier le bon financement en fonction de ses besoins - Empow&#039;Her","og_description":"Vous souhaitez vous y retrouver parmi toutes les sources de financement possibles pour votre projet ? Crowdfunding, pr\u00eats d'honneur, pr\u00eats bancaires... Quelles alternatives sont les plus adapt\u00e9es pour les besoins de votre projet ?  Face \u00e0 la diversit\u00e9 des solutions de financement existantes sur le march\u00e9, le choix optimal reste depuis toujours une des pr\u00e9occupations majeures des entrepreneurs qui souhaitent financer un projet. Lors de cet atelier, nos expertes de chez O2C et Bloomroad vous donneront toutes les cl\u00e9s pour identifier le financement le plus adapt\u00e9 selon votre projet en vous pr\u00e9sentant notamment les diff\u00e9rentes sources et aides possibles !   &nbsp;  Par : O2C et Bloomroad  &nbsp;  Intervenant.e.s :\u00a0Orianne Champon &amp; Anne-Laure Julliot  Apr\u00e8s 15 ans d\u2019exp\u00e9rience professionnelle dans diff\u00e9rents secteurs d\u2019activit\u00e9s et diff\u00e9rents m\u00e9tiers du Chiffre et du Conseil, elle fonde O2C Expertise &amp; Conseil,\u00a0cabinet d\u2019expertise comptable sp\u00e9cialis\u00e9 dans la RSE et la performance durable de l\u2019entreprise.  Anne-Laure quant \u00e0 elle a co-fond\u00e9 Bloomroad, une structure d\u00e9di\u00e9e \u00e0 l\u2019accompagnement financier des petites et moyennes entreprises.\u00a0Son objectif ? Vous aider \u00e0 trouver les leviers et les m\u00e9thodes qui vous permettront de cr\u00e9er une entreprise p\u00e9renne et rentable.","og_url":"https:\/\/empow-her.com\/produit\/atelier-identifier-le-bon-financement-en-fonction-de-ses-besoins\/","og_site_name":"Empow&#039;Her","article_modified_time":"2021-04-19T14:20:24+00:00","twitter_card":"summary_large_image","schema":{"@context":"https:\/\/schema.org","@graph":[{"@type":"WebPage","@id":"https:\/\/empow-her.com\/produit\/atelier-identifier-le-bon-financement-en-fonction-de-ses-besoins\/","url":"https:\/\/empow-her.com\/produit\/atelier-identifier-le-bon-financement-en-fonction-de-ses-besoins\/","name":"Atelier - Identifier le bon financement en fonction de ses besoins - Empow&#039;Her","isPartOf":{"@id":"https:\/\/empow-her.com\/#website"},"datePublished":"2021-03-17T15:31:31+00:00","dateModified":"2021-04-19T14:20:24+00:00","breadcrumb":{"@id":"https:\/\/empow-her.com\/produit\/atelier-identifier-le-bon-financement-en-fonction-de-ses-besoins\/#breadcrumb"},"inLanguage":"es","potentialAction":[{"@type":"ReadAction","target":["https:\/\/empow-her.com\/produit\/atelier-identifier-le-bon-financement-en-fonction-de-ses-besoins\/"]}]},{"@type":"BreadcrumbList","@id":"https:\/\/empow-her.com\/produit\/atelier-identifier-le-bon-financement-en-fonction-de-ses-besoins\/#breadcrumb","itemListElement":[{"@type":"ListItem","position":1,"name":"Accueil","item":"https:\/\/empow-her.com\/es\/inicio\/"},{"@type":"ListItem","position":2,"name":"LA BOUTIQUE","item":"https:\/\/empow-her.com\/boutique\/"},{"@type":"ListItem","position":3,"name":"Atelier &#8211; Identifier le bon financement en fonction de ses besoins"}]},{"@type":"WebSite","@id":"https:\/\/empow-her.com\/#website","url":"https:\/\/empow-her.com\/","name":"Empow&#039;Her","description":"Women Development","potentialAction":[{"@type":"SearchAction","target":{"@type":"EntryPoint","urlTemplate":"https:\/\/empow-her.com\/?s={search_term_string}"},"query-input":{"@type":"PropertyValueSpecification","valueRequired":true,"valueName":"search_term_string"}}],"inLanguage":"es"}]}},"_links":{"self":[{"href":"https:\/\/empow-her.com\/es\/wp-json\/wp\/v2\/product\/12433","targetHints":{"allow":["GET"]}}],"collection":[{"href":"https:\/\/empow-her.com\/es\/wp-json\/wp\/v2\/product"}],"about":[{"href":"https:\/\/empow-her.com\/es\/wp-json\/wp\/v2\/types\/product"}],"wp:attachment":[{"href":"https:\/\/empow-her.com\/es\/wp-json\/wp\/v2\/media?parent=12433"}],"wp:term":[{"taxonomy":"product_brand","embeddable":true,"href":"https:\/\/empow-her.com\/es\/wp-json\/wp\/v2\/product_brand?post=12433"},{"taxonomy":"product_cat","embeddable":true,"href":"https:\/\/empow-her.com\/es\/wp-json\/wp\/v2\/product_cat?post=12433"},{"taxonomy":"product_tag","embeddable":true,"href":"https:\/\/empow-her.com\/es\/wp-json\/wp\/v2\/product_tag?post=12433"},{"taxonomy":"lieu","embeddable":true,"href":"https:\/\/empow-her.com\/es\/wp-json\/wp\/v2\/lieu?post=12433"},{"taxonomy":"thematiques","embeddable":true,"href":"https:\/\/empow-her.com\/es\/wp-json\/wp\/v2\/thematiques?post=12433"}],"curies":[{"name":"wp","href":"https:\/\/api.w.org\/{rel}","templated":true}]}}