{"id":123729,"date":"2022-10-17T18:21:54","date_gmt":"2022-10-17T16:21:54","guid":{"rendered":"https:\/\/empow-her.com\/?post_type=product&#038;p=123729"},"modified":"2022-10-17T18:26:10","modified_gmt":"2022-10-17T16:26:10","slug":"coaching-structurer-son-projet-creer-son-plan-daction-5","status":"publish","type":"product","link":"https:\/\/empow-her.com\/es\/produit\/coaching-structurer-son-projet-creer-son-plan-daction-5\/","title":{"rendered":"Coaching &#8211; Structurer son projet : cr\u00e9er son plan d&#8217;action"},"content":{"rendered":"","protected":false},"excerpt":{"rendered":"<p><span data-sheets-value=\"{&quot;1&quot;:2,&quot;2&quot;:&quot;Description : nnPr\u00e9-requis : nnIntervenant.e : nnSon super pouvoir : nnSon petit mot : &quot;}\" data-sheets-userformat=\"{&quot;2&quot;:641,&quot;3&quot;:{&quot;1&quot;:0},&quot;10&quot;:1,&quot;12&quot;:0}\"><strong>Pr\u00e9-requis<\/strong>\u00a0: Aucun<\/span><\/p>\n<p><strong>Intervenant.e<\/strong>\u00a0<strong>: Constance Barde de\u00a0<\/strong><strong>BrandShaper<\/strong><\/p>\n<p>Je suis une experte en communication engag\u00e9e.<br \/>\nPendant 20 ans, j&#8217;ai accompagn\u00e9 de grandes marques (Evian, Orange, BNP Paribas, Lu, FDJ&#8230;) au sein de l&#8217;agence de publicit\u00e9 BETC.<br \/>\nDepuis 5 ans, comme consultante ind\u00e9pendante et coach, je suis aux c\u00f4t\u00e9s des startups et des femmes entrepreneures pour les aider \u00e0 exister aux yeux du monde, en se donnant notamment une utilit\u00e9 sociale.<br \/>\nEt depuis peu, je me lance en parall\u00e8le dans l&#8217;entreprenariat en cr\u00e9ant &#8220;&#8221;nouvel air&#8221;&#8221;, un studio de communication d\u00e9di\u00e9 \u00e0 l&#8217;engagement soci\u00e9tal et environnemental.<br \/>\nMes domaines d&#8217;expertise : identification de la mission, formulation des messages clefs, recherche de codes de communication, recherche de produits et services, activation des leviers on et off line (digital, media&#8230;).<\/p>\n<p><span data-sheets-value=\"{&quot;1&quot;:2,&quot;2&quot;:&quot;Description : nnPr\u00e9-requis : nnIntervenant.e : nnSon super pouvoir : nnSon petit mot : &quot;}\" data-sheets-userformat=\"{&quot;2&quot;:641,&quot;3&quot;:{&quot;1&quot;:0},&quot;10&quot;:1,&quot;12&quot;:0}\"><strong>Son super pouvoir :<\/strong> Donner des racines et des ailes !<\/span><\/p>\n<p><strong>Son petit mot :<\/strong> L&#8217;audace paye toujours !<\/p>\n<p><strong>Dur\u00e9e<\/strong>\u00a0: U<span data-sheets-value=\"{&quot;1&quot;:2,&quot;2&quot;:&quot;Permanence de 4h avec un cr\u00e9neau de 1h par participante (+ 15 minutes entre chaque)&quot;}\" data-sheets-userformat=\"{&quot;2&quot;:7167,&quot;3&quot;:{&quot;1&quot;:0},&quot;4&quot;:{&quot;1&quot;:2,&quot;2&quot;:16777215},&quot;5&quot;:{&quot;1&quot;:[{&quot;1&quot;:2,&quot;2&quot;:0,&quot;5&quot;:{&quot;1&quot;:2,&quot;2&quot;:0}},{&quot;1&quot;:0,&quot;2&quot;:0,&quot;3&quot;:3},{&quot;1&quot;:1,&quot;2&quot;:0,&quot;4&quot;:1}]},&quot;6&quot;:{&quot;1&quot;:[{&quot;1&quot;:2,&quot;2&quot;:0,&quot;5&quot;:{&quot;1&quot;:2,&quot;2&quot;:0}},{&quot;1&quot;:0,&quot;2&quot;:0,&quot;3&quot;:3},{&quot;1&quot;:1,&quot;2&quot;:0,&quot;4&quot;:1}]},&quot;7&quot;:{&quot;1&quot;:[{&quot;1&quot;:2,&quot;2&quot;:0,&quot;5&quot;:{&quot;1&quot;:2,&quot;2&quot;:0}},{&quot;1&quot;:0,&quot;2&quot;:0,&quot;3&quot;:3},{&quot;1&quot;:1,&quot;2&quot;:0,&quot;4&quot;:1}]},&quot;8&quot;:{&quot;1&quot;:[{&quot;1&quot;:2,&quot;2&quot;:0,&quot;5&quot;:{&quot;1&quot;:2,&quot;2&quot;:0}},{&quot;1&quot;:0,&quot;2&quot;:0,&quot;3&quot;:3},{&quot;1&quot;:1,&quot;2&quot;:0,&quot;4&quot;:1}]},&quot;9&quot;:0,&quot;10&quot;:1,&quot;11&quot;:4,&quot;12&quot;:0,&quot;14&quot;:{&quot;1&quot;:2,&quot;2&quot;:0},&quot;15&quot;:&quot;Calibri&quot;}\">n cr\u00e9neau de 1h en individuel en ligne<\/span><\/p>\n<p>&nbsp;<\/p>\n<p><span data-sheets-value=\"{&quot;1&quot;:2,&quot;2&quot;:&quot;Attention ! \u00a0Veuillez vous pr\u00e9sentez \u00e0 l'heure pour que l'activit\u00e9 puisse commencer \u00e0 temps. Si vous avez du retard veuillez pr\u00e9venir l'intervenant.e. Si vous avez plus de 15 min de retard l'intervenant.e se r\u00e9serve le droit de plus vous accepter pour le coaching ou l'atelier.\u00a0&quot;}\" data-sheets-userformat=\"{&quot;2&quot;:641,&quot;3&quot;:{&quot;1&quot;:0},&quot;10&quot;:1,&quot;12&quot;:0}\"><strong>Attention !<\/strong> \u00a0Veuillez vous pr\u00e9senter \u00e0 l\u2019heure pour que l\u2019activit\u00e9 puisse commencer \u00e0 temps. Si vous avez du retard veuillez pr\u00e9venir l\u2019intervenant.e. Si vous avez plus de 15 min de retard l\u2019intervenant.e se r\u00e9serve le droit de ne plus vous accepter pour le coaching ou l\u2019atelier.\u00a0<\/span><\/p>\n","protected":false},"featured_media":123730,"template":"","format":"standard","meta":{"_acf_changed":false,"om_disable_all_campaigns":false,"_uf_show_specific_survey":0,"_uf_disable_surveys":false},"product_brand":[],"product_cat":[121],"product_tag":[],"lieu":[125],"thematiques":[],"class_list":{"0":"post-123729","1":"product","2":"type-product","3":"status-publish","4":"format-standard","5":"has-post-thumbnail","7":"product_cat-coaching","8":"lieu-en-ligne","10":"first","11":"instock","12":"virtual","13":"purchasable","14":"product-type-appointment"},"exclude_global_add_ons":[],"addons":[],"acf":[],"yoast_head":"<!-- This site is optimized with the Yoast SEO plugin v24.8 - https:\/\/yoast.com\/wordpress\/plugins\/seo\/ -->\n<title>Coaching - Structurer son projet : cr\u00e9er son plan d&#039;action - Empow&#039;Her<\/title>\n<meta name=\"robots\" content=\"index, follow, max-snippet:-1, max-image-preview:large, max-video-preview:-1\" \/>\n<link rel=\"canonical\" href=\"https:\/\/empow-her.com\/produit\/coaching-structurer-son-projet-creer-son-plan-daction-5\/\" \/>\n<meta property=\"og:locale\" content=\"es_ES\" \/>\n<meta property=\"og:type\" content=\"article\" \/>\n<meta property=\"og:title\" content=\"Coaching - Structurer son projet : cr\u00e9er son plan d&#039;action - Empow&#039;Her\" \/>\n<meta property=\"og:description\" content=\"Pr\u00e9-requis\u00a0: Aucun  Intervenant.e\u00a0: Constance Barde de\u00a0BrandShaper  Je suis une experte en communication engag\u00e9e. Pendant 20 ans, j&#039;ai accompagn\u00e9 de grandes marques (Evian, Orange, BNP Paribas, Lu, FDJ...) au sein de l&#039;agence de publicit\u00e9 BETC. Depuis 5 ans, comme consultante ind\u00e9pendante et coach, je suis aux c\u00f4t\u00e9s des startups et des femmes entrepreneures pour les aider \u00e0 exister aux yeux du monde, en se donnant notamment une utilit\u00e9 sociale. Et depuis peu, je me lance en parall\u00e8le dans l&#039;entreprenariat en cr\u00e9ant &quot;&quot;nouvel air&quot;&quot;, un studio de communication d\u00e9di\u00e9 \u00e0 l&#039;engagement soci\u00e9tal et environnemental. Mes domaines d&#039;expertise : identification de la mission, formulation des messages clefs, recherche de codes de communication, recherche de produits et services, activation des leviers on et off line (digital, media...).  Son super pouvoir : Donner des racines et des ailes !  Son petit mot : L&#039;audace paye toujours !  Dur\u00e9e\u00a0: Un cr\u00e9neau de 1h en individuel en ligne  &nbsp;  Attention ! \u00a0Veuillez vous pr\u00e9senter \u00e0 l\u2019heure pour que l\u2019activit\u00e9 puisse commencer \u00e0 temps. Si vous avez du retard veuillez pr\u00e9venir l\u2019intervenant.e. Si vous avez plus de 15 min de retard l\u2019intervenant.e se r\u00e9serve le droit de ne plus vous accepter pour le coaching ou l\u2019atelier.\u00a0\" \/>\n<meta property=\"og:url\" content=\"https:\/\/empow-her.com\/produit\/coaching-structurer-son-projet-creer-son-plan-daction-5\/\" \/>\n<meta property=\"og:site_name\" content=\"Empow&#039;Her\" \/>\n<meta property=\"article:modified_time\" content=\"2022-10-17T16:26:10+00:00\" \/>\n<meta property=\"og:image\" content=\"https:\/\/empow-her.com\/wp-content\/uploads\/2022\/10\/Women-Dare-templates-events-2022-10-17T182556.577.png\" \/>\n\t<meta property=\"og:image:width\" content=\"1080\" \/>\n\t<meta property=\"og:image:height\" content=\"1080\" \/>\n\t<meta property=\"og:image:type\" content=\"image\/png\" \/>\n<meta name=\"twitter:card\" content=\"summary_large_image\" \/>\n<script type=\"application\/ld+json\" class=\"yoast-schema-graph\">{\"@context\":\"https:\/\/schema.org\",\"@graph\":[{\"@type\":\"WebPage\",\"@id\":\"https:\/\/empow-her.com\/produit\/coaching-structurer-son-projet-creer-son-plan-daction-5\/\",\"url\":\"https:\/\/empow-her.com\/produit\/coaching-structurer-son-projet-creer-son-plan-daction-5\/\",\"name\":\"Coaching - Structurer son projet : cr\u00e9er son plan d'action - Empow&#039;Her\",\"isPartOf\":{\"@id\":\"https:\/\/empow-her.com\/#website\"},\"primaryImageOfPage\":{\"@id\":\"https:\/\/empow-her.com\/produit\/coaching-structurer-son-projet-creer-son-plan-daction-5\/#primaryimage\"},\"image\":{\"@id\":\"https:\/\/empow-her.com\/produit\/coaching-structurer-son-projet-creer-son-plan-daction-5\/#primaryimage\"},\"thumbnailUrl\":\"https:\/\/empow-her.com\/wp-content\/uploads\/2022\/10\/Women-Dare-templates-events-2022-10-17T182556.577.png\",\"datePublished\":\"2022-10-17T16:21:54+00:00\",\"dateModified\":\"2022-10-17T16:26:10+00:00\",\"breadcrumb\":{\"@id\":\"https:\/\/empow-her.com\/produit\/coaching-structurer-son-projet-creer-son-plan-daction-5\/#breadcrumb\"},\"inLanguage\":\"es\",\"potentialAction\":[{\"@type\":\"ReadAction\",\"target\":[\"https:\/\/empow-her.com\/produit\/coaching-structurer-son-projet-creer-son-plan-daction-5\/\"]}]},{\"@type\":\"ImageObject\",\"inLanguage\":\"es\",\"@id\":\"https:\/\/empow-her.com\/produit\/coaching-structurer-son-projet-creer-son-plan-daction-5\/#primaryimage\",\"url\":\"https:\/\/empow-her.com\/wp-content\/uploads\/2022\/10\/Women-Dare-templates-events-2022-10-17T182556.577.png\",\"contentUrl\":\"https:\/\/empow-her.com\/wp-content\/uploads\/2022\/10\/Women-Dare-templates-events-2022-10-17T182556.577.png\",\"width\":1080,\"height\":1080},{\"@type\":\"BreadcrumbList\",\"@id\":\"https:\/\/empow-her.com\/produit\/coaching-structurer-son-projet-creer-son-plan-daction-5\/#breadcrumb\",\"itemListElement\":[{\"@type\":\"ListItem\",\"position\":1,\"name\":\"Accueil\",\"item\":\"https:\/\/empow-her.com\/es\/inicio\/\"},{\"@type\":\"ListItem\",\"position\":2,\"name\":\"LA BOUTIQUE\",\"item\":\"https:\/\/empow-her.com\/boutique\/\"},{\"@type\":\"ListItem\",\"position\":3,\"name\":\"Coaching &#8211; Structurer son projet : cr\u00e9er son plan d&#8217;action\"}]},{\"@type\":\"WebSite\",\"@id\":\"https:\/\/empow-her.com\/#website\",\"url\":\"https:\/\/empow-her.com\/\",\"name\":\"Empow&#039;Her\",\"description\":\"Women Development\",\"potentialAction\":[{\"@type\":\"SearchAction\",\"target\":{\"@type\":\"EntryPoint\",\"urlTemplate\":\"https:\/\/empow-her.com\/?s={search_term_string}\"},\"query-input\":{\"@type\":\"PropertyValueSpecification\",\"valueRequired\":true,\"valueName\":\"search_term_string\"}}],\"inLanguage\":\"es\"}]}<\/script>\n<!-- \/ Yoast SEO plugin. -->","yoast_head_json":{"title":"Coaching - Structurer son projet : cr\u00e9er son plan d'action - Empow&#039;Her","robots":{"index":"index","follow":"follow","max-snippet":"max-snippet:-1","max-image-preview":"max-image-preview:large","max-video-preview":"max-video-preview:-1"},"canonical":"https:\/\/empow-her.com\/produit\/coaching-structurer-son-projet-creer-son-plan-daction-5\/","og_locale":"es_ES","og_type":"article","og_title":"Coaching - Structurer son projet : cr\u00e9er son plan d'action - Empow&#039;Her","og_description":"Pr\u00e9-requis\u00a0: Aucun  Intervenant.e\u00a0: Constance Barde de\u00a0BrandShaper  Je suis une experte en communication engag\u00e9e. Pendant 20 ans, j'ai accompagn\u00e9 de grandes marques (Evian, Orange, BNP Paribas, Lu, FDJ...) au sein de l'agence de publicit\u00e9 BETC. Depuis 5 ans, comme consultante ind\u00e9pendante et coach, je suis aux c\u00f4t\u00e9s des startups et des femmes entrepreneures pour les aider \u00e0 exister aux yeux du monde, en se donnant notamment une utilit\u00e9 sociale. Et depuis peu, je me lance en parall\u00e8le dans l'entreprenariat en cr\u00e9ant \"\"nouvel air\"\", un studio de communication d\u00e9di\u00e9 \u00e0 l'engagement soci\u00e9tal et environnemental. Mes domaines d'expertise : identification de la mission, formulation des messages clefs, recherche de codes de communication, recherche de produits et services, activation des leviers on et off line (digital, media...).  Son super pouvoir : Donner des racines et des ailes !  Son petit mot : L'audace paye toujours !  Dur\u00e9e\u00a0: Un cr\u00e9neau de 1h en individuel en ligne  &nbsp;  Attention ! \u00a0Veuillez vous pr\u00e9senter \u00e0 l\u2019heure pour que l\u2019activit\u00e9 puisse commencer \u00e0 temps. Si vous avez du retard veuillez pr\u00e9venir l\u2019intervenant.e. Si vous avez plus de 15 min de retard l\u2019intervenant.e se r\u00e9serve le droit de ne plus vous accepter pour le coaching ou l\u2019atelier.\u00a0","og_url":"https:\/\/empow-her.com\/produit\/coaching-structurer-son-projet-creer-son-plan-daction-5\/","og_site_name":"Empow&#039;Her","article_modified_time":"2022-10-17T16:26:10+00:00","og_image":[{"width":1080,"height":1080,"url":"https:\/\/empow-her.com\/wp-content\/uploads\/2022\/10\/Women-Dare-templates-events-2022-10-17T182556.577.png","type":"image\/png"}],"twitter_card":"summary_large_image","schema":{"@context":"https:\/\/schema.org","@graph":[{"@type":"WebPage","@id":"https:\/\/empow-her.com\/produit\/coaching-structurer-son-projet-creer-son-plan-daction-5\/","url":"https:\/\/empow-her.com\/produit\/coaching-structurer-son-projet-creer-son-plan-daction-5\/","name":"Coaching - Structurer son projet : cr\u00e9er son plan d'action - Empow&#039;Her","isPartOf":{"@id":"https:\/\/empow-her.com\/#website"},"primaryImageOfPage":{"@id":"https:\/\/empow-her.com\/produit\/coaching-structurer-son-projet-creer-son-plan-daction-5\/#primaryimage"},"image":{"@id":"https:\/\/empow-her.com\/produit\/coaching-structurer-son-projet-creer-son-plan-daction-5\/#primaryimage"},"thumbnailUrl":"https:\/\/empow-her.com\/wp-content\/uploads\/2022\/10\/Women-Dare-templates-events-2022-10-17T182556.577.png","datePublished":"2022-10-17T16:21:54+00:00","dateModified":"2022-10-17T16:26:10+00:00","breadcrumb":{"@id":"https:\/\/empow-her.com\/produit\/coaching-structurer-son-projet-creer-son-plan-daction-5\/#breadcrumb"},"inLanguage":"es","potentialAction":[{"@type":"ReadAction","target":["https:\/\/empow-her.com\/produit\/coaching-structurer-son-projet-creer-son-plan-daction-5\/"]}]},{"@type":"ImageObject","inLanguage":"es","@id":"https:\/\/empow-her.com\/produit\/coaching-structurer-son-projet-creer-son-plan-daction-5\/#primaryimage","url":"https:\/\/empow-her.com\/wp-content\/uploads\/2022\/10\/Women-Dare-templates-events-2022-10-17T182556.577.png","contentUrl":"https:\/\/empow-her.com\/wp-content\/uploads\/2022\/10\/Women-Dare-templates-events-2022-10-17T182556.577.png","width":1080,"height":1080},{"@type":"BreadcrumbList","@id":"https:\/\/empow-her.com\/produit\/coaching-structurer-son-projet-creer-son-plan-daction-5\/#breadcrumb","itemListElement":[{"@type":"ListItem","position":1,"name":"Accueil","item":"https:\/\/empow-her.com\/es\/inicio\/"},{"@type":"ListItem","position":2,"name":"LA BOUTIQUE","item":"https:\/\/empow-her.com\/boutique\/"},{"@type":"ListItem","position":3,"name":"Coaching &#8211; Structurer son projet : cr\u00e9er son plan d&#8217;action"}]},{"@type":"WebSite","@id":"https:\/\/empow-her.com\/#website","url":"https:\/\/empow-her.com\/","name":"Empow&#039;Her","description":"Women Development","potentialAction":[{"@type":"SearchAction","target":{"@type":"EntryPoint","urlTemplate":"https:\/\/empow-her.com\/?s={search_term_string}"},"query-input":{"@type":"PropertyValueSpecification","valueRequired":true,"valueName":"search_term_string"}}],"inLanguage":"es"}]}},"_links":{"self":[{"href":"https:\/\/empow-her.com\/es\/wp-json\/wp\/v2\/product\/123729","targetHints":{"allow":["GET"]}}],"collection":[{"href":"https:\/\/empow-her.com\/es\/wp-json\/wp\/v2\/product"}],"about":[{"href":"https:\/\/empow-her.com\/es\/wp-json\/wp\/v2\/types\/product"}],"wp:featuredmedia":[{"embeddable":true,"href":"https:\/\/empow-her.com\/es\/wp-json\/wp\/v2\/media\/123730"}],"wp:attachment":[{"href":"https:\/\/empow-her.com\/es\/wp-json\/wp\/v2\/media?parent=123729"}],"wp:term":[{"taxonomy":"product_brand","embeddable":true,"href":"https:\/\/empow-her.com\/es\/wp-json\/wp\/v2\/product_brand?post=123729"},{"taxonomy":"product_cat","embeddable":true,"href":"https:\/\/empow-her.com\/es\/wp-json\/wp\/v2\/product_cat?post=123729"},{"taxonomy":"product_tag","embeddable":true,"href":"https:\/\/empow-her.com\/es\/wp-json\/wp\/v2\/product_tag?post=123729"},{"taxonomy":"lieu","embeddable":true,"href":"https:\/\/empow-her.com\/es\/wp-json\/wp\/v2\/lieu?post=123729"},{"taxonomy":"thematiques","embeddable":true,"href":"https:\/\/empow-her.com\/es\/wp-json\/wp\/v2\/thematiques?post=123729"}],"curies":[{"name":"wp","href":"https:\/\/api.w.org\/{rel}","templated":true}]}}