{"id":123714,"date":"2022-10-17T18:08:57","date_gmt":"2022-10-17T16:08:57","guid":{"rendered":"https:\/\/empow-her.com\/?post_type=product&#038;p=123714"},"modified":"2022-10-17T18:09:55","modified_gmt":"2022-10-17T16:09:55","slug":"coaching-prendre-la-parole-pour-presenter-mon-projet-avec-conviction-et-impact-6","status":"publish","type":"product","link":"https:\/\/empow-her.com\/es\/produit\/coaching-prendre-la-parole-pour-presenter-mon-projet-avec-conviction-et-impact-6\/","title":{"rendered":"Coaching &#8211; Prendre la parole pour pr\u00e9senter mon projet avec conviction et impact"},"content":{"rendered":"","protected":false},"excerpt":{"rendered":"<p><strong>Description<\/strong> : Travailler sa prise de parole n\u2019est pas seulement s\u2019approprier un ensemble de trucs et astuces. Chacun doit trouver sa propre recette. Le but de cette session est de trouver cette voix qui nous ressemble, qui nous porte et portera nos projets et nos envies de la fa\u00e7on la plus authentique et donc la plus convaincante. Ce n&#8217;est pas s\u2019exprimer pour se faire entendre, c&#8217;est savoir comment attirer l\u2019\u00e9coute.<\/p>\n<p>Lors de ce coaching, faites vous accompagner de fa\u00e7on personnalis\u00e9e pour int\u00e9grer les bonnes pratiques \u00e0 la prise de parole afin de transmettre vos messages cl\u00e9s.<\/p>\n<p><strong>Intervenant.e<\/strong>\u00a0: Lucie Wendremaire<\/p>\n<p><strong>Pr\u00e9sentation : <\/strong><br \/>\nSuite \u00e0 des \u00e9tudes en \u00e9cole de commerce, Lucie a travaill\u00e9 pendant 8 ans en Marketing et Gestion de Projets pour une entreprise japonaise d&#8217;\u00e9lectronique grand public. Apr\u00e8s ces ann\u00e9es fortes en d\u00e9couvertes et en management multiculturel, elle d\u00e9cide d&#8217;\u00e9couter enfin ses envies enfouies depuis toute petite: travailler en tant qu&#8217;artiste. Elle pr\u00e9pare au fur et \u00e0 mesure cette reconversion et int\u00e8gre une formation artistique en th\u00e9\u00e2tre et com\u00e9die musicale, suite \u00e0 laquelle elle d\u00e9croche ses premiers contrats en tant que com\u00e9dienne chanteuse sur les sc\u00e8nes parisiennes et de province. Elle d\u00e9cide \u00e9galement de se former au coaching vocal chez Voice Global Coaching pour accompagner chaque personne dans la d\u00e9couverte de sa voix parl\u00e9e et\/ou chant\u00e9e, une d\u00e9couverte qu&#8217;elle m\u00e8ne elle-m\u00eame depuis plusieurs ann\u00e9es.<\/p>\n<p><strong>Son super pouvoir : <\/strong><br \/>\nExploratrice de voix\/voies<\/p>\n<p><strong>Son petit mot : <\/strong><br \/>\n&#8220;Vous \u00eates l&#8217;h\u00e9ro\u00efne de votre projet et votre voix est votre meilleure amie pour l&#8217;exprimer! Je vous accompagnerai en toute humilit\u00e9 dans la recherche de votre voix au service de votre pouvoir de conviction et de votre authenticit\u00e9.&#8221;, Lucie.<\/p>\n<p>&nbsp;<\/p>\n<p><strong>Dur\u00e9e<\/strong> : U<span data-sheets-value=\"{&quot;1&quot;:2,&quot;2&quot;:&quot;Permanence de 4h avec un cr\u00e9neau de 1h par participante (+ 15 minutes entre chaque)&quot;}\" data-sheets-userformat=\"{&quot;2&quot;:7167,&quot;3&quot;:{&quot;1&quot;:0},&quot;4&quot;:{&quot;1&quot;:2,&quot;2&quot;:16777215},&quot;5&quot;:{&quot;1&quot;:[{&quot;1&quot;:2,&quot;2&quot;:0,&quot;5&quot;:{&quot;1&quot;:2,&quot;2&quot;:0}},{&quot;1&quot;:0,&quot;2&quot;:0,&quot;3&quot;:3},{&quot;1&quot;:1,&quot;2&quot;:0,&quot;4&quot;:1}]},&quot;6&quot;:{&quot;1&quot;:[{&quot;1&quot;:2,&quot;2&quot;:0,&quot;5&quot;:{&quot;1&quot;:2,&quot;2&quot;:0}},{&quot;1&quot;:0,&quot;2&quot;:0,&quot;3&quot;:3},{&quot;1&quot;:1,&quot;2&quot;:0,&quot;4&quot;:1}]},&quot;7&quot;:{&quot;1&quot;:[{&quot;1&quot;:2,&quot;2&quot;:0,&quot;5&quot;:{&quot;1&quot;:2,&quot;2&quot;:0}},{&quot;1&quot;:0,&quot;2&quot;:0,&quot;3&quot;:3},{&quot;1&quot;:1,&quot;2&quot;:0,&quot;4&quot;:1}]},&quot;8&quot;:{&quot;1&quot;:[{&quot;1&quot;:2,&quot;2&quot;:0,&quot;5&quot;:{&quot;1&quot;:2,&quot;2&quot;:0}},{&quot;1&quot;:0,&quot;2&quot;:0,&quot;3&quot;:3},{&quot;1&quot;:1,&quot;2&quot;:0,&quot;4&quot;:1}]},&quot;9&quot;:0,&quot;10&quot;:1,&quot;11&quot;:4,&quot;12&quot;:0,&quot;14&quot;:{&quot;1&quot;:2,&quot;2&quot;:0},&quot;15&quot;:&quot;Calibri&quot;}\">n cr\u00e9neau de 1h en individuel en ligne<\/span><\/p>\n<p>&nbsp;<\/p>\n<p><b>Attention !\u00a0<\/b>\u00a0Veuillez vous pr\u00e9senter \u00e0 l\u2019heure pour que l\u2019activit\u00e9 puisse commencer \u00e0 temps. Si vous avez du retard veuillez pr\u00e9venir l\u2019intervenant.e. Si vous avez plus de 15 min de retard l\u2019intervenant.e se r\u00e9serve le droit de ne pas vous accepter pour le coaching ou l\u2019atelier.<\/p>\n","protected":false},"featured_media":123715,"template":"","format":"standard","meta":{"_acf_changed":false,"om_disable_all_campaigns":false,"_uf_show_specific_survey":0,"_uf_disable_surveys":false},"product_brand":[],"product_cat":[121],"product_tag":[],"lieu":[125],"thematiques":[],"class_list":{"0":"post-123714","1":"product","2":"type-product","3":"status-publish","4":"format-standard","5":"has-post-thumbnail","7":"product_cat-coaching","8":"lieu-en-ligne","10":"first","11":"instock","12":"virtual","13":"purchasable","14":"product-type-appointment"},"exclude_global_add_ons":[],"addons":[],"acf":[],"yoast_head":"<!-- This site is optimized with the Yoast SEO plugin v24.8 - https:\/\/yoast.com\/wordpress\/plugins\/seo\/ -->\n<title>Coaching - Prendre la parole pour pr\u00e9senter mon projet avec conviction et impact - Empow&#039;Her<\/title>\n<meta name=\"robots\" content=\"index, follow, max-snippet:-1, max-image-preview:large, max-video-preview:-1\" \/>\n<link rel=\"canonical\" href=\"https:\/\/empow-her.com\/produit\/coaching-prendre-la-parole-pour-presenter-mon-projet-avec-conviction-et-impact-6\/\" \/>\n<meta property=\"og:locale\" content=\"es_ES\" \/>\n<meta property=\"og:type\" content=\"article\" \/>\n<meta property=\"og:title\" content=\"Coaching - Prendre la parole pour pr\u00e9senter mon projet avec conviction et impact - Empow&#039;Her\" \/>\n<meta property=\"og:description\" content=\"Description : Travailler sa prise de parole n\u2019est pas seulement s\u2019approprier un ensemble de trucs et astuces. Chacun doit trouver sa propre recette. Le but de cette session est de trouver cette voix qui nous ressemble, qui nous porte et portera nos projets et nos envies de la fa\u00e7on la plus authentique et donc la plus convaincante. Ce n&#039;est pas s\u2019exprimer pour se faire entendre, c&#039;est savoir comment attirer l\u2019\u00e9coute.  Lors de ce coaching, faites vous accompagner de fa\u00e7on personnalis\u00e9e pour int\u00e9grer les bonnes pratiques \u00e0 la prise de parole afin de transmettre vos messages cl\u00e9s.  Intervenant.e\u00a0: Lucie Wendremaire  Pr\u00e9sentation :  Suite \u00e0 des \u00e9tudes en \u00e9cole de commerce, Lucie a travaill\u00e9 pendant 8 ans en Marketing et Gestion de Projets pour une entreprise japonaise d&#039;\u00e9lectronique grand public. Apr\u00e8s ces ann\u00e9es fortes en d\u00e9couvertes et en management multiculturel, elle d\u00e9cide d&#039;\u00e9couter enfin ses envies enfouies depuis toute petite: travailler en tant qu&#039;artiste. Elle pr\u00e9pare au fur et \u00e0 mesure cette reconversion et int\u00e8gre une formation artistique en th\u00e9\u00e2tre et com\u00e9die musicale, suite \u00e0 laquelle elle d\u00e9croche ses premiers contrats en tant que com\u00e9dienne chanteuse sur les sc\u00e8nes parisiennes et de province. Elle d\u00e9cide \u00e9galement de se former au coaching vocal chez Voice Global Coaching pour accompagner chaque personne dans la d\u00e9couverte de sa voix parl\u00e9e et\/ou chant\u00e9e, une d\u00e9couverte qu&#039;elle m\u00e8ne elle-m\u00eame depuis plusieurs ann\u00e9es.  Son super pouvoir :  Exploratrice de voix\/voies  Son petit mot :  &quot;Vous \u00eates l&#039;h\u00e9ro\u00efne de votre projet et votre voix est votre meilleure amie pour l&#039;exprimer! Je vous accompagnerai en toute humilit\u00e9 dans la recherche de votre voix au service de votre pouvoir de conviction et de votre authenticit\u00e9.&quot;, Lucie.  &nbsp;  Dur\u00e9e : Un cr\u00e9neau de 1h en individuel en ligne  &nbsp;  Attention !\u00a0\u00a0Veuillez vous pr\u00e9senter \u00e0 l\u2019heure pour que l\u2019activit\u00e9 puisse commencer \u00e0 temps. Si vous avez du retard veuillez pr\u00e9venir l\u2019intervenant.e. Si vous avez plus de 15 min de retard l\u2019intervenant.e se r\u00e9serve le droit de ne pas vous accepter pour le coaching ou l\u2019atelier.\" \/>\n<meta property=\"og:url\" content=\"https:\/\/empow-her.com\/produit\/coaching-prendre-la-parole-pour-presenter-mon-projet-avec-conviction-et-impact-6\/\" \/>\n<meta property=\"og:site_name\" content=\"Empow&#039;Her\" \/>\n<meta property=\"article:modified_time\" content=\"2022-10-17T16:09:55+00:00\" \/>\n<meta property=\"og:image\" content=\"https:\/\/empow-her.com\/wp-content\/uploads\/2022\/10\/Women-Dare-templates-events-2022-10-17T180845.409.png\" \/>\n\t<meta property=\"og:image:width\" content=\"1080\" \/>\n\t<meta property=\"og:image:height\" content=\"1080\" \/>\n\t<meta property=\"og:image:type\" content=\"image\/png\" \/>\n<meta name=\"twitter:card\" content=\"summary_large_image\" \/>\n<script type=\"application\/ld+json\" class=\"yoast-schema-graph\">{\"@context\":\"https:\/\/schema.org\",\"@graph\":[{\"@type\":\"WebPage\",\"@id\":\"https:\/\/empow-her.com\/produit\/coaching-prendre-la-parole-pour-presenter-mon-projet-avec-conviction-et-impact-6\/\",\"url\":\"https:\/\/empow-her.com\/produit\/coaching-prendre-la-parole-pour-presenter-mon-projet-avec-conviction-et-impact-6\/\",\"name\":\"Coaching - Prendre la parole pour pr\u00e9senter mon projet avec conviction et impact - Empow&#039;Her\",\"isPartOf\":{\"@id\":\"https:\/\/empow-her.com\/#website\"},\"primaryImageOfPage\":{\"@id\":\"https:\/\/empow-her.com\/produit\/coaching-prendre-la-parole-pour-presenter-mon-projet-avec-conviction-et-impact-6\/#primaryimage\"},\"image\":{\"@id\":\"https:\/\/empow-her.com\/produit\/coaching-prendre-la-parole-pour-presenter-mon-projet-avec-conviction-et-impact-6\/#primaryimage\"},\"thumbnailUrl\":\"https:\/\/empow-her.com\/wp-content\/uploads\/2022\/10\/Women-Dare-templates-events-2022-10-17T180845.409.png\",\"datePublished\":\"2022-10-17T16:08:57+00:00\",\"dateModified\":\"2022-10-17T16:09:55+00:00\",\"breadcrumb\":{\"@id\":\"https:\/\/empow-her.com\/produit\/coaching-prendre-la-parole-pour-presenter-mon-projet-avec-conviction-et-impact-6\/#breadcrumb\"},\"inLanguage\":\"es\",\"potentialAction\":[{\"@type\":\"ReadAction\",\"target\":[\"https:\/\/empow-her.com\/produit\/coaching-prendre-la-parole-pour-presenter-mon-projet-avec-conviction-et-impact-6\/\"]}]},{\"@type\":\"ImageObject\",\"inLanguage\":\"es\",\"@id\":\"https:\/\/empow-her.com\/produit\/coaching-prendre-la-parole-pour-presenter-mon-projet-avec-conviction-et-impact-6\/#primaryimage\",\"url\":\"https:\/\/empow-her.com\/wp-content\/uploads\/2022\/10\/Women-Dare-templates-events-2022-10-17T180845.409.png\",\"contentUrl\":\"https:\/\/empow-her.com\/wp-content\/uploads\/2022\/10\/Women-Dare-templates-events-2022-10-17T180845.409.png\",\"width\":1080,\"height\":1080},{\"@type\":\"BreadcrumbList\",\"@id\":\"https:\/\/empow-her.com\/produit\/coaching-prendre-la-parole-pour-presenter-mon-projet-avec-conviction-et-impact-6\/#breadcrumb\",\"itemListElement\":[{\"@type\":\"ListItem\",\"position\":1,\"name\":\"Accueil\",\"item\":\"https:\/\/empow-her.com\/es\/inicio\/\"},{\"@type\":\"ListItem\",\"position\":2,\"name\":\"LA BOUTIQUE\",\"item\":\"https:\/\/empow-her.com\/boutique\/\"},{\"@type\":\"ListItem\",\"position\":3,\"name\":\"Coaching &#8211; Prendre la parole pour pr\u00e9senter mon projet avec conviction et impact\"}]},{\"@type\":\"WebSite\",\"@id\":\"https:\/\/empow-her.com\/#website\",\"url\":\"https:\/\/empow-her.com\/\",\"name\":\"Empow&#039;Her\",\"description\":\"Women Development\",\"potentialAction\":[{\"@type\":\"SearchAction\",\"target\":{\"@type\":\"EntryPoint\",\"urlTemplate\":\"https:\/\/empow-her.com\/?s={search_term_string}\"},\"query-input\":{\"@type\":\"PropertyValueSpecification\",\"valueRequired\":true,\"valueName\":\"search_term_string\"}}],\"inLanguage\":\"es\"}]}<\/script>\n<!-- \/ Yoast SEO plugin. -->","yoast_head_json":{"title":"Coaching - Prendre la parole pour pr\u00e9senter mon projet avec conviction et impact - Empow&#039;Her","robots":{"index":"index","follow":"follow","max-snippet":"max-snippet:-1","max-image-preview":"max-image-preview:large","max-video-preview":"max-video-preview:-1"},"canonical":"https:\/\/empow-her.com\/produit\/coaching-prendre-la-parole-pour-presenter-mon-projet-avec-conviction-et-impact-6\/","og_locale":"es_ES","og_type":"article","og_title":"Coaching - Prendre la parole pour pr\u00e9senter mon projet avec conviction et impact - Empow&#039;Her","og_description":"Description : Travailler sa prise de parole n\u2019est pas seulement s\u2019approprier un ensemble de trucs et astuces. Chacun doit trouver sa propre recette. Le but de cette session est de trouver cette voix qui nous ressemble, qui nous porte et portera nos projets et nos envies de la fa\u00e7on la plus authentique et donc la plus convaincante. Ce n'est pas s\u2019exprimer pour se faire entendre, c'est savoir comment attirer l\u2019\u00e9coute.  Lors de ce coaching, faites vous accompagner de fa\u00e7on personnalis\u00e9e pour int\u00e9grer les bonnes pratiques \u00e0 la prise de parole afin de transmettre vos messages cl\u00e9s.  Intervenant.e\u00a0: Lucie Wendremaire  Pr\u00e9sentation :  Suite \u00e0 des \u00e9tudes en \u00e9cole de commerce, Lucie a travaill\u00e9 pendant 8 ans en Marketing et Gestion de Projets pour une entreprise japonaise d'\u00e9lectronique grand public. Apr\u00e8s ces ann\u00e9es fortes en d\u00e9couvertes et en management multiculturel, elle d\u00e9cide d'\u00e9couter enfin ses envies enfouies depuis toute petite: travailler en tant qu'artiste. Elle pr\u00e9pare au fur et \u00e0 mesure cette reconversion et int\u00e8gre une formation artistique en th\u00e9\u00e2tre et com\u00e9die musicale, suite \u00e0 laquelle elle d\u00e9croche ses premiers contrats en tant que com\u00e9dienne chanteuse sur les sc\u00e8nes parisiennes et de province. Elle d\u00e9cide \u00e9galement de se former au coaching vocal chez Voice Global Coaching pour accompagner chaque personne dans la d\u00e9couverte de sa voix parl\u00e9e et\/ou chant\u00e9e, une d\u00e9couverte qu'elle m\u00e8ne elle-m\u00eame depuis plusieurs ann\u00e9es.  Son super pouvoir :  Exploratrice de voix\/voies  Son petit mot :  \"Vous \u00eates l'h\u00e9ro\u00efne de votre projet et votre voix est votre meilleure amie pour l'exprimer! Je vous accompagnerai en toute humilit\u00e9 dans la recherche de votre voix au service de votre pouvoir de conviction et de votre authenticit\u00e9.\", Lucie.  &nbsp;  Dur\u00e9e : Un cr\u00e9neau de 1h en individuel en ligne  &nbsp;  Attention !\u00a0\u00a0Veuillez vous pr\u00e9senter \u00e0 l\u2019heure pour que l\u2019activit\u00e9 puisse commencer \u00e0 temps. Si vous avez du retard veuillez pr\u00e9venir l\u2019intervenant.e. Si vous avez plus de 15 min de retard l\u2019intervenant.e se r\u00e9serve le droit de ne pas vous accepter pour le coaching ou l\u2019atelier.","og_url":"https:\/\/empow-her.com\/produit\/coaching-prendre-la-parole-pour-presenter-mon-projet-avec-conviction-et-impact-6\/","og_site_name":"Empow&#039;Her","article_modified_time":"2022-10-17T16:09:55+00:00","og_image":[{"width":1080,"height":1080,"url":"https:\/\/empow-her.com\/wp-content\/uploads\/2022\/10\/Women-Dare-templates-events-2022-10-17T180845.409.png","type":"image\/png"}],"twitter_card":"summary_large_image","schema":{"@context":"https:\/\/schema.org","@graph":[{"@type":"WebPage","@id":"https:\/\/empow-her.com\/produit\/coaching-prendre-la-parole-pour-presenter-mon-projet-avec-conviction-et-impact-6\/","url":"https:\/\/empow-her.com\/produit\/coaching-prendre-la-parole-pour-presenter-mon-projet-avec-conviction-et-impact-6\/","name":"Coaching - Prendre la parole pour pr\u00e9senter mon projet avec conviction et impact - Empow&#039;Her","isPartOf":{"@id":"https:\/\/empow-her.com\/#website"},"primaryImageOfPage":{"@id":"https:\/\/empow-her.com\/produit\/coaching-prendre-la-parole-pour-presenter-mon-projet-avec-conviction-et-impact-6\/#primaryimage"},"image":{"@id":"https:\/\/empow-her.com\/produit\/coaching-prendre-la-parole-pour-presenter-mon-projet-avec-conviction-et-impact-6\/#primaryimage"},"thumbnailUrl":"https:\/\/empow-her.com\/wp-content\/uploads\/2022\/10\/Women-Dare-templates-events-2022-10-17T180845.409.png","datePublished":"2022-10-17T16:08:57+00:00","dateModified":"2022-10-17T16:09:55+00:00","breadcrumb":{"@id":"https:\/\/empow-her.com\/produit\/coaching-prendre-la-parole-pour-presenter-mon-projet-avec-conviction-et-impact-6\/#breadcrumb"},"inLanguage":"es","potentialAction":[{"@type":"ReadAction","target":["https:\/\/empow-her.com\/produit\/coaching-prendre-la-parole-pour-presenter-mon-projet-avec-conviction-et-impact-6\/"]}]},{"@type":"ImageObject","inLanguage":"es","@id":"https:\/\/empow-her.com\/produit\/coaching-prendre-la-parole-pour-presenter-mon-projet-avec-conviction-et-impact-6\/#primaryimage","url":"https:\/\/empow-her.com\/wp-content\/uploads\/2022\/10\/Women-Dare-templates-events-2022-10-17T180845.409.png","contentUrl":"https:\/\/empow-her.com\/wp-content\/uploads\/2022\/10\/Women-Dare-templates-events-2022-10-17T180845.409.png","width":1080,"height":1080},{"@type":"BreadcrumbList","@id":"https:\/\/empow-her.com\/produit\/coaching-prendre-la-parole-pour-presenter-mon-projet-avec-conviction-et-impact-6\/#breadcrumb","itemListElement":[{"@type":"ListItem","position":1,"name":"Accueil","item":"https:\/\/empow-her.com\/es\/inicio\/"},{"@type":"ListItem","position":2,"name":"LA BOUTIQUE","item":"https:\/\/empow-her.com\/boutique\/"},{"@type":"ListItem","position":3,"name":"Coaching &#8211; Prendre la parole pour pr\u00e9senter mon projet avec conviction et impact"}]},{"@type":"WebSite","@id":"https:\/\/empow-her.com\/#website","url":"https:\/\/empow-her.com\/","name":"Empow&#039;Her","description":"Women Development","potentialAction":[{"@type":"SearchAction","target":{"@type":"EntryPoint","urlTemplate":"https:\/\/empow-her.com\/?s={search_term_string}"},"query-input":{"@type":"PropertyValueSpecification","valueRequired":true,"valueName":"search_term_string"}}],"inLanguage":"es"}]}},"_links":{"self":[{"href":"https:\/\/empow-her.com\/es\/wp-json\/wp\/v2\/product\/123714","targetHints":{"allow":["GET"]}}],"collection":[{"href":"https:\/\/empow-her.com\/es\/wp-json\/wp\/v2\/product"}],"about":[{"href":"https:\/\/empow-her.com\/es\/wp-json\/wp\/v2\/types\/product"}],"wp:featuredmedia":[{"embeddable":true,"href":"https:\/\/empow-her.com\/es\/wp-json\/wp\/v2\/media\/123715"}],"wp:attachment":[{"href":"https:\/\/empow-her.com\/es\/wp-json\/wp\/v2\/media?parent=123714"}],"wp:term":[{"taxonomy":"product_brand","embeddable":true,"href":"https:\/\/empow-her.com\/es\/wp-json\/wp\/v2\/product_brand?post=123714"},{"taxonomy":"product_cat","embeddable":true,"href":"https:\/\/empow-her.com\/es\/wp-json\/wp\/v2\/product_cat?post=123714"},{"taxonomy":"product_tag","embeddable":true,"href":"https:\/\/empow-her.com\/es\/wp-json\/wp\/v2\/product_tag?post=123714"},{"taxonomy":"lieu","embeddable":true,"href":"https:\/\/empow-her.com\/es\/wp-json\/wp\/v2\/lieu?post=123714"},{"taxonomy":"thematiques","embeddable":true,"href":"https:\/\/empow-her.com\/es\/wp-json\/wp\/v2\/thematiques?post=123714"}],"curies":[{"name":"wp","href":"https:\/\/api.w.org\/{rel}","templated":true}]}}