{"id":123699,"date":"2022-10-17T17:49:14","date_gmt":"2022-10-17T15:49:14","guid":{"rendered":"https:\/\/empow-her.com\/?post_type=product&#038;p=123699"},"modified":"2022-10-17T17:52:40","modified_gmt":"2022-10-17T15:52:40","slug":"atelier-comprendre-mes-emotions-pour-les-transformer-en-leviers-daction","status":"publish","type":"product","link":"https:\/\/empow-her.com\/es\/produit\/atelier-comprendre-mes-emotions-pour-les-transformer-en-leviers-daction\/","title":{"rendered":"Atelier &#8211; Comprendre mes \u00e9motions pour les transformer en leviers d&#8217;action"},"content":{"rendered":"","protected":false},"excerpt":{"rendered":"<p>Qu\u2019est-ce que les \u00e9motions ? Comment se manifestent-elles ? Quelles sont leurs causes ? Comment mieux comprendre vos \u00e9motions, les r\u00e9guler ou les utiliser ?<\/p>\n<p>Dans cet atelier, C\u00e9cile Petit, psychologue du travail, m\u00e9diatrice et coach sp\u00e9cialis\u00e9e en intelligence \u00e9motionnelle, revient sur ce que sont les \u00e9motions et sur la fa\u00e7on dont on peut, en les identifiant et en les exprimant, les utiliser comme un levier pour mieux avancer avec les autres et au service de votre projet entrepreneurial.<\/p>\n<p><strong>Intervenant.e.s : C\u00e9cile Petit de Bulles<\/strong><\/p>\n<p>J&#8217;ai cette intime conviction : une vie professionnelle \u00e9panouissante s&#8217;appuie sur la qualit\u00e9 de notre relation \u00e0 nous-m\u00eames, aux autres et \u00e0 notre environnement.<\/p>\n<p>Psychologue du travail, m\u00e9diatrice et coach certifi\u00e9e, j&#8217;ai un parcours de formation initiale en \u00e9cole de commerce et plusieurs ann\u00e9es d&#8217;exp\u00e9rience dans le monde de l&#8217;entreprise en France, au Canada et au Danemark.<\/p>\n<p>J&#8217;ai co-fond\u00e9 l\u2019Agence Bulles avec ma s\u0153ur Sophie : des espaces-temps pour soi ou en collectif pour prendre confiance et agir avec coh\u00e9rence sans ses projets porteurs de sens.<\/p>\n<p>Au travers de mon activit\u00e9 ind\u00e9pendante d\u2019accompagnement, j\u2019accompagne des particuliers \u00e0 la prise de recul sur leurs situations de travail et au d\u00e9veloppement de ressources n\u00e9cessaires pour avancer et s&#8217;accomplir dans leurs activit\u00e9s.<\/p>\n<p>J&#8217;interviens \u00e9galement en tant qu&#8217;enseignante et coach en \u00e9cole de commerce et d&#8217;ing\u00e9nieur afin d\u2019\u0153uvrer aupr\u00e8s des \u00e9tudiant.e.s.<\/p>\n<p>V\u00e9ritablement passionn\u00e9e par les dynamiques humaines au travail, je m&#8217;int\u00e9resse notamment au r\u00f4le des \u00e9motions. Comment faire de toutes nos \u00e9motions des alli\u00e9es au service de nos activit\u00e9s ? C&#8217;est avec joie que je vous accompagnerai sur cette th\u00e9matique !<\/p>\n<p><strong>Super pouvoir : <\/strong>Co-d\u00e9tective priv\u00e9e aupr\u00e8s de mes accompagn\u00e9.e.s.<\/p>\n<p><strong>Envie de dire aux femmes: <\/strong>L&#8217;aventure entrepreneuriale est une v\u00e9ritable exp\u00e9rience \u00e9motionnelle. Alors appuyons-nous du mieux possible sur ce qui nous met en joie. Cela nous encouragera \u00e0 mettre du c\u0153ur \u00e0 l&#8217;ouvrage et \u00e0 \u0153uvrer avec c\u0153ur !<\/p>\n<div><\/div>\n<div><b>Lieu : <\/b>Sist&#8217;Her Paris, 82 rue du Faubourg Saint-Martin<\/div>\n<div><\/div>\n<p><strong>Dur\u00e9e<\/strong>\u00a0: 3h\u00a0<span data-sheets-value=\"{&quot;1&quot;:2,&quot;2&quot;:&quot;Permanence de 4h avec un cr\u00e9neau de 1h par participante (+ 15 minutes entre chaque)&quot;}\" data-sheets-userformat=\"{&quot;2&quot;:7167,&quot;3&quot;:{&quot;1&quot;:0},&quot;4&quot;:{&quot;1&quot;:2,&quot;2&quot;:16777215},&quot;5&quot;:{&quot;1&quot;:[{&quot;1&quot;:2,&quot;2&quot;:0,&quot;5&quot;:{&quot;1&quot;:2,&quot;2&quot;:0}},{&quot;1&quot;:0,&quot;2&quot;:0,&quot;3&quot;:3},{&quot;1&quot;:1,&quot;2&quot;:0,&quot;4&quot;:1}]},&quot;6&quot;:{&quot;1&quot;:[{&quot;1&quot;:2,&quot;2&quot;:0,&quot;5&quot;:{&quot;1&quot;:2,&quot;2&quot;:0}},{&quot;1&quot;:0,&quot;2&quot;:0,&quot;3&quot;:3},{&quot;1&quot;:1,&quot;2&quot;:0,&quot;4&quot;:1}]},&quot;7&quot;:{&quot;1&quot;:[{&quot;1&quot;:2,&quot;2&quot;:0,&quot;5&quot;:{&quot;1&quot;:2,&quot;2&quot;:0}},{&quot;1&quot;:0,&quot;2&quot;:0,&quot;3&quot;:3},{&quot;1&quot;:1,&quot;2&quot;:0,&quot;4&quot;:1}]},&quot;8&quot;:{&quot;1&quot;:[{&quot;1&quot;:2,&quot;2&quot;:0,&quot;5&quot;:{&quot;1&quot;:2,&quot;2&quot;:0}},{&quot;1&quot;:0,&quot;2&quot;:0,&quot;3&quot;:3},{&quot;1&quot;:1,&quot;2&quot;:0,&quot;4&quot;:1}]},&quot;9&quot;:0,&quot;10&quot;:1,&quot;11&quot;:4,&quot;12&quot;:0,&quot;14&quot;:{&quot;1&quot;:2,&quot;2&quot;:0},&quot;15&quot;:&quot;Calibri&quot;}\">en pr\u00e9sentiel chez Sist\u2019Her Paris<\/span><\/p>\n<p><span data-sheets-value=\"{&quot;1&quot;:2,&quot;2&quot;:&quot;Attention ! \u00a0Veuillez vous pr\u00e9sentez \u00e0 l'heure pour que l'activit\u00e9 puisse commencer \u00e0 temps. Si vous avez du retard veuillez pr\u00e9venir l'intervenant.e. Si vous avez plus de 15 min de retard l'intervenant.e se r\u00e9serve le droit de plus vous accepter pour le coaching ou l'atelier.\u00a0&quot;}\" data-sheets-userformat=\"{&quot;2&quot;:641,&quot;3&quot;:{&quot;1&quot;:0},&quot;10&quot;:1,&quot;12&quot;:0}\"><strong>Attention !<\/strong>\u00a0\u00a0Veuillez vous pr\u00e9sentez \u00e0 l\u2019heure pour que l\u2019activit\u00e9 puisse commencer \u00e0 temps. Si vous avez du retard veuillez pr\u00e9venir l\u2019intervenant.e. Si vous avez plus de 15 min de retard l\u2019intervenant.e se r\u00e9serve le droit de plus vous accepter pour le coaching ou l\u2019atelier.<\/span><\/p>\n","protected":false},"featured_media":123700,"template":"","format":"standard","meta":{"_acf_changed":false,"om_disable_all_campaigns":false,"_uf_show_specific_survey":0,"_uf_disable_surveys":false},"product_brand":[],"product_cat":[118],"product_tag":[],"lieu":[127],"thematiques":[],"class_list":{"0":"post-123699","1":"product","2":"type-product","3":"status-publish","4":"format-standard","5":"has-post-thumbnail","7":"product_cat-atelier-collectif","8":"lieu-hub-empowher","10":"first","11":"instock","12":"virtual","13":"purchasable","14":"product-type-appointment"},"exclude_global_add_ons":[],"addons":[],"acf":[],"yoast_head":"<!-- This site is optimized with the Yoast SEO plugin v24.8 - https:\/\/yoast.com\/wordpress\/plugins\/seo\/ -->\n<title>Atelier - Comprendre mes \u00e9motions pour les transformer en leviers d&#039;action - Empow&#039;Her<\/title>\n<meta name=\"robots\" content=\"index, follow, max-snippet:-1, max-image-preview:large, max-video-preview:-1\" \/>\n<link rel=\"canonical\" href=\"https:\/\/empow-her.com\/produit\/atelier-comprendre-mes-emotions-pour-les-transformer-en-leviers-daction\/\" \/>\n<meta property=\"og:locale\" content=\"es_ES\" \/>\n<meta property=\"og:type\" content=\"article\" \/>\n<meta property=\"og:title\" content=\"Atelier - Comprendre mes \u00e9motions pour les transformer en leviers d&#039;action - Empow&#039;Her\" \/>\n<meta property=\"og:description\" content=\"Qu\u2019est-ce que les \u00e9motions ? Comment se manifestent-elles ? Quelles sont leurs causes ? Comment mieux comprendre vos \u00e9motions, les r\u00e9guler ou les utiliser ?  Dans cet atelier, C\u00e9cile Petit, psychologue du travail, m\u00e9diatrice et coach sp\u00e9cialis\u00e9e en intelligence \u00e9motionnelle, revient sur ce que sont les \u00e9motions et sur la fa\u00e7on dont on peut, en les identifiant et en les exprimant, les utiliser comme un levier pour mieux avancer avec les autres et au service de votre projet entrepreneurial.  Intervenant.e.s : C\u00e9cile Petit de Bulles  J&#039;ai cette intime conviction : une vie professionnelle \u00e9panouissante s&#039;appuie sur la qualit\u00e9 de notre relation \u00e0 nous-m\u00eames, aux autres et \u00e0 notre environnement.  Psychologue du travail, m\u00e9diatrice et coach certifi\u00e9e, j&#039;ai un parcours de formation initiale en \u00e9cole de commerce et plusieurs ann\u00e9es d&#039;exp\u00e9rience dans le monde de l&#039;entreprise en France, au Canada et au Danemark.  J&#039;ai co-fond\u00e9 l\u2019Agence Bulles avec ma s\u0153ur Sophie : des espaces-temps pour soi ou en collectif pour prendre confiance et agir avec coh\u00e9rence sans ses projets porteurs de sens.  Au travers de mon activit\u00e9 ind\u00e9pendante d\u2019accompagnement, j\u2019accompagne des particuliers \u00e0 la prise de recul sur leurs situations de travail et au d\u00e9veloppement de ressources n\u00e9cessaires pour avancer et s&#039;accomplir dans leurs activit\u00e9s.  J&#039;interviens \u00e9galement en tant qu&#039;enseignante et coach en \u00e9cole de commerce et d&#039;ing\u00e9nieur afin d\u2019\u0153uvrer aupr\u00e8s des \u00e9tudiant.e.s.  V\u00e9ritablement passionn\u00e9e par les dynamiques humaines au travail, je m&#039;int\u00e9resse notamment au r\u00f4le des \u00e9motions. Comment faire de toutes nos \u00e9motions des alli\u00e9es au service de nos activit\u00e9s ? C&#039;est avec joie que je vous accompagnerai sur cette th\u00e9matique !  Super pouvoir : Co-d\u00e9tective priv\u00e9e aupr\u00e8s de mes accompagn\u00e9.e.s.  Envie de dire aux femmes: L&#039;aventure entrepreneuriale est une v\u00e9ritable exp\u00e9rience \u00e9motionnelle. Alors appuyons-nous du mieux possible sur ce qui nous met en joie. Cela nous encouragera \u00e0 mettre du c\u0153ur \u00e0 l&#039;ouvrage et \u00e0 \u0153uvrer avec c\u0153ur !  Lieu : Sist&#039;Her Paris, 82 rue du Faubourg Saint-Martin  Dur\u00e9e\u00a0: 3h\u00a0en pr\u00e9sentiel chez Sist\u2019Her Paris  Attention !\u00a0\u00a0Veuillez vous pr\u00e9sentez \u00e0 l\u2019heure pour que l\u2019activit\u00e9 puisse commencer \u00e0 temps. Si vous avez du retard veuillez pr\u00e9venir l\u2019intervenant.e. Si vous avez plus de 15 min de retard l\u2019intervenant.e se r\u00e9serve le droit de plus vous accepter pour le coaching ou l\u2019atelier.\" \/>\n<meta property=\"og:url\" content=\"https:\/\/empow-her.com\/produit\/atelier-comprendre-mes-emotions-pour-les-transformer-en-leviers-daction\/\" \/>\n<meta property=\"og:site_name\" content=\"Empow&#039;Her\" \/>\n<meta property=\"article:modified_time\" content=\"2022-10-17T15:52:40+00:00\" \/>\n<meta property=\"og:image\" content=\"https:\/\/empow-her.com\/wp-content\/uploads\/2022\/10\/Women-Dare-templates-events-2022-10-17T175210.864.png\" \/>\n\t<meta property=\"og:image:width\" content=\"1080\" \/>\n\t<meta property=\"og:image:height\" content=\"1080\" \/>\n\t<meta property=\"og:image:type\" content=\"image\/png\" \/>\n<meta name=\"twitter:card\" content=\"summary_large_image\" \/>\n<script type=\"application\/ld+json\" class=\"yoast-schema-graph\">{\"@context\":\"https:\/\/schema.org\",\"@graph\":[{\"@type\":\"WebPage\",\"@id\":\"https:\/\/empow-her.com\/produit\/atelier-comprendre-mes-emotions-pour-les-transformer-en-leviers-daction\/\",\"url\":\"https:\/\/empow-her.com\/produit\/atelier-comprendre-mes-emotions-pour-les-transformer-en-leviers-daction\/\",\"name\":\"Atelier - Comprendre mes \u00e9motions pour les transformer en leviers d'action - Empow&#039;Her\",\"isPartOf\":{\"@id\":\"https:\/\/empow-her.com\/#website\"},\"primaryImageOfPage\":{\"@id\":\"https:\/\/empow-her.com\/produit\/atelier-comprendre-mes-emotions-pour-les-transformer-en-leviers-daction\/#primaryimage\"},\"image\":{\"@id\":\"https:\/\/empow-her.com\/produit\/atelier-comprendre-mes-emotions-pour-les-transformer-en-leviers-daction\/#primaryimage\"},\"thumbnailUrl\":\"https:\/\/empow-her.com\/wp-content\/uploads\/2022\/10\/Women-Dare-templates-events-2022-10-17T175210.864.png\",\"datePublished\":\"2022-10-17T15:49:14+00:00\",\"dateModified\":\"2022-10-17T15:52:40+00:00\",\"breadcrumb\":{\"@id\":\"https:\/\/empow-her.com\/produit\/atelier-comprendre-mes-emotions-pour-les-transformer-en-leviers-daction\/#breadcrumb\"},\"inLanguage\":\"es\",\"potentialAction\":[{\"@type\":\"ReadAction\",\"target\":[\"https:\/\/empow-her.com\/produit\/atelier-comprendre-mes-emotions-pour-les-transformer-en-leviers-daction\/\"]}]},{\"@type\":\"ImageObject\",\"inLanguage\":\"es\",\"@id\":\"https:\/\/empow-her.com\/produit\/atelier-comprendre-mes-emotions-pour-les-transformer-en-leviers-daction\/#primaryimage\",\"url\":\"https:\/\/empow-her.com\/wp-content\/uploads\/2022\/10\/Women-Dare-templates-events-2022-10-17T175210.864.png\",\"contentUrl\":\"https:\/\/empow-her.com\/wp-content\/uploads\/2022\/10\/Women-Dare-templates-events-2022-10-17T175210.864.png\",\"width\":1080,\"height\":1080},{\"@type\":\"BreadcrumbList\",\"@id\":\"https:\/\/empow-her.com\/produit\/atelier-comprendre-mes-emotions-pour-les-transformer-en-leviers-daction\/#breadcrumb\",\"itemListElement\":[{\"@type\":\"ListItem\",\"position\":1,\"name\":\"Accueil\",\"item\":\"https:\/\/empow-her.com\/es\/inicio\/\"},{\"@type\":\"ListItem\",\"position\":2,\"name\":\"LA BOUTIQUE\",\"item\":\"https:\/\/empow-her.com\/boutique\/\"},{\"@type\":\"ListItem\",\"position\":3,\"name\":\"Atelier &#8211; Comprendre mes \u00e9motions pour les transformer en leviers d&#8217;action\"}]},{\"@type\":\"WebSite\",\"@id\":\"https:\/\/empow-her.com\/#website\",\"url\":\"https:\/\/empow-her.com\/\",\"name\":\"Empow&#039;Her\",\"description\":\"Women Development\",\"potentialAction\":[{\"@type\":\"SearchAction\",\"target\":{\"@type\":\"EntryPoint\",\"urlTemplate\":\"https:\/\/empow-her.com\/?s={search_term_string}\"},\"query-input\":{\"@type\":\"PropertyValueSpecification\",\"valueRequired\":true,\"valueName\":\"search_term_string\"}}],\"inLanguage\":\"es\"}]}<\/script>\n<!-- \/ Yoast SEO plugin. -->","yoast_head_json":{"title":"Atelier - Comprendre mes \u00e9motions pour les transformer en leviers d'action - Empow&#039;Her","robots":{"index":"index","follow":"follow","max-snippet":"max-snippet:-1","max-image-preview":"max-image-preview:large","max-video-preview":"max-video-preview:-1"},"canonical":"https:\/\/empow-her.com\/produit\/atelier-comprendre-mes-emotions-pour-les-transformer-en-leviers-daction\/","og_locale":"es_ES","og_type":"article","og_title":"Atelier - Comprendre mes \u00e9motions pour les transformer en leviers d'action - Empow&#039;Her","og_description":"Qu\u2019est-ce que les \u00e9motions ? Comment se manifestent-elles ? Quelles sont leurs causes ? Comment mieux comprendre vos \u00e9motions, les r\u00e9guler ou les utiliser ?  Dans cet atelier, C\u00e9cile Petit, psychologue du travail, m\u00e9diatrice et coach sp\u00e9cialis\u00e9e en intelligence \u00e9motionnelle, revient sur ce que sont les \u00e9motions et sur la fa\u00e7on dont on peut, en les identifiant et en les exprimant, les utiliser comme un levier pour mieux avancer avec les autres et au service de votre projet entrepreneurial.  Intervenant.e.s : C\u00e9cile Petit de Bulles  J'ai cette intime conviction : une vie professionnelle \u00e9panouissante s'appuie sur la qualit\u00e9 de notre relation \u00e0 nous-m\u00eames, aux autres et \u00e0 notre environnement.  Psychologue du travail, m\u00e9diatrice et coach certifi\u00e9e, j'ai un parcours de formation initiale en \u00e9cole de commerce et plusieurs ann\u00e9es d'exp\u00e9rience dans le monde de l'entreprise en France, au Canada et au Danemark.  J'ai co-fond\u00e9 l\u2019Agence Bulles avec ma s\u0153ur Sophie : des espaces-temps pour soi ou en collectif pour prendre confiance et agir avec coh\u00e9rence sans ses projets porteurs de sens.  Au travers de mon activit\u00e9 ind\u00e9pendante d\u2019accompagnement, j\u2019accompagne des particuliers \u00e0 la prise de recul sur leurs situations de travail et au d\u00e9veloppement de ressources n\u00e9cessaires pour avancer et s'accomplir dans leurs activit\u00e9s.  J'interviens \u00e9galement en tant qu'enseignante et coach en \u00e9cole de commerce et d'ing\u00e9nieur afin d\u2019\u0153uvrer aupr\u00e8s des \u00e9tudiant.e.s.  V\u00e9ritablement passionn\u00e9e par les dynamiques humaines au travail, je m'int\u00e9resse notamment au r\u00f4le des \u00e9motions. Comment faire de toutes nos \u00e9motions des alli\u00e9es au service de nos activit\u00e9s ? C'est avec joie que je vous accompagnerai sur cette th\u00e9matique !  Super pouvoir : Co-d\u00e9tective priv\u00e9e aupr\u00e8s de mes accompagn\u00e9.e.s.  Envie de dire aux femmes: L'aventure entrepreneuriale est une v\u00e9ritable exp\u00e9rience \u00e9motionnelle. Alors appuyons-nous du mieux possible sur ce qui nous met en joie. Cela nous encouragera \u00e0 mettre du c\u0153ur \u00e0 l'ouvrage et \u00e0 \u0153uvrer avec c\u0153ur !  Lieu : Sist'Her Paris, 82 rue du Faubourg Saint-Martin  Dur\u00e9e\u00a0: 3h\u00a0en pr\u00e9sentiel chez Sist\u2019Her Paris  Attention !\u00a0\u00a0Veuillez vous pr\u00e9sentez \u00e0 l\u2019heure pour que l\u2019activit\u00e9 puisse commencer \u00e0 temps. Si vous avez du retard veuillez pr\u00e9venir l\u2019intervenant.e. Si vous avez plus de 15 min de retard l\u2019intervenant.e se r\u00e9serve le droit de plus vous accepter pour le coaching ou l\u2019atelier.","og_url":"https:\/\/empow-her.com\/produit\/atelier-comprendre-mes-emotions-pour-les-transformer-en-leviers-daction\/","og_site_name":"Empow&#039;Her","article_modified_time":"2022-10-17T15:52:40+00:00","og_image":[{"width":1080,"height":1080,"url":"https:\/\/empow-her.com\/wp-content\/uploads\/2022\/10\/Women-Dare-templates-events-2022-10-17T175210.864.png","type":"image\/png"}],"twitter_card":"summary_large_image","schema":{"@context":"https:\/\/schema.org","@graph":[{"@type":"WebPage","@id":"https:\/\/empow-her.com\/produit\/atelier-comprendre-mes-emotions-pour-les-transformer-en-leviers-daction\/","url":"https:\/\/empow-her.com\/produit\/atelier-comprendre-mes-emotions-pour-les-transformer-en-leviers-daction\/","name":"Atelier - Comprendre mes \u00e9motions pour les transformer en leviers d'action - Empow&#039;Her","isPartOf":{"@id":"https:\/\/empow-her.com\/#website"},"primaryImageOfPage":{"@id":"https:\/\/empow-her.com\/produit\/atelier-comprendre-mes-emotions-pour-les-transformer-en-leviers-daction\/#primaryimage"},"image":{"@id":"https:\/\/empow-her.com\/produit\/atelier-comprendre-mes-emotions-pour-les-transformer-en-leviers-daction\/#primaryimage"},"thumbnailUrl":"https:\/\/empow-her.com\/wp-content\/uploads\/2022\/10\/Women-Dare-templates-events-2022-10-17T175210.864.png","datePublished":"2022-10-17T15:49:14+00:00","dateModified":"2022-10-17T15:52:40+00:00","breadcrumb":{"@id":"https:\/\/empow-her.com\/produit\/atelier-comprendre-mes-emotions-pour-les-transformer-en-leviers-daction\/#breadcrumb"},"inLanguage":"es","potentialAction":[{"@type":"ReadAction","target":["https:\/\/empow-her.com\/produit\/atelier-comprendre-mes-emotions-pour-les-transformer-en-leviers-daction\/"]}]},{"@type":"ImageObject","inLanguage":"es","@id":"https:\/\/empow-her.com\/produit\/atelier-comprendre-mes-emotions-pour-les-transformer-en-leviers-daction\/#primaryimage","url":"https:\/\/empow-her.com\/wp-content\/uploads\/2022\/10\/Women-Dare-templates-events-2022-10-17T175210.864.png","contentUrl":"https:\/\/empow-her.com\/wp-content\/uploads\/2022\/10\/Women-Dare-templates-events-2022-10-17T175210.864.png","width":1080,"height":1080},{"@type":"BreadcrumbList","@id":"https:\/\/empow-her.com\/produit\/atelier-comprendre-mes-emotions-pour-les-transformer-en-leviers-daction\/#breadcrumb","itemListElement":[{"@type":"ListItem","position":1,"name":"Accueil","item":"https:\/\/empow-her.com\/es\/inicio\/"},{"@type":"ListItem","position":2,"name":"LA BOUTIQUE","item":"https:\/\/empow-her.com\/boutique\/"},{"@type":"ListItem","position":3,"name":"Atelier &#8211; Comprendre mes \u00e9motions pour les transformer en leviers d&#8217;action"}]},{"@type":"WebSite","@id":"https:\/\/empow-her.com\/#website","url":"https:\/\/empow-her.com\/","name":"Empow&#039;Her","description":"Women Development","potentialAction":[{"@type":"SearchAction","target":{"@type":"EntryPoint","urlTemplate":"https:\/\/empow-her.com\/?s={search_term_string}"},"query-input":{"@type":"PropertyValueSpecification","valueRequired":true,"valueName":"search_term_string"}}],"inLanguage":"es"}]}},"_links":{"self":[{"href":"https:\/\/empow-her.com\/es\/wp-json\/wp\/v2\/product\/123699","targetHints":{"allow":["GET"]}}],"collection":[{"href":"https:\/\/empow-her.com\/es\/wp-json\/wp\/v2\/product"}],"about":[{"href":"https:\/\/empow-her.com\/es\/wp-json\/wp\/v2\/types\/product"}],"wp:featuredmedia":[{"embeddable":true,"href":"https:\/\/empow-her.com\/es\/wp-json\/wp\/v2\/media\/123700"}],"wp:attachment":[{"href":"https:\/\/empow-her.com\/es\/wp-json\/wp\/v2\/media?parent=123699"}],"wp:term":[{"taxonomy":"product_brand","embeddable":true,"href":"https:\/\/empow-her.com\/es\/wp-json\/wp\/v2\/product_brand?post=123699"},{"taxonomy":"product_cat","embeddable":true,"href":"https:\/\/empow-her.com\/es\/wp-json\/wp\/v2\/product_cat?post=123699"},{"taxonomy":"product_tag","embeddable":true,"href":"https:\/\/empow-her.com\/es\/wp-json\/wp\/v2\/product_tag?post=123699"},{"taxonomy":"lieu","embeddable":true,"href":"https:\/\/empow-her.com\/es\/wp-json\/wp\/v2\/lieu?post=123699"},{"taxonomy":"thematiques","embeddable":true,"href":"https:\/\/empow-her.com\/es\/wp-json\/wp\/v2\/thematiques?post=123699"}],"curies":[{"name":"wp","href":"https:\/\/api.w.org\/{rel}","templated":true}]}}