{"id":123696,"date":"2022-10-17T17:42:04","date_gmt":"2022-10-17T15:42:04","guid":{"rendered":"https:\/\/empow-her.com\/?post_type=product&#038;p=123696"},"modified":"2022-10-17T17:45:34","modified_gmt":"2022-10-17T15:45:34","slug":"atelier-propriete-intellectuelle-marque-et-donnees-personnelles","status":"publish","type":"product","link":"https:\/\/empow-her.com\/es\/produit\/atelier-propriete-intellectuelle-marque-et-donnees-personnelles\/","title":{"rendered":"Atelier &#8211; Propri\u00e9t\u00e9 intellectuelle, Marque et Donn\u00e9es Personnelles"},"content":{"rendered":"","protected":false},"excerpt":{"rendered":"<div>\n<p><span data-sheets-value=\"{&quot;1&quot;:2,&quot;2&quot;:&quot;Description : nnPr\u00e9-requis : nnIntervenant.e : nnSon super pouvoir : nnSon petit mot : &quot;}\" data-sheets-userformat=\"{&quot;2&quot;:641,&quot;3&quot;:{&quot;1&quot;:0},&quot;10&quot;:1,&quot;12&quot;:0}\"><strong>Description :<\/strong>Que prot\u00e9ger dans mon projet, quand et comment ?<br \/>\nQue dois-je savoir pour \u00eatre conforme aux r\u00e9glementations sur la protection des donn\u00e9es personnelles ?<\/p>\n<p>Dans cet atelier &#8220;3 en 1&#8221;, vous pourrez :<br \/>\n&#8211; Vous initier aux conditions de la propri\u00e9t\u00e9 intellectuelle (droit des marques, droit d&#8217;auteur, droit des mod\u00e8les ou des brevets),<br \/>\n&#8211; Pr\u00e9parer votre d\u00e9p\u00f4t de marque, conna\u00eetre les \u00e9tapes et les pr\u00e9-requis,<br \/>\n&#8211; Mais \u00e9galement d\u00e9couvrir les bonnes pratiques pour mettre en conformit\u00e9 la collecte et la gestion de vos donn\u00e9es clients ou utilisateurs !<\/span><\/p>\n<p><strong>Pr\u00e9-requis<\/strong> : Aucun<\/p>\n<p><strong>Intervenant.e : <\/strong>Maureen Theillet, Sol\u00e8ne G\u00e9rardin<\/p>\n<p><b>Lieu : <\/b>Sist&#8217;Her Paris, 82 rue du Faubourg Saint-Martin<\/p>\n<\/div>\n<div><\/div>\n<div><\/div>\n<div><span data-sheets-value=\"{&quot;1&quot;:2,&quot;2&quot;:&quot;Attention ! \u00a0Veuillez vous pr\u00e9sentez \u00e0 l'heure pour que l'activit\u00e9 puisse commencer \u00e0 temps. Si vous avez du retard veuillez pr\u00e9venir l'intervenant.e. Si vous avez plus de 15 min de retard l'intervenant.e se r\u00e9serve le droit de plus vous accepter pour le coaching ou l'atelier.\u00a0&quot;}\" data-sheets-userformat=\"{&quot;2&quot;:641,&quot;3&quot;:{&quot;1&quot;:0},&quot;10&quot;:1,&quot;12&quot;:0}\"><strong>Attention !<\/strong> \u00a0Veuillez vous pr\u00e9senter \u00e0 l&#8217;heure pour que l&#8217;activit\u00e9 puisse commencer \u00e0 temps. Si vous avez du retard veuillez pr\u00e9venir l&#8217;intervenant.e. Si vous avez plus de 15 min de retard l&#8217;intervenant.e se r\u00e9serve le droit de ne plus vous accepter pour le coaching ou l&#8217;atelier.\u00a0<\/span><\/div>\n","protected":false},"featured_media":123697,"template":"","format":"standard","meta":{"_acf_changed":false,"om_disable_all_campaigns":false,"_uf_show_specific_survey":0,"_uf_disable_surveys":false},"product_brand":[],"product_cat":[118],"product_tag":[],"lieu":[127],"thematiques":[],"class_list":{"0":"post-123696","1":"product","2":"type-product","3":"status-publish","4":"format-standard","5":"has-post-thumbnail","7":"product_cat-atelier-collectif","8":"lieu-hub-empowher","10":"first","11":"instock","12":"virtual","13":"purchasable","14":"product-type-appointment"},"exclude_global_add_ons":[],"addons":[],"acf":[],"yoast_head":"<!-- This site is optimized with the Yoast SEO plugin v24.8 - https:\/\/yoast.com\/wordpress\/plugins\/seo\/ -->\n<title>Atelier - Propri\u00e9t\u00e9 intellectuelle, Marque et Donn\u00e9es Personnelles - Empow&#039;Her<\/title>\n<meta name=\"robots\" content=\"index, follow, max-snippet:-1, max-image-preview:large, max-video-preview:-1\" \/>\n<link rel=\"canonical\" href=\"https:\/\/empow-her.com\/produit\/atelier-propriete-intellectuelle-marque-et-donnees-personnelles\/\" \/>\n<meta property=\"og:locale\" content=\"es_ES\" \/>\n<meta property=\"og:type\" content=\"article\" \/>\n<meta property=\"og:title\" content=\"Atelier - Propri\u00e9t\u00e9 intellectuelle, Marque et Donn\u00e9es Personnelles - Empow&#039;Her\" \/>\n<meta property=\"og:description\" content=\"Description :Que prot\u00e9ger dans mon projet, quand et comment ? Que dois-je savoir pour \u00eatre conforme aux r\u00e9glementations sur la protection des donn\u00e9es personnelles ?  Dans cet atelier &quot;3 en 1&quot;, vous pourrez : - Vous initier aux conditions de la propri\u00e9t\u00e9 intellectuelle (droit des marques, droit d&#039;auteur, droit des mod\u00e8les ou des brevets), - Pr\u00e9parer votre d\u00e9p\u00f4t de marque, conna\u00eetre les \u00e9tapes et les pr\u00e9-requis, - Mais \u00e9galement d\u00e9couvrir les bonnes pratiques pour mettre en conformit\u00e9 la collecte et la gestion de vos donn\u00e9es clients ou utilisateurs !  Pr\u00e9-requis : Aucun  Intervenant.e : Maureen Theillet, Sol\u00e8ne G\u00e9rardin  Lieu : Sist&#039;Her Paris, 82 rue du Faubourg Saint-Martin     Attention ! \u00a0Veuillez vous pr\u00e9senter \u00e0 l&#039;heure pour que l&#039;activit\u00e9 puisse commencer \u00e0 temps. Si vous avez du retard veuillez pr\u00e9venir l&#039;intervenant.e. Si vous avez plus de 15 min de retard l&#039;intervenant.e se r\u00e9serve le droit de ne plus vous accepter pour le coaching ou l&#039;atelier.\u00a0\" \/>\n<meta property=\"og:url\" content=\"https:\/\/empow-her.com\/produit\/atelier-propriete-intellectuelle-marque-et-donnees-personnelles\/\" \/>\n<meta property=\"og:site_name\" content=\"Empow&#039;Her\" \/>\n<meta property=\"article:modified_time\" content=\"2022-10-17T15:45:34+00:00\" \/>\n<meta property=\"og:image\" content=\"https:\/\/empow-her.com\/wp-content\/uploads\/2022\/10\/Women-Dare-templates-events-2022-10-17T174515.047.png\" \/>\n\t<meta property=\"og:image:width\" content=\"1080\" \/>\n\t<meta property=\"og:image:height\" content=\"1080\" \/>\n\t<meta property=\"og:image:type\" content=\"image\/png\" \/>\n<meta name=\"twitter:card\" content=\"summary_large_image\" \/>\n<script type=\"application\/ld+json\" class=\"yoast-schema-graph\">{\"@context\":\"https:\/\/schema.org\",\"@graph\":[{\"@type\":\"WebPage\",\"@id\":\"https:\/\/empow-her.com\/produit\/atelier-propriete-intellectuelle-marque-et-donnees-personnelles\/\",\"url\":\"https:\/\/empow-her.com\/produit\/atelier-propriete-intellectuelle-marque-et-donnees-personnelles\/\",\"name\":\"Atelier - Propri\u00e9t\u00e9 intellectuelle, Marque et Donn\u00e9es Personnelles - Empow&#039;Her\",\"isPartOf\":{\"@id\":\"https:\/\/empow-her.com\/#website\"},\"primaryImageOfPage\":{\"@id\":\"https:\/\/empow-her.com\/produit\/atelier-propriete-intellectuelle-marque-et-donnees-personnelles\/#primaryimage\"},\"image\":{\"@id\":\"https:\/\/empow-her.com\/produit\/atelier-propriete-intellectuelle-marque-et-donnees-personnelles\/#primaryimage\"},\"thumbnailUrl\":\"https:\/\/empow-her.com\/wp-content\/uploads\/2022\/10\/Women-Dare-templates-events-2022-10-17T174515.047.png\",\"datePublished\":\"2022-10-17T15:42:04+00:00\",\"dateModified\":\"2022-10-17T15:45:34+00:00\",\"breadcrumb\":{\"@id\":\"https:\/\/empow-her.com\/produit\/atelier-propriete-intellectuelle-marque-et-donnees-personnelles\/#breadcrumb\"},\"inLanguage\":\"es\",\"potentialAction\":[{\"@type\":\"ReadAction\",\"target\":[\"https:\/\/empow-her.com\/produit\/atelier-propriete-intellectuelle-marque-et-donnees-personnelles\/\"]}]},{\"@type\":\"ImageObject\",\"inLanguage\":\"es\",\"@id\":\"https:\/\/empow-her.com\/produit\/atelier-propriete-intellectuelle-marque-et-donnees-personnelles\/#primaryimage\",\"url\":\"https:\/\/empow-her.com\/wp-content\/uploads\/2022\/10\/Women-Dare-templates-events-2022-10-17T174515.047.png\",\"contentUrl\":\"https:\/\/empow-her.com\/wp-content\/uploads\/2022\/10\/Women-Dare-templates-events-2022-10-17T174515.047.png\",\"width\":1080,\"height\":1080},{\"@type\":\"BreadcrumbList\",\"@id\":\"https:\/\/empow-her.com\/produit\/atelier-propriete-intellectuelle-marque-et-donnees-personnelles\/#breadcrumb\",\"itemListElement\":[{\"@type\":\"ListItem\",\"position\":1,\"name\":\"Accueil\",\"item\":\"https:\/\/empow-her.com\/es\/inicio\/\"},{\"@type\":\"ListItem\",\"position\":2,\"name\":\"LA BOUTIQUE\",\"item\":\"https:\/\/empow-her.com\/boutique\/\"},{\"@type\":\"ListItem\",\"position\":3,\"name\":\"Atelier &#8211; Propri\u00e9t\u00e9 intellectuelle, Marque et Donn\u00e9es Personnelles\"}]},{\"@type\":\"WebSite\",\"@id\":\"https:\/\/empow-her.com\/#website\",\"url\":\"https:\/\/empow-her.com\/\",\"name\":\"Empow&#039;Her\",\"description\":\"Women Development\",\"potentialAction\":[{\"@type\":\"SearchAction\",\"target\":{\"@type\":\"EntryPoint\",\"urlTemplate\":\"https:\/\/empow-her.com\/?s={search_term_string}\"},\"query-input\":{\"@type\":\"PropertyValueSpecification\",\"valueRequired\":true,\"valueName\":\"search_term_string\"}}],\"inLanguage\":\"es\"}]}<\/script>\n<!-- \/ Yoast SEO plugin. -->","yoast_head_json":{"title":"Atelier - Propri\u00e9t\u00e9 intellectuelle, Marque et Donn\u00e9es Personnelles - Empow&#039;Her","robots":{"index":"index","follow":"follow","max-snippet":"max-snippet:-1","max-image-preview":"max-image-preview:large","max-video-preview":"max-video-preview:-1"},"canonical":"https:\/\/empow-her.com\/produit\/atelier-propriete-intellectuelle-marque-et-donnees-personnelles\/","og_locale":"es_ES","og_type":"article","og_title":"Atelier - Propri\u00e9t\u00e9 intellectuelle, Marque et Donn\u00e9es Personnelles - Empow&#039;Her","og_description":"Description :Que prot\u00e9ger dans mon projet, quand et comment ? Que dois-je savoir pour \u00eatre conforme aux r\u00e9glementations sur la protection des donn\u00e9es personnelles ?  Dans cet atelier \"3 en 1\", vous pourrez : - Vous initier aux conditions de la propri\u00e9t\u00e9 intellectuelle (droit des marques, droit d'auteur, droit des mod\u00e8les ou des brevets), - Pr\u00e9parer votre d\u00e9p\u00f4t de marque, conna\u00eetre les \u00e9tapes et les pr\u00e9-requis, - Mais \u00e9galement d\u00e9couvrir les bonnes pratiques pour mettre en conformit\u00e9 la collecte et la gestion de vos donn\u00e9es clients ou utilisateurs !  Pr\u00e9-requis : Aucun  Intervenant.e : Maureen Theillet, Sol\u00e8ne G\u00e9rardin  Lieu : Sist'Her Paris, 82 rue du Faubourg Saint-Martin     Attention ! \u00a0Veuillez vous pr\u00e9senter \u00e0 l'heure pour que l'activit\u00e9 puisse commencer \u00e0 temps. Si vous avez du retard veuillez pr\u00e9venir l'intervenant.e. Si vous avez plus de 15 min de retard l'intervenant.e se r\u00e9serve le droit de ne plus vous accepter pour le coaching ou l'atelier.\u00a0","og_url":"https:\/\/empow-her.com\/produit\/atelier-propriete-intellectuelle-marque-et-donnees-personnelles\/","og_site_name":"Empow&#039;Her","article_modified_time":"2022-10-17T15:45:34+00:00","og_image":[{"width":1080,"height":1080,"url":"https:\/\/empow-her.com\/wp-content\/uploads\/2022\/10\/Women-Dare-templates-events-2022-10-17T174515.047.png","type":"image\/png"}],"twitter_card":"summary_large_image","schema":{"@context":"https:\/\/schema.org","@graph":[{"@type":"WebPage","@id":"https:\/\/empow-her.com\/produit\/atelier-propriete-intellectuelle-marque-et-donnees-personnelles\/","url":"https:\/\/empow-her.com\/produit\/atelier-propriete-intellectuelle-marque-et-donnees-personnelles\/","name":"Atelier - Propri\u00e9t\u00e9 intellectuelle, Marque et Donn\u00e9es Personnelles - Empow&#039;Her","isPartOf":{"@id":"https:\/\/empow-her.com\/#website"},"primaryImageOfPage":{"@id":"https:\/\/empow-her.com\/produit\/atelier-propriete-intellectuelle-marque-et-donnees-personnelles\/#primaryimage"},"image":{"@id":"https:\/\/empow-her.com\/produit\/atelier-propriete-intellectuelle-marque-et-donnees-personnelles\/#primaryimage"},"thumbnailUrl":"https:\/\/empow-her.com\/wp-content\/uploads\/2022\/10\/Women-Dare-templates-events-2022-10-17T174515.047.png","datePublished":"2022-10-17T15:42:04+00:00","dateModified":"2022-10-17T15:45:34+00:00","breadcrumb":{"@id":"https:\/\/empow-her.com\/produit\/atelier-propriete-intellectuelle-marque-et-donnees-personnelles\/#breadcrumb"},"inLanguage":"es","potentialAction":[{"@type":"ReadAction","target":["https:\/\/empow-her.com\/produit\/atelier-propriete-intellectuelle-marque-et-donnees-personnelles\/"]}]},{"@type":"ImageObject","inLanguage":"es","@id":"https:\/\/empow-her.com\/produit\/atelier-propriete-intellectuelle-marque-et-donnees-personnelles\/#primaryimage","url":"https:\/\/empow-her.com\/wp-content\/uploads\/2022\/10\/Women-Dare-templates-events-2022-10-17T174515.047.png","contentUrl":"https:\/\/empow-her.com\/wp-content\/uploads\/2022\/10\/Women-Dare-templates-events-2022-10-17T174515.047.png","width":1080,"height":1080},{"@type":"BreadcrumbList","@id":"https:\/\/empow-her.com\/produit\/atelier-propriete-intellectuelle-marque-et-donnees-personnelles\/#breadcrumb","itemListElement":[{"@type":"ListItem","position":1,"name":"Accueil","item":"https:\/\/empow-her.com\/es\/inicio\/"},{"@type":"ListItem","position":2,"name":"LA BOUTIQUE","item":"https:\/\/empow-her.com\/boutique\/"},{"@type":"ListItem","position":3,"name":"Atelier &#8211; Propri\u00e9t\u00e9 intellectuelle, Marque et Donn\u00e9es Personnelles"}]},{"@type":"WebSite","@id":"https:\/\/empow-her.com\/#website","url":"https:\/\/empow-her.com\/","name":"Empow&#039;Her","description":"Women Development","potentialAction":[{"@type":"SearchAction","target":{"@type":"EntryPoint","urlTemplate":"https:\/\/empow-her.com\/?s={search_term_string}"},"query-input":{"@type":"PropertyValueSpecification","valueRequired":true,"valueName":"search_term_string"}}],"inLanguage":"es"}]}},"_links":{"self":[{"href":"https:\/\/empow-her.com\/es\/wp-json\/wp\/v2\/product\/123696","targetHints":{"allow":["GET"]}}],"collection":[{"href":"https:\/\/empow-her.com\/es\/wp-json\/wp\/v2\/product"}],"about":[{"href":"https:\/\/empow-her.com\/es\/wp-json\/wp\/v2\/types\/product"}],"wp:featuredmedia":[{"embeddable":true,"href":"https:\/\/empow-her.com\/es\/wp-json\/wp\/v2\/media\/123697"}],"wp:attachment":[{"href":"https:\/\/empow-her.com\/es\/wp-json\/wp\/v2\/media?parent=123696"}],"wp:term":[{"taxonomy":"product_brand","embeddable":true,"href":"https:\/\/empow-her.com\/es\/wp-json\/wp\/v2\/product_brand?post=123696"},{"taxonomy":"product_cat","embeddable":true,"href":"https:\/\/empow-her.com\/es\/wp-json\/wp\/v2\/product_cat?post=123696"},{"taxonomy":"product_tag","embeddable":true,"href":"https:\/\/empow-her.com\/es\/wp-json\/wp\/v2\/product_tag?post=123696"},{"taxonomy":"lieu","embeddable":true,"href":"https:\/\/empow-her.com\/es\/wp-json\/wp\/v2\/lieu?post=123696"},{"taxonomy":"thematiques","embeddable":true,"href":"https:\/\/empow-her.com\/es\/wp-json\/wp\/v2\/thematiques?post=123696"}],"curies":[{"name":"wp","href":"https:\/\/api.w.org\/{rel}","templated":true}]}}