{"id":123688,"date":"2022-10-17T15:02:14","date_gmt":"2022-10-17T13:02:14","guid":{"rendered":"https:\/\/empow-her.com\/?post_type=product&#038;p=123688"},"modified":"2022-10-27T11:25:42","modified_gmt":"2022-10-27T09:25:42","slug":"bookclub7-me-too-ecriture-comme-liberation","status":"publish","type":"product","link":"https:\/\/empow-her.com\/es\/produit\/bookclub7-me-too-ecriture-comme-liberation\/","title":{"rendered":"BookClub #7 &#8211; #MeToo : l&#8217;\u00e9criture comme lib\u00e9ration"},"content":{"rendered":"<h5>Le mercredi 9 novembre, rejoins-nous chez Sist&#8217;Her pour notre 7\u00e8me bookclub d\u00e8s 18h30 <img decoding=\"async\" class=\"emoji\" role=\"img\" draggable=\"false\" src=\"https:\/\/s.w.org\/images\/core\/emoji\/14.0.0\/svg\/1f4da.svg\" alt=\"&#x1f4da;\" \/><\/h5>\n<p>Le Bookclub #7 fait \u00e9cho au large mouvement MeToo et \u00e0 ses bouleversements&#8230; Il portera sur la th\u00e9matique de<strong>\u00a0#MeToo : l&#8217;\u00e9criture comme lib\u00e9ration !\u00a0<\/strong><\/p>\n<div>\n<ul>\n<li>\n<h4><em>#MeToo, le mouvement<\/em><\/h4>\n<\/li>\n<\/ul>\n<p><b data-stringify-type=\"bold\">Le 15 octobre 2017<\/b>, l\u2019actrice Alyssa Milano lan\u00e7ait le #MeToo sur les r\u00e9seaux sociaux, apr\u00e8s la r\u00e9v\u00e9lation d\u2019un scandale sexuel impliquant le producteur Harvey Weinstein. Depuis 870 200 tweets sur cinq ans en France! Mais qu\u2019est ce que celui-ci a vraiment chang\u00e9? #MeToo, 5 ans plus tard c\u2019est un bilan mitig\u00e9. D&#8217;un c\u00f4t\u00e9 l\u2019\u00e9volution des comportements qui a remis le consentement au centre des rapports sociaux, la lib\u00e9ration de la parole, la sororit\u00e9 grandissante, le changement de vision de la masculinit\u00e9 mais aussi l\u2019antif\u00e9minisme qui persiste et ces hommes qui restent impunis.<\/p>\n<ul>\n<li>\n<h4>Rencontre 3 autrices qui ont \u00e9crit sur ces cinq derni\u00e8res ann\u00e9es :<\/h4>\n<\/li>\n<\/ul>\n<p><b>&#x1f33a;<\/b>Aline Laurent-Mayard pr\u00e9sentera <em>Lib\u00e9r\u00e9s de la masculinit\u00e9: Comment Thimoth\u00e9 Chalamet m\u2019a fait croire \u00e0 l\u2019homme nouveau<\/em>, 2022 (Ed. J.-C Latt\u00e8s)<\/p>\n<p>&#x1f33c; H\u00e9l\u00e8ne Devynck pr\u00e9sentera<em> Impunit\u00e9<\/em>, 2022. (Ed. Seuil)<\/p>\n<p>&#x1f339;\u00a0Mathilde Morrigan pr\u00e9sentera <em>Sans patriarcat, 2022<\/em> (Ed. Leduc Soci\u00e9t\u00e9)<\/p>\n<p>Tu as suivi le mouvement, tu es avide de t\u00e9moignages poignants ou tu souhaites mieux comprendre les processus d&#8217;\u00e9criture ? Viens \u00e9changer avec des autrices concern\u00e9es et engag\u00e9es !<\/p>\n<\/div>\n<div class=\"l7ghb35v kjdc1dyq kmwttqpk gh25dzvf jikcssrz\">Vous pourrez \u00e9galement acheter leurs livres gr\u00e2ce \u00e0 la librairie <em>Un livre et une tasse de th\u00e9<\/em> et les faire d\u00e9dicacer.<\/div>\n<div class=\"l7ghb35v kjdc1dyq kmwttqpk gh25dzvf jikcssrz\"><\/div>\n<div class=\"l7ghb35v kjdc1dyq kmwttqpk gh25dzvf jikcssrz\"><span class=\"fxk3tzhb b2rh1bv3 gh55jysx m8h3af8h ewco64xe kjdc1dyq ms56khn7 bq6c9xl4 eohcrkr5 akh3l2rg\"><img decoding=\"async\" src=\"https:\/\/static.xx.fbcdn.net\/images\/emoji.php\/v9\/t9b\/1.5\/16\/1f50e.png\" alt=\"&#x1f50e;\" width=\"16\" height=\"16\" \/><\/span><em>\u00a0MerciBOOKoup<\/em> : l\u2019association vise \u00e0 favoriser l\u2019\u00e9gal acc\u00e8s \u00e0 la lecture pour tou.te.s et l\u2019\u00e9conomie circulaire, tout en cr\u00e9ant du lien social. N\u2019h\u00e9sitez pas \u00e0 les suivre sur les r\u00e9seaux sociaux :\u00a0<a class=\"qi72231t nu7423ey n3hqoq4p r86q59rh b3qcqh3k fq87ekyn bdao358l fsf7x5fv rse6dlih s5oniofx m8h3af8h l7ghb35v kjdc1dyq kmwttqpk srn514ro oxkhqvkx rl78xhln nch0832m cr00lzj9 rn8ck1ys s3jn8y49 icdlwmnq cxfqmxzd pbevjfx6 innypi6y\" tabindex=\"0\" role=\"link\" href=\"https:\/\/www.facebook.com\/MerciBOOKoup.NL\/?__cft__[0]=AZXBXut3eedpkogWigMWXO81Ts79UezTSQ_8k5zuZPb7eoN8Nl-OrJ8RqCych6BProEh9bnYTSnxg2brJd5EWINA5UQyJWnvFr6n1liLDknkYD-7CaNM6r2BAdpJljMpjQQ6x4aW88VkHk6gZzu4T2mN&amp;__tn__=q\"><span class=\"rse6dlih\">https:\/\/www.facebook.com\/MerciBOOKoup.NL<\/span><\/a><\/div>\n<div class=\"l7ghb35v kjdc1dyq kmwttqpk gh25dzvf jikcssrz\">Ps : Tu peux emprunter des livres gratuitement dans la biblioth\u00e8que f\u00e9ministe le midi de 12h \u00e0 14h en semaine (caution \u00e0 pr\u00e9voir).<\/div>\n<div><\/div>\n<div class=\"l7ghb35v kjdc1dyq kmwttqpk gh25dzvf jikcssrz\"><span class=\"fxk3tzhb b2rh1bv3 gh55jysx m8h3af8h ewco64xe kjdc1dyq ms56khn7 bq6c9xl4 eohcrkr5 akh3l2rg\"><img decoding=\"async\" src=\"https:\/\/static.xx.fbcdn.net\/images\/emoji.php\/v9\/te4\/1.5\/16\/26a1.png\" alt=\"&#x26a1;&#xfe0f;\" width=\"16\" height=\"16\" \/><\/span><span class=\"fxk3tzhb b2rh1bv3 gh55jysx m8h3af8h ewco64xe kjdc1dyq ms56khn7 bq6c9xl4 eohcrkr5 akh3l2rg\"><img decoding=\"async\" src=\"https:\/\/static.xx.fbcdn.net\/images\/emoji.php\/v9\/te4\/1.5\/16\/26a1.png\" alt=\"&#x26a1;&#xfe0f;\" width=\"16\" height=\"16\" \/><\/span><span class=\"fxk3tzhb b2rh1bv3 gh55jysx m8h3af8h ewco64xe kjdc1dyq ms56khn7 bq6c9xl4 eohcrkr5 akh3l2rg\"><img decoding=\"async\" src=\"https:\/\/static.xx.fbcdn.net\/images\/emoji.php\/v9\/te4\/1.5\/16\/26a1.png\" alt=\"&#x26a1;&#xfe0f;\" width=\"16\" height=\"16\" \/><\/span><\/div>\n<div class=\"l7ghb35v kjdc1dyq kmwttqpk gh25dzvf jikcssrz\"><strong>Infos pratiques<\/strong><br \/>\n<span class=\"fxk3tzhb b2rh1bv3 gh55jysx m8h3af8h ewco64xe kjdc1dyq ms56khn7 bq6c9xl4 eohcrkr5 akh3l2rg\"><img decoding=\"async\" src=\"https:\/\/static.xx.fbcdn.net\/images\/emoji.php\/v9\/td7\/1.5\/16\/1f4c5.png\" alt=\"&#x1f4c5;\" width=\"16\" height=\"16\" \/><\/span> L\u2019\u00e9v\u00e9nement se d\u00e9roulera le 9 novembre de 18h30 \u00e0 20h30.<br \/>\n<span class=\"fxk3tzhb b2rh1bv3 gh55jysx m8h3af8h ewco64xe kjdc1dyq ms56khn7 bq6c9xl4 eohcrkr5 akh3l2rg\"><img loading=\"lazy\" decoding=\"async\" src=\"https:\/\/static.xx.fbcdn.net\/images\/emoji.php\/v9\/t8b\/1.5\/16\/1f516.png\" alt=\"&#x1f516;\" width=\"16\" height=\"16\" \/><\/span> R\u00e9servation gratuite obligatoire<br \/>\n<span class=\"fxk3tzhb b2rh1bv3 gh55jysx m8h3af8h ewco64xe kjdc1dyq ms56khn7 bq6c9xl4 eohcrkr5 akh3l2rg\"><img loading=\"lazy\" decoding=\"async\" src=\"https:\/\/static.xx.fbcdn.net\/images\/emoji.php\/v9\/t86\/1.5\/16\/1f4cd.png\" alt=\"&#x1f4cd;\" width=\"16\" height=\"16\" \/><\/span>\u00a0Sist\u2019He : 82 rue du Faubourg Saint-Martin 75010 Paris<\/div>\n<div><\/div>\n<div class=\"l7ghb35v kjdc1dyq kmwttqpk gh25dzvf jikcssrz\">Ouvert en mars 2021, Sist\u2019Her est le premier tiers-lieu sorore, d\u00e9di\u00e9 aux entrepreneuses et \u00e0 l&#8217;impact en \u00cele-de-France. Port\u00e9 par l\u2019association Empow\u2019Her, c\u2019est un lieu de formations et de rencontres inclusif et collaboratif, ouvert \u00e0 tou\u00b7te\u00b7s o\u00f9 il est possible de se former, s\u2019inspirer, s\u2019engager et se rencontrer.<\/div>\n<div><\/div>\n<div class=\"l7ghb35v kjdc1dyq kmwttqpk gh25dzvf jikcssrz\">A tr\u00e8s vite ! <span class=\"fxk3tzhb b2rh1bv3 gh55jysx m8h3af8h ewco64xe kjdc1dyq ms56khn7 bq6c9xl4 eohcrkr5 akh3l2rg\"><img loading=\"lazy\" decoding=\"async\" src=\"https:\/\/static.xx.fbcdn.net\/images\/emoji.php\/v9\/t56\/1.5\/16\/1f64c.png\" alt=\"&#x1f64c;\" width=\"16\" height=\"16\" \/><\/span><\/div>\n","protected":false},"excerpt":{"rendered":"<h2>Le mercredi 9 novembre, rejoins-nous chez Sist&#8217;Her pour notre 7\u00e8me bookclub d\u00e8s 18h30 <img decoding=\"async\" class=\"emoji\" role=\"img\" draggable=\"false\" src=\"https:\/\/s.w.org\/images\/core\/emoji\/14.0.0\/svg\/1f4da.svg\" alt=\"&#x1f4da;\" \/><\/h2>\n<p>Le Bookclub #7 fait \u00e9cho au large mouvement MeToo et \u00e0 ses bouleversements&#8230; Il portera sur la th\u00e9matique de<strong>\u00a0#MeToo : l&#8217;\u00e9criture comme lib\u00e9ration !\u00a0<\/strong><\/p>\n<div>\n<ul>\n<li>\n<h4><em>#MeToo, le mouvement<\/em><\/h4>\n<\/li>\n<\/ul>\n<p><b data-stringify-type=\"bold\">Le 15 octobre 2017<\/b>, l\u2019actrice Alyssa Milano lan\u00e7ait le #MeToo sur les r\u00e9seaux sociaux, apr\u00e8s la r\u00e9v\u00e9lation d\u2019un scandale sexuel impliquant le producteur Harvey Weinstein. Depuis 870 200 tweets sur cinq ans en France! Mais qu\u2019est ce que celui-ci a vraiment chang\u00e9? #MeToo, 5 ans plus tard c\u2019est un bilan mitig\u00e9. D&#8217;un c\u00f4t\u00e9 l\u2019\u00e9volution des comportements qui a remis le consentement au centre des rapports sociaux, la lib\u00e9ration de la parole, la sororit\u00e9 grandissante, le changement de vision de la masculinit\u00e9 mais aussi l\u2019antif\u00e9minisme qui persiste et ces hommes qui restent impunis.<\/p>\n<ul>\n<li>\n<h4>Rencontre 3 autrices qui ont \u00e9crit sur ces cinq derni\u00e8res ann\u00e9es :<\/h4>\n<\/li>\n<\/ul>\n<p><b>&#x1f33a;<\/b>Aline Laurent-Mayard pr\u00e9sentera <em>Lib\u00e9r\u00e9s de la masculinit\u00e9: Comment Thimoth\u00e9 Chalamet m\u2019a fait croire \u00e0 l\u2019homme nouveau<\/em>, 2022 (Ed. J.-C Latt\u00e8s)<\/p>\n<p>&#x1f33c; H\u00e9l\u00e8ne Devynck pr\u00e9sentera<em> Impunit\u00e9<\/em>, 2022. (Ed. Seuil)<\/p>\n<p>&#x1f339;\u00a0Mathilde Morrigan pr\u00e9sentera <em>Sans patriarcat, 2022<\/em> (Ed. Leduc Soci\u00e9t\u00e9)<\/p>\n<p>Tu as suivi le mouvement, tu es avide de t\u00e9moignages poignants ou tu souhaites mieux comprendre les processus d&#8217;\u00e9criture ? Viens \u00e9changer avec des autrices concern\u00e9es et engag\u00e9es !<\/p>\n<\/div>\n<div class=\"l7ghb35v kjdc1dyq kmwttqpk gh25dzvf jikcssrz\">Vous pourrez \u00e9galement acheter leurs livres gr\u00e2ce \u00e0 la librairie <em>Un livre et une tasse de th\u00e9<\/em> et les faire d\u00e9dicacer.<\/div>\n<div class=\"l7ghb35v kjdc1dyq kmwttqpk gh25dzvf jikcssrz\"><\/div>\n<div class=\"l7ghb35v kjdc1dyq kmwttqpk gh25dzvf jikcssrz\"><span class=\"fxk3tzhb b2rh1bv3 gh55jysx m8h3af8h ewco64xe kjdc1dyq ms56khn7 bq6c9xl4 eohcrkr5 akh3l2rg\"><img decoding=\"async\" src=\"https:\/\/static.xx.fbcdn.net\/images\/emoji.php\/v9\/t9b\/1.5\/16\/1f50e.png\" alt=\"&#x1f50e;\" width=\"16\" height=\"16\" \/><\/span><em>\u00a0MerciBOOKoup<\/em> : l\u2019association vise \u00e0 favoriser l\u2019\u00e9gal acc\u00e8s \u00e0 la lecture pour tou.te.s et l\u2019\u00e9conomie circulaire, tout en cr\u00e9ant du lien social. N\u2019h\u00e9sitez pas \u00e0 les suivre sur les r\u00e9seaux sociaux :\u00a0<a class=\"qi72231t nu7423ey n3hqoq4p r86q59rh b3qcqh3k fq87ekyn bdao358l fsf7x5fv rse6dlih s5oniofx m8h3af8h l7ghb35v kjdc1dyq kmwttqpk srn514ro oxkhqvkx rl78xhln nch0832m cr00lzj9 rn8ck1ys s3jn8y49 icdlwmnq cxfqmxzd pbevjfx6 innypi6y\" tabindex=\"0\" role=\"link\" href=\"https:\/\/www.facebook.com\/MerciBOOKoup.NL\/?__cft__[0]=AZXBXut3eedpkogWigMWXO81Ts79UezTSQ_8k5zuZPb7eoN8Nl-OrJ8RqCych6BProEh9bnYTSnxg2brJd5EWINA5UQyJWnvFr6n1liLDknkYD-7CaNM6r2BAdpJljMpjQQ6x4aW88VkHk6gZzu4T2mN&amp;__tn__=q\"><span class=\"rse6dlih\">https:\/\/www.facebook.com\/MerciBOOKoup.NL<\/span><\/a><\/div>\n<div class=\"l7ghb35v kjdc1dyq kmwttqpk gh25dzvf jikcssrz\">Ps : Tu peux emprunter des livres gratuitement dans la biblioth\u00e8que f\u00e9ministe le midi de 12h \u00e0 14h en semaine (caution \u00e0 pr\u00e9voir).<\/div>\n<div><\/div>\n<div class=\"l7ghb35v kjdc1dyq kmwttqpk gh25dzvf jikcssrz\"><span class=\"fxk3tzhb b2rh1bv3 gh55jysx m8h3af8h ewco64xe kjdc1dyq ms56khn7 bq6c9xl4 eohcrkr5 akh3l2rg\"><img decoding=\"async\" src=\"https:\/\/static.xx.fbcdn.net\/images\/emoji.php\/v9\/te4\/1.5\/16\/26a1.png\" alt=\"&#x26a1;&#xfe0f;\" width=\"16\" height=\"16\" \/><\/span><span class=\"fxk3tzhb b2rh1bv3 gh55jysx m8h3af8h ewco64xe kjdc1dyq ms56khn7 bq6c9xl4 eohcrkr5 akh3l2rg\"><img decoding=\"async\" src=\"https:\/\/static.xx.fbcdn.net\/images\/emoji.php\/v9\/te4\/1.5\/16\/26a1.png\" alt=\"&#x26a1;&#xfe0f;\" width=\"16\" height=\"16\" \/><\/span><span class=\"fxk3tzhb b2rh1bv3 gh55jysx m8h3af8h ewco64xe kjdc1dyq ms56khn7 bq6c9xl4 eohcrkr5 akh3l2rg\"><img decoding=\"async\" src=\"https:\/\/static.xx.fbcdn.net\/images\/emoji.php\/v9\/te4\/1.5\/16\/26a1.png\" alt=\"&#x26a1;&#xfe0f;\" width=\"16\" height=\"16\" \/><\/span><\/div>\n<div class=\"l7ghb35v kjdc1dyq kmwttqpk gh25dzvf jikcssrz\"><strong>Infos pratiques<\/strong><br \/>\n<span class=\"fxk3tzhb b2rh1bv3 gh55jysx m8h3af8h ewco64xe kjdc1dyq ms56khn7 bq6c9xl4 eohcrkr5 akh3l2rg\"><img decoding=\"async\" src=\"https:\/\/static.xx.fbcdn.net\/images\/emoji.php\/v9\/td7\/1.5\/16\/1f4c5.png\" alt=\"&#x1f4c5;\" width=\"16\" height=\"16\" \/><\/span> L\u2019\u00e9v\u00e9nement se d\u00e9roulera le 9 novembre de 18h30 \u00e0 20h30.<br \/>\n<span class=\"fxk3tzhb b2rh1bv3 gh55jysx m8h3af8h ewco64xe kjdc1dyq ms56khn7 bq6c9xl4 eohcrkr5 akh3l2rg\"><img loading=\"lazy\" decoding=\"async\" src=\"https:\/\/static.xx.fbcdn.net\/images\/emoji.php\/v9\/t8b\/1.5\/16\/1f516.png\" alt=\"&#x1f516;\" width=\"16\" height=\"16\" \/><\/span> R\u00e9servation gratuite obligatoire<br \/>\n<span class=\"fxk3tzhb b2rh1bv3 gh55jysx m8h3af8h ewco64xe kjdc1dyq ms56khn7 bq6c9xl4 eohcrkr5 akh3l2rg\"><img loading=\"lazy\" decoding=\"async\" src=\"https:\/\/static.xx.fbcdn.net\/images\/emoji.php\/v9\/t86\/1.5\/16\/1f4cd.png\" alt=\"&#x1f4cd;\" width=\"16\" height=\"16\" \/><\/span> Sist\u2019Her : 82 rue du Faubourg Saint-Martin 75010 Paris<\/div>\n<div><\/div>\n<div class=\"l7ghb35v kjdc1dyq kmwttqpk gh25dzvf jikcssrz\">Ouvert en mars 2021, Sist\u2019Her est le premier tiers-lieu sorore, d\u00e9di\u00e9 aux entrepreneuses et \u00e0 l&#8217;impact en \u00cele-de-France. Port\u00e9 par l\u2019association Empow\u2019Her, c\u2019est un lieu de formations et de rencontres inclusif et collaboratif, ouvert \u00e0 tou\u00b7te\u00b7s o\u00f9 il est possible de se former, s\u2019inspirer, s\u2019engager et se rencontrer.<\/div>\n<div><\/div>\n<div class=\"l7ghb35v kjdc1dyq kmwttqpk gh25dzvf jikcssrz\">A tr\u00e8s vite ! <span class=\"fxk3tzhb b2rh1bv3 gh55jysx m8h3af8h ewco64xe kjdc1dyq ms56khn7 bq6c9xl4 eohcrkr5 akh3l2rg\"><img loading=\"lazy\" decoding=\"async\" src=\"https:\/\/static.xx.fbcdn.net\/images\/emoji.php\/v9\/t56\/1.5\/16\/1f64c.png\" alt=\"&#x1f64c;\" width=\"16\" height=\"16\" \/><\/span><\/div>\n","protected":false},"featured_media":123768,"template":"","format":"standard","meta":{"_acf_changed":false,"om_disable_all_campaigns":false,"_uf_show_specific_survey":0,"_uf_disable_surveys":false},"product_brand":[],"product_cat":[119],"product_tag":[],"lieu":[127],"thematiques":[],"class_list":{"0":"post-123688","1":"product","2":"type-product","3":"status-publish","4":"format-standard","5":"has-post-thumbnail","7":"product_cat-evenement-sisther","8":"lieu-hub-empowher","10":"first","11":"instock","12":"virtual","13":"purchasable","14":"product-type-appointment"},"exclude_global_add_ons":[],"addons":[],"acf":[],"yoast_head":"<!-- This site is optimized with the Yoast SEO plugin v24.8 - https:\/\/yoast.com\/wordpress\/plugins\/seo\/ -->\n<title>BookClub #7 - #MeToo : l&#039;\u00e9criture comme lib\u00e9ration -<\/title>\n<meta name=\"description\" content=\"Le mercredi 9 novembre, rejoins-nous chez Sist&#039;Her pour notre bookclub\u00a0#MeToo : l&#039;\u00e9criture comme lib\u00e9ration. Viens rencontrer des autrices inspirantes !\" \/>\n<meta name=\"robots\" content=\"index, follow, max-snippet:-1, max-image-preview:large, max-video-preview:-1\" \/>\n<link rel=\"canonical\" href=\"https:\/\/empow-her.com\/produit\/bookclub7-me-too-ecriture-comme-liberation\/\" \/>\n<meta property=\"og:locale\" content=\"es_ES\" \/>\n<meta property=\"og:type\" content=\"article\" \/>\n<meta property=\"og:title\" content=\"BookClub #7 - #MeToo : l&#039;\u00e9criture comme lib\u00e9ration -\" \/>\n<meta property=\"og:description\" content=\"Le mercredi 9 novembre, rejoins-nous chez Sist&#039;Her pour notre bookclub\u00a0#MeToo : l&#039;\u00e9criture comme lib\u00e9ration. Viens rencontrer des autrices inspirantes !\" \/>\n<meta property=\"og:url\" content=\"https:\/\/empow-her.com\/produit\/bookclub7-me-too-ecriture-comme-liberation\/\" \/>\n<meta property=\"og:site_name\" content=\"Empow&#039;Her\" \/>\n<meta property=\"article:modified_time\" content=\"2022-10-27T09:25:42+00:00\" \/>\n<meta property=\"og:image\" content=\"https:\/\/empow-her.com\/wp-content\/uploads\/2022\/10\/Template-Event-SistHer-vignette-site-3.jpg\" \/>\n\t<meta property=\"og:image:width\" content=\"1080\" \/>\n\t<meta property=\"og:image:height\" content=\"1080\" \/>\n\t<meta property=\"og:image:type\" content=\"image\/jpeg\" \/>\n<meta name=\"twitter:card\" content=\"summary_large_image\" \/>\n<meta name=\"twitter:label1\" content=\"Tiempo de lectura\" \/>\n\t<meta name=\"twitter:data1\" content=\"4 minutos\" \/>\n<script type=\"application\/ld+json\" class=\"yoast-schema-graph\">{\"@context\":\"https:\/\/schema.org\",\"@graph\":[{\"@type\":\"WebPage\",\"@id\":\"https:\/\/empow-her.com\/produit\/bookclub7-me-too-ecriture-comme-liberation\/\",\"url\":\"https:\/\/empow-her.com\/produit\/bookclub7-me-too-ecriture-comme-liberation\/\",\"name\":\"BookClub #7 - #MeToo : l'\u00e9criture comme lib\u00e9ration -\",\"isPartOf\":{\"@id\":\"https:\/\/empow-her.com\/#website\"},\"primaryImageOfPage\":{\"@id\":\"https:\/\/empow-her.com\/produit\/bookclub7-me-too-ecriture-comme-liberation\/#primaryimage\"},\"image\":{\"@id\":\"https:\/\/empow-her.com\/produit\/bookclub7-me-too-ecriture-comme-liberation\/#primaryimage\"},\"thumbnailUrl\":\"https:\/\/empow-her.com\/wp-content\/uploads\/2022\/10\/Template-Event-SistHer-vignette-site-3.jpg\",\"datePublished\":\"2022-10-17T13:02:14+00:00\",\"dateModified\":\"2022-10-27T09:25:42+00:00\",\"description\":\"Le mercredi 9 novembre, rejoins-nous chez Sist'Her pour notre bookclub\u00a0#MeToo : l'\u00e9criture comme lib\u00e9ration. Viens rencontrer des autrices inspirantes !\",\"breadcrumb\":{\"@id\":\"https:\/\/empow-her.com\/produit\/bookclub7-me-too-ecriture-comme-liberation\/#breadcrumb\"},\"inLanguage\":\"es\",\"potentialAction\":[{\"@type\":\"ReadAction\",\"target\":[\"https:\/\/empow-her.com\/produit\/bookclub7-me-too-ecriture-comme-liberation\/\"]}]},{\"@type\":\"ImageObject\",\"inLanguage\":\"es\",\"@id\":\"https:\/\/empow-her.com\/produit\/bookclub7-me-too-ecriture-comme-liberation\/#primaryimage\",\"url\":\"https:\/\/empow-her.com\/wp-content\/uploads\/2022\/10\/Template-Event-SistHer-vignette-site-3.jpg\",\"contentUrl\":\"https:\/\/empow-her.com\/wp-content\/uploads\/2022\/10\/Template-Event-SistHer-vignette-site-3.jpg\",\"width\":1080,\"height\":1080},{\"@type\":\"BreadcrumbList\",\"@id\":\"https:\/\/empow-her.com\/produit\/bookclub7-me-too-ecriture-comme-liberation\/#breadcrumb\",\"itemListElement\":[{\"@type\":\"ListItem\",\"position\":1,\"name\":\"Accueil\",\"item\":\"https:\/\/empow-her.com\/es\/inicio\/\"},{\"@type\":\"ListItem\",\"position\":2,\"name\":\"LA BOUTIQUE\",\"item\":\"https:\/\/empow-her.com\/boutique\/\"},{\"@type\":\"ListItem\",\"position\":3,\"name\":\"BookClub #7 &#8211; #MeToo : l&#8217;\u00e9criture comme lib\u00e9ration\"}]},{\"@type\":\"WebSite\",\"@id\":\"https:\/\/empow-her.com\/#website\",\"url\":\"https:\/\/empow-her.com\/\",\"name\":\"Empow&#039;Her\",\"description\":\"Women Development\",\"potentialAction\":[{\"@type\":\"SearchAction\",\"target\":{\"@type\":\"EntryPoint\",\"urlTemplate\":\"https:\/\/empow-her.com\/?s={search_term_string}\"},\"query-input\":{\"@type\":\"PropertyValueSpecification\",\"valueRequired\":true,\"valueName\":\"search_term_string\"}}],\"inLanguage\":\"es\"}]}<\/script>\n<!-- \/ Yoast SEO plugin. -->","yoast_head_json":{"title":"BookClub #7 - #MeToo : l'\u00e9criture comme lib\u00e9ration -","description":"Le mercredi 9 novembre, rejoins-nous chez Sist'Her pour notre bookclub\u00a0#MeToo : l'\u00e9criture comme lib\u00e9ration. Viens rencontrer des autrices inspirantes !","robots":{"index":"index","follow":"follow","max-snippet":"max-snippet:-1","max-image-preview":"max-image-preview:large","max-video-preview":"max-video-preview:-1"},"canonical":"https:\/\/empow-her.com\/produit\/bookclub7-me-too-ecriture-comme-liberation\/","og_locale":"es_ES","og_type":"article","og_title":"BookClub #7 - #MeToo : l'\u00e9criture comme lib\u00e9ration -","og_description":"Le mercredi 9 novembre, rejoins-nous chez Sist'Her pour notre bookclub\u00a0#MeToo : l'\u00e9criture comme lib\u00e9ration. Viens rencontrer des autrices inspirantes !","og_url":"https:\/\/empow-her.com\/produit\/bookclub7-me-too-ecriture-comme-liberation\/","og_site_name":"Empow&#039;Her","article_modified_time":"2022-10-27T09:25:42+00:00","og_image":[{"width":1080,"height":1080,"url":"https:\/\/empow-her.com\/wp-content\/uploads\/2022\/10\/Template-Event-SistHer-vignette-site-3.jpg","type":"image\/jpeg"}],"twitter_card":"summary_large_image","twitter_misc":{"Tiempo de lectura":"4 minutos"},"schema":{"@context":"https:\/\/schema.org","@graph":[{"@type":"WebPage","@id":"https:\/\/empow-her.com\/produit\/bookclub7-me-too-ecriture-comme-liberation\/","url":"https:\/\/empow-her.com\/produit\/bookclub7-me-too-ecriture-comme-liberation\/","name":"BookClub #7 - #MeToo : l'\u00e9criture comme lib\u00e9ration -","isPartOf":{"@id":"https:\/\/empow-her.com\/#website"},"primaryImageOfPage":{"@id":"https:\/\/empow-her.com\/produit\/bookclub7-me-too-ecriture-comme-liberation\/#primaryimage"},"image":{"@id":"https:\/\/empow-her.com\/produit\/bookclub7-me-too-ecriture-comme-liberation\/#primaryimage"},"thumbnailUrl":"https:\/\/empow-her.com\/wp-content\/uploads\/2022\/10\/Template-Event-SistHer-vignette-site-3.jpg","datePublished":"2022-10-17T13:02:14+00:00","dateModified":"2022-10-27T09:25:42+00:00","description":"Le mercredi 9 novembre, rejoins-nous chez Sist'Her pour notre bookclub\u00a0#MeToo : l'\u00e9criture comme lib\u00e9ration. Viens rencontrer des autrices inspirantes !","breadcrumb":{"@id":"https:\/\/empow-her.com\/produit\/bookclub7-me-too-ecriture-comme-liberation\/#breadcrumb"},"inLanguage":"es","potentialAction":[{"@type":"ReadAction","target":["https:\/\/empow-her.com\/produit\/bookclub7-me-too-ecriture-comme-liberation\/"]}]},{"@type":"ImageObject","inLanguage":"es","@id":"https:\/\/empow-her.com\/produit\/bookclub7-me-too-ecriture-comme-liberation\/#primaryimage","url":"https:\/\/empow-her.com\/wp-content\/uploads\/2022\/10\/Template-Event-SistHer-vignette-site-3.jpg","contentUrl":"https:\/\/empow-her.com\/wp-content\/uploads\/2022\/10\/Template-Event-SistHer-vignette-site-3.jpg","width":1080,"height":1080},{"@type":"BreadcrumbList","@id":"https:\/\/empow-her.com\/produit\/bookclub7-me-too-ecriture-comme-liberation\/#breadcrumb","itemListElement":[{"@type":"ListItem","position":1,"name":"Accueil","item":"https:\/\/empow-her.com\/es\/inicio\/"},{"@type":"ListItem","position":2,"name":"LA BOUTIQUE","item":"https:\/\/empow-her.com\/boutique\/"},{"@type":"ListItem","position":3,"name":"BookClub #7 &#8211; #MeToo : l&#8217;\u00e9criture comme lib\u00e9ration"}]},{"@type":"WebSite","@id":"https:\/\/empow-her.com\/#website","url":"https:\/\/empow-her.com\/","name":"Empow&#039;Her","description":"Women Development","potentialAction":[{"@type":"SearchAction","target":{"@type":"EntryPoint","urlTemplate":"https:\/\/empow-her.com\/?s={search_term_string}"},"query-input":{"@type":"PropertyValueSpecification","valueRequired":true,"valueName":"search_term_string"}}],"inLanguage":"es"}]}},"_links":{"self":[{"href":"https:\/\/empow-her.com\/es\/wp-json\/wp\/v2\/product\/123688","targetHints":{"allow":["GET"]}}],"collection":[{"href":"https:\/\/empow-her.com\/es\/wp-json\/wp\/v2\/product"}],"about":[{"href":"https:\/\/empow-her.com\/es\/wp-json\/wp\/v2\/types\/product"}],"wp:featuredmedia":[{"embeddable":true,"href":"https:\/\/empow-her.com\/es\/wp-json\/wp\/v2\/media\/123768"}],"wp:attachment":[{"href":"https:\/\/empow-her.com\/es\/wp-json\/wp\/v2\/media?parent=123688"}],"wp:term":[{"taxonomy":"product_brand","embeddable":true,"href":"https:\/\/empow-her.com\/es\/wp-json\/wp\/v2\/product_brand?post=123688"},{"taxonomy":"product_cat","embeddable":true,"href":"https:\/\/empow-her.com\/es\/wp-json\/wp\/v2\/product_cat?post=123688"},{"taxonomy":"product_tag","embeddable":true,"href":"https:\/\/empow-her.com\/es\/wp-json\/wp\/v2\/product_tag?post=123688"},{"taxonomy":"lieu","embeddable":true,"href":"https:\/\/empow-her.com\/es\/wp-json\/wp\/v2\/lieu?post=123688"},{"taxonomy":"thematiques","embeddable":true,"href":"https:\/\/empow-her.com\/es\/wp-json\/wp\/v2\/thematiques?post=123688"}],"curies":[{"name":"wp","href":"https:\/\/api.w.org\/{rel}","templated":true}]}}