{"id":123682,"date":"2022-10-17T14:29:07","date_gmt":"2022-10-17T12:29:07","guid":{"rendered":"https:\/\/empow-her.com\/?post_type=product&#038;p=123682"},"modified":"2022-11-28T14:15:53","modified_gmt":"2022-11-28T13:15:53","slug":"match-du-siecle","status":"publish","type":"product","link":"https:\/\/empow-her.com\/es\/produit\/match-du-siecle\/","title":{"rendered":"Special Event &#8211; Le Match du Si\u00e8cle"},"content":{"rendered":"<p><strong>#SPECIAL EVENT<\/strong><\/p>\n<p>Le Mardi 29 novembre de 18h30 \u00e0 21h30, rejoins-nous chez Sist&#8217;Her\u00a0pour un atelier collaboratif <strong>Match du si\u00e8cle ! <\/strong>Sist&#8217;Her t&#8217;invite pour un<span style=\"font-weight: 400;\">\u00a0<\/span><strong><span style=\"font-weight: 400;\">atelier immersif et collaboratif de 3h pour reprendre confiance en l\u2019avenir, rencontrer tes r\u00eaves et tes talents, et d\u00e9finir ton projet pour le monde demain.<\/span><\/strong><\/p>\n<p>L&#8217;atelier id\u00e9al pour c<span style=\"font-weight: 400;\">onstruire une soci\u00e9t\u00e9 plus juste et plus durable en 2050 et prendre confiance en l\u2019avenir, se sentir utile, trouver sa voie\u00a0 &#x1f30e;\u00a0<\/span><\/p>\n<p><span style=\"font-weight: 400;\">A la fin de la partie tu auras v\u00e9cu une rencontre d\u00e9cisive :\u00a0<\/span><\/p>\n<p><span style=\"font-weight: 400;\">&#x1f46b; avec une communaut\u00e9 d\u2019acteurs du changement positif<\/span><\/p>\n<p><span style=\"font-weight: 400;\">&#x1f4ad; avec tes r\u00eaves pour le monde de demain<\/span><\/p>\n<p><span style=\"font-weight: 400;\">&#x1f4aa; avec tes talents et tes envies professionnelles<\/span><\/p>\n<p><i><span style=\"font-weight: 400;\">Le futur se joue ensemble !<\/span><\/i><\/p>\n<p>_____________<\/p>\n<p><strong>Match du si\u00e8cle <\/strong>est un atelier imagin\u00e9 par Ticket For Change qui cherche \u00e0 activer tes talents pour avoir un impact positif sur la soci\u00e9t\u00e9 gr\u00e2ce \u00e0 ton travail !<\/p>\n<p>Les donn\u00e9es des\u00a0participant.e.s seront transf\u00e9r\u00e9es \u00e0 notre partenaire Ticket For Change.<\/p>\n<div class=\"l7ghb35v kjdc1dyq kmwttqpk gh25dzvf jikcssrz\"><span class=\"fxk3tzhb b2rh1bv3 gh55jysx m8h3af8h ewco64xe kjdc1dyq ms56khn7 bq6c9xl4 eohcrkr5 akh3l2rg\"><img decoding=\"async\" src=\"https:\/\/static.xx.fbcdn.net\/images\/emoji.php\/v9\/te4\/1.5\/16\/26a1.png\" alt=\"&#x26a1;&#xfe0f;\" width=\"16\" height=\"16\" \/><\/span><span class=\"fxk3tzhb b2rh1bv3 gh55jysx m8h3af8h ewco64xe kjdc1dyq ms56khn7 bq6c9xl4 eohcrkr5 akh3l2rg\"><img decoding=\"async\" src=\"https:\/\/static.xx.fbcdn.net\/images\/emoji.php\/v9\/te4\/1.5\/16\/26a1.png\" alt=\"&#x26a1;&#xfe0f;\" width=\"16\" height=\"16\" \/><\/span><span class=\"fxk3tzhb b2rh1bv3 gh55jysx m8h3af8h ewco64xe kjdc1dyq ms56khn7 bq6c9xl4 eohcrkr5 akh3l2rg\"><img decoding=\"async\" src=\"https:\/\/static.xx.fbcdn.net\/images\/emoji.php\/v9\/te4\/1.5\/16\/26a1.png\" alt=\"&#x26a1;&#xfe0f;\" width=\"16\" height=\"16\" \/><\/span><\/div>\n<div class=\"l7ghb35v kjdc1dyq kmwttqpk gh25dzvf jikcssrz\"><strong>Infos pratiques<\/strong><br \/>\n<span class=\"fxk3tzhb b2rh1bv3 gh55jysx m8h3af8h ewco64xe kjdc1dyq ms56khn7 bq6c9xl4 eohcrkr5 akh3l2rg\"><img decoding=\"async\" src=\"https:\/\/static.xx.fbcdn.net\/images\/emoji.php\/v9\/td7\/1.5\/16\/1f4c5.png\" alt=\"&#x1f4c5;\" width=\"16\" height=\"16\" \/><\/span> L\u2019\u00e9v\u00e9nement se d\u00e9roulera le 29 novembre de 18h30 \u00e0 21h30.<br \/>\n<span class=\"fxk3tzhb b2rh1bv3 gh55jysx m8h3af8h ewco64xe kjdc1dyq ms56khn7 bq6c9xl4 eohcrkr5 akh3l2rg\"><img decoding=\"async\" src=\"https:\/\/static.xx.fbcdn.net\/images\/emoji.php\/v9\/t8b\/1.5\/16\/1f516.png\" alt=\"&#x1f516;\" width=\"16\" height=\"16\" \/><\/span> R\u00e9servation gratuite obligatoire<br \/>\n<span class=\"fxk3tzhb b2rh1bv3 gh55jysx m8h3af8h ewco64xe kjdc1dyq ms56khn7 bq6c9xl4 eohcrkr5 akh3l2rg\"><img loading=\"lazy\" decoding=\"async\" src=\"https:\/\/static.xx.fbcdn.net\/images\/emoji.php\/v9\/t86\/1.5\/16\/1f4cd.png\" alt=\"&#x1f4cd;\" width=\"16\" height=\"16\" \/><\/span>\u00a0Sist\u2019He : 82 rue du Faubourg Saint-Martin 75010 Paris<\/div>\n<div><\/div>\n<div class=\"l7ghb35v kjdc1dyq kmwttqpk gh25dzvf jikcssrz\">Ouvert en mars 2021, Sist\u2019Her est le premier tiers-lieu sorore, d\u00e9di\u00e9 aux entrepreneuses et \u00e0 l&#8217;impact en \u00cele-de-France. Port\u00e9 par l\u2019association Empow\u2019Her, c\u2019est un lieu de formations et de rencontres inclusif et collaboratif, ouvert \u00e0 tou\u00b7te\u00b7s o\u00f9 il est possible de se former, s\u2019inspirer, s\u2019engager et se rencontrer.<\/div>\n<div><\/div>\n<div class=\"l7ghb35v kjdc1dyq kmwttqpk gh25dzvf jikcssrz\">A tr\u00e8s vite ! <span class=\"fxk3tzhb b2rh1bv3 gh55jysx m8h3af8h ewco64xe kjdc1dyq ms56khn7 bq6c9xl4 eohcrkr5 akh3l2rg\"><img loading=\"lazy\" decoding=\"async\" src=\"https:\/\/static.xx.fbcdn.net\/images\/emoji.php\/v9\/t56\/1.5\/16\/1f64c.png\" alt=\"&#x1f64c;\" width=\"16\" height=\"16\" \/><\/span><\/div>\n","protected":false},"excerpt":{"rendered":"<p>Le Mardi 29 novembre de 18h30 \u00e0 21h30, rejoins-nous chez Sist&#8217;Her\u00a0pour un atelier collaboratif <strong>Match du si\u00e8cle ! <\/strong>Un<span style=\"font-weight: 400;\">\u00a0<\/span><strong><span style=\"font-weight: 400;\">atelier immersif et collaboratif de 3h pour reprendre confiance en l\u2019avenir, rencontrer tes r\u00eaves et tes talents, et d\u00e9finir ton projet pour le monde demain.<\/span><\/strong><\/p>\n<p>L&#8217;atelier id\u00e9al pour c<span style=\"font-weight: 400;\">onstruire une soci\u00e9t\u00e9 plus juste et plus durable en 2050 et prendre confiance en l\u2019avenir, se sentir utile, trouver sa voie\u00a0 &#x1f30e;\u00a0 <\/span><\/p>\n<p><span style=\"font-weight: 400;\">A la fin de la partie tu auras v\u00e9cu une rencontre d\u00e9cisive :\u00a0<\/span><\/p>\n<p><span style=\"font-weight: 400;\">&#x1f46b; avec une communaut\u00e9 d\u2019acteurs du changement positif<\/span><\/p>\n<p><span style=\"font-weight: 400;\">&#x1f4ad; avec tes r\u00eaves pour le monde de demain<\/span><\/p>\n<p><span style=\"font-weight: 400;\">&#x1f4aa; avec tes talents et tes envies professionnelles<\/span><\/p>\n<p><i><span style=\"font-weight: 400;\">Le futur se joue ensemble !<\/span><\/i><\/p>\n<p>_____________<\/p>\n<p><strong>Match du si\u00e8cle <\/strong>est un atelier imagin\u00e9 par Ticket For Change qui cherche \u00e0 activer tes talents pour avoir un impact positif sur la soci\u00e9t\u00e9 gr\u00e2ce \u00e0 ton travail !<\/p>\n<p>Les donn\u00e9es des\u00a0participant.e.s seront transf\u00e9r\u00e9es \u00e0 notre partenaire Ticket For Change.<\/p>\n<div class=\"l7ghb35v kjdc1dyq kmwttqpk gh25dzvf jikcssrz\"><span class=\"fxk3tzhb b2rh1bv3 gh55jysx m8h3af8h ewco64xe kjdc1dyq ms56khn7 bq6c9xl4 eohcrkr5 akh3l2rg\"><img decoding=\"async\" src=\"https:\/\/static.xx.fbcdn.net\/images\/emoji.php\/v9\/te4\/1.5\/16\/26a1.png\" alt=\"&#x26a1;&#xfe0f;\" width=\"16\" height=\"16\" \/><\/span><span class=\"fxk3tzhb b2rh1bv3 gh55jysx m8h3af8h ewco64xe kjdc1dyq ms56khn7 bq6c9xl4 eohcrkr5 akh3l2rg\"><img decoding=\"async\" src=\"https:\/\/static.xx.fbcdn.net\/images\/emoji.php\/v9\/te4\/1.5\/16\/26a1.png\" alt=\"&#x26a1;&#xfe0f;\" width=\"16\" height=\"16\" \/><\/span><span class=\"fxk3tzhb b2rh1bv3 gh55jysx m8h3af8h ewco64xe kjdc1dyq ms56khn7 bq6c9xl4 eohcrkr5 akh3l2rg\"><img decoding=\"async\" src=\"https:\/\/static.xx.fbcdn.net\/images\/emoji.php\/v9\/te4\/1.5\/16\/26a1.png\" alt=\"&#x26a1;&#xfe0f;\" width=\"16\" height=\"16\" \/><\/span><\/div>\n<div class=\"l7ghb35v kjdc1dyq kmwttqpk gh25dzvf jikcssrz\"><strong>Infos pratiques<\/strong><br \/>\n<span class=\"fxk3tzhb b2rh1bv3 gh55jysx m8h3af8h ewco64xe kjdc1dyq ms56khn7 bq6c9xl4 eohcrkr5 akh3l2rg\"><img decoding=\"async\" src=\"https:\/\/static.xx.fbcdn.net\/images\/emoji.php\/v9\/td7\/1.5\/16\/1f4c5.png\" alt=\"&#x1f4c5;\" width=\"16\" height=\"16\" \/><\/span> L\u2019\u00e9v\u00e9nement se d\u00e9roulera le 29 novembre de 18h30 \u00e0 21h30.<br \/>\n<span class=\"fxk3tzhb b2rh1bv3 gh55jysx m8h3af8h ewco64xe kjdc1dyq ms56khn7 bq6c9xl4 eohcrkr5 akh3l2rg\"><img decoding=\"async\" src=\"https:\/\/static.xx.fbcdn.net\/images\/emoji.php\/v9\/t8b\/1.5\/16\/1f516.png\" alt=\"&#x1f516;\" width=\"16\" height=\"16\" \/><\/span> R\u00e9servation gratuite obligatoire<br \/>\n<span class=\"fxk3tzhb b2rh1bv3 gh55jysx m8h3af8h ewco64xe kjdc1dyq ms56khn7 bq6c9xl4 eohcrkr5 akh3l2rg\"><img loading=\"lazy\" decoding=\"async\" src=\"https:\/\/static.xx.fbcdn.net\/images\/emoji.php\/v9\/t86\/1.5\/16\/1f4cd.png\" alt=\"&#x1f4cd;\" width=\"16\" height=\"16\" \/><\/span>\u00a0Sist\u2019He : 82 rue du Faubourg Saint-Martin 75010 Paris<\/div>\n<div><\/div>\n<div class=\"l7ghb35v kjdc1dyq kmwttqpk gh25dzvf jikcssrz\">Ouvert en mars 2021, Sist\u2019Her est le premier tiers-lieu sorore, d\u00e9di\u00e9 aux entrepreneuses et \u00e0 l&#8217;impact en \u00cele-de-France. Port\u00e9 par l\u2019association Empow\u2019Her, c\u2019est un lieu de formations et de rencontres inclusif et collaboratif, ouvert \u00e0 tou\u00b7te\u00b7s o\u00f9 il est possible de se former, s\u2019inspirer, s\u2019engager et se rencontrer.<\/div>\n<div><\/div>\n<div class=\"l7ghb35v kjdc1dyq kmwttqpk gh25dzvf jikcssrz\">A tr\u00e8s vite ! <span class=\"fxk3tzhb b2rh1bv3 gh55jysx m8h3af8h ewco64xe kjdc1dyq ms56khn7 bq6c9xl4 eohcrkr5 akh3l2rg\"><img loading=\"lazy\" decoding=\"async\" src=\"https:\/\/static.xx.fbcdn.net\/images\/emoji.php\/v9\/t56\/1.5\/16\/1f64c.png\" alt=\"&#x1f64c;\" width=\"16\" height=\"16\" \/><\/span><\/div>\n","protected":false},"featured_media":123763,"template":"","format":"standard","meta":{"_acf_changed":false,"om_disable_all_campaigns":false,"_uf_show_specific_survey":0,"_uf_disable_surveys":false},"product_brand":[],"product_cat":[119],"product_tag":[],"lieu":[127],"thematiques":[],"class_list":{"0":"post-123682","1":"product","2":"type-product","3":"status-publish","4":"format-standard","5":"has-post-thumbnail","7":"product_cat-evenement-sisther","8":"lieu-hub-empowher","10":"first","11":"instock","12":"virtual","13":"purchasable","14":"product-type-appointment"},"exclude_global_add_ons":[],"addons":[],"acf":[],"yoast_head":"<!-- This site is optimized with the Yoast SEO plugin v24.8 - https:\/\/yoast.com\/wordpress\/plugins\/seo\/ -->\n<title>Special Event - Le Match du Si\u00e8cle -<\/title>\n<meta name=\"description\" content=\"Le mardi 8 novembre, rejoins-nous \u00e0 partir de 18h30 pour une table ronde &amp; un atelier avec Edeni autour de la transition \u00e9cologique !\" \/>\n<meta name=\"robots\" content=\"index, follow, max-snippet:-1, max-image-preview:large, max-video-preview:-1\" \/>\n<link rel=\"canonical\" href=\"https:\/\/empow-her.com\/produit\/match-du-siecle\/\" \/>\n<meta property=\"og:locale\" content=\"es_ES\" \/>\n<meta property=\"og:type\" content=\"article\" \/>\n<meta property=\"og:title\" content=\"Special Event - Le Match du Si\u00e8cle -\" \/>\n<meta property=\"og:description\" content=\"Le mardi 8 novembre, rejoins-nous \u00e0 partir de 18h30 pour une table ronde &amp; un atelier avec Edeni autour de la transition \u00e9cologique !\" \/>\n<meta property=\"og:url\" content=\"https:\/\/empow-her.com\/produit\/match-du-siecle\/\" \/>\n<meta property=\"og:site_name\" content=\"Empow&#039;Her\" \/>\n<meta property=\"article:modified_time\" content=\"2022-11-28T13:15:53+00:00\" \/>\n<meta property=\"og:image\" content=\"https:\/\/empow-her.com\/wp-content\/uploads\/2022\/10\/Template-Event-SistHer-vignette-site-1.jpg\" \/>\n\t<meta property=\"og:image:width\" content=\"1080\" \/>\n\t<meta property=\"og:image:height\" content=\"1080\" \/>\n\t<meta property=\"og:image:type\" content=\"image\/jpeg\" \/>\n<meta name=\"twitter:card\" content=\"summary_large_image\" \/>\n<meta name=\"twitter:label1\" content=\"Tiempo de lectura\" \/>\n\t<meta name=\"twitter:data1\" content=\"3 minutos\" \/>\n<script type=\"application\/ld+json\" class=\"yoast-schema-graph\">{\"@context\":\"https:\/\/schema.org\",\"@graph\":[{\"@type\":\"WebPage\",\"@id\":\"https:\/\/empow-her.com\/produit\/match-du-siecle\/\",\"url\":\"https:\/\/empow-her.com\/produit\/match-du-siecle\/\",\"name\":\"Special Event - Le Match du Si\u00e8cle -\",\"isPartOf\":{\"@id\":\"https:\/\/empow-her.com\/#website\"},\"primaryImageOfPage\":{\"@id\":\"https:\/\/empow-her.com\/produit\/match-du-siecle\/#primaryimage\"},\"image\":{\"@id\":\"https:\/\/empow-her.com\/produit\/match-du-siecle\/#primaryimage\"},\"thumbnailUrl\":\"https:\/\/empow-her.com\/wp-content\/uploads\/2022\/10\/Template-Event-SistHer-vignette-site-1.jpg\",\"datePublished\":\"2022-10-17T12:29:07+00:00\",\"dateModified\":\"2022-11-28T13:15:53+00:00\",\"description\":\"Le mardi 8 novembre, rejoins-nous \u00e0 partir de 18h30 pour une table ronde & un atelier avec Edeni autour de la transition \u00e9cologique !\",\"breadcrumb\":{\"@id\":\"https:\/\/empow-her.com\/produit\/match-du-siecle\/#breadcrumb\"},\"inLanguage\":\"es\",\"potentialAction\":[{\"@type\":\"ReadAction\",\"target\":[\"https:\/\/empow-her.com\/produit\/match-du-siecle\/\"]}]},{\"@type\":\"ImageObject\",\"inLanguage\":\"es\",\"@id\":\"https:\/\/empow-her.com\/produit\/match-du-siecle\/#primaryimage\",\"url\":\"https:\/\/empow-her.com\/wp-content\/uploads\/2022\/10\/Template-Event-SistHer-vignette-site-1.jpg\",\"contentUrl\":\"https:\/\/empow-her.com\/wp-content\/uploads\/2022\/10\/Template-Event-SistHer-vignette-site-1.jpg\",\"width\":1080,\"height\":1080},{\"@type\":\"BreadcrumbList\",\"@id\":\"https:\/\/empow-her.com\/produit\/match-du-siecle\/#breadcrumb\",\"itemListElement\":[{\"@type\":\"ListItem\",\"position\":1,\"name\":\"Accueil\",\"item\":\"https:\/\/empow-her.com\/es\/inicio\/\"},{\"@type\":\"ListItem\",\"position\":2,\"name\":\"LA BOUTIQUE\",\"item\":\"https:\/\/empow-her.com\/boutique\/\"},{\"@type\":\"ListItem\",\"position\":3,\"name\":\"Special Event &#8211; Le Match du Si\u00e8cle\"}]},{\"@type\":\"WebSite\",\"@id\":\"https:\/\/empow-her.com\/#website\",\"url\":\"https:\/\/empow-her.com\/\",\"name\":\"Empow&#039;Her\",\"description\":\"Women Development\",\"potentialAction\":[{\"@type\":\"SearchAction\",\"target\":{\"@type\":\"EntryPoint\",\"urlTemplate\":\"https:\/\/empow-her.com\/?s={search_term_string}\"},\"query-input\":{\"@type\":\"PropertyValueSpecification\",\"valueRequired\":true,\"valueName\":\"search_term_string\"}}],\"inLanguage\":\"es\"}]}<\/script>\n<!-- \/ Yoast SEO plugin. -->","yoast_head_json":{"title":"Special Event - Le Match du Si\u00e8cle -","description":"Le mardi 8 novembre, rejoins-nous \u00e0 partir de 18h30 pour une table ronde & un atelier avec Edeni autour de la transition \u00e9cologique !","robots":{"index":"index","follow":"follow","max-snippet":"max-snippet:-1","max-image-preview":"max-image-preview:large","max-video-preview":"max-video-preview:-1"},"canonical":"https:\/\/empow-her.com\/produit\/match-du-siecle\/","og_locale":"es_ES","og_type":"article","og_title":"Special Event - Le Match du Si\u00e8cle -","og_description":"Le mardi 8 novembre, rejoins-nous \u00e0 partir de 18h30 pour une table ronde & un atelier avec Edeni autour de la transition \u00e9cologique !","og_url":"https:\/\/empow-her.com\/produit\/match-du-siecle\/","og_site_name":"Empow&#039;Her","article_modified_time":"2022-11-28T13:15:53+00:00","og_image":[{"width":1080,"height":1080,"url":"https:\/\/empow-her.com\/wp-content\/uploads\/2022\/10\/Template-Event-SistHer-vignette-site-1.jpg","type":"image\/jpeg"}],"twitter_card":"summary_large_image","twitter_misc":{"Tiempo de lectura":"3 minutos"},"schema":{"@context":"https:\/\/schema.org","@graph":[{"@type":"WebPage","@id":"https:\/\/empow-her.com\/produit\/match-du-siecle\/","url":"https:\/\/empow-her.com\/produit\/match-du-siecle\/","name":"Special Event - Le Match du Si\u00e8cle -","isPartOf":{"@id":"https:\/\/empow-her.com\/#website"},"primaryImageOfPage":{"@id":"https:\/\/empow-her.com\/produit\/match-du-siecle\/#primaryimage"},"image":{"@id":"https:\/\/empow-her.com\/produit\/match-du-siecle\/#primaryimage"},"thumbnailUrl":"https:\/\/empow-her.com\/wp-content\/uploads\/2022\/10\/Template-Event-SistHer-vignette-site-1.jpg","datePublished":"2022-10-17T12:29:07+00:00","dateModified":"2022-11-28T13:15:53+00:00","description":"Le mardi 8 novembre, rejoins-nous \u00e0 partir de 18h30 pour une table ronde & un atelier avec Edeni autour de la transition \u00e9cologique !","breadcrumb":{"@id":"https:\/\/empow-her.com\/produit\/match-du-siecle\/#breadcrumb"},"inLanguage":"es","potentialAction":[{"@type":"ReadAction","target":["https:\/\/empow-her.com\/produit\/match-du-siecle\/"]}]},{"@type":"ImageObject","inLanguage":"es","@id":"https:\/\/empow-her.com\/produit\/match-du-siecle\/#primaryimage","url":"https:\/\/empow-her.com\/wp-content\/uploads\/2022\/10\/Template-Event-SistHer-vignette-site-1.jpg","contentUrl":"https:\/\/empow-her.com\/wp-content\/uploads\/2022\/10\/Template-Event-SistHer-vignette-site-1.jpg","width":1080,"height":1080},{"@type":"BreadcrumbList","@id":"https:\/\/empow-her.com\/produit\/match-du-siecle\/#breadcrumb","itemListElement":[{"@type":"ListItem","position":1,"name":"Accueil","item":"https:\/\/empow-her.com\/es\/inicio\/"},{"@type":"ListItem","position":2,"name":"LA BOUTIQUE","item":"https:\/\/empow-her.com\/boutique\/"},{"@type":"ListItem","position":3,"name":"Special Event &#8211; Le Match du Si\u00e8cle"}]},{"@type":"WebSite","@id":"https:\/\/empow-her.com\/#website","url":"https:\/\/empow-her.com\/","name":"Empow&#039;Her","description":"Women Development","potentialAction":[{"@type":"SearchAction","target":{"@type":"EntryPoint","urlTemplate":"https:\/\/empow-her.com\/?s={search_term_string}"},"query-input":{"@type":"PropertyValueSpecification","valueRequired":true,"valueName":"search_term_string"}}],"inLanguage":"es"}]}},"_links":{"self":[{"href":"https:\/\/empow-her.com\/es\/wp-json\/wp\/v2\/product\/123682","targetHints":{"allow":["GET"]}}],"collection":[{"href":"https:\/\/empow-her.com\/es\/wp-json\/wp\/v2\/product"}],"about":[{"href":"https:\/\/empow-her.com\/es\/wp-json\/wp\/v2\/types\/product"}],"wp:featuredmedia":[{"embeddable":true,"href":"https:\/\/empow-her.com\/es\/wp-json\/wp\/v2\/media\/123763"}],"wp:attachment":[{"href":"https:\/\/empow-her.com\/es\/wp-json\/wp\/v2\/media?parent=123682"}],"wp:term":[{"taxonomy":"product_brand","embeddable":true,"href":"https:\/\/empow-her.com\/es\/wp-json\/wp\/v2\/product_brand?post=123682"},{"taxonomy":"product_cat","embeddable":true,"href":"https:\/\/empow-her.com\/es\/wp-json\/wp\/v2\/product_cat?post=123682"},{"taxonomy":"product_tag","embeddable":true,"href":"https:\/\/empow-her.com\/es\/wp-json\/wp\/v2\/product_tag?post=123682"},{"taxonomy":"lieu","embeddable":true,"href":"https:\/\/empow-her.com\/es\/wp-json\/wp\/v2\/lieu?post=123682"},{"taxonomy":"thematiques","embeddable":true,"href":"https:\/\/empow-her.com\/es\/wp-json\/wp\/v2\/thematiques?post=123682"}],"curies":[{"name":"wp","href":"https:\/\/api.w.org\/{rel}","templated":true}]}}