{"id":123282,"date":"2022-10-06T13:50:41","date_gmt":"2022-10-06T11:50:41","guid":{"rendered":"https:\/\/empow-her.com\/?post_type=product&#038;p=123282"},"modified":"2022-10-06T13:52:12","modified_gmt":"2022-10-06T11:52:12","slug":"coaching-mappuyer-sur-mes-motivations-profondes-pour-mener-mon-projet-avec-envie-4","status":"publish","type":"product","link":"https:\/\/empow-her.com\/es\/produit\/coaching-mappuyer-sur-mes-motivations-profondes-pour-mener-mon-projet-avec-envie-4\/","title":{"rendered":"Coaching &#8211; M\u2019appuyer sur mes motivations profondes pour mener mon projet avec envie"},"content":{"rendered":"","protected":false},"excerpt":{"rendered":"<p><strong>Description :<\/strong> <span data-sheets-value=\"{&quot;1&quot;:2,&quot;2&quot;:&quot;L\u2019aventure entrepreneuriale est un yoyo \u00e9motionnel, parfois source de d\u00e9couragement. Savoir se reconnecter r\u00e9guli\u00e8rement \u00e0 ses moteurs personnels et \u00e0 ses forces permet de d\u00e9ployer son \u00e9nergie au bon endroit et d\u2019incarner un leadership vivant et vibrant.nnLors de ce coaching, reconnectez-vous \u00e0 vos moteurs pour faire des choix enthousiasmants et conscients, prenez du recul sur votre projet et identifiez les petits pas pour poursuivre votre chemin !&quot;}\" data-sheets-userformat=\"{&quot;2&quot;:4993,&quot;3&quot;:{&quot;1&quot;:0},&quot;10&quot;:1,&quot;11&quot;:4,&quot;12&quot;:0,&quot;15&quot;:&quot;Hind&quot;}\">L\u2019aventure entrepreneuriale est un yoyo \u00e9motionnel, parfois source de d\u00e9couragement. Savoir se reconnecter r\u00e9guli\u00e8rement \u00e0 ses moteurs personnels et \u00e0 ses forces permet de d\u00e9ployer son \u00e9nergie au bon endroit et d\u2019incarner un leadership vivant et vibrant.<br \/>\nLors de ce coaching, reconnectez-vous \u00e0 vos moteurs pour faire des choix enthousiasmants et conscients, prenez du recul sur votre projet et identifiez les petits pas pour poursuivre votre chemin !<\/span><\/p>\n<p><strong>Pr\u00e9-requis<\/strong>\u00a0: Aucun<\/p>\n<p><strong>Intervenant.e<\/strong>\u00a0<strong>: Aur\u00e9lie Lucas<\/strong><\/p>\n<p>De formation initiale ing\u00e9nieure, j&#8217;ai travaill\u00e9 plusieurs ann\u00e9es au sein de l&#8217;industrie pharmaceutique dans des environnements multiculturels. Port\u00e9e par mes valeurs et ma recherche de sens, j&#8217;ai d\u00e9cid\u00e9 de faire une reconversion professionnelle vers des actions \u00e0 impacts positifs sociaux. D\u00e9sireuse d&#8217;avancer sur mon chemin et d&#8217;\u00eatre toujours plus align\u00e9e avec moi-m\u00eame, je suis aujourd&#8217;hui accompagnatrice au d\u00e9veloppement professionnel en tant que coach professionnelle certifi\u00e9e et facilitatrice.<br \/>\nJ&#8217;accompagne des personnes, des \u00e9quipes et des organisations \u00e0 se d\u00e9velopper en conscience pour trouver leur place dans notre monde en transition.<br \/>\n&#x2728; Je crois \u00e0 un syst\u00e8me o\u00f9 chacun.e peut \u00eatre \u00e9panoui.e dans son univers professionnel en apprenant \u00e0 mieux se conna\u00eetre, identifier ses talents et d\u00e9velopper son potentiel personnel et professionnel&#x2728;<\/p>\n<p><span data-sheets-value=\"{&quot;1&quot;:2,&quot;2&quot;:&quot;Description : nnPr\u00e9-requis : nnIntervenant.e : nnSon super pouvoir : nnSon petit mot : &quot;}\" data-sheets-userformat=\"{&quot;2&quot;:641,&quot;3&quot;:{&quot;1&quot;:0},&quot;10&quot;:1,&quot;12&quot;:0}\"><strong>Son super pouvoir :<\/strong> Chercheuse d\u2019alignement et d\u2019\u00e9panouissement<\/span><\/p>\n<p><strong>Son petit mot : <\/strong>&#8220;Pas besoin de voir tout l&#8217;escalier, commencez simplement par la premi\u00e8re marche&#8221; Martin Luther King<\/p>\n<p><strong>Dur\u00e9e<\/strong>\u00a0: U<span data-sheets-value=\"{&quot;1&quot;:2,&quot;2&quot;:&quot;Permanence de 4h avec un cr\u00e9neau de 1h par participante (+ 15 minutes entre chaque)&quot;}\" data-sheets-userformat=\"{&quot;2&quot;:7167,&quot;3&quot;:{&quot;1&quot;:0},&quot;4&quot;:{&quot;1&quot;:2,&quot;2&quot;:16777215},&quot;5&quot;:{&quot;1&quot;:[{&quot;1&quot;:2,&quot;2&quot;:0,&quot;5&quot;:{&quot;1&quot;:2,&quot;2&quot;:0}},{&quot;1&quot;:0,&quot;2&quot;:0,&quot;3&quot;:3},{&quot;1&quot;:1,&quot;2&quot;:0,&quot;4&quot;:1}]},&quot;6&quot;:{&quot;1&quot;:[{&quot;1&quot;:2,&quot;2&quot;:0,&quot;5&quot;:{&quot;1&quot;:2,&quot;2&quot;:0}},{&quot;1&quot;:0,&quot;2&quot;:0,&quot;3&quot;:3},{&quot;1&quot;:1,&quot;2&quot;:0,&quot;4&quot;:1}]},&quot;7&quot;:{&quot;1&quot;:[{&quot;1&quot;:2,&quot;2&quot;:0,&quot;5&quot;:{&quot;1&quot;:2,&quot;2&quot;:0}},{&quot;1&quot;:0,&quot;2&quot;:0,&quot;3&quot;:3},{&quot;1&quot;:1,&quot;2&quot;:0,&quot;4&quot;:1}]},&quot;8&quot;:{&quot;1&quot;:[{&quot;1&quot;:2,&quot;2&quot;:0,&quot;5&quot;:{&quot;1&quot;:2,&quot;2&quot;:0}},{&quot;1&quot;:0,&quot;2&quot;:0,&quot;3&quot;:3},{&quot;1&quot;:1,&quot;2&quot;:0,&quot;4&quot;:1}]},&quot;9&quot;:0,&quot;10&quot;:1,&quot;11&quot;:4,&quot;12&quot;:0,&quot;14&quot;:{&quot;1&quot;:2,&quot;2&quot;:0},&quot;15&quot;:&quot;Calibri&quot;}\">n cr\u00e9neau de 1h en individuel<\/span><\/p>\n<p>&nbsp;<\/p>\n<p><span data-sheets-value=\"{&quot;1&quot;:2,&quot;2&quot;:&quot;Attention ! \u00a0Veuillez vous pr\u00e9sentez \u00e0 l'heure pour que l'activit\u00e9 puisse commencer \u00e0 temps. Si vous avez du retard veuillez pr\u00e9venir l'intervenant.e. Si vous avez plus de 15 min de retard l'intervenant.e se r\u00e9serve le droit de plus vous accepter pour le coaching ou l'atelier.\u00a0&quot;}\" data-sheets-userformat=\"{&quot;2&quot;:641,&quot;3&quot;:{&quot;1&quot;:0},&quot;10&quot;:1,&quot;12&quot;:0}\"><strong>Attention !<\/strong> \u00a0Veuillez vous pr\u00e9senter \u00e0 l\u2019heure pour que l\u2019activit\u00e9 puisse commencer \u00e0 temps. Si vous avez du retard veuillez pr\u00e9venir l\u2019intervenant.e. Si vous avez plus de 15 min de retard l\u2019intervenant.e se r\u00e9serve le droit de ne plus vous accepter pour le coaching ou l\u2019atelier.\u00a0<\/span><\/p>\n","protected":false},"featured_media":123283,"template":"","format":"standard","meta":{"_acf_changed":false,"om_disable_all_campaigns":false,"_uf_show_specific_survey":0,"_uf_disable_surveys":false},"product_brand":[],"product_cat":[121],"product_tag":[],"lieu":[125],"thematiques":[],"class_list":{"0":"post-123282","1":"product","2":"type-product","3":"status-publish","4":"format-standard","5":"has-post-thumbnail","7":"product_cat-coaching","8":"lieu-en-ligne","10":"first","11":"instock","12":"virtual","13":"purchasable","14":"product-type-appointment"},"exclude_global_add_ons":[],"addons":[],"acf":[],"yoast_head":"<!-- This site is optimized with the Yoast SEO plugin v24.8 - https:\/\/yoast.com\/wordpress\/plugins\/seo\/ -->\n<title>Coaching - M\u2019appuyer sur mes motivations profondes pour mener mon projet avec envie - Empow&#039;Her<\/title>\n<meta name=\"robots\" content=\"index, follow, max-snippet:-1, max-image-preview:large, max-video-preview:-1\" \/>\n<link rel=\"canonical\" href=\"https:\/\/empow-her.com\/produit\/coaching-mappuyer-sur-mes-motivations-profondes-pour-mener-mon-projet-avec-envie-4\/\" \/>\n<meta property=\"og:locale\" content=\"es_ES\" \/>\n<meta property=\"og:type\" content=\"article\" \/>\n<meta property=\"og:title\" content=\"Coaching - M\u2019appuyer sur mes motivations profondes pour mener mon projet avec envie - Empow&#039;Her\" \/>\n<meta property=\"og:description\" content=\"Description : L\u2019aventure entrepreneuriale est un yoyo \u00e9motionnel, parfois source de d\u00e9couragement. Savoir se reconnecter r\u00e9guli\u00e8rement \u00e0 ses moteurs personnels et \u00e0 ses forces permet de d\u00e9ployer son \u00e9nergie au bon endroit et d\u2019incarner un leadership vivant et vibrant. Lors de ce coaching, reconnectez-vous \u00e0 vos moteurs pour faire des choix enthousiasmants et conscients, prenez du recul sur votre projet et identifiez les petits pas pour poursuivre votre chemin !  Pr\u00e9-requis\u00a0: Aucun  Intervenant.e\u00a0: Aur\u00e9lie Lucas  De formation initiale ing\u00e9nieure, j&#039;ai travaill\u00e9 plusieurs ann\u00e9es au sein de l&#039;industrie pharmaceutique dans des environnements multiculturels. Port\u00e9e par mes valeurs et ma recherche de sens, j&#039;ai d\u00e9cid\u00e9 de faire une reconversion professionnelle vers des actions \u00e0 impacts positifs sociaux. D\u00e9sireuse d&#039;avancer sur mon chemin et d&#039;\u00eatre toujours plus align\u00e9e avec moi-m\u00eame, je suis aujourd&#039;hui accompagnatrice au d\u00e9veloppement professionnel en tant que coach professionnelle certifi\u00e9e et facilitatrice. J&#039;accompagne des personnes, des \u00e9quipes et des organisations \u00e0 se d\u00e9velopper en conscience pour trouver leur place dans notre monde en transition. &#x2728; Je crois \u00e0 un syst\u00e8me o\u00f9 chacun.e peut \u00eatre \u00e9panoui.e dans son univers professionnel en apprenant \u00e0 mieux se conna\u00eetre, identifier ses talents et d\u00e9velopper son potentiel personnel et professionnel&#x2728;  Son super pouvoir : Chercheuse d\u2019alignement et d\u2019\u00e9panouissement  Son petit mot : &quot;Pas besoin de voir tout l&#039;escalier, commencez simplement par la premi\u00e8re marche&quot; Martin Luther King  Dur\u00e9e\u00a0: Un cr\u00e9neau de 1h en individuel  &nbsp;  Attention ! \u00a0Veuillez vous pr\u00e9senter \u00e0 l\u2019heure pour que l\u2019activit\u00e9 puisse commencer \u00e0 temps. Si vous avez du retard veuillez pr\u00e9venir l\u2019intervenant.e. Si vous avez plus de 15 min de retard l\u2019intervenant.e se r\u00e9serve le droit de ne plus vous accepter pour le coaching ou l\u2019atelier.\u00a0\" \/>\n<meta property=\"og:url\" content=\"https:\/\/empow-her.com\/produit\/coaching-mappuyer-sur-mes-motivations-profondes-pour-mener-mon-projet-avec-envie-4\/\" \/>\n<meta property=\"og:site_name\" content=\"Empow&#039;Her\" \/>\n<meta property=\"article:modified_time\" content=\"2022-10-06T11:52:12+00:00\" \/>\n<meta property=\"og:image\" content=\"https:\/\/empow-her.com\/wp-content\/uploads\/2022\/10\/Women-Dare-templates-events-2022-10-06T135155.790.png\" \/>\n\t<meta property=\"og:image:width\" content=\"1080\" \/>\n\t<meta property=\"og:image:height\" content=\"1080\" \/>\n\t<meta property=\"og:image:type\" content=\"image\/png\" \/>\n<meta name=\"twitter:card\" content=\"summary_large_image\" \/>\n<script type=\"application\/ld+json\" class=\"yoast-schema-graph\">{\"@context\":\"https:\/\/schema.org\",\"@graph\":[{\"@type\":\"WebPage\",\"@id\":\"https:\/\/empow-her.com\/produit\/coaching-mappuyer-sur-mes-motivations-profondes-pour-mener-mon-projet-avec-envie-4\/\",\"url\":\"https:\/\/empow-her.com\/produit\/coaching-mappuyer-sur-mes-motivations-profondes-pour-mener-mon-projet-avec-envie-4\/\",\"name\":\"Coaching - M\u2019appuyer sur mes motivations profondes pour mener mon projet avec envie - Empow&#039;Her\",\"isPartOf\":{\"@id\":\"https:\/\/empow-her.com\/#website\"},\"primaryImageOfPage\":{\"@id\":\"https:\/\/empow-her.com\/produit\/coaching-mappuyer-sur-mes-motivations-profondes-pour-mener-mon-projet-avec-envie-4\/#primaryimage\"},\"image\":{\"@id\":\"https:\/\/empow-her.com\/produit\/coaching-mappuyer-sur-mes-motivations-profondes-pour-mener-mon-projet-avec-envie-4\/#primaryimage\"},\"thumbnailUrl\":\"https:\/\/empow-her.com\/wp-content\/uploads\/2022\/10\/Women-Dare-templates-events-2022-10-06T135155.790.png\",\"datePublished\":\"2022-10-06T11:50:41+00:00\",\"dateModified\":\"2022-10-06T11:52:12+00:00\",\"breadcrumb\":{\"@id\":\"https:\/\/empow-her.com\/produit\/coaching-mappuyer-sur-mes-motivations-profondes-pour-mener-mon-projet-avec-envie-4\/#breadcrumb\"},\"inLanguage\":\"es\",\"potentialAction\":[{\"@type\":\"ReadAction\",\"target\":[\"https:\/\/empow-her.com\/produit\/coaching-mappuyer-sur-mes-motivations-profondes-pour-mener-mon-projet-avec-envie-4\/\"]}]},{\"@type\":\"ImageObject\",\"inLanguage\":\"es\",\"@id\":\"https:\/\/empow-her.com\/produit\/coaching-mappuyer-sur-mes-motivations-profondes-pour-mener-mon-projet-avec-envie-4\/#primaryimage\",\"url\":\"https:\/\/empow-her.com\/wp-content\/uploads\/2022\/10\/Women-Dare-templates-events-2022-10-06T135155.790.png\",\"contentUrl\":\"https:\/\/empow-her.com\/wp-content\/uploads\/2022\/10\/Women-Dare-templates-events-2022-10-06T135155.790.png\",\"width\":1080,\"height\":1080},{\"@type\":\"BreadcrumbList\",\"@id\":\"https:\/\/empow-her.com\/produit\/coaching-mappuyer-sur-mes-motivations-profondes-pour-mener-mon-projet-avec-envie-4\/#breadcrumb\",\"itemListElement\":[{\"@type\":\"ListItem\",\"position\":1,\"name\":\"Accueil\",\"item\":\"https:\/\/empow-her.com\/es\/inicio\/\"},{\"@type\":\"ListItem\",\"position\":2,\"name\":\"LA BOUTIQUE\",\"item\":\"https:\/\/empow-her.com\/boutique\/\"},{\"@type\":\"ListItem\",\"position\":3,\"name\":\"Coaching &#8211; M\u2019appuyer sur mes motivations profondes pour mener mon projet avec envie\"}]},{\"@type\":\"WebSite\",\"@id\":\"https:\/\/empow-her.com\/#website\",\"url\":\"https:\/\/empow-her.com\/\",\"name\":\"Empow&#039;Her\",\"description\":\"Women Development\",\"potentialAction\":[{\"@type\":\"SearchAction\",\"target\":{\"@type\":\"EntryPoint\",\"urlTemplate\":\"https:\/\/empow-her.com\/?s={search_term_string}\"},\"query-input\":{\"@type\":\"PropertyValueSpecification\",\"valueRequired\":true,\"valueName\":\"search_term_string\"}}],\"inLanguage\":\"es\"}]}<\/script>\n<!-- \/ Yoast SEO plugin. -->","yoast_head_json":{"title":"Coaching - M\u2019appuyer sur mes motivations profondes pour mener mon projet avec envie - Empow&#039;Her","robots":{"index":"index","follow":"follow","max-snippet":"max-snippet:-1","max-image-preview":"max-image-preview:large","max-video-preview":"max-video-preview:-1"},"canonical":"https:\/\/empow-her.com\/produit\/coaching-mappuyer-sur-mes-motivations-profondes-pour-mener-mon-projet-avec-envie-4\/","og_locale":"es_ES","og_type":"article","og_title":"Coaching - M\u2019appuyer sur mes motivations profondes pour mener mon projet avec envie - Empow&#039;Her","og_description":"Description : L\u2019aventure entrepreneuriale est un yoyo \u00e9motionnel, parfois source de d\u00e9couragement. Savoir se reconnecter r\u00e9guli\u00e8rement \u00e0 ses moteurs personnels et \u00e0 ses forces permet de d\u00e9ployer son \u00e9nergie au bon endroit et d\u2019incarner un leadership vivant et vibrant. Lors de ce coaching, reconnectez-vous \u00e0 vos moteurs pour faire des choix enthousiasmants et conscients, prenez du recul sur votre projet et identifiez les petits pas pour poursuivre votre chemin !  Pr\u00e9-requis\u00a0: Aucun  Intervenant.e\u00a0: Aur\u00e9lie Lucas  De formation initiale ing\u00e9nieure, j'ai travaill\u00e9 plusieurs ann\u00e9es au sein de l'industrie pharmaceutique dans des environnements multiculturels. Port\u00e9e par mes valeurs et ma recherche de sens, j'ai d\u00e9cid\u00e9 de faire une reconversion professionnelle vers des actions \u00e0 impacts positifs sociaux. D\u00e9sireuse d'avancer sur mon chemin et d'\u00eatre toujours plus align\u00e9e avec moi-m\u00eame, je suis aujourd'hui accompagnatrice au d\u00e9veloppement professionnel en tant que coach professionnelle certifi\u00e9e et facilitatrice. J'accompagne des personnes, des \u00e9quipes et des organisations \u00e0 se d\u00e9velopper en conscience pour trouver leur place dans notre monde en transition. &#x2728; Je crois \u00e0 un syst\u00e8me o\u00f9 chacun.e peut \u00eatre \u00e9panoui.e dans son univers professionnel en apprenant \u00e0 mieux se conna\u00eetre, identifier ses talents et d\u00e9velopper son potentiel personnel et professionnel&#x2728;  Son super pouvoir : Chercheuse d\u2019alignement et d\u2019\u00e9panouissement  Son petit mot : \"Pas besoin de voir tout l'escalier, commencez simplement par la premi\u00e8re marche\" Martin Luther King  Dur\u00e9e\u00a0: Un cr\u00e9neau de 1h en individuel  &nbsp;  Attention ! \u00a0Veuillez vous pr\u00e9senter \u00e0 l\u2019heure pour que l\u2019activit\u00e9 puisse commencer \u00e0 temps. Si vous avez du retard veuillez pr\u00e9venir l\u2019intervenant.e. Si vous avez plus de 15 min de retard l\u2019intervenant.e se r\u00e9serve le droit de ne plus vous accepter pour le coaching ou l\u2019atelier.\u00a0","og_url":"https:\/\/empow-her.com\/produit\/coaching-mappuyer-sur-mes-motivations-profondes-pour-mener-mon-projet-avec-envie-4\/","og_site_name":"Empow&#039;Her","article_modified_time":"2022-10-06T11:52:12+00:00","og_image":[{"width":1080,"height":1080,"url":"https:\/\/empow-her.com\/wp-content\/uploads\/2022\/10\/Women-Dare-templates-events-2022-10-06T135155.790.png","type":"image\/png"}],"twitter_card":"summary_large_image","schema":{"@context":"https:\/\/schema.org","@graph":[{"@type":"WebPage","@id":"https:\/\/empow-her.com\/produit\/coaching-mappuyer-sur-mes-motivations-profondes-pour-mener-mon-projet-avec-envie-4\/","url":"https:\/\/empow-her.com\/produit\/coaching-mappuyer-sur-mes-motivations-profondes-pour-mener-mon-projet-avec-envie-4\/","name":"Coaching - M\u2019appuyer sur mes motivations profondes pour mener mon projet avec envie - Empow&#039;Her","isPartOf":{"@id":"https:\/\/empow-her.com\/#website"},"primaryImageOfPage":{"@id":"https:\/\/empow-her.com\/produit\/coaching-mappuyer-sur-mes-motivations-profondes-pour-mener-mon-projet-avec-envie-4\/#primaryimage"},"image":{"@id":"https:\/\/empow-her.com\/produit\/coaching-mappuyer-sur-mes-motivations-profondes-pour-mener-mon-projet-avec-envie-4\/#primaryimage"},"thumbnailUrl":"https:\/\/empow-her.com\/wp-content\/uploads\/2022\/10\/Women-Dare-templates-events-2022-10-06T135155.790.png","datePublished":"2022-10-06T11:50:41+00:00","dateModified":"2022-10-06T11:52:12+00:00","breadcrumb":{"@id":"https:\/\/empow-her.com\/produit\/coaching-mappuyer-sur-mes-motivations-profondes-pour-mener-mon-projet-avec-envie-4\/#breadcrumb"},"inLanguage":"es","potentialAction":[{"@type":"ReadAction","target":["https:\/\/empow-her.com\/produit\/coaching-mappuyer-sur-mes-motivations-profondes-pour-mener-mon-projet-avec-envie-4\/"]}]},{"@type":"ImageObject","inLanguage":"es","@id":"https:\/\/empow-her.com\/produit\/coaching-mappuyer-sur-mes-motivations-profondes-pour-mener-mon-projet-avec-envie-4\/#primaryimage","url":"https:\/\/empow-her.com\/wp-content\/uploads\/2022\/10\/Women-Dare-templates-events-2022-10-06T135155.790.png","contentUrl":"https:\/\/empow-her.com\/wp-content\/uploads\/2022\/10\/Women-Dare-templates-events-2022-10-06T135155.790.png","width":1080,"height":1080},{"@type":"BreadcrumbList","@id":"https:\/\/empow-her.com\/produit\/coaching-mappuyer-sur-mes-motivations-profondes-pour-mener-mon-projet-avec-envie-4\/#breadcrumb","itemListElement":[{"@type":"ListItem","position":1,"name":"Accueil","item":"https:\/\/empow-her.com\/es\/inicio\/"},{"@type":"ListItem","position":2,"name":"LA BOUTIQUE","item":"https:\/\/empow-her.com\/boutique\/"},{"@type":"ListItem","position":3,"name":"Coaching &#8211; M\u2019appuyer sur mes motivations profondes pour mener mon projet avec envie"}]},{"@type":"WebSite","@id":"https:\/\/empow-her.com\/#website","url":"https:\/\/empow-her.com\/","name":"Empow&#039;Her","description":"Women Development","potentialAction":[{"@type":"SearchAction","target":{"@type":"EntryPoint","urlTemplate":"https:\/\/empow-her.com\/?s={search_term_string}"},"query-input":{"@type":"PropertyValueSpecification","valueRequired":true,"valueName":"search_term_string"}}],"inLanguage":"es"}]}},"_links":{"self":[{"href":"https:\/\/empow-her.com\/es\/wp-json\/wp\/v2\/product\/123282","targetHints":{"allow":["GET"]}}],"collection":[{"href":"https:\/\/empow-her.com\/es\/wp-json\/wp\/v2\/product"}],"about":[{"href":"https:\/\/empow-her.com\/es\/wp-json\/wp\/v2\/types\/product"}],"wp:featuredmedia":[{"embeddable":true,"href":"https:\/\/empow-her.com\/es\/wp-json\/wp\/v2\/media\/123283"}],"wp:attachment":[{"href":"https:\/\/empow-her.com\/es\/wp-json\/wp\/v2\/media?parent=123282"}],"wp:term":[{"taxonomy":"product_brand","embeddable":true,"href":"https:\/\/empow-her.com\/es\/wp-json\/wp\/v2\/product_brand?post=123282"},{"taxonomy":"product_cat","embeddable":true,"href":"https:\/\/empow-her.com\/es\/wp-json\/wp\/v2\/product_cat?post=123282"},{"taxonomy":"product_tag","embeddable":true,"href":"https:\/\/empow-her.com\/es\/wp-json\/wp\/v2\/product_tag?post=123282"},{"taxonomy":"lieu","embeddable":true,"href":"https:\/\/empow-her.com\/es\/wp-json\/wp\/v2\/lieu?post=123282"},{"taxonomy":"thematiques","embeddable":true,"href":"https:\/\/empow-her.com\/es\/wp-json\/wp\/v2\/thematiques?post=123282"}],"curies":[{"name":"wp","href":"https:\/\/api.w.org\/{rel}","templated":true}]}}