{"id":123213,"date":"2022-10-06T11:54:27","date_gmt":"2022-10-06T09:54:27","guid":{"rendered":"https:\/\/empow-her.com\/?post_type=product&#038;p=123213"},"modified":"2022-10-06T12:04:25","modified_gmt":"2022-10-06T10:04:25","slug":"atelier-strategie-de-communication-digitale","status":"publish","type":"product","link":"https:\/\/empow-her.com\/es\/produit\/atelier-strategie-de-communication-digitale\/","title":{"rendered":"Atelier &#8211; Strat\u00e9gie de communication digitale"},"content":{"rendered":"","protected":false},"excerpt":{"rendered":"<div>\n<p><span data-sheets-value=\"{&quot;1&quot;:2,&quot;2&quot;:&quot;Description : nnPr\u00e9-requis : nnIntervenant.e : nnSon super pouvoir : nnSon petit mot : &quot;}\" data-sheets-userformat=\"{&quot;2&quot;:641,&quot;3&quot;:{&quot;1&quot;:0},&quot;10&quot;:1,&quot;12&quot;:0}\"><strong>Description :<\/strong> Cet atelier a pour objectif de donner les principes et outils<br \/>\nde la communication digitale.<br \/>\n\u2022 Le site internet, la vente en ligne, quelle solution choisir ?<br \/>\n\u2022 \u00catre visible et toucher son audience<br \/>\n\u2022 Animer une communaut\u00e9<br \/>\n\u2022 Les relais d\u2019influence<br \/>\n\u2022 Gagner du temps avec les bon outils.<\/span><\/p>\n<p><strong>Pr\u00e9-requis<\/strong> : Aucun<\/p>\n<p><strong>Intervenant.e : Alexandra Robert des LesLieuxDits<\/strong><\/p>\n<\/div>\n<div>\n<p>&#8220;Designer de formation, experte en \u00e9tudes s\u00e9miotique appliqu\u00e9es au marketing, \u00e0 la marque et au business apr\u00e8s avoir \u00e9t\u00e9 directrice artistique et responsable communication pour des marques grand public durant plus de 18 ans. Je suis la fondatrice de l&#8217;agence LesLieuxDits qui accompagne les dirigeants dans le d\u00e9veloppement d&#8217;activit\u00e9s \u00e9conomiques plus responsables et cheffe d&#8217;une famille de 3 enfants.<br \/>\nDomaines d&#8217;expertise :<br \/>\n&gt; la relation entre le projet, l&#8217;offre et son &#8220;&#8221;public&#8221;&#8221;, autrement dit : le sens et la valorisation<br \/>\n&gt; la collaboration, le collectif, les contributions, la cr\u00e9ativit\u00e9 pour trouver des solutions qui collent aux sujets et aux moyens, autrement dit : le design de solutions et la facilitation.&#8221;<\/p>\n<p><span data-sheets-value=\"{&quot;1&quot;:2,&quot;2&quot;:&quot;Description : nnPr\u00e9-requis : nnIntervenant.e : nnSon super pouvoir : nnSon petit mot : &quot;}\" data-sheets-userformat=\"{&quot;2&quot;:641,&quot;3&quot;:{&quot;1&quot;:0},&quot;10&quot;:1,&quot;12&quot;:0}\"><br \/>\n<strong>Son super pouvoir :<\/strong> Facilitatrice de d\u00e9veloppement cr\u00e9atif et signifiant <\/span><\/p>\n<p><strong>Son petit mot :<\/strong> Osez bricoler, exp\u00e9rimenter, tester les possibilit\u00e9s.<\/p>\n<\/div>\n<div><\/div>\n<div><b>Lieu : <\/b>Sist&#8217;Her Paris, 82 rue du Faubourg Saint-Martin<\/div>\n<div><\/div>\n<div><\/div>\n<div><span data-sheets-value=\"{&quot;1&quot;:2,&quot;2&quot;:&quot;Attention ! \u00a0Veuillez vous pr\u00e9sentez \u00e0 l'heure pour que l'activit\u00e9 puisse commencer \u00e0 temps. Si vous avez du retard veuillez pr\u00e9venir l'intervenant.e. Si vous avez plus de 15 min de retard l'intervenant.e se r\u00e9serve le droit de plus vous accepter pour le coaching ou l'atelier.\u00a0&quot;}\" data-sheets-userformat=\"{&quot;2&quot;:641,&quot;3&quot;:{&quot;1&quot;:0},&quot;10&quot;:1,&quot;12&quot;:0}\"><strong>Attention !<\/strong> \u00a0Veuillez vous pr\u00e9senter \u00e0 l&#8217;heure pour que l&#8217;activit\u00e9 puisse commencer \u00e0 temps. Si vous avez du retard veuillez pr\u00e9venir l&#8217;intervenant.e. Si vous avez plus de 15 min de retard l&#8217;intervenant.e se r\u00e9serve le droit de ne plus vous accepter pour le coaching ou l&#8217;atelier.\u00a0<\/span><\/div>\n","protected":false},"featured_media":123214,"template":"","format":"standard","meta":{"_acf_changed":false,"om_disable_all_campaigns":false,"_uf_show_specific_survey":0,"_uf_disable_surveys":false},"product_brand":[],"product_cat":[118],"product_tag":[],"lieu":[127],"thematiques":[],"class_list":{"0":"post-123213","1":"product","2":"type-product","3":"status-publish","4":"format-standard","5":"has-post-thumbnail","7":"product_cat-atelier-collectif","8":"lieu-hub-empowher","10":"first","11":"instock","12":"virtual","13":"purchasable","14":"product-type-appointment"},"exclude_global_add_ons":[],"addons":[],"acf":[],"yoast_head":"<!-- This site is optimized with the Yoast SEO plugin v24.8 - https:\/\/yoast.com\/wordpress\/plugins\/seo\/ -->\n<title>Atelier - Strat\u00e9gie de communication digitale - Empow&#039;Her<\/title>\n<meta name=\"robots\" content=\"index, follow, max-snippet:-1, max-image-preview:large, max-video-preview:-1\" \/>\n<link rel=\"canonical\" href=\"https:\/\/empow-her.com\/produit\/atelier-strategie-de-communication-digitale\/\" \/>\n<meta property=\"og:locale\" content=\"es_ES\" \/>\n<meta property=\"og:type\" content=\"article\" \/>\n<meta property=\"og:title\" content=\"Atelier - Strat\u00e9gie de communication digitale - Empow&#039;Her\" \/>\n<meta property=\"og:description\" content=\"Description : Cet atelier a pour objectif de donner les principes et outils de la communication digitale. \u2022 Le site internet, la vente en ligne, quelle solution choisir ? \u2022 \u00catre visible et toucher son audience \u2022 Animer une communaut\u00e9 \u2022 Les relais d\u2019influence \u2022 Gagner du temps avec les bon outils.  Pr\u00e9-requis : Aucun  Intervenant.e : Alexandra Robert des LesLieuxDits     &quot;Designer de formation, experte en \u00e9tudes s\u00e9miotique appliqu\u00e9es au marketing, \u00e0 la marque et au business apr\u00e8s avoir \u00e9t\u00e9 directrice artistique et responsable communication pour des marques grand public durant plus de 18 ans. Je suis la fondatrice de l&#039;agence LesLieuxDits qui accompagne les dirigeants dans le d\u00e9veloppement d&#039;activit\u00e9s \u00e9conomiques plus responsables et cheffe d&#039;une famille de 3 enfants. Domaines d&#039;expertise : &gt; la relation entre le projet, l&#039;offre et son &quot;&quot;public&quot;&quot;, autrement dit : le sens et la valorisation &gt; la collaboration, le collectif, les contributions, la cr\u00e9ativit\u00e9 pour trouver des solutions qui collent aux sujets et aux moyens, autrement dit : le design de solutions et la facilitation.&quot;   Son super pouvoir : Facilitatrice de d\u00e9veloppement cr\u00e9atif et signifiant   Son petit mot : Osez bricoler, exp\u00e9rimenter, tester les possibilit\u00e9s.    Lieu : Sist&#039;Her Paris, 82 rue du Faubourg Saint-Martin   Attention ! \u00a0Veuillez vous pr\u00e9senter \u00e0 l&#039;heure pour que l&#039;activit\u00e9 puisse commencer \u00e0 temps. Si vous avez du retard veuillez pr\u00e9venir l&#039;intervenant.e. Si vous avez plus de 15 min de retard l&#039;intervenant.e se r\u00e9serve le droit de ne plus vous accepter pour le coaching ou l&#039;atelier.\u00a0\" \/>\n<meta property=\"og:url\" content=\"https:\/\/empow-her.com\/produit\/atelier-strategie-de-communication-digitale\/\" \/>\n<meta property=\"og:site_name\" content=\"Empow&#039;Her\" \/>\n<meta property=\"article:modified_time\" content=\"2022-10-06T10:04:25+00:00\" \/>\n<meta property=\"og:image\" content=\"https:\/\/empow-her.com\/wp-content\/uploads\/2022\/10\/Women-Dare-templates-events-2022-10-06T115808.242.png\" \/>\n\t<meta property=\"og:image:width\" content=\"1080\" \/>\n\t<meta property=\"og:image:height\" content=\"1080\" \/>\n\t<meta property=\"og:image:type\" content=\"image\/png\" \/>\n<meta name=\"twitter:card\" content=\"summary_large_image\" \/>\n<script type=\"application\/ld+json\" class=\"yoast-schema-graph\">{\"@context\":\"https:\/\/schema.org\",\"@graph\":[{\"@type\":\"WebPage\",\"@id\":\"https:\/\/empow-her.com\/produit\/atelier-strategie-de-communication-digitale\/\",\"url\":\"https:\/\/empow-her.com\/produit\/atelier-strategie-de-communication-digitale\/\",\"name\":\"Atelier - Strat\u00e9gie de communication digitale - Empow&#039;Her\",\"isPartOf\":{\"@id\":\"https:\/\/empow-her.com\/#website\"},\"primaryImageOfPage\":{\"@id\":\"https:\/\/empow-her.com\/produit\/atelier-strategie-de-communication-digitale\/#primaryimage\"},\"image\":{\"@id\":\"https:\/\/empow-her.com\/produit\/atelier-strategie-de-communication-digitale\/#primaryimage\"},\"thumbnailUrl\":\"https:\/\/empow-her.com\/wp-content\/uploads\/2022\/10\/Women-Dare-templates-events-2022-10-06T115808.242.png\",\"datePublished\":\"2022-10-06T09:54:27+00:00\",\"dateModified\":\"2022-10-06T10:04:25+00:00\",\"breadcrumb\":{\"@id\":\"https:\/\/empow-her.com\/produit\/atelier-strategie-de-communication-digitale\/#breadcrumb\"},\"inLanguage\":\"es\",\"potentialAction\":[{\"@type\":\"ReadAction\",\"target\":[\"https:\/\/empow-her.com\/produit\/atelier-strategie-de-communication-digitale\/\"]}]},{\"@type\":\"ImageObject\",\"inLanguage\":\"es\",\"@id\":\"https:\/\/empow-her.com\/produit\/atelier-strategie-de-communication-digitale\/#primaryimage\",\"url\":\"https:\/\/empow-her.com\/wp-content\/uploads\/2022\/10\/Women-Dare-templates-events-2022-10-06T115808.242.png\",\"contentUrl\":\"https:\/\/empow-her.com\/wp-content\/uploads\/2022\/10\/Women-Dare-templates-events-2022-10-06T115808.242.png\",\"width\":1080,\"height\":1080},{\"@type\":\"BreadcrumbList\",\"@id\":\"https:\/\/empow-her.com\/produit\/atelier-strategie-de-communication-digitale\/#breadcrumb\",\"itemListElement\":[{\"@type\":\"ListItem\",\"position\":1,\"name\":\"Accueil\",\"item\":\"https:\/\/empow-her.com\/es\/inicio\/\"},{\"@type\":\"ListItem\",\"position\":2,\"name\":\"LA BOUTIQUE\",\"item\":\"https:\/\/empow-her.com\/boutique\/\"},{\"@type\":\"ListItem\",\"position\":3,\"name\":\"Atelier &#8211; Strat\u00e9gie de communication digitale\"}]},{\"@type\":\"WebSite\",\"@id\":\"https:\/\/empow-her.com\/#website\",\"url\":\"https:\/\/empow-her.com\/\",\"name\":\"Empow&#039;Her\",\"description\":\"Women Development\",\"potentialAction\":[{\"@type\":\"SearchAction\",\"target\":{\"@type\":\"EntryPoint\",\"urlTemplate\":\"https:\/\/empow-her.com\/?s={search_term_string}\"},\"query-input\":{\"@type\":\"PropertyValueSpecification\",\"valueRequired\":true,\"valueName\":\"search_term_string\"}}],\"inLanguage\":\"es\"}]}<\/script>\n<!-- \/ Yoast SEO plugin. -->","yoast_head_json":{"title":"Atelier - Strat\u00e9gie de communication digitale - Empow&#039;Her","robots":{"index":"index","follow":"follow","max-snippet":"max-snippet:-1","max-image-preview":"max-image-preview:large","max-video-preview":"max-video-preview:-1"},"canonical":"https:\/\/empow-her.com\/produit\/atelier-strategie-de-communication-digitale\/","og_locale":"es_ES","og_type":"article","og_title":"Atelier - Strat\u00e9gie de communication digitale - Empow&#039;Her","og_description":"Description : Cet atelier a pour objectif de donner les principes et outils de la communication digitale. \u2022 Le site internet, la vente en ligne, quelle solution choisir ? \u2022 \u00catre visible et toucher son audience \u2022 Animer une communaut\u00e9 \u2022 Les relais d\u2019influence \u2022 Gagner du temps avec les bon outils.  Pr\u00e9-requis : Aucun  Intervenant.e : Alexandra Robert des LesLieuxDits     \"Designer de formation, experte en \u00e9tudes s\u00e9miotique appliqu\u00e9es au marketing, \u00e0 la marque et au business apr\u00e8s avoir \u00e9t\u00e9 directrice artistique et responsable communication pour des marques grand public durant plus de 18 ans. Je suis la fondatrice de l'agence LesLieuxDits qui accompagne les dirigeants dans le d\u00e9veloppement d'activit\u00e9s \u00e9conomiques plus responsables et cheffe d'une famille de 3 enfants. Domaines d'expertise : &gt; la relation entre le projet, l'offre et son \"\"public\"\", autrement dit : le sens et la valorisation &gt; la collaboration, le collectif, les contributions, la cr\u00e9ativit\u00e9 pour trouver des solutions qui collent aux sujets et aux moyens, autrement dit : le design de solutions et la facilitation.\"   Son super pouvoir : Facilitatrice de d\u00e9veloppement cr\u00e9atif et signifiant   Son petit mot : Osez bricoler, exp\u00e9rimenter, tester les possibilit\u00e9s.    Lieu : Sist'Her Paris, 82 rue du Faubourg Saint-Martin   Attention ! \u00a0Veuillez vous pr\u00e9senter \u00e0 l'heure pour que l'activit\u00e9 puisse commencer \u00e0 temps. Si vous avez du retard veuillez pr\u00e9venir l'intervenant.e. Si vous avez plus de 15 min de retard l'intervenant.e se r\u00e9serve le droit de ne plus vous accepter pour le coaching ou l'atelier.\u00a0","og_url":"https:\/\/empow-her.com\/produit\/atelier-strategie-de-communication-digitale\/","og_site_name":"Empow&#039;Her","article_modified_time":"2022-10-06T10:04:25+00:00","og_image":[{"width":1080,"height":1080,"url":"https:\/\/empow-her.com\/wp-content\/uploads\/2022\/10\/Women-Dare-templates-events-2022-10-06T115808.242.png","type":"image\/png"}],"twitter_card":"summary_large_image","schema":{"@context":"https:\/\/schema.org","@graph":[{"@type":"WebPage","@id":"https:\/\/empow-her.com\/produit\/atelier-strategie-de-communication-digitale\/","url":"https:\/\/empow-her.com\/produit\/atelier-strategie-de-communication-digitale\/","name":"Atelier - Strat\u00e9gie de communication digitale - Empow&#039;Her","isPartOf":{"@id":"https:\/\/empow-her.com\/#website"},"primaryImageOfPage":{"@id":"https:\/\/empow-her.com\/produit\/atelier-strategie-de-communication-digitale\/#primaryimage"},"image":{"@id":"https:\/\/empow-her.com\/produit\/atelier-strategie-de-communication-digitale\/#primaryimage"},"thumbnailUrl":"https:\/\/empow-her.com\/wp-content\/uploads\/2022\/10\/Women-Dare-templates-events-2022-10-06T115808.242.png","datePublished":"2022-10-06T09:54:27+00:00","dateModified":"2022-10-06T10:04:25+00:00","breadcrumb":{"@id":"https:\/\/empow-her.com\/produit\/atelier-strategie-de-communication-digitale\/#breadcrumb"},"inLanguage":"es","potentialAction":[{"@type":"ReadAction","target":["https:\/\/empow-her.com\/produit\/atelier-strategie-de-communication-digitale\/"]}]},{"@type":"ImageObject","inLanguage":"es","@id":"https:\/\/empow-her.com\/produit\/atelier-strategie-de-communication-digitale\/#primaryimage","url":"https:\/\/empow-her.com\/wp-content\/uploads\/2022\/10\/Women-Dare-templates-events-2022-10-06T115808.242.png","contentUrl":"https:\/\/empow-her.com\/wp-content\/uploads\/2022\/10\/Women-Dare-templates-events-2022-10-06T115808.242.png","width":1080,"height":1080},{"@type":"BreadcrumbList","@id":"https:\/\/empow-her.com\/produit\/atelier-strategie-de-communication-digitale\/#breadcrumb","itemListElement":[{"@type":"ListItem","position":1,"name":"Accueil","item":"https:\/\/empow-her.com\/es\/inicio\/"},{"@type":"ListItem","position":2,"name":"LA BOUTIQUE","item":"https:\/\/empow-her.com\/boutique\/"},{"@type":"ListItem","position":3,"name":"Atelier &#8211; Strat\u00e9gie de communication digitale"}]},{"@type":"WebSite","@id":"https:\/\/empow-her.com\/#website","url":"https:\/\/empow-her.com\/","name":"Empow&#039;Her","description":"Women Development","potentialAction":[{"@type":"SearchAction","target":{"@type":"EntryPoint","urlTemplate":"https:\/\/empow-her.com\/?s={search_term_string}"},"query-input":{"@type":"PropertyValueSpecification","valueRequired":true,"valueName":"search_term_string"}}],"inLanguage":"es"}]}},"_links":{"self":[{"href":"https:\/\/empow-her.com\/es\/wp-json\/wp\/v2\/product\/123213","targetHints":{"allow":["GET"]}}],"collection":[{"href":"https:\/\/empow-her.com\/es\/wp-json\/wp\/v2\/product"}],"about":[{"href":"https:\/\/empow-her.com\/es\/wp-json\/wp\/v2\/types\/product"}],"wp:featuredmedia":[{"embeddable":true,"href":"https:\/\/empow-her.com\/es\/wp-json\/wp\/v2\/media\/123214"}],"wp:attachment":[{"href":"https:\/\/empow-her.com\/es\/wp-json\/wp\/v2\/media?parent=123213"}],"wp:term":[{"taxonomy":"product_brand","embeddable":true,"href":"https:\/\/empow-her.com\/es\/wp-json\/wp\/v2\/product_brand?post=123213"},{"taxonomy":"product_cat","embeddable":true,"href":"https:\/\/empow-her.com\/es\/wp-json\/wp\/v2\/product_cat?post=123213"},{"taxonomy":"product_tag","embeddable":true,"href":"https:\/\/empow-her.com\/es\/wp-json\/wp\/v2\/product_tag?post=123213"},{"taxonomy":"lieu","embeddable":true,"href":"https:\/\/empow-her.com\/es\/wp-json\/wp\/v2\/lieu?post=123213"},{"taxonomy":"thematiques","embeddable":true,"href":"https:\/\/empow-her.com\/es\/wp-json\/wp\/v2\/thematiques?post=123213"}],"curies":[{"name":"wp","href":"https:\/\/api.w.org\/{rel}","templated":true}]}}