{"id":123199,"date":"2022-10-06T11:43:16","date_gmt":"2022-10-06T09:43:16","guid":{"rendered":"https:\/\/empow-her.com\/?post_type=product&#038;p=123199"},"modified":"2022-10-17T17:59:14","modified_gmt":"2022-10-17T15:59:14","slug":"atelier-prototyper-et-tester-son-projet","status":"publish","type":"product","link":"https:\/\/empow-her.com\/es\/produit\/atelier-prototyper-et-tester-son-projet\/","title":{"rendered":"Atelier &#8211; Prototyper et tester son projet"},"content":{"rendered":"","protected":false},"excerpt":{"rendered":"<p>Cet atelier vous invite \u00e0 passer \u00e0 l&#8217;action en d\u00e9finissant la m\u00e9thode de prototypage en ad\u00e9quation avec votre projet et en vous projetant dans la r\u00e9alisation de ce celui-ci sur le terrain !<\/p>\n<p>Au programme : Pr\u00e9sentation de l&#8217;effectuation, se projeter dans un passage \u00e0 l&#8217;action rapide, et favoriser les \u00e9changes pour affiner ses choix de prototypage.<\/p>\n<p><strong>Intervenant : <\/strong>Arthur Marechaux<\/p>\n<p><strong>Pr\u00e9sentation : <\/strong><br \/>\nEntrepreneur et facilitateur, Arthur vous accompagne dans la conception, la mise en \u0153uvre et la diffusion d\u2019innovations \u00e0 fort impact, avec un focus sur la recherche de votre mod\u00e8le \u00e9conomique et le test de votre solution pour valider votre projet. Arthur a extrait de ses exp\u00e9riences terrains, les outils et les approches efficaces pour d\u00e9finir un mod\u00e8le et le tester rapidement. Il \u00e9volue depuis 7 ans dans l\u2019\u00e9cosyst\u00e8me de l\u2019accompagnement de projets aux c\u00f4t\u00e9s d\u2019entrepreneur.e.s engag\u00e9.e.s pour les accompagner \u00e0 d\u00e9velopper leur projet et leur potentiel. Il porte en parall\u00e8le un projet terrain, en phase de changement d&#8217;\u00e9chelle, qui a pour mission d\u2019enseigner les langues et sensibiliser \u00e0 la citoyennet\u00e9 europ\u00e9enne et mondiale, \u00e0 travers le sport.<\/p>\n<p><strong>Son super pouvoir : <\/strong><br \/>\nExplorateur des possibles<\/p>\n<p><strong>Son petit mot : <\/strong><br \/>\nEntreprendre, c&#8217;est comme se lancer dans un trek en montagne, pour parvenir au sommet, il y a du chemin \u00e0 parcourir et une grande part d\u2019impr\u00e9vu. Votre challenge :<br \/>\n1. Trouver le bon chemin (la bonne nouvelle c&#8217;est qu&#8217;il en existe plusieurs)<br \/>\n2. Rester motiv\u00e9e<br \/>\n3. Savoir par quel sentier commencer<br \/>\n4. \u00catre \u00e9quip\u00e9e<\/p>\n<p>Si vous \u00eates ici, c&#8217;est que vous avez fait le bon choix pour que l&#8217;on vous soutienne dans cette aventure et qu&#8217;on vous aide \u00e0 prendre du recul pour faire les bons choix afin d&#8217;arriver au sommet.<\/p>\n<div><\/div>\n<div><b>Lieu : <\/b>Sist&#8217;Her Paris, 82 rue du Faubourg Saint-Martin<\/div>\n<div><\/div>\n<div>\n<p>&nbsp;<\/p>\n<p><b>Attention !\u00a0<\/b> Veuillez vous pr\u00e9senter \u00e0 l\u2019heure pour que l\u2019activit\u00e9 puisse commencer \u00e0 temps. Si vous avez du retard veuillez pr\u00e9venir l\u2019intervenant.e. Si vous avez plus de 15 min de retard l\u2019intervenant.e se r\u00e9serve le droit de ne pas vous accepter pour le coaching ou l\u2019atelier.<\/p>\n<\/div>\n","protected":false},"featured_media":123207,"template":"","format":"standard","meta":{"_acf_changed":false,"om_disable_all_campaigns":false,"_uf_show_specific_survey":0,"_uf_disable_surveys":false},"product_brand":[],"product_cat":[118],"product_tag":[],"lieu":[127],"thematiques":[],"class_list":{"0":"post-123199","1":"product","2":"type-product","3":"status-publish","4":"format-standard","5":"has-post-thumbnail","7":"product_cat-atelier-collectif","8":"lieu-hub-empowher","10":"first","11":"instock","12":"virtual","13":"purchasable","14":"product-type-appointment"},"exclude_global_add_ons":[],"addons":[],"acf":[],"yoast_head":"<!-- This site is optimized with the Yoast SEO plugin v24.8 - https:\/\/yoast.com\/wordpress\/plugins\/seo\/ -->\n<title>Atelier - Prototyper et tester son projet - Empow&#039;Her<\/title>\n<meta name=\"robots\" content=\"index, follow, max-snippet:-1, max-image-preview:large, max-video-preview:-1\" \/>\n<link rel=\"canonical\" href=\"https:\/\/empow-her.com\/produit\/atelier-prototyper-et-tester-son-projet\/\" \/>\n<meta property=\"og:locale\" content=\"es_ES\" \/>\n<meta property=\"og:type\" content=\"article\" \/>\n<meta property=\"og:title\" content=\"Atelier - Prototyper et tester son projet - Empow&#039;Her\" \/>\n<meta property=\"og:description\" content=\"Cet atelier vous invite \u00e0 passer \u00e0 l&#039;action en d\u00e9finissant la m\u00e9thode de prototypage en ad\u00e9quation avec votre projet et en vous projetant dans la r\u00e9alisation de ce celui-ci sur le terrain !  Au programme : Pr\u00e9sentation de l&#039;effectuation, se projeter dans un passage \u00e0 l&#039;action rapide, et favoriser les \u00e9changes pour affiner ses choix de prototypage.  Intervenant : Arthur Marechaux  Pr\u00e9sentation :  Entrepreneur et facilitateur, Arthur vous accompagne dans la conception, la mise en \u0153uvre et la diffusion d\u2019innovations \u00e0 fort impact, avec un focus sur la recherche de votre mod\u00e8le \u00e9conomique et le test de votre solution pour valider votre projet. Arthur a extrait de ses exp\u00e9riences terrains, les outils et les approches efficaces pour d\u00e9finir un mod\u00e8le et le tester rapidement. Il \u00e9volue depuis 7 ans dans l\u2019\u00e9cosyst\u00e8me de l\u2019accompagnement de projets aux c\u00f4t\u00e9s d\u2019entrepreneur.e.s engag\u00e9.e.s pour les accompagner \u00e0 d\u00e9velopper leur projet et leur potentiel. Il porte en parall\u00e8le un projet terrain, en phase de changement d&#039;\u00e9chelle, qui a pour mission d\u2019enseigner les langues et sensibiliser \u00e0 la citoyennet\u00e9 europ\u00e9enne et mondiale, \u00e0 travers le sport.  Son super pouvoir :  Explorateur des possibles  Son petit mot :  Entreprendre, c&#039;est comme se lancer dans un trek en montagne, pour parvenir au sommet, il y a du chemin \u00e0 parcourir et une grande part d\u2019impr\u00e9vu. Votre challenge : 1. Trouver le bon chemin (la bonne nouvelle c&#039;est qu&#039;il en existe plusieurs) 2. Rester motiv\u00e9e 3. Savoir par quel sentier commencer 4. \u00catre \u00e9quip\u00e9e  Si vous \u00eates ici, c&#039;est que vous avez fait le bon choix pour que l&#039;on vous soutienne dans cette aventure et qu&#039;on vous aide \u00e0 prendre du recul pour faire les bons choix afin d&#039;arriver au sommet.  Lieu : Sist&#039;Her Paris, 82 rue du Faubourg Saint-Martin    &nbsp;  Attention !\u00a0 Veuillez vous pr\u00e9senter \u00e0 l\u2019heure pour que l\u2019activit\u00e9 puisse commencer \u00e0 temps. Si vous avez du retard veuillez pr\u00e9venir l\u2019intervenant.e. Si vous avez plus de 15 min de retard l\u2019intervenant.e se r\u00e9serve le droit de ne pas vous accepter pour le coaching ou l\u2019atelier.\" \/>\n<meta property=\"og:url\" content=\"https:\/\/empow-her.com\/produit\/atelier-prototyper-et-tester-son-projet\/\" \/>\n<meta property=\"og:site_name\" content=\"Empow&#039;Her\" \/>\n<meta property=\"article:modified_time\" content=\"2022-10-17T15:59:14+00:00\" \/>\n<meta property=\"og:image\" content=\"https:\/\/empow-her.com\/wp-content\/uploads\/2022\/10\/Women-Dare-templates-events-2022-10-06T114734.027.png\" \/>\n\t<meta property=\"og:image:width\" content=\"1080\" \/>\n\t<meta property=\"og:image:height\" content=\"1080\" \/>\n\t<meta property=\"og:image:type\" content=\"image\/png\" \/>\n<meta name=\"twitter:card\" content=\"summary_large_image\" \/>\n<script type=\"application\/ld+json\" class=\"yoast-schema-graph\">{\"@context\":\"https:\/\/schema.org\",\"@graph\":[{\"@type\":\"WebPage\",\"@id\":\"https:\/\/empow-her.com\/produit\/atelier-prototyper-et-tester-son-projet\/\",\"url\":\"https:\/\/empow-her.com\/produit\/atelier-prototyper-et-tester-son-projet\/\",\"name\":\"Atelier - Prototyper et tester son projet - Empow&#039;Her\",\"isPartOf\":{\"@id\":\"https:\/\/empow-her.com\/#website\"},\"primaryImageOfPage\":{\"@id\":\"https:\/\/empow-her.com\/produit\/atelier-prototyper-et-tester-son-projet\/#primaryimage\"},\"image\":{\"@id\":\"https:\/\/empow-her.com\/produit\/atelier-prototyper-et-tester-son-projet\/#primaryimage\"},\"thumbnailUrl\":\"https:\/\/empow-her.com\/wp-content\/uploads\/2022\/10\/Women-Dare-templates-events-2022-10-06T114734.027.png\",\"datePublished\":\"2022-10-06T09:43:16+00:00\",\"dateModified\":\"2022-10-17T15:59:14+00:00\",\"breadcrumb\":{\"@id\":\"https:\/\/empow-her.com\/produit\/atelier-prototyper-et-tester-son-projet\/#breadcrumb\"},\"inLanguage\":\"es\",\"potentialAction\":[{\"@type\":\"ReadAction\",\"target\":[\"https:\/\/empow-her.com\/produit\/atelier-prototyper-et-tester-son-projet\/\"]}]},{\"@type\":\"ImageObject\",\"inLanguage\":\"es\",\"@id\":\"https:\/\/empow-her.com\/produit\/atelier-prototyper-et-tester-son-projet\/#primaryimage\",\"url\":\"https:\/\/empow-her.com\/wp-content\/uploads\/2022\/10\/Women-Dare-templates-events-2022-10-06T114734.027.png\",\"contentUrl\":\"https:\/\/empow-her.com\/wp-content\/uploads\/2022\/10\/Women-Dare-templates-events-2022-10-06T114734.027.png\",\"width\":1080,\"height\":1080},{\"@type\":\"BreadcrumbList\",\"@id\":\"https:\/\/empow-her.com\/produit\/atelier-prototyper-et-tester-son-projet\/#breadcrumb\",\"itemListElement\":[{\"@type\":\"ListItem\",\"position\":1,\"name\":\"Accueil\",\"item\":\"https:\/\/empow-her.com\/es\/inicio\/\"},{\"@type\":\"ListItem\",\"position\":2,\"name\":\"LA BOUTIQUE\",\"item\":\"https:\/\/empow-her.com\/boutique\/\"},{\"@type\":\"ListItem\",\"position\":3,\"name\":\"Atelier &#8211; Prototyper et tester son projet\"}]},{\"@type\":\"WebSite\",\"@id\":\"https:\/\/empow-her.com\/#website\",\"url\":\"https:\/\/empow-her.com\/\",\"name\":\"Empow&#039;Her\",\"description\":\"Women Development\",\"potentialAction\":[{\"@type\":\"SearchAction\",\"target\":{\"@type\":\"EntryPoint\",\"urlTemplate\":\"https:\/\/empow-her.com\/?s={search_term_string}\"},\"query-input\":{\"@type\":\"PropertyValueSpecification\",\"valueRequired\":true,\"valueName\":\"search_term_string\"}}],\"inLanguage\":\"es\"}]}<\/script>\n<!-- \/ Yoast SEO plugin. -->","yoast_head_json":{"title":"Atelier - Prototyper et tester son projet - Empow&#039;Her","robots":{"index":"index","follow":"follow","max-snippet":"max-snippet:-1","max-image-preview":"max-image-preview:large","max-video-preview":"max-video-preview:-1"},"canonical":"https:\/\/empow-her.com\/produit\/atelier-prototyper-et-tester-son-projet\/","og_locale":"es_ES","og_type":"article","og_title":"Atelier - Prototyper et tester son projet - Empow&#039;Her","og_description":"Cet atelier vous invite \u00e0 passer \u00e0 l'action en d\u00e9finissant la m\u00e9thode de prototypage en ad\u00e9quation avec votre projet et en vous projetant dans la r\u00e9alisation de ce celui-ci sur le terrain !  Au programme : Pr\u00e9sentation de l'effectuation, se projeter dans un passage \u00e0 l'action rapide, et favoriser les \u00e9changes pour affiner ses choix de prototypage.  Intervenant : Arthur Marechaux  Pr\u00e9sentation :  Entrepreneur et facilitateur, Arthur vous accompagne dans la conception, la mise en \u0153uvre et la diffusion d\u2019innovations \u00e0 fort impact, avec un focus sur la recherche de votre mod\u00e8le \u00e9conomique et le test de votre solution pour valider votre projet. Arthur a extrait de ses exp\u00e9riences terrains, les outils et les approches efficaces pour d\u00e9finir un mod\u00e8le et le tester rapidement. Il \u00e9volue depuis 7 ans dans l\u2019\u00e9cosyst\u00e8me de l\u2019accompagnement de projets aux c\u00f4t\u00e9s d\u2019entrepreneur.e.s engag\u00e9.e.s pour les accompagner \u00e0 d\u00e9velopper leur projet et leur potentiel. Il porte en parall\u00e8le un projet terrain, en phase de changement d'\u00e9chelle, qui a pour mission d\u2019enseigner les langues et sensibiliser \u00e0 la citoyennet\u00e9 europ\u00e9enne et mondiale, \u00e0 travers le sport.  Son super pouvoir :  Explorateur des possibles  Son petit mot :  Entreprendre, c'est comme se lancer dans un trek en montagne, pour parvenir au sommet, il y a du chemin \u00e0 parcourir et une grande part d\u2019impr\u00e9vu. Votre challenge : 1. Trouver le bon chemin (la bonne nouvelle c'est qu'il en existe plusieurs) 2. Rester motiv\u00e9e 3. Savoir par quel sentier commencer 4. \u00catre \u00e9quip\u00e9e  Si vous \u00eates ici, c'est que vous avez fait le bon choix pour que l'on vous soutienne dans cette aventure et qu'on vous aide \u00e0 prendre du recul pour faire les bons choix afin d'arriver au sommet.  Lieu : Sist'Her Paris, 82 rue du Faubourg Saint-Martin    &nbsp;  Attention !\u00a0 Veuillez vous pr\u00e9senter \u00e0 l\u2019heure pour que l\u2019activit\u00e9 puisse commencer \u00e0 temps. Si vous avez du retard veuillez pr\u00e9venir l\u2019intervenant.e. Si vous avez plus de 15 min de retard l\u2019intervenant.e se r\u00e9serve le droit de ne pas vous accepter pour le coaching ou l\u2019atelier.","og_url":"https:\/\/empow-her.com\/produit\/atelier-prototyper-et-tester-son-projet\/","og_site_name":"Empow&#039;Her","article_modified_time":"2022-10-17T15:59:14+00:00","og_image":[{"width":1080,"height":1080,"url":"https:\/\/empow-her.com\/wp-content\/uploads\/2022\/10\/Women-Dare-templates-events-2022-10-06T114734.027.png","type":"image\/png"}],"twitter_card":"summary_large_image","schema":{"@context":"https:\/\/schema.org","@graph":[{"@type":"WebPage","@id":"https:\/\/empow-her.com\/produit\/atelier-prototyper-et-tester-son-projet\/","url":"https:\/\/empow-her.com\/produit\/atelier-prototyper-et-tester-son-projet\/","name":"Atelier - Prototyper et tester son projet - Empow&#039;Her","isPartOf":{"@id":"https:\/\/empow-her.com\/#website"},"primaryImageOfPage":{"@id":"https:\/\/empow-her.com\/produit\/atelier-prototyper-et-tester-son-projet\/#primaryimage"},"image":{"@id":"https:\/\/empow-her.com\/produit\/atelier-prototyper-et-tester-son-projet\/#primaryimage"},"thumbnailUrl":"https:\/\/empow-her.com\/wp-content\/uploads\/2022\/10\/Women-Dare-templates-events-2022-10-06T114734.027.png","datePublished":"2022-10-06T09:43:16+00:00","dateModified":"2022-10-17T15:59:14+00:00","breadcrumb":{"@id":"https:\/\/empow-her.com\/produit\/atelier-prototyper-et-tester-son-projet\/#breadcrumb"},"inLanguage":"es","potentialAction":[{"@type":"ReadAction","target":["https:\/\/empow-her.com\/produit\/atelier-prototyper-et-tester-son-projet\/"]}]},{"@type":"ImageObject","inLanguage":"es","@id":"https:\/\/empow-her.com\/produit\/atelier-prototyper-et-tester-son-projet\/#primaryimage","url":"https:\/\/empow-her.com\/wp-content\/uploads\/2022\/10\/Women-Dare-templates-events-2022-10-06T114734.027.png","contentUrl":"https:\/\/empow-her.com\/wp-content\/uploads\/2022\/10\/Women-Dare-templates-events-2022-10-06T114734.027.png","width":1080,"height":1080},{"@type":"BreadcrumbList","@id":"https:\/\/empow-her.com\/produit\/atelier-prototyper-et-tester-son-projet\/#breadcrumb","itemListElement":[{"@type":"ListItem","position":1,"name":"Accueil","item":"https:\/\/empow-her.com\/es\/inicio\/"},{"@type":"ListItem","position":2,"name":"LA BOUTIQUE","item":"https:\/\/empow-her.com\/boutique\/"},{"@type":"ListItem","position":3,"name":"Atelier &#8211; Prototyper et tester son projet"}]},{"@type":"WebSite","@id":"https:\/\/empow-her.com\/#website","url":"https:\/\/empow-her.com\/","name":"Empow&#039;Her","description":"Women Development","potentialAction":[{"@type":"SearchAction","target":{"@type":"EntryPoint","urlTemplate":"https:\/\/empow-her.com\/?s={search_term_string}"},"query-input":{"@type":"PropertyValueSpecification","valueRequired":true,"valueName":"search_term_string"}}],"inLanguage":"es"}]}},"_links":{"self":[{"href":"https:\/\/empow-her.com\/es\/wp-json\/wp\/v2\/product\/123199","targetHints":{"allow":["GET"]}}],"collection":[{"href":"https:\/\/empow-her.com\/es\/wp-json\/wp\/v2\/product"}],"about":[{"href":"https:\/\/empow-her.com\/es\/wp-json\/wp\/v2\/types\/product"}],"wp:featuredmedia":[{"embeddable":true,"href":"https:\/\/empow-her.com\/es\/wp-json\/wp\/v2\/media\/123207"}],"wp:attachment":[{"href":"https:\/\/empow-her.com\/es\/wp-json\/wp\/v2\/media?parent=123199"}],"wp:term":[{"taxonomy":"product_brand","embeddable":true,"href":"https:\/\/empow-her.com\/es\/wp-json\/wp\/v2\/product_brand?post=123199"},{"taxonomy":"product_cat","embeddable":true,"href":"https:\/\/empow-her.com\/es\/wp-json\/wp\/v2\/product_cat?post=123199"},{"taxonomy":"product_tag","embeddable":true,"href":"https:\/\/empow-her.com\/es\/wp-json\/wp\/v2\/product_tag?post=123199"},{"taxonomy":"lieu","embeddable":true,"href":"https:\/\/empow-her.com\/es\/wp-json\/wp\/v2\/lieu?post=123199"},{"taxonomy":"thematiques","embeddable":true,"href":"https:\/\/empow-her.com\/es\/wp-json\/wp\/v2\/thematiques?post=123199"}],"curies":[{"name":"wp","href":"https:\/\/api.w.org\/{rel}","templated":true}]}}