{"id":12311,"date":"2021-03-16T11:04:16","date_gmt":"2021-03-16T10:04:16","guid":{"rendered":"https:\/\/empow-her.com\/?post_type=product&#038;p=12311"},"modified":"2021-05-06T10:36:28","modified_gmt":"2021-05-06T08:36:28","slug":"atelier-developper-sa-posture-empathique-aupres-de-son-reseau","status":"publish","type":"product","link":"https:\/\/empow-her.com\/es\/produit\/atelier-developper-sa-posture-empathique-aupres-de-son-reseau\/","title":{"rendered":"Atelier &#8211; D\u00e9couvrir et utiliser la puissance de l&#8217;empathie dans mes relations aux autres"},"content":{"rendered":"","protected":false},"excerpt":{"rendered":"<div>\n<p>Vous souhaitez d\u00e9couvrir la puissance de l&#8217;empathie et apprendre \u00e0 l&#8217;utiliser dans vos relations aux autres ? Que ce soit aupr\u00e8s de vos futurs clients, votre r\u00e9seau, ou encore vos partenaires ? Qui sont vos clients et que veulent-ils ? Comment d\u00e9velopper votre empathie, se d\u00e9tacher de votre imaginaire pour comprendre la r\u00e9alit\u00e9 des diff\u00e9rents acteurs de votre r\u00e9seau ? Comment questionner leurs besoins ou encore construire un guide d\u2019entretien ? Anouchka vous explique comment d\u00e9velopper votre posture empathique dans cet atelier sp\u00e9cial Empathie &amp; R\u00e9seau !<\/p>\n<\/div>\n<p>&nbsp;<\/p>\n<p><span data-sheets-value=\"{&quot;1&quot;:2,&quot;2&quot;:&quot;Alexandre Sourzac-Lami est co-fondateur de Comit, une structure sp\u00e9cialis\u00e9e qui con\u00e7oit et adapte des outils et m\u00e9thodes pour donner aux entrepreneur.e.s la capacit\u00e9 de d\u00e9velopper des mod\u00e8les \u00e9conomiques p\u00e9rennes.&quot;}\" data-sheets-userformat=\"{&quot;2&quot;:1055743,&quot;3&quot;:{&quot;1&quot;:0},&quot;4&quot;:{&quot;1&quot;:2,&quot;2&quot;:16777215},&quot;5&quot;:{&quot;1&quot;:[{&quot;1&quot;:2,&quot;2&quot;:0,&quot;5&quot;:{&quot;1&quot;:2,&quot;2&quot;:0}},{&quot;1&quot;:0,&quot;2&quot;:0,&quot;3&quot;:3},{&quot;1&quot;:1,&quot;2&quot;:0,&quot;4&quot;:1}]},&quot;6&quot;:{&quot;1&quot;:[{&quot;1&quot;:2,&quot;2&quot;:0,&quot;5&quot;:{&quot;1&quot;:2,&quot;2&quot;:0}},{&quot;1&quot;:0,&quot;2&quot;:0,&quot;3&quot;:3},{&quot;1&quot;:1,&quot;2&quot;:0,&quot;4&quot;:1}]},&quot;7&quot;:{&quot;1&quot;:[{&quot;1&quot;:2,&quot;2&quot;:0,&quot;5&quot;:{&quot;1&quot;:2,&quot;2&quot;:0}},{&quot;1&quot;:0,&quot;2&quot;:0,&quot;3&quot;:3},{&quot;1&quot;:1,&quot;2&quot;:0,&quot;4&quot;:1}]},&quot;8&quot;:{&quot;1&quot;:[{&quot;1&quot;:2,&quot;2&quot;:0,&quot;5&quot;:{&quot;1&quot;:2,&quot;2&quot;:0}},{&quot;1&quot;:0,&quot;2&quot;:0,&quot;3&quot;:3},{&quot;1&quot;:1,&quot;2&quot;:0,&quot;4&quot;:1}]},&quot;9&quot;:0,&quot;10&quot;:1,&quot;11&quot;:4,&quot;12&quot;:0,&quot;14&quot;:{&quot;1&quot;:2,&quot;2&quot;:0},&quot;15&quot;:&quot;Calibri&quot;,&quot;23&quot;:1}\" data-sheets-textstyleruns=\"{&quot;1&quot;:0}\uee10{&quot;1&quot;:43,&quot;2&quot;:{&quot;2&quot;:{&quot;1&quot;:2,&quot;2&quot;:1136076},&quot;9&quot;:1}}\uee10{&quot;1&quot;:48}\" data-sheets-hyperlinkruns=\"{&quot;1&quot;:43,&quot;2&quot;:&quot;https:\/\/www.comit.berlin\/&quot;}\uee10{&quot;1&quot;:48}\"><strong>Intervenant.e.s : <\/strong>Anouchka Colin.<\/span><\/p>\n<p>Anouchka a travaill\u00e9 12 ans dans des multinationales sur les probl\u00e9matiques d&#8217;\u00e9tudes marketing et d&#8217;\u00e9coute des consommateurs. Son r\u00f4le \u00e9tait alors de porter leur voix en interne. Elle a finalement d\u00e9cid\u00e9 de quitter ce monde professionnel pour trouver plus de sens en suivant un programme de transition de carri\u00e8re vers l&#8217;\u00e9conomie sociale et solidaire, et s&#8217;est rendue compte que la probl\u00e9matique de l&#8217;\u00e9coute des b\u00e9n\u00e9ficiaires \u00e9tait cl\u00e9 l\u00e0 aussi. Ecouter mais surtout comprendre les besoins des b\u00e9n\u00e9ficiaires, mais aussi des financeurs, des membres de son r\u00e9seau, des potentiels partenaires, c&#8217;est d\u00e9velopper de meilleures relations gagnant-gagnant et prendre du recul sur son projet.<\/p>\n<p>&nbsp;<\/p>\n<p><strong>Son super pouvoir ?<\/strong> Cr\u00e9atrice d&#8217;\u00e9coute mutuelle !<\/p>\n<p>&nbsp;<\/p>\n<p><strong>Son petit mot<\/strong> : <em>L&#8217;empathie est une qualit\u00e9 essentielle \u00e0 d\u00e9velopper, pour son projet mais aussi dans sa vie personnelle : elle \u00e9vite bien des d\u00e9convenues et des d\u00e9bats st\u00e9riles. Je crois profond\u00e9ment que c&#8217;est ce dont le monde a besoin : des entrepreneures r\u00e9ellement empathiques !<\/em><\/p>\n","protected":false},"featured_media":13766,"template":"","format":"standard","meta":{"_acf_changed":false,"om_disable_all_campaigns":false,"_uf_show_specific_survey":0,"_uf_disable_surveys":false},"product_brand":[],"product_cat":[118],"product_tag":[],"lieu":[125],"thematiques":[],"class_list":{"0":"post-12311","1":"product","2":"type-product","3":"status-publish","4":"format-standard","5":"has-post-thumbnail","7":"product_cat-atelier-collectif","8":"lieu-en-ligne","10":"first","11":"instock","12":"virtual","13":"purchasable","14":"product-type-appointment"},"exclude_global_add_ons":[],"addons":[],"acf":[],"yoast_head":"<!-- This site is optimized with the Yoast SEO plugin v24.8 - https:\/\/yoast.com\/wordpress\/plugins\/seo\/ -->\n<title>Atelier - D\u00e9couvrir et utiliser la puissance de l&#039;empathie dans mes relations aux autres - Empow&#039;Her<\/title>\n<meta name=\"robots\" content=\"index, follow, max-snippet:-1, max-image-preview:large, max-video-preview:-1\" \/>\n<link rel=\"canonical\" href=\"https:\/\/empow-her.com\/es\/produit\/atelier-developper-sa-posture-empathique-aupres-de-son-reseau\/\" \/>\n<meta property=\"og:locale\" content=\"es_ES\" \/>\n<meta property=\"og:type\" content=\"article\" \/>\n<meta property=\"og:title\" content=\"Atelier - D\u00e9couvrir et utiliser la puissance de l&#039;empathie dans mes relations aux autres - Empow&#039;Her\" \/>\n<meta property=\"og:description\" content=\"Vous souhaitez d\u00e9couvrir la puissance de l&#039;empathie et apprendre \u00e0 l&#039;utiliser dans vos relations aux autres ? Que ce soit aupr\u00e8s de vos futurs clients, votre r\u00e9seau, ou encore vos partenaires ? Qui sont vos clients et que veulent-ils ? Comment d\u00e9velopper votre empathie, se d\u00e9tacher de votre imaginaire pour comprendre la r\u00e9alit\u00e9 des diff\u00e9rents acteurs de votre r\u00e9seau ? Comment questionner leurs besoins ou encore construire un guide d\u2019entretien ? Anouchka vous explique comment d\u00e9velopper votre posture empathique dans cet atelier sp\u00e9cial Empathie &amp; R\u00e9seau !   &nbsp;  Intervenant.e.s : Anouchka Colin.  Anouchka a travaill\u00e9 12 ans dans des multinationales sur les probl\u00e9matiques d&#039;\u00e9tudes marketing et d&#039;\u00e9coute des consommateurs. Son r\u00f4le \u00e9tait alors de porter leur voix en interne. Elle a finalement d\u00e9cid\u00e9 de quitter ce monde professionnel pour trouver plus de sens en suivant un programme de transition de carri\u00e8re vers l&#039;\u00e9conomie sociale et solidaire, et s&#039;est rendue compte que la probl\u00e9matique de l&#039;\u00e9coute des b\u00e9n\u00e9ficiaires \u00e9tait cl\u00e9 l\u00e0 aussi. Ecouter mais surtout comprendre les besoins des b\u00e9n\u00e9ficiaires, mais aussi des financeurs, des membres de son r\u00e9seau, des potentiels partenaires, c&#039;est d\u00e9velopper de meilleures relations gagnant-gagnant et prendre du recul sur son projet.  &nbsp;  Son super pouvoir ? Cr\u00e9atrice d&#039;\u00e9coute mutuelle !  &nbsp;  Son petit mot : L&#039;empathie est une qualit\u00e9 essentielle \u00e0 d\u00e9velopper, pour son projet mais aussi dans sa vie personnelle : elle \u00e9vite bien des d\u00e9convenues et des d\u00e9bats st\u00e9riles. Je crois profond\u00e9ment que c&#039;est ce dont le monde a besoin : des entrepreneures r\u00e9ellement empathiques !\" \/>\n<meta property=\"og:url\" content=\"https:\/\/empow-her.com\/es\/produit\/atelier-developper-sa-posture-empathique-aupres-de-son-reseau\/\" \/>\n<meta property=\"og:site_name\" content=\"Empow&#039;Her\" \/>\n<meta property=\"article:modified_time\" content=\"2021-05-06T08:36:28+00:00\" \/>\n<meta property=\"og:image\" content=\"https:\/\/empow-her.com\/wp-content\/uploads\/2021\/03\/TEMPLATE-EVENTS-WOMEN-DARE-52.png\" \/>\n\t<meta property=\"og:image:width\" content=\"3240\" \/>\n\t<meta property=\"og:image:height\" content=\"3240\" \/>\n\t<meta property=\"og:image:type\" content=\"image\/png\" \/>\n<meta name=\"twitter:card\" content=\"summary_large_image\" \/>\n<script type=\"application\/ld+json\" class=\"yoast-schema-graph\">{\"@context\":\"https:\/\/schema.org\",\"@graph\":[{\"@type\":\"WebPage\",\"@id\":\"https:\/\/empow-her.com\/es\/produit\/atelier-developper-sa-posture-empathique-aupres-de-son-reseau\/\",\"url\":\"https:\/\/empow-her.com\/es\/produit\/atelier-developper-sa-posture-empathique-aupres-de-son-reseau\/\",\"name\":\"Atelier - D\u00e9couvrir et utiliser la puissance de l'empathie dans mes relations aux autres - Empow&#039;Her\",\"isPartOf\":{\"@id\":\"https:\/\/empow-her.com\/#website\"},\"primaryImageOfPage\":{\"@id\":\"https:\/\/empow-her.com\/es\/produit\/atelier-developper-sa-posture-empathique-aupres-de-son-reseau\/#primaryimage\"},\"image\":{\"@id\":\"https:\/\/empow-her.com\/es\/produit\/atelier-developper-sa-posture-empathique-aupres-de-son-reseau\/#primaryimage\"},\"thumbnailUrl\":\"https:\/\/empow-her.com\/wp-content\/uploads\/2021\/03\/TEMPLATE-EVENTS-WOMEN-DARE-52.png\",\"datePublished\":\"2021-03-16T10:04:16+00:00\",\"dateModified\":\"2021-05-06T08:36:28+00:00\",\"breadcrumb\":{\"@id\":\"https:\/\/empow-her.com\/es\/produit\/atelier-developper-sa-posture-empathique-aupres-de-son-reseau\/#breadcrumb\"},\"inLanguage\":\"es\",\"potentialAction\":[{\"@type\":\"ReadAction\",\"target\":[\"https:\/\/empow-her.com\/es\/produit\/atelier-developper-sa-posture-empathique-aupres-de-son-reseau\/\"]}]},{\"@type\":\"ImageObject\",\"inLanguage\":\"es\",\"@id\":\"https:\/\/empow-her.com\/es\/produit\/atelier-developper-sa-posture-empathique-aupres-de-son-reseau\/#primaryimage\",\"url\":\"https:\/\/empow-her.com\/wp-content\/uploads\/2021\/03\/TEMPLATE-EVENTS-WOMEN-DARE-52.png\",\"contentUrl\":\"https:\/\/empow-her.com\/wp-content\/uploads\/2021\/03\/TEMPLATE-EVENTS-WOMEN-DARE-52.png\",\"width\":3240,\"height\":3240},{\"@type\":\"BreadcrumbList\",\"@id\":\"https:\/\/empow-her.com\/es\/produit\/atelier-developper-sa-posture-empathique-aupres-de-son-reseau\/#breadcrumb\",\"itemListElement\":[{\"@type\":\"ListItem\",\"position\":1,\"name\":\"Accueil\",\"item\":\"https:\/\/empow-her.com\/es\/inicio\/\"},{\"@type\":\"ListItem\",\"position\":2,\"name\":\"LA BOUTIQUE\",\"item\":\"https:\/\/empow-her.com\/boutique\/\"},{\"@type\":\"ListItem\",\"position\":3,\"name\":\"Atelier &#8211; D\u00e9couvrir et utiliser la puissance de l&#8217;empathie dans mes relations aux autres\"}]},{\"@type\":\"WebSite\",\"@id\":\"https:\/\/empow-her.com\/#website\",\"url\":\"https:\/\/empow-her.com\/\",\"name\":\"Empow&#039;Her\",\"description\":\"Women Development\",\"potentialAction\":[{\"@type\":\"SearchAction\",\"target\":{\"@type\":\"EntryPoint\",\"urlTemplate\":\"https:\/\/empow-her.com\/?s={search_term_string}\"},\"query-input\":{\"@type\":\"PropertyValueSpecification\",\"valueRequired\":true,\"valueName\":\"search_term_string\"}}],\"inLanguage\":\"es\"}]}<\/script>\n<!-- \/ Yoast SEO plugin. -->","yoast_head_json":{"title":"Atelier - D\u00e9couvrir et utiliser la puissance de l'empathie dans mes relations aux autres - Empow&#039;Her","robots":{"index":"index","follow":"follow","max-snippet":"max-snippet:-1","max-image-preview":"max-image-preview:large","max-video-preview":"max-video-preview:-1"},"canonical":"https:\/\/empow-her.com\/es\/produit\/atelier-developper-sa-posture-empathique-aupres-de-son-reseau\/","og_locale":"es_ES","og_type":"article","og_title":"Atelier - D\u00e9couvrir et utiliser la puissance de l'empathie dans mes relations aux autres - Empow&#039;Her","og_description":"Vous souhaitez d\u00e9couvrir la puissance de l'empathie et apprendre \u00e0 l'utiliser dans vos relations aux autres ? Que ce soit aupr\u00e8s de vos futurs clients, votre r\u00e9seau, ou encore vos partenaires ? Qui sont vos clients et que veulent-ils ? Comment d\u00e9velopper votre empathie, se d\u00e9tacher de votre imaginaire pour comprendre la r\u00e9alit\u00e9 des diff\u00e9rents acteurs de votre r\u00e9seau ? Comment questionner leurs besoins ou encore construire un guide d\u2019entretien ? Anouchka vous explique comment d\u00e9velopper votre posture empathique dans cet atelier sp\u00e9cial Empathie &amp; R\u00e9seau !   &nbsp;  Intervenant.e.s : Anouchka Colin.  Anouchka a travaill\u00e9 12 ans dans des multinationales sur les probl\u00e9matiques d'\u00e9tudes marketing et d'\u00e9coute des consommateurs. Son r\u00f4le \u00e9tait alors de porter leur voix en interne. Elle a finalement d\u00e9cid\u00e9 de quitter ce monde professionnel pour trouver plus de sens en suivant un programme de transition de carri\u00e8re vers l'\u00e9conomie sociale et solidaire, et s'est rendue compte que la probl\u00e9matique de l'\u00e9coute des b\u00e9n\u00e9ficiaires \u00e9tait cl\u00e9 l\u00e0 aussi. Ecouter mais surtout comprendre les besoins des b\u00e9n\u00e9ficiaires, mais aussi des financeurs, des membres de son r\u00e9seau, des potentiels partenaires, c'est d\u00e9velopper de meilleures relations gagnant-gagnant et prendre du recul sur son projet.  &nbsp;  Son super pouvoir ? Cr\u00e9atrice d'\u00e9coute mutuelle !  &nbsp;  Son petit mot : L'empathie est une qualit\u00e9 essentielle \u00e0 d\u00e9velopper, pour son projet mais aussi dans sa vie personnelle : elle \u00e9vite bien des d\u00e9convenues et des d\u00e9bats st\u00e9riles. Je crois profond\u00e9ment que c'est ce dont le monde a besoin : des entrepreneures r\u00e9ellement empathiques !","og_url":"https:\/\/empow-her.com\/es\/produit\/atelier-developper-sa-posture-empathique-aupres-de-son-reseau\/","og_site_name":"Empow&#039;Her","article_modified_time":"2021-05-06T08:36:28+00:00","og_image":[{"width":3240,"height":3240,"url":"https:\/\/empow-her.com\/wp-content\/uploads\/2021\/03\/TEMPLATE-EVENTS-WOMEN-DARE-52.png","type":"image\/png"}],"twitter_card":"summary_large_image","schema":{"@context":"https:\/\/schema.org","@graph":[{"@type":"WebPage","@id":"https:\/\/empow-her.com\/es\/produit\/atelier-developper-sa-posture-empathique-aupres-de-son-reseau\/","url":"https:\/\/empow-her.com\/es\/produit\/atelier-developper-sa-posture-empathique-aupres-de-son-reseau\/","name":"Atelier - D\u00e9couvrir et utiliser la puissance de l'empathie dans mes relations aux autres - Empow&#039;Her","isPartOf":{"@id":"https:\/\/empow-her.com\/#website"},"primaryImageOfPage":{"@id":"https:\/\/empow-her.com\/es\/produit\/atelier-developper-sa-posture-empathique-aupres-de-son-reseau\/#primaryimage"},"image":{"@id":"https:\/\/empow-her.com\/es\/produit\/atelier-developper-sa-posture-empathique-aupres-de-son-reseau\/#primaryimage"},"thumbnailUrl":"https:\/\/empow-her.com\/wp-content\/uploads\/2021\/03\/TEMPLATE-EVENTS-WOMEN-DARE-52.png","datePublished":"2021-03-16T10:04:16+00:00","dateModified":"2021-05-06T08:36:28+00:00","breadcrumb":{"@id":"https:\/\/empow-her.com\/es\/produit\/atelier-developper-sa-posture-empathique-aupres-de-son-reseau\/#breadcrumb"},"inLanguage":"es","potentialAction":[{"@type":"ReadAction","target":["https:\/\/empow-her.com\/es\/produit\/atelier-developper-sa-posture-empathique-aupres-de-son-reseau\/"]}]},{"@type":"ImageObject","inLanguage":"es","@id":"https:\/\/empow-her.com\/es\/produit\/atelier-developper-sa-posture-empathique-aupres-de-son-reseau\/#primaryimage","url":"https:\/\/empow-her.com\/wp-content\/uploads\/2021\/03\/TEMPLATE-EVENTS-WOMEN-DARE-52.png","contentUrl":"https:\/\/empow-her.com\/wp-content\/uploads\/2021\/03\/TEMPLATE-EVENTS-WOMEN-DARE-52.png","width":3240,"height":3240},{"@type":"BreadcrumbList","@id":"https:\/\/empow-her.com\/es\/produit\/atelier-developper-sa-posture-empathique-aupres-de-son-reseau\/#breadcrumb","itemListElement":[{"@type":"ListItem","position":1,"name":"Accueil","item":"https:\/\/empow-her.com\/es\/inicio\/"},{"@type":"ListItem","position":2,"name":"LA BOUTIQUE","item":"https:\/\/empow-her.com\/boutique\/"},{"@type":"ListItem","position":3,"name":"Atelier &#8211; D\u00e9couvrir et utiliser la puissance de l&#8217;empathie dans mes relations aux autres"}]},{"@type":"WebSite","@id":"https:\/\/empow-her.com\/#website","url":"https:\/\/empow-her.com\/","name":"Empow&#039;Her","description":"Women Development","potentialAction":[{"@type":"SearchAction","target":{"@type":"EntryPoint","urlTemplate":"https:\/\/empow-her.com\/?s={search_term_string}"},"query-input":{"@type":"PropertyValueSpecification","valueRequired":true,"valueName":"search_term_string"}}],"inLanguage":"es"}]}},"_links":{"self":[{"href":"https:\/\/empow-her.com\/es\/wp-json\/wp\/v2\/product\/12311","targetHints":{"allow":["GET"]}}],"collection":[{"href":"https:\/\/empow-her.com\/es\/wp-json\/wp\/v2\/product"}],"about":[{"href":"https:\/\/empow-her.com\/es\/wp-json\/wp\/v2\/types\/product"}],"wp:featuredmedia":[{"embeddable":true,"href":"https:\/\/empow-her.com\/es\/wp-json\/wp\/v2\/media\/13766"}],"wp:attachment":[{"href":"https:\/\/empow-her.com\/es\/wp-json\/wp\/v2\/media?parent=12311"}],"wp:term":[{"taxonomy":"product_brand","embeddable":true,"href":"https:\/\/empow-her.com\/es\/wp-json\/wp\/v2\/product_brand?post=12311"},{"taxonomy":"product_cat","embeddable":true,"href":"https:\/\/empow-her.com\/es\/wp-json\/wp\/v2\/product_cat?post=12311"},{"taxonomy":"product_tag","embeddable":true,"href":"https:\/\/empow-her.com\/es\/wp-json\/wp\/v2\/product_tag?post=12311"},{"taxonomy":"lieu","embeddable":true,"href":"https:\/\/empow-her.com\/es\/wp-json\/wp\/v2\/lieu?post=12311"},{"taxonomy":"thematiques","embeddable":true,"href":"https:\/\/empow-her.com\/es\/wp-json\/wp\/v2\/thematiques?post=12311"}],"curies":[{"name":"wp","href":"https:\/\/api.w.org\/{rel}","templated":true}]}}