{"id":122303,"date":"2022-09-14T17:01:16","date_gmt":"2022-09-14T15:01:16","guid":{"rendered":"https:\/\/empow-her.com\/?post_type=product&#038;p=122303"},"modified":"2022-09-28T11:38:45","modified_gmt":"2022-09-28T09:38:45","slug":"table-ronde-vss-nous-toutes","status":"publish","type":"product","link":"https:\/\/empow-her.com\/es\/produit\/table-ronde-vss-nous-toutes\/","title":{"rendered":"Table ronde VSS &#8211; #NousToutes"},"content":{"rendered":"<p>Le lundi 10 octobre, \u00e0 l&#8217;occasion de la Journ\u00e9e Internationale des Filles du lendemain, le collectif #NousToutes vous invite chez Sist&#8217;Her pour une formation et un \u00e9change autour de la question: comment pr\u00e9venir les violences de genre chez les jeunes ?<\/p>\n<p>&#8212;<\/p>\n<p>Les jeunes sont massivement touch\u00e9.es par les violences sexistes et sexuelles : 20% des violences au sein du couple concernent les 20-24 ans, 1 femme sur 5 de moins de 24 ans a d\u00e9j\u00e0 subi un viol ou une agression sexuelle. Plus d&#8217;une jeune femme sur 2 a d\u00e9j\u00e0 v\u00e9cu un acte ou un propos sexiste \u00e0 l&#8217;\u00e9cole.<br \/>\nA l&#8217;occasion de la Journ\u00e9e Internationale des Filles, #NousToutes vous propose de r\u00e9fl\u00e9chir ensemble aux moyens de pr\u00e9venir ces violences, notamment par l&#8217;\u00e9ducation \u00e0 la vie affective et sexuelle. L&#8217;\u00e9v\u00e9nement se d\u00e9roulera en trois temps : une mini-formation sur les violences subies par les jeunes, une discussion avec l&#8217;autrice et podcasteuse f\u00e9ministe Axelle Jah Njik\u00e9 et un \u00e9change avec le public.<\/p>\n<p>&#8212;<\/p>\n<p><strong>#NousToutes<\/strong> est un collectif f\u00e9ministe ouvert \u00e0 toutes et tous, constitu\u00e9 d\u2019activistes b\u00e9n\u00e9voles. Son but est d\u2019en finir avec les violences sexistes et sexuelles dont sont massivement victimes les femmes, les personnes LGBTQIA+ et les enfants en France.<\/p>\n<p>Les objectifs sont de :<br \/>\n&#8211; Exiger des politiques publiques efficaces contre les violences sexistes et sexuelles en termes de budget et de m\u00e9thodes,<br \/>\n&#8211; Sensibiliser l\u2019opinion publique aux faits et m\u00e9canismes des violences sexistes et sexuelles au travers d\u2019actions, de communications et de formations<\/p>\n<div class=\"l7ghb35v kjdc1dyq kmwttqpk gh25dzvf jikcssrz\"><span class=\"fxk3tzhb b2rh1bv3 gh55jysx m8h3af8h ewco64xe kjdc1dyq ms56khn7 bq6c9xl4 eohcrkr5 akh3l2rg\"><img decoding=\"async\" src=\"https:\/\/static.xx.fbcdn.net\/images\/emoji.php\/v9\/te4\/1.5\/16\/26a1.png\" alt=\"&#x26a1;&#xfe0f;\" width=\"16\" height=\"16\" \/><\/span><span class=\"fxk3tzhb b2rh1bv3 gh55jysx m8h3af8h ewco64xe kjdc1dyq ms56khn7 bq6c9xl4 eohcrkr5 akh3l2rg\"><img decoding=\"async\" src=\"https:\/\/static.xx.fbcdn.net\/images\/emoji.php\/v9\/te4\/1.5\/16\/26a1.png\" alt=\"&#x26a1;&#xfe0f;\" width=\"16\" height=\"16\" \/><\/span><span class=\"fxk3tzhb b2rh1bv3 gh55jysx m8h3af8h ewco64xe kjdc1dyq ms56khn7 bq6c9xl4 eohcrkr5 akh3l2rg\"><img decoding=\"async\" src=\"https:\/\/static.xx.fbcdn.net\/images\/emoji.php\/v9\/te4\/1.5\/16\/26a1.png\" alt=\"&#x26a1;&#xfe0f;\" width=\"16\" height=\"16\" \/><\/span><\/div>\n<div class=\"l7ghb35v kjdc1dyq kmwttqpk gh25dzvf jikcssrz\">Infos pratiques<br \/>\n<span class=\"fxk3tzhb b2rh1bv3 gh55jysx m8h3af8h ewco64xe kjdc1dyq ms56khn7 bq6c9xl4 eohcrkr5 akh3l2rg\"><img decoding=\"async\" src=\"https:\/\/static.xx.fbcdn.net\/images\/emoji.php\/v9\/td7\/1.5\/16\/1f4c5.png\" alt=\"&#x1f4c5;\" width=\"16\" height=\"16\" \/><\/span> L\u2019\u00e9v\u00e9nement se d\u00e9roulera le lundi 10 octobre de 18h30 \u00e0 20h30.<br \/>\n<span class=\"fxk3tzhb b2rh1bv3 gh55jysx m8h3af8h ewco64xe kjdc1dyq ms56khn7 bq6c9xl4 eohcrkr5 akh3l2rg\"><img decoding=\"async\" src=\"https:\/\/static.xx.fbcdn.net\/images\/emoji.php\/v9\/t8b\/1.5\/16\/1f516.png\" alt=\"&#x1f516;\" width=\"16\" height=\"16\" \/><\/span> R\u00e9servation gratuite obligatoire<br \/>\n<span class=\"fxk3tzhb b2rh1bv3 gh55jysx m8h3af8h ewco64xe kjdc1dyq ms56khn7 bq6c9xl4 eohcrkr5 akh3l2rg\"><img loading=\"lazy\" decoding=\"async\" src=\"https:\/\/static.xx.fbcdn.net\/images\/emoji.php\/v9\/t86\/1.5\/16\/1f4cd.png\" alt=\"&#x1f4cd;\" width=\"16\" height=\"16\" \/><\/span>\u00a0Sist\u2019He : 82 rue du Faubourg Saint-Martin 75010 Paris<\/div>\n<div><\/div>\n<div class=\"l7ghb35v kjdc1dyq kmwttqpk gh25dzvf jikcssrz\">Ouvert en mars 2021, Sist\u2019Her est le premier tiers-lieu d\u00e9di\u00e9 aux entrepreneuses et \u00e0 impact en \u00cele-de-France. Port\u00e9 par l\u2019association Empow\u2019Her, c\u2019est un lieu de vie bienveillant et joyeux, ouvert \u00e0 tou\u00b7te\u00b7s o\u00f9 il est possible de se former, s\u2019inspirer, s\u2019engager et se rencontrer.<\/div>\n<div class=\"l7ghb35v kjdc1dyq kmwttqpk gh25dzvf jikcssrz\">Ce projet est co-financ\u00e9 par le Fonds Social Europ\u00e9en.<br \/>\nA tr\u00e8s vite !<span class=\"fxk3tzhb b2rh1bv3 gh55jysx m8h3af8h ewco64xe kjdc1dyq ms56khn7 bq6c9xl4 eohcrkr5 akh3l2rg\"><img loading=\"lazy\" decoding=\"async\" src=\"https:\/\/static.xx.fbcdn.net\/images\/emoji.php\/v9\/t56\/1.5\/16\/1f64c.png\" alt=\"&#x1f64c;\" width=\"16\" height=\"16\" \/><\/span><\/div>\n","protected":false},"excerpt":{"rendered":"<p>Le lundi 10 octobre, \u00e0 l&#8217;occasion de la Journ\u00e9e Internationale des Filles du lendemain, le collectif #NousToutes vous invite chez Sist&#8217;Her pour une formation et un \u00e9change autour de la question: comment pr\u00e9venir les violences de genre chez les jeunes ?<\/p>\n<p>&#8212;<\/p>\n<p>Les jeunes sont massivement touch\u00e9.es par les violences sexistes et sexuelles : 20% des violences au sein du couple concernent les 20-24 ans, 1 femme sur 5 de moins de 24 ans a d\u00e9j\u00e0 subi un viol ou une agression sexuelle. Plus d&#8217;une jeune femme sur 2 a d\u00e9j\u00e0 v\u00e9cu un acte ou un propos sexiste \u00e0 l&#8217;\u00e9cole.<br \/>\nA l&#8217;occasion de la Journ\u00e9e Internationale des Filles, #NousToutes vous propose de r\u00e9fl\u00e9chir ensemble aux moyens de pr\u00e9venir ces violences, notamment par l&#8217;\u00e9ducation \u00e0 la vie affective et sexuelle. L&#8217;\u00e9v\u00e9nement se d\u00e9roulera en trois temps : une mini-formation sur les violences subies par les jeunes, une discussion avec l&#8217;autrice et podcasteuse f\u00e9ministe Axelle Jah Njik\u00e9 et un \u00e9change avec le public.<\/p>\n<p>&#8212;<\/p>\n<p><strong>#NousToutes<\/strong> est un collectif f\u00e9ministe ouvert \u00e0 toutes et tous, constitu\u00e9 d\u2019activistes b\u00e9n\u00e9voles. Son but est d\u2019en finir avec les violences sexistes et sexuelles dont sont massivement victimes les femmes, les personnes LGBTQIA+ et les enfants en France.<\/p>\n<p>Les objectifs sont de :<br \/>\n&#8211; Exiger des politiques publiques efficaces contre les violences sexistes et sexuelles en termes de budget et de m\u00e9thodes,<br \/>\n&#8211; Sensibiliser l\u2019opinion publique aux faits et m\u00e9canismes des violences sexistes et sexuelles au travers d\u2019actions, de communications et de formations<\/p>\n<div class=\"l7ghb35v kjdc1dyq kmwttqpk gh25dzvf jikcssrz\"><span class=\"fxk3tzhb b2rh1bv3 gh55jysx m8h3af8h ewco64xe kjdc1dyq ms56khn7 bq6c9xl4 eohcrkr5 akh3l2rg\"><img decoding=\"async\" src=\"https:\/\/static.xx.fbcdn.net\/images\/emoji.php\/v9\/te4\/1.5\/16\/26a1.png\" alt=\"&#x26a1;&#xfe0f;\" width=\"16\" height=\"16\" \/><\/span><span class=\"fxk3tzhb b2rh1bv3 gh55jysx m8h3af8h ewco64xe kjdc1dyq ms56khn7 bq6c9xl4 eohcrkr5 akh3l2rg\"><img decoding=\"async\" src=\"https:\/\/static.xx.fbcdn.net\/images\/emoji.php\/v9\/te4\/1.5\/16\/26a1.png\" alt=\"&#x26a1;&#xfe0f;\" width=\"16\" height=\"16\" \/><\/span><span class=\"fxk3tzhb b2rh1bv3 gh55jysx m8h3af8h ewco64xe kjdc1dyq ms56khn7 bq6c9xl4 eohcrkr5 akh3l2rg\"><img decoding=\"async\" src=\"https:\/\/static.xx.fbcdn.net\/images\/emoji.php\/v9\/te4\/1.5\/16\/26a1.png\" alt=\"&#x26a1;&#xfe0f;\" width=\"16\" height=\"16\" \/><\/span><\/div>\n<div class=\"l7ghb35v kjdc1dyq kmwttqpk gh25dzvf jikcssrz\">Infos pratiques<br \/>\n<span class=\"fxk3tzhb b2rh1bv3 gh55jysx m8h3af8h ewco64xe kjdc1dyq ms56khn7 bq6c9xl4 eohcrkr5 akh3l2rg\"><img decoding=\"async\" src=\"https:\/\/static.xx.fbcdn.net\/images\/emoji.php\/v9\/td7\/1.5\/16\/1f4c5.png\" alt=\"&#x1f4c5;\" width=\"16\" height=\"16\" \/><\/span> L\u2019\u00e9v\u00e9nement se d\u00e9roulera le lundi 10 octobre de 18h30 \u00e0 20h30.<br \/>\n<span class=\"fxk3tzhb b2rh1bv3 gh55jysx m8h3af8h ewco64xe kjdc1dyq ms56khn7 bq6c9xl4 eohcrkr5 akh3l2rg\"><img decoding=\"async\" src=\"https:\/\/static.xx.fbcdn.net\/images\/emoji.php\/v9\/t8b\/1.5\/16\/1f516.png\" alt=\"&#x1f516;\" width=\"16\" height=\"16\" \/><\/span> R\u00e9servation gratuite obligatoire<br \/>\n<span class=\"fxk3tzhb b2rh1bv3 gh55jysx m8h3af8h ewco64xe kjdc1dyq ms56khn7 bq6c9xl4 eohcrkr5 akh3l2rg\"><img loading=\"lazy\" decoding=\"async\" src=\"https:\/\/static.xx.fbcdn.net\/images\/emoji.php\/v9\/t86\/1.5\/16\/1f4cd.png\" alt=\"&#x1f4cd;\" width=\"16\" height=\"16\" \/><\/span>\u00a0Sist\u2019He : 82 rue du Faubourg Saint-Martin 75010 Paris<\/div>\n<div><\/div>\n<div class=\"l7ghb35v kjdc1dyq kmwttqpk gh25dzvf jikcssrz\">Ouvert en mars 2021, Sist\u2019Her est le premier tiers-lieu d\u00e9di\u00e9 aux entrepreneuses et \u00e0 impact en \u00cele-de-France. Port\u00e9 par l\u2019association Empow\u2019Her, c\u2019est un lieu de vie bienveillant et joyeux, ouvert \u00e0 tou\u00b7te\u00b7s o\u00f9 il est possible de se former, s\u2019inspirer, s\u2019engager et se rencontrer.<\/div>\n<div class=\"l7ghb35v kjdc1dyq kmwttqpk gh25dzvf jikcssrz\">Ce projet est co-financ\u00e9 par le Fonds Social Europ\u00e9en.<br \/>\nA tr\u00e8s vite !<span class=\"fxk3tzhb b2rh1bv3 gh55jysx m8h3af8h ewco64xe kjdc1dyq ms56khn7 bq6c9xl4 eohcrkr5 akh3l2rg\"><img loading=\"lazy\" decoding=\"async\" src=\"https:\/\/static.xx.fbcdn.net\/images\/emoji.php\/v9\/t56\/1.5\/16\/1f64c.png\" alt=\"&#x1f64c;\" width=\"16\" height=\"16\" \/><\/span><\/div>\n","protected":false},"featured_media":122421,"template":"","format":"standard","meta":{"_acf_changed":false,"om_disable_all_campaigns":false,"_uf_show_specific_survey":0,"_uf_disable_surveys":false},"product_brand":[],"product_cat":[119],"product_tag":[],"lieu":[127],"thematiques":[],"class_list":{"0":"post-122303","1":"product","2":"type-product","3":"status-publish","4":"format-standard","5":"has-post-thumbnail","7":"product_cat-evenement-sisther","8":"lieu-hub-empowher","10":"first","11":"instock","12":"virtual","13":"purchasable","14":"product-type-appointment"},"exclude_global_add_ons":[],"addons":[],"acf":[],"yoast_head":"<!-- This site is optimized with the Yoast SEO plugin v24.8 - https:\/\/yoast.com\/wordpress\/plugins\/seo\/ -->\n<title>Table ronde VSS - #NousToutes -<\/title>\n<meta name=\"description\" content=\"Le lundi 10 octobre de 18h30 \u00e0 20h30, viens \u00e9changer et te former aux VSS touchant les jeunes avec le collectif #NousToutes !\" \/>\n<meta name=\"robots\" content=\"index, follow, max-snippet:-1, max-image-preview:large, max-video-preview:-1\" \/>\n<link rel=\"canonical\" href=\"https:\/\/empow-her.com\/es\/produit\/table-ronde-vss-nous-toutes\/\" \/>\n<meta property=\"og:locale\" content=\"es_ES\" \/>\n<meta property=\"og:type\" content=\"article\" \/>\n<meta property=\"og:title\" content=\"Table ronde VSS - #NousToutes -\" \/>\n<meta property=\"og:description\" content=\"Le lundi 10 octobre de 18h30 \u00e0 20h30, viens \u00e9changer et te former aux VSS touchant les jeunes avec le collectif #NousToutes !\" \/>\n<meta property=\"og:url\" content=\"https:\/\/empow-her.com\/es\/produit\/table-ronde-vss-nous-toutes\/\" \/>\n<meta property=\"og:site_name\" content=\"Empow&#039;Her\" \/>\n<meta property=\"article:modified_time\" content=\"2022-09-28T09:38:45+00:00\" \/>\n<meta property=\"og:image\" content=\"https:\/\/empow-her.com\/wp-content\/uploads\/2022\/09\/Template-Event-SistHer-site-1.png\" \/>\n\t<meta property=\"og:image:width\" content=\"1080\" \/>\n\t<meta property=\"og:image:height\" content=\"1080\" \/>\n\t<meta property=\"og:image:type\" content=\"image\/png\" \/>\n<meta name=\"twitter:card\" content=\"summary_large_image\" \/>\n<meta name=\"twitter:label1\" content=\"Tiempo de lectura\" \/>\n\t<meta name=\"twitter:data1\" content=\"4 minutos\" \/>\n<script type=\"application\/ld+json\" class=\"yoast-schema-graph\">{\"@context\":\"https:\/\/schema.org\",\"@graph\":[{\"@type\":\"WebPage\",\"@id\":\"https:\/\/empow-her.com\/es\/produit\/table-ronde-vss-nous-toutes\/\",\"url\":\"https:\/\/empow-her.com\/es\/produit\/table-ronde-vss-nous-toutes\/\",\"name\":\"Table ronde VSS - #NousToutes -\",\"isPartOf\":{\"@id\":\"https:\/\/empow-her.com\/#website\"},\"primaryImageOfPage\":{\"@id\":\"https:\/\/empow-her.com\/es\/produit\/table-ronde-vss-nous-toutes\/#primaryimage\"},\"image\":{\"@id\":\"https:\/\/empow-her.com\/es\/produit\/table-ronde-vss-nous-toutes\/#primaryimage\"},\"thumbnailUrl\":\"https:\/\/empow-her.com\/wp-content\/uploads\/2022\/09\/Template-Event-SistHer-site-1.png\",\"datePublished\":\"2022-09-14T15:01:16+00:00\",\"dateModified\":\"2022-09-28T09:38:45+00:00\",\"description\":\"Le lundi 10 octobre de 18h30 \u00e0 20h30, viens \u00e9changer et te former aux VSS touchant les jeunes avec le collectif #NousToutes !\",\"breadcrumb\":{\"@id\":\"https:\/\/empow-her.com\/es\/produit\/table-ronde-vss-nous-toutes\/#breadcrumb\"},\"inLanguage\":\"es\",\"potentialAction\":[{\"@type\":\"ReadAction\",\"target\":[\"https:\/\/empow-her.com\/es\/produit\/table-ronde-vss-nous-toutes\/\"]}]},{\"@type\":\"ImageObject\",\"inLanguage\":\"es\",\"@id\":\"https:\/\/empow-her.com\/es\/produit\/table-ronde-vss-nous-toutes\/#primaryimage\",\"url\":\"https:\/\/empow-her.com\/wp-content\/uploads\/2022\/09\/Template-Event-SistHer-site-1.png\",\"contentUrl\":\"https:\/\/empow-her.com\/wp-content\/uploads\/2022\/09\/Template-Event-SistHer-site-1.png\",\"width\":1080,\"height\":1080},{\"@type\":\"BreadcrumbList\",\"@id\":\"https:\/\/empow-her.com\/es\/produit\/table-ronde-vss-nous-toutes\/#breadcrumb\",\"itemListElement\":[{\"@type\":\"ListItem\",\"position\":1,\"name\":\"Accueil\",\"item\":\"https:\/\/empow-her.com\/es\/inicio\/\"},{\"@type\":\"ListItem\",\"position\":2,\"name\":\"LA BOUTIQUE\",\"item\":\"https:\/\/empow-her.com\/boutique\/\"},{\"@type\":\"ListItem\",\"position\":3,\"name\":\"Table ronde VSS &#8211; #NousToutes\"}]},{\"@type\":\"WebSite\",\"@id\":\"https:\/\/empow-her.com\/#website\",\"url\":\"https:\/\/empow-her.com\/\",\"name\":\"Empow&#039;Her\",\"description\":\"Women Development\",\"potentialAction\":[{\"@type\":\"SearchAction\",\"target\":{\"@type\":\"EntryPoint\",\"urlTemplate\":\"https:\/\/empow-her.com\/?s={search_term_string}\"},\"query-input\":{\"@type\":\"PropertyValueSpecification\",\"valueRequired\":true,\"valueName\":\"search_term_string\"}}],\"inLanguage\":\"es\"}]}<\/script>\n<!-- \/ Yoast SEO plugin. -->","yoast_head_json":{"title":"Table ronde VSS - #NousToutes -","description":"Le lundi 10 octobre de 18h30 \u00e0 20h30, viens \u00e9changer et te former aux VSS touchant les jeunes avec le collectif #NousToutes !","robots":{"index":"index","follow":"follow","max-snippet":"max-snippet:-1","max-image-preview":"max-image-preview:large","max-video-preview":"max-video-preview:-1"},"canonical":"https:\/\/empow-her.com\/es\/produit\/table-ronde-vss-nous-toutes\/","og_locale":"es_ES","og_type":"article","og_title":"Table ronde VSS - #NousToutes -","og_description":"Le lundi 10 octobre de 18h30 \u00e0 20h30, viens \u00e9changer et te former aux VSS touchant les jeunes avec le collectif #NousToutes !","og_url":"https:\/\/empow-her.com\/es\/produit\/table-ronde-vss-nous-toutes\/","og_site_name":"Empow&#039;Her","article_modified_time":"2022-09-28T09:38:45+00:00","og_image":[{"width":1080,"height":1080,"url":"https:\/\/empow-her.com\/wp-content\/uploads\/2022\/09\/Template-Event-SistHer-site-1.png","type":"image\/png"}],"twitter_card":"summary_large_image","twitter_misc":{"Tiempo de lectura":"4 minutos"},"schema":{"@context":"https:\/\/schema.org","@graph":[{"@type":"WebPage","@id":"https:\/\/empow-her.com\/es\/produit\/table-ronde-vss-nous-toutes\/","url":"https:\/\/empow-her.com\/es\/produit\/table-ronde-vss-nous-toutes\/","name":"Table ronde VSS - #NousToutes -","isPartOf":{"@id":"https:\/\/empow-her.com\/#website"},"primaryImageOfPage":{"@id":"https:\/\/empow-her.com\/es\/produit\/table-ronde-vss-nous-toutes\/#primaryimage"},"image":{"@id":"https:\/\/empow-her.com\/es\/produit\/table-ronde-vss-nous-toutes\/#primaryimage"},"thumbnailUrl":"https:\/\/empow-her.com\/wp-content\/uploads\/2022\/09\/Template-Event-SistHer-site-1.png","datePublished":"2022-09-14T15:01:16+00:00","dateModified":"2022-09-28T09:38:45+00:00","description":"Le lundi 10 octobre de 18h30 \u00e0 20h30, viens \u00e9changer et te former aux VSS touchant les jeunes avec le collectif #NousToutes !","breadcrumb":{"@id":"https:\/\/empow-her.com\/es\/produit\/table-ronde-vss-nous-toutes\/#breadcrumb"},"inLanguage":"es","potentialAction":[{"@type":"ReadAction","target":["https:\/\/empow-her.com\/es\/produit\/table-ronde-vss-nous-toutes\/"]}]},{"@type":"ImageObject","inLanguage":"es","@id":"https:\/\/empow-her.com\/es\/produit\/table-ronde-vss-nous-toutes\/#primaryimage","url":"https:\/\/empow-her.com\/wp-content\/uploads\/2022\/09\/Template-Event-SistHer-site-1.png","contentUrl":"https:\/\/empow-her.com\/wp-content\/uploads\/2022\/09\/Template-Event-SistHer-site-1.png","width":1080,"height":1080},{"@type":"BreadcrumbList","@id":"https:\/\/empow-her.com\/es\/produit\/table-ronde-vss-nous-toutes\/#breadcrumb","itemListElement":[{"@type":"ListItem","position":1,"name":"Accueil","item":"https:\/\/empow-her.com\/es\/inicio\/"},{"@type":"ListItem","position":2,"name":"LA BOUTIQUE","item":"https:\/\/empow-her.com\/boutique\/"},{"@type":"ListItem","position":3,"name":"Table ronde VSS &#8211; #NousToutes"}]},{"@type":"WebSite","@id":"https:\/\/empow-her.com\/#website","url":"https:\/\/empow-her.com\/","name":"Empow&#039;Her","description":"Women Development","potentialAction":[{"@type":"SearchAction","target":{"@type":"EntryPoint","urlTemplate":"https:\/\/empow-her.com\/?s={search_term_string}"},"query-input":{"@type":"PropertyValueSpecification","valueRequired":true,"valueName":"search_term_string"}}],"inLanguage":"es"}]}},"_links":{"self":[{"href":"https:\/\/empow-her.com\/es\/wp-json\/wp\/v2\/product\/122303","targetHints":{"allow":["GET"]}}],"collection":[{"href":"https:\/\/empow-her.com\/es\/wp-json\/wp\/v2\/product"}],"about":[{"href":"https:\/\/empow-her.com\/es\/wp-json\/wp\/v2\/types\/product"}],"wp:featuredmedia":[{"embeddable":true,"href":"https:\/\/empow-her.com\/es\/wp-json\/wp\/v2\/media\/122421"}],"wp:attachment":[{"href":"https:\/\/empow-her.com\/es\/wp-json\/wp\/v2\/media?parent=122303"}],"wp:term":[{"taxonomy":"product_brand","embeddable":true,"href":"https:\/\/empow-her.com\/es\/wp-json\/wp\/v2\/product_brand?post=122303"},{"taxonomy":"product_cat","embeddable":true,"href":"https:\/\/empow-her.com\/es\/wp-json\/wp\/v2\/product_cat?post=122303"},{"taxonomy":"product_tag","embeddable":true,"href":"https:\/\/empow-her.com\/es\/wp-json\/wp\/v2\/product_tag?post=122303"},{"taxonomy":"lieu","embeddable":true,"href":"https:\/\/empow-her.com\/es\/wp-json\/wp\/v2\/lieu?post=122303"},{"taxonomy":"thematiques","embeddable":true,"href":"https:\/\/empow-her.com\/es\/wp-json\/wp\/v2\/thematiques?post=122303"}],"curies":[{"name":"wp","href":"https:\/\/api.w.org\/{rel}","templated":true}]}}