{"id":122223,"date":"2022-09-12T16:45:35","date_gmt":"2022-09-12T14:45:35","guid":{"rendered":"https:\/\/empow-her.com\/?post_type=product&#038;p=122223"},"modified":"2022-09-12T16:47:51","modified_gmt":"2022-09-12T14:47:51","slug":"coaching-juridique-administratif-avec-le-barreau-de-paris-2","status":"publish","type":"product","link":"https:\/\/empow-her.com\/es\/produit\/coaching-juridique-administratif-avec-le-barreau-de-paris-2\/","title":{"rendered":"Coaching &#8211; Juridique &#038; Administratif avec le Barreau de Paris"},"content":{"rendered":"","protected":false},"excerpt":{"rendered":"<p><strong>Description<\/strong> : <span data-sheets-value=\"{&quot;1&quot;:2,&quot;2&quot;:&quot;Un coaching individuel avec des avocat.e.s pour poser vos questions juridiques et administratives ! nQuelques exemples de sujet qui peuvent \u00eatre abord\u00e9s :n- Statuts juridiques, statuts de l\u2019ESSn- Comment s\u2019associer tout en s\u00e9curisant le projet ?n- Strat\u00e9gie de financement (lev\u00e9e de fonds, financements non-dilutifs)n- R\u00e9daction des premiers contrats, notamment CGV\/CGUn- Introduction \u00e0 la propri\u00e9t\u00e9 intellectuellen- Construction d\u2019une strat\u00e9gie de d\u00e9p\u00f4t de marquen- Protection des donn\u00e9es personnelles (RGPD)&quot;}\" data-sheets-userformat=\"{&quot;2&quot;:1055617,&quot;3&quot;:{&quot;1&quot;:0},&quot;10&quot;:1,&quot;11&quot;:4,&quot;12&quot;:0,&quot;14&quot;:{&quot;1&quot;:2,&quot;2&quot;:3450963},&quot;15&quot;:&quot;Hind&quot;,&quot;23&quot;:1}\">Un coaching individuel avec un.e avocat.e pour poser vos questions juridiques et administratives !<br \/>\nQuelques exemples de sujet qui peuvent \u00eatre abord\u00e9s :<br \/>\n&#8211; Statuts juridiques, statuts de l\u2019ESS<br \/>\n&#8211; Comment s\u2019associer tout en s\u00e9curisant le projet ?<br \/>\n&#8211; Strat\u00e9gie de financement (lev\u00e9e de fonds, financements non-dilutifs)<br \/>\n&#8211; R\u00e9daction des premiers contrats, notamment CGV\/CGU<br \/>\n&#8211; Introduction \u00e0 la propri\u00e9t\u00e9 intellectuelle<br \/>\n&#8211; Construction d\u2019une strat\u00e9gie de d\u00e9p\u00f4t de marque<br \/>\n&#8211; Protection des donn\u00e9es personnelles (RGPD)<\/span><\/p>\n<p><strong>Pr\u00e9-requis<\/strong> : <span data-sheets-value=\"{&quot;1&quot;:2,&quot;2&quot;:&quot;nVous souhaitez vous inscrire \u00e0 cette session ? Merci d'indiquer votre besoin principal en remplissant ce questionnaire avant la session : https:\/\/airtable.com\/shrbpqpYDX8WKP0gJ nou communiquez-le par mail \u00e0 votre r\u00e9f\u00e9rente Empow'Her : nadege.serrero@empow-her.com&quot;}\" data-sheets-userformat=\"{&quot;2&quot;:4993,&quot;3&quot;:{&quot;1&quot;:0},&quot;10&quot;:1,&quot;11&quot;:4,&quot;12&quot;:0,&quot;15&quot;:&quot;Hind&quot;}\"><br \/>\nVous souhaitez vous inscrire \u00e0 cette session ? Merci d&#8217;indiquer votre besoin principal en remplissant ce questionnaire avant la session : https:\/\/airtable.com\/shrbpqpYDX8WKP0gJ ou communiquez-le par mail \u00e0 votre r\u00e9f\u00e9rente Empow&#8217;Her : nadege.serrero@empow-her.com<\/span><\/p>\n<p>&nbsp;<\/p>\n<p><strong>Intervenant.e : <\/strong>Barreau de Paris<\/p>\n<p><strong>Dur\u00e9e<\/strong> : U<span data-sheets-value=\"{&quot;1&quot;:2,&quot;2&quot;:&quot;Permanence de 4h avec un cr\u00e9neau de 1h par participante (+ 15 minutes entre chaque)&quot;}\" data-sheets-userformat=\"{&quot;2&quot;:7167,&quot;3&quot;:{&quot;1&quot;:0},&quot;4&quot;:{&quot;1&quot;:2,&quot;2&quot;:16777215},&quot;5&quot;:{&quot;1&quot;:[{&quot;1&quot;:2,&quot;2&quot;:0,&quot;5&quot;:{&quot;1&quot;:2,&quot;2&quot;:0}},{&quot;1&quot;:0,&quot;2&quot;:0,&quot;3&quot;:3},{&quot;1&quot;:1,&quot;2&quot;:0,&quot;4&quot;:1}]},&quot;6&quot;:{&quot;1&quot;:[{&quot;1&quot;:2,&quot;2&quot;:0,&quot;5&quot;:{&quot;1&quot;:2,&quot;2&quot;:0}},{&quot;1&quot;:0,&quot;2&quot;:0,&quot;3&quot;:3},{&quot;1&quot;:1,&quot;2&quot;:0,&quot;4&quot;:1}]},&quot;7&quot;:{&quot;1&quot;:[{&quot;1&quot;:2,&quot;2&quot;:0,&quot;5&quot;:{&quot;1&quot;:2,&quot;2&quot;:0}},{&quot;1&quot;:0,&quot;2&quot;:0,&quot;3&quot;:3},{&quot;1&quot;:1,&quot;2&quot;:0,&quot;4&quot;:1}]},&quot;8&quot;:{&quot;1&quot;:[{&quot;1&quot;:2,&quot;2&quot;:0,&quot;5&quot;:{&quot;1&quot;:2,&quot;2&quot;:0}},{&quot;1&quot;:0,&quot;2&quot;:0,&quot;3&quot;:3},{&quot;1&quot;:1,&quot;2&quot;:0,&quot;4&quot;:1}]},&quot;9&quot;:0,&quot;10&quot;:1,&quot;11&quot;:4,&quot;12&quot;:0,&quot;14&quot;:{&quot;1&quot;:2,&quot;2&quot;:0},&quot;15&quot;:&quot;Calibri&quot;}\">n cr\u00e9neau de <strong>1h en individuel en ligne<\/strong><\/span><\/p>\n<p>&nbsp;<\/p>\n<p><strong>Attention !<\/strong> \u00a0Veuillez vous pr\u00e9senter \u00e0 l\u2019heure pour que l\u2019activit\u00e9 puisse commencer \u00e0 temps. Si vous avez du retard veuillez pr\u00e9venir l\u2019intervenant.e. Si vous avez plus de 15 min de retard l\u2019intervenant.e se r\u00e9serve le droit de ne plus vous accepter pour le coaching ou l\u2019atelier.<\/p>\n<p>&nbsp;<\/p>\n<p>Ce projet est co-financ\u00e9 par le Fonds Social Europ\u00e9en.<\/p>\n<p><img decoding=\"async\" class=\"alignnone size-medium wp-image-15794\" src=\"https:\/\/empow-her.com\/wp-content\/uploads\/2021\/07\/fse-logos-1-300x54.png\" alt=\"\" width=\"300\" height=\"54\" srcset=\"https:\/\/empow-her.com\/wp-content\/uploads\/2021\/07\/fse-logos-1-300x54.png 300w, https:\/\/empow-her.com\/wp-content\/uploads\/2021\/07\/fse-logos-1-600x108.png 600w, https:\/\/empow-her.com\/wp-content\/uploads\/2021\/07\/fse-logos-1-1024x184.png 1024w, https:\/\/empow-her.com\/wp-content\/uploads\/2021\/07\/fse-logos-1-768x138.png 768w, https:\/\/empow-her.com\/wp-content\/uploads\/2021\/07\/fse-logos-1-1536x275.png 1536w, https:\/\/empow-her.com\/wp-content\/uploads\/2021\/07\/fse-logos-1-2048x367.png 2048w, https:\/\/empow-her.com\/wp-content\/uploads\/2021\/07\/fse-logos-1-24x4.png 24w, https:\/\/empow-her.com\/wp-content\/uploads\/2021\/07\/fse-logos-1-36x6.png 36w, https:\/\/empow-her.com\/wp-content\/uploads\/2021\/07\/fse-logos-1-48x9.png 48w\" sizes=\"(max-width: 300px) 100vw, 300px\" \/><\/p>\n","protected":false},"featured_media":122224,"template":"","format":"standard","meta":{"_acf_changed":false,"om_disable_all_campaigns":false,"_uf_show_specific_survey":0,"_uf_disable_surveys":false},"product_brand":[],"product_cat":[121],"product_tag":[],"lieu":[125],"thematiques":[],"class_list":{"0":"post-122223","1":"product","2":"type-product","3":"status-publish","4":"format-standard","5":"has-post-thumbnail","7":"product_cat-coaching","8":"lieu-en-ligne","10":"first","11":"instock","12":"virtual","13":"purchasable","14":"product-type-appointment"},"exclude_global_add_ons":[],"addons":[],"acf":[],"yoast_head":"<!-- This site is optimized with the Yoast SEO plugin v24.8 - https:\/\/yoast.com\/wordpress\/plugins\/seo\/ -->\n<title>Coaching - Juridique &amp; Administratif avec le Barreau de Paris - Empow&#039;Her<\/title>\n<meta name=\"robots\" content=\"index, follow, max-snippet:-1, max-image-preview:large, max-video-preview:-1\" \/>\n<link rel=\"canonical\" href=\"https:\/\/empow-her.com\/es\/produit\/coaching-juridique-administratif-avec-le-barreau-de-paris-2\/\" \/>\n<meta property=\"og:locale\" content=\"es_ES\" \/>\n<meta property=\"og:type\" content=\"article\" \/>\n<meta property=\"og:title\" content=\"Coaching - Juridique &amp; Administratif avec le Barreau de Paris - Empow&#039;Her\" \/>\n<meta property=\"og:description\" content=\"Description : Un coaching individuel avec un.e avocat.e pour poser vos questions juridiques et administratives ! Quelques exemples de sujet qui peuvent \u00eatre abord\u00e9s : - Statuts juridiques, statuts de l\u2019ESS - Comment s\u2019associer tout en s\u00e9curisant le projet ? - Strat\u00e9gie de financement (lev\u00e9e de fonds, financements non-dilutifs) - R\u00e9daction des premiers contrats, notamment CGV\/CGU - Introduction \u00e0 la propri\u00e9t\u00e9 intellectuelle - Construction d\u2019une strat\u00e9gie de d\u00e9p\u00f4t de marque - Protection des donn\u00e9es personnelles (RGPD)  Pr\u00e9-requis :  Vous souhaitez vous inscrire \u00e0 cette session ? Merci d&#039;indiquer votre besoin principal en remplissant ce questionnaire avant la session : https:\/\/airtable.com\/shrbpqpYDX8WKP0gJ ou communiquez-le par mail \u00e0 votre r\u00e9f\u00e9rente Empow&#039;Her : nadege.serrero@empow-her.com  &nbsp;  Intervenant.e : Barreau de Paris  Dur\u00e9e : Un cr\u00e9neau de 1h en individuel en ligne  &nbsp;  Attention ! \u00a0Veuillez vous pr\u00e9senter \u00e0 l\u2019heure pour que l\u2019activit\u00e9 puisse commencer \u00e0 temps. Si vous avez du retard veuillez pr\u00e9venir l\u2019intervenant.e. Si vous avez plus de 15 min de retard l\u2019intervenant.e se r\u00e9serve le droit de ne plus vous accepter pour le coaching ou l\u2019atelier.  &nbsp;  Ce projet est co-financ\u00e9 par le Fonds Social Europ\u00e9en.\" \/>\n<meta property=\"og:url\" content=\"https:\/\/empow-her.com\/es\/produit\/coaching-juridique-administratif-avec-le-barreau-de-paris-2\/\" \/>\n<meta property=\"og:site_name\" content=\"Empow&#039;Her\" \/>\n<meta property=\"article:modified_time\" content=\"2022-09-12T14:47:51+00:00\" \/>\n<meta property=\"og:image\" content=\"https:\/\/empow-her.com\/wp-content\/uploads\/2022\/09\/Women-Dare-templates-events-2022-09-12T164725.478.png\" \/>\n\t<meta property=\"og:image:width\" content=\"1080\" \/>\n\t<meta property=\"og:image:height\" content=\"1080\" \/>\n\t<meta property=\"og:image:type\" content=\"image\/png\" \/>\n<meta name=\"twitter:card\" content=\"summary_large_image\" \/>\n<script type=\"application\/ld+json\" class=\"yoast-schema-graph\">{\"@context\":\"https:\/\/schema.org\",\"@graph\":[{\"@type\":\"WebPage\",\"@id\":\"https:\/\/empow-her.com\/es\/produit\/coaching-juridique-administratif-avec-le-barreau-de-paris-2\/\",\"url\":\"https:\/\/empow-her.com\/es\/produit\/coaching-juridique-administratif-avec-le-barreau-de-paris-2\/\",\"name\":\"Coaching - Juridique & Administratif avec le Barreau de Paris - Empow&#039;Her\",\"isPartOf\":{\"@id\":\"https:\/\/empow-her.com\/#website\"},\"primaryImageOfPage\":{\"@id\":\"https:\/\/empow-her.com\/es\/produit\/coaching-juridique-administratif-avec-le-barreau-de-paris-2\/#primaryimage\"},\"image\":{\"@id\":\"https:\/\/empow-her.com\/es\/produit\/coaching-juridique-administratif-avec-le-barreau-de-paris-2\/#primaryimage\"},\"thumbnailUrl\":\"https:\/\/empow-her.com\/wp-content\/uploads\/2022\/09\/Women-Dare-templates-events-2022-09-12T164725.478.png\",\"datePublished\":\"2022-09-12T14:45:35+00:00\",\"dateModified\":\"2022-09-12T14:47:51+00:00\",\"breadcrumb\":{\"@id\":\"https:\/\/empow-her.com\/es\/produit\/coaching-juridique-administratif-avec-le-barreau-de-paris-2\/#breadcrumb\"},\"inLanguage\":\"es\",\"potentialAction\":[{\"@type\":\"ReadAction\",\"target\":[\"https:\/\/empow-her.com\/es\/produit\/coaching-juridique-administratif-avec-le-barreau-de-paris-2\/\"]}]},{\"@type\":\"ImageObject\",\"inLanguage\":\"es\",\"@id\":\"https:\/\/empow-her.com\/es\/produit\/coaching-juridique-administratif-avec-le-barreau-de-paris-2\/#primaryimage\",\"url\":\"https:\/\/empow-her.com\/wp-content\/uploads\/2022\/09\/Women-Dare-templates-events-2022-09-12T164725.478.png\",\"contentUrl\":\"https:\/\/empow-her.com\/wp-content\/uploads\/2022\/09\/Women-Dare-templates-events-2022-09-12T164725.478.png\",\"width\":1080,\"height\":1080},{\"@type\":\"BreadcrumbList\",\"@id\":\"https:\/\/empow-her.com\/es\/produit\/coaching-juridique-administratif-avec-le-barreau-de-paris-2\/#breadcrumb\",\"itemListElement\":[{\"@type\":\"ListItem\",\"position\":1,\"name\":\"Accueil\",\"item\":\"https:\/\/empow-her.com\/es\/inicio\/\"},{\"@type\":\"ListItem\",\"position\":2,\"name\":\"LA BOUTIQUE\",\"item\":\"https:\/\/empow-her.com\/boutique\/\"},{\"@type\":\"ListItem\",\"position\":3,\"name\":\"Coaching &#8211; Juridique &#038; Administratif avec le Barreau de Paris\"}]},{\"@type\":\"WebSite\",\"@id\":\"https:\/\/empow-her.com\/#website\",\"url\":\"https:\/\/empow-her.com\/\",\"name\":\"Empow&#039;Her\",\"description\":\"Women Development\",\"potentialAction\":[{\"@type\":\"SearchAction\",\"target\":{\"@type\":\"EntryPoint\",\"urlTemplate\":\"https:\/\/empow-her.com\/?s={search_term_string}\"},\"query-input\":{\"@type\":\"PropertyValueSpecification\",\"valueRequired\":true,\"valueName\":\"search_term_string\"}}],\"inLanguage\":\"es\"}]}<\/script>\n<!-- \/ Yoast SEO plugin. -->","yoast_head_json":{"title":"Coaching - Juridique & Administratif avec le Barreau de Paris - Empow&#039;Her","robots":{"index":"index","follow":"follow","max-snippet":"max-snippet:-1","max-image-preview":"max-image-preview:large","max-video-preview":"max-video-preview:-1"},"canonical":"https:\/\/empow-her.com\/es\/produit\/coaching-juridique-administratif-avec-le-barreau-de-paris-2\/","og_locale":"es_ES","og_type":"article","og_title":"Coaching - Juridique & Administratif avec le Barreau de Paris - Empow&#039;Her","og_description":"Description : Un coaching individuel avec un.e avocat.e pour poser vos questions juridiques et administratives ! Quelques exemples de sujet qui peuvent \u00eatre abord\u00e9s : - Statuts juridiques, statuts de l\u2019ESS - Comment s\u2019associer tout en s\u00e9curisant le projet ? - Strat\u00e9gie de financement (lev\u00e9e de fonds, financements non-dilutifs) - R\u00e9daction des premiers contrats, notamment CGV\/CGU - Introduction \u00e0 la propri\u00e9t\u00e9 intellectuelle - Construction d\u2019une strat\u00e9gie de d\u00e9p\u00f4t de marque - Protection des donn\u00e9es personnelles (RGPD)  Pr\u00e9-requis :  Vous souhaitez vous inscrire \u00e0 cette session ? Merci d'indiquer votre besoin principal en remplissant ce questionnaire avant la session : https:\/\/airtable.com\/shrbpqpYDX8WKP0gJ ou communiquez-le par mail \u00e0 votre r\u00e9f\u00e9rente Empow'Her : nadege.serrero@empow-her.com  &nbsp;  Intervenant.e : Barreau de Paris  Dur\u00e9e : Un cr\u00e9neau de 1h en individuel en ligne  &nbsp;  Attention ! \u00a0Veuillez vous pr\u00e9senter \u00e0 l\u2019heure pour que l\u2019activit\u00e9 puisse commencer \u00e0 temps. Si vous avez du retard veuillez pr\u00e9venir l\u2019intervenant.e. Si vous avez plus de 15 min de retard l\u2019intervenant.e se r\u00e9serve le droit de ne plus vous accepter pour le coaching ou l\u2019atelier.  &nbsp;  Ce projet est co-financ\u00e9 par le Fonds Social Europ\u00e9en.","og_url":"https:\/\/empow-her.com\/es\/produit\/coaching-juridique-administratif-avec-le-barreau-de-paris-2\/","og_site_name":"Empow&#039;Her","article_modified_time":"2022-09-12T14:47:51+00:00","og_image":[{"width":1080,"height":1080,"url":"https:\/\/empow-her.com\/wp-content\/uploads\/2022\/09\/Women-Dare-templates-events-2022-09-12T164725.478.png","type":"image\/png"}],"twitter_card":"summary_large_image","schema":{"@context":"https:\/\/schema.org","@graph":[{"@type":"WebPage","@id":"https:\/\/empow-her.com\/es\/produit\/coaching-juridique-administratif-avec-le-barreau-de-paris-2\/","url":"https:\/\/empow-her.com\/es\/produit\/coaching-juridique-administratif-avec-le-barreau-de-paris-2\/","name":"Coaching - Juridique & Administratif avec le Barreau de Paris - Empow&#039;Her","isPartOf":{"@id":"https:\/\/empow-her.com\/#website"},"primaryImageOfPage":{"@id":"https:\/\/empow-her.com\/es\/produit\/coaching-juridique-administratif-avec-le-barreau-de-paris-2\/#primaryimage"},"image":{"@id":"https:\/\/empow-her.com\/es\/produit\/coaching-juridique-administratif-avec-le-barreau-de-paris-2\/#primaryimage"},"thumbnailUrl":"https:\/\/empow-her.com\/wp-content\/uploads\/2022\/09\/Women-Dare-templates-events-2022-09-12T164725.478.png","datePublished":"2022-09-12T14:45:35+00:00","dateModified":"2022-09-12T14:47:51+00:00","breadcrumb":{"@id":"https:\/\/empow-her.com\/es\/produit\/coaching-juridique-administratif-avec-le-barreau-de-paris-2\/#breadcrumb"},"inLanguage":"es","potentialAction":[{"@type":"ReadAction","target":["https:\/\/empow-her.com\/es\/produit\/coaching-juridique-administratif-avec-le-barreau-de-paris-2\/"]}]},{"@type":"ImageObject","inLanguage":"es","@id":"https:\/\/empow-her.com\/es\/produit\/coaching-juridique-administratif-avec-le-barreau-de-paris-2\/#primaryimage","url":"https:\/\/empow-her.com\/wp-content\/uploads\/2022\/09\/Women-Dare-templates-events-2022-09-12T164725.478.png","contentUrl":"https:\/\/empow-her.com\/wp-content\/uploads\/2022\/09\/Women-Dare-templates-events-2022-09-12T164725.478.png","width":1080,"height":1080},{"@type":"BreadcrumbList","@id":"https:\/\/empow-her.com\/es\/produit\/coaching-juridique-administratif-avec-le-barreau-de-paris-2\/#breadcrumb","itemListElement":[{"@type":"ListItem","position":1,"name":"Accueil","item":"https:\/\/empow-her.com\/es\/inicio\/"},{"@type":"ListItem","position":2,"name":"LA BOUTIQUE","item":"https:\/\/empow-her.com\/boutique\/"},{"@type":"ListItem","position":3,"name":"Coaching &#8211; Juridique &#038; Administratif avec le Barreau de Paris"}]},{"@type":"WebSite","@id":"https:\/\/empow-her.com\/#website","url":"https:\/\/empow-her.com\/","name":"Empow&#039;Her","description":"Women Development","potentialAction":[{"@type":"SearchAction","target":{"@type":"EntryPoint","urlTemplate":"https:\/\/empow-her.com\/?s={search_term_string}"},"query-input":{"@type":"PropertyValueSpecification","valueRequired":true,"valueName":"search_term_string"}}],"inLanguage":"es"}]}},"_links":{"self":[{"href":"https:\/\/empow-her.com\/es\/wp-json\/wp\/v2\/product\/122223","targetHints":{"allow":["GET"]}}],"collection":[{"href":"https:\/\/empow-her.com\/es\/wp-json\/wp\/v2\/product"}],"about":[{"href":"https:\/\/empow-her.com\/es\/wp-json\/wp\/v2\/types\/product"}],"wp:featuredmedia":[{"embeddable":true,"href":"https:\/\/empow-her.com\/es\/wp-json\/wp\/v2\/media\/122224"}],"wp:attachment":[{"href":"https:\/\/empow-her.com\/es\/wp-json\/wp\/v2\/media?parent=122223"}],"wp:term":[{"taxonomy":"product_brand","embeddable":true,"href":"https:\/\/empow-her.com\/es\/wp-json\/wp\/v2\/product_brand?post=122223"},{"taxonomy":"product_cat","embeddable":true,"href":"https:\/\/empow-her.com\/es\/wp-json\/wp\/v2\/product_cat?post=122223"},{"taxonomy":"product_tag","embeddable":true,"href":"https:\/\/empow-her.com\/es\/wp-json\/wp\/v2\/product_tag?post=122223"},{"taxonomy":"lieu","embeddable":true,"href":"https:\/\/empow-her.com\/es\/wp-json\/wp\/v2\/lieu?post=122223"},{"taxonomy":"thematiques","embeddable":true,"href":"https:\/\/empow-her.com\/es\/wp-json\/wp\/v2\/thematiques?post=122223"}],"curies":[{"name":"wp","href":"https:\/\/api.w.org\/{rel}","templated":true}]}}