{"id":122220,"date":"2022-09-12T16:42:33","date_gmt":"2022-09-12T14:42:33","guid":{"rendered":"https:\/\/empow-her.com\/?post_type=product&#038;p=122220"},"modified":"2022-09-12T16:44:47","modified_gmt":"2022-09-12T14:44:47","slug":"coaching-mener-son-etude-de-marche-2","status":"publish","type":"product","link":"https:\/\/empow-her.com\/es\/produit\/coaching-mener-son-etude-de-marche-2\/","title":{"rendered":"Coaching &#8211; Mener son \u00e9tude de march\u00e9"},"content":{"rendered":"","protected":false},"excerpt":{"rendered":"<p><span data-sheets-value=\"{&quot;1&quot;:2,&quot;2&quot;:&quot;Description : nnPr\u00e9-requis : nnIntervenant.e : nnSon super pouvoir : nnSon petit mot : &quot;}\" data-sheets-userformat=\"{&quot;2&quot;:641,&quot;3&quot;:{&quot;1&quot;:0},&quot;10&quot;:1,&quot;12&quot;:0}\"><strong>Description :<\/strong> Des questions, des doutes sur votre march\u00e9\u202f? Votre offre\u202f? Les besoins et les d\u00e9sirs de vos cibles\u202f? vos concurrents\u202f? Comment se diff\u00e9rencier?&#8230;. Sophia vous accompagne sur vos sujets d&#8217;\u00e9tudes de march\u00e9 afin de consolider votre projet.<\/span><\/p>\n<p><strong>Pr\u00e9-requis<\/strong>\u00a0: Aucun<\/p>\n<p><strong>Intervenant.e<\/strong>\u00a0<strong>: Sophia Lara Grine de PerformSens<\/strong><\/p>\n<p>Sophia Lara Grine est consultante en Prospective March\u00e9 et RSE int\u00e9gr\u00e9e. Elle a plus de 20 ans d\u2019exp\u00e9riences professionnelles dont un parcours entrepreneurial ax\u00e9 sur sa valeur cl\u00e9 : l\u2019Empowerment\/ l\u2019Autonomisation.<\/p>\n<p><span data-sheets-value=\"{&quot;1&quot;:2,&quot;2&quot;:&quot;Description : nnPr\u00e9-requis : nnIntervenant.e : nnSon super pouvoir : nnSon petit mot : &quot;}\" data-sheets-userformat=\"{&quot;2&quot;:641,&quot;3&quot;:{&quot;1&quot;:0},&quot;10&quot;:1,&quot;12&quot;:0}\"><strong>Son super pouvoir :<\/strong>\u00a0D\u00e9mystificatrice Des Etudes de March\u00e9, de l\u2019Entreprenariat et de l\u2019Impact !<\/span><\/p>\n<p><strong>Son petit mot :<\/strong>\u00a0Entreprendre est une aventure professionnelle et un voyage personnel. Au plaisir de partager votre chemin \u2013 Bienvenues &lt;3 \u2013 dans le formidable programme Women Dare!<\/p>\n<p><strong>Dur\u00e9e<\/strong>\u00a0: U<span data-sheets-value=\"{&quot;1&quot;:2,&quot;2&quot;:&quot;Permanence de 4h avec un cr\u00e9neau de 1h par participante (+ 15 minutes entre chaque)&quot;}\" data-sheets-userformat=\"{&quot;2&quot;:7167,&quot;3&quot;:{&quot;1&quot;:0},&quot;4&quot;:{&quot;1&quot;:2,&quot;2&quot;:16777215},&quot;5&quot;:{&quot;1&quot;:[{&quot;1&quot;:2,&quot;2&quot;:0,&quot;5&quot;:{&quot;1&quot;:2,&quot;2&quot;:0}},{&quot;1&quot;:0,&quot;2&quot;:0,&quot;3&quot;:3},{&quot;1&quot;:1,&quot;2&quot;:0,&quot;4&quot;:1}]},&quot;6&quot;:{&quot;1&quot;:[{&quot;1&quot;:2,&quot;2&quot;:0,&quot;5&quot;:{&quot;1&quot;:2,&quot;2&quot;:0}},{&quot;1&quot;:0,&quot;2&quot;:0,&quot;3&quot;:3},{&quot;1&quot;:1,&quot;2&quot;:0,&quot;4&quot;:1}]},&quot;7&quot;:{&quot;1&quot;:[{&quot;1&quot;:2,&quot;2&quot;:0,&quot;5&quot;:{&quot;1&quot;:2,&quot;2&quot;:0}},{&quot;1&quot;:0,&quot;2&quot;:0,&quot;3&quot;:3},{&quot;1&quot;:1,&quot;2&quot;:0,&quot;4&quot;:1}]},&quot;8&quot;:{&quot;1&quot;:[{&quot;1&quot;:2,&quot;2&quot;:0,&quot;5&quot;:{&quot;1&quot;:2,&quot;2&quot;:0}},{&quot;1&quot;:0,&quot;2&quot;:0,&quot;3&quot;:3},{&quot;1&quot;:1,&quot;2&quot;:0,&quot;4&quot;:1}]},&quot;9&quot;:0,&quot;10&quot;:1,&quot;11&quot;:4,&quot;12&quot;:0,&quot;14&quot;:{&quot;1&quot;:2,&quot;2&quot;:0},&quot;15&quot;:&quot;Calibri&quot;}\">n cr\u00e9neau de 1h en individuel<\/span><\/p>\n<p>&nbsp;<\/p>\n<p><span data-sheets-value=\"{&quot;1&quot;:2,&quot;2&quot;:&quot;Attention ! \u00a0Veuillez vous pr\u00e9sentez \u00e0 l'heure pour que l'activit\u00e9 puisse commencer \u00e0 temps. Si vous avez du retard veuillez pr\u00e9venir l'intervenant.e. Si vous avez plus de 15 min de retard l'intervenant.e se r\u00e9serve le droit de plus vous accepter pour le coaching ou l'atelier.\u00a0&quot;}\" data-sheets-userformat=\"{&quot;2&quot;:641,&quot;3&quot;:{&quot;1&quot;:0},&quot;10&quot;:1,&quot;12&quot;:0}\"><strong>Attention !<\/strong> \u00a0Veuillez vous pr\u00e9senter \u00e0 l\u2019heure pour que l\u2019activit\u00e9 puisse commencer \u00e0 temps. Si vous avez du retard veuillez pr\u00e9venir l\u2019intervenant.e. Si vous avez plus de 15 min de retard l\u2019intervenant.e se r\u00e9serve le droit de ne plus vous accepter pour le coaching ou l\u2019atelier.\u00a0<\/span><\/p>\n<p><span data-sheets-value=\"{&quot;1&quot;:2,&quot;2&quot;:&quot;Cet atelier vous permettra d'acqu\u00e9rir des bases solides pour affiner votre projet et de valider votre offre.nnAu programme : les cl\u00e9s m\u00e9thodologiques pour explorer votre march\u00e9, d\u00e9finir votre proposition de valeur, comprendre vos cibles et r\u00e9ussir votre positionnement.n&quot;}\" data-sheets-userformat=\"{&quot;2&quot;:4993,&quot;3&quot;:{&quot;1&quot;:0},&quot;10&quot;:1,&quot;11&quot;:4,&quot;12&quot;:0,&quot;15&quot;:&quot;Hind&quot;}\">\u00a0<\/span><\/p>\n<p>&nbsp;<\/p>\n<p>Ce projet est co-financ\u00e9 par le Fonds Social Europ\u00e9en.<\/p>\n<p><img decoding=\"async\" class=\"alignnone size-medium wp-image-15794\" src=\"https:\/\/empow-her.com\/wp-content\/uploads\/2021\/07\/fse-logos-1-300x54.png\" alt=\"\" width=\"300\" height=\"54\" srcset=\"https:\/\/empow-her.com\/wp-content\/uploads\/2021\/07\/fse-logos-1-300x54.png 300w, https:\/\/empow-her.com\/wp-content\/uploads\/2021\/07\/fse-logos-1-600x108.png 600w, https:\/\/empow-her.com\/wp-content\/uploads\/2021\/07\/fse-logos-1-1024x184.png 1024w, https:\/\/empow-her.com\/wp-content\/uploads\/2021\/07\/fse-logos-1-768x138.png 768w, https:\/\/empow-her.com\/wp-content\/uploads\/2021\/07\/fse-logos-1-1536x275.png 1536w, https:\/\/empow-her.com\/wp-content\/uploads\/2021\/07\/fse-logos-1-2048x367.png 2048w, https:\/\/empow-her.com\/wp-content\/uploads\/2021\/07\/fse-logos-1-24x4.png 24w, https:\/\/empow-her.com\/wp-content\/uploads\/2021\/07\/fse-logos-1-36x6.png 36w, https:\/\/empow-her.com\/wp-content\/uploads\/2021\/07\/fse-logos-1-48x9.png 48w\" sizes=\"(max-width: 300px) 100vw, 300px\" \/><\/p>\n","protected":false},"featured_media":122221,"template":"","format":"standard","meta":{"_acf_changed":false,"om_disable_all_campaigns":false,"_uf_show_specific_survey":0,"_uf_disable_surveys":false},"product_brand":[],"product_cat":[121],"product_tag":[],"lieu":[125],"thematiques":[],"class_list":{"0":"post-122220","1":"product","2":"type-product","3":"status-publish","4":"format-standard","5":"has-post-thumbnail","7":"product_cat-coaching","8":"lieu-en-ligne","10":"first","11":"instock","12":"virtual","13":"purchasable","14":"product-type-appointment"},"exclude_global_add_ons":[],"addons":[],"acf":[],"yoast_head":"<!-- This site is optimized with the Yoast SEO plugin v24.8 - https:\/\/yoast.com\/wordpress\/plugins\/seo\/ -->\n<title>Coaching - Mener son \u00e9tude de march\u00e9 - Empow&#039;Her<\/title>\n<meta name=\"robots\" content=\"index, follow, max-snippet:-1, max-image-preview:large, max-video-preview:-1\" \/>\n<link rel=\"canonical\" href=\"https:\/\/empow-her.com\/es\/produit\/coaching-mener-son-etude-de-marche-2\/\" \/>\n<meta property=\"og:locale\" content=\"es_ES\" \/>\n<meta property=\"og:type\" content=\"article\" \/>\n<meta property=\"og:title\" content=\"Coaching - Mener son \u00e9tude de march\u00e9 - Empow&#039;Her\" \/>\n<meta property=\"og:description\" content=\"Description : Des questions, des doutes sur votre march\u00e9\u202f? Votre offre\u202f? Les besoins et les d\u00e9sirs de vos cibles\u202f? vos concurrents\u202f? Comment se diff\u00e9rencier?.... Sophia vous accompagne sur vos sujets d&#039;\u00e9tudes de march\u00e9 afin de consolider votre projet.  Pr\u00e9-requis\u00a0: Aucun  Intervenant.e\u00a0: Sophia Lara Grine de PerformSens  Sophia Lara Grine est consultante en Prospective March\u00e9 et RSE int\u00e9gr\u00e9e. Elle a plus de 20 ans d\u2019exp\u00e9riences professionnelles dont un parcours entrepreneurial ax\u00e9 sur sa valeur cl\u00e9 : l\u2019Empowerment\/ l\u2019Autonomisation.  Son super pouvoir :\u00a0D\u00e9mystificatrice Des Etudes de March\u00e9, de l\u2019Entreprenariat et de l\u2019Impact !  Son petit mot :\u00a0Entreprendre est une aventure professionnelle et un voyage personnel. Au plaisir de partager votre chemin \u2013 Bienvenues &lt;3 \u2013 dans le formidable programme Women Dare!  Dur\u00e9e\u00a0: Un cr\u00e9neau de 1h en individuel  &nbsp;  Attention ! \u00a0Veuillez vous pr\u00e9senter \u00e0 l\u2019heure pour que l\u2019activit\u00e9 puisse commencer \u00e0 temps. Si vous avez du retard veuillez pr\u00e9venir l\u2019intervenant.e. Si vous avez plus de 15 min de retard l\u2019intervenant.e se r\u00e9serve le droit de ne plus vous accepter pour le coaching ou l\u2019atelier.\u00a0  \u00a0  &nbsp;  Ce projet est co-financ\u00e9 par le Fonds Social Europ\u00e9en.\" \/>\n<meta property=\"og:url\" content=\"https:\/\/empow-her.com\/es\/produit\/coaching-mener-son-etude-de-marche-2\/\" \/>\n<meta property=\"og:site_name\" content=\"Empow&#039;Her\" \/>\n<meta property=\"article:modified_time\" content=\"2022-09-12T14:44:47+00:00\" \/>\n<meta property=\"og:image\" content=\"https:\/\/empow-her.com\/wp-content\/uploads\/2022\/09\/Women-Dare-templates-events-2022-09-12T164429.506.png\" \/>\n\t<meta property=\"og:image:width\" content=\"1080\" \/>\n\t<meta property=\"og:image:height\" content=\"1080\" \/>\n\t<meta property=\"og:image:type\" content=\"image\/png\" \/>\n<meta name=\"twitter:card\" content=\"summary_large_image\" \/>\n<script type=\"application\/ld+json\" class=\"yoast-schema-graph\">{\"@context\":\"https:\/\/schema.org\",\"@graph\":[{\"@type\":\"WebPage\",\"@id\":\"https:\/\/empow-her.com\/es\/produit\/coaching-mener-son-etude-de-marche-2\/\",\"url\":\"https:\/\/empow-her.com\/es\/produit\/coaching-mener-son-etude-de-marche-2\/\",\"name\":\"Coaching - Mener son \u00e9tude de march\u00e9 - Empow&#039;Her\",\"isPartOf\":{\"@id\":\"https:\/\/empow-her.com\/#website\"},\"primaryImageOfPage\":{\"@id\":\"https:\/\/empow-her.com\/es\/produit\/coaching-mener-son-etude-de-marche-2\/#primaryimage\"},\"image\":{\"@id\":\"https:\/\/empow-her.com\/es\/produit\/coaching-mener-son-etude-de-marche-2\/#primaryimage\"},\"thumbnailUrl\":\"https:\/\/empow-her.com\/wp-content\/uploads\/2022\/09\/Women-Dare-templates-events-2022-09-12T164429.506.png\",\"datePublished\":\"2022-09-12T14:42:33+00:00\",\"dateModified\":\"2022-09-12T14:44:47+00:00\",\"breadcrumb\":{\"@id\":\"https:\/\/empow-her.com\/es\/produit\/coaching-mener-son-etude-de-marche-2\/#breadcrumb\"},\"inLanguage\":\"es\",\"potentialAction\":[{\"@type\":\"ReadAction\",\"target\":[\"https:\/\/empow-her.com\/es\/produit\/coaching-mener-son-etude-de-marche-2\/\"]}]},{\"@type\":\"ImageObject\",\"inLanguage\":\"es\",\"@id\":\"https:\/\/empow-her.com\/es\/produit\/coaching-mener-son-etude-de-marche-2\/#primaryimage\",\"url\":\"https:\/\/empow-her.com\/wp-content\/uploads\/2022\/09\/Women-Dare-templates-events-2022-09-12T164429.506.png\",\"contentUrl\":\"https:\/\/empow-her.com\/wp-content\/uploads\/2022\/09\/Women-Dare-templates-events-2022-09-12T164429.506.png\",\"width\":1080,\"height\":1080},{\"@type\":\"BreadcrumbList\",\"@id\":\"https:\/\/empow-her.com\/es\/produit\/coaching-mener-son-etude-de-marche-2\/#breadcrumb\",\"itemListElement\":[{\"@type\":\"ListItem\",\"position\":1,\"name\":\"Accueil\",\"item\":\"https:\/\/empow-her.com\/es\/inicio\/\"},{\"@type\":\"ListItem\",\"position\":2,\"name\":\"LA BOUTIQUE\",\"item\":\"https:\/\/empow-her.com\/boutique\/\"},{\"@type\":\"ListItem\",\"position\":3,\"name\":\"Coaching &#8211; Mener son \u00e9tude de march\u00e9\"}]},{\"@type\":\"WebSite\",\"@id\":\"https:\/\/empow-her.com\/#website\",\"url\":\"https:\/\/empow-her.com\/\",\"name\":\"Empow&#039;Her\",\"description\":\"Women Development\",\"potentialAction\":[{\"@type\":\"SearchAction\",\"target\":{\"@type\":\"EntryPoint\",\"urlTemplate\":\"https:\/\/empow-her.com\/?s={search_term_string}\"},\"query-input\":{\"@type\":\"PropertyValueSpecification\",\"valueRequired\":true,\"valueName\":\"search_term_string\"}}],\"inLanguage\":\"es\"}]}<\/script>\n<!-- \/ Yoast SEO plugin. -->","yoast_head_json":{"title":"Coaching - Mener son \u00e9tude de march\u00e9 - Empow&#039;Her","robots":{"index":"index","follow":"follow","max-snippet":"max-snippet:-1","max-image-preview":"max-image-preview:large","max-video-preview":"max-video-preview:-1"},"canonical":"https:\/\/empow-her.com\/es\/produit\/coaching-mener-son-etude-de-marche-2\/","og_locale":"es_ES","og_type":"article","og_title":"Coaching - Mener son \u00e9tude de march\u00e9 - Empow&#039;Her","og_description":"Description : Des questions, des doutes sur votre march\u00e9\u202f? Votre offre\u202f? Les besoins et les d\u00e9sirs de vos cibles\u202f? vos concurrents\u202f? Comment se diff\u00e9rencier?.... Sophia vous accompagne sur vos sujets d'\u00e9tudes de march\u00e9 afin de consolider votre projet.  Pr\u00e9-requis\u00a0: Aucun  Intervenant.e\u00a0: Sophia Lara Grine de PerformSens  Sophia Lara Grine est consultante en Prospective March\u00e9 et RSE int\u00e9gr\u00e9e. Elle a plus de 20 ans d\u2019exp\u00e9riences professionnelles dont un parcours entrepreneurial ax\u00e9 sur sa valeur cl\u00e9 : l\u2019Empowerment\/ l\u2019Autonomisation.  Son super pouvoir :\u00a0D\u00e9mystificatrice Des Etudes de March\u00e9, de l\u2019Entreprenariat et de l\u2019Impact !  Son petit mot :\u00a0Entreprendre est une aventure professionnelle et un voyage personnel. Au plaisir de partager votre chemin \u2013 Bienvenues &lt;3 \u2013 dans le formidable programme Women Dare!  Dur\u00e9e\u00a0: Un cr\u00e9neau de 1h en individuel  &nbsp;  Attention ! \u00a0Veuillez vous pr\u00e9senter \u00e0 l\u2019heure pour que l\u2019activit\u00e9 puisse commencer \u00e0 temps. Si vous avez du retard veuillez pr\u00e9venir l\u2019intervenant.e. Si vous avez plus de 15 min de retard l\u2019intervenant.e se r\u00e9serve le droit de ne plus vous accepter pour le coaching ou l\u2019atelier.\u00a0  \u00a0  &nbsp;  Ce projet est co-financ\u00e9 par le Fonds Social Europ\u00e9en.","og_url":"https:\/\/empow-her.com\/es\/produit\/coaching-mener-son-etude-de-marche-2\/","og_site_name":"Empow&#039;Her","article_modified_time":"2022-09-12T14:44:47+00:00","og_image":[{"width":1080,"height":1080,"url":"https:\/\/empow-her.com\/wp-content\/uploads\/2022\/09\/Women-Dare-templates-events-2022-09-12T164429.506.png","type":"image\/png"}],"twitter_card":"summary_large_image","schema":{"@context":"https:\/\/schema.org","@graph":[{"@type":"WebPage","@id":"https:\/\/empow-her.com\/es\/produit\/coaching-mener-son-etude-de-marche-2\/","url":"https:\/\/empow-her.com\/es\/produit\/coaching-mener-son-etude-de-marche-2\/","name":"Coaching - Mener son \u00e9tude de march\u00e9 - Empow&#039;Her","isPartOf":{"@id":"https:\/\/empow-her.com\/#website"},"primaryImageOfPage":{"@id":"https:\/\/empow-her.com\/es\/produit\/coaching-mener-son-etude-de-marche-2\/#primaryimage"},"image":{"@id":"https:\/\/empow-her.com\/es\/produit\/coaching-mener-son-etude-de-marche-2\/#primaryimage"},"thumbnailUrl":"https:\/\/empow-her.com\/wp-content\/uploads\/2022\/09\/Women-Dare-templates-events-2022-09-12T164429.506.png","datePublished":"2022-09-12T14:42:33+00:00","dateModified":"2022-09-12T14:44:47+00:00","breadcrumb":{"@id":"https:\/\/empow-her.com\/es\/produit\/coaching-mener-son-etude-de-marche-2\/#breadcrumb"},"inLanguage":"es","potentialAction":[{"@type":"ReadAction","target":["https:\/\/empow-her.com\/es\/produit\/coaching-mener-son-etude-de-marche-2\/"]}]},{"@type":"ImageObject","inLanguage":"es","@id":"https:\/\/empow-her.com\/es\/produit\/coaching-mener-son-etude-de-marche-2\/#primaryimage","url":"https:\/\/empow-her.com\/wp-content\/uploads\/2022\/09\/Women-Dare-templates-events-2022-09-12T164429.506.png","contentUrl":"https:\/\/empow-her.com\/wp-content\/uploads\/2022\/09\/Women-Dare-templates-events-2022-09-12T164429.506.png","width":1080,"height":1080},{"@type":"BreadcrumbList","@id":"https:\/\/empow-her.com\/es\/produit\/coaching-mener-son-etude-de-marche-2\/#breadcrumb","itemListElement":[{"@type":"ListItem","position":1,"name":"Accueil","item":"https:\/\/empow-her.com\/es\/inicio\/"},{"@type":"ListItem","position":2,"name":"LA BOUTIQUE","item":"https:\/\/empow-her.com\/boutique\/"},{"@type":"ListItem","position":3,"name":"Coaching &#8211; Mener son \u00e9tude de march\u00e9"}]},{"@type":"WebSite","@id":"https:\/\/empow-her.com\/#website","url":"https:\/\/empow-her.com\/","name":"Empow&#039;Her","description":"Women Development","potentialAction":[{"@type":"SearchAction","target":{"@type":"EntryPoint","urlTemplate":"https:\/\/empow-her.com\/?s={search_term_string}"},"query-input":{"@type":"PropertyValueSpecification","valueRequired":true,"valueName":"search_term_string"}}],"inLanguage":"es"}]}},"_links":{"self":[{"href":"https:\/\/empow-her.com\/es\/wp-json\/wp\/v2\/product\/122220","targetHints":{"allow":["GET"]}}],"collection":[{"href":"https:\/\/empow-her.com\/es\/wp-json\/wp\/v2\/product"}],"about":[{"href":"https:\/\/empow-her.com\/es\/wp-json\/wp\/v2\/types\/product"}],"wp:featuredmedia":[{"embeddable":true,"href":"https:\/\/empow-her.com\/es\/wp-json\/wp\/v2\/media\/122221"}],"wp:attachment":[{"href":"https:\/\/empow-her.com\/es\/wp-json\/wp\/v2\/media?parent=122220"}],"wp:term":[{"taxonomy":"product_brand","embeddable":true,"href":"https:\/\/empow-her.com\/es\/wp-json\/wp\/v2\/product_brand?post=122220"},{"taxonomy":"product_cat","embeddable":true,"href":"https:\/\/empow-her.com\/es\/wp-json\/wp\/v2\/product_cat?post=122220"},{"taxonomy":"product_tag","embeddable":true,"href":"https:\/\/empow-her.com\/es\/wp-json\/wp\/v2\/product_tag?post=122220"},{"taxonomy":"lieu","embeddable":true,"href":"https:\/\/empow-her.com\/es\/wp-json\/wp\/v2\/lieu?post=122220"},{"taxonomy":"thematiques","embeddable":true,"href":"https:\/\/empow-her.com\/es\/wp-json\/wp\/v2\/thematiques?post=122220"}],"curies":[{"name":"wp","href":"https:\/\/api.w.org\/{rel}","templated":true}]}}