{"id":122209,"date":"2022-09-12T16:24:48","date_gmt":"2022-09-12T14:24:48","guid":{"rendered":"https:\/\/empow-her.com\/?post_type=product&#038;p=122209"},"modified":"2022-09-12T16:30:27","modified_gmt":"2022-09-12T14:30:27","slug":"atelier-developper-ma-voix-pour-assurer-une-prise-de-parole-convaincante","status":"publish","type":"product","link":"https:\/\/empow-her.com\/es\/produit\/atelier-developper-ma-voix-pour-assurer-une-prise-de-parole-convaincante\/","title":{"rendered":"Atelier &#8211; D\u00e9velopper ma voix pour assurer une prise de parole convaincante"},"content":{"rendered":"","protected":false},"excerpt":{"rendered":"<div>\n<p><span data-sheets-value=\"{&quot;1&quot;:2,&quot;2&quot;:&quot;Description : nnPr\u00e9-requis : nnIntervenant.e : nnSon super pouvoir : nnSon petit mot : &quot;}\" data-sheets-userformat=\"{&quot;2&quot;:641,&quot;3&quot;:{&quot;1&quot;:0},&quot;10&quot;:1,&quot;12&quot;:0}\"><strong>Description : <\/strong><\/span>Qu\u2019est-ce qui fait la voix ? Qu\u2019est-ce qui fait que l\u2019on provoque chez l\u2019autre l\u2019envie de nous \u00e9couter ?<br \/>\nComment poser sa voix et rythmer son discours pour une prise de parole convaincante ?<\/p>\n<p>Dans cet atelier, Lucie Wendremaire, coach vocal &#8211; formatrice de la voix parl\u00e9e et chant\u00e9e, vous accompagnera dans l&#8217;exploration de m\u00e9thodes pour une prise de parole authentique, claire et au service de votre projet : lib\u00e9ration de la respiration, connaissance de son sch\u00e9ma corporel et de sa posture, pr\u00e9cision de la diction, etc. Apr\u00e8s une approche en groupe puis une courte mise en situation individuelle, vous d\u00e9gagerez ensemble des pistes personnalis\u00e9es afin d&#8217;assurer avec aisance vos prochaines prises de parole.<\/p>\n<p><strong>Pr\u00e9-requis<\/strong> : Pr\u00e9voyez un petit pitch !<\/p>\n<p><strong>Intervenant.e : Lucie WENDREMAIRE\u00a0<\/strong><\/p>\n<\/div>\n<div>\n<p>Coach vocal, formatrice de la voix parl\u00e9e et chant\u00e9e, j&#8217;accompagne les personnes dans la de\u0301couverte de leur voix pour gagner en assurance et en authenticite\u0301. Pour cela, pas de trucs et astuces mais une approche globale de la voix par le corps, la physiologie et le bon sens !<\/p>\n<p>Happy ex-marketeuse dans un grand groupe de l&#8217;\u00e9lectronique, j&#8217;ai \u00e9volu\u00e9 dans des contextes multiculturels complexes qui ont nourri mon int\u00e9r\u00eat pour la question de l&#8217;authenticit\u00e9.<\/p>\n<p>Com\u00e9dienne, chanteuse et percussionniste, je me produis sur des sc\u00e8nes, petites ou grandes ; sans cesse \u00e0 la recherche de cette voix qui (me) fait du bien.<\/p>\n<p>Engag\u00e9e pour la connexion a\u0300 soi par la voix, je suis coach vocal &#8220;&#8221;d\u2019artistes&#8221;&#8221; en devenir = toute personne qui veut (r)\u00e9veiller le beau en elle et le transmettre en d\u00e9ployant leur voix. Que ce soit aupr\u00e8s de particuliers, de jeunes adultes au Cours Florent \u00e0 Paris ou de vous professionnelles et entrepreneures qui avez tant de choses \u00e0 nous dire.<\/p>\n<p><span data-sheets-value=\"{&quot;1&quot;:2,&quot;2&quot;:&quot;Description : nnPr\u00e9-requis : nnIntervenant.e : nnSon super pouvoir : nnSon petit mot : &quot;}\" data-sheets-userformat=\"{&quot;2&quot;:641,&quot;3&quot;:{&quot;1&quot;:0},&quot;10&quot;:1,&quot;12&quot;:0}\"><br \/>\n<strong>Son super pouvoir :<\/strong> Exploratrice de voix<\/span><\/p>\n<p><strong>Son petit mot :<\/strong>Vous avez un outil incroyable \u00e0 votre disposition : votre voix. Non seulement pour convaincre un auditoire dans le cadre de votre projet mais aussi pour le faire avec plaisir. Qu&#8217;est-ce qui fait que l&#8217;on nous \u00e9coute ? Qu&#8217;est-ce qui provoque la chair de poule dans le public ? Le visc\u00e9ral, l&#8217;authentique et votre voix peut v\u00e9hiculer cela. Cherchons ensemble !<\/p>\n<\/div>\n<div><b>Lieu : <\/b>Sist&#8217;Her Paris, 82 rue du Faubourg Saint-Martin<\/div>\n<div><\/div>\n<div><\/div>\n<div><span data-sheets-value=\"{&quot;1&quot;:2,&quot;2&quot;:&quot;Attention ! \u00a0Veuillez vous pr\u00e9sentez \u00e0 l'heure pour que l'activit\u00e9 puisse commencer \u00e0 temps. Si vous avez du retard veuillez pr\u00e9venir l'intervenant.e. Si vous avez plus de 15 min de retard l'intervenant.e se r\u00e9serve le droit de plus vous accepter pour le coaching ou l'atelier.\u00a0&quot;}\" data-sheets-userformat=\"{&quot;2&quot;:641,&quot;3&quot;:{&quot;1&quot;:0},&quot;10&quot;:1,&quot;12&quot;:0}\"><strong>Attention !<\/strong> \u00a0Veuillez vous pr\u00e9senter \u00e0 l&#8217;heure pour que l&#8217;activit\u00e9 puisse commencer \u00e0 temps. Si vous avez du retard veuillez pr\u00e9venir l&#8217;intervenant.e. Si vous avez plus de 15 min de retard l&#8217;intervenant.e se r\u00e9serve le droit de ne plus vous accepter pour le coaching ou l&#8217;atelier.\u00a0<\/span><\/div>\n<div><\/div>\n<p>Ce projet est co-financ\u00e9 par le Fonds Social Europ\u00e9en.<\/p>\n<p><img decoding=\"async\" class=\"\" src=\"https:\/\/www.sep-asso.fr\/wp-content\/uploads\/2018\/02\/logo-union-europeenne.png\" alt=\"logo union europeenne \u2013 SEP\" width=\"87\" height=\"72\" \/>\u00a0\u00a0<img decoding=\"async\" class=\"alignnone wp-image-15218\" src=\"https:\/\/empow-her.com\/wp-content\/uploads\/2021\/06\/logo_fonds_social_europeen-300x187.png\" alt=\"\" width=\"104\" height=\"65\" srcset=\"https:\/\/empow-her.com\/wp-content\/uploads\/2021\/06\/logo_fonds_social_europeen-300x187.png 300w, https:\/\/empow-her.com\/wp-content\/uploads\/2021\/06\/logo_fonds_social_europeen-600x375.png 600w, https:\/\/empow-her.com\/wp-content\/uploads\/2021\/06\/logo_fonds_social_europeen-24x15.png 24w, https:\/\/empow-her.com\/wp-content\/uploads\/2021\/06\/logo_fonds_social_europeen-36x22.png 36w, https:\/\/empow-her.com\/wp-content\/uploads\/2021\/06\/logo_fonds_social_europeen-48x30.png 48w, https:\/\/empow-her.com\/wp-content\/uploads\/2021\/06\/logo_fonds_social_europeen.png 666w\" sizes=\"(max-width: 104px) 100vw, 104px\" \/>\u00a0<img decoding=\"async\" class=\"\" src=\"https:\/\/franceactive-idf.org\/wp-content\/uploads\/2020\/02\/logo-region-ile-de-france.png\" alt=\"Logo Region Ile De France - France Active \u00cele-de-France\" width=\"126\" height=\"29\" \/><\/p>\n","protected":false},"featured_media":122212,"template":"","format":"standard","meta":{"_acf_changed":false,"om_disable_all_campaigns":false,"_uf_show_specific_survey":0,"_uf_disable_surveys":false},"product_brand":[],"product_cat":[118],"product_tag":[],"lieu":[127],"thematiques":[],"class_list":{"0":"post-122209","1":"product","2":"type-product","3":"status-publish","4":"format-standard","5":"has-post-thumbnail","7":"product_cat-atelier-collectif","8":"lieu-hub-empowher","10":"first","11":"instock","12":"virtual","13":"purchasable","14":"product-type-appointment"},"exclude_global_add_ons":[],"addons":[],"acf":[],"yoast_head":"<!-- This site is optimized with the Yoast SEO plugin v24.8 - https:\/\/yoast.com\/wordpress\/plugins\/seo\/ -->\n<title>Atelier - D\u00e9velopper ma voix pour assurer une prise de parole convaincante - Empow&#039;Her<\/title>\n<meta name=\"robots\" content=\"index, follow, max-snippet:-1, max-image-preview:large, max-video-preview:-1\" \/>\n<link rel=\"canonical\" href=\"https:\/\/empow-her.com\/es\/produit\/atelier-developper-ma-voix-pour-assurer-une-prise-de-parole-convaincante\/\" \/>\n<meta property=\"og:locale\" content=\"es_ES\" \/>\n<meta property=\"og:type\" content=\"article\" \/>\n<meta property=\"og:title\" content=\"Atelier - D\u00e9velopper ma voix pour assurer une prise de parole convaincante - Empow&#039;Her\" \/>\n<meta property=\"og:description\" content=\"Description : Qu\u2019est-ce qui fait la voix ? Qu\u2019est-ce qui fait que l\u2019on provoque chez l\u2019autre l\u2019envie de nous \u00e9couter ? Comment poser sa voix et rythmer son discours pour une prise de parole convaincante ?  Dans cet atelier, Lucie Wendremaire, coach vocal - formatrice de la voix parl\u00e9e et chant\u00e9e, vous accompagnera dans l&#039;exploration de m\u00e9thodes pour une prise de parole authentique, claire et au service de votre projet : lib\u00e9ration de la respiration, connaissance de son sch\u00e9ma corporel et de sa posture, pr\u00e9cision de la diction, etc. Apr\u00e8s une approche en groupe puis une courte mise en situation individuelle, vous d\u00e9gagerez ensemble des pistes personnalis\u00e9es afin d&#039;assurer avec aisance vos prochaines prises de parole.  Pr\u00e9-requis : Pr\u00e9voyez un petit pitch !  Intervenant.e : Lucie WENDREMAIRE\u00a0     Coach vocal, formatrice de la voix parl\u00e9e et chant\u00e9e, j&#039;accompagne les personnes dans la de\u0301couverte de leur voix pour gagner en assurance et en authenticite\u0301. Pour cela, pas de trucs et astuces mais une approche globale de la voix par le corps, la physiologie et le bon sens !  Happy ex-marketeuse dans un grand groupe de l&#039;\u00e9lectronique, j&#039;ai \u00e9volu\u00e9 dans des contextes multiculturels complexes qui ont nourri mon int\u00e9r\u00eat pour la question de l&#039;authenticit\u00e9.  Com\u00e9dienne, chanteuse et percussionniste, je me produis sur des sc\u00e8nes, petites ou grandes ; sans cesse \u00e0 la recherche de cette voix qui (me) fait du bien.  Engag\u00e9e pour la connexion a\u0300 soi par la voix, je suis coach vocal &quot;&quot;d\u2019artistes&quot;&quot; en devenir = toute personne qui veut (r)\u00e9veiller le beau en elle et le transmettre en d\u00e9ployant leur voix. Que ce soit aupr\u00e8s de particuliers, de jeunes adultes au Cours Florent \u00e0 Paris ou de vous professionnelles et entrepreneures qui avez tant de choses \u00e0 nous dire.   Son super pouvoir : Exploratrice de voix  Son petit mot :Vous avez un outil incroyable \u00e0 votre disposition : votre voix. Non seulement pour convaincre un auditoire dans le cadre de votre projet mais aussi pour le faire avec plaisir. Qu&#039;est-ce qui fait que l&#039;on nous \u00e9coute ? Qu&#039;est-ce qui provoque la chair de poule dans le public ? Le visc\u00e9ral, l&#039;authentique et votre voix peut v\u00e9hiculer cela. Cherchons ensemble !   Lieu : Sist&#039;Her Paris, 82 rue du Faubourg Saint-Martin   Attention ! \u00a0Veuillez vous pr\u00e9senter \u00e0 l&#039;heure pour que l&#039;activit\u00e9 puisse commencer \u00e0 temps. Si vous avez du retard veuillez pr\u00e9venir l&#039;intervenant.e. Si vous avez plus de 15 min de retard l&#039;intervenant.e se r\u00e9serve le droit de ne plus vous accepter pour le coaching ou l&#039;atelier.\u00a0  Ce projet est co-financ\u00e9 par le Fonds Social Europ\u00e9en.  \u00a0\u00a0\u00a0\" \/>\n<meta property=\"og:url\" content=\"https:\/\/empow-her.com\/es\/produit\/atelier-developper-ma-voix-pour-assurer-une-prise-de-parole-convaincante\/\" \/>\n<meta property=\"og:site_name\" content=\"Empow&#039;Her\" \/>\n<meta property=\"article:modified_time\" content=\"2022-09-12T14:30:27+00:00\" \/>\n<meta property=\"og:image\" content=\"https:\/\/empow-her.com\/wp-content\/uploads\/2022\/09\/Women-Dare-templates-events-2022-09-12T162958.473.png\" \/>\n\t<meta property=\"og:image:width\" content=\"1080\" \/>\n\t<meta property=\"og:image:height\" content=\"1080\" \/>\n\t<meta property=\"og:image:type\" content=\"image\/png\" \/>\n<meta name=\"twitter:card\" content=\"summary_large_image\" \/>\n<script type=\"application\/ld+json\" class=\"yoast-schema-graph\">{\"@context\":\"https:\/\/schema.org\",\"@graph\":[{\"@type\":\"WebPage\",\"@id\":\"https:\/\/empow-her.com\/es\/produit\/atelier-developper-ma-voix-pour-assurer-une-prise-de-parole-convaincante\/\",\"url\":\"https:\/\/empow-her.com\/es\/produit\/atelier-developper-ma-voix-pour-assurer-une-prise-de-parole-convaincante\/\",\"name\":\"Atelier - D\u00e9velopper ma voix pour assurer une prise de parole convaincante - Empow&#039;Her\",\"isPartOf\":{\"@id\":\"https:\/\/empow-her.com\/#website\"},\"primaryImageOfPage\":{\"@id\":\"https:\/\/empow-her.com\/es\/produit\/atelier-developper-ma-voix-pour-assurer-une-prise-de-parole-convaincante\/#primaryimage\"},\"image\":{\"@id\":\"https:\/\/empow-her.com\/es\/produit\/atelier-developper-ma-voix-pour-assurer-une-prise-de-parole-convaincante\/#primaryimage\"},\"thumbnailUrl\":\"https:\/\/empow-her.com\/wp-content\/uploads\/2022\/09\/Women-Dare-templates-events-2022-09-12T162958.473.png\",\"datePublished\":\"2022-09-12T14:24:48+00:00\",\"dateModified\":\"2022-09-12T14:30:27+00:00\",\"breadcrumb\":{\"@id\":\"https:\/\/empow-her.com\/es\/produit\/atelier-developper-ma-voix-pour-assurer-une-prise-de-parole-convaincante\/#breadcrumb\"},\"inLanguage\":\"es\",\"potentialAction\":[{\"@type\":\"ReadAction\",\"target\":[\"https:\/\/empow-her.com\/es\/produit\/atelier-developper-ma-voix-pour-assurer-une-prise-de-parole-convaincante\/\"]}]},{\"@type\":\"ImageObject\",\"inLanguage\":\"es\",\"@id\":\"https:\/\/empow-her.com\/es\/produit\/atelier-developper-ma-voix-pour-assurer-une-prise-de-parole-convaincante\/#primaryimage\",\"url\":\"https:\/\/empow-her.com\/wp-content\/uploads\/2022\/09\/Women-Dare-templates-events-2022-09-12T162958.473.png\",\"contentUrl\":\"https:\/\/empow-her.com\/wp-content\/uploads\/2022\/09\/Women-Dare-templates-events-2022-09-12T162958.473.png\",\"width\":1080,\"height\":1080},{\"@type\":\"BreadcrumbList\",\"@id\":\"https:\/\/empow-her.com\/es\/produit\/atelier-developper-ma-voix-pour-assurer-une-prise-de-parole-convaincante\/#breadcrumb\",\"itemListElement\":[{\"@type\":\"ListItem\",\"position\":1,\"name\":\"Accueil\",\"item\":\"https:\/\/empow-her.com\/es\/inicio\/\"},{\"@type\":\"ListItem\",\"position\":2,\"name\":\"LA BOUTIQUE\",\"item\":\"https:\/\/empow-her.com\/boutique\/\"},{\"@type\":\"ListItem\",\"position\":3,\"name\":\"Atelier &#8211; D\u00e9velopper ma voix pour assurer une prise de parole convaincante\"}]},{\"@type\":\"WebSite\",\"@id\":\"https:\/\/empow-her.com\/#website\",\"url\":\"https:\/\/empow-her.com\/\",\"name\":\"Empow&#039;Her\",\"description\":\"Women Development\",\"potentialAction\":[{\"@type\":\"SearchAction\",\"target\":{\"@type\":\"EntryPoint\",\"urlTemplate\":\"https:\/\/empow-her.com\/?s={search_term_string}\"},\"query-input\":{\"@type\":\"PropertyValueSpecification\",\"valueRequired\":true,\"valueName\":\"search_term_string\"}}],\"inLanguage\":\"es\"}]}<\/script>\n<!-- \/ Yoast SEO plugin. -->","yoast_head_json":{"title":"Atelier - D\u00e9velopper ma voix pour assurer une prise de parole convaincante - Empow&#039;Her","robots":{"index":"index","follow":"follow","max-snippet":"max-snippet:-1","max-image-preview":"max-image-preview:large","max-video-preview":"max-video-preview:-1"},"canonical":"https:\/\/empow-her.com\/es\/produit\/atelier-developper-ma-voix-pour-assurer-une-prise-de-parole-convaincante\/","og_locale":"es_ES","og_type":"article","og_title":"Atelier - D\u00e9velopper ma voix pour assurer une prise de parole convaincante - Empow&#039;Her","og_description":"Description : Qu\u2019est-ce qui fait la voix ? Qu\u2019est-ce qui fait que l\u2019on provoque chez l\u2019autre l\u2019envie de nous \u00e9couter ? Comment poser sa voix et rythmer son discours pour une prise de parole convaincante ?  Dans cet atelier, Lucie Wendremaire, coach vocal - formatrice de la voix parl\u00e9e et chant\u00e9e, vous accompagnera dans l'exploration de m\u00e9thodes pour une prise de parole authentique, claire et au service de votre projet : lib\u00e9ration de la respiration, connaissance de son sch\u00e9ma corporel et de sa posture, pr\u00e9cision de la diction, etc. Apr\u00e8s une approche en groupe puis une courte mise en situation individuelle, vous d\u00e9gagerez ensemble des pistes personnalis\u00e9es afin d'assurer avec aisance vos prochaines prises de parole.  Pr\u00e9-requis : Pr\u00e9voyez un petit pitch !  Intervenant.e : Lucie WENDREMAIRE\u00a0     Coach vocal, formatrice de la voix parl\u00e9e et chant\u00e9e, j'accompagne les personnes dans la de\u0301couverte de leur voix pour gagner en assurance et en authenticite\u0301. Pour cela, pas de trucs et astuces mais une approche globale de la voix par le corps, la physiologie et le bon sens !  Happy ex-marketeuse dans un grand groupe de l'\u00e9lectronique, j'ai \u00e9volu\u00e9 dans des contextes multiculturels complexes qui ont nourri mon int\u00e9r\u00eat pour la question de l'authenticit\u00e9.  Com\u00e9dienne, chanteuse et percussionniste, je me produis sur des sc\u00e8nes, petites ou grandes ; sans cesse \u00e0 la recherche de cette voix qui (me) fait du bien.  Engag\u00e9e pour la connexion a\u0300 soi par la voix, je suis coach vocal \"\"d\u2019artistes\"\" en devenir = toute personne qui veut (r)\u00e9veiller le beau en elle et le transmettre en d\u00e9ployant leur voix. Que ce soit aupr\u00e8s de particuliers, de jeunes adultes au Cours Florent \u00e0 Paris ou de vous professionnelles et entrepreneures qui avez tant de choses \u00e0 nous dire.   Son super pouvoir : Exploratrice de voix  Son petit mot :Vous avez un outil incroyable \u00e0 votre disposition : votre voix. Non seulement pour convaincre un auditoire dans le cadre de votre projet mais aussi pour le faire avec plaisir. Qu'est-ce qui fait que l'on nous \u00e9coute ? Qu'est-ce qui provoque la chair de poule dans le public ? Le visc\u00e9ral, l'authentique et votre voix peut v\u00e9hiculer cela. Cherchons ensemble !   Lieu : Sist'Her Paris, 82 rue du Faubourg Saint-Martin   Attention ! \u00a0Veuillez vous pr\u00e9senter \u00e0 l'heure pour que l'activit\u00e9 puisse commencer \u00e0 temps. Si vous avez du retard veuillez pr\u00e9venir l'intervenant.e. Si vous avez plus de 15 min de retard l'intervenant.e se r\u00e9serve le droit de ne plus vous accepter pour le coaching ou l'atelier.\u00a0  Ce projet est co-financ\u00e9 par le Fonds Social Europ\u00e9en.  \u00a0\u00a0\u00a0","og_url":"https:\/\/empow-her.com\/es\/produit\/atelier-developper-ma-voix-pour-assurer-une-prise-de-parole-convaincante\/","og_site_name":"Empow&#039;Her","article_modified_time":"2022-09-12T14:30:27+00:00","og_image":[{"width":1080,"height":1080,"url":"https:\/\/empow-her.com\/wp-content\/uploads\/2022\/09\/Women-Dare-templates-events-2022-09-12T162958.473.png","type":"image\/png"}],"twitter_card":"summary_large_image","schema":{"@context":"https:\/\/schema.org","@graph":[{"@type":"WebPage","@id":"https:\/\/empow-her.com\/es\/produit\/atelier-developper-ma-voix-pour-assurer-une-prise-de-parole-convaincante\/","url":"https:\/\/empow-her.com\/es\/produit\/atelier-developper-ma-voix-pour-assurer-une-prise-de-parole-convaincante\/","name":"Atelier - D\u00e9velopper ma voix pour assurer une prise de parole convaincante - Empow&#039;Her","isPartOf":{"@id":"https:\/\/empow-her.com\/#website"},"primaryImageOfPage":{"@id":"https:\/\/empow-her.com\/es\/produit\/atelier-developper-ma-voix-pour-assurer-une-prise-de-parole-convaincante\/#primaryimage"},"image":{"@id":"https:\/\/empow-her.com\/es\/produit\/atelier-developper-ma-voix-pour-assurer-une-prise-de-parole-convaincante\/#primaryimage"},"thumbnailUrl":"https:\/\/empow-her.com\/wp-content\/uploads\/2022\/09\/Women-Dare-templates-events-2022-09-12T162958.473.png","datePublished":"2022-09-12T14:24:48+00:00","dateModified":"2022-09-12T14:30:27+00:00","breadcrumb":{"@id":"https:\/\/empow-her.com\/es\/produit\/atelier-developper-ma-voix-pour-assurer-une-prise-de-parole-convaincante\/#breadcrumb"},"inLanguage":"es","potentialAction":[{"@type":"ReadAction","target":["https:\/\/empow-her.com\/es\/produit\/atelier-developper-ma-voix-pour-assurer-une-prise-de-parole-convaincante\/"]}]},{"@type":"ImageObject","inLanguage":"es","@id":"https:\/\/empow-her.com\/es\/produit\/atelier-developper-ma-voix-pour-assurer-une-prise-de-parole-convaincante\/#primaryimage","url":"https:\/\/empow-her.com\/wp-content\/uploads\/2022\/09\/Women-Dare-templates-events-2022-09-12T162958.473.png","contentUrl":"https:\/\/empow-her.com\/wp-content\/uploads\/2022\/09\/Women-Dare-templates-events-2022-09-12T162958.473.png","width":1080,"height":1080},{"@type":"BreadcrumbList","@id":"https:\/\/empow-her.com\/es\/produit\/atelier-developper-ma-voix-pour-assurer-une-prise-de-parole-convaincante\/#breadcrumb","itemListElement":[{"@type":"ListItem","position":1,"name":"Accueil","item":"https:\/\/empow-her.com\/es\/inicio\/"},{"@type":"ListItem","position":2,"name":"LA BOUTIQUE","item":"https:\/\/empow-her.com\/boutique\/"},{"@type":"ListItem","position":3,"name":"Atelier &#8211; D\u00e9velopper ma voix pour assurer une prise de parole convaincante"}]},{"@type":"WebSite","@id":"https:\/\/empow-her.com\/#website","url":"https:\/\/empow-her.com\/","name":"Empow&#039;Her","description":"Women Development","potentialAction":[{"@type":"SearchAction","target":{"@type":"EntryPoint","urlTemplate":"https:\/\/empow-her.com\/?s={search_term_string}"},"query-input":{"@type":"PropertyValueSpecification","valueRequired":true,"valueName":"search_term_string"}}],"inLanguage":"es"}]}},"_links":{"self":[{"href":"https:\/\/empow-her.com\/es\/wp-json\/wp\/v2\/product\/122209","targetHints":{"allow":["GET"]}}],"collection":[{"href":"https:\/\/empow-her.com\/es\/wp-json\/wp\/v2\/product"}],"about":[{"href":"https:\/\/empow-her.com\/es\/wp-json\/wp\/v2\/types\/product"}],"wp:featuredmedia":[{"embeddable":true,"href":"https:\/\/empow-her.com\/es\/wp-json\/wp\/v2\/media\/122212"}],"wp:attachment":[{"href":"https:\/\/empow-her.com\/es\/wp-json\/wp\/v2\/media?parent=122209"}],"wp:term":[{"taxonomy":"product_brand","embeddable":true,"href":"https:\/\/empow-her.com\/es\/wp-json\/wp\/v2\/product_brand?post=122209"},{"taxonomy":"product_cat","embeddable":true,"href":"https:\/\/empow-her.com\/es\/wp-json\/wp\/v2\/product_cat?post=122209"},{"taxonomy":"product_tag","embeddable":true,"href":"https:\/\/empow-her.com\/es\/wp-json\/wp\/v2\/product_tag?post=122209"},{"taxonomy":"lieu","embeddable":true,"href":"https:\/\/empow-her.com\/es\/wp-json\/wp\/v2\/lieu?post=122209"},{"taxonomy":"thematiques","embeddable":true,"href":"https:\/\/empow-her.com\/es\/wp-json\/wp\/v2\/thematiques?post=122209"}],"curies":[{"name":"wp","href":"https:\/\/api.w.org\/{rel}","templated":true}]}}