{"id":121957,"date":"2022-09-01T10:12:26","date_gmt":"2022-09-01T08:12:26","guid":{"rendered":"https:\/\/empow-her.com\/?post_type=product&#038;p=121957"},"modified":"2022-09-01T10:15:23","modified_gmt":"2022-09-01T08:15:23","slug":"atelier-comprendre-sa-cible-ses-personas-les-besoins-clients","status":"publish","type":"product","link":"https:\/\/empow-her.com\/es\/produit\/atelier-comprendre-sa-cible-ses-personas-les-besoins-clients\/","title":{"rendered":"Atelier &#8211; Comprendre sa cible, ses personas &#038; les besoins clients"},"content":{"rendered":"","protected":false},"excerpt":{"rendered":"<div>\n<p><span data-sheets-value=\"{&quot;1&quot;:2,&quot;2&quot;:&quot;Description : nnPr\u00e9-requis : nnIntervenant.e : nnSon super pouvoir : nnSon petit mot : &quot;}\" data-sheets-userformat=\"{&quot;2&quot;:641,&quot;3&quot;:{&quot;1&quot;:0},&quot;10&quot;:1,&quot;12&quot;:0}\"><strong>Description :<\/strong> Cet atelier est l\u00e0 pour vous aider \u00e0 vous d\u00e9centrer et \u00e0 regarder votre projet autrement. Ensemble nous allons adopter une d\u00e9marche de &#8220;design thinking&#8221; et se mettre dans la peau de nos usagers et usag\u00e8res. En explorant les besoin de votre public, il s&#8217;agira de mieux comprendre le parcours d&#8217;utilisation de votre projet et de l&#8217;am\u00e9liorer encore et encore !<\/span><\/p>\n<p><strong>Pr\u00e9-requis<\/strong> : Aucun<\/p>\n<p><strong>Intervenant.e : Marialya Bestougeff<\/strong><\/p>\n<\/div>\n<div>\n<p>Directrice de l&#8217;innovation du CENTQUATRE-PARIS, un lieu unique que je vous invite \u00e0 d\u00e9couvrir. Je pilote 104factory, l&#8217;incubateur des startups culturelles et cr\u00e9atives (http:\/\/www.104factory.fr\/). Passionn\u00e9e par la culture et l&#8217;innovation, je suis dipl\u00f4m\u00e9e de l\u2019EDHEC et d\u2019un master en communication de l\u2019Universit\u00e9 Ib\u00e9roamericana de Mexico, j\u2019ai \u00e9galement suivi un cycle long de formations sur l\u2019entrepreunariat culturel en Europe et me suis tr\u00e8s fortement impliqu\u00e9e dans l&#8217;association Mus\u00e9omix https:\/\/www.museomix.org\/.<\/p>\n<p>Apr\u00e8s plusieurs ann\u00e9es d\u2019exp\u00e9riences professionnelles en tant que chef de projet dans des m\u00e9tiers et des contextes tr\u00e8s diff\u00e9rents (qualit\u00e9, informatique et conseil), j&#8217;ai \u00e9t\u00e9 directrice commerciale de Decommedia une structure originale qui d\u00e9veloppe des actions de sensibilisations et de formation par le th\u00e9\u00e2tre, entrepreneuse avec Fixioneers puis Head of Share Design au sein du collectif de designers les Sismo !<\/p>\n<p>Je travaille aujourd\u2019hui \u00e0 fa\u00e7onner les conditions pour permettre l&#8217;\u00e9mergence de l&#8217;innovation, l&#8217;\u00e9closion et le d\u00e9veloppement de projets entrepreneuriaux, collaboratifs, cr\u00e9atifs et \u00e9panouissants pour tisser des liens durables entre des univers qui ont tant \u00e0 partager !<\/p>\n<p><span data-sheets-value=\"{&quot;1&quot;:2,&quot;2&quot;:&quot;Description : nnPr\u00e9-requis : nnIntervenant.e : nnSon super pouvoir : nnSon petit mot : &quot;}\" data-sheets-userformat=\"{&quot;2&quot;:641,&quot;3&quot;:{&quot;1&quot;:0},&quot;10&quot;:1,&quot;12&quot;:0}\"><br \/>\n<strong>Son super pouvoir :<\/strong> Donner des super pouvoirs !<\/span><\/p>\n<p><strong>Son petit mot :<\/strong> Bravo, osez, continuez !<\/p>\n<\/div>\n<div><\/div>\n<div><b>Lieu : <\/b>Sist&#8217;Her Paris, 82 rue du Faubourg Saint-Martin<\/div>\n<div><\/div>\n<div><\/div>\n<div><span data-sheets-value=\"{&quot;1&quot;:2,&quot;2&quot;:&quot;Attention ! \u00a0Veuillez vous pr\u00e9sentez \u00e0 l'heure pour que l'activit\u00e9 puisse commencer \u00e0 temps. Si vous avez du retard veuillez pr\u00e9venir l'intervenant.e. Si vous avez plus de 15 min de retard l'intervenant.e se r\u00e9serve le droit de plus vous accepter pour le coaching ou l'atelier.\u00a0&quot;}\" data-sheets-userformat=\"{&quot;2&quot;:641,&quot;3&quot;:{&quot;1&quot;:0},&quot;10&quot;:1,&quot;12&quot;:0}\"><strong>Attention !<\/strong> \u00a0Veuillez vous pr\u00e9senter \u00e0 l&#8217;heure pour que l&#8217;activit\u00e9 puisse commencer \u00e0 temps. Si vous avez du retard veuillez pr\u00e9venir l&#8217;intervenant.e. Si vous avez plus de 15 min de retard l&#8217;intervenant.e se r\u00e9serve le droit de ne plus vous accepter pour le coaching ou l&#8217;atelier.\u00a0<\/span><\/div>\n<div><\/div>\n<p>Ce projet est co-financ\u00e9 par le Fonds Social Europ\u00e9en.<\/p>\n<p><img decoding=\"async\" class=\"\" src=\"https:\/\/www.sep-asso.fr\/wp-content\/uploads\/2018\/02\/logo-union-europeenne.png\" alt=\"logo union europeenne \u2013 SEP\" width=\"87\" height=\"72\" \/>\u00a0\u00a0<img decoding=\"async\" class=\"alignnone wp-image-15218\" src=\"https:\/\/empow-her.com\/wp-content\/uploads\/2021\/06\/logo_fonds_social_europeen-300x187.png\" alt=\"\" width=\"104\" height=\"65\" srcset=\"https:\/\/empow-her.com\/wp-content\/uploads\/2021\/06\/logo_fonds_social_europeen-300x187.png 300w, https:\/\/empow-her.com\/wp-content\/uploads\/2021\/06\/logo_fonds_social_europeen-600x375.png 600w, https:\/\/empow-her.com\/wp-content\/uploads\/2021\/06\/logo_fonds_social_europeen-24x15.png 24w, https:\/\/empow-her.com\/wp-content\/uploads\/2021\/06\/logo_fonds_social_europeen-36x22.png 36w, https:\/\/empow-her.com\/wp-content\/uploads\/2021\/06\/logo_fonds_social_europeen-48x30.png 48w, https:\/\/empow-her.com\/wp-content\/uploads\/2021\/06\/logo_fonds_social_europeen.png 666w\" sizes=\"(max-width: 104px) 100vw, 104px\" \/>\u00a0<img decoding=\"async\" class=\"\" src=\"https:\/\/franceactive-idf.org\/wp-content\/uploads\/2020\/02\/logo-region-ile-de-france.png\" alt=\"Logo Region Ile De France - France Active \u00cele-de-France\" width=\"126\" height=\"29\" \/><\/p>\n","protected":false},"featured_media":121958,"template":"","format":"standard","meta":{"_acf_changed":false,"om_disable_all_campaigns":false,"_uf_show_specific_survey":0,"_uf_disable_surveys":false},"product_brand":[],"product_cat":[118],"product_tag":[],"lieu":[127],"thematiques":[],"class_list":{"0":"post-121957","1":"product","2":"type-product","3":"status-publish","4":"format-standard","5":"has-post-thumbnail","7":"product_cat-atelier-collectif","8":"lieu-hub-empowher","10":"first","11":"instock","12":"virtual","13":"purchasable","14":"product-type-appointment"},"exclude_global_add_ons":[],"addons":[],"acf":[],"yoast_head":"<!-- This site is optimized with the Yoast SEO plugin v24.8 - https:\/\/yoast.com\/wordpress\/plugins\/seo\/ -->\n<title>Atelier - Comprendre sa cible, ses personas &amp; les besoins clients - Empow&#039;Her<\/title>\n<meta name=\"robots\" content=\"index, follow, max-snippet:-1, max-image-preview:large, max-video-preview:-1\" \/>\n<link rel=\"canonical\" href=\"https:\/\/empow-her.com\/es\/produit\/atelier-comprendre-sa-cible-ses-personas-les-besoins-clients\/\" \/>\n<meta property=\"og:locale\" content=\"es_ES\" \/>\n<meta property=\"og:type\" content=\"article\" \/>\n<meta property=\"og:title\" content=\"Atelier - Comprendre sa cible, ses personas &amp; les besoins clients - Empow&#039;Her\" \/>\n<meta property=\"og:description\" content=\"Description : Cet atelier est l\u00e0 pour vous aider \u00e0 vous d\u00e9centrer et \u00e0 regarder votre projet autrement. Ensemble nous allons adopter une d\u00e9marche de &quot;design thinking&quot; et se mettre dans la peau de nos usagers et usag\u00e8res. En explorant les besoin de votre public, il s&#039;agira de mieux comprendre le parcours d&#039;utilisation de votre projet et de l&#039;am\u00e9liorer encore et encore !  Pr\u00e9-requis : Aucun  Intervenant.e : Marialya Bestougeff     Directrice de l&#039;innovation du CENTQUATRE-PARIS, un lieu unique que je vous invite \u00e0 d\u00e9couvrir. Je pilote 104factory, l&#039;incubateur des startups culturelles et cr\u00e9atives (http:\/\/www.104factory.fr\/). Passionn\u00e9e par la culture et l&#039;innovation, je suis dipl\u00f4m\u00e9e de l\u2019EDHEC et d\u2019un master en communication de l\u2019Universit\u00e9 Ib\u00e9roamericana de Mexico, j\u2019ai \u00e9galement suivi un cycle long de formations sur l\u2019entrepreunariat culturel en Europe et me suis tr\u00e8s fortement impliqu\u00e9e dans l&#039;association Mus\u00e9omix https:\/\/www.museomix.org\/.  Apr\u00e8s plusieurs ann\u00e9es d\u2019exp\u00e9riences professionnelles en tant que chef de projet dans des m\u00e9tiers et des contextes tr\u00e8s diff\u00e9rents (qualit\u00e9, informatique et conseil), j&#039;ai \u00e9t\u00e9 directrice commerciale de Decommedia une structure originale qui d\u00e9veloppe des actions de sensibilisations et de formation par le th\u00e9\u00e2tre, entrepreneuse avec Fixioneers puis Head of Share Design au sein du collectif de designers les Sismo !  Je travaille aujourd\u2019hui \u00e0 fa\u00e7onner les conditions pour permettre l&#039;\u00e9mergence de l&#039;innovation, l&#039;\u00e9closion et le d\u00e9veloppement de projets entrepreneuriaux, collaboratifs, cr\u00e9atifs et \u00e9panouissants pour tisser des liens durables entre des univers qui ont tant \u00e0 partager !   Son super pouvoir : Donner des super pouvoirs !  Son petit mot : Bravo, osez, continuez !    Lieu : Sist&#039;Her Paris, 82 rue du Faubourg Saint-Martin   Attention ! \u00a0Veuillez vous pr\u00e9senter \u00e0 l&#039;heure pour que l&#039;activit\u00e9 puisse commencer \u00e0 temps. Si vous avez du retard veuillez pr\u00e9venir l&#039;intervenant.e. Si vous avez plus de 15 min de retard l&#039;intervenant.e se r\u00e9serve le droit de ne plus vous accepter pour le coaching ou l&#039;atelier.\u00a0  Ce projet est co-financ\u00e9 par le Fonds Social Europ\u00e9en.  \u00a0\u00a0\u00a0\" \/>\n<meta property=\"og:url\" content=\"https:\/\/empow-her.com\/es\/produit\/atelier-comprendre-sa-cible-ses-personas-les-besoins-clients\/\" \/>\n<meta property=\"og:site_name\" content=\"Empow&#039;Her\" \/>\n<meta property=\"article:modified_time\" content=\"2022-09-01T08:15:23+00:00\" \/>\n<meta property=\"og:image\" content=\"https:\/\/empow-her.com\/wp-content\/uploads\/2022\/09\/Women-Dare-templates-events-2022-09-01T101442.382.png\" \/>\n\t<meta property=\"og:image:width\" content=\"1080\" \/>\n\t<meta property=\"og:image:height\" content=\"1080\" \/>\n\t<meta property=\"og:image:type\" content=\"image\/png\" \/>\n<meta name=\"twitter:card\" content=\"summary_large_image\" \/>\n<script type=\"application\/ld+json\" class=\"yoast-schema-graph\">{\"@context\":\"https:\/\/schema.org\",\"@graph\":[{\"@type\":\"WebPage\",\"@id\":\"https:\/\/empow-her.com\/es\/produit\/atelier-comprendre-sa-cible-ses-personas-les-besoins-clients\/\",\"url\":\"https:\/\/empow-her.com\/es\/produit\/atelier-comprendre-sa-cible-ses-personas-les-besoins-clients\/\",\"name\":\"Atelier - Comprendre sa cible, ses personas & les besoins clients - Empow&#039;Her\",\"isPartOf\":{\"@id\":\"https:\/\/empow-her.com\/#website\"},\"primaryImageOfPage\":{\"@id\":\"https:\/\/empow-her.com\/es\/produit\/atelier-comprendre-sa-cible-ses-personas-les-besoins-clients\/#primaryimage\"},\"image\":{\"@id\":\"https:\/\/empow-her.com\/es\/produit\/atelier-comprendre-sa-cible-ses-personas-les-besoins-clients\/#primaryimage\"},\"thumbnailUrl\":\"https:\/\/empow-her.com\/wp-content\/uploads\/2022\/09\/Women-Dare-templates-events-2022-09-01T101442.382.png\",\"datePublished\":\"2022-09-01T08:12:26+00:00\",\"dateModified\":\"2022-09-01T08:15:23+00:00\",\"breadcrumb\":{\"@id\":\"https:\/\/empow-her.com\/es\/produit\/atelier-comprendre-sa-cible-ses-personas-les-besoins-clients\/#breadcrumb\"},\"inLanguage\":\"es\",\"potentialAction\":[{\"@type\":\"ReadAction\",\"target\":[\"https:\/\/empow-her.com\/es\/produit\/atelier-comprendre-sa-cible-ses-personas-les-besoins-clients\/\"]}]},{\"@type\":\"ImageObject\",\"inLanguage\":\"es\",\"@id\":\"https:\/\/empow-her.com\/es\/produit\/atelier-comprendre-sa-cible-ses-personas-les-besoins-clients\/#primaryimage\",\"url\":\"https:\/\/empow-her.com\/wp-content\/uploads\/2022\/09\/Women-Dare-templates-events-2022-09-01T101442.382.png\",\"contentUrl\":\"https:\/\/empow-her.com\/wp-content\/uploads\/2022\/09\/Women-Dare-templates-events-2022-09-01T101442.382.png\",\"width\":1080,\"height\":1080},{\"@type\":\"BreadcrumbList\",\"@id\":\"https:\/\/empow-her.com\/es\/produit\/atelier-comprendre-sa-cible-ses-personas-les-besoins-clients\/#breadcrumb\",\"itemListElement\":[{\"@type\":\"ListItem\",\"position\":1,\"name\":\"Accueil\",\"item\":\"https:\/\/empow-her.com\/es\/inicio\/\"},{\"@type\":\"ListItem\",\"position\":2,\"name\":\"LA BOUTIQUE\",\"item\":\"https:\/\/empow-her.com\/boutique\/\"},{\"@type\":\"ListItem\",\"position\":3,\"name\":\"Atelier &#8211; Comprendre sa cible, ses personas &#038; les besoins clients\"}]},{\"@type\":\"WebSite\",\"@id\":\"https:\/\/empow-her.com\/#website\",\"url\":\"https:\/\/empow-her.com\/\",\"name\":\"Empow&#039;Her\",\"description\":\"Women Development\",\"potentialAction\":[{\"@type\":\"SearchAction\",\"target\":{\"@type\":\"EntryPoint\",\"urlTemplate\":\"https:\/\/empow-her.com\/?s={search_term_string}\"},\"query-input\":{\"@type\":\"PropertyValueSpecification\",\"valueRequired\":true,\"valueName\":\"search_term_string\"}}],\"inLanguage\":\"es\"}]}<\/script>\n<!-- \/ Yoast SEO plugin. -->","yoast_head_json":{"title":"Atelier - Comprendre sa cible, ses personas & les besoins clients - Empow&#039;Her","robots":{"index":"index","follow":"follow","max-snippet":"max-snippet:-1","max-image-preview":"max-image-preview:large","max-video-preview":"max-video-preview:-1"},"canonical":"https:\/\/empow-her.com\/es\/produit\/atelier-comprendre-sa-cible-ses-personas-les-besoins-clients\/","og_locale":"es_ES","og_type":"article","og_title":"Atelier - Comprendre sa cible, ses personas & les besoins clients - Empow&#039;Her","og_description":"Description : Cet atelier est l\u00e0 pour vous aider \u00e0 vous d\u00e9centrer et \u00e0 regarder votre projet autrement. Ensemble nous allons adopter une d\u00e9marche de \"design thinking\" et se mettre dans la peau de nos usagers et usag\u00e8res. En explorant les besoin de votre public, il s'agira de mieux comprendre le parcours d'utilisation de votre projet et de l'am\u00e9liorer encore et encore !  Pr\u00e9-requis : Aucun  Intervenant.e : Marialya Bestougeff     Directrice de l'innovation du CENTQUATRE-PARIS, un lieu unique que je vous invite \u00e0 d\u00e9couvrir. Je pilote 104factory, l'incubateur des startups culturelles et cr\u00e9atives (http:\/\/www.104factory.fr\/). Passionn\u00e9e par la culture et l'innovation, je suis dipl\u00f4m\u00e9e de l\u2019EDHEC et d\u2019un master en communication de l\u2019Universit\u00e9 Ib\u00e9roamericana de Mexico, j\u2019ai \u00e9galement suivi un cycle long de formations sur l\u2019entrepreunariat culturel en Europe et me suis tr\u00e8s fortement impliqu\u00e9e dans l'association Mus\u00e9omix https:\/\/www.museomix.org\/.  Apr\u00e8s plusieurs ann\u00e9es d\u2019exp\u00e9riences professionnelles en tant que chef de projet dans des m\u00e9tiers et des contextes tr\u00e8s diff\u00e9rents (qualit\u00e9, informatique et conseil), j'ai \u00e9t\u00e9 directrice commerciale de Decommedia une structure originale qui d\u00e9veloppe des actions de sensibilisations et de formation par le th\u00e9\u00e2tre, entrepreneuse avec Fixioneers puis Head of Share Design au sein du collectif de designers les Sismo !  Je travaille aujourd\u2019hui \u00e0 fa\u00e7onner les conditions pour permettre l'\u00e9mergence de l'innovation, l'\u00e9closion et le d\u00e9veloppement de projets entrepreneuriaux, collaboratifs, cr\u00e9atifs et \u00e9panouissants pour tisser des liens durables entre des univers qui ont tant \u00e0 partager !   Son super pouvoir : Donner des super pouvoirs !  Son petit mot : Bravo, osez, continuez !    Lieu : Sist'Her Paris, 82 rue du Faubourg Saint-Martin   Attention ! \u00a0Veuillez vous pr\u00e9senter \u00e0 l'heure pour que l'activit\u00e9 puisse commencer \u00e0 temps. Si vous avez du retard veuillez pr\u00e9venir l'intervenant.e. Si vous avez plus de 15 min de retard l'intervenant.e se r\u00e9serve le droit de ne plus vous accepter pour le coaching ou l'atelier.\u00a0  Ce projet est co-financ\u00e9 par le Fonds Social Europ\u00e9en.  \u00a0\u00a0\u00a0","og_url":"https:\/\/empow-her.com\/es\/produit\/atelier-comprendre-sa-cible-ses-personas-les-besoins-clients\/","og_site_name":"Empow&#039;Her","article_modified_time":"2022-09-01T08:15:23+00:00","og_image":[{"width":1080,"height":1080,"url":"https:\/\/empow-her.com\/wp-content\/uploads\/2022\/09\/Women-Dare-templates-events-2022-09-01T101442.382.png","type":"image\/png"}],"twitter_card":"summary_large_image","schema":{"@context":"https:\/\/schema.org","@graph":[{"@type":"WebPage","@id":"https:\/\/empow-her.com\/es\/produit\/atelier-comprendre-sa-cible-ses-personas-les-besoins-clients\/","url":"https:\/\/empow-her.com\/es\/produit\/atelier-comprendre-sa-cible-ses-personas-les-besoins-clients\/","name":"Atelier - Comprendre sa cible, ses personas & les besoins clients - Empow&#039;Her","isPartOf":{"@id":"https:\/\/empow-her.com\/#website"},"primaryImageOfPage":{"@id":"https:\/\/empow-her.com\/es\/produit\/atelier-comprendre-sa-cible-ses-personas-les-besoins-clients\/#primaryimage"},"image":{"@id":"https:\/\/empow-her.com\/es\/produit\/atelier-comprendre-sa-cible-ses-personas-les-besoins-clients\/#primaryimage"},"thumbnailUrl":"https:\/\/empow-her.com\/wp-content\/uploads\/2022\/09\/Women-Dare-templates-events-2022-09-01T101442.382.png","datePublished":"2022-09-01T08:12:26+00:00","dateModified":"2022-09-01T08:15:23+00:00","breadcrumb":{"@id":"https:\/\/empow-her.com\/es\/produit\/atelier-comprendre-sa-cible-ses-personas-les-besoins-clients\/#breadcrumb"},"inLanguage":"es","potentialAction":[{"@type":"ReadAction","target":["https:\/\/empow-her.com\/es\/produit\/atelier-comprendre-sa-cible-ses-personas-les-besoins-clients\/"]}]},{"@type":"ImageObject","inLanguage":"es","@id":"https:\/\/empow-her.com\/es\/produit\/atelier-comprendre-sa-cible-ses-personas-les-besoins-clients\/#primaryimage","url":"https:\/\/empow-her.com\/wp-content\/uploads\/2022\/09\/Women-Dare-templates-events-2022-09-01T101442.382.png","contentUrl":"https:\/\/empow-her.com\/wp-content\/uploads\/2022\/09\/Women-Dare-templates-events-2022-09-01T101442.382.png","width":1080,"height":1080},{"@type":"BreadcrumbList","@id":"https:\/\/empow-her.com\/es\/produit\/atelier-comprendre-sa-cible-ses-personas-les-besoins-clients\/#breadcrumb","itemListElement":[{"@type":"ListItem","position":1,"name":"Accueil","item":"https:\/\/empow-her.com\/es\/inicio\/"},{"@type":"ListItem","position":2,"name":"LA BOUTIQUE","item":"https:\/\/empow-her.com\/boutique\/"},{"@type":"ListItem","position":3,"name":"Atelier &#8211; Comprendre sa cible, ses personas &#038; les besoins clients"}]},{"@type":"WebSite","@id":"https:\/\/empow-her.com\/#website","url":"https:\/\/empow-her.com\/","name":"Empow&#039;Her","description":"Women Development","potentialAction":[{"@type":"SearchAction","target":{"@type":"EntryPoint","urlTemplate":"https:\/\/empow-her.com\/?s={search_term_string}"},"query-input":{"@type":"PropertyValueSpecification","valueRequired":true,"valueName":"search_term_string"}}],"inLanguage":"es"}]}},"_links":{"self":[{"href":"https:\/\/empow-her.com\/es\/wp-json\/wp\/v2\/product\/121957","targetHints":{"allow":["GET"]}}],"collection":[{"href":"https:\/\/empow-her.com\/es\/wp-json\/wp\/v2\/product"}],"about":[{"href":"https:\/\/empow-her.com\/es\/wp-json\/wp\/v2\/types\/product"}],"wp:featuredmedia":[{"embeddable":true,"href":"https:\/\/empow-her.com\/es\/wp-json\/wp\/v2\/media\/121958"}],"wp:attachment":[{"href":"https:\/\/empow-her.com\/es\/wp-json\/wp\/v2\/media?parent=121957"}],"wp:term":[{"taxonomy":"product_brand","embeddable":true,"href":"https:\/\/empow-her.com\/es\/wp-json\/wp\/v2\/product_brand?post=121957"},{"taxonomy":"product_cat","embeddable":true,"href":"https:\/\/empow-her.com\/es\/wp-json\/wp\/v2\/product_cat?post=121957"},{"taxonomy":"product_tag","embeddable":true,"href":"https:\/\/empow-her.com\/es\/wp-json\/wp\/v2\/product_tag?post=121957"},{"taxonomy":"lieu","embeddable":true,"href":"https:\/\/empow-her.com\/es\/wp-json\/wp\/v2\/lieu?post=121957"},{"taxonomy":"thematiques","embeddable":true,"href":"https:\/\/empow-her.com\/es\/wp-json\/wp\/v2\/thematiques?post=121957"}],"curies":[{"name":"wp","href":"https:\/\/api.w.org\/{rel}","templated":true}]}}