{"id":121865,"date":"2022-08-30T11:35:43","date_gmt":"2022-08-30T09:35:43","guid":{"rendered":"https:\/\/empow-her.com\/?post_type=product&#038;p=121865"},"modified":"2022-08-30T11:37:09","modified_gmt":"2022-08-30T09:37:09","slug":"coaching-sinitier-a-la-prospection-commerciale-4","status":"publish","type":"product","link":"https:\/\/empow-her.com\/es\/produit\/coaching-sinitier-a-la-prospection-commerciale-4\/","title":{"rendered":"Coaching &#8211; S\u2019initier \u00e0 la prospection commerciale"},"content":{"rendered":"","protected":false},"excerpt":{"rendered":"<p><strong>Description :<\/strong> <span data-sheets-value=\"{&quot;1&quot;:2,&quot;2&quot;:&quot;Un coaching individuel avec un.e expert.e du business development pour aller \u00e0 la conqu\u00eate de votre march\u00e9 et travailler sur votre strat\u00e9gie et votre prospection commerciale !nnLors de cet individuel, vous pourrez choisir d'aborder l'un ou plusieurs des axes suivants : n- Cartographier votre \u00e9cosyst\u00e8me pour en identifier les parties prenantes n- D\u00e9finir vos cibles prioritaires et diff\u00e9rencier vos segments de clientsn- Valider votre argumentaire commercial ; n- Valider votre d\u00e9marche de fixation des prix ou la pr\u00e9sentation de vos offres ; n- D\u00e9finir vos prochaines actions pour aller \u00e0 la rencontre de vos premiers clients, et commencer le d\u00e9marchage avec les bons outils de prospection...&quot;}\" data-sheets-userformat=\"{&quot;2&quot;:5057,&quot;3&quot;:{&quot;1&quot;:0},&quot;9&quot;:0,&quot;10&quot;:1,&quot;11&quot;:4,&quot;12&quot;:0,&quot;15&quot;:&quot;Proxima Nova&quot;}\">Un coaching individuel avec un.e expert.e du business development pour aller \u00e0 la conqu\u00eate de votre march\u00e9 et travailler sur votre strat\u00e9gie et votre prospection commerciale !<\/span><\/p>\n<p>Lors de ce rendez vous individuel, vous pourrez choisir d&#8217;aborder l&#8217;un ou plusieurs des axes suivants :<br \/>\n&#8211; Cartographier votre \u00e9cosyst\u00e8me pour en identifier les parties prenantes<br \/>\n&#8211; D\u00e9finir vos cibles prioritaires et diff\u00e9rencier vos segments de clients<br \/>\n&#8211; Valider votre argumentaire commercial ;<br \/>\n&#8211; Valider votre d\u00e9marche de fixation des prix ou la pr\u00e9sentation de vos offres ;<br \/>\n&#8211; D\u00e9finir vos prochaines actions pour aller \u00e0 la rencontre de vos premiers clients, et commencer le d\u00e9marchage avec les bons outils de prospection&#8230;<\/p>\n<p><strong>Pr\u00e9-requis :<\/strong> Vous souhaitez vous inscrire \u00e0 ce coaching ? Une fois que vous avez re\u00e7u l\u2019invitation Google Calendrier pour le coaching que vous avez r\u00e9serv\u00e9 : envoyez un mail \u00e0 l\u2019expert.e qui est dans l\u2019invitation avec vous en joignant tous les documents qui lui seraient utiles pour pr\u00e9parer au mieux cette heure.<\/p>\n<p><strong>Intervenant.e : Caroline Lawkam\u00a0<\/strong>de Finetic<br \/>\nResponsable de d\u00e9veloppement commercial dans un groupe tech du secteur du paiement, j&#8217;accompagne en parall\u00e8le les entrepreneurs de la Ruche depuis plus d&#8217;un an sur les th\u00e8mes suivants :<br \/>\n&#8211; la segmentation des clients (quel est le profil type de mes prospects?)<br \/>\n&#8211; la prospection commerciale (comment se pr\u00e9senter? quelle proposition de valeur mettre en avant sur son produit ou son service? quels objectifs de prospection se fixer?)<br \/>\n&#8211; la posture de d\u00e9marchage (comment identifier les besoins du prospect pour \u00e9tablir une relation commerciale?)<br \/>\n&#8211; les outils de suivi (quand et comment relancer un prospect?)<br \/>\nSi ces sujets vous parlent, je serai ravie d&#8217;\u00e9changer avec vous pour vous aider dans votre projet !<\/p>\n<p><strong>Son super pouvoir :<\/strong> Transformer les ambitions en actions<\/p>\n<p><strong>Son petit mot :<\/strong> Oser ! Votre projet est port\u00e9 par votre \u00e9nergie, vos convictions et votre passion. Vous \u00eates parfaitement \u00e0 votre place pour vous lancer !<\/p>\n<p>&nbsp;<\/p>\n<p>Session de coaching<strong> en ligne dur\u00e9e 1h\u00a0<\/strong><\/p>\n<p><b>Attention ! <\/b>\u00a0Veuillez vous pr\u00e9senter \u00e0 l&#8217;heure pour que l&#8217;activit\u00e9 puisse commencer \u00e0 temps. Si vous avez du retard veuillez pr\u00e9venir l&#8217;intervenant.e. Si vous avez plus de 15 min de retard l&#8217;intervenant.e se r\u00e9serve le droit de ne pas vous accepter pour le coaching ou l&#8217;atelier.<\/p>\n<p>&nbsp;<\/p>\n<p>Ce projet est co-financ\u00e9 par le Fonds Social Europ\u00e9en.<\/p>\n<p><img decoding=\"async\" class=\"alignnone size-medium wp-image-15794\" src=\"https:\/\/empow-her.com\/wp-content\/uploads\/2021\/07\/fse-logos-1-300x54.png\" alt=\"\" width=\"300\" height=\"54\" srcset=\"https:\/\/empow-her.com\/wp-content\/uploads\/2021\/07\/fse-logos-1-300x54.png 300w, https:\/\/empow-her.com\/wp-content\/uploads\/2021\/07\/fse-logos-1-600x108.png 600w, https:\/\/empow-her.com\/wp-content\/uploads\/2021\/07\/fse-logos-1-1024x184.png 1024w, https:\/\/empow-her.com\/wp-content\/uploads\/2021\/07\/fse-logos-1-768x138.png 768w, https:\/\/empow-her.com\/wp-content\/uploads\/2021\/07\/fse-logos-1-1536x275.png 1536w, https:\/\/empow-her.com\/wp-content\/uploads\/2021\/07\/fse-logos-1-2048x367.png 2048w, https:\/\/empow-her.com\/wp-content\/uploads\/2021\/07\/fse-logos-1-24x4.png 24w, https:\/\/empow-her.com\/wp-content\/uploads\/2021\/07\/fse-logos-1-36x6.png 36w, https:\/\/empow-her.com\/wp-content\/uploads\/2021\/07\/fse-logos-1-48x9.png 48w\" sizes=\"(max-width: 300px) 100vw, 300px\" \/><\/p>\n","protected":false},"featured_media":121866,"template":"","format":"standard","meta":{"_acf_changed":false,"om_disable_all_campaigns":false,"_uf_show_specific_survey":0,"_uf_disable_surveys":false},"product_brand":[],"product_cat":[121],"product_tag":[],"lieu":[125],"thematiques":[],"class_list":{"0":"post-121865","1":"product","2":"type-product","3":"status-publish","4":"format-standard","5":"has-post-thumbnail","7":"product_cat-coaching","8":"lieu-en-ligne","10":"first","11":"instock","12":"virtual","13":"purchasable","14":"product-type-appointment"},"exclude_global_add_ons":[],"addons":[],"acf":[],"yoast_head":"<!-- This site is optimized with the Yoast SEO plugin v24.8 - https:\/\/yoast.com\/wordpress\/plugins\/seo\/ -->\n<title>Coaching - S\u2019initier \u00e0 la prospection commerciale - Empow&#039;Her<\/title>\n<meta name=\"robots\" content=\"index, follow, max-snippet:-1, max-image-preview:large, max-video-preview:-1\" \/>\n<link rel=\"canonical\" href=\"https:\/\/empow-her.com\/es\/produit\/coaching-sinitier-a-la-prospection-commerciale-4\/\" \/>\n<meta property=\"og:locale\" content=\"es_ES\" \/>\n<meta property=\"og:type\" content=\"article\" \/>\n<meta property=\"og:title\" content=\"Coaching - S\u2019initier \u00e0 la prospection commerciale - Empow&#039;Her\" \/>\n<meta property=\"og:description\" content=\"Description : Un coaching individuel avec un.e expert.e du business development pour aller \u00e0 la conqu\u00eate de votre march\u00e9 et travailler sur votre strat\u00e9gie et votre prospection commerciale !  Lors de ce rendez vous individuel, vous pourrez choisir d&#039;aborder l&#039;un ou plusieurs des axes suivants : - Cartographier votre \u00e9cosyst\u00e8me pour en identifier les parties prenantes - D\u00e9finir vos cibles prioritaires et diff\u00e9rencier vos segments de clients - Valider votre argumentaire commercial ; - Valider votre d\u00e9marche de fixation des prix ou la pr\u00e9sentation de vos offres ; - D\u00e9finir vos prochaines actions pour aller \u00e0 la rencontre de vos premiers clients, et commencer le d\u00e9marchage avec les bons outils de prospection...  Pr\u00e9-requis : Vous souhaitez vous inscrire \u00e0 ce coaching ? Une fois que vous avez re\u00e7u l\u2019invitation Google Calendrier pour le coaching que vous avez r\u00e9serv\u00e9 : envoyez un mail \u00e0 l\u2019expert.e qui est dans l\u2019invitation avec vous en joignant tous les documents qui lui seraient utiles pour pr\u00e9parer au mieux cette heure.  Intervenant.e : Caroline Lawkam\u00a0de Finetic Responsable de d\u00e9veloppement commercial dans un groupe tech du secteur du paiement, j&#039;accompagne en parall\u00e8le les entrepreneurs de la Ruche depuis plus d&#039;un an sur les th\u00e8mes suivants : - la segmentation des clients (quel est le profil type de mes prospects?) - la prospection commerciale (comment se pr\u00e9senter? quelle proposition de valeur mettre en avant sur son produit ou son service? quels objectifs de prospection se fixer?) - la posture de d\u00e9marchage (comment identifier les besoins du prospect pour \u00e9tablir une relation commerciale?) - les outils de suivi (quand et comment relancer un prospect?) Si ces sujets vous parlent, je serai ravie d&#039;\u00e9changer avec vous pour vous aider dans votre projet !  Son super pouvoir : Transformer les ambitions en actions  Son petit mot : Oser ! Votre projet est port\u00e9 par votre \u00e9nergie, vos convictions et votre passion. Vous \u00eates parfaitement \u00e0 votre place pour vous lancer !  &nbsp;  Session de coaching en ligne dur\u00e9e 1h\u00a0  Attention ! \u00a0Veuillez vous pr\u00e9senter \u00e0 l&#039;heure pour que l&#039;activit\u00e9 puisse commencer \u00e0 temps. Si vous avez du retard veuillez pr\u00e9venir l&#039;intervenant.e. Si vous avez plus de 15 min de retard l&#039;intervenant.e se r\u00e9serve le droit de ne pas vous accepter pour le coaching ou l&#039;atelier.  &nbsp;  Ce projet est co-financ\u00e9 par le Fonds Social Europ\u00e9en.\" \/>\n<meta property=\"og:url\" content=\"https:\/\/empow-her.com\/es\/produit\/coaching-sinitier-a-la-prospection-commerciale-4\/\" \/>\n<meta property=\"og:site_name\" content=\"Empow&#039;Her\" \/>\n<meta property=\"article:modified_time\" content=\"2022-08-30T09:37:09+00:00\" \/>\n<meta property=\"og:image\" content=\"https:\/\/empow-her.com\/wp-content\/uploads\/2022\/08\/Women-Dare-templates-events-2022-08-30T113507.721.png\" \/>\n\t<meta property=\"og:image:width\" content=\"1080\" \/>\n\t<meta property=\"og:image:height\" content=\"1080\" \/>\n\t<meta property=\"og:image:type\" content=\"image\/png\" \/>\n<meta name=\"twitter:card\" content=\"summary_large_image\" \/>\n<script type=\"application\/ld+json\" class=\"yoast-schema-graph\">{\"@context\":\"https:\/\/schema.org\",\"@graph\":[{\"@type\":\"WebPage\",\"@id\":\"https:\/\/empow-her.com\/es\/produit\/coaching-sinitier-a-la-prospection-commerciale-4\/\",\"url\":\"https:\/\/empow-her.com\/es\/produit\/coaching-sinitier-a-la-prospection-commerciale-4\/\",\"name\":\"Coaching - S\u2019initier \u00e0 la prospection commerciale - Empow&#039;Her\",\"isPartOf\":{\"@id\":\"https:\/\/empow-her.com\/#website\"},\"primaryImageOfPage\":{\"@id\":\"https:\/\/empow-her.com\/es\/produit\/coaching-sinitier-a-la-prospection-commerciale-4\/#primaryimage\"},\"image\":{\"@id\":\"https:\/\/empow-her.com\/es\/produit\/coaching-sinitier-a-la-prospection-commerciale-4\/#primaryimage\"},\"thumbnailUrl\":\"https:\/\/empow-her.com\/wp-content\/uploads\/2022\/08\/Women-Dare-templates-events-2022-08-30T113507.721.png\",\"datePublished\":\"2022-08-30T09:35:43+00:00\",\"dateModified\":\"2022-08-30T09:37:09+00:00\",\"breadcrumb\":{\"@id\":\"https:\/\/empow-her.com\/es\/produit\/coaching-sinitier-a-la-prospection-commerciale-4\/#breadcrumb\"},\"inLanguage\":\"es\",\"potentialAction\":[{\"@type\":\"ReadAction\",\"target\":[\"https:\/\/empow-her.com\/es\/produit\/coaching-sinitier-a-la-prospection-commerciale-4\/\"]}]},{\"@type\":\"ImageObject\",\"inLanguage\":\"es\",\"@id\":\"https:\/\/empow-her.com\/es\/produit\/coaching-sinitier-a-la-prospection-commerciale-4\/#primaryimage\",\"url\":\"https:\/\/empow-her.com\/wp-content\/uploads\/2022\/08\/Women-Dare-templates-events-2022-08-30T113507.721.png\",\"contentUrl\":\"https:\/\/empow-her.com\/wp-content\/uploads\/2022\/08\/Women-Dare-templates-events-2022-08-30T113507.721.png\",\"width\":1080,\"height\":1080},{\"@type\":\"BreadcrumbList\",\"@id\":\"https:\/\/empow-her.com\/es\/produit\/coaching-sinitier-a-la-prospection-commerciale-4\/#breadcrumb\",\"itemListElement\":[{\"@type\":\"ListItem\",\"position\":1,\"name\":\"Accueil\",\"item\":\"https:\/\/empow-her.com\/es\/inicio\/\"},{\"@type\":\"ListItem\",\"position\":2,\"name\":\"LA BOUTIQUE\",\"item\":\"https:\/\/empow-her.com\/boutique\/\"},{\"@type\":\"ListItem\",\"position\":3,\"name\":\"Coaching &#8211; S\u2019initier \u00e0 la prospection commerciale\"}]},{\"@type\":\"WebSite\",\"@id\":\"https:\/\/empow-her.com\/#website\",\"url\":\"https:\/\/empow-her.com\/\",\"name\":\"Empow&#039;Her\",\"description\":\"Women Development\",\"potentialAction\":[{\"@type\":\"SearchAction\",\"target\":{\"@type\":\"EntryPoint\",\"urlTemplate\":\"https:\/\/empow-her.com\/?s={search_term_string}\"},\"query-input\":{\"@type\":\"PropertyValueSpecification\",\"valueRequired\":true,\"valueName\":\"search_term_string\"}}],\"inLanguage\":\"es\"}]}<\/script>\n<!-- \/ Yoast SEO plugin. -->","yoast_head_json":{"title":"Coaching - S\u2019initier \u00e0 la prospection commerciale - Empow&#039;Her","robots":{"index":"index","follow":"follow","max-snippet":"max-snippet:-1","max-image-preview":"max-image-preview:large","max-video-preview":"max-video-preview:-1"},"canonical":"https:\/\/empow-her.com\/es\/produit\/coaching-sinitier-a-la-prospection-commerciale-4\/","og_locale":"es_ES","og_type":"article","og_title":"Coaching - S\u2019initier \u00e0 la prospection commerciale - Empow&#039;Her","og_description":"Description : Un coaching individuel avec un.e expert.e du business development pour aller \u00e0 la conqu\u00eate de votre march\u00e9 et travailler sur votre strat\u00e9gie et votre prospection commerciale !  Lors de ce rendez vous individuel, vous pourrez choisir d'aborder l'un ou plusieurs des axes suivants : - Cartographier votre \u00e9cosyst\u00e8me pour en identifier les parties prenantes - D\u00e9finir vos cibles prioritaires et diff\u00e9rencier vos segments de clients - Valider votre argumentaire commercial ; - Valider votre d\u00e9marche de fixation des prix ou la pr\u00e9sentation de vos offres ; - D\u00e9finir vos prochaines actions pour aller \u00e0 la rencontre de vos premiers clients, et commencer le d\u00e9marchage avec les bons outils de prospection...  Pr\u00e9-requis : Vous souhaitez vous inscrire \u00e0 ce coaching ? Une fois que vous avez re\u00e7u l\u2019invitation Google Calendrier pour le coaching que vous avez r\u00e9serv\u00e9 : envoyez un mail \u00e0 l\u2019expert.e qui est dans l\u2019invitation avec vous en joignant tous les documents qui lui seraient utiles pour pr\u00e9parer au mieux cette heure.  Intervenant.e : Caroline Lawkam\u00a0de Finetic Responsable de d\u00e9veloppement commercial dans un groupe tech du secteur du paiement, j'accompagne en parall\u00e8le les entrepreneurs de la Ruche depuis plus d'un an sur les th\u00e8mes suivants : - la segmentation des clients (quel est le profil type de mes prospects?) - la prospection commerciale (comment se pr\u00e9senter? quelle proposition de valeur mettre en avant sur son produit ou son service? quels objectifs de prospection se fixer?) - la posture de d\u00e9marchage (comment identifier les besoins du prospect pour \u00e9tablir une relation commerciale?) - les outils de suivi (quand et comment relancer un prospect?) Si ces sujets vous parlent, je serai ravie d'\u00e9changer avec vous pour vous aider dans votre projet !  Son super pouvoir : Transformer les ambitions en actions  Son petit mot : Oser ! Votre projet est port\u00e9 par votre \u00e9nergie, vos convictions et votre passion. Vous \u00eates parfaitement \u00e0 votre place pour vous lancer !  &nbsp;  Session de coaching en ligne dur\u00e9e 1h\u00a0  Attention ! \u00a0Veuillez vous pr\u00e9senter \u00e0 l'heure pour que l'activit\u00e9 puisse commencer \u00e0 temps. Si vous avez du retard veuillez pr\u00e9venir l'intervenant.e. Si vous avez plus de 15 min de retard l'intervenant.e se r\u00e9serve le droit de ne pas vous accepter pour le coaching ou l'atelier.  &nbsp;  Ce projet est co-financ\u00e9 par le Fonds Social Europ\u00e9en.","og_url":"https:\/\/empow-her.com\/es\/produit\/coaching-sinitier-a-la-prospection-commerciale-4\/","og_site_name":"Empow&#039;Her","article_modified_time":"2022-08-30T09:37:09+00:00","og_image":[{"width":1080,"height":1080,"url":"https:\/\/empow-her.com\/wp-content\/uploads\/2022\/08\/Women-Dare-templates-events-2022-08-30T113507.721.png","type":"image\/png"}],"twitter_card":"summary_large_image","schema":{"@context":"https:\/\/schema.org","@graph":[{"@type":"WebPage","@id":"https:\/\/empow-her.com\/es\/produit\/coaching-sinitier-a-la-prospection-commerciale-4\/","url":"https:\/\/empow-her.com\/es\/produit\/coaching-sinitier-a-la-prospection-commerciale-4\/","name":"Coaching - S\u2019initier \u00e0 la prospection commerciale - Empow&#039;Her","isPartOf":{"@id":"https:\/\/empow-her.com\/#website"},"primaryImageOfPage":{"@id":"https:\/\/empow-her.com\/es\/produit\/coaching-sinitier-a-la-prospection-commerciale-4\/#primaryimage"},"image":{"@id":"https:\/\/empow-her.com\/es\/produit\/coaching-sinitier-a-la-prospection-commerciale-4\/#primaryimage"},"thumbnailUrl":"https:\/\/empow-her.com\/wp-content\/uploads\/2022\/08\/Women-Dare-templates-events-2022-08-30T113507.721.png","datePublished":"2022-08-30T09:35:43+00:00","dateModified":"2022-08-30T09:37:09+00:00","breadcrumb":{"@id":"https:\/\/empow-her.com\/es\/produit\/coaching-sinitier-a-la-prospection-commerciale-4\/#breadcrumb"},"inLanguage":"es","potentialAction":[{"@type":"ReadAction","target":["https:\/\/empow-her.com\/es\/produit\/coaching-sinitier-a-la-prospection-commerciale-4\/"]}]},{"@type":"ImageObject","inLanguage":"es","@id":"https:\/\/empow-her.com\/es\/produit\/coaching-sinitier-a-la-prospection-commerciale-4\/#primaryimage","url":"https:\/\/empow-her.com\/wp-content\/uploads\/2022\/08\/Women-Dare-templates-events-2022-08-30T113507.721.png","contentUrl":"https:\/\/empow-her.com\/wp-content\/uploads\/2022\/08\/Women-Dare-templates-events-2022-08-30T113507.721.png","width":1080,"height":1080},{"@type":"BreadcrumbList","@id":"https:\/\/empow-her.com\/es\/produit\/coaching-sinitier-a-la-prospection-commerciale-4\/#breadcrumb","itemListElement":[{"@type":"ListItem","position":1,"name":"Accueil","item":"https:\/\/empow-her.com\/es\/inicio\/"},{"@type":"ListItem","position":2,"name":"LA BOUTIQUE","item":"https:\/\/empow-her.com\/boutique\/"},{"@type":"ListItem","position":3,"name":"Coaching &#8211; S\u2019initier \u00e0 la prospection commerciale"}]},{"@type":"WebSite","@id":"https:\/\/empow-her.com\/#website","url":"https:\/\/empow-her.com\/","name":"Empow&#039;Her","description":"Women Development","potentialAction":[{"@type":"SearchAction","target":{"@type":"EntryPoint","urlTemplate":"https:\/\/empow-her.com\/?s={search_term_string}"},"query-input":{"@type":"PropertyValueSpecification","valueRequired":true,"valueName":"search_term_string"}}],"inLanguage":"es"}]}},"_links":{"self":[{"href":"https:\/\/empow-her.com\/es\/wp-json\/wp\/v2\/product\/121865","targetHints":{"allow":["GET"]}}],"collection":[{"href":"https:\/\/empow-her.com\/es\/wp-json\/wp\/v2\/product"}],"about":[{"href":"https:\/\/empow-her.com\/es\/wp-json\/wp\/v2\/types\/product"}],"wp:featuredmedia":[{"embeddable":true,"href":"https:\/\/empow-her.com\/es\/wp-json\/wp\/v2\/media\/121866"}],"wp:attachment":[{"href":"https:\/\/empow-her.com\/es\/wp-json\/wp\/v2\/media?parent=121865"}],"wp:term":[{"taxonomy":"product_brand","embeddable":true,"href":"https:\/\/empow-her.com\/es\/wp-json\/wp\/v2\/product_brand?post=121865"},{"taxonomy":"product_cat","embeddable":true,"href":"https:\/\/empow-her.com\/es\/wp-json\/wp\/v2\/product_cat?post=121865"},{"taxonomy":"product_tag","embeddable":true,"href":"https:\/\/empow-her.com\/es\/wp-json\/wp\/v2\/product_tag?post=121865"},{"taxonomy":"lieu","embeddable":true,"href":"https:\/\/empow-her.com\/es\/wp-json\/wp\/v2\/lieu?post=121865"},{"taxonomy":"thematiques","embeddable":true,"href":"https:\/\/empow-her.com\/es\/wp-json\/wp\/v2\/thematiques?post=121865"}],"curies":[{"name":"wp","href":"https:\/\/api.w.org\/{rel}","templated":true}]}}