{"id":121523,"date":"2022-08-09T17:12:46","date_gmt":"2022-08-09T15:12:46","guid":{"rendered":"https:\/\/empow-her.com\/?post_type=product&#038;p=121523"},"modified":"2022-08-12T16:58:12","modified_gmt":"2022-08-12T14:58:12","slug":"coaching-strategie-digitale-reseaux-sociaux-3","status":"publish","type":"product","link":"https:\/\/empow-her.com\/es\/produit\/coaching-strategie-digitale-reseaux-sociaux-3\/","title":{"rendered":"Coaching &#8211; Strat\u00e9gie digitale &#038; r\u00e9seaux sociaux"},"content":{"rendered":"","protected":false},"excerpt":{"rendered":"<div>\n<p><strong>Description :<\/strong><\/p>\n<p><span data-sheets-value=\"{&quot;1&quot;:2,&quot;2&quot;:&quot;Permanence pour conseiller et faire avancer les actions visants \u00e0 :\\n\u2022 Mettre en place sa strat\u00e9gie de communication digitale\\n\u2022 \\u0007D\u00e9finir une ligne \u00e9ditoriale et calendrier \u00e9ditorial\\n\u2022 Cr\u00e9er et structurer ses contenus en fonction des diff\u00e9rents canaux - Initier et nourrir une relation de qualit\u00e9\\n\u2022 \\u0007UX Writing : concevoir une exp\u00e9rience client qui passe par les mots\\n\u2022 Cr\u00e9er ses visuels et s\u00e9lectionner les codes visuels appropri\u00e9s\\n\u2022 \u00eatre visible et toucher atteindre  son\/ses audience.s \\n\u2022 \\u0007Animer une communaut\u00e9 \\n\u2022 Les relais d\u2019influence\\n\u2022 mettre en place des KPI\\n&quot;}\" data-sheets-userformat=\"{&quot;2&quot;:4993,&quot;3&quot;:{&quot;1&quot;:0},&quot;10&quot;:1,&quot;11&quot;:4,&quot;12&quot;:0,&quot;15&quot;:&quot;Hind&quot;}\">Permanence pour conseiller et faire avancer les actions visant \u00e0 :<br \/>\n\u2022 Mettre en place sa strat\u00e9gie de communication digitale<br \/>\n\u2022 D\u00e9finir une ligne \u00e9ditoriale et calendrier \u00e9ditorial<br \/>\n\u2022 Cr\u00e9er et structurer ses contenus en fonction des diff\u00e9rents canaux &#8211; Initier et nourrir une relation de qualit\u00e9<br \/>\n\u2022 UX Writing : concevoir une exp\u00e9rience client qui passe par les mots<br \/>\n\u2022 Cr\u00e9er ses visuels et s\u00e9lectionner les codes visuels appropri\u00e9s<br \/>\n\u2022 Etre visible et toucher atteindre son\/ses audience.s<br \/>\n\u2022 Animer une communaut\u00e9<br \/>\n\u2022 Les relais d\u2019influence<br \/>\n\u2022 Mettre en place des KPI<br \/>\n<\/span><\/p>\n<p><strong>Pr\u00e9-requis<\/strong> : <span data-sheets-value=\"{&quot;1&quot;:2,&quot;2&quot;:&quot;\\nVous souhaitez vous inscrire \u00e0 cette session ? Merci d'indiquer votre besoin principal en remplissant ce questionnaire avant la session : https:\/\/airtable.com\/shrGo4G6jwgimwCV7\\nou communiquez-le par mail \u00e0 votre r\u00e9f\u00e9rente Empow'Her : nadege.serrero@empow-her.com&quot;}\" data-sheets-userformat=\"{&quot;2&quot;:4993,&quot;3&quot;:{&quot;1&quot;:0},&quot;10&quot;:1,&quot;11&quot;:4,&quot;12&quot;:0,&quot;15&quot;:&quot;Hind&quot;}\">Vous souhaitez vous inscrire \u00e0 cette session ? Merci d&#8217;indiquer votre besoin principal en remplissant ce questionnaire avant la session : https:\/\/airtable.com\/shrGo4G6jwgimwCV7 ou communiquez-le par mail \u00e0 votre r\u00e9f\u00e9rente Empow&#8217;Her : nadege.serrero@empow-her.com<\/span><\/p>\n<\/div>\n<div>\n<p><strong>Intervenant.e<\/strong>\u00a0<strong>: Anne-Sophie Cambay-Carozzi de l&#8217;agence LesLieuxdits<\/strong><\/p>\n<p>Je suis une d\u00e9veloppeuse! J&#8217;ai travaill\u00e9 durant plus de 20 ans au d\u00e9veloppement de march\u00e9s en France et \u00e0 l&#8217;international en trouvant les points de diff\u00e9renciations des produits ou services dont j&#8217;avais la responsabilit\u00e9 et en identifiant les cibles pour lesquelles ces points de diff\u00e9rentiations repr\u00e9sentent une valeur.<br \/>\nJ&#8217;accompagne depuis 6 ans les entrepreneurs et les dirigeants dans leur strat\u00e9gie de d\u00e9veloppement &#8211; plus particuli\u00e8rement \u00e0 partir de la marque et de son expression.<br \/>\n#marque<br \/>\n#marketing<br \/>\n#segmentation<br \/>\n#expressiondelavaleur<\/p>\n<p><span data-sheets-value=\"{&quot;1&quot;:2,&quot;2&quot;:&quot;Description : \\n\\nPr\u00e9-requis : \\n\\nIntervenant.e : \\n\\nSon super pouvoir : \\n\\nSon petit mot : &quot;}\" data-sheets-userformat=\"{&quot;2&quot;:641,&quot;3&quot;:{&quot;1&quot;:0},&quot;10&quot;:1,&quot;12&quot;:0}\"><strong>Son super pouvoir :<\/strong> Simplifier le complexe. Accompagner le changement. Rationnelle tout en restant intuitive.<\/span><\/p>\n<p><strong>Son petit mot :<\/strong> Never give up &#8211; you owe it to yourself!<\/p>\n<p><strong>Dur\u00e9e<\/strong> : 1h en ligne<\/p>\n<p>&nbsp;<\/p>\n<p><span data-sheets-value=\"{&quot;1&quot;:2,&quot;2&quot;:&quot;Attention ! \u00a0Veuillez vous pr\u00e9sentez \u00e0 l'heure pour que l'activit\u00e9 puisse commencer \u00e0 temps. Si vous avez du retard veuillez pr\u00e9venir l'intervenant.e. Si vous avez plus de 15 min de retard l'intervenant.e se r\u00e9serve le droit de plus vous accepter pour le coaching ou l'atelier.\u00a0&quot;}\" data-sheets-userformat=\"{&quot;2&quot;:641,&quot;3&quot;:{&quot;1&quot;:0},&quot;10&quot;:1,&quot;12&quot;:0}\"><strong>Attention !<\/strong> \u00a0Veuillez vous pr\u00e9senter \u00e0 l\u2019heure pour que l\u2019activit\u00e9 puisse commencer \u00e0 temps. Si vous avez du retard veuillez pr\u00e9venir l\u2019intervenant.e. Si vous avez plus de 15 min de retard l\u2019intervenant.e se r\u00e9serve le droit de pas\u00a0 vous accepter pour le coaching ou l\u2019atelier.\u00a0<\/span><\/p>\n<\/div>\n<p>&nbsp;<\/p>\n<p>Ce projet est co-financ\u00e9 par le Fonds Social Europ\u00e9en.<\/p>\n<p><img decoding=\"async\" class=\"alignnone size-medium wp-image-15794\" src=\"https:\/\/empow-her.com\/wp-content\/uploads\/2021\/07\/fse-logos-1-300x54.png\" alt=\"\" width=\"300\" height=\"54\" srcset=\"https:\/\/empow-her.com\/wp-content\/uploads\/2021\/07\/fse-logos-1-300x54.png 300w, https:\/\/empow-her.com\/wp-content\/uploads\/2021\/07\/fse-logos-1-600x108.png 600w, https:\/\/empow-her.com\/wp-content\/uploads\/2021\/07\/fse-logos-1-1024x184.png 1024w, https:\/\/empow-her.com\/wp-content\/uploads\/2021\/07\/fse-logos-1-768x138.png 768w, https:\/\/empow-her.com\/wp-content\/uploads\/2021\/07\/fse-logos-1-1536x275.png 1536w, https:\/\/empow-her.com\/wp-content\/uploads\/2021\/07\/fse-logos-1-2048x367.png 2048w, https:\/\/empow-her.com\/wp-content\/uploads\/2021\/07\/fse-logos-1-24x4.png 24w, https:\/\/empow-her.com\/wp-content\/uploads\/2021\/07\/fse-logos-1-36x6.png 36w, https:\/\/empow-her.com\/wp-content\/uploads\/2021\/07\/fse-logos-1-48x9.png 48w\" sizes=\"(max-width: 300px) 100vw, 300px\" \/><\/p>\n","protected":false},"featured_media":121524,"template":"","format":"standard","meta":{"_acf_changed":false,"om_disable_all_campaigns":false,"_uf_show_specific_survey":0,"_uf_disable_surveys":false},"product_brand":[],"product_cat":[121],"product_tag":[],"lieu":[125],"thematiques":[],"class_list":{"0":"post-121523","1":"product","2":"type-product","3":"status-publish","4":"format-standard","5":"has-post-thumbnail","7":"product_cat-coaching","8":"lieu-en-ligne","10":"first","11":"instock","12":"virtual","13":"purchasable","14":"product-type-appointment"},"exclude_global_add_ons":[],"addons":[],"acf":[],"yoast_head":"<!-- This site is optimized with the Yoast SEO plugin v24.8 - https:\/\/yoast.com\/wordpress\/plugins\/seo\/ -->\n<title>Coaching - Strat\u00e9gie digitale &amp; r\u00e9seaux sociaux - Empow&#039;Her<\/title>\n<meta name=\"robots\" content=\"index, follow, max-snippet:-1, max-image-preview:large, max-video-preview:-1\" \/>\n<link rel=\"canonical\" href=\"https:\/\/empow-her.com\/es\/produit\/coaching-strategie-digitale-reseaux-sociaux-3\/\" \/>\n<meta property=\"og:locale\" content=\"es_ES\" \/>\n<meta property=\"og:type\" content=\"article\" \/>\n<meta property=\"og:title\" content=\"Coaching - Strat\u00e9gie digitale &amp; r\u00e9seaux sociaux - Empow&#039;Her\" \/>\n<meta property=\"og:description\" content=\"Description :  Permanence pour conseiller et faire avancer les actions visant \u00e0 : \u2022 Mettre en place sa strat\u00e9gie de communication digitale \u2022 D\u00e9finir une ligne \u00e9ditoriale et calendrier \u00e9ditorial \u2022 Cr\u00e9er et structurer ses contenus en fonction des diff\u00e9rents canaux - Initier et nourrir une relation de qualit\u00e9 \u2022 UX Writing : concevoir une exp\u00e9rience client qui passe par les mots \u2022 Cr\u00e9er ses visuels et s\u00e9lectionner les codes visuels appropri\u00e9s \u2022 Etre visible et toucher atteindre son\/ses audience.s \u2022 Animer une communaut\u00e9 \u2022 Les relais d\u2019influence \u2022 Mettre en place des KPI   Pr\u00e9-requis : Vous souhaitez vous inscrire \u00e0 cette session ? Merci d&#039;indiquer votre besoin principal en remplissant ce questionnaire avant la session : https:\/\/airtable.com\/shrGo4G6jwgimwCV7 ou communiquez-le par mail \u00e0 votre r\u00e9f\u00e9rente Empow&#039;Her : nadege.serrero@empow-her.com     Intervenant.e\u00a0: Anne-Sophie Cambay-Carozzi de l&#039;agence LesLieuxdits  Je suis une d\u00e9veloppeuse! J&#039;ai travaill\u00e9 durant plus de 20 ans au d\u00e9veloppement de march\u00e9s en France et \u00e0 l&#039;international en trouvant les points de diff\u00e9renciations des produits ou services dont j&#039;avais la responsabilit\u00e9 et en identifiant les cibles pour lesquelles ces points de diff\u00e9rentiations repr\u00e9sentent une valeur. J&#039;accompagne depuis 6 ans les entrepreneurs et les dirigeants dans leur strat\u00e9gie de d\u00e9veloppement - plus particuli\u00e8rement \u00e0 partir de la marque et de son expression. #marque #marketing #segmentation #expressiondelavaleur  Son super pouvoir : Simplifier le complexe. Accompagner le changement. Rationnelle tout en restant intuitive.  Son petit mot : Never give up - you owe it to yourself!  Dur\u00e9e : 1h en ligne  &nbsp;  Attention ! \u00a0Veuillez vous pr\u00e9senter \u00e0 l\u2019heure pour que l\u2019activit\u00e9 puisse commencer \u00e0 temps. Si vous avez du retard veuillez pr\u00e9venir l\u2019intervenant.e. Si vous avez plus de 15 min de retard l\u2019intervenant.e se r\u00e9serve le droit de pas\u00a0 vous accepter pour le coaching ou l\u2019atelier.\u00a0   &nbsp;  Ce projet est co-financ\u00e9 par le Fonds Social Europ\u00e9en.\" \/>\n<meta property=\"og:url\" content=\"https:\/\/empow-her.com\/es\/produit\/coaching-strategie-digitale-reseaux-sociaux-3\/\" \/>\n<meta property=\"og:site_name\" content=\"Empow&#039;Her\" \/>\n<meta property=\"article:modified_time\" content=\"2022-08-12T14:58:12+00:00\" \/>\n<meta property=\"og:image\" content=\"https:\/\/empow-her.com\/wp-content\/uploads\/2022\/08\/Women-Dare-templates-events-2022-08-09T171232.838.png\" \/>\n\t<meta property=\"og:image:width\" content=\"1080\" \/>\n\t<meta property=\"og:image:height\" content=\"1080\" \/>\n\t<meta property=\"og:image:type\" content=\"image\/png\" \/>\n<meta name=\"twitter:card\" content=\"summary_large_image\" \/>\n<script type=\"application\/ld+json\" class=\"yoast-schema-graph\">{\"@context\":\"https:\/\/schema.org\",\"@graph\":[{\"@type\":\"WebPage\",\"@id\":\"https:\/\/empow-her.com\/es\/produit\/coaching-strategie-digitale-reseaux-sociaux-3\/\",\"url\":\"https:\/\/empow-her.com\/es\/produit\/coaching-strategie-digitale-reseaux-sociaux-3\/\",\"name\":\"Coaching - Strat\u00e9gie digitale & r\u00e9seaux sociaux - Empow&#039;Her\",\"isPartOf\":{\"@id\":\"https:\/\/empow-her.com\/#website\"},\"primaryImageOfPage\":{\"@id\":\"https:\/\/empow-her.com\/es\/produit\/coaching-strategie-digitale-reseaux-sociaux-3\/#primaryimage\"},\"image\":{\"@id\":\"https:\/\/empow-her.com\/es\/produit\/coaching-strategie-digitale-reseaux-sociaux-3\/#primaryimage\"},\"thumbnailUrl\":\"https:\/\/empow-her.com\/wp-content\/uploads\/2022\/08\/Women-Dare-templates-events-2022-08-09T171232.838.png\",\"datePublished\":\"2022-08-09T15:12:46+00:00\",\"dateModified\":\"2022-08-12T14:58:12+00:00\",\"breadcrumb\":{\"@id\":\"https:\/\/empow-her.com\/es\/produit\/coaching-strategie-digitale-reseaux-sociaux-3\/#breadcrumb\"},\"inLanguage\":\"es\",\"potentialAction\":[{\"@type\":\"ReadAction\",\"target\":[\"https:\/\/empow-her.com\/es\/produit\/coaching-strategie-digitale-reseaux-sociaux-3\/\"]}]},{\"@type\":\"ImageObject\",\"inLanguage\":\"es\",\"@id\":\"https:\/\/empow-her.com\/es\/produit\/coaching-strategie-digitale-reseaux-sociaux-3\/#primaryimage\",\"url\":\"https:\/\/empow-her.com\/wp-content\/uploads\/2022\/08\/Women-Dare-templates-events-2022-08-09T171232.838.png\",\"contentUrl\":\"https:\/\/empow-her.com\/wp-content\/uploads\/2022\/08\/Women-Dare-templates-events-2022-08-09T171232.838.png\",\"width\":1080,\"height\":1080},{\"@type\":\"BreadcrumbList\",\"@id\":\"https:\/\/empow-her.com\/es\/produit\/coaching-strategie-digitale-reseaux-sociaux-3\/#breadcrumb\",\"itemListElement\":[{\"@type\":\"ListItem\",\"position\":1,\"name\":\"Accueil\",\"item\":\"https:\/\/empow-her.com\/es\/inicio\/\"},{\"@type\":\"ListItem\",\"position\":2,\"name\":\"LA BOUTIQUE\",\"item\":\"https:\/\/empow-her.com\/boutique\/\"},{\"@type\":\"ListItem\",\"position\":3,\"name\":\"Coaching &#8211; Strat\u00e9gie digitale &#038; r\u00e9seaux sociaux\"}]},{\"@type\":\"WebSite\",\"@id\":\"https:\/\/empow-her.com\/#website\",\"url\":\"https:\/\/empow-her.com\/\",\"name\":\"Empow&#039;Her\",\"description\":\"Women Development\",\"potentialAction\":[{\"@type\":\"SearchAction\",\"target\":{\"@type\":\"EntryPoint\",\"urlTemplate\":\"https:\/\/empow-her.com\/?s={search_term_string}\"},\"query-input\":{\"@type\":\"PropertyValueSpecification\",\"valueRequired\":true,\"valueName\":\"search_term_string\"}}],\"inLanguage\":\"es\"}]}<\/script>\n<!-- \/ Yoast SEO plugin. -->","yoast_head_json":{"title":"Coaching - Strat\u00e9gie digitale & r\u00e9seaux sociaux - Empow&#039;Her","robots":{"index":"index","follow":"follow","max-snippet":"max-snippet:-1","max-image-preview":"max-image-preview:large","max-video-preview":"max-video-preview:-1"},"canonical":"https:\/\/empow-her.com\/es\/produit\/coaching-strategie-digitale-reseaux-sociaux-3\/","og_locale":"es_ES","og_type":"article","og_title":"Coaching - Strat\u00e9gie digitale & r\u00e9seaux sociaux - Empow&#039;Her","og_description":"Description :  Permanence pour conseiller et faire avancer les actions visant \u00e0 : \u2022 Mettre en place sa strat\u00e9gie de communication digitale \u2022 D\u00e9finir une ligne \u00e9ditoriale et calendrier \u00e9ditorial \u2022 Cr\u00e9er et structurer ses contenus en fonction des diff\u00e9rents canaux - Initier et nourrir une relation de qualit\u00e9 \u2022 UX Writing : concevoir une exp\u00e9rience client qui passe par les mots \u2022 Cr\u00e9er ses visuels et s\u00e9lectionner les codes visuels appropri\u00e9s \u2022 Etre visible et toucher atteindre son\/ses audience.s \u2022 Animer une communaut\u00e9 \u2022 Les relais d\u2019influence \u2022 Mettre en place des KPI   Pr\u00e9-requis : Vous souhaitez vous inscrire \u00e0 cette session ? Merci d'indiquer votre besoin principal en remplissant ce questionnaire avant la session : https:\/\/airtable.com\/shrGo4G6jwgimwCV7 ou communiquez-le par mail \u00e0 votre r\u00e9f\u00e9rente Empow'Her : nadege.serrero@empow-her.com     Intervenant.e\u00a0: Anne-Sophie Cambay-Carozzi de l'agence LesLieuxdits  Je suis une d\u00e9veloppeuse! J'ai travaill\u00e9 durant plus de 20 ans au d\u00e9veloppement de march\u00e9s en France et \u00e0 l'international en trouvant les points de diff\u00e9renciations des produits ou services dont j'avais la responsabilit\u00e9 et en identifiant les cibles pour lesquelles ces points de diff\u00e9rentiations repr\u00e9sentent une valeur. J'accompagne depuis 6 ans les entrepreneurs et les dirigeants dans leur strat\u00e9gie de d\u00e9veloppement - plus particuli\u00e8rement \u00e0 partir de la marque et de son expression. #marque #marketing #segmentation #expressiondelavaleur  Son super pouvoir : Simplifier le complexe. Accompagner le changement. Rationnelle tout en restant intuitive.  Son petit mot : Never give up - you owe it to yourself!  Dur\u00e9e : 1h en ligne  &nbsp;  Attention ! \u00a0Veuillez vous pr\u00e9senter \u00e0 l\u2019heure pour que l\u2019activit\u00e9 puisse commencer \u00e0 temps. Si vous avez du retard veuillez pr\u00e9venir l\u2019intervenant.e. Si vous avez plus de 15 min de retard l\u2019intervenant.e se r\u00e9serve le droit de pas\u00a0 vous accepter pour le coaching ou l\u2019atelier.\u00a0   &nbsp;  Ce projet est co-financ\u00e9 par le Fonds Social Europ\u00e9en.","og_url":"https:\/\/empow-her.com\/es\/produit\/coaching-strategie-digitale-reseaux-sociaux-3\/","og_site_name":"Empow&#039;Her","article_modified_time":"2022-08-12T14:58:12+00:00","og_image":[{"width":1080,"height":1080,"url":"https:\/\/empow-her.com\/wp-content\/uploads\/2022\/08\/Women-Dare-templates-events-2022-08-09T171232.838.png","type":"image\/png"}],"twitter_card":"summary_large_image","schema":{"@context":"https:\/\/schema.org","@graph":[{"@type":"WebPage","@id":"https:\/\/empow-her.com\/es\/produit\/coaching-strategie-digitale-reseaux-sociaux-3\/","url":"https:\/\/empow-her.com\/es\/produit\/coaching-strategie-digitale-reseaux-sociaux-3\/","name":"Coaching - Strat\u00e9gie digitale & r\u00e9seaux sociaux - Empow&#039;Her","isPartOf":{"@id":"https:\/\/empow-her.com\/#website"},"primaryImageOfPage":{"@id":"https:\/\/empow-her.com\/es\/produit\/coaching-strategie-digitale-reseaux-sociaux-3\/#primaryimage"},"image":{"@id":"https:\/\/empow-her.com\/es\/produit\/coaching-strategie-digitale-reseaux-sociaux-3\/#primaryimage"},"thumbnailUrl":"https:\/\/empow-her.com\/wp-content\/uploads\/2022\/08\/Women-Dare-templates-events-2022-08-09T171232.838.png","datePublished":"2022-08-09T15:12:46+00:00","dateModified":"2022-08-12T14:58:12+00:00","breadcrumb":{"@id":"https:\/\/empow-her.com\/es\/produit\/coaching-strategie-digitale-reseaux-sociaux-3\/#breadcrumb"},"inLanguage":"es","potentialAction":[{"@type":"ReadAction","target":["https:\/\/empow-her.com\/es\/produit\/coaching-strategie-digitale-reseaux-sociaux-3\/"]}]},{"@type":"ImageObject","inLanguage":"es","@id":"https:\/\/empow-her.com\/es\/produit\/coaching-strategie-digitale-reseaux-sociaux-3\/#primaryimage","url":"https:\/\/empow-her.com\/wp-content\/uploads\/2022\/08\/Women-Dare-templates-events-2022-08-09T171232.838.png","contentUrl":"https:\/\/empow-her.com\/wp-content\/uploads\/2022\/08\/Women-Dare-templates-events-2022-08-09T171232.838.png","width":1080,"height":1080},{"@type":"BreadcrumbList","@id":"https:\/\/empow-her.com\/es\/produit\/coaching-strategie-digitale-reseaux-sociaux-3\/#breadcrumb","itemListElement":[{"@type":"ListItem","position":1,"name":"Accueil","item":"https:\/\/empow-her.com\/es\/inicio\/"},{"@type":"ListItem","position":2,"name":"LA BOUTIQUE","item":"https:\/\/empow-her.com\/boutique\/"},{"@type":"ListItem","position":3,"name":"Coaching &#8211; Strat\u00e9gie digitale &#038; r\u00e9seaux sociaux"}]},{"@type":"WebSite","@id":"https:\/\/empow-her.com\/#website","url":"https:\/\/empow-her.com\/","name":"Empow&#039;Her","description":"Women Development","potentialAction":[{"@type":"SearchAction","target":{"@type":"EntryPoint","urlTemplate":"https:\/\/empow-her.com\/?s={search_term_string}"},"query-input":{"@type":"PropertyValueSpecification","valueRequired":true,"valueName":"search_term_string"}}],"inLanguage":"es"}]}},"_links":{"self":[{"href":"https:\/\/empow-her.com\/es\/wp-json\/wp\/v2\/product\/121523","targetHints":{"allow":["GET"]}}],"collection":[{"href":"https:\/\/empow-her.com\/es\/wp-json\/wp\/v2\/product"}],"about":[{"href":"https:\/\/empow-her.com\/es\/wp-json\/wp\/v2\/types\/product"}],"wp:featuredmedia":[{"embeddable":true,"href":"https:\/\/empow-her.com\/es\/wp-json\/wp\/v2\/media\/121524"}],"wp:attachment":[{"href":"https:\/\/empow-her.com\/es\/wp-json\/wp\/v2\/media?parent=121523"}],"wp:term":[{"taxonomy":"product_brand","embeddable":true,"href":"https:\/\/empow-her.com\/es\/wp-json\/wp\/v2\/product_brand?post=121523"},{"taxonomy":"product_cat","embeddable":true,"href":"https:\/\/empow-her.com\/es\/wp-json\/wp\/v2\/product_cat?post=121523"},{"taxonomy":"product_tag","embeddable":true,"href":"https:\/\/empow-her.com\/es\/wp-json\/wp\/v2\/product_tag?post=121523"},{"taxonomy":"lieu","embeddable":true,"href":"https:\/\/empow-her.com\/es\/wp-json\/wp\/v2\/lieu?post=121523"},{"taxonomy":"thematiques","embeddable":true,"href":"https:\/\/empow-her.com\/es\/wp-json\/wp\/v2\/thematiques?post=121523"}],"curies":[{"name":"wp","href":"https:\/\/api.w.org\/{rel}","templated":true}]}}