{"id":121499,"date":"2022-08-09T16:43:17","date_gmt":"2022-08-09T14:43:17","guid":{"rendered":"https:\/\/empow-her.com\/?post_type=product&#038;p=121499"},"modified":"2022-08-12T16:41:34","modified_gmt":"2022-08-12T14:41:34","slug":"atelier-business-plan-previsions-financieres","status":"publish","type":"product","link":"https:\/\/empow-her.com\/es\/produit\/atelier-business-plan-previsions-financieres\/","title":{"rendered":"Atelier &#8211; Business Plan &#038; Pr\u00e9visions financi\u00e8res"},"content":{"rendered":"","protected":false},"excerpt":{"rendered":"<div>\n<div><\/div>\n<\/div>\n<div>\n<p><span data-sheets-value=\"{&quot;1&quot;:2,&quot;2&quot;:&quot;Description : \\n\\nPr\u00e9-requis : \\n\\nIntervenant.e : \\n\\nSon super pouvoir : \\n\\nSon petit mot : &quot;}\" data-sheets-userformat=\"{&quot;2&quot;:641,&quot;3&quot;:{&quot;1&quot;:0},&quot;10&quot;:1,&quot;12&quot;:0}\"><strong>Description :<\/strong> Qu&#8217;est-ce que le Business Plan, comment le r\u00e9diger et quels seront vos points cl\u00e9s de conviction ?<\/p>\n<p>Un business plan est un outil pour convaincre vos partenaires, investisseurs, ou votre banquier, mais c&#8217;est aussi un outil de clarification qui vous permettra de clarifier vos id\u00e9es et de les structurer de mani\u00e8re claire et pr\u00e9cise !<\/p>\n<p>Lors de cet atelier collectif, l&#8217;objectif sera de vous initier aux diff\u00e9rentes sections du business plan et \u00e0 la logique des pr\u00e9visions financi\u00e8res, et d&#8217;apprendre \u00e0 poser des hypoth\u00e8ses cr\u00e9dibles afin de construire un projet coh\u00e9rent et viable ! <\/span><\/p>\n<p><strong>Pr\u00e9-requis<\/strong>\u00a0: Aucun<\/p>\n<p><strong>Intervenant.e<\/strong>\u00a0<strong>: Jeremy Kadosche de Finetic<\/strong><\/p>\n<p>Je m&#8217;appelle Jeremy et je fais partie de l&#8217;\u00e9quipe Finetic o\u00f9 nous intervenons aupr\u00e8s d&#8217;entrepreuneur.e.s \u00e0 impact dans les domaines de l&#8217;accompagnement \u00e0 lev\u00e9e de fonds, la direction financi\u00e8re de start-up ainsi que la formation et ateliers collectifs sur les sujets financiers. J&#8217;ai travaill\u00e9 en tant que consultant pour des grands groupes ainsi que professeur ces 10 derni\u00e8res ann\u00e9es, en France et \u00e0 l&#8217;\u00e9tranger. Les tableaux pleins de chiffres n&#8217;ont pas de secrets pour moi !<\/p>\n<p><span data-sheets-value=\"{&quot;1&quot;:2,&quot;2&quot;:&quot;Description : \\n\\nPr\u00e9-requis : \\n\\nIntervenant.e : \\n\\nSon super pouvoir : \\n\\nSon petit mot : &quot;}\" data-sheets-userformat=\"{&quot;2&quot;:641,&quot;3&quot;:{&quot;1&quot;:0},&quot;10&quot;:1,&quot;12&quot;:0}\"><strong>Son super pouvoir : <\/strong>Une vue d&#8217;ensemble &#8220;analytique&#8221; des choses<\/span><\/p>\n<p><strong>Son petit mot :<\/strong> Bravo pour cette premi\u00e8re d\u00e9marche vers l&#8217;entreprenariat. Nous allons faire tout notre possible pour vous accompagner vers votre r\u00eave et partager notre exp\u00e9rience avec vous !!!!<\/p>\n<p><strong>Dur\u00e9e<\/strong>\u00a0: U<span data-sheets-value=\"{&quot;1&quot;:2,&quot;2&quot;:&quot;Permanence de 4h avec un cr\u00e9neau de 1h par participante (+ 15 minutes entre chaque)&quot;}\" data-sheets-userformat=\"{&quot;2&quot;:7167,&quot;3&quot;:{&quot;1&quot;:0},&quot;4&quot;:{&quot;1&quot;:2,&quot;2&quot;:16777215},&quot;5&quot;:{&quot;1&quot;:[{&quot;1&quot;:2,&quot;2&quot;:0,&quot;5&quot;:{&quot;1&quot;:2,&quot;2&quot;:0}},{&quot;1&quot;:0,&quot;2&quot;:0,&quot;3&quot;:3},{&quot;1&quot;:1,&quot;2&quot;:0,&quot;4&quot;:1}]},&quot;6&quot;:{&quot;1&quot;:[{&quot;1&quot;:2,&quot;2&quot;:0,&quot;5&quot;:{&quot;1&quot;:2,&quot;2&quot;:0}},{&quot;1&quot;:0,&quot;2&quot;:0,&quot;3&quot;:3},{&quot;1&quot;:1,&quot;2&quot;:0,&quot;4&quot;:1}]},&quot;7&quot;:{&quot;1&quot;:[{&quot;1&quot;:2,&quot;2&quot;:0,&quot;5&quot;:{&quot;1&quot;:2,&quot;2&quot;:0}},{&quot;1&quot;:0,&quot;2&quot;:0,&quot;3&quot;:3},{&quot;1&quot;:1,&quot;2&quot;:0,&quot;4&quot;:1}]},&quot;8&quot;:{&quot;1&quot;:[{&quot;1&quot;:2,&quot;2&quot;:0,&quot;5&quot;:{&quot;1&quot;:2,&quot;2&quot;:0}},{&quot;1&quot;:0,&quot;2&quot;:0,&quot;3&quot;:3},{&quot;1&quot;:1,&quot;2&quot;:0,&quot;4&quot;:1}]},&quot;9&quot;:0,&quot;10&quot;:1,&quot;11&quot;:4,&quot;12&quot;:0,&quot;14&quot;:{&quot;1&quot;:2,&quot;2&quot;:0},&quot;15&quot;:&quot;Calibri&quot;}\">ne journ\u00e9e compl\u00e8te et intensive avec un atelier le matin et des conseils individualis\u00e9s l&#8217;apr\u00e8s-midi, en pr\u00e9sentiel chez Sist&#8217;Her Paris<\/span><\/p>\n<p>&nbsp;<\/p>\n<p><span data-sheets-value=\"{&quot;1&quot;:2,&quot;2&quot;:&quot;Attention ! \u00a0Veuillez vous pr\u00e9sentez \u00e0 l'heure pour que l'activit\u00e9 puisse commencer \u00e0 temps. Si vous avez du retard veuillez pr\u00e9venir l'intervenant.e. Si vous avez plus de 15 min de retard l'intervenant.e se r\u00e9serve le droit de plus vous accepter pour le coaching ou l'atelier.\u00a0&quot;}\" data-sheets-userformat=\"{&quot;2&quot;:641,&quot;3&quot;:{&quot;1&quot;:0},&quot;10&quot;:1,&quot;12&quot;:0}\"><strong>Attention !<\/strong>\u00a0\u00a0Veuillez vous pr\u00e9sentez \u00e0 l\u2019heure pour que l\u2019activit\u00e9 puisse commencer \u00e0 temps. Si vous avez du retard veuillez pr\u00e9venir l\u2019intervenant.e. Si vous avez plus de 15 min de retard l\u2019intervenant.e se r\u00e9serve le droit de plus vous accepter pour le coaching ou l\u2019atelier.\u00a0<\/span><\/p>\n<\/div>\n<div><\/div>\n<p>Ce projet est co-financ\u00e9 par le Fonds Social Europ\u00e9en.<\/p>\n<p><img decoding=\"async\" class=\"\" src=\"https:\/\/www.sep-asso.fr\/wp-content\/uploads\/2018\/02\/logo-union-europeenne.png\" alt=\"logo union europeenne \u2013 SEP\" width=\"87\" height=\"72\" \/>\u00a0\u00a0<img decoding=\"async\" class=\"alignnone wp-image-15218\" src=\"https:\/\/empow-her.com\/wp-content\/uploads\/2021\/06\/logo_fonds_social_europeen-300x187.png\" alt=\"\" width=\"104\" height=\"65\" srcset=\"https:\/\/empow-her.com\/wp-content\/uploads\/2021\/06\/logo_fonds_social_europeen-300x187.png 300w, https:\/\/empow-her.com\/wp-content\/uploads\/2021\/06\/logo_fonds_social_europeen-600x375.png 600w, https:\/\/empow-her.com\/wp-content\/uploads\/2021\/06\/logo_fonds_social_europeen-24x15.png 24w, https:\/\/empow-her.com\/wp-content\/uploads\/2021\/06\/logo_fonds_social_europeen-36x22.png 36w, https:\/\/empow-her.com\/wp-content\/uploads\/2021\/06\/logo_fonds_social_europeen-48x30.png 48w, https:\/\/empow-her.com\/wp-content\/uploads\/2021\/06\/logo_fonds_social_europeen.png 666w\" sizes=\"(max-width: 104px) 100vw, 104px\" \/>\u00a0<img decoding=\"async\" class=\"\" src=\"https:\/\/franceactive-idf.org\/wp-content\/uploads\/2020\/02\/logo-region-ile-de-france.png\" alt=\"Logo Region Ile De France - France Active \u00cele-de-France\" width=\"126\" height=\"29\" \/><\/p>\n","protected":false},"featured_media":121500,"template":"","format":"standard","meta":{"_acf_changed":false,"om_disable_all_campaigns":false,"_uf_show_specific_survey":0,"_uf_disable_surveys":false},"product_brand":[],"product_cat":[118],"product_tag":[],"lieu":[127],"thematiques":[],"class_list":{"0":"post-121499","1":"product","2":"type-product","3":"status-publish","4":"format-standard","5":"has-post-thumbnail","7":"product_cat-atelier-collectif","8":"lieu-hub-empowher","10":"first","11":"instock","12":"virtual","13":"purchasable","14":"product-type-appointment"},"exclude_global_add_ons":[],"addons":[],"acf":[],"yoast_head":"<!-- This site is optimized with the Yoast SEO plugin v24.8 - https:\/\/yoast.com\/wordpress\/plugins\/seo\/ -->\n<title>Atelier - Business Plan &amp; Pr\u00e9visions financi\u00e8res - Empow&#039;Her<\/title>\n<meta name=\"robots\" content=\"index, follow, max-snippet:-1, max-image-preview:large, max-video-preview:-1\" \/>\n<link rel=\"canonical\" href=\"https:\/\/empow-her.com\/es\/produit\/atelier-business-plan-previsions-financieres\/\" \/>\n<meta property=\"og:locale\" content=\"es_ES\" \/>\n<meta property=\"og:type\" content=\"article\" \/>\n<meta property=\"og:title\" content=\"Atelier - Business Plan &amp; Pr\u00e9visions financi\u00e8res - Empow&#039;Her\" \/>\n<meta property=\"og:description\" content=\"Description : Qu&#039;est-ce que le Business Plan, comment le r\u00e9diger et quels seront vos points cl\u00e9s de conviction ?  Un business plan est un outil pour convaincre vos partenaires, investisseurs, ou votre banquier, mais c&#039;est aussi un outil de clarification qui vous permettra de clarifier vos id\u00e9es et de les structurer de mani\u00e8re claire et pr\u00e9cise !  Lors de cet atelier collectif, l&#039;objectif sera de vous initier aux diff\u00e9rentes sections du business plan et \u00e0 la logique des pr\u00e9visions financi\u00e8res, et d&#039;apprendre \u00e0 poser des hypoth\u00e8ses cr\u00e9dibles afin de construire un projet coh\u00e9rent et viable !   Pr\u00e9-requis\u00a0: Aucun  Intervenant.e\u00a0: Jeremy Kadosche de Finetic  Je m&#039;appelle Jeremy et je fais partie de l&#039;\u00e9quipe Finetic o\u00f9 nous intervenons aupr\u00e8s d&#039;entrepreuneur.e.s \u00e0 impact dans les domaines de l&#039;accompagnement \u00e0 lev\u00e9e de fonds, la direction financi\u00e8re de start-up ainsi que la formation et ateliers collectifs sur les sujets financiers. J&#039;ai travaill\u00e9 en tant que consultant pour des grands groupes ainsi que professeur ces 10 derni\u00e8res ann\u00e9es, en France et \u00e0 l&#039;\u00e9tranger. Les tableaux pleins de chiffres n&#039;ont pas de secrets pour moi !  Son super pouvoir : Une vue d&#039;ensemble &quot;analytique&quot; des choses  Son petit mot : Bravo pour cette premi\u00e8re d\u00e9marche vers l&#039;entreprenariat. Nous allons faire tout notre possible pour vous accompagner vers votre r\u00eave et partager notre exp\u00e9rience avec vous !!!!  Dur\u00e9e\u00a0: Une journ\u00e9e compl\u00e8te et intensive avec un atelier le matin et des conseils individualis\u00e9s l&#039;apr\u00e8s-midi, en pr\u00e9sentiel chez Sist&#039;Her Paris  &nbsp;  Attention !\u00a0\u00a0Veuillez vous pr\u00e9sentez \u00e0 l\u2019heure pour que l\u2019activit\u00e9 puisse commencer \u00e0 temps. Si vous avez du retard veuillez pr\u00e9venir l\u2019intervenant.e. Si vous avez plus de 15 min de retard l\u2019intervenant.e se r\u00e9serve le droit de plus vous accepter pour le coaching ou l\u2019atelier.\u00a0    Ce projet est co-financ\u00e9 par le Fonds Social Europ\u00e9en.  \u00a0\u00a0\u00a0\" \/>\n<meta property=\"og:url\" content=\"https:\/\/empow-her.com\/es\/produit\/atelier-business-plan-previsions-financieres\/\" \/>\n<meta property=\"og:site_name\" content=\"Empow&#039;Her\" \/>\n<meta property=\"article:modified_time\" content=\"2022-08-12T14:41:34+00:00\" \/>\n<meta property=\"og:image\" content=\"https:\/\/empow-her.com\/wp-content\/uploads\/2022\/08\/Women-Dare-templates-events-93.png\" \/>\n\t<meta property=\"og:image:width\" content=\"1080\" \/>\n\t<meta property=\"og:image:height\" content=\"1080\" \/>\n\t<meta property=\"og:image:type\" content=\"image\/png\" \/>\n<meta name=\"twitter:card\" content=\"summary_large_image\" \/>\n<script type=\"application\/ld+json\" class=\"yoast-schema-graph\">{\"@context\":\"https:\/\/schema.org\",\"@graph\":[{\"@type\":\"WebPage\",\"@id\":\"https:\/\/empow-her.com\/es\/produit\/atelier-business-plan-previsions-financieres\/\",\"url\":\"https:\/\/empow-her.com\/es\/produit\/atelier-business-plan-previsions-financieres\/\",\"name\":\"Atelier - Business Plan & Pr\u00e9visions financi\u00e8res - Empow&#039;Her\",\"isPartOf\":{\"@id\":\"https:\/\/empow-her.com\/#website\"},\"primaryImageOfPage\":{\"@id\":\"https:\/\/empow-her.com\/es\/produit\/atelier-business-plan-previsions-financieres\/#primaryimage\"},\"image\":{\"@id\":\"https:\/\/empow-her.com\/es\/produit\/atelier-business-plan-previsions-financieres\/#primaryimage\"},\"thumbnailUrl\":\"https:\/\/empow-her.com\/wp-content\/uploads\/2022\/08\/Women-Dare-templates-events-93.png\",\"datePublished\":\"2022-08-09T14:43:17+00:00\",\"dateModified\":\"2022-08-12T14:41:34+00:00\",\"breadcrumb\":{\"@id\":\"https:\/\/empow-her.com\/es\/produit\/atelier-business-plan-previsions-financieres\/#breadcrumb\"},\"inLanguage\":\"es\",\"potentialAction\":[{\"@type\":\"ReadAction\",\"target\":[\"https:\/\/empow-her.com\/es\/produit\/atelier-business-plan-previsions-financieres\/\"]}]},{\"@type\":\"ImageObject\",\"inLanguage\":\"es\",\"@id\":\"https:\/\/empow-her.com\/es\/produit\/atelier-business-plan-previsions-financieres\/#primaryimage\",\"url\":\"https:\/\/empow-her.com\/wp-content\/uploads\/2022\/08\/Women-Dare-templates-events-93.png\",\"contentUrl\":\"https:\/\/empow-her.com\/wp-content\/uploads\/2022\/08\/Women-Dare-templates-events-93.png\",\"width\":1080,\"height\":1080},{\"@type\":\"BreadcrumbList\",\"@id\":\"https:\/\/empow-her.com\/es\/produit\/atelier-business-plan-previsions-financieres\/#breadcrumb\",\"itemListElement\":[{\"@type\":\"ListItem\",\"position\":1,\"name\":\"Accueil\",\"item\":\"https:\/\/empow-her.com\/es\/inicio\/\"},{\"@type\":\"ListItem\",\"position\":2,\"name\":\"LA BOUTIQUE\",\"item\":\"https:\/\/empow-her.com\/boutique\/\"},{\"@type\":\"ListItem\",\"position\":3,\"name\":\"Atelier &#8211; Business Plan &#038; Pr\u00e9visions financi\u00e8res\"}]},{\"@type\":\"WebSite\",\"@id\":\"https:\/\/empow-her.com\/#website\",\"url\":\"https:\/\/empow-her.com\/\",\"name\":\"Empow&#039;Her\",\"description\":\"Women Development\",\"potentialAction\":[{\"@type\":\"SearchAction\",\"target\":{\"@type\":\"EntryPoint\",\"urlTemplate\":\"https:\/\/empow-her.com\/?s={search_term_string}\"},\"query-input\":{\"@type\":\"PropertyValueSpecification\",\"valueRequired\":true,\"valueName\":\"search_term_string\"}}],\"inLanguage\":\"es\"}]}<\/script>\n<!-- \/ Yoast SEO plugin. -->","yoast_head_json":{"title":"Atelier - Business Plan & Pr\u00e9visions financi\u00e8res - Empow&#039;Her","robots":{"index":"index","follow":"follow","max-snippet":"max-snippet:-1","max-image-preview":"max-image-preview:large","max-video-preview":"max-video-preview:-1"},"canonical":"https:\/\/empow-her.com\/es\/produit\/atelier-business-plan-previsions-financieres\/","og_locale":"es_ES","og_type":"article","og_title":"Atelier - Business Plan & Pr\u00e9visions financi\u00e8res - Empow&#039;Her","og_description":"Description : Qu'est-ce que le Business Plan, comment le r\u00e9diger et quels seront vos points cl\u00e9s de conviction ?  Un business plan est un outil pour convaincre vos partenaires, investisseurs, ou votre banquier, mais c'est aussi un outil de clarification qui vous permettra de clarifier vos id\u00e9es et de les structurer de mani\u00e8re claire et pr\u00e9cise !  Lors de cet atelier collectif, l'objectif sera de vous initier aux diff\u00e9rentes sections du business plan et \u00e0 la logique des pr\u00e9visions financi\u00e8res, et d'apprendre \u00e0 poser des hypoth\u00e8ses cr\u00e9dibles afin de construire un projet coh\u00e9rent et viable !   Pr\u00e9-requis\u00a0: Aucun  Intervenant.e\u00a0: Jeremy Kadosche de Finetic  Je m'appelle Jeremy et je fais partie de l'\u00e9quipe Finetic o\u00f9 nous intervenons aupr\u00e8s d'entrepreuneur.e.s \u00e0 impact dans les domaines de l'accompagnement \u00e0 lev\u00e9e de fonds, la direction financi\u00e8re de start-up ainsi que la formation et ateliers collectifs sur les sujets financiers. J'ai travaill\u00e9 en tant que consultant pour des grands groupes ainsi que professeur ces 10 derni\u00e8res ann\u00e9es, en France et \u00e0 l'\u00e9tranger. Les tableaux pleins de chiffres n'ont pas de secrets pour moi !  Son super pouvoir : Une vue d'ensemble \"analytique\" des choses  Son petit mot : Bravo pour cette premi\u00e8re d\u00e9marche vers l'entreprenariat. Nous allons faire tout notre possible pour vous accompagner vers votre r\u00eave et partager notre exp\u00e9rience avec vous !!!!  Dur\u00e9e\u00a0: Une journ\u00e9e compl\u00e8te et intensive avec un atelier le matin et des conseils individualis\u00e9s l'apr\u00e8s-midi, en pr\u00e9sentiel chez Sist'Her Paris  &nbsp;  Attention !\u00a0\u00a0Veuillez vous pr\u00e9sentez \u00e0 l\u2019heure pour que l\u2019activit\u00e9 puisse commencer \u00e0 temps. Si vous avez du retard veuillez pr\u00e9venir l\u2019intervenant.e. Si vous avez plus de 15 min de retard l\u2019intervenant.e se r\u00e9serve le droit de plus vous accepter pour le coaching ou l\u2019atelier.\u00a0    Ce projet est co-financ\u00e9 par le Fonds Social Europ\u00e9en.  \u00a0\u00a0\u00a0","og_url":"https:\/\/empow-her.com\/es\/produit\/atelier-business-plan-previsions-financieres\/","og_site_name":"Empow&#039;Her","article_modified_time":"2022-08-12T14:41:34+00:00","og_image":[{"width":1080,"height":1080,"url":"https:\/\/empow-her.com\/wp-content\/uploads\/2022\/08\/Women-Dare-templates-events-93.png","type":"image\/png"}],"twitter_card":"summary_large_image","schema":{"@context":"https:\/\/schema.org","@graph":[{"@type":"WebPage","@id":"https:\/\/empow-her.com\/es\/produit\/atelier-business-plan-previsions-financieres\/","url":"https:\/\/empow-her.com\/es\/produit\/atelier-business-plan-previsions-financieres\/","name":"Atelier - Business Plan & Pr\u00e9visions financi\u00e8res - Empow&#039;Her","isPartOf":{"@id":"https:\/\/empow-her.com\/#website"},"primaryImageOfPage":{"@id":"https:\/\/empow-her.com\/es\/produit\/atelier-business-plan-previsions-financieres\/#primaryimage"},"image":{"@id":"https:\/\/empow-her.com\/es\/produit\/atelier-business-plan-previsions-financieres\/#primaryimage"},"thumbnailUrl":"https:\/\/empow-her.com\/wp-content\/uploads\/2022\/08\/Women-Dare-templates-events-93.png","datePublished":"2022-08-09T14:43:17+00:00","dateModified":"2022-08-12T14:41:34+00:00","breadcrumb":{"@id":"https:\/\/empow-her.com\/es\/produit\/atelier-business-plan-previsions-financieres\/#breadcrumb"},"inLanguage":"es","potentialAction":[{"@type":"ReadAction","target":["https:\/\/empow-her.com\/es\/produit\/atelier-business-plan-previsions-financieres\/"]}]},{"@type":"ImageObject","inLanguage":"es","@id":"https:\/\/empow-her.com\/es\/produit\/atelier-business-plan-previsions-financieres\/#primaryimage","url":"https:\/\/empow-her.com\/wp-content\/uploads\/2022\/08\/Women-Dare-templates-events-93.png","contentUrl":"https:\/\/empow-her.com\/wp-content\/uploads\/2022\/08\/Women-Dare-templates-events-93.png","width":1080,"height":1080},{"@type":"BreadcrumbList","@id":"https:\/\/empow-her.com\/es\/produit\/atelier-business-plan-previsions-financieres\/#breadcrumb","itemListElement":[{"@type":"ListItem","position":1,"name":"Accueil","item":"https:\/\/empow-her.com\/es\/inicio\/"},{"@type":"ListItem","position":2,"name":"LA BOUTIQUE","item":"https:\/\/empow-her.com\/boutique\/"},{"@type":"ListItem","position":3,"name":"Atelier &#8211; Business Plan &#038; Pr\u00e9visions financi\u00e8res"}]},{"@type":"WebSite","@id":"https:\/\/empow-her.com\/#website","url":"https:\/\/empow-her.com\/","name":"Empow&#039;Her","description":"Women Development","potentialAction":[{"@type":"SearchAction","target":{"@type":"EntryPoint","urlTemplate":"https:\/\/empow-her.com\/?s={search_term_string}"},"query-input":{"@type":"PropertyValueSpecification","valueRequired":true,"valueName":"search_term_string"}}],"inLanguage":"es"}]}},"_links":{"self":[{"href":"https:\/\/empow-her.com\/es\/wp-json\/wp\/v2\/product\/121499","targetHints":{"allow":["GET"]}}],"collection":[{"href":"https:\/\/empow-her.com\/es\/wp-json\/wp\/v2\/product"}],"about":[{"href":"https:\/\/empow-her.com\/es\/wp-json\/wp\/v2\/types\/product"}],"wp:featuredmedia":[{"embeddable":true,"href":"https:\/\/empow-her.com\/es\/wp-json\/wp\/v2\/media\/121500"}],"wp:attachment":[{"href":"https:\/\/empow-her.com\/es\/wp-json\/wp\/v2\/media?parent=121499"}],"wp:term":[{"taxonomy":"product_brand","embeddable":true,"href":"https:\/\/empow-her.com\/es\/wp-json\/wp\/v2\/product_brand?post=121499"},{"taxonomy":"product_cat","embeddable":true,"href":"https:\/\/empow-her.com\/es\/wp-json\/wp\/v2\/product_cat?post=121499"},{"taxonomy":"product_tag","embeddable":true,"href":"https:\/\/empow-her.com\/es\/wp-json\/wp\/v2\/product_tag?post=121499"},{"taxonomy":"lieu","embeddable":true,"href":"https:\/\/empow-her.com\/es\/wp-json\/wp\/v2\/lieu?post=121499"},{"taxonomy":"thematiques","embeddable":true,"href":"https:\/\/empow-her.com\/es\/wp-json\/wp\/v2\/thematiques?post=121499"}],"curies":[{"name":"wp","href":"https:\/\/api.w.org\/{rel}","templated":true}]}}