{"id":121366,"date":"2022-07-20T14:22:48","date_gmt":"2022-07-20T12:22:48","guid":{"rendered":"https:\/\/empow-her.com\/?post_type=product&#038;p=121366"},"modified":"2022-09-28T11:40:56","modified_gmt":"2022-09-28T09:40:56","slug":"speedpitching-boost-ton-pitch","status":"publish","type":"product","link":"https:\/\/empow-her.com\/es\/produit\/speedpitching-boost-ton-pitch\/","title":{"rendered":"Happy Her &#8211; sp\u00e9cial Speed-Pitching pour booster ton pitch avec Farah &#x1f389;"},"content":{"rendered":"<p>C\u2019est la rentr\u00e9e chez Sist&#8217;Her ! &#x1f4bc; On se retrouve ce mercredi 7 septembre de 19h \u00e0 20h30 pour un Happy Her\u2026 autour du speed-pitching ! &#x1f389;<\/p>\n<p>Les Happy Her sont des formats d\u2019ap\u00e9ro-rencontres pens\u00e9s par l\u2019\u00e9quipe Empow&#8217;Her \u00e0 destination d&#8217;entrepreneuses et futures entrepreneuses. &#x1f942;<br \/>\nPour am\u00e9liorer ton pitch tout en networkant avec des femmes engag\u00e9es, retrouve-nous chez Sist\u2019Her avec Farah de Boost Positive &#x1f64c;<\/p>\n<p>&#x1f9d0;Le speed-pitching, qu&#8217;est-ce que c&#8217;est ? Un peu comme du speed-dating\u2026 pour entrepreneuses ! Tu apprends \u00e0 pitcher de table en table en 3 \u00e0 5 min pour pitcher de mani\u00e8re claire \u00e0 un maximum de personnes diff\u00e9rentes \ud83d\ude09<\/p>\n<p>Ev\u00e9nement pens\u00e9 par Farah, pro du storytelling, elle n\u2019h\u00e9sitera pas \u00e0 t\u2019aider pour booster ta confiance lors de ta prise de parole !<\/p>\n<p>Infos pratiques<br \/>\n&#x1f4c6; Mercredi 7 septembre &#8211; 19h-20h30<br \/>\n&#x1f4cd; Sist\u2019her Paris, 82 rue du Faubourg St Martin<br \/>\nSur r\u00e9servation obligatoire (gratuite)<\/p>\n<p>Ouvert en mars 2021, Sist\u2019Her est le premier tiers-lieu d\u00e9di\u00e9 \u00e0 l&#8217;entrepreneuriat f\u00e9minin \u00e0 impact en \u00cele-de-France. Port\u00e9 par l\u2019association Empow\u2019Her, c\u2019est un lieu de vie bienveillant et joyeux, ouvert \u00e0 tou\u00b7te\u00b7s o\u00f9 il est possible de se former, s&#8217;inspirer, s&#8217;engager et se rencontrer.<br \/>\nCe projet est co-financ\u00e9 par le Fonds Social Europ\u00e9en.<\/p>\n","protected":false},"excerpt":{"rendered":"<p>Happy\u2019Her &#8211; sp\u00e9cial Speed-Pitching pour booster ton pitch avec Farah &#x1f389;<\/p>\n<p>C\u2019est la rentr\u00e9e chez Sist&#8217;Her ! &#x1f4bc; On se retrouve ce mercredi 7 septembre de 19h \u00e0 20h30 pour un Happy Her\u2026 autour du speed-pitching ! &#x1f389;<\/p>\n<p>Les Happy Her sont des formats d\u2019ap\u00e9ro-rencontres pens\u00e9s par l\u2019\u00e9quipe Empow&#8217;Her \u00e0 destination d&#8217;entrepreneuses et futures entrepreneuses. &#x1f942;<br \/>\nPour am\u00e9liorer ton pitch tout en networkant avec des femmes engag\u00e9es, retrouve-nous chez Sist\u2019Her avec Farah de Boost Positive &#x1f64c;<\/p>\n<p>&#x1f9d0;Le speed-pitching, qu&#8217;est-ce que c&#8217;est ? Un peu comme du speed-dating\u2026 pour entrepreneuses ! Tu apprends \u00e0 pitcher de table en table en 3 \u00e0 5 min pour pitcher de mani\u00e8re claire \u00e0 un maximum de personnes diff\u00e9rentes \ud83d\ude09<\/p>\n<p>Ev\u00e9nement pens\u00e9 par Farah, pro du storytelling, elle n\u2019h\u00e9sitera pas \u00e0 t\u2019aider pour booster ta confiance lors de ta prise de parole !<\/p>\n<p>Infos pratiques<br \/>\n&#x1f4c6; Mercredi 7 septembre &#8211; 19h-20h30<br \/>\n&#x1f4cd; Sist\u2019her Paris, 82 rue du Faubourg St Martin<br \/>\nR\u00e9servation gratuite obligatoire : https:\/\/empow-her.com\/ lieeeeeeen<\/p>\n<p>Ouvert en mars 2021, Sist\u2019Her est le premier tiers-lieu d\u00e9di\u00e9 \u00e0 l&#8217;entrepreneuriat f\u00e9minin \u00e0 impact en \u00cele-de-France. Port\u00e9 par l\u2019association Empow\u2019Her, c\u2019est un lieu de vie bienveillant et joyeux, ouvert \u00e0 tou\u00b7te\u00b7s o\u00f9 il est possible de se former, s&#8217;inspirer, s&#8217;engager et se rencontrer.<br \/>\nCe projet est co-financ\u00e9 par le Fonds Social Europ\u00e9en.<\/p>\n","protected":false},"featured_media":121367,"template":"","format":"standard","meta":{"_acf_changed":false,"om_disable_all_campaigns":false,"_uf_show_specific_survey":0,"_uf_disable_surveys":false},"product_brand":[],"product_cat":[119],"product_tag":[],"lieu":[127],"thematiques":[],"class_list":{"0":"post-121366","1":"product","2":"type-product","3":"status-publish","4":"format-standard","5":"has-post-thumbnail","7":"product_cat-evenement-sisther","8":"lieu-hub-empowher","10":"first","11":"instock","12":"virtual","13":"purchasable","14":"product-type-appointment"},"exclude_global_add_ons":[],"addons":[],"acf":[],"yoast_head":"<!-- This site is optimized with the Yoast SEO plugin v24.8 - https:\/\/yoast.com\/wordpress\/plugins\/seo\/ -->\n<title>Happy Her - sp\u00e9cial Speed-Pitching pour booster ton pitch avec Farah &#x1f389; -<\/title>\n<meta name=\"description\" content=\"Travaille ta prise de parole avec d&#039;autres femmes lors d&#039;un speed-pitching ce mercredi 7 septembre de 19h \u00e0 20h30 lors d&#039;un Happy Her !\" \/>\n<meta name=\"robots\" content=\"index, follow, max-snippet:-1, max-image-preview:large, max-video-preview:-1\" \/>\n<link rel=\"canonical\" href=\"https:\/\/empow-her.com\/es\/produit\/speedpitching-boost-ton-pitch\/\" \/>\n<meta property=\"og:locale\" content=\"es_ES\" \/>\n<meta property=\"og:type\" content=\"article\" \/>\n<meta property=\"og:title\" content=\"Happy Her - sp\u00e9cial Speed-Pitching pour booster ton pitch avec Farah &#x1f389; -\" \/>\n<meta property=\"og:description\" content=\"Travaille ta prise de parole avec d&#039;autres femmes lors d&#039;un speed-pitching ce mercredi 7 septembre de 19h \u00e0 20h30 lors d&#039;un Happy Her !\" \/>\n<meta property=\"og:url\" content=\"https:\/\/empow-her.com\/es\/produit\/speedpitching-boost-ton-pitch\/\" \/>\n<meta property=\"og:site_name\" content=\"Empow&#039;Her\" \/>\n<meta property=\"article:modified_time\" content=\"2022-09-28T09:40:56+00:00\" \/>\n<meta property=\"og:image\" content=\"https:\/\/empow-her.com\/wp-content\/uploads\/2022\/07\/Template-Event-SistHer-site-.png\" \/>\n\t<meta property=\"og:image:width\" content=\"1080\" \/>\n\t<meta property=\"og:image:height\" content=\"1080\" \/>\n\t<meta property=\"og:image:type\" content=\"image\/png\" \/>\n<meta name=\"twitter:card\" content=\"summary_large_image\" \/>\n<meta name=\"twitter:label1\" content=\"Tiempo de lectura\" \/>\n\t<meta name=\"twitter:data1\" content=\"1 minuto\" \/>\n<script type=\"application\/ld+json\" class=\"yoast-schema-graph\">{\"@context\":\"https:\/\/schema.org\",\"@graph\":[{\"@type\":\"WebPage\",\"@id\":\"https:\/\/empow-her.com\/es\/produit\/speedpitching-boost-ton-pitch\/\",\"url\":\"https:\/\/empow-her.com\/es\/produit\/speedpitching-boost-ton-pitch\/\",\"name\":\"Happy Her - sp\u00e9cial Speed-Pitching pour booster ton pitch avec Farah &#x1f389; -\",\"isPartOf\":{\"@id\":\"https:\/\/empow-her.com\/#website\"},\"primaryImageOfPage\":{\"@id\":\"https:\/\/empow-her.com\/es\/produit\/speedpitching-boost-ton-pitch\/#primaryimage\"},\"image\":{\"@id\":\"https:\/\/empow-her.com\/es\/produit\/speedpitching-boost-ton-pitch\/#primaryimage\"},\"thumbnailUrl\":\"https:\/\/empow-her.com\/wp-content\/uploads\/2022\/07\/Template-Event-SistHer-site-.png\",\"datePublished\":\"2022-07-20T12:22:48+00:00\",\"dateModified\":\"2022-09-28T09:40:56+00:00\",\"description\":\"Travaille ta prise de parole avec d'autres femmes lors d'un speed-pitching ce mercredi 7 septembre de 19h \u00e0 20h30 lors d'un Happy Her !\",\"breadcrumb\":{\"@id\":\"https:\/\/empow-her.com\/es\/produit\/speedpitching-boost-ton-pitch\/#breadcrumb\"},\"inLanguage\":\"es\",\"potentialAction\":[{\"@type\":\"ReadAction\",\"target\":[\"https:\/\/empow-her.com\/es\/produit\/speedpitching-boost-ton-pitch\/\"]}]},{\"@type\":\"ImageObject\",\"inLanguage\":\"es\",\"@id\":\"https:\/\/empow-her.com\/es\/produit\/speedpitching-boost-ton-pitch\/#primaryimage\",\"url\":\"https:\/\/empow-her.com\/wp-content\/uploads\/2022\/07\/Template-Event-SistHer-site-.png\",\"contentUrl\":\"https:\/\/empow-her.com\/wp-content\/uploads\/2022\/07\/Template-Event-SistHer-site-.png\",\"width\":1080,\"height\":1080},{\"@type\":\"BreadcrumbList\",\"@id\":\"https:\/\/empow-her.com\/es\/produit\/speedpitching-boost-ton-pitch\/#breadcrumb\",\"itemListElement\":[{\"@type\":\"ListItem\",\"position\":1,\"name\":\"Accueil\",\"item\":\"https:\/\/empow-her.com\/es\/inicio\/\"},{\"@type\":\"ListItem\",\"position\":2,\"name\":\"LA BOUTIQUE\",\"item\":\"https:\/\/empow-her.com\/boutique\/\"},{\"@type\":\"ListItem\",\"position\":3,\"name\":\"Happy Her &#8211; sp\u00e9cial Speed-Pitching pour booster ton pitch avec Farah &#x1f389;\"}]},{\"@type\":\"WebSite\",\"@id\":\"https:\/\/empow-her.com\/#website\",\"url\":\"https:\/\/empow-her.com\/\",\"name\":\"Empow&#039;Her\",\"description\":\"Women Development\",\"potentialAction\":[{\"@type\":\"SearchAction\",\"target\":{\"@type\":\"EntryPoint\",\"urlTemplate\":\"https:\/\/empow-her.com\/?s={search_term_string}\"},\"query-input\":{\"@type\":\"PropertyValueSpecification\",\"valueRequired\":true,\"valueName\":\"search_term_string\"}}],\"inLanguage\":\"es\"}]}<\/script>\n<!-- \/ Yoast SEO plugin. -->","yoast_head_json":{"title":"Happy Her - sp\u00e9cial Speed-Pitching pour booster ton pitch avec Farah &#x1f389; -","description":"Travaille ta prise de parole avec d'autres femmes lors d'un speed-pitching ce mercredi 7 septembre de 19h \u00e0 20h30 lors d'un Happy Her !","robots":{"index":"index","follow":"follow","max-snippet":"max-snippet:-1","max-image-preview":"max-image-preview:large","max-video-preview":"max-video-preview:-1"},"canonical":"https:\/\/empow-her.com\/es\/produit\/speedpitching-boost-ton-pitch\/","og_locale":"es_ES","og_type":"article","og_title":"Happy Her - sp\u00e9cial Speed-Pitching pour booster ton pitch avec Farah &#x1f389; -","og_description":"Travaille ta prise de parole avec d'autres femmes lors d'un speed-pitching ce mercredi 7 septembre de 19h \u00e0 20h30 lors d'un Happy Her !","og_url":"https:\/\/empow-her.com\/es\/produit\/speedpitching-boost-ton-pitch\/","og_site_name":"Empow&#039;Her","article_modified_time":"2022-09-28T09:40:56+00:00","og_image":[{"width":1080,"height":1080,"url":"https:\/\/empow-her.com\/wp-content\/uploads\/2022\/07\/Template-Event-SistHer-site-.png","type":"image\/png"}],"twitter_card":"summary_large_image","twitter_misc":{"Tiempo de lectura":"1 minuto"},"schema":{"@context":"https:\/\/schema.org","@graph":[{"@type":"WebPage","@id":"https:\/\/empow-her.com\/es\/produit\/speedpitching-boost-ton-pitch\/","url":"https:\/\/empow-her.com\/es\/produit\/speedpitching-boost-ton-pitch\/","name":"Happy Her - sp\u00e9cial Speed-Pitching pour booster ton pitch avec Farah &#x1f389; -","isPartOf":{"@id":"https:\/\/empow-her.com\/#website"},"primaryImageOfPage":{"@id":"https:\/\/empow-her.com\/es\/produit\/speedpitching-boost-ton-pitch\/#primaryimage"},"image":{"@id":"https:\/\/empow-her.com\/es\/produit\/speedpitching-boost-ton-pitch\/#primaryimage"},"thumbnailUrl":"https:\/\/empow-her.com\/wp-content\/uploads\/2022\/07\/Template-Event-SistHer-site-.png","datePublished":"2022-07-20T12:22:48+00:00","dateModified":"2022-09-28T09:40:56+00:00","description":"Travaille ta prise de parole avec d'autres femmes lors d'un speed-pitching ce mercredi 7 septembre de 19h \u00e0 20h30 lors d'un Happy Her !","breadcrumb":{"@id":"https:\/\/empow-her.com\/es\/produit\/speedpitching-boost-ton-pitch\/#breadcrumb"},"inLanguage":"es","potentialAction":[{"@type":"ReadAction","target":["https:\/\/empow-her.com\/es\/produit\/speedpitching-boost-ton-pitch\/"]}]},{"@type":"ImageObject","inLanguage":"es","@id":"https:\/\/empow-her.com\/es\/produit\/speedpitching-boost-ton-pitch\/#primaryimage","url":"https:\/\/empow-her.com\/wp-content\/uploads\/2022\/07\/Template-Event-SistHer-site-.png","contentUrl":"https:\/\/empow-her.com\/wp-content\/uploads\/2022\/07\/Template-Event-SistHer-site-.png","width":1080,"height":1080},{"@type":"BreadcrumbList","@id":"https:\/\/empow-her.com\/es\/produit\/speedpitching-boost-ton-pitch\/#breadcrumb","itemListElement":[{"@type":"ListItem","position":1,"name":"Accueil","item":"https:\/\/empow-her.com\/es\/inicio\/"},{"@type":"ListItem","position":2,"name":"LA BOUTIQUE","item":"https:\/\/empow-her.com\/boutique\/"},{"@type":"ListItem","position":3,"name":"Happy Her &#8211; sp\u00e9cial Speed-Pitching pour booster ton pitch avec Farah &#x1f389;"}]},{"@type":"WebSite","@id":"https:\/\/empow-her.com\/#website","url":"https:\/\/empow-her.com\/","name":"Empow&#039;Her","description":"Women Development","potentialAction":[{"@type":"SearchAction","target":{"@type":"EntryPoint","urlTemplate":"https:\/\/empow-her.com\/?s={search_term_string}"},"query-input":{"@type":"PropertyValueSpecification","valueRequired":true,"valueName":"search_term_string"}}],"inLanguage":"es"}]}},"_links":{"self":[{"href":"https:\/\/empow-her.com\/es\/wp-json\/wp\/v2\/product\/121366","targetHints":{"allow":["GET"]}}],"collection":[{"href":"https:\/\/empow-her.com\/es\/wp-json\/wp\/v2\/product"}],"about":[{"href":"https:\/\/empow-her.com\/es\/wp-json\/wp\/v2\/types\/product"}],"wp:featuredmedia":[{"embeddable":true,"href":"https:\/\/empow-her.com\/es\/wp-json\/wp\/v2\/media\/121367"}],"wp:attachment":[{"href":"https:\/\/empow-her.com\/es\/wp-json\/wp\/v2\/media?parent=121366"}],"wp:term":[{"taxonomy":"product_brand","embeddable":true,"href":"https:\/\/empow-her.com\/es\/wp-json\/wp\/v2\/product_brand?post=121366"},{"taxonomy":"product_cat","embeddable":true,"href":"https:\/\/empow-her.com\/es\/wp-json\/wp\/v2\/product_cat?post=121366"},{"taxonomy":"product_tag","embeddable":true,"href":"https:\/\/empow-her.com\/es\/wp-json\/wp\/v2\/product_tag?post=121366"},{"taxonomy":"lieu","embeddable":true,"href":"https:\/\/empow-her.com\/es\/wp-json\/wp\/v2\/lieu?post=121366"},{"taxonomy":"thematiques","embeddable":true,"href":"https:\/\/empow-her.com\/es\/wp-json\/wp\/v2\/thematiques?post=121366"}],"curies":[{"name":"wp","href":"https:\/\/api.w.org\/{rel}","templated":true}]}}