{"id":121263,"date":"2022-07-12T12:39:39","date_gmt":"2022-07-12T10:39:39","guid":{"rendered":"https:\/\/empow-her.com\/?post_type=product&#038;p=121263"},"modified":"2022-08-12T11:23:18","modified_gmt":"2022-08-12T09:23:18","slug":"coaching-construire-et-solliciter-un-reseau-pour-trouver-mes-bonnes-fees-3","status":"publish","type":"product","link":"https:\/\/empow-her.com\/es\/produit\/coaching-construire-et-solliciter-un-reseau-pour-trouver-mes-bonnes-fees-3\/","title":{"rendered":"Coaching &#8211; Construire et solliciter un r\u00e9seau pour trouver mes bonnes f\u00e9es"},"content":{"rendered":"","protected":false},"excerpt":{"rendered":"<p><strong>Description<\/strong> : <span data-sheets-value=\"{&quot;1&quot;:2,&quot;2&quot;:&quot;L\u2019un des pire ennemis qui guette une entrepreneure qui se lance est la solitude. Une des plus grandes forces de celles qui r\u00e9ussissent c\u2019est de savoir s\u2019entourer des bonnes personnes, s\u2019appuyer sur un r\u00e9seau, construire une communaut\u00e9 engag\u00e9e, cr\u00e9er des dynamiques de travail collaboratives qui donnent de l\u2019autonomie aux personnes qui auront envie contribuer.\\nComment trouver ce soutien d\u00e8s les premi\u00e8res \u00e9tapes d\u2019un projet ? Comment apprendre \u00e0 embarquer et solliciter les bonnes personnes, faire grandir ce premier cercle et en faire de r\u00e9els ambassadeurs ?\\n\\nLors de ce coaching, identifiez sur quels soutiens cl\u00e9s vous appuyer et comment d\u00e9velopper une communaut\u00e9 autour de vous et de votre projet. &quot;}\" data-sheets-userformat=\"{&quot;2&quot;:4993,&quot;3&quot;:{&quot;1&quot;:0},&quot;10&quot;:1,&quot;11&quot;:4,&quot;12&quot;:0,&quot;15&quot;:&quot;Hind&quot;}\">L\u2019un des pire ennemis qui guette une entrepreneure qui se lance est la solitude. Une des plus grandes forces de celles qui r\u00e9ussissent c\u2019est de savoir s\u2019entourer des bonnes personnes, s\u2019appuyer sur un r\u00e9seau, construire une communaut\u00e9 engag\u00e9e, cr\u00e9er des dynamiques de travail collaboratives qui donnent de l\u2019autonomie aux personnes qui auront envie contribuer.<br \/>\nComment trouver ce soutien d\u00e8s les premi\u00e8res \u00e9tapes d\u2019un projet ? Comment apprendre \u00e0 embarquer et solliciter les bonnes personnes, faire grandir ce premier cercle et en faire de r\u00e9els ambassadeurs ?<\/p>\n<p>Lors de ce coaching, identifiez sur quels soutiens cl\u00e9s vous appuyer et comment d\u00e9velopper une communaut\u00e9 autour de vous et de votre projet. <\/span><\/p>\n<p><span data-sheets-value=\"{&quot;1&quot;:2,&quot;2&quot;:&quot;Description : \\n\\nPr\u00e9-requis : \\n\\nIntervenant.e : \\n\\nSon super pouvoir : \\n\\nSon petit mot : &quot;}\" data-sheets-userformat=\"{&quot;2&quot;:641,&quot;3&quot;:{&quot;1&quot;:0},&quot;10&quot;:1,&quot;12&quot;:0}\"><strong>Pr\u00e9-requis<\/strong> : Aucun<\/p>\n<p><strong>Intervenant.e<\/strong> <strong>: Hanieh Hadizadeh de l&#8217;agence Bulles<\/strong><\/span><\/p>\n<p>J\u2019\u0153uvre aux c\u00f4t\u00e9s des organisations et personnes engag\u00e9es sur les questions de transition sociale et environnementale,de d\u00e9mocratie participative et me passionne pour l&#8217;intelligence collective et les projets ouverts.<br \/>\nJe mets \u00e9galement mon exp\u00e9rience de l\u2019aventure entrepreneuriale \u00e0 impact au service des entrepreneur.es et \u00e9tudiant.es. Parmi mes exp\u00e9riences marquantes : J&#8217;ai cofond\u00e9 en 2014 chez MakeSense la branche m\u00e9dias et \u00e9v\u00e8nementielle, particip\u00e9 au lancement de l&#8217;ONG Action Emploi R\u00e9fugi\u00e9s en 2016, co-cr\u00e9\u00e9 Investies.fr en 2020. Je suis aujourd&#8217;hui charg\u00e9e de campagne et plaidoyer chez D\u00e9mocratie Ouverte.<\/p>\n<p><span data-sheets-value=\"{&quot;1&quot;:2,&quot;2&quot;:&quot;Description : \\n\\nPr\u00e9-requis : \\n\\nIntervenant.e : \\n\\nSon super pouvoir : \\n\\nSon petit mot : &quot;}\" data-sheets-userformat=\"{&quot;2&quot;:641,&quot;3&quot;:{&quot;1&quot;:0},&quot;10&quot;:1,&quot;12&quot;:0}\"><strong>Son super pouvoir :<\/strong> Optimiste du nous<\/p>\n<p><strong>Son petit mot :<\/strong> L\u2019un des pire ennemis qui guette une entrepreneuse qui se lance est la solitude. Une des plus grandes forces de celles qui r\u00e9ussissent c\u2019est de savoir s\u2019entourer des bonnes personnes, solliciter son r\u00e9seau, construire une communaut\u00e9 engag\u00e9e et qui auront envie contribuer. <\/span><\/p>\n<p><strong>Dur\u00e9e<\/strong> : U<span data-sheets-value=\"{&quot;1&quot;:2,&quot;2&quot;:&quot;Permanence de 4h avec un cr\u00e9neau de 1h par participante (+ 15 minutes entre chaque)&quot;}\" data-sheets-userformat=\"{&quot;2&quot;:7167,&quot;3&quot;:{&quot;1&quot;:0},&quot;4&quot;:{&quot;1&quot;:2,&quot;2&quot;:16777215},&quot;5&quot;:{&quot;1&quot;:[{&quot;1&quot;:2,&quot;2&quot;:0,&quot;5&quot;:{&quot;1&quot;:2,&quot;2&quot;:0}},{&quot;1&quot;:0,&quot;2&quot;:0,&quot;3&quot;:3},{&quot;1&quot;:1,&quot;2&quot;:0,&quot;4&quot;:1}]},&quot;6&quot;:{&quot;1&quot;:[{&quot;1&quot;:2,&quot;2&quot;:0,&quot;5&quot;:{&quot;1&quot;:2,&quot;2&quot;:0}},{&quot;1&quot;:0,&quot;2&quot;:0,&quot;3&quot;:3},{&quot;1&quot;:1,&quot;2&quot;:0,&quot;4&quot;:1}]},&quot;7&quot;:{&quot;1&quot;:[{&quot;1&quot;:2,&quot;2&quot;:0,&quot;5&quot;:{&quot;1&quot;:2,&quot;2&quot;:0}},{&quot;1&quot;:0,&quot;2&quot;:0,&quot;3&quot;:3},{&quot;1&quot;:1,&quot;2&quot;:0,&quot;4&quot;:1}]},&quot;8&quot;:{&quot;1&quot;:[{&quot;1&quot;:2,&quot;2&quot;:0,&quot;5&quot;:{&quot;1&quot;:2,&quot;2&quot;:0}},{&quot;1&quot;:0,&quot;2&quot;:0,&quot;3&quot;:3},{&quot;1&quot;:1,&quot;2&quot;:0,&quot;4&quot;:1}]},&quot;9&quot;:0,&quot;10&quot;:1,&quot;11&quot;:4,&quot;12&quot;:0,&quot;14&quot;:{&quot;1&quot;:2,&quot;2&quot;:0},&quot;15&quot;:&quot;Calibri&quot;}\">n cr\u00e9neau de 1h en individuel<\/span><\/p>\n<p>&nbsp;<\/p>\n<p><span data-sheets-value=\"{&quot;1&quot;:2,&quot;2&quot;:&quot;Attention ! \u00a0Veuillez vous pr\u00e9sentez \u00e0 l'heure pour que l'activit\u00e9 puisse commencer \u00e0 temps. Si vous avez du retard veuillez pr\u00e9venir l'intervenant.e. Si vous avez plus de 15 min de retard l'intervenant.e se r\u00e9serve le droit de plus vous accepter pour le coaching ou l'atelier.\u00a0&quot;}\" data-sheets-userformat=\"{&quot;2&quot;:641,&quot;3&quot;:{&quot;1&quot;:0},&quot;10&quot;:1,&quot;12&quot;:0}\"><strong>Attention !<\/strong> \u00a0Veuillez vous pr\u00e9sentez \u00e0 l&#8217;heure pour que l&#8217;activit\u00e9 puisse commencer \u00e0 temps. Si vous avez du retard veuillez pr\u00e9venir l&#8217;intervenant.e. Si vous avez plus de 15 min de retard l&#8217;intervenant.e se r\u00e9serve le droit de plus vous accepter pour le coaching ou l&#8217;atelier.\u00a0<\/span><\/p>\n<p>&nbsp;<\/p>\n<p>Ce projet est co-financ\u00e9 par le Fonds Social Europ\u00e9en.<\/p>\n<p><img decoding=\"async\" class=\"alignnone size-medium wp-image-15794\" src=\"https:\/\/empow-her.com\/wp-content\/uploads\/2021\/07\/fse-logos-1-300x54.png\" alt=\"\" width=\"300\" height=\"54\" srcset=\"https:\/\/empow-her.com\/wp-content\/uploads\/2021\/07\/fse-logos-1-300x54.png 300w, https:\/\/empow-her.com\/wp-content\/uploads\/2021\/07\/fse-logos-1-600x108.png 600w, https:\/\/empow-her.com\/wp-content\/uploads\/2021\/07\/fse-logos-1-1024x184.png 1024w, https:\/\/empow-her.com\/wp-content\/uploads\/2021\/07\/fse-logos-1-768x138.png 768w, https:\/\/empow-her.com\/wp-content\/uploads\/2021\/07\/fse-logos-1-1536x275.png 1536w, https:\/\/empow-her.com\/wp-content\/uploads\/2021\/07\/fse-logos-1-2048x367.png 2048w, https:\/\/empow-her.com\/wp-content\/uploads\/2021\/07\/fse-logos-1-24x4.png 24w, https:\/\/empow-her.com\/wp-content\/uploads\/2021\/07\/fse-logos-1-36x6.png 36w, https:\/\/empow-her.com\/wp-content\/uploads\/2021\/07\/fse-logos-1-48x9.png 48w\" sizes=\"(max-width: 300px) 100vw, 300px\" \/><\/p>\n","protected":false},"featured_media":121264,"template":"","format":"standard","meta":{"_acf_changed":false,"om_disable_all_campaigns":false,"_uf_show_specific_survey":0,"_uf_disable_surveys":false},"product_brand":[],"product_cat":[121],"product_tag":[],"lieu":[125],"thematiques":[],"class_list":{"0":"post-121263","1":"product","2":"type-product","3":"status-publish","4":"format-standard","5":"has-post-thumbnail","7":"product_cat-coaching","8":"lieu-en-ligne","10":"first","11":"instock","12":"virtual","13":"purchasable","14":"product-type-appointment"},"exclude_global_add_ons":[],"addons":[],"acf":[],"yoast_head":"<!-- This site is optimized with the Yoast SEO plugin v24.8 - https:\/\/yoast.com\/wordpress\/plugins\/seo\/ -->\n<title>Coaching - Construire et solliciter un r\u00e9seau pour trouver mes bonnes f\u00e9es - Empow&#039;Her<\/title>\n<meta name=\"robots\" content=\"index, follow, max-snippet:-1, max-image-preview:large, max-video-preview:-1\" \/>\n<link rel=\"canonical\" href=\"https:\/\/empow-her.com\/es\/produit\/coaching-construire-et-solliciter-un-reseau-pour-trouver-mes-bonnes-fees-3\/\" \/>\n<meta property=\"og:locale\" content=\"es_ES\" \/>\n<meta property=\"og:type\" content=\"article\" \/>\n<meta property=\"og:title\" content=\"Coaching - Construire et solliciter un r\u00e9seau pour trouver mes bonnes f\u00e9es - Empow&#039;Her\" \/>\n<meta property=\"og:description\" content=\"Description : L\u2019un des pire ennemis qui guette une entrepreneure qui se lance est la solitude. Une des plus grandes forces de celles qui r\u00e9ussissent c\u2019est de savoir s\u2019entourer des bonnes personnes, s\u2019appuyer sur un r\u00e9seau, construire une communaut\u00e9 engag\u00e9e, cr\u00e9er des dynamiques de travail collaboratives qui donnent de l\u2019autonomie aux personnes qui auront envie contribuer. Comment trouver ce soutien d\u00e8s les premi\u00e8res \u00e9tapes d\u2019un projet ? Comment apprendre \u00e0 embarquer et solliciter les bonnes personnes, faire grandir ce premier cercle et en faire de r\u00e9els ambassadeurs ?  Lors de ce coaching, identifiez sur quels soutiens cl\u00e9s vous appuyer et comment d\u00e9velopper une communaut\u00e9 autour de vous et de votre projet.   Pr\u00e9-requis : Aucun  Intervenant.e : Hanieh Hadizadeh de l&#039;agence Bulles  J\u2019\u0153uvre aux c\u00f4t\u00e9s des organisations et personnes engag\u00e9es sur les questions de transition sociale et environnementale,de d\u00e9mocratie participative et me passionne pour l&#039;intelligence collective et les projets ouverts. Je mets \u00e9galement mon exp\u00e9rience de l\u2019aventure entrepreneuriale \u00e0 impact au service des entrepreneur.es et \u00e9tudiant.es. Parmi mes exp\u00e9riences marquantes : J&#039;ai cofond\u00e9 en 2014 chez MakeSense la branche m\u00e9dias et \u00e9v\u00e8nementielle, particip\u00e9 au lancement de l&#039;ONG Action Emploi R\u00e9fugi\u00e9s en 2016, co-cr\u00e9\u00e9 Investies.fr en 2020. Je suis aujourd&#039;hui charg\u00e9e de campagne et plaidoyer chez D\u00e9mocratie Ouverte.  Son super pouvoir : Optimiste du nous  Son petit mot : L\u2019un des pire ennemis qui guette une entrepreneuse qui se lance est la solitude. Une des plus grandes forces de celles qui r\u00e9ussissent c\u2019est de savoir s\u2019entourer des bonnes personnes, solliciter son r\u00e9seau, construire une communaut\u00e9 engag\u00e9e et qui auront envie contribuer.   Dur\u00e9e : Un cr\u00e9neau de 1h en individuel  &nbsp;  Attention ! \u00a0Veuillez vous pr\u00e9sentez \u00e0 l&#039;heure pour que l&#039;activit\u00e9 puisse commencer \u00e0 temps. Si vous avez du retard veuillez pr\u00e9venir l&#039;intervenant.e. Si vous avez plus de 15 min de retard l&#039;intervenant.e se r\u00e9serve le droit de plus vous accepter pour le coaching ou l&#039;atelier.\u00a0  &nbsp;  Ce projet est co-financ\u00e9 par le Fonds Social Europ\u00e9en.\" \/>\n<meta property=\"og:url\" content=\"https:\/\/empow-her.com\/es\/produit\/coaching-construire-et-solliciter-un-reseau-pour-trouver-mes-bonnes-fees-3\/\" \/>\n<meta property=\"og:site_name\" content=\"Empow&#039;Her\" \/>\n<meta property=\"article:modified_time\" content=\"2022-08-12T09:23:18+00:00\" \/>\n<meta property=\"og:image\" content=\"https:\/\/empow-her.com\/wp-content\/uploads\/2022\/07\/Women-Dare-templates-events-89.png\" \/>\n\t<meta property=\"og:image:width\" content=\"1080\" \/>\n\t<meta property=\"og:image:height\" content=\"1080\" \/>\n\t<meta property=\"og:image:type\" content=\"image\/png\" \/>\n<meta name=\"twitter:card\" content=\"summary_large_image\" \/>\n<script type=\"application\/ld+json\" class=\"yoast-schema-graph\">{\"@context\":\"https:\/\/schema.org\",\"@graph\":[{\"@type\":\"WebPage\",\"@id\":\"https:\/\/empow-her.com\/es\/produit\/coaching-construire-et-solliciter-un-reseau-pour-trouver-mes-bonnes-fees-3\/\",\"url\":\"https:\/\/empow-her.com\/es\/produit\/coaching-construire-et-solliciter-un-reseau-pour-trouver-mes-bonnes-fees-3\/\",\"name\":\"Coaching - Construire et solliciter un r\u00e9seau pour trouver mes bonnes f\u00e9es - Empow&#039;Her\",\"isPartOf\":{\"@id\":\"https:\/\/empow-her.com\/#website\"},\"primaryImageOfPage\":{\"@id\":\"https:\/\/empow-her.com\/es\/produit\/coaching-construire-et-solliciter-un-reseau-pour-trouver-mes-bonnes-fees-3\/#primaryimage\"},\"image\":{\"@id\":\"https:\/\/empow-her.com\/es\/produit\/coaching-construire-et-solliciter-un-reseau-pour-trouver-mes-bonnes-fees-3\/#primaryimage\"},\"thumbnailUrl\":\"https:\/\/empow-her.com\/wp-content\/uploads\/2022\/07\/Women-Dare-templates-events-89.png\",\"datePublished\":\"2022-07-12T10:39:39+00:00\",\"dateModified\":\"2022-08-12T09:23:18+00:00\",\"breadcrumb\":{\"@id\":\"https:\/\/empow-her.com\/es\/produit\/coaching-construire-et-solliciter-un-reseau-pour-trouver-mes-bonnes-fees-3\/#breadcrumb\"},\"inLanguage\":\"es\",\"potentialAction\":[{\"@type\":\"ReadAction\",\"target\":[\"https:\/\/empow-her.com\/es\/produit\/coaching-construire-et-solliciter-un-reseau-pour-trouver-mes-bonnes-fees-3\/\"]}]},{\"@type\":\"ImageObject\",\"inLanguage\":\"es\",\"@id\":\"https:\/\/empow-her.com\/es\/produit\/coaching-construire-et-solliciter-un-reseau-pour-trouver-mes-bonnes-fees-3\/#primaryimage\",\"url\":\"https:\/\/empow-her.com\/wp-content\/uploads\/2022\/07\/Women-Dare-templates-events-89.png\",\"contentUrl\":\"https:\/\/empow-her.com\/wp-content\/uploads\/2022\/07\/Women-Dare-templates-events-89.png\",\"width\":1080,\"height\":1080},{\"@type\":\"BreadcrumbList\",\"@id\":\"https:\/\/empow-her.com\/es\/produit\/coaching-construire-et-solliciter-un-reseau-pour-trouver-mes-bonnes-fees-3\/#breadcrumb\",\"itemListElement\":[{\"@type\":\"ListItem\",\"position\":1,\"name\":\"Accueil\",\"item\":\"https:\/\/empow-her.com\/es\/inicio\/\"},{\"@type\":\"ListItem\",\"position\":2,\"name\":\"LA BOUTIQUE\",\"item\":\"https:\/\/empow-her.com\/boutique\/\"},{\"@type\":\"ListItem\",\"position\":3,\"name\":\"Coaching &#8211; Construire et solliciter un r\u00e9seau pour trouver mes bonnes f\u00e9es\"}]},{\"@type\":\"WebSite\",\"@id\":\"https:\/\/empow-her.com\/#website\",\"url\":\"https:\/\/empow-her.com\/\",\"name\":\"Empow&#039;Her\",\"description\":\"Women Development\",\"potentialAction\":[{\"@type\":\"SearchAction\",\"target\":{\"@type\":\"EntryPoint\",\"urlTemplate\":\"https:\/\/empow-her.com\/?s={search_term_string}\"},\"query-input\":{\"@type\":\"PropertyValueSpecification\",\"valueRequired\":true,\"valueName\":\"search_term_string\"}}],\"inLanguage\":\"es\"}]}<\/script>\n<!-- \/ Yoast SEO plugin. -->","yoast_head_json":{"title":"Coaching - Construire et solliciter un r\u00e9seau pour trouver mes bonnes f\u00e9es - Empow&#039;Her","robots":{"index":"index","follow":"follow","max-snippet":"max-snippet:-1","max-image-preview":"max-image-preview:large","max-video-preview":"max-video-preview:-1"},"canonical":"https:\/\/empow-her.com\/es\/produit\/coaching-construire-et-solliciter-un-reseau-pour-trouver-mes-bonnes-fees-3\/","og_locale":"es_ES","og_type":"article","og_title":"Coaching - Construire et solliciter un r\u00e9seau pour trouver mes bonnes f\u00e9es - Empow&#039;Her","og_description":"Description : L\u2019un des pire ennemis qui guette une entrepreneure qui se lance est la solitude. Une des plus grandes forces de celles qui r\u00e9ussissent c\u2019est de savoir s\u2019entourer des bonnes personnes, s\u2019appuyer sur un r\u00e9seau, construire une communaut\u00e9 engag\u00e9e, cr\u00e9er des dynamiques de travail collaboratives qui donnent de l\u2019autonomie aux personnes qui auront envie contribuer. Comment trouver ce soutien d\u00e8s les premi\u00e8res \u00e9tapes d\u2019un projet ? Comment apprendre \u00e0 embarquer et solliciter les bonnes personnes, faire grandir ce premier cercle et en faire de r\u00e9els ambassadeurs ?  Lors de ce coaching, identifiez sur quels soutiens cl\u00e9s vous appuyer et comment d\u00e9velopper une communaut\u00e9 autour de vous et de votre projet.   Pr\u00e9-requis : Aucun  Intervenant.e : Hanieh Hadizadeh de l'agence Bulles  J\u2019\u0153uvre aux c\u00f4t\u00e9s des organisations et personnes engag\u00e9es sur les questions de transition sociale et environnementale,de d\u00e9mocratie participative et me passionne pour l'intelligence collective et les projets ouverts. Je mets \u00e9galement mon exp\u00e9rience de l\u2019aventure entrepreneuriale \u00e0 impact au service des entrepreneur.es et \u00e9tudiant.es. Parmi mes exp\u00e9riences marquantes : J'ai cofond\u00e9 en 2014 chez MakeSense la branche m\u00e9dias et \u00e9v\u00e8nementielle, particip\u00e9 au lancement de l'ONG Action Emploi R\u00e9fugi\u00e9s en 2016, co-cr\u00e9\u00e9 Investies.fr en 2020. Je suis aujourd'hui charg\u00e9e de campagne et plaidoyer chez D\u00e9mocratie Ouverte.  Son super pouvoir : Optimiste du nous  Son petit mot : L\u2019un des pire ennemis qui guette une entrepreneuse qui se lance est la solitude. Une des plus grandes forces de celles qui r\u00e9ussissent c\u2019est de savoir s\u2019entourer des bonnes personnes, solliciter son r\u00e9seau, construire une communaut\u00e9 engag\u00e9e et qui auront envie contribuer.   Dur\u00e9e : Un cr\u00e9neau de 1h en individuel  &nbsp;  Attention ! \u00a0Veuillez vous pr\u00e9sentez \u00e0 l'heure pour que l'activit\u00e9 puisse commencer \u00e0 temps. Si vous avez du retard veuillez pr\u00e9venir l'intervenant.e. Si vous avez plus de 15 min de retard l'intervenant.e se r\u00e9serve le droit de plus vous accepter pour le coaching ou l'atelier.\u00a0  &nbsp;  Ce projet est co-financ\u00e9 par le Fonds Social Europ\u00e9en.","og_url":"https:\/\/empow-her.com\/es\/produit\/coaching-construire-et-solliciter-un-reseau-pour-trouver-mes-bonnes-fees-3\/","og_site_name":"Empow&#039;Her","article_modified_time":"2022-08-12T09:23:18+00:00","og_image":[{"width":1080,"height":1080,"url":"https:\/\/empow-her.com\/wp-content\/uploads\/2022\/07\/Women-Dare-templates-events-89.png","type":"image\/png"}],"twitter_card":"summary_large_image","schema":{"@context":"https:\/\/schema.org","@graph":[{"@type":"WebPage","@id":"https:\/\/empow-her.com\/es\/produit\/coaching-construire-et-solliciter-un-reseau-pour-trouver-mes-bonnes-fees-3\/","url":"https:\/\/empow-her.com\/es\/produit\/coaching-construire-et-solliciter-un-reseau-pour-trouver-mes-bonnes-fees-3\/","name":"Coaching - Construire et solliciter un r\u00e9seau pour trouver mes bonnes f\u00e9es - Empow&#039;Her","isPartOf":{"@id":"https:\/\/empow-her.com\/#website"},"primaryImageOfPage":{"@id":"https:\/\/empow-her.com\/es\/produit\/coaching-construire-et-solliciter-un-reseau-pour-trouver-mes-bonnes-fees-3\/#primaryimage"},"image":{"@id":"https:\/\/empow-her.com\/es\/produit\/coaching-construire-et-solliciter-un-reseau-pour-trouver-mes-bonnes-fees-3\/#primaryimage"},"thumbnailUrl":"https:\/\/empow-her.com\/wp-content\/uploads\/2022\/07\/Women-Dare-templates-events-89.png","datePublished":"2022-07-12T10:39:39+00:00","dateModified":"2022-08-12T09:23:18+00:00","breadcrumb":{"@id":"https:\/\/empow-her.com\/es\/produit\/coaching-construire-et-solliciter-un-reseau-pour-trouver-mes-bonnes-fees-3\/#breadcrumb"},"inLanguage":"es","potentialAction":[{"@type":"ReadAction","target":["https:\/\/empow-her.com\/es\/produit\/coaching-construire-et-solliciter-un-reseau-pour-trouver-mes-bonnes-fees-3\/"]}]},{"@type":"ImageObject","inLanguage":"es","@id":"https:\/\/empow-her.com\/es\/produit\/coaching-construire-et-solliciter-un-reseau-pour-trouver-mes-bonnes-fees-3\/#primaryimage","url":"https:\/\/empow-her.com\/wp-content\/uploads\/2022\/07\/Women-Dare-templates-events-89.png","contentUrl":"https:\/\/empow-her.com\/wp-content\/uploads\/2022\/07\/Women-Dare-templates-events-89.png","width":1080,"height":1080},{"@type":"BreadcrumbList","@id":"https:\/\/empow-her.com\/es\/produit\/coaching-construire-et-solliciter-un-reseau-pour-trouver-mes-bonnes-fees-3\/#breadcrumb","itemListElement":[{"@type":"ListItem","position":1,"name":"Accueil","item":"https:\/\/empow-her.com\/es\/inicio\/"},{"@type":"ListItem","position":2,"name":"LA BOUTIQUE","item":"https:\/\/empow-her.com\/boutique\/"},{"@type":"ListItem","position":3,"name":"Coaching &#8211; Construire et solliciter un r\u00e9seau pour trouver mes bonnes f\u00e9es"}]},{"@type":"WebSite","@id":"https:\/\/empow-her.com\/#website","url":"https:\/\/empow-her.com\/","name":"Empow&#039;Her","description":"Women Development","potentialAction":[{"@type":"SearchAction","target":{"@type":"EntryPoint","urlTemplate":"https:\/\/empow-her.com\/?s={search_term_string}"},"query-input":{"@type":"PropertyValueSpecification","valueRequired":true,"valueName":"search_term_string"}}],"inLanguage":"es"}]}},"_links":{"self":[{"href":"https:\/\/empow-her.com\/es\/wp-json\/wp\/v2\/product\/121263","targetHints":{"allow":["GET"]}}],"collection":[{"href":"https:\/\/empow-her.com\/es\/wp-json\/wp\/v2\/product"}],"about":[{"href":"https:\/\/empow-her.com\/es\/wp-json\/wp\/v2\/types\/product"}],"wp:featuredmedia":[{"embeddable":true,"href":"https:\/\/empow-her.com\/es\/wp-json\/wp\/v2\/media\/121264"}],"wp:attachment":[{"href":"https:\/\/empow-her.com\/es\/wp-json\/wp\/v2\/media?parent=121263"}],"wp:term":[{"taxonomy":"product_brand","embeddable":true,"href":"https:\/\/empow-her.com\/es\/wp-json\/wp\/v2\/product_brand?post=121263"},{"taxonomy":"product_cat","embeddable":true,"href":"https:\/\/empow-her.com\/es\/wp-json\/wp\/v2\/product_cat?post=121263"},{"taxonomy":"product_tag","embeddable":true,"href":"https:\/\/empow-her.com\/es\/wp-json\/wp\/v2\/product_tag?post=121263"},{"taxonomy":"lieu","embeddable":true,"href":"https:\/\/empow-her.com\/es\/wp-json\/wp\/v2\/lieu?post=121263"},{"taxonomy":"thematiques","embeddable":true,"href":"https:\/\/empow-her.com\/es\/wp-json\/wp\/v2\/thematiques?post=121263"}],"curies":[{"name":"wp","href":"https:\/\/api.w.org\/{rel}","templated":true}]}}