{"id":121199,"date":"2022-07-12T10:59:48","date_gmt":"2022-07-12T08:59:48","guid":{"rendered":"https:\/\/empow-her.com\/?post_type=product&#038;p=121199"},"modified":"2022-08-12T16:00:07","modified_gmt":"2022-08-12T14:00:07","slug":"atelier-mappuyer-sur-mes-forces-pour-mapproprier-mon-identite-de-leader","status":"publish","type":"product","link":"https:\/\/empow-her.com\/es\/produit\/atelier-mappuyer-sur-mes-forces-pour-mapproprier-mon-identite-de-leader\/","title":{"rendered":"Atelier &#8211; M&#8217;appuyer sur mes forces pour m&#8217;approprier mon identit\u00e9 de leader"},"content":{"rendered":"","protected":false},"excerpt":{"rendered":"<div>\n<div>\n<div>\n<p><strong>Description<\/strong> : <span data-sheets-value=\"{&quot;1&quot;:2,&quot;2&quot;:&quot;Qu'est-ce qui fait un\u00b7e\u00a0leader ? Quelle leader souhaitez-vous devenir ? Nos repr\u00e9sentations st\u00e9r\u00e9otyp\u00e9es du leadership peuvent diminuer notre confiance en nous et nous emp\u00eacher de reconna\u00eetre et d'exprimer les forces uniques qui feraient pourtant de nous les leaders inspirant\u00b7e\u00b7s que nous r\u00eavons d'incarner.\\n\\nDans cet atelier, Claire Bourrasset, coache sp\u00e9cialiste de l'empowerment et du leadership, vous accompagnera dans l'exploration de vos repr\u00e9sentations. Vous apprendrez \u00e0 vous r\u00e9-appropriez la figure de leader et \u00e0 reconna\u00eetre vos forces uniques pour les mettre au service de vos ambitions.&quot;}\" data-sheets-userformat=\"{&quot;2&quot;:1053569,&quot;3&quot;:{&quot;1&quot;:0},&quot;10&quot;:1,&quot;11&quot;:4,&quot;12&quot;:0,&quot;15&quot;:&quot;Hind&quot;,&quot;23&quot;:1}\">Qu&#8217;est-ce qui fait un\u00b7e\u00a0leader ? Quelle leader souhaitez-vous devenir ? Nos repr\u00e9sentations st\u00e9r\u00e9otyp\u00e9es du leadership peuvent diminuer notre confiance en nous et nous emp\u00eacher de reconna\u00eetre et d&#8217;exprimer les forces uniques qui feraient pourtant de nous les leaders inspirant\u00b7e\u00b7s que nous r\u00eavons d&#8217;incarner.<\/p>\n<p>Dans cet atelier, Claire Bourrasset, coache sp\u00e9cialiste de l&#8217;empowerment et du leadership, vous accompagnera dans l&#8217;exploration de vos repr\u00e9sentations. Vous apprendrez \u00e0 vous r\u00e9-appropriez la figure de leader et \u00e0 reconna\u00eetre vos forces uniques pour les mettre au service de vos ambitions.<\/span><\/p>\n<p><span data-sheets-value=\"{&quot;1&quot;:2,&quot;2&quot;:&quot;Description : \\n\\nPr\u00e9-requis : \\n\\nIntervenant.e : \\n\\nSon super pouvoir : \\n\\nSon petit mot : &quot;}\" data-sheets-userformat=\"{&quot;2&quot;:641,&quot;3&quot;:{&quot;1&quot;:0},&quot;10&quot;:1,&quot;12&quot;:0}\"><strong>Pr\u00e9-requis<\/strong>\u00a0: Aucun<\/span><\/p>\n<p><strong>Intervenant.e<\/strong>\u00a0<strong>: Claire Bourrasset de ROUj<\/strong><\/p>\n<p>Coach professionnelle, je suis engag\u00e9e dans une v\u00e9ritable r\u00e9volution du leadership. Mon combat est double :<br \/>\n\u2013 Permettre l\u2019\u00e9mergence de nouveaux et nouvelles leaders plus repr\u00e9sentatif.ves de la soci\u00e9t\u00e9.<br \/>\n\u2013 Transformer nos repr\u00e9sentations du leadership pour autoriser l\u2019humanit\u00e9 et la singularit\u00e9 de chacun.e \u00e0 rayonner.<\/p>\n<p>Je suis sp\u00e9cialiste de l\u2019empowerment tant au niveau individuel : l\u00e9gitimit\u00e9, talents, affirmation de soi, confiance en soi\u2026 ; qu\u2019au niveau du leadership : comment devenir un.e vrai.e leader de leaders, capable de faire grandir les personnes autour de soi !<\/p>\n<p>J\u2019accompagne en particulier dans cette qu\u00eate, tous ceux et celles qui souhaitent oeuvrer \u00e0 la construction d\u2019un monde plus juste et durable.<\/p>\n<p><span data-sheets-value=\"{&quot;1&quot;:2,&quot;2&quot;:&quot;Description : \\n\\nPr\u00e9-requis : \\n\\nIntervenant.e : \\n\\nSon super pouvoir : \\n\\nSon petit mot : &quot;}\" data-sheets-userformat=\"{&quot;2&quot;:641,&quot;3&quot;:{&quot;1&quot;:0},&quot;10&quot;:1,&quot;12&quot;:0}\"><strong>Son super pouvoir :<\/strong>\u00a0Mettre en lumi\u00e8re les personnes qui changent le monde<\/span><\/p>\n<p><strong>Son petit mot :<\/strong>\u00a0Oser r\u00eaver grand, vous n\u2019avez encore pas id\u00e9e de tout ce dont vous \u00eates capables ! Le monde a besoin des voix des femmes, c\u2019est votre moment.<\/p>\n<p><strong>Dur\u00e9e<\/strong> : 3 heures<\/p>\n<p><b>Lieu : <\/b>Sist&#8217;Her Paris, 82 rue du Faubourg Saint-Martin<\/p>\n<p>&nbsp;<\/p>\n<p><span data-sheets-value=\"{&quot;1&quot;:2,&quot;2&quot;:&quot;Attention ! \u00a0Veuillez vous pr\u00e9sentez \u00e0 l'heure pour que l'activit\u00e9 puisse commencer \u00e0 temps. Si vous avez du retard veuillez pr\u00e9venir l'intervenant.e. Si vous avez plus de 15 min de retard l'intervenant.e se r\u00e9serve le droit de plus vous accepter pour le coaching ou l'atelier.\u00a0&quot;}\" data-sheets-userformat=\"{&quot;2&quot;:641,&quot;3&quot;:{&quot;1&quot;:0},&quot;10&quot;:1,&quot;12&quot;:0}\"><strong>Attention !<\/strong> \u00a0Veuillez vous pr\u00e9sentez \u00e0 l\u2019heure pour que l\u2019activit\u00e9 puisse commencer \u00e0 temps. Si vous avez du retard veuillez pr\u00e9venir l\u2019intervenant.e. Si vous avez plus de 15 min de retard l\u2019intervenant.e se r\u00e9serve le droit de plus vous accepter pour le coaching ou l\u2019atelier.\u00a0<\/span><\/p>\n<\/div>\n<\/div>\n<\/div>\n<div><\/div>\n<div><\/div>\n<p>Ce projet est co-financ\u00e9 par le Fonds Social Europ\u00e9en.<\/p>\n<p><img decoding=\"async\" class=\"\" src=\"https:\/\/www.sep-asso.fr\/wp-content\/uploads\/2018\/02\/logo-union-europeenne.png\" alt=\"logo union europeenne \u2013 SEP\" width=\"87\" height=\"72\" \/>\u00a0\u00a0<img decoding=\"async\" class=\"alignnone wp-image-15218\" src=\"https:\/\/empow-her.com\/wp-content\/uploads\/2021\/06\/logo_fonds_social_europeen-300x187.png\" alt=\"\" width=\"104\" height=\"65\" srcset=\"https:\/\/empow-her.com\/wp-content\/uploads\/2021\/06\/logo_fonds_social_europeen-300x187.png 300w, https:\/\/empow-her.com\/wp-content\/uploads\/2021\/06\/logo_fonds_social_europeen-600x375.png 600w, https:\/\/empow-her.com\/wp-content\/uploads\/2021\/06\/logo_fonds_social_europeen-24x15.png 24w, https:\/\/empow-her.com\/wp-content\/uploads\/2021\/06\/logo_fonds_social_europeen-36x22.png 36w, https:\/\/empow-her.com\/wp-content\/uploads\/2021\/06\/logo_fonds_social_europeen-48x30.png 48w, https:\/\/empow-her.com\/wp-content\/uploads\/2021\/06\/logo_fonds_social_europeen.png 666w\" sizes=\"(max-width: 104px) 100vw, 104px\" \/>\u00a0<img decoding=\"async\" class=\"\" src=\"https:\/\/franceactive-idf.org\/wp-content\/uploads\/2020\/02\/logo-region-ile-de-france.png\" alt=\"Logo Region Ile De France - France Active \u00cele-de-France\" width=\"126\" height=\"29\" \/><\/p>\n","protected":false},"featured_media":121200,"template":"","format":"standard","meta":{"_acf_changed":false,"om_disable_all_campaigns":false,"_uf_show_specific_survey":0,"_uf_disable_surveys":false},"product_brand":[],"product_cat":[118],"product_tag":[],"lieu":[127],"thematiques":[],"class_list":{"0":"post-121199","1":"product","2":"type-product","3":"status-publish","4":"format-standard","5":"has-post-thumbnail","7":"product_cat-atelier-collectif","8":"lieu-hub-empowher","10":"first","11":"instock","12":"virtual","13":"purchasable","14":"product-type-appointment"},"exclude_global_add_ons":[],"addons":[],"acf":[],"yoast_head":"<!-- This site is optimized with the Yoast SEO plugin v24.8 - https:\/\/yoast.com\/wordpress\/plugins\/seo\/ -->\n<title>Atelier - M&#039;appuyer sur mes forces pour m&#039;approprier mon identit\u00e9 de leader - Empow&#039;Her<\/title>\n<meta name=\"robots\" content=\"index, follow, max-snippet:-1, max-image-preview:large, max-video-preview:-1\" \/>\n<link rel=\"canonical\" href=\"https:\/\/empow-her.com\/produit\/atelier-mappuyer-sur-mes-forces-pour-mapproprier-mon-identite-de-leader\/\" \/>\n<meta property=\"og:locale\" content=\"es_ES\" \/>\n<meta property=\"og:type\" content=\"article\" \/>\n<meta property=\"og:title\" content=\"Atelier - M&#039;appuyer sur mes forces pour m&#039;approprier mon identit\u00e9 de leader - Empow&#039;Her\" \/>\n<meta property=\"og:description\" content=\"Description : Qu&#039;est-ce qui fait un\u00b7e\u00a0leader ? Quelle leader souhaitez-vous devenir ? Nos repr\u00e9sentations st\u00e9r\u00e9otyp\u00e9es du leadership peuvent diminuer notre confiance en nous et nous emp\u00eacher de reconna\u00eetre et d&#039;exprimer les forces uniques qui feraient pourtant de nous les leaders inspirant\u00b7e\u00b7s que nous r\u00eavons d&#039;incarner.  Dans cet atelier, Claire Bourrasset, coache sp\u00e9cialiste de l&#039;empowerment et du leadership, vous accompagnera dans l&#039;exploration de vos repr\u00e9sentations. Vous apprendrez \u00e0 vous r\u00e9-appropriez la figure de leader et \u00e0 reconna\u00eetre vos forces uniques pour les mettre au service de vos ambitions.  Pr\u00e9-requis\u00a0: Aucun  Intervenant.e\u00a0: Claire Bourrasset de ROUj  Coach professionnelle, je suis engag\u00e9e dans une v\u00e9ritable r\u00e9volution du leadership. Mon combat est double : \u2013 Permettre l\u2019\u00e9mergence de nouveaux et nouvelles leaders plus repr\u00e9sentatif.ves de la soci\u00e9t\u00e9. \u2013 Transformer nos repr\u00e9sentations du leadership pour autoriser l\u2019humanit\u00e9 et la singularit\u00e9 de chacun.e \u00e0 rayonner.  Je suis sp\u00e9cialiste de l\u2019empowerment tant au niveau individuel : l\u00e9gitimit\u00e9, talents, affirmation de soi, confiance en soi\u2026 ; qu\u2019au niveau du leadership : comment devenir un.e vrai.e leader de leaders, capable de faire grandir les personnes autour de soi !  J\u2019accompagne en particulier dans cette qu\u00eate, tous ceux et celles qui souhaitent oeuvrer \u00e0 la construction d\u2019un monde plus juste et durable.  Son super pouvoir :\u00a0Mettre en lumi\u00e8re les personnes qui changent le monde  Son petit mot :\u00a0Oser r\u00eaver grand, vous n\u2019avez encore pas id\u00e9e de tout ce dont vous \u00eates capables ! Le monde a besoin des voix des femmes, c\u2019est votre moment.  Dur\u00e9e : 3 heures  Lieu : Sist&#039;Her Paris, 82 rue du Faubourg Saint-Martin  &nbsp;  Attention ! \u00a0Veuillez vous pr\u00e9sentez \u00e0 l\u2019heure pour que l\u2019activit\u00e9 puisse commencer \u00e0 temps. Si vous avez du retard veuillez pr\u00e9venir l\u2019intervenant.e. Si vous avez plus de 15 min de retard l\u2019intervenant.e se r\u00e9serve le droit de plus vous accepter pour le coaching ou l\u2019atelier.\u00a0       Ce projet est co-financ\u00e9 par le Fonds Social Europ\u00e9en.  \u00a0\u00a0\u00a0\" \/>\n<meta property=\"og:url\" content=\"https:\/\/empow-her.com\/produit\/atelier-mappuyer-sur-mes-forces-pour-mapproprier-mon-identite-de-leader\/\" \/>\n<meta property=\"og:site_name\" content=\"Empow&#039;Her\" \/>\n<meta property=\"article:modified_time\" content=\"2022-08-12T14:00:07+00:00\" \/>\n<meta property=\"og:image\" content=\"https:\/\/empow-her.com\/wp-content\/uploads\/2022\/07\/Women-Dare-templates-events-73.png\" \/>\n\t<meta property=\"og:image:width\" content=\"1080\" \/>\n\t<meta property=\"og:image:height\" content=\"1080\" \/>\n\t<meta property=\"og:image:type\" content=\"image\/png\" \/>\n<meta name=\"twitter:card\" content=\"summary_large_image\" \/>\n<script type=\"application\/ld+json\" class=\"yoast-schema-graph\">{\"@context\":\"https:\/\/schema.org\",\"@graph\":[{\"@type\":\"WebPage\",\"@id\":\"https:\/\/empow-her.com\/produit\/atelier-mappuyer-sur-mes-forces-pour-mapproprier-mon-identite-de-leader\/\",\"url\":\"https:\/\/empow-her.com\/produit\/atelier-mappuyer-sur-mes-forces-pour-mapproprier-mon-identite-de-leader\/\",\"name\":\"Atelier - M'appuyer sur mes forces pour m'approprier mon identit\u00e9 de leader - Empow&#039;Her\",\"isPartOf\":{\"@id\":\"https:\/\/empow-her.com\/#website\"},\"primaryImageOfPage\":{\"@id\":\"https:\/\/empow-her.com\/produit\/atelier-mappuyer-sur-mes-forces-pour-mapproprier-mon-identite-de-leader\/#primaryimage\"},\"image\":{\"@id\":\"https:\/\/empow-her.com\/produit\/atelier-mappuyer-sur-mes-forces-pour-mapproprier-mon-identite-de-leader\/#primaryimage\"},\"thumbnailUrl\":\"https:\/\/empow-her.com\/wp-content\/uploads\/2022\/07\/Women-Dare-templates-events-73.png\",\"datePublished\":\"2022-07-12T08:59:48+00:00\",\"dateModified\":\"2022-08-12T14:00:07+00:00\",\"breadcrumb\":{\"@id\":\"https:\/\/empow-her.com\/produit\/atelier-mappuyer-sur-mes-forces-pour-mapproprier-mon-identite-de-leader\/#breadcrumb\"},\"inLanguage\":\"es\",\"potentialAction\":[{\"@type\":\"ReadAction\",\"target\":[\"https:\/\/empow-her.com\/produit\/atelier-mappuyer-sur-mes-forces-pour-mapproprier-mon-identite-de-leader\/\"]}]},{\"@type\":\"ImageObject\",\"inLanguage\":\"es\",\"@id\":\"https:\/\/empow-her.com\/produit\/atelier-mappuyer-sur-mes-forces-pour-mapproprier-mon-identite-de-leader\/#primaryimage\",\"url\":\"https:\/\/empow-her.com\/wp-content\/uploads\/2022\/07\/Women-Dare-templates-events-73.png\",\"contentUrl\":\"https:\/\/empow-her.com\/wp-content\/uploads\/2022\/07\/Women-Dare-templates-events-73.png\",\"width\":1080,\"height\":1080},{\"@type\":\"BreadcrumbList\",\"@id\":\"https:\/\/empow-her.com\/produit\/atelier-mappuyer-sur-mes-forces-pour-mapproprier-mon-identite-de-leader\/#breadcrumb\",\"itemListElement\":[{\"@type\":\"ListItem\",\"position\":1,\"name\":\"Accueil\",\"item\":\"https:\/\/empow-her.com\/es\/inicio\/\"},{\"@type\":\"ListItem\",\"position\":2,\"name\":\"LA BOUTIQUE\",\"item\":\"https:\/\/empow-her.com\/boutique\/\"},{\"@type\":\"ListItem\",\"position\":3,\"name\":\"Atelier &#8211; M&#8217;appuyer sur mes forces pour m&#8217;approprier mon identit\u00e9 de leader\"}]},{\"@type\":\"WebSite\",\"@id\":\"https:\/\/empow-her.com\/#website\",\"url\":\"https:\/\/empow-her.com\/\",\"name\":\"Empow&#039;Her\",\"description\":\"Women Development\",\"potentialAction\":[{\"@type\":\"SearchAction\",\"target\":{\"@type\":\"EntryPoint\",\"urlTemplate\":\"https:\/\/empow-her.com\/?s={search_term_string}\"},\"query-input\":{\"@type\":\"PropertyValueSpecification\",\"valueRequired\":true,\"valueName\":\"search_term_string\"}}],\"inLanguage\":\"es\"}]}<\/script>\n<!-- \/ Yoast SEO plugin. -->","yoast_head_json":{"title":"Atelier - M'appuyer sur mes forces pour m'approprier mon identit\u00e9 de leader - Empow&#039;Her","robots":{"index":"index","follow":"follow","max-snippet":"max-snippet:-1","max-image-preview":"max-image-preview:large","max-video-preview":"max-video-preview:-1"},"canonical":"https:\/\/empow-her.com\/produit\/atelier-mappuyer-sur-mes-forces-pour-mapproprier-mon-identite-de-leader\/","og_locale":"es_ES","og_type":"article","og_title":"Atelier - M'appuyer sur mes forces pour m'approprier mon identit\u00e9 de leader - Empow&#039;Her","og_description":"Description : Qu'est-ce qui fait un\u00b7e\u00a0leader ? Quelle leader souhaitez-vous devenir ? Nos repr\u00e9sentations st\u00e9r\u00e9otyp\u00e9es du leadership peuvent diminuer notre confiance en nous et nous emp\u00eacher de reconna\u00eetre et d'exprimer les forces uniques qui feraient pourtant de nous les leaders inspirant\u00b7e\u00b7s que nous r\u00eavons d'incarner.  Dans cet atelier, Claire Bourrasset, coache sp\u00e9cialiste de l'empowerment et du leadership, vous accompagnera dans l'exploration de vos repr\u00e9sentations. Vous apprendrez \u00e0 vous r\u00e9-appropriez la figure de leader et \u00e0 reconna\u00eetre vos forces uniques pour les mettre au service de vos ambitions.  Pr\u00e9-requis\u00a0: Aucun  Intervenant.e\u00a0: Claire Bourrasset de ROUj  Coach professionnelle, je suis engag\u00e9e dans une v\u00e9ritable r\u00e9volution du leadership. Mon combat est double : \u2013 Permettre l\u2019\u00e9mergence de nouveaux et nouvelles leaders plus repr\u00e9sentatif.ves de la soci\u00e9t\u00e9. \u2013 Transformer nos repr\u00e9sentations du leadership pour autoriser l\u2019humanit\u00e9 et la singularit\u00e9 de chacun.e \u00e0 rayonner.  Je suis sp\u00e9cialiste de l\u2019empowerment tant au niveau individuel : l\u00e9gitimit\u00e9, talents, affirmation de soi, confiance en soi\u2026 ; qu\u2019au niveau du leadership : comment devenir un.e vrai.e leader de leaders, capable de faire grandir les personnes autour de soi !  J\u2019accompagne en particulier dans cette qu\u00eate, tous ceux et celles qui souhaitent oeuvrer \u00e0 la construction d\u2019un monde plus juste et durable.  Son super pouvoir :\u00a0Mettre en lumi\u00e8re les personnes qui changent le monde  Son petit mot :\u00a0Oser r\u00eaver grand, vous n\u2019avez encore pas id\u00e9e de tout ce dont vous \u00eates capables ! Le monde a besoin des voix des femmes, c\u2019est votre moment.  Dur\u00e9e : 3 heures  Lieu : Sist'Her Paris, 82 rue du Faubourg Saint-Martin  &nbsp;  Attention ! \u00a0Veuillez vous pr\u00e9sentez \u00e0 l\u2019heure pour que l\u2019activit\u00e9 puisse commencer \u00e0 temps. Si vous avez du retard veuillez pr\u00e9venir l\u2019intervenant.e. Si vous avez plus de 15 min de retard l\u2019intervenant.e se r\u00e9serve le droit de plus vous accepter pour le coaching ou l\u2019atelier.\u00a0       Ce projet est co-financ\u00e9 par le Fonds Social Europ\u00e9en.  \u00a0\u00a0\u00a0","og_url":"https:\/\/empow-her.com\/produit\/atelier-mappuyer-sur-mes-forces-pour-mapproprier-mon-identite-de-leader\/","og_site_name":"Empow&#039;Her","article_modified_time":"2022-08-12T14:00:07+00:00","og_image":[{"width":1080,"height":1080,"url":"https:\/\/empow-her.com\/wp-content\/uploads\/2022\/07\/Women-Dare-templates-events-73.png","type":"image\/png"}],"twitter_card":"summary_large_image","schema":{"@context":"https:\/\/schema.org","@graph":[{"@type":"WebPage","@id":"https:\/\/empow-her.com\/produit\/atelier-mappuyer-sur-mes-forces-pour-mapproprier-mon-identite-de-leader\/","url":"https:\/\/empow-her.com\/produit\/atelier-mappuyer-sur-mes-forces-pour-mapproprier-mon-identite-de-leader\/","name":"Atelier - M'appuyer sur mes forces pour m'approprier mon identit\u00e9 de leader - Empow&#039;Her","isPartOf":{"@id":"https:\/\/empow-her.com\/#website"},"primaryImageOfPage":{"@id":"https:\/\/empow-her.com\/produit\/atelier-mappuyer-sur-mes-forces-pour-mapproprier-mon-identite-de-leader\/#primaryimage"},"image":{"@id":"https:\/\/empow-her.com\/produit\/atelier-mappuyer-sur-mes-forces-pour-mapproprier-mon-identite-de-leader\/#primaryimage"},"thumbnailUrl":"https:\/\/empow-her.com\/wp-content\/uploads\/2022\/07\/Women-Dare-templates-events-73.png","datePublished":"2022-07-12T08:59:48+00:00","dateModified":"2022-08-12T14:00:07+00:00","breadcrumb":{"@id":"https:\/\/empow-her.com\/produit\/atelier-mappuyer-sur-mes-forces-pour-mapproprier-mon-identite-de-leader\/#breadcrumb"},"inLanguage":"es","potentialAction":[{"@type":"ReadAction","target":["https:\/\/empow-her.com\/produit\/atelier-mappuyer-sur-mes-forces-pour-mapproprier-mon-identite-de-leader\/"]}]},{"@type":"ImageObject","inLanguage":"es","@id":"https:\/\/empow-her.com\/produit\/atelier-mappuyer-sur-mes-forces-pour-mapproprier-mon-identite-de-leader\/#primaryimage","url":"https:\/\/empow-her.com\/wp-content\/uploads\/2022\/07\/Women-Dare-templates-events-73.png","contentUrl":"https:\/\/empow-her.com\/wp-content\/uploads\/2022\/07\/Women-Dare-templates-events-73.png","width":1080,"height":1080},{"@type":"BreadcrumbList","@id":"https:\/\/empow-her.com\/produit\/atelier-mappuyer-sur-mes-forces-pour-mapproprier-mon-identite-de-leader\/#breadcrumb","itemListElement":[{"@type":"ListItem","position":1,"name":"Accueil","item":"https:\/\/empow-her.com\/es\/inicio\/"},{"@type":"ListItem","position":2,"name":"LA BOUTIQUE","item":"https:\/\/empow-her.com\/boutique\/"},{"@type":"ListItem","position":3,"name":"Atelier &#8211; M&#8217;appuyer sur mes forces pour m&#8217;approprier mon identit\u00e9 de leader"}]},{"@type":"WebSite","@id":"https:\/\/empow-her.com\/#website","url":"https:\/\/empow-her.com\/","name":"Empow&#039;Her","description":"Women Development","potentialAction":[{"@type":"SearchAction","target":{"@type":"EntryPoint","urlTemplate":"https:\/\/empow-her.com\/?s={search_term_string}"},"query-input":{"@type":"PropertyValueSpecification","valueRequired":true,"valueName":"search_term_string"}}],"inLanguage":"es"}]}},"_links":{"self":[{"href":"https:\/\/empow-her.com\/es\/wp-json\/wp\/v2\/product\/121199","targetHints":{"allow":["GET"]}}],"collection":[{"href":"https:\/\/empow-her.com\/es\/wp-json\/wp\/v2\/product"}],"about":[{"href":"https:\/\/empow-her.com\/es\/wp-json\/wp\/v2\/types\/product"}],"wp:featuredmedia":[{"embeddable":true,"href":"https:\/\/empow-her.com\/es\/wp-json\/wp\/v2\/media\/121200"}],"wp:attachment":[{"href":"https:\/\/empow-her.com\/es\/wp-json\/wp\/v2\/media?parent=121199"}],"wp:term":[{"taxonomy":"product_brand","embeddable":true,"href":"https:\/\/empow-her.com\/es\/wp-json\/wp\/v2\/product_brand?post=121199"},{"taxonomy":"product_cat","embeddable":true,"href":"https:\/\/empow-her.com\/es\/wp-json\/wp\/v2\/product_cat?post=121199"},{"taxonomy":"product_tag","embeddable":true,"href":"https:\/\/empow-her.com\/es\/wp-json\/wp\/v2\/product_tag?post=121199"},{"taxonomy":"lieu","embeddable":true,"href":"https:\/\/empow-her.com\/es\/wp-json\/wp\/v2\/lieu?post=121199"},{"taxonomy":"thematiques","embeddable":true,"href":"https:\/\/empow-her.com\/es\/wp-json\/wp\/v2\/thematiques?post=121199"}],"curies":[{"name":"wp","href":"https:\/\/api.w.org\/{rel}","templated":true}]}}