{"id":121188,"date":"2022-07-12T10:47:56","date_gmt":"2022-07-12T08:47:56","guid":{"rendered":"https:\/\/empow-her.com\/?post_type=product&#038;p=121188"},"modified":"2022-09-28T12:20:27","modified_gmt":"2022-09-28T10:20:27","slug":"vide-dressing-solidaire-sisther","status":"publish","type":"product","link":"https:\/\/empow-her.com\/es\/produit\/vide-dressing-solidaire-sisther\/","title":{"rendered":"Vide Dress&#8217;Her"},"content":{"rendered":"<p>Le samedi 8 octobre de 14h \u00e0 19h, passe nous voir chez Sist&#8217;Her Paris et viens chiner au super vide dressing solidaire organis\u00e9 par @jesuissublime, @wanttohelp et @picnicstories.<\/p>\n<p>&#x1f50e; Je Suis Sublime est une agence de conseil en image. Sa mission est d\u2019aider et d\u2019accompagner toutes les femmes \u00e0 s\u2019aimer et s\u2019accepter peu importe leur \u00e2ge, leur taille et leur poids.<\/p>\n<p>&#x1f50e; Want to help est une organisation de l\u2019\u00c9conomie Sociale et Solidaire souhaitant d\u00e9mocratiser l&#8217;engagement citoyen chez les jeunes de 16 \u00e0 30 ans en les mettant en relation avec des associations.<\/p>\n<p>&#x1f50e; Picnic Stories a pour objectif de faire vivre des moments d&#8217;authenticit\u00e9 et de convivialit\u00e9 \u00e0 travers l\u2019exp\u00e9rience de pique-nique th\u00e9matique en toute saison.<\/p>\n<p>&#x26a1;&#xfe0f;&#x26a1;&#xfe0f;&#x26a1;&#xfe0f;<\/p>\n<p>Conscientes des difficult\u00e9s que rencontrent les femmes dans l&#8217;entrepreneuriat, elles mettent en avant la sororit\u00e9 dans leurs organisations ! En plus du vide dressing, tu pourras donc participer \u00e0 l&#8217;un des trois (ou aux trois!) ateliers propos\u00e9s par ces entrepreneuse et en apprendre plus lors de la table ronde.<\/p>\n<p>Vide dressing : 14h \u00e0 17h30 puis table ronde jusque 19h.<\/p>\n<p>&#x26a1;&#xfe0f;&#x26a1;&#xfe0f;&#x26a1;&#xfe0f;<\/p>\n<p><strong>Infos pratiques <\/strong><br \/>\n&#x1f4c5; L&#8217;\u00e9v\u00e9nement se d\u00e9roulera le samedi 8 octobre de 14h \u00e0 20h<br \/>\n&#x1f516; R\u00e9servation gratuite obligatoire<br \/>\n&#x1f4cd; Sist&#8217;He : 82 rue du Faubourg Saint-Martin 75010 Paris<\/p>\n<p>Ouvert en mars 2021, Sist\u2019Her est le premier tiers-lieu d\u00e9di\u00e9 aux entrepreneuses et \u00e0 impact en \u00cele-de-France. Port\u00e9 par l\u2019association Empow\u2019Her, c\u2019est un lieu de vie bienveillant et joyeux, ouvert \u00e0 tou\u00b7te\u00b7s o\u00f9. C&#8217;est un lieu de rencontre pour se former, s&#8217;inspirer, s&#8217;engager et se rencontrer.<\/p>\n<p>Ce projet est co-financ\u00e9 par le Fonds Social Europ\u00e9en.<br \/>\nA tr\u00e8s vite !&#x1f64c;<\/p>\n","protected":false},"excerpt":{"rendered":"<p>Le samedi 8 octobre de 14h \u00e0 19h, passe nous voir chez Sist&#8217;Her Paris et viens chiner au super vide dressing solidaire organis\u00e9 par @jesuissublime, @wanttohelp et @picnicstories.<\/p>\n<p>&#x1f50e; Je Suis Sublime est une agence de conseil en image qui a pour mission d\u2019aider et d\u2019accompagner toutes les femmes \u00e0 s\u2019aimer et s\u2019accepter peu importe leur \u00e2ge, leur taille et leur poids.<\/p>\n<p>&#x1f50e; Want to help est une organisation de l\u2019\u00c9conomie Sociale et Solidaire qui a pour mission de d\u00e9mocratiser l&#8217;engagement citoyen chez les jeunes de 16 \u00e0 30 ans en les mettant en relation avec des associations.<\/p>\n<p>&#x1f50e; Picnic Stories a pour mission de faire vivre des moments d&#8217;authenticit\u00e9 et de convivialit\u00e9 \u00e0 travers l\u2019exp\u00e9rience de pique-nique th\u00e9matique en toute saison.<\/p>\n<p>&#x26a1;&#xfe0f;&#x26a1;&#xfe0f;&#x26a1;&#xfe0f;<\/p>\n<p>Conscientes des difficult\u00e9s que rencontrent les femmes dans l&#8217;entrepreneuriat, elles mettent en avant la sororit\u00e9 dans leurs organisations ! En plus du vide dressing, tu pourras donc participer \u00e0 l&#8217;un des trois (ou aux trois!) ateliers propos\u00e9s par ces entrepreneuse et en apprendre plus lors de la table ronde.<\/p>\n<p>Vide dressing : 14h \u00e0 17h30 puis table ronde jusque 19h.<\/p>\n<p>&#x26a1;&#xfe0f;&#x26a1;&#xfe0f;&#x26a1;&#xfe0f;<\/p>\n<p><strong>Infos pratiques <\/strong><br \/>\n&#x1f4c5; L&#8217;\u00e9v\u00e9nement se d\u00e9roulera le samedi 8 octobre de 14h \u00e0 20h<br \/>\n&#x1f516; R\u00e9servation gratuite obligatoire<br \/>\n&#x1f4cd; Sist&#8217;He : 82 rue du Faubourg Saint-Martin 75010 Paris<\/p>\n<p>Ouvert en mars 2021, Sist\u2019Her est le premier tiers-lieu d\u00e9di\u00e9 aux entrepreneuses et \u00e0 impact en \u00cele-de-France. Port\u00e9 par l\u2019association Empow\u2019Her, c\u2019est un lieu de vie bienveillant et joyeux, ouvert \u00e0 tou\u00b7te\u00b7s o\u00f9 il est possible de se former, s&#8217;inspirer, s&#8217;engager et se rencontrer.<\/p>\n<p>Ce projet est co-financ\u00e9 par le Fonds Social Europ\u00e9en.<br \/>\nA tr\u00e8s vite !&#x1f64c;<\/p>\n","protected":false},"featured_media":122750,"template":"","format":"standard","meta":{"_acf_changed":false,"om_disable_all_campaigns":false,"_uf_show_specific_survey":0,"_uf_disable_surveys":false},"product_brand":[],"product_cat":[119],"product_tag":[],"lieu":[127],"thematiques":[],"class_list":{"0":"post-121188","1":"product","2":"type-product","3":"status-publish","4":"format-standard","5":"has-post-thumbnail","7":"product_cat-evenement-sisther","8":"lieu-hub-empowher","10":"first","11":"instock","12":"virtual","13":"purchasable","14":"product-type-appointment"},"exclude_global_add_ons":[],"addons":[],"acf":[],"yoast_head":"<!-- This site is optimized with the Yoast SEO plugin v24.8 - https:\/\/yoast.com\/wordpress\/plugins\/seo\/ -->\n<title>Vide Dress&#039;Her -<\/title>\n<meta name=\"description\" content=\"Le samedi 8 octobre de 14h \u00e0 19h, retrouve nous chez Sist&#039;Her, pour un vide dressing solidaire et des ateliers participatifs.\" \/>\n<meta name=\"robots\" content=\"index, follow, max-snippet:-1, max-image-preview:large, max-video-preview:-1\" \/>\n<link rel=\"canonical\" href=\"https:\/\/empow-her.com\/produit\/vide-dressing-solidaire-sisther\/\" \/>\n<meta property=\"og:locale\" content=\"es_ES\" \/>\n<meta property=\"og:type\" content=\"article\" \/>\n<meta property=\"og:title\" content=\"Vide Dress&#039;Her -\" \/>\n<meta property=\"og:description\" content=\"Le samedi 8 octobre de 14h \u00e0 19h, retrouve nous chez Sist&#039;Her, pour un vide dressing solidaire et des ateliers participatifs.\" \/>\n<meta property=\"og:url\" content=\"https:\/\/empow-her.com\/produit\/vide-dressing-solidaire-sisther\/\" \/>\n<meta property=\"og:site_name\" content=\"Empow&#039;Her\" \/>\n<meta property=\"article:modified_time\" content=\"2022-09-28T10:20:27+00:00\" \/>\n<meta property=\"og:image\" content=\"https:\/\/empow-her.com\/wp-content\/uploads\/2022\/07\/Template-Event-SistHer-vignette-site-.png\" \/>\n\t<meta property=\"og:image:width\" content=\"1080\" \/>\n\t<meta property=\"og:image:height\" content=\"1080\" \/>\n\t<meta property=\"og:image:type\" content=\"image\/png\" \/>\n<meta name=\"twitter:card\" content=\"summary_large_image\" \/>\n<meta name=\"twitter:label1\" content=\"Tiempo de lectura\" \/>\n\t<meta name=\"twitter:data1\" content=\"2 minutos\" \/>\n<script type=\"application\/ld+json\" class=\"yoast-schema-graph\">{\"@context\":\"https:\/\/schema.org\",\"@graph\":[{\"@type\":\"WebPage\",\"@id\":\"https:\/\/empow-her.com\/produit\/vide-dressing-solidaire-sisther\/\",\"url\":\"https:\/\/empow-her.com\/produit\/vide-dressing-solidaire-sisther\/\",\"name\":\"Vide Dress'Her -\",\"isPartOf\":{\"@id\":\"https:\/\/empow-her.com\/#website\"},\"primaryImageOfPage\":{\"@id\":\"https:\/\/empow-her.com\/produit\/vide-dressing-solidaire-sisther\/#primaryimage\"},\"image\":{\"@id\":\"https:\/\/empow-her.com\/produit\/vide-dressing-solidaire-sisther\/#primaryimage\"},\"thumbnailUrl\":\"https:\/\/empow-her.com\/wp-content\/uploads\/2022\/07\/Template-Event-SistHer-vignette-site-.png\",\"datePublished\":\"2022-07-12T08:47:56+00:00\",\"dateModified\":\"2022-09-28T10:20:27+00:00\",\"description\":\"Le samedi 8 octobre de 14h \u00e0 19h, retrouve nous chez Sist'Her, pour un vide dressing solidaire et des ateliers participatifs.\",\"breadcrumb\":{\"@id\":\"https:\/\/empow-her.com\/produit\/vide-dressing-solidaire-sisther\/#breadcrumb\"},\"inLanguage\":\"es\",\"potentialAction\":[{\"@type\":\"ReadAction\",\"target\":[\"https:\/\/empow-her.com\/produit\/vide-dressing-solidaire-sisther\/\"]}]},{\"@type\":\"ImageObject\",\"inLanguage\":\"es\",\"@id\":\"https:\/\/empow-her.com\/produit\/vide-dressing-solidaire-sisther\/#primaryimage\",\"url\":\"https:\/\/empow-her.com\/wp-content\/uploads\/2022\/07\/Template-Event-SistHer-vignette-site-.png\",\"contentUrl\":\"https:\/\/empow-her.com\/wp-content\/uploads\/2022\/07\/Template-Event-SistHer-vignette-site-.png\",\"width\":1080,\"height\":1080},{\"@type\":\"BreadcrumbList\",\"@id\":\"https:\/\/empow-her.com\/produit\/vide-dressing-solidaire-sisther\/#breadcrumb\",\"itemListElement\":[{\"@type\":\"ListItem\",\"position\":1,\"name\":\"Accueil\",\"item\":\"https:\/\/empow-her.com\/es\/inicio\/\"},{\"@type\":\"ListItem\",\"position\":2,\"name\":\"LA BOUTIQUE\",\"item\":\"https:\/\/empow-her.com\/boutique\/\"},{\"@type\":\"ListItem\",\"position\":3,\"name\":\"Vide Dress&#8217;Her\"}]},{\"@type\":\"WebSite\",\"@id\":\"https:\/\/empow-her.com\/#website\",\"url\":\"https:\/\/empow-her.com\/\",\"name\":\"Empow&#039;Her\",\"description\":\"Women Development\",\"potentialAction\":[{\"@type\":\"SearchAction\",\"target\":{\"@type\":\"EntryPoint\",\"urlTemplate\":\"https:\/\/empow-her.com\/?s={search_term_string}\"},\"query-input\":{\"@type\":\"PropertyValueSpecification\",\"valueRequired\":true,\"valueName\":\"search_term_string\"}}],\"inLanguage\":\"es\"}]}<\/script>\n<!-- \/ Yoast SEO plugin. -->","yoast_head_json":{"title":"Vide Dress'Her -","description":"Le samedi 8 octobre de 14h \u00e0 19h, retrouve nous chez Sist'Her, pour un vide dressing solidaire et des ateliers participatifs.","robots":{"index":"index","follow":"follow","max-snippet":"max-snippet:-1","max-image-preview":"max-image-preview:large","max-video-preview":"max-video-preview:-1"},"canonical":"https:\/\/empow-her.com\/produit\/vide-dressing-solidaire-sisther\/","og_locale":"es_ES","og_type":"article","og_title":"Vide Dress'Her -","og_description":"Le samedi 8 octobre de 14h \u00e0 19h, retrouve nous chez Sist'Her, pour un vide dressing solidaire et des ateliers participatifs.","og_url":"https:\/\/empow-her.com\/produit\/vide-dressing-solidaire-sisther\/","og_site_name":"Empow&#039;Her","article_modified_time":"2022-09-28T10:20:27+00:00","og_image":[{"width":1080,"height":1080,"url":"https:\/\/empow-her.com\/wp-content\/uploads\/2022\/07\/Template-Event-SistHer-vignette-site-.png","type":"image\/png"}],"twitter_card":"summary_large_image","twitter_misc":{"Tiempo de lectura":"2 minutos"},"schema":{"@context":"https:\/\/schema.org","@graph":[{"@type":"WebPage","@id":"https:\/\/empow-her.com\/produit\/vide-dressing-solidaire-sisther\/","url":"https:\/\/empow-her.com\/produit\/vide-dressing-solidaire-sisther\/","name":"Vide Dress'Her -","isPartOf":{"@id":"https:\/\/empow-her.com\/#website"},"primaryImageOfPage":{"@id":"https:\/\/empow-her.com\/produit\/vide-dressing-solidaire-sisther\/#primaryimage"},"image":{"@id":"https:\/\/empow-her.com\/produit\/vide-dressing-solidaire-sisther\/#primaryimage"},"thumbnailUrl":"https:\/\/empow-her.com\/wp-content\/uploads\/2022\/07\/Template-Event-SistHer-vignette-site-.png","datePublished":"2022-07-12T08:47:56+00:00","dateModified":"2022-09-28T10:20:27+00:00","description":"Le samedi 8 octobre de 14h \u00e0 19h, retrouve nous chez Sist'Her, pour un vide dressing solidaire et des ateliers participatifs.","breadcrumb":{"@id":"https:\/\/empow-her.com\/produit\/vide-dressing-solidaire-sisther\/#breadcrumb"},"inLanguage":"es","potentialAction":[{"@type":"ReadAction","target":["https:\/\/empow-her.com\/produit\/vide-dressing-solidaire-sisther\/"]}]},{"@type":"ImageObject","inLanguage":"es","@id":"https:\/\/empow-her.com\/produit\/vide-dressing-solidaire-sisther\/#primaryimage","url":"https:\/\/empow-her.com\/wp-content\/uploads\/2022\/07\/Template-Event-SistHer-vignette-site-.png","contentUrl":"https:\/\/empow-her.com\/wp-content\/uploads\/2022\/07\/Template-Event-SistHer-vignette-site-.png","width":1080,"height":1080},{"@type":"BreadcrumbList","@id":"https:\/\/empow-her.com\/produit\/vide-dressing-solidaire-sisther\/#breadcrumb","itemListElement":[{"@type":"ListItem","position":1,"name":"Accueil","item":"https:\/\/empow-her.com\/es\/inicio\/"},{"@type":"ListItem","position":2,"name":"LA BOUTIQUE","item":"https:\/\/empow-her.com\/boutique\/"},{"@type":"ListItem","position":3,"name":"Vide Dress&#8217;Her"}]},{"@type":"WebSite","@id":"https:\/\/empow-her.com\/#website","url":"https:\/\/empow-her.com\/","name":"Empow&#039;Her","description":"Women Development","potentialAction":[{"@type":"SearchAction","target":{"@type":"EntryPoint","urlTemplate":"https:\/\/empow-her.com\/?s={search_term_string}"},"query-input":{"@type":"PropertyValueSpecification","valueRequired":true,"valueName":"search_term_string"}}],"inLanguage":"es"}]}},"_links":{"self":[{"href":"https:\/\/empow-her.com\/es\/wp-json\/wp\/v2\/product\/121188","targetHints":{"allow":["GET"]}}],"collection":[{"href":"https:\/\/empow-her.com\/es\/wp-json\/wp\/v2\/product"}],"about":[{"href":"https:\/\/empow-her.com\/es\/wp-json\/wp\/v2\/types\/product"}],"wp:featuredmedia":[{"embeddable":true,"href":"https:\/\/empow-her.com\/es\/wp-json\/wp\/v2\/media\/122750"}],"wp:attachment":[{"href":"https:\/\/empow-her.com\/es\/wp-json\/wp\/v2\/media?parent=121188"}],"wp:term":[{"taxonomy":"product_brand","embeddable":true,"href":"https:\/\/empow-her.com\/es\/wp-json\/wp\/v2\/product_brand?post=121188"},{"taxonomy":"product_cat","embeddable":true,"href":"https:\/\/empow-her.com\/es\/wp-json\/wp\/v2\/product_cat?post=121188"},{"taxonomy":"product_tag","embeddable":true,"href":"https:\/\/empow-her.com\/es\/wp-json\/wp\/v2\/product_tag?post=121188"},{"taxonomy":"lieu","embeddable":true,"href":"https:\/\/empow-her.com\/es\/wp-json\/wp\/v2\/lieu?post=121188"},{"taxonomy":"thematiques","embeddable":true,"href":"https:\/\/empow-her.com\/es\/wp-json\/wp\/v2\/thematiques?post=121188"}],"curies":[{"name":"wp","href":"https:\/\/api.w.org\/{rel}","templated":true}]}}