{"id":120723,"date":"2022-06-24T15:52:02","date_gmt":"2022-06-24T13:52:02","guid":{"rendered":"https:\/\/empow-her.com\/?post_type=product&#038;p=120723"},"modified":"2022-07-08T13:49:48","modified_gmt":"2022-07-08T11:49:48","slug":"coaching-me-mettre-en-action-avec-audace-au-service-de-mon-projet-3","status":"publish","type":"product","link":"https:\/\/empow-her.com\/es\/produit\/coaching-me-mettre-en-action-avec-audace-au-service-de-mon-projet-3\/","title":{"rendered":"Coaching &#8211; Me mettre en action avec audace au service de mon projet"},"content":{"rendered":"","protected":false},"excerpt":{"rendered":"<p><span data-sheets-value=\"{&quot;1&quot;:2,&quot;2&quot;:&quot;L\u2019audace n\u2019est pas un optimisme aveugle. Choisir de se lancer et d\u2019oser agir est intimement li\u00e9 \u00e0 un travail de r\u00e9flexion et de pr\u00e9paration pour avancer de mani\u00e8re coh\u00e9rente. Ne pas se mettre en action peut impacter l\u2019identit\u00e9 narrative de soi et l'estime que l'on se porte. Comment alors faire preuve d\u2019audace tout en restant fid\u00e8le \u00e0 soi-m\u00eame et \u00e0 ses valeurs ?\\n\\nLors de ce coaching, travaillez les possibles pour oser sortir de votre zone de confort et identifiez des actions test pour agir avec audace !&quot;}\" data-sheets-userformat=\"{&quot;2&quot;:4993,&quot;3&quot;:{&quot;1&quot;:0},&quot;10&quot;:1,&quot;11&quot;:4,&quot;12&quot;:0,&quot;15&quot;:&quot;Hind&quot;}\">L\u2019audace n\u2019est pas un optimisme aveugle. Choisir de se lancer et d\u2019oser agir est intimement li\u00e9 \u00e0 un travail de r\u00e9flexion et de pr\u00e9paration pour avancer de mani\u00e8re coh\u00e9rente. Ne pas se mettre en action peut impacter l\u2019identit\u00e9 narrative de soi et l\u2019estime que l\u2019on se porte. Comment alors faire preuve d\u2019audace tout en restant fid\u00e8le \u00e0 soi-m\u00eame et \u00e0 ses valeurs ?<\/span><\/p>\n<p>Lors de ce coaching, travaillez les possibles pour oser sortir de votre zone de confort et identifiez des actions test pour agir avec audace !<\/p>\n<p>&nbsp;<\/p>\n<p><strong>Intervenante : <\/strong>Sophie Petit<\/p>\n<p>Session de coaching<strong> en ligne<\/strong><\/p>\n<p><strong>Dur\u00e9e<\/strong> : U<span data-sheets-value=\"{&quot;1&quot;:2,&quot;2&quot;:&quot;Permanence de 4h avec un cr\u00e9neau de 1h par participante (+ 15 minutes entre chaque)&quot;}\" data-sheets-userformat=\"{&quot;2&quot;:7167,&quot;3&quot;:{&quot;1&quot;:0},&quot;4&quot;:{&quot;1&quot;:2,&quot;2&quot;:16777215},&quot;5&quot;:{&quot;1&quot;:[{&quot;1&quot;:2,&quot;2&quot;:0,&quot;5&quot;:{&quot;1&quot;:2,&quot;2&quot;:0}},{&quot;1&quot;:0,&quot;2&quot;:0,&quot;3&quot;:3},{&quot;1&quot;:1,&quot;2&quot;:0,&quot;4&quot;:1}]},&quot;6&quot;:{&quot;1&quot;:[{&quot;1&quot;:2,&quot;2&quot;:0,&quot;5&quot;:{&quot;1&quot;:2,&quot;2&quot;:0}},{&quot;1&quot;:0,&quot;2&quot;:0,&quot;3&quot;:3},{&quot;1&quot;:1,&quot;2&quot;:0,&quot;4&quot;:1}]},&quot;7&quot;:{&quot;1&quot;:[{&quot;1&quot;:2,&quot;2&quot;:0,&quot;5&quot;:{&quot;1&quot;:2,&quot;2&quot;:0}},{&quot;1&quot;:0,&quot;2&quot;:0,&quot;3&quot;:3},{&quot;1&quot;:1,&quot;2&quot;:0,&quot;4&quot;:1}]},&quot;8&quot;:{&quot;1&quot;:[{&quot;1&quot;:2,&quot;2&quot;:0,&quot;5&quot;:{&quot;1&quot;:2,&quot;2&quot;:0}},{&quot;1&quot;:0,&quot;2&quot;:0,&quot;3&quot;:3},{&quot;1&quot;:1,&quot;2&quot;:0,&quot;4&quot;:1}]},&quot;9&quot;:0,&quot;10&quot;:1,&quot;11&quot;:4,&quot;12&quot;:0,&quot;14&quot;:{&quot;1&quot;:2,&quot;2&quot;:0},&quot;15&quot;:&quot;Calibri&quot;}\">n cr\u00e9neau de 1h en individuel<\/span><\/p>\n<p>&nbsp;<\/p>\n<p>Ce projet est co-financ\u00e9 par le Fonds Social Europ\u00e9en.<\/p>\n<p><img decoding=\"async\" class=\"alignnone size-medium wp-image-15794\" src=\"https:\/\/empow-her.com\/wp-content\/uploads\/2021\/07\/fse-logos-1-300x54.png\" alt=\"\" width=\"300\" height=\"54\" srcset=\"https:\/\/empow-her.com\/wp-content\/uploads\/2021\/07\/fse-logos-1-300x54.png 300w, https:\/\/empow-her.com\/wp-content\/uploads\/2021\/07\/fse-logos-1-600x108.png 600w, https:\/\/empow-her.com\/wp-content\/uploads\/2021\/07\/fse-logos-1-1024x184.png 1024w, https:\/\/empow-her.com\/wp-content\/uploads\/2021\/07\/fse-logos-1-768x138.png 768w, https:\/\/empow-her.com\/wp-content\/uploads\/2021\/07\/fse-logos-1-1536x275.png 1536w, https:\/\/empow-her.com\/wp-content\/uploads\/2021\/07\/fse-logos-1-2048x367.png 2048w, https:\/\/empow-her.com\/wp-content\/uploads\/2021\/07\/fse-logos-1-24x4.png 24w, https:\/\/empow-her.com\/wp-content\/uploads\/2021\/07\/fse-logos-1-36x6.png 36w, https:\/\/empow-her.com\/wp-content\/uploads\/2021\/07\/fse-logos-1-48x9.png 48w\" sizes=\"(max-width: 300px) 100vw, 300px\" \/><\/p>\n","protected":false},"featured_media":120724,"template":"","format":"standard","meta":{"_acf_changed":false,"om_disable_all_campaigns":false,"_uf_show_specific_survey":0,"_uf_disable_surveys":false},"product_brand":[],"product_cat":[121],"product_tag":[],"lieu":[125],"thematiques":[],"class_list":{"0":"post-120723","1":"product","2":"type-product","3":"status-publish","4":"format-standard","5":"has-post-thumbnail","7":"product_cat-coaching","8":"lieu-en-ligne","10":"first","11":"instock","12":"virtual","13":"purchasable","14":"product-type-appointment"},"exclude_global_add_ons":[],"addons":[],"acf":[],"yoast_head":"<!-- This site is optimized with the Yoast SEO plugin v24.8 - https:\/\/yoast.com\/wordpress\/plugins\/seo\/ -->\n<title>Coaching - Me mettre en action avec audace au service de mon projet - Empow&#039;Her<\/title>\n<meta name=\"robots\" content=\"index, follow, max-snippet:-1, max-image-preview:large, max-video-preview:-1\" \/>\n<link rel=\"canonical\" href=\"https:\/\/empow-her.com\/es\/produit\/coaching-me-mettre-en-action-avec-audace-au-service-de-mon-projet-3\/\" \/>\n<meta property=\"og:locale\" content=\"es_ES\" \/>\n<meta property=\"og:type\" content=\"article\" \/>\n<meta property=\"og:title\" content=\"Coaching - Me mettre en action avec audace au service de mon projet - Empow&#039;Her\" \/>\n<meta property=\"og:description\" content=\"L\u2019audace n\u2019est pas un optimisme aveugle. Choisir de se lancer et d\u2019oser agir est intimement li\u00e9 \u00e0 un travail de r\u00e9flexion et de pr\u00e9paration pour avancer de mani\u00e8re coh\u00e9rente. Ne pas se mettre en action peut impacter l\u2019identit\u00e9 narrative de soi et l\u2019estime que l\u2019on se porte. Comment alors faire preuve d\u2019audace tout en restant fid\u00e8le \u00e0 soi-m\u00eame et \u00e0 ses valeurs ?  Lors de ce coaching, travaillez les possibles pour oser sortir de votre zone de confort et identifiez des actions test pour agir avec audace !  &nbsp;  Intervenante : Sophie Petit  Session de coaching en ligne  Dur\u00e9e : Un cr\u00e9neau de 1h en individuel  &nbsp;  Ce projet est co-financ\u00e9 par le Fonds Social Europ\u00e9en.\" \/>\n<meta property=\"og:url\" content=\"https:\/\/empow-her.com\/es\/produit\/coaching-me-mettre-en-action-avec-audace-au-service-de-mon-projet-3\/\" \/>\n<meta property=\"og:site_name\" content=\"Empow&#039;Her\" \/>\n<meta property=\"article:modified_time\" content=\"2022-07-08T11:49:48+00:00\" \/>\n<meta property=\"og:image\" content=\"https:\/\/empow-her.com\/wp-content\/uploads\/2022\/06\/Women-Dare-templates-events-47.png\" \/>\n\t<meta property=\"og:image:width\" content=\"1080\" \/>\n\t<meta property=\"og:image:height\" content=\"1080\" \/>\n\t<meta property=\"og:image:type\" content=\"image\/png\" \/>\n<meta name=\"twitter:card\" content=\"summary_large_image\" \/>\n<script type=\"application\/ld+json\" class=\"yoast-schema-graph\">{\"@context\":\"https:\/\/schema.org\",\"@graph\":[{\"@type\":\"WebPage\",\"@id\":\"https:\/\/empow-her.com\/es\/produit\/coaching-me-mettre-en-action-avec-audace-au-service-de-mon-projet-3\/\",\"url\":\"https:\/\/empow-her.com\/es\/produit\/coaching-me-mettre-en-action-avec-audace-au-service-de-mon-projet-3\/\",\"name\":\"Coaching - Me mettre en action avec audace au service de mon projet - Empow&#039;Her\",\"isPartOf\":{\"@id\":\"https:\/\/empow-her.com\/#website\"},\"primaryImageOfPage\":{\"@id\":\"https:\/\/empow-her.com\/es\/produit\/coaching-me-mettre-en-action-avec-audace-au-service-de-mon-projet-3\/#primaryimage\"},\"image\":{\"@id\":\"https:\/\/empow-her.com\/es\/produit\/coaching-me-mettre-en-action-avec-audace-au-service-de-mon-projet-3\/#primaryimage\"},\"thumbnailUrl\":\"https:\/\/empow-her.com\/wp-content\/uploads\/2022\/06\/Women-Dare-templates-events-47.png\",\"datePublished\":\"2022-06-24T13:52:02+00:00\",\"dateModified\":\"2022-07-08T11:49:48+00:00\",\"breadcrumb\":{\"@id\":\"https:\/\/empow-her.com\/es\/produit\/coaching-me-mettre-en-action-avec-audace-au-service-de-mon-projet-3\/#breadcrumb\"},\"inLanguage\":\"es\",\"potentialAction\":[{\"@type\":\"ReadAction\",\"target\":[\"https:\/\/empow-her.com\/es\/produit\/coaching-me-mettre-en-action-avec-audace-au-service-de-mon-projet-3\/\"]}]},{\"@type\":\"ImageObject\",\"inLanguage\":\"es\",\"@id\":\"https:\/\/empow-her.com\/es\/produit\/coaching-me-mettre-en-action-avec-audace-au-service-de-mon-projet-3\/#primaryimage\",\"url\":\"https:\/\/empow-her.com\/wp-content\/uploads\/2022\/06\/Women-Dare-templates-events-47.png\",\"contentUrl\":\"https:\/\/empow-her.com\/wp-content\/uploads\/2022\/06\/Women-Dare-templates-events-47.png\",\"width\":1080,\"height\":1080},{\"@type\":\"BreadcrumbList\",\"@id\":\"https:\/\/empow-her.com\/es\/produit\/coaching-me-mettre-en-action-avec-audace-au-service-de-mon-projet-3\/#breadcrumb\",\"itemListElement\":[{\"@type\":\"ListItem\",\"position\":1,\"name\":\"Accueil\",\"item\":\"https:\/\/empow-her.com\/es\/inicio\/\"},{\"@type\":\"ListItem\",\"position\":2,\"name\":\"LA BOUTIQUE\",\"item\":\"https:\/\/empow-her.com\/boutique\/\"},{\"@type\":\"ListItem\",\"position\":3,\"name\":\"Coaching &#8211; Me mettre en action avec audace au service de mon projet\"}]},{\"@type\":\"WebSite\",\"@id\":\"https:\/\/empow-her.com\/#website\",\"url\":\"https:\/\/empow-her.com\/\",\"name\":\"Empow&#039;Her\",\"description\":\"Women Development\",\"potentialAction\":[{\"@type\":\"SearchAction\",\"target\":{\"@type\":\"EntryPoint\",\"urlTemplate\":\"https:\/\/empow-her.com\/?s={search_term_string}\"},\"query-input\":{\"@type\":\"PropertyValueSpecification\",\"valueRequired\":true,\"valueName\":\"search_term_string\"}}],\"inLanguage\":\"es\"}]}<\/script>\n<!-- \/ Yoast SEO plugin. -->","yoast_head_json":{"title":"Coaching - Me mettre en action avec audace au service de mon projet - Empow&#039;Her","robots":{"index":"index","follow":"follow","max-snippet":"max-snippet:-1","max-image-preview":"max-image-preview:large","max-video-preview":"max-video-preview:-1"},"canonical":"https:\/\/empow-her.com\/es\/produit\/coaching-me-mettre-en-action-avec-audace-au-service-de-mon-projet-3\/","og_locale":"es_ES","og_type":"article","og_title":"Coaching - Me mettre en action avec audace au service de mon projet - Empow&#039;Her","og_description":"L\u2019audace n\u2019est pas un optimisme aveugle. Choisir de se lancer et d\u2019oser agir est intimement li\u00e9 \u00e0 un travail de r\u00e9flexion et de pr\u00e9paration pour avancer de mani\u00e8re coh\u00e9rente. Ne pas se mettre en action peut impacter l\u2019identit\u00e9 narrative de soi et l\u2019estime que l\u2019on se porte. Comment alors faire preuve d\u2019audace tout en restant fid\u00e8le \u00e0 soi-m\u00eame et \u00e0 ses valeurs ?  Lors de ce coaching, travaillez les possibles pour oser sortir de votre zone de confort et identifiez des actions test pour agir avec audace !  &nbsp;  Intervenante : Sophie Petit  Session de coaching en ligne  Dur\u00e9e : Un cr\u00e9neau de 1h en individuel  &nbsp;  Ce projet est co-financ\u00e9 par le Fonds Social Europ\u00e9en.","og_url":"https:\/\/empow-her.com\/es\/produit\/coaching-me-mettre-en-action-avec-audace-au-service-de-mon-projet-3\/","og_site_name":"Empow&#039;Her","article_modified_time":"2022-07-08T11:49:48+00:00","og_image":[{"width":1080,"height":1080,"url":"https:\/\/empow-her.com\/wp-content\/uploads\/2022\/06\/Women-Dare-templates-events-47.png","type":"image\/png"}],"twitter_card":"summary_large_image","schema":{"@context":"https:\/\/schema.org","@graph":[{"@type":"WebPage","@id":"https:\/\/empow-her.com\/es\/produit\/coaching-me-mettre-en-action-avec-audace-au-service-de-mon-projet-3\/","url":"https:\/\/empow-her.com\/es\/produit\/coaching-me-mettre-en-action-avec-audace-au-service-de-mon-projet-3\/","name":"Coaching - Me mettre en action avec audace au service de mon projet - Empow&#039;Her","isPartOf":{"@id":"https:\/\/empow-her.com\/#website"},"primaryImageOfPage":{"@id":"https:\/\/empow-her.com\/es\/produit\/coaching-me-mettre-en-action-avec-audace-au-service-de-mon-projet-3\/#primaryimage"},"image":{"@id":"https:\/\/empow-her.com\/es\/produit\/coaching-me-mettre-en-action-avec-audace-au-service-de-mon-projet-3\/#primaryimage"},"thumbnailUrl":"https:\/\/empow-her.com\/wp-content\/uploads\/2022\/06\/Women-Dare-templates-events-47.png","datePublished":"2022-06-24T13:52:02+00:00","dateModified":"2022-07-08T11:49:48+00:00","breadcrumb":{"@id":"https:\/\/empow-her.com\/es\/produit\/coaching-me-mettre-en-action-avec-audace-au-service-de-mon-projet-3\/#breadcrumb"},"inLanguage":"es","potentialAction":[{"@type":"ReadAction","target":["https:\/\/empow-her.com\/es\/produit\/coaching-me-mettre-en-action-avec-audace-au-service-de-mon-projet-3\/"]}]},{"@type":"ImageObject","inLanguage":"es","@id":"https:\/\/empow-her.com\/es\/produit\/coaching-me-mettre-en-action-avec-audace-au-service-de-mon-projet-3\/#primaryimage","url":"https:\/\/empow-her.com\/wp-content\/uploads\/2022\/06\/Women-Dare-templates-events-47.png","contentUrl":"https:\/\/empow-her.com\/wp-content\/uploads\/2022\/06\/Women-Dare-templates-events-47.png","width":1080,"height":1080},{"@type":"BreadcrumbList","@id":"https:\/\/empow-her.com\/es\/produit\/coaching-me-mettre-en-action-avec-audace-au-service-de-mon-projet-3\/#breadcrumb","itemListElement":[{"@type":"ListItem","position":1,"name":"Accueil","item":"https:\/\/empow-her.com\/es\/inicio\/"},{"@type":"ListItem","position":2,"name":"LA BOUTIQUE","item":"https:\/\/empow-her.com\/boutique\/"},{"@type":"ListItem","position":3,"name":"Coaching &#8211; Me mettre en action avec audace au service de mon projet"}]},{"@type":"WebSite","@id":"https:\/\/empow-her.com\/#website","url":"https:\/\/empow-her.com\/","name":"Empow&#039;Her","description":"Women Development","potentialAction":[{"@type":"SearchAction","target":{"@type":"EntryPoint","urlTemplate":"https:\/\/empow-her.com\/?s={search_term_string}"},"query-input":{"@type":"PropertyValueSpecification","valueRequired":true,"valueName":"search_term_string"}}],"inLanguage":"es"}]}},"_links":{"self":[{"href":"https:\/\/empow-her.com\/es\/wp-json\/wp\/v2\/product\/120723","targetHints":{"allow":["GET"]}}],"collection":[{"href":"https:\/\/empow-her.com\/es\/wp-json\/wp\/v2\/product"}],"about":[{"href":"https:\/\/empow-her.com\/es\/wp-json\/wp\/v2\/types\/product"}],"wp:featuredmedia":[{"embeddable":true,"href":"https:\/\/empow-her.com\/es\/wp-json\/wp\/v2\/media\/120724"}],"wp:attachment":[{"href":"https:\/\/empow-her.com\/es\/wp-json\/wp\/v2\/media?parent=120723"}],"wp:term":[{"taxonomy":"product_brand","embeddable":true,"href":"https:\/\/empow-her.com\/es\/wp-json\/wp\/v2\/product_brand?post=120723"},{"taxonomy":"product_cat","embeddable":true,"href":"https:\/\/empow-her.com\/es\/wp-json\/wp\/v2\/product_cat?post=120723"},{"taxonomy":"product_tag","embeddable":true,"href":"https:\/\/empow-her.com\/es\/wp-json\/wp\/v2\/product_tag?post=120723"},{"taxonomy":"lieu","embeddable":true,"href":"https:\/\/empow-her.com\/es\/wp-json\/wp\/v2\/lieu?post=120723"},{"taxonomy":"thematiques","embeddable":true,"href":"https:\/\/empow-her.com\/es\/wp-json\/wp\/v2\/thematiques?post=120723"}],"curies":[{"name":"wp","href":"https:\/\/api.w.org\/{rel}","templated":true}]}}