{"id":120502,"date":"2022-06-22T19:06:48","date_gmt":"2022-06-22T17:06:48","guid":{"rendered":"https:\/\/empow-her.com\/?post_type=product&#038;p=120502"},"modified":"2022-06-25T17:43:06","modified_gmt":"2022-06-25T15:43:06","slug":"coaching-construire-et-solliciter-un-reseau-pour-trouver-mes-bonnes-fees-2","status":"publish","type":"product","link":"https:\/\/empow-her.com\/es\/produit\/coaching-construire-et-solliciter-un-reseau-pour-trouver-mes-bonnes-fees-2\/","title":{"rendered":"Coaching &#8211; Construire et solliciter un r\u00e9seau pour trouver mes bonnes f\u00e9es"},"content":{"rendered":"","protected":false},"excerpt":{"rendered":"<p><span data-sheets-value=\"{&quot;1&quot;:2,&quot;2&quot;:&quot;L\u2019un des pire ennemis qui guette une entrepreneure qui se lance est la solitude. Une des plus grandes forces de celles qui r\u00e9ussissent c\u2019est de savoir s\u2019entourer des bonnes personnes, s\u2019appuyer sur un r\u00e9seau, construire une communaut\u00e9 engag\u00e9e, cr\u00e9er des dynamiques de travail collaboratives qui donnent de l\u2019autonomie aux personnes qui auront envie contribuer.\\nComment trouver ce soutien d\u00e8s les premi\u00e8res \u00e9tapes d\u2019un projet ? Comment apprendre \u00e0 embarquer et solliciter les bonnes personnes, faire grandir ce premier cercle et en faire de r\u00e9els ambassadeurs ?\\n\\nLors de ce coaching, identifiez sur quels soutiens cl\u00e9s vous appuyer et comment d\u00e9velopper une communaut\u00e9 autour de vous et de votre projet. &quot;}\" data-sheets-userformat=\"{&quot;2&quot;:4993,&quot;3&quot;:{&quot;1&quot;:0},&quot;10&quot;:1,&quot;11&quot;:4,&quot;12&quot;:0,&quot;15&quot;:&quot;Hind&quot;}\">L\u2019un des pire ennemis qui guette une entrepreneure qui se lance est la solitude. Une des plus grandes forces de celles qui r\u00e9ussissent c\u2019est de savoir s\u2019entourer des bonnes personnes, s\u2019appuyer sur un r\u00e9seau, construire une communaut\u00e9 engag\u00e9e, cr\u00e9er des dynamiques de travail collaboratives qui donnent de l\u2019autonomie aux personnes qui auront envie contribuer.<br \/>\nComment trouver ce soutien d\u00e8s les premi\u00e8res \u00e9tapes d\u2019un projet ? Comment apprendre \u00e0 embarquer et solliciter les bonnes personnes, faire grandir ce premier cercle et en faire de r\u00e9els ambassadeurs ?<\/p>\n<p>Lors de ce coaching, identifiez sur quels soutiens cl\u00e9s vous appuyer et comment d\u00e9velopper une communaut\u00e9 autour de vous et de votre projet. <\/span><\/p>\n<p>&nbsp;<\/p>\n<p><strong>Intervenante : <\/strong>Hanieh Hadizadeh<\/p>\n<p>Session de coaching<strong> en ligne<\/strong><\/p>\n<p><strong>Dur\u00e9e<\/strong> : U<span data-sheets-value=\"{&quot;1&quot;:2,&quot;2&quot;:&quot;Permanence de 4h avec un cr\u00e9neau de 1h par participante (+ 15 minutes entre chaque)&quot;}\" data-sheets-userformat=\"{&quot;2&quot;:7167,&quot;3&quot;:{&quot;1&quot;:0},&quot;4&quot;:{&quot;1&quot;:2,&quot;2&quot;:16777215},&quot;5&quot;:{&quot;1&quot;:[{&quot;1&quot;:2,&quot;2&quot;:0,&quot;5&quot;:{&quot;1&quot;:2,&quot;2&quot;:0}},{&quot;1&quot;:0,&quot;2&quot;:0,&quot;3&quot;:3},{&quot;1&quot;:1,&quot;2&quot;:0,&quot;4&quot;:1}]},&quot;6&quot;:{&quot;1&quot;:[{&quot;1&quot;:2,&quot;2&quot;:0,&quot;5&quot;:{&quot;1&quot;:2,&quot;2&quot;:0}},{&quot;1&quot;:0,&quot;2&quot;:0,&quot;3&quot;:3},{&quot;1&quot;:1,&quot;2&quot;:0,&quot;4&quot;:1}]},&quot;7&quot;:{&quot;1&quot;:[{&quot;1&quot;:2,&quot;2&quot;:0,&quot;5&quot;:{&quot;1&quot;:2,&quot;2&quot;:0}},{&quot;1&quot;:0,&quot;2&quot;:0,&quot;3&quot;:3},{&quot;1&quot;:1,&quot;2&quot;:0,&quot;4&quot;:1}]},&quot;8&quot;:{&quot;1&quot;:[{&quot;1&quot;:2,&quot;2&quot;:0,&quot;5&quot;:{&quot;1&quot;:2,&quot;2&quot;:0}},{&quot;1&quot;:0,&quot;2&quot;:0,&quot;3&quot;:3},{&quot;1&quot;:1,&quot;2&quot;:0,&quot;4&quot;:1}]},&quot;9&quot;:0,&quot;10&quot;:1,&quot;11&quot;:4,&quot;12&quot;:0,&quot;14&quot;:{&quot;1&quot;:2,&quot;2&quot;:0},&quot;15&quot;:&quot;Calibri&quot;}\">n cr\u00e9neau de 1h en individuel<\/span><\/p>\n<p>&nbsp;<\/p>\n<p>Ce projet est co-financ\u00e9 par le Fonds Social Europ\u00e9en.<\/p>\n<p><img decoding=\"async\" class=\"alignnone size-medium wp-image-15794\" src=\"https:\/\/empow-her.com\/wp-content\/uploads\/2021\/07\/fse-logos-1-300x54.png\" alt=\"\" width=\"300\" height=\"54\" srcset=\"https:\/\/empow-her.com\/wp-content\/uploads\/2021\/07\/fse-logos-1-300x54.png 300w, https:\/\/empow-her.com\/wp-content\/uploads\/2021\/07\/fse-logos-1-600x108.png 600w, https:\/\/empow-her.com\/wp-content\/uploads\/2021\/07\/fse-logos-1-1024x184.png 1024w, https:\/\/empow-her.com\/wp-content\/uploads\/2021\/07\/fse-logos-1-768x138.png 768w, https:\/\/empow-her.com\/wp-content\/uploads\/2021\/07\/fse-logos-1-1536x275.png 1536w, https:\/\/empow-her.com\/wp-content\/uploads\/2021\/07\/fse-logos-1-2048x367.png 2048w, https:\/\/empow-her.com\/wp-content\/uploads\/2021\/07\/fse-logos-1-24x4.png 24w, https:\/\/empow-her.com\/wp-content\/uploads\/2021\/07\/fse-logos-1-36x6.png 36w, https:\/\/empow-her.com\/wp-content\/uploads\/2021\/07\/fse-logos-1-48x9.png 48w\" sizes=\"(max-width: 300px) 100vw, 300px\" \/><\/p>\n","protected":false},"featured_media":120503,"template":"","format":"standard","meta":{"_acf_changed":false,"om_disable_all_campaigns":false,"_uf_show_specific_survey":0,"_uf_disable_surveys":false},"product_brand":[],"product_cat":[121],"product_tag":[],"lieu":[125],"thematiques":[],"class_list":{"0":"post-120502","1":"product","2":"type-product","3":"status-publish","4":"format-standard","5":"has-post-thumbnail","7":"product_cat-coaching","8":"lieu-en-ligne","10":"first","11":"instock","12":"virtual","13":"purchasable","14":"product-type-appointment"},"exclude_global_add_ons":[],"addons":[],"acf":[],"yoast_head":"<!-- This site is optimized with the Yoast SEO plugin v24.8 - https:\/\/yoast.com\/wordpress\/plugins\/seo\/ -->\n<title>Coaching - Construire et solliciter un r\u00e9seau pour trouver mes bonnes f\u00e9es - Empow&#039;Her<\/title>\n<meta name=\"robots\" content=\"index, follow, max-snippet:-1, max-image-preview:large, max-video-preview:-1\" \/>\n<link rel=\"canonical\" href=\"https:\/\/empow-her.com\/es\/produit\/coaching-construire-et-solliciter-un-reseau-pour-trouver-mes-bonnes-fees-2\/\" \/>\n<meta property=\"og:locale\" content=\"es_ES\" \/>\n<meta property=\"og:type\" content=\"article\" \/>\n<meta property=\"og:title\" content=\"Coaching - Construire et solliciter un r\u00e9seau pour trouver mes bonnes f\u00e9es - Empow&#039;Her\" \/>\n<meta property=\"og:description\" content=\"L\u2019un des pire ennemis qui guette une entrepreneure qui se lance est la solitude. Une des plus grandes forces de celles qui r\u00e9ussissent c\u2019est de savoir s\u2019entourer des bonnes personnes, s\u2019appuyer sur un r\u00e9seau, construire une communaut\u00e9 engag\u00e9e, cr\u00e9er des dynamiques de travail collaboratives qui donnent de l\u2019autonomie aux personnes qui auront envie contribuer. Comment trouver ce soutien d\u00e8s les premi\u00e8res \u00e9tapes d\u2019un projet ? Comment apprendre \u00e0 embarquer et solliciter les bonnes personnes, faire grandir ce premier cercle et en faire de r\u00e9els ambassadeurs ?  Lors de ce coaching, identifiez sur quels soutiens cl\u00e9s vous appuyer et comment d\u00e9velopper une communaut\u00e9 autour de vous et de votre projet.   &nbsp;  Intervenante : Hanieh Hadizadeh  Session de coaching en ligne  Dur\u00e9e : Un cr\u00e9neau de 1h en individuel  &nbsp;  Ce projet est co-financ\u00e9 par le Fonds Social Europ\u00e9en.\" \/>\n<meta property=\"og:url\" content=\"https:\/\/empow-her.com\/es\/produit\/coaching-construire-et-solliciter-un-reseau-pour-trouver-mes-bonnes-fees-2\/\" \/>\n<meta property=\"og:site_name\" content=\"Empow&#039;Her\" \/>\n<meta property=\"article:modified_time\" content=\"2022-06-25T15:43:06+00:00\" \/>\n<meta property=\"og:image\" content=\"https:\/\/empow-her.com\/wp-content\/uploads\/2022\/06\/Women-Dare-templates-events-40.png\" \/>\n\t<meta property=\"og:image:width\" content=\"1080\" \/>\n\t<meta property=\"og:image:height\" content=\"1080\" \/>\n\t<meta property=\"og:image:type\" content=\"image\/png\" \/>\n<meta name=\"twitter:card\" content=\"summary_large_image\" \/>\n<script type=\"application\/ld+json\" class=\"yoast-schema-graph\">{\"@context\":\"https:\/\/schema.org\",\"@graph\":[{\"@type\":\"WebPage\",\"@id\":\"https:\/\/empow-her.com\/es\/produit\/coaching-construire-et-solliciter-un-reseau-pour-trouver-mes-bonnes-fees-2\/\",\"url\":\"https:\/\/empow-her.com\/es\/produit\/coaching-construire-et-solliciter-un-reseau-pour-trouver-mes-bonnes-fees-2\/\",\"name\":\"Coaching - Construire et solliciter un r\u00e9seau pour trouver mes bonnes f\u00e9es - Empow&#039;Her\",\"isPartOf\":{\"@id\":\"https:\/\/empow-her.com\/#website\"},\"primaryImageOfPage\":{\"@id\":\"https:\/\/empow-her.com\/es\/produit\/coaching-construire-et-solliciter-un-reseau-pour-trouver-mes-bonnes-fees-2\/#primaryimage\"},\"image\":{\"@id\":\"https:\/\/empow-her.com\/es\/produit\/coaching-construire-et-solliciter-un-reseau-pour-trouver-mes-bonnes-fees-2\/#primaryimage\"},\"thumbnailUrl\":\"https:\/\/empow-her.com\/wp-content\/uploads\/2022\/06\/Women-Dare-templates-events-40.png\",\"datePublished\":\"2022-06-22T17:06:48+00:00\",\"dateModified\":\"2022-06-25T15:43:06+00:00\",\"breadcrumb\":{\"@id\":\"https:\/\/empow-her.com\/es\/produit\/coaching-construire-et-solliciter-un-reseau-pour-trouver-mes-bonnes-fees-2\/#breadcrumb\"},\"inLanguage\":\"es\",\"potentialAction\":[{\"@type\":\"ReadAction\",\"target\":[\"https:\/\/empow-her.com\/es\/produit\/coaching-construire-et-solliciter-un-reseau-pour-trouver-mes-bonnes-fees-2\/\"]}]},{\"@type\":\"ImageObject\",\"inLanguage\":\"es\",\"@id\":\"https:\/\/empow-her.com\/es\/produit\/coaching-construire-et-solliciter-un-reseau-pour-trouver-mes-bonnes-fees-2\/#primaryimage\",\"url\":\"https:\/\/empow-her.com\/wp-content\/uploads\/2022\/06\/Women-Dare-templates-events-40.png\",\"contentUrl\":\"https:\/\/empow-her.com\/wp-content\/uploads\/2022\/06\/Women-Dare-templates-events-40.png\",\"width\":1080,\"height\":1080},{\"@type\":\"BreadcrumbList\",\"@id\":\"https:\/\/empow-her.com\/es\/produit\/coaching-construire-et-solliciter-un-reseau-pour-trouver-mes-bonnes-fees-2\/#breadcrumb\",\"itemListElement\":[{\"@type\":\"ListItem\",\"position\":1,\"name\":\"Accueil\",\"item\":\"https:\/\/empow-her.com\/es\/inicio\/\"},{\"@type\":\"ListItem\",\"position\":2,\"name\":\"LA BOUTIQUE\",\"item\":\"https:\/\/empow-her.com\/boutique\/\"},{\"@type\":\"ListItem\",\"position\":3,\"name\":\"Coaching &#8211; Construire et solliciter un r\u00e9seau pour trouver mes bonnes f\u00e9es\"}]},{\"@type\":\"WebSite\",\"@id\":\"https:\/\/empow-her.com\/#website\",\"url\":\"https:\/\/empow-her.com\/\",\"name\":\"Empow&#039;Her\",\"description\":\"Women Development\",\"potentialAction\":[{\"@type\":\"SearchAction\",\"target\":{\"@type\":\"EntryPoint\",\"urlTemplate\":\"https:\/\/empow-her.com\/?s={search_term_string}\"},\"query-input\":{\"@type\":\"PropertyValueSpecification\",\"valueRequired\":true,\"valueName\":\"search_term_string\"}}],\"inLanguage\":\"es\"}]}<\/script>\n<!-- \/ Yoast SEO plugin. -->","yoast_head_json":{"title":"Coaching - Construire et solliciter un r\u00e9seau pour trouver mes bonnes f\u00e9es - Empow&#039;Her","robots":{"index":"index","follow":"follow","max-snippet":"max-snippet:-1","max-image-preview":"max-image-preview:large","max-video-preview":"max-video-preview:-1"},"canonical":"https:\/\/empow-her.com\/es\/produit\/coaching-construire-et-solliciter-un-reseau-pour-trouver-mes-bonnes-fees-2\/","og_locale":"es_ES","og_type":"article","og_title":"Coaching - Construire et solliciter un r\u00e9seau pour trouver mes bonnes f\u00e9es - Empow&#039;Her","og_description":"L\u2019un des pire ennemis qui guette une entrepreneure qui se lance est la solitude. Une des plus grandes forces de celles qui r\u00e9ussissent c\u2019est de savoir s\u2019entourer des bonnes personnes, s\u2019appuyer sur un r\u00e9seau, construire une communaut\u00e9 engag\u00e9e, cr\u00e9er des dynamiques de travail collaboratives qui donnent de l\u2019autonomie aux personnes qui auront envie contribuer. Comment trouver ce soutien d\u00e8s les premi\u00e8res \u00e9tapes d\u2019un projet ? Comment apprendre \u00e0 embarquer et solliciter les bonnes personnes, faire grandir ce premier cercle et en faire de r\u00e9els ambassadeurs ?  Lors de ce coaching, identifiez sur quels soutiens cl\u00e9s vous appuyer et comment d\u00e9velopper une communaut\u00e9 autour de vous et de votre projet.   &nbsp;  Intervenante : Hanieh Hadizadeh  Session de coaching en ligne  Dur\u00e9e : Un cr\u00e9neau de 1h en individuel  &nbsp;  Ce projet est co-financ\u00e9 par le Fonds Social Europ\u00e9en.","og_url":"https:\/\/empow-her.com\/es\/produit\/coaching-construire-et-solliciter-un-reseau-pour-trouver-mes-bonnes-fees-2\/","og_site_name":"Empow&#039;Her","article_modified_time":"2022-06-25T15:43:06+00:00","og_image":[{"width":1080,"height":1080,"url":"https:\/\/empow-her.com\/wp-content\/uploads\/2022\/06\/Women-Dare-templates-events-40.png","type":"image\/png"}],"twitter_card":"summary_large_image","schema":{"@context":"https:\/\/schema.org","@graph":[{"@type":"WebPage","@id":"https:\/\/empow-her.com\/es\/produit\/coaching-construire-et-solliciter-un-reseau-pour-trouver-mes-bonnes-fees-2\/","url":"https:\/\/empow-her.com\/es\/produit\/coaching-construire-et-solliciter-un-reseau-pour-trouver-mes-bonnes-fees-2\/","name":"Coaching - Construire et solliciter un r\u00e9seau pour trouver mes bonnes f\u00e9es - Empow&#039;Her","isPartOf":{"@id":"https:\/\/empow-her.com\/#website"},"primaryImageOfPage":{"@id":"https:\/\/empow-her.com\/es\/produit\/coaching-construire-et-solliciter-un-reseau-pour-trouver-mes-bonnes-fees-2\/#primaryimage"},"image":{"@id":"https:\/\/empow-her.com\/es\/produit\/coaching-construire-et-solliciter-un-reseau-pour-trouver-mes-bonnes-fees-2\/#primaryimage"},"thumbnailUrl":"https:\/\/empow-her.com\/wp-content\/uploads\/2022\/06\/Women-Dare-templates-events-40.png","datePublished":"2022-06-22T17:06:48+00:00","dateModified":"2022-06-25T15:43:06+00:00","breadcrumb":{"@id":"https:\/\/empow-her.com\/es\/produit\/coaching-construire-et-solliciter-un-reseau-pour-trouver-mes-bonnes-fees-2\/#breadcrumb"},"inLanguage":"es","potentialAction":[{"@type":"ReadAction","target":["https:\/\/empow-her.com\/es\/produit\/coaching-construire-et-solliciter-un-reseau-pour-trouver-mes-bonnes-fees-2\/"]}]},{"@type":"ImageObject","inLanguage":"es","@id":"https:\/\/empow-her.com\/es\/produit\/coaching-construire-et-solliciter-un-reseau-pour-trouver-mes-bonnes-fees-2\/#primaryimage","url":"https:\/\/empow-her.com\/wp-content\/uploads\/2022\/06\/Women-Dare-templates-events-40.png","contentUrl":"https:\/\/empow-her.com\/wp-content\/uploads\/2022\/06\/Women-Dare-templates-events-40.png","width":1080,"height":1080},{"@type":"BreadcrumbList","@id":"https:\/\/empow-her.com\/es\/produit\/coaching-construire-et-solliciter-un-reseau-pour-trouver-mes-bonnes-fees-2\/#breadcrumb","itemListElement":[{"@type":"ListItem","position":1,"name":"Accueil","item":"https:\/\/empow-her.com\/es\/inicio\/"},{"@type":"ListItem","position":2,"name":"LA BOUTIQUE","item":"https:\/\/empow-her.com\/boutique\/"},{"@type":"ListItem","position":3,"name":"Coaching &#8211; Construire et solliciter un r\u00e9seau pour trouver mes bonnes f\u00e9es"}]},{"@type":"WebSite","@id":"https:\/\/empow-her.com\/#website","url":"https:\/\/empow-her.com\/","name":"Empow&#039;Her","description":"Women Development","potentialAction":[{"@type":"SearchAction","target":{"@type":"EntryPoint","urlTemplate":"https:\/\/empow-her.com\/?s={search_term_string}"},"query-input":{"@type":"PropertyValueSpecification","valueRequired":true,"valueName":"search_term_string"}}],"inLanguage":"es"}]}},"_links":{"self":[{"href":"https:\/\/empow-her.com\/es\/wp-json\/wp\/v2\/product\/120502","targetHints":{"allow":["GET"]}}],"collection":[{"href":"https:\/\/empow-her.com\/es\/wp-json\/wp\/v2\/product"}],"about":[{"href":"https:\/\/empow-her.com\/es\/wp-json\/wp\/v2\/types\/product"}],"wp:featuredmedia":[{"embeddable":true,"href":"https:\/\/empow-her.com\/es\/wp-json\/wp\/v2\/media\/120503"}],"wp:attachment":[{"href":"https:\/\/empow-her.com\/es\/wp-json\/wp\/v2\/media?parent=120502"}],"wp:term":[{"taxonomy":"product_brand","embeddable":true,"href":"https:\/\/empow-her.com\/es\/wp-json\/wp\/v2\/product_brand?post=120502"},{"taxonomy":"product_cat","embeddable":true,"href":"https:\/\/empow-her.com\/es\/wp-json\/wp\/v2\/product_cat?post=120502"},{"taxonomy":"product_tag","embeddable":true,"href":"https:\/\/empow-her.com\/es\/wp-json\/wp\/v2\/product_tag?post=120502"},{"taxonomy":"lieu","embeddable":true,"href":"https:\/\/empow-her.com\/es\/wp-json\/wp\/v2\/lieu?post=120502"},{"taxonomy":"thematiques","embeddable":true,"href":"https:\/\/empow-her.com\/es\/wp-json\/wp\/v2\/thematiques?post=120502"}],"curies":[{"name":"wp","href":"https:\/\/api.w.org\/{rel}","templated":true}]}}