{"id":11846,"date":"2021-03-03T17:42:28","date_gmt":"2021-03-03T16:42:28","guid":{"rendered":"https:\/\/empow-her.com\/?post_type=product&#038;p=11846"},"modified":"2021-03-03T17:52:28","modified_gmt":"2021-03-03T16:52:28","slug":"shetalks-lartiste-une-entrepreneure-comme-les-autres","status":"publish","type":"product","link":"https:\/\/empow-her.com\/es\/produit\/shetalks-lartiste-une-entrepreneure-comme-les-autres\/","title":{"rendered":"SheTalks : l&#8217;artiste, une entrepreneure comme les autres ?"},"content":{"rendered":"<p><span style=\"font-weight: 400;\">En partenariat avec Le Comptoir, incubateur du Groupe SOS et dans le cadre du programme Elles Ensemble, nous vous invitons \u00e0 notre prochaine conf\u00e9rence SheTalks en ligne, plac\u00e9 sous le signe de la cr\u00e9ation artistique.<\/span><\/p>\n<p><span style=\"font-weight: 400;\">Artiste et entrepreneur ? Pourquoi pas ! Depuis les ann\u00e9es 80, un.e artiste ne d\u00e9pend plus seulement de la vente de ses \u0153uvres ou de m\u00e9c\u00e8nes. Les artistes <\/span><span style=\"font-weight: 400;\">enseignent, communiquent, rejoignent des entreprises ou des ONG, pour mieux diffuser leur travail et d\u00e9mocratiser l\u2019acc\u00e8s \u00e0 l\u2019art aupr\u00e8s de toutes et tous.\u00a0<\/span><\/p>\n<p><span style=\"font-weight: 400;\">En cette p\u00e9riode, les artistes apparaissent plus que jamais comme d\u2019utilit\u00e9 sociale; dans un syst\u00e8me qui semble consid\u00e9rer que la culture n\u2019est pas utile en p\u00e9riode de crise sanitaire. Il est devenu aujourd\u2019hui n\u00e9cessaire de d\u00e9velopper de nouveaux mod\u00e8les pour dynamiser le secteur culturel et penser de nouvelles pratiques artistiques.<\/span><\/p>\n<p><span style=\"font-weight: 400;\">Nos trois intervenantes r\u00e9inventent le secteur de la cr\u00e9ation dans le champ de la danse, de la musique classique et de l\u2019art contemporain.<\/span><\/p>\n<p><span style=\"font-weight: 400;\">Pour cette prochaine \u00e9dition de nos conf\u00e9rences SheTalks, nous parlerons d\u2019autocensure, de cr\u00e9ativit\u00e9 et des synergies entre le milieu entrepreneurial et artistique. Elles reviendront sur leurs parcours respectifs, nous parleront des artistes qu\u2019elles soutiennent et de leur analyse des transformations en cours dans leur secteur.<\/span><\/p>\n<p><b>Nos intervenantes :\u00a0<\/b><\/p>\n<p>&nbsp;<\/p>\n<p><b>Gis\u00e8le Magnan<\/b><span style=\"font-weight: 400;\"> est pianiste engag\u00e9e. Souffrant du foss\u00e9 qui se creuse entre la musique classique et le grand public, elle d\u00e9cide de cr\u00e9er <\/span><b>les Concerts de Poche<\/b><span style=\"font-weight: 400;\"> en 2005 pour rendre la musique classique accessible au plus grand nombre. La mission des Concerts de Poche est artistique, sociale et territoriale. L&#8217;association organise des ateliers musicaux et des concerts de musique classique, lyrique et jazz, dans les campagnes et les quartiers. Elle place la convivialit\u00e9, la cr\u00e9ation, la proximit\u00e9 et l\u2019\u00e9change au c\u0153ur de sa d\u00e9marche pour proposer aux habitants, aux artistes et aux collectivit\u00e9s une exp\u00e9rience in\u00e9dite et cr\u00e9atrice de liens.\u00a0<\/span><\/p>\n<p>&nbsp;<\/p>\n<p><b>Orianne Vilmer <\/b><span style=\"font-weight: 400;\">est <\/span><span style=\"font-weight: 400;\">cofondatrice et dirigeante de <\/span><b>La Fabrique de la Danse<\/b><span style=\"font-weight: 400;\">,<\/span><span style=\"font-weight: 400;\"> une startup culturelle cr\u00e9\u00e9e en 2015 pour contribuer \u00e0 la construction d\u2019un avenir p\u00e9renne pour l\u2019art chor\u00e9graphique par la structuration d\u2019une fili\u00e8re \u00e9conomique. La Fabrique de la Danse d\u00e9veloppe des programmes p\u00e9dagogiques pour accompagner les professionnels de la danse dans l\u2019\u00e9volution de leur m\u00e9tier, d\u00e9veloppe des outils num\u00e9riques adapt\u00e9s aux nouveaux modes de travail, et pr\u00e9pare l\u2019ouverture d\u2019un lieu de 2500 m2, laur\u00e9at de R\u00e9inventer.Paris, int\u00e9grant diff\u00e9rents espaces et services innovants en r\u00e9ponse aux besoins du secteur.<\/span><\/p>\n<p><b>Sandrine Montagne<\/b><span style=\"font-weight: 400;\"> es<\/span><span style=\"font-weight: 400;\">t la directrice d\u2019<\/span><b>Art-exprim<\/b><span style=\"font-weight: 400;\">, une association qui a pour ambition de soutenir la diffusion des \u0153uvres et des savoirs des artistes contemporains aupr\u00e8s des publics. Elle accompagne les entreprises, les collectivit\u00e9s et particuliers pour l\u2019organisation d\u2019\u00e9v\u00e8nements artistiques.Form\u00e9e en Sciences Politiques et en Histoire de l\u2019art, son travail avec des artistes plasticiens depuis une quinzaine d\u2019ann\u00e9es nourrit ses recherches sur la cr\u00e9ativit\u00e9. Sandrine Montagne est \u00e0 l\u2019initiative de la mise en place du centre de ressources plac\u00e9 \u00e0 disposition du r\u00e9seau de plasticiens d\u2019art-exprim. <\/span><\/p>\n","protected":false},"excerpt":{"rendered":"<p><span style=\"font-weight: 400;\">En partenariat avec Le Comptoir, incubateur du Groupe SOS et dans le cadre du programme Elles Ensemble, nous vous invitons \u00e0 notre prochaine conf\u00e9rence SheTalks en ligne, plac\u00e9 sous le signe de la cr\u00e9ation artistique.<\/span><\/p>\n<p><span style=\"font-weight: 400;\">Artiste et entrepreneur ? Pourquoi pas ! Depuis les ann\u00e9es 80, un.e artiste ne d\u00e9pend plus seulement de la vente de ses \u0153uvres ou de m\u00e9c\u00e8nes. Les artistes <\/span><span style=\"font-weight: 400;\">enseignent, communiquent, rejoignent des entreprises ou des ONG, pour mieux diffuser leur travail et d\u00e9mocratiser l\u2019acc\u00e8s \u00e0 l\u2019art aupr\u00e8s de toutes et tous.\u00a0<\/span><\/p>\n<p><span style=\"font-weight: 400;\">En cette p\u00e9riode, les artistes apparaissent plus que jamais comme d\u2019utilit\u00e9 sociale; dans un syst\u00e8me qui semble consid\u00e9rer que la culture n\u2019est pas utile en p\u00e9riode de crise sanitaire. Il est devenu aujourd\u2019hui n\u00e9cessaire de d\u00e9velopper de nouveaux mod\u00e8les pour dynamiser le secteur culturel et penser de nouvelles pratiques artistiques.<\/span><\/p>\n<p><span style=\"font-weight: 400;\">Nos trois intervenantes r\u00e9inventent le secteur de la cr\u00e9ation dans le champ de la danse, de la musique classique et de l\u2019art contemporain.<\/span><\/p>\n<p><span style=\"font-weight: 400;\">Pour cette prochaine \u00e9dition de nos conf\u00e9rences SheTalks, nous parlerons d\u2019autocensure, de cr\u00e9ativit\u00e9 et des synergies entre le milieu entrepreneurial et artistique. Elles reviendront sur leurs parcours respectifs, nous parleront des artistes qu\u2019elles soutiennent et de leur analyse des transformations en cours dans leur secteur.<\/span><\/p>\n<p><b>Nos intervenantes :\u00a0<\/b><\/p>\n<p>&nbsp;<\/p>\n<p><b>Gis\u00e8le Magnan<\/b><span style=\"font-weight: 400;\"> est pianiste engag\u00e9e. Souffrant du foss\u00e9 qui se creuse entre la musique classique et le grand public, elle d\u00e9cide de cr\u00e9er <\/span><b>les Concerts de Poche<\/b><span style=\"font-weight: 400;\"> en 2005 pour rendre la musique classique accessible au plus grand nombre. La mission des Concerts de Poche est artistique, sociale et territoriale. L&#8217;association organise des ateliers musicaux et des concerts de musique classique, lyrique et jazz, dans les campagnes et les quartiers. Elle place la convivialit\u00e9, la cr\u00e9ation, la proximit\u00e9 et l\u2019\u00e9change au c\u0153ur de sa d\u00e9marche pour proposer aux habitants, aux artistes et aux collectivit\u00e9s une exp\u00e9rience in\u00e9dite et cr\u00e9atrice de liens.\u00a0<\/span><\/p>\n<p>&nbsp;<\/p>\n<p><b>Orianne Vilmer <\/b><span style=\"font-weight: 400;\">est <\/span><span style=\"font-weight: 400;\">cofondatrice et dirigeante de <\/span><b>La Fabrique de la Danse<\/b><span style=\"font-weight: 400;\">,<\/span><span style=\"font-weight: 400;\"> une startup culturelle cr\u00e9\u00e9e en 2015 pour contribuer \u00e0 la construction d\u2019un avenir p\u00e9renne pour l\u2019art chor\u00e9graphique par la structuration d\u2019une fili\u00e8re \u00e9conomique. La Fabrique de la Danse d\u00e9veloppe des programmes p\u00e9dagogiques pour accompagner les professionnels de la danse dans l\u2019\u00e9volution de leur m\u00e9tier, d\u00e9veloppe des outils num\u00e9riques adapt\u00e9s aux nouveaux modes de travail, et pr\u00e9pare l\u2019ouverture d\u2019un lieu de 2500 m2, laur\u00e9at de R\u00e9inventer.Paris, int\u00e9grant diff\u00e9rents espaces et services innovants en r\u00e9ponse aux besoins du secteur.<\/span><\/p>\n<p><b>Sandrine Montagne<\/b><span style=\"font-weight: 400;\"> es<\/span><span style=\"font-weight: 400;\">t la directrice d\u2019<\/span><b>Art-exprim<\/b><span style=\"font-weight: 400;\">, une association qui a pour ambition de soutenir la diffusion des \u0153uvres et des savoirs des artistes contemporains aupr\u00e8s des publics. Elle accompagne les entreprises, les collectivit\u00e9s et particuliers pour l\u2019organisation d\u2019\u00e9v\u00e8nements artistiques.Form\u00e9e en Sciences Politiques et en Histoire de l\u2019art, son travail avec des artistes plasticiens depuis une quinzaine d\u2019ann\u00e9es nourrit ses recherches sur la cr\u00e9ativit\u00e9. Sandrine Montagne est \u00e0 l\u2019initiative de la mise en place du centre de ressources plac\u00e9 \u00e0 disposition du r\u00e9seau de plasticiens d\u2019art-exprim. <\/span><\/p>\n","protected":false},"featured_media":11849,"template":"","format":"standard","meta":{"_acf_changed":false,"om_disable_all_campaigns":false,"_uf_show_specific_survey":0,"_uf_disable_surveys":false},"product_brand":[],"product_cat":[119],"product_tag":[],"lieu":[],"thematiques":[],"class_list":{"0":"post-11846","1":"product","2":"type-product","3":"status-publish","4":"format-standard","5":"has-post-thumbnail","7":"product_cat-evenement-sisther","9":"first","10":"instock","11":"virtual","12":"purchasable","13":"product-type-appointment"},"exclude_global_add_ons":[],"addons":[],"acf":[],"yoast_head":"<!-- This site is optimized with the Yoast SEO plugin v24.8 - https:\/\/yoast.com\/wordpress\/plugins\/seo\/ -->\n<title>SheTalks : l&#039;artiste, une entrepreneure comme les autres ? - Empow&#039;Her<\/title>\n<meta name=\"robots\" content=\"index, follow, max-snippet:-1, max-image-preview:large, max-video-preview:-1\" \/>\n<link rel=\"canonical\" href=\"https:\/\/empow-her.com\/es\/produit\/shetalks-lartiste-une-entrepreneure-comme-les-autres\/\" \/>\n<meta property=\"og:locale\" content=\"es_ES\" \/>\n<meta property=\"og:type\" content=\"article\" \/>\n<meta property=\"og:title\" content=\"SheTalks : l&#039;artiste, une entrepreneure comme les autres ? - Empow&#039;Her\" \/>\n<meta property=\"og:description\" content=\"En partenariat avec Le Comptoir, incubateur du Groupe SOS et dans le cadre du programme Elles Ensemble, nous vous invitons \u00e0 notre prochaine conf\u00e9rence SheTalks en ligne, plac\u00e9 sous le signe de la cr\u00e9ation artistique.  Artiste et entrepreneur ? Pourquoi pas ! Depuis les ann\u00e9es 80, un.e artiste ne d\u00e9pend plus seulement de la vente de ses \u0153uvres ou de m\u00e9c\u00e8nes. Les artistes enseignent, communiquent, rejoignent des entreprises ou des ONG, pour mieux diffuser leur travail et d\u00e9mocratiser l\u2019acc\u00e8s \u00e0 l\u2019art aupr\u00e8s de toutes et tous.\u00a0  En cette p\u00e9riode, les artistes apparaissent plus que jamais comme d\u2019utilit\u00e9 sociale; dans un syst\u00e8me qui semble consid\u00e9rer que la culture n\u2019est pas utile en p\u00e9riode de crise sanitaire. Il est devenu aujourd\u2019hui n\u00e9cessaire de d\u00e9velopper de nouveaux mod\u00e8les pour dynamiser le secteur culturel et penser de nouvelles pratiques artistiques.  Nos trois intervenantes r\u00e9inventent le secteur de la cr\u00e9ation dans le champ de la danse, de la musique classique et de l\u2019art contemporain.  Pour cette prochaine \u00e9dition de nos conf\u00e9rences SheTalks, nous parlerons d\u2019autocensure, de cr\u00e9ativit\u00e9 et des synergies entre le milieu entrepreneurial et artistique. Elles reviendront sur leurs parcours respectifs, nous parleront des artistes qu\u2019elles soutiennent et de leur analyse des transformations en cours dans leur secteur.  Nos intervenantes :\u00a0  &nbsp;  Gis\u00e8le Magnan est pianiste engag\u00e9e. Souffrant du foss\u00e9 qui se creuse entre la musique classique et le grand public, elle d\u00e9cide de cr\u00e9er les Concerts de Poche en 2005 pour rendre la musique classique accessible au plus grand nombre. La mission des Concerts de Poche est artistique, sociale et territoriale. L&#039;association organise des ateliers musicaux et des concerts de musique classique, lyrique et jazz, dans les campagnes et les quartiers. Elle place la convivialit\u00e9, la cr\u00e9ation, la proximit\u00e9 et l\u2019\u00e9change au c\u0153ur de sa d\u00e9marche pour proposer aux habitants, aux artistes et aux collectivit\u00e9s une exp\u00e9rience in\u00e9dite et cr\u00e9atrice de liens.\u00a0  &nbsp;  Orianne Vilmer est cofondatrice et dirigeante de La Fabrique de la Danse, une startup culturelle cr\u00e9\u00e9e en 2015 pour contribuer \u00e0 la construction d\u2019un avenir p\u00e9renne pour l\u2019art chor\u00e9graphique par la structuration d\u2019une fili\u00e8re \u00e9conomique. La Fabrique de la Danse d\u00e9veloppe des programmes p\u00e9dagogiques pour accompagner les professionnels de la danse dans l\u2019\u00e9volution de leur m\u00e9tier, d\u00e9veloppe des outils num\u00e9riques adapt\u00e9s aux nouveaux modes de travail, et pr\u00e9pare l\u2019ouverture d\u2019un lieu de 2500 m2, laur\u00e9at de R\u00e9inventer.Paris, int\u00e9grant diff\u00e9rents espaces et services innovants en r\u00e9ponse aux besoins du secteur.  Sandrine Montagne est la directrice d\u2019Art-exprim, une association qui a pour ambition de soutenir la diffusion des \u0153uvres et des savoirs des artistes contemporains aupr\u00e8s des publics. Elle accompagne les entreprises, les collectivit\u00e9s et particuliers pour l\u2019organisation d\u2019\u00e9v\u00e8nements artistiques.Form\u00e9e en Sciences Politiques et en Histoire de l\u2019art, son travail avec des artistes plasticiens depuis une quinzaine d\u2019ann\u00e9es nourrit ses recherches sur la cr\u00e9ativit\u00e9. Sandrine Montagne est \u00e0 l\u2019initiative de la mise en place du centre de ressources plac\u00e9 \u00e0 disposition du r\u00e9seau de plasticiens d\u2019art-exprim.\" \/>\n<meta property=\"og:url\" content=\"https:\/\/empow-her.com\/es\/produit\/shetalks-lartiste-une-entrepreneure-comme-les-autres\/\" \/>\n<meta property=\"og:site_name\" content=\"Empow&#039;Her\" \/>\n<meta property=\"article:modified_time\" content=\"2021-03-03T16:52:28+00:00\" \/>\n<meta property=\"og:image\" content=\"https:\/\/empow-her.com\/wp-content\/uploads\/2021\/03\/EVENTS-FEVRIER-_-MARS-2021-20.png\" \/>\n\t<meta property=\"og:image:width\" content=\"1080\" \/>\n\t<meta property=\"og:image:height\" content=\"1080\" \/>\n\t<meta property=\"og:image:type\" content=\"image\/png\" \/>\n<meta name=\"twitter:card\" content=\"summary_large_image\" \/>\n<meta name=\"twitter:label1\" content=\"Tiempo de lectura\" \/>\n\t<meta name=\"twitter:data1\" content=\"3 minutos\" \/>\n<script type=\"application\/ld+json\" class=\"yoast-schema-graph\">{\"@context\":\"https:\/\/schema.org\",\"@graph\":[{\"@type\":\"WebPage\",\"@id\":\"https:\/\/empow-her.com\/es\/produit\/shetalks-lartiste-une-entrepreneure-comme-les-autres\/\",\"url\":\"https:\/\/empow-her.com\/es\/produit\/shetalks-lartiste-une-entrepreneure-comme-les-autres\/\",\"name\":\"SheTalks : l'artiste, une entrepreneure comme les autres ? - Empow&#039;Her\",\"isPartOf\":{\"@id\":\"https:\/\/empow-her.com\/#website\"},\"primaryImageOfPage\":{\"@id\":\"https:\/\/empow-her.com\/es\/produit\/shetalks-lartiste-une-entrepreneure-comme-les-autres\/#primaryimage\"},\"image\":{\"@id\":\"https:\/\/empow-her.com\/es\/produit\/shetalks-lartiste-une-entrepreneure-comme-les-autres\/#primaryimage\"},\"thumbnailUrl\":\"https:\/\/empow-her.com\/wp-content\/uploads\/2021\/03\/EVENTS-FEVRIER-_-MARS-2021-20.png\",\"datePublished\":\"2021-03-03T16:42:28+00:00\",\"dateModified\":\"2021-03-03T16:52:28+00:00\",\"breadcrumb\":{\"@id\":\"https:\/\/empow-her.com\/es\/produit\/shetalks-lartiste-une-entrepreneure-comme-les-autres\/#breadcrumb\"},\"inLanguage\":\"es\",\"potentialAction\":[{\"@type\":\"ReadAction\",\"target\":[\"https:\/\/empow-her.com\/es\/produit\/shetalks-lartiste-une-entrepreneure-comme-les-autres\/\"]}]},{\"@type\":\"ImageObject\",\"inLanguage\":\"es\",\"@id\":\"https:\/\/empow-her.com\/es\/produit\/shetalks-lartiste-une-entrepreneure-comme-les-autres\/#primaryimage\",\"url\":\"https:\/\/empow-her.com\/wp-content\/uploads\/2021\/03\/EVENTS-FEVRIER-_-MARS-2021-20.png\",\"contentUrl\":\"https:\/\/empow-her.com\/wp-content\/uploads\/2021\/03\/EVENTS-FEVRIER-_-MARS-2021-20.png\",\"width\":1080,\"height\":1080},{\"@type\":\"BreadcrumbList\",\"@id\":\"https:\/\/empow-her.com\/es\/produit\/shetalks-lartiste-une-entrepreneure-comme-les-autres\/#breadcrumb\",\"itemListElement\":[{\"@type\":\"ListItem\",\"position\":1,\"name\":\"Accueil\",\"item\":\"https:\/\/empow-her.com\/es\/inicio\/\"},{\"@type\":\"ListItem\",\"position\":2,\"name\":\"LA BOUTIQUE\",\"item\":\"https:\/\/empow-her.com\/boutique\/\"},{\"@type\":\"ListItem\",\"position\":3,\"name\":\"SheTalks : l&#8217;artiste, une entrepreneure comme les autres ?\"}]},{\"@type\":\"WebSite\",\"@id\":\"https:\/\/empow-her.com\/#website\",\"url\":\"https:\/\/empow-her.com\/\",\"name\":\"Empow&#039;Her\",\"description\":\"Women Development\",\"potentialAction\":[{\"@type\":\"SearchAction\",\"target\":{\"@type\":\"EntryPoint\",\"urlTemplate\":\"https:\/\/empow-her.com\/?s={search_term_string}\"},\"query-input\":{\"@type\":\"PropertyValueSpecification\",\"valueRequired\":true,\"valueName\":\"search_term_string\"}}],\"inLanguage\":\"es\"}]}<\/script>\n<!-- \/ Yoast SEO plugin. -->","yoast_head_json":{"title":"SheTalks : l'artiste, une entrepreneure comme les autres ? - Empow&#039;Her","robots":{"index":"index","follow":"follow","max-snippet":"max-snippet:-1","max-image-preview":"max-image-preview:large","max-video-preview":"max-video-preview:-1"},"canonical":"https:\/\/empow-her.com\/es\/produit\/shetalks-lartiste-une-entrepreneure-comme-les-autres\/","og_locale":"es_ES","og_type":"article","og_title":"SheTalks : l'artiste, une entrepreneure comme les autres ? - Empow&#039;Her","og_description":"En partenariat avec Le Comptoir, incubateur du Groupe SOS et dans le cadre du programme Elles Ensemble, nous vous invitons \u00e0 notre prochaine conf\u00e9rence SheTalks en ligne, plac\u00e9 sous le signe de la cr\u00e9ation artistique.  Artiste et entrepreneur ? Pourquoi pas ! Depuis les ann\u00e9es 80, un.e artiste ne d\u00e9pend plus seulement de la vente de ses \u0153uvres ou de m\u00e9c\u00e8nes. Les artistes enseignent, communiquent, rejoignent des entreprises ou des ONG, pour mieux diffuser leur travail et d\u00e9mocratiser l\u2019acc\u00e8s \u00e0 l\u2019art aupr\u00e8s de toutes et tous.\u00a0  En cette p\u00e9riode, les artistes apparaissent plus que jamais comme d\u2019utilit\u00e9 sociale; dans un syst\u00e8me qui semble consid\u00e9rer que la culture n\u2019est pas utile en p\u00e9riode de crise sanitaire. Il est devenu aujourd\u2019hui n\u00e9cessaire de d\u00e9velopper de nouveaux mod\u00e8les pour dynamiser le secteur culturel et penser de nouvelles pratiques artistiques.  Nos trois intervenantes r\u00e9inventent le secteur de la cr\u00e9ation dans le champ de la danse, de la musique classique et de l\u2019art contemporain.  Pour cette prochaine \u00e9dition de nos conf\u00e9rences SheTalks, nous parlerons d\u2019autocensure, de cr\u00e9ativit\u00e9 et des synergies entre le milieu entrepreneurial et artistique. Elles reviendront sur leurs parcours respectifs, nous parleront des artistes qu\u2019elles soutiennent et de leur analyse des transformations en cours dans leur secteur.  Nos intervenantes :\u00a0  &nbsp;  Gis\u00e8le Magnan est pianiste engag\u00e9e. Souffrant du foss\u00e9 qui se creuse entre la musique classique et le grand public, elle d\u00e9cide de cr\u00e9er les Concerts de Poche en 2005 pour rendre la musique classique accessible au plus grand nombre. La mission des Concerts de Poche est artistique, sociale et territoriale. L'association organise des ateliers musicaux et des concerts de musique classique, lyrique et jazz, dans les campagnes et les quartiers. Elle place la convivialit\u00e9, la cr\u00e9ation, la proximit\u00e9 et l\u2019\u00e9change au c\u0153ur de sa d\u00e9marche pour proposer aux habitants, aux artistes et aux collectivit\u00e9s une exp\u00e9rience in\u00e9dite et cr\u00e9atrice de liens.\u00a0  &nbsp;  Orianne Vilmer est cofondatrice et dirigeante de La Fabrique de la Danse, une startup culturelle cr\u00e9\u00e9e en 2015 pour contribuer \u00e0 la construction d\u2019un avenir p\u00e9renne pour l\u2019art chor\u00e9graphique par la structuration d\u2019une fili\u00e8re \u00e9conomique. La Fabrique de la Danse d\u00e9veloppe des programmes p\u00e9dagogiques pour accompagner les professionnels de la danse dans l\u2019\u00e9volution de leur m\u00e9tier, d\u00e9veloppe des outils num\u00e9riques adapt\u00e9s aux nouveaux modes de travail, et pr\u00e9pare l\u2019ouverture d\u2019un lieu de 2500 m2, laur\u00e9at de R\u00e9inventer.Paris, int\u00e9grant diff\u00e9rents espaces et services innovants en r\u00e9ponse aux besoins du secteur.  Sandrine Montagne est la directrice d\u2019Art-exprim, une association qui a pour ambition de soutenir la diffusion des \u0153uvres et des savoirs des artistes contemporains aupr\u00e8s des publics. Elle accompagne les entreprises, les collectivit\u00e9s et particuliers pour l\u2019organisation d\u2019\u00e9v\u00e8nements artistiques.Form\u00e9e en Sciences Politiques et en Histoire de l\u2019art, son travail avec des artistes plasticiens depuis une quinzaine d\u2019ann\u00e9es nourrit ses recherches sur la cr\u00e9ativit\u00e9. Sandrine Montagne est \u00e0 l\u2019initiative de la mise en place du centre de ressources plac\u00e9 \u00e0 disposition du r\u00e9seau de plasticiens d\u2019art-exprim.","og_url":"https:\/\/empow-her.com\/es\/produit\/shetalks-lartiste-une-entrepreneure-comme-les-autres\/","og_site_name":"Empow&#039;Her","article_modified_time":"2021-03-03T16:52:28+00:00","og_image":[{"width":1080,"height":1080,"url":"https:\/\/empow-her.com\/wp-content\/uploads\/2021\/03\/EVENTS-FEVRIER-_-MARS-2021-20.png","type":"image\/png"}],"twitter_card":"summary_large_image","twitter_misc":{"Tiempo de lectura":"3 minutos"},"schema":{"@context":"https:\/\/schema.org","@graph":[{"@type":"WebPage","@id":"https:\/\/empow-her.com\/es\/produit\/shetalks-lartiste-une-entrepreneure-comme-les-autres\/","url":"https:\/\/empow-her.com\/es\/produit\/shetalks-lartiste-une-entrepreneure-comme-les-autres\/","name":"SheTalks : l'artiste, une entrepreneure comme les autres ? - Empow&#039;Her","isPartOf":{"@id":"https:\/\/empow-her.com\/#website"},"primaryImageOfPage":{"@id":"https:\/\/empow-her.com\/es\/produit\/shetalks-lartiste-une-entrepreneure-comme-les-autres\/#primaryimage"},"image":{"@id":"https:\/\/empow-her.com\/es\/produit\/shetalks-lartiste-une-entrepreneure-comme-les-autres\/#primaryimage"},"thumbnailUrl":"https:\/\/empow-her.com\/wp-content\/uploads\/2021\/03\/EVENTS-FEVRIER-_-MARS-2021-20.png","datePublished":"2021-03-03T16:42:28+00:00","dateModified":"2021-03-03T16:52:28+00:00","breadcrumb":{"@id":"https:\/\/empow-her.com\/es\/produit\/shetalks-lartiste-une-entrepreneure-comme-les-autres\/#breadcrumb"},"inLanguage":"es","potentialAction":[{"@type":"ReadAction","target":["https:\/\/empow-her.com\/es\/produit\/shetalks-lartiste-une-entrepreneure-comme-les-autres\/"]}]},{"@type":"ImageObject","inLanguage":"es","@id":"https:\/\/empow-her.com\/es\/produit\/shetalks-lartiste-une-entrepreneure-comme-les-autres\/#primaryimage","url":"https:\/\/empow-her.com\/wp-content\/uploads\/2021\/03\/EVENTS-FEVRIER-_-MARS-2021-20.png","contentUrl":"https:\/\/empow-her.com\/wp-content\/uploads\/2021\/03\/EVENTS-FEVRIER-_-MARS-2021-20.png","width":1080,"height":1080},{"@type":"BreadcrumbList","@id":"https:\/\/empow-her.com\/es\/produit\/shetalks-lartiste-une-entrepreneure-comme-les-autres\/#breadcrumb","itemListElement":[{"@type":"ListItem","position":1,"name":"Accueil","item":"https:\/\/empow-her.com\/es\/inicio\/"},{"@type":"ListItem","position":2,"name":"LA BOUTIQUE","item":"https:\/\/empow-her.com\/boutique\/"},{"@type":"ListItem","position":3,"name":"SheTalks : l&#8217;artiste, une entrepreneure comme les autres ?"}]},{"@type":"WebSite","@id":"https:\/\/empow-her.com\/#website","url":"https:\/\/empow-her.com\/","name":"Empow&#039;Her","description":"Women Development","potentialAction":[{"@type":"SearchAction","target":{"@type":"EntryPoint","urlTemplate":"https:\/\/empow-her.com\/?s={search_term_string}"},"query-input":{"@type":"PropertyValueSpecification","valueRequired":true,"valueName":"search_term_string"}}],"inLanguage":"es"}]}},"_links":{"self":[{"href":"https:\/\/empow-her.com\/es\/wp-json\/wp\/v2\/product\/11846","targetHints":{"allow":["GET"]}}],"collection":[{"href":"https:\/\/empow-her.com\/es\/wp-json\/wp\/v2\/product"}],"about":[{"href":"https:\/\/empow-her.com\/es\/wp-json\/wp\/v2\/types\/product"}],"wp:featuredmedia":[{"embeddable":true,"href":"https:\/\/empow-her.com\/es\/wp-json\/wp\/v2\/media\/11849"}],"wp:attachment":[{"href":"https:\/\/empow-her.com\/es\/wp-json\/wp\/v2\/media?parent=11846"}],"wp:term":[{"taxonomy":"product_brand","embeddable":true,"href":"https:\/\/empow-her.com\/es\/wp-json\/wp\/v2\/product_brand?post=11846"},{"taxonomy":"product_cat","embeddable":true,"href":"https:\/\/empow-her.com\/es\/wp-json\/wp\/v2\/product_cat?post=11846"},{"taxonomy":"product_tag","embeddable":true,"href":"https:\/\/empow-her.com\/es\/wp-json\/wp\/v2\/product_tag?post=11846"},{"taxonomy":"lieu","embeddable":true,"href":"https:\/\/empow-her.com\/es\/wp-json\/wp\/v2\/lieu?post=11846"},{"taxonomy":"thematiques","embeddable":true,"href":"https:\/\/empow-her.com\/es\/wp-json\/wp\/v2\/thematiques?post=11846"}],"curies":[{"name":"wp","href":"https:\/\/api.w.org\/{rel}","templated":true}]}}