{"id":118318,"date":"2022-04-22T16:50:16","date_gmt":"2022-04-22T14:50:16","guid":{"rendered":"https:\/\/empow-her.com\/?post_type=product&#038;p=118318"},"modified":"2022-04-22T16:55:05","modified_gmt":"2022-04-22T14:55:05","slug":"atelier-strategie-de-communication-avec-kpmg","status":"publish","type":"product","link":"https:\/\/empow-her.com\/es\/produit\/atelier-strategie-de-communication-avec-kpmg\/","title":{"rendered":"Atelier &#8211; Strat\u00e9gie de communication avec KPMG"},"content":{"rendered":"","protected":false},"excerpt":{"rendered":"<p>Participez \u00e0 un atelier anim\u00e9 par KPMG sur les strat\u00e9gies de communication pour en cerner une approche concr\u00e8te !<\/p>\n<p>Comment commencer \u00e0 communiquer sur votre projet ?<\/p>\n<p>Quelles sont les \u00e9tapes \u00e0 anticiper et comment s\u2019organiser pour mener \u00e0 bien cet exercice de plus en plus n\u00e9cessaire dans notre monde connect\u00e9 ?<\/p>\n<p>Venez franchir le cap vers une strat\u00e9gie de communication coh\u00e9rente ou renforcer votre m\u00e9thode pour les projets plus avanc\u00e9s \u00e0 travers cet \u00e9change avec une experte de la marque employeur KPMG.<\/p>\n<p><strong>Intervenant.e.s : <\/strong><br \/>\nC\u00e9lia Rastoin, experte KPMG<\/p>\n<p>&nbsp;<\/p>\n<div><\/div>\n<div><b>Lieu : <\/b>Sist&#8217;Her Paris, 82 rue du Faubourg Saint-Martin<\/div>\n<div><\/div>\n<div><\/div>\n<div><\/div>\n<p>Ce projet est co-financ\u00e9 par le Fonds Social Europ\u00e9en.<\/p>\n<p><img decoding=\"async\" class=\"\" src=\"https:\/\/www.sep-asso.fr\/wp-content\/uploads\/2018\/02\/logo-union-europeenne.png\" alt=\"logo union europeenne \u2013 SEP\" width=\"87\" height=\"72\" \/>\u00a0\u00a0<img decoding=\"async\" class=\"alignnone wp-image-15218\" src=\"https:\/\/empow-her.com\/wp-content\/uploads\/2021\/06\/logo_fonds_social_europeen-300x187.png\" alt=\"\" width=\"104\" height=\"65\" srcset=\"https:\/\/empow-her.com\/wp-content\/uploads\/2021\/06\/logo_fonds_social_europeen-300x187.png 300w, https:\/\/empow-her.com\/wp-content\/uploads\/2021\/06\/logo_fonds_social_europeen-600x375.png 600w, https:\/\/empow-her.com\/wp-content\/uploads\/2021\/06\/logo_fonds_social_europeen-24x15.png 24w, https:\/\/empow-her.com\/wp-content\/uploads\/2021\/06\/logo_fonds_social_europeen-36x22.png 36w, https:\/\/empow-her.com\/wp-content\/uploads\/2021\/06\/logo_fonds_social_europeen-48x30.png 48w, https:\/\/empow-her.com\/wp-content\/uploads\/2021\/06\/logo_fonds_social_europeen.png 666w\" sizes=\"(max-width: 104px) 100vw, 104px\" \/>\u00a0<img decoding=\"async\" class=\"\" src=\"https:\/\/franceactive-idf.org\/wp-content\/uploads\/2020\/02\/logo-region-ile-de-france.png\" alt=\"Logo Region Ile De France - France Active \u00cele-de-France\" width=\"126\" height=\"29\" \/><\/p>\n","protected":false},"featured_media":118319,"template":"","format":"standard","meta":{"_acf_changed":false,"om_disable_all_campaigns":false,"_uf_show_specific_survey":0,"_uf_disable_surveys":false},"product_brand":[],"product_cat":[118],"product_tag":[],"lieu":[127],"thematiques":[],"class_list":{"0":"post-118318","1":"product","2":"type-product","3":"status-publish","4":"format-standard","5":"has-post-thumbnail","7":"product_cat-atelier-collectif","8":"lieu-hub-empowher","10":"first","11":"instock","12":"virtual","13":"purchasable","14":"product-type-appointment"},"exclude_global_add_ons":[],"addons":[],"acf":[],"yoast_head":"<!-- This site is optimized with the Yoast SEO plugin v24.8 - https:\/\/yoast.com\/wordpress\/plugins\/seo\/ -->\n<title>Atelier - Strat\u00e9gie de communication avec KPMG - Empow&#039;Her<\/title>\n<meta name=\"robots\" content=\"index, follow, max-snippet:-1, max-image-preview:large, max-video-preview:-1\" \/>\n<link rel=\"canonical\" href=\"https:\/\/empow-her.com\/es\/produit\/atelier-strategie-de-communication-avec-kpmg\/\" \/>\n<meta property=\"og:locale\" content=\"es_ES\" \/>\n<meta property=\"og:type\" content=\"article\" \/>\n<meta property=\"og:title\" content=\"Atelier - Strat\u00e9gie de communication avec KPMG - Empow&#039;Her\" \/>\n<meta property=\"og:description\" content=\"Participez \u00e0 un atelier anim\u00e9 par KPMG sur les strat\u00e9gies de communication pour en cerner une approche concr\u00e8te !  Comment commencer \u00e0 communiquer sur votre projet ?  Quelles sont les \u00e9tapes \u00e0 anticiper et comment s\u2019organiser pour mener \u00e0 bien cet exercice de plus en plus n\u00e9cessaire dans notre monde connect\u00e9 ?  Venez franchir le cap vers une strat\u00e9gie de communication coh\u00e9rente ou renforcer votre m\u00e9thode pour les projets plus avanc\u00e9s \u00e0 travers cet \u00e9change avec une experte de la marque employeur KPMG.  Intervenant.e.s :  C\u00e9lia Rastoin, experte KPMG  &nbsp;  Lieu : Sist&#039;Her Paris, 82 rue du Faubourg Saint-Martin    Ce projet est co-financ\u00e9 par le Fonds Social Europ\u00e9en.  \u00a0\u00a0\u00a0\" \/>\n<meta property=\"og:url\" content=\"https:\/\/empow-her.com\/es\/produit\/atelier-strategie-de-communication-avec-kpmg\/\" \/>\n<meta property=\"og:site_name\" content=\"Empow&#039;Her\" \/>\n<meta property=\"article:modified_time\" content=\"2022-04-22T14:55:05+00:00\" \/>\n<meta property=\"og:image\" content=\"https:\/\/empow-her.com\/wp-content\/uploads\/2022\/04\/Women-Dare-templates-events.png\" \/>\n\t<meta property=\"og:image:width\" content=\"1080\" \/>\n\t<meta property=\"og:image:height\" content=\"1080\" \/>\n\t<meta property=\"og:image:type\" content=\"image\/png\" \/>\n<meta name=\"twitter:card\" content=\"summary_large_image\" \/>\n<script type=\"application\/ld+json\" class=\"yoast-schema-graph\">{\"@context\":\"https:\/\/schema.org\",\"@graph\":[{\"@type\":\"WebPage\",\"@id\":\"https:\/\/empow-her.com\/es\/produit\/atelier-strategie-de-communication-avec-kpmg\/\",\"url\":\"https:\/\/empow-her.com\/es\/produit\/atelier-strategie-de-communication-avec-kpmg\/\",\"name\":\"Atelier - Strat\u00e9gie de communication avec KPMG - Empow&#039;Her\",\"isPartOf\":{\"@id\":\"https:\/\/empow-her.com\/#website\"},\"primaryImageOfPage\":{\"@id\":\"https:\/\/empow-her.com\/es\/produit\/atelier-strategie-de-communication-avec-kpmg\/#primaryimage\"},\"image\":{\"@id\":\"https:\/\/empow-her.com\/es\/produit\/atelier-strategie-de-communication-avec-kpmg\/#primaryimage\"},\"thumbnailUrl\":\"https:\/\/empow-her.com\/wp-content\/uploads\/2022\/04\/Women-Dare-templates-events.png\",\"datePublished\":\"2022-04-22T14:50:16+00:00\",\"dateModified\":\"2022-04-22T14:55:05+00:00\",\"breadcrumb\":{\"@id\":\"https:\/\/empow-her.com\/es\/produit\/atelier-strategie-de-communication-avec-kpmg\/#breadcrumb\"},\"inLanguage\":\"es\",\"potentialAction\":[{\"@type\":\"ReadAction\",\"target\":[\"https:\/\/empow-her.com\/es\/produit\/atelier-strategie-de-communication-avec-kpmg\/\"]}]},{\"@type\":\"ImageObject\",\"inLanguage\":\"es\",\"@id\":\"https:\/\/empow-her.com\/es\/produit\/atelier-strategie-de-communication-avec-kpmg\/#primaryimage\",\"url\":\"https:\/\/empow-her.com\/wp-content\/uploads\/2022\/04\/Women-Dare-templates-events.png\",\"contentUrl\":\"https:\/\/empow-her.com\/wp-content\/uploads\/2022\/04\/Women-Dare-templates-events.png\",\"width\":1080,\"height\":1080},{\"@type\":\"BreadcrumbList\",\"@id\":\"https:\/\/empow-her.com\/es\/produit\/atelier-strategie-de-communication-avec-kpmg\/#breadcrumb\",\"itemListElement\":[{\"@type\":\"ListItem\",\"position\":1,\"name\":\"Accueil\",\"item\":\"https:\/\/empow-her.com\/es\/inicio\/\"},{\"@type\":\"ListItem\",\"position\":2,\"name\":\"LA BOUTIQUE\",\"item\":\"https:\/\/empow-her.com\/boutique\/\"},{\"@type\":\"ListItem\",\"position\":3,\"name\":\"Atelier &#8211; Strat\u00e9gie de communication avec KPMG\"}]},{\"@type\":\"WebSite\",\"@id\":\"https:\/\/empow-her.com\/#website\",\"url\":\"https:\/\/empow-her.com\/\",\"name\":\"Empow&#039;Her\",\"description\":\"Women Development\",\"potentialAction\":[{\"@type\":\"SearchAction\",\"target\":{\"@type\":\"EntryPoint\",\"urlTemplate\":\"https:\/\/empow-her.com\/?s={search_term_string}\"},\"query-input\":{\"@type\":\"PropertyValueSpecification\",\"valueRequired\":true,\"valueName\":\"search_term_string\"}}],\"inLanguage\":\"es\"}]}<\/script>\n<!-- \/ Yoast SEO plugin. -->","yoast_head_json":{"title":"Atelier - Strat\u00e9gie de communication avec KPMG - Empow&#039;Her","robots":{"index":"index","follow":"follow","max-snippet":"max-snippet:-1","max-image-preview":"max-image-preview:large","max-video-preview":"max-video-preview:-1"},"canonical":"https:\/\/empow-her.com\/es\/produit\/atelier-strategie-de-communication-avec-kpmg\/","og_locale":"es_ES","og_type":"article","og_title":"Atelier - Strat\u00e9gie de communication avec KPMG - Empow&#039;Her","og_description":"Participez \u00e0 un atelier anim\u00e9 par KPMG sur les strat\u00e9gies de communication pour en cerner une approche concr\u00e8te !  Comment commencer \u00e0 communiquer sur votre projet ?  Quelles sont les \u00e9tapes \u00e0 anticiper et comment s\u2019organiser pour mener \u00e0 bien cet exercice de plus en plus n\u00e9cessaire dans notre monde connect\u00e9 ?  Venez franchir le cap vers une strat\u00e9gie de communication coh\u00e9rente ou renforcer votre m\u00e9thode pour les projets plus avanc\u00e9s \u00e0 travers cet \u00e9change avec une experte de la marque employeur KPMG.  Intervenant.e.s :  C\u00e9lia Rastoin, experte KPMG  &nbsp;  Lieu : Sist'Her Paris, 82 rue du Faubourg Saint-Martin    Ce projet est co-financ\u00e9 par le Fonds Social Europ\u00e9en.  \u00a0\u00a0\u00a0","og_url":"https:\/\/empow-her.com\/es\/produit\/atelier-strategie-de-communication-avec-kpmg\/","og_site_name":"Empow&#039;Her","article_modified_time":"2022-04-22T14:55:05+00:00","og_image":[{"width":1080,"height":1080,"url":"https:\/\/empow-her.com\/wp-content\/uploads\/2022\/04\/Women-Dare-templates-events.png","type":"image\/png"}],"twitter_card":"summary_large_image","schema":{"@context":"https:\/\/schema.org","@graph":[{"@type":"WebPage","@id":"https:\/\/empow-her.com\/es\/produit\/atelier-strategie-de-communication-avec-kpmg\/","url":"https:\/\/empow-her.com\/es\/produit\/atelier-strategie-de-communication-avec-kpmg\/","name":"Atelier - Strat\u00e9gie de communication avec KPMG - Empow&#039;Her","isPartOf":{"@id":"https:\/\/empow-her.com\/#website"},"primaryImageOfPage":{"@id":"https:\/\/empow-her.com\/es\/produit\/atelier-strategie-de-communication-avec-kpmg\/#primaryimage"},"image":{"@id":"https:\/\/empow-her.com\/es\/produit\/atelier-strategie-de-communication-avec-kpmg\/#primaryimage"},"thumbnailUrl":"https:\/\/empow-her.com\/wp-content\/uploads\/2022\/04\/Women-Dare-templates-events.png","datePublished":"2022-04-22T14:50:16+00:00","dateModified":"2022-04-22T14:55:05+00:00","breadcrumb":{"@id":"https:\/\/empow-her.com\/es\/produit\/atelier-strategie-de-communication-avec-kpmg\/#breadcrumb"},"inLanguage":"es","potentialAction":[{"@type":"ReadAction","target":["https:\/\/empow-her.com\/es\/produit\/atelier-strategie-de-communication-avec-kpmg\/"]}]},{"@type":"ImageObject","inLanguage":"es","@id":"https:\/\/empow-her.com\/es\/produit\/atelier-strategie-de-communication-avec-kpmg\/#primaryimage","url":"https:\/\/empow-her.com\/wp-content\/uploads\/2022\/04\/Women-Dare-templates-events.png","contentUrl":"https:\/\/empow-her.com\/wp-content\/uploads\/2022\/04\/Women-Dare-templates-events.png","width":1080,"height":1080},{"@type":"BreadcrumbList","@id":"https:\/\/empow-her.com\/es\/produit\/atelier-strategie-de-communication-avec-kpmg\/#breadcrumb","itemListElement":[{"@type":"ListItem","position":1,"name":"Accueil","item":"https:\/\/empow-her.com\/es\/inicio\/"},{"@type":"ListItem","position":2,"name":"LA BOUTIQUE","item":"https:\/\/empow-her.com\/boutique\/"},{"@type":"ListItem","position":3,"name":"Atelier &#8211; Strat\u00e9gie de communication avec KPMG"}]},{"@type":"WebSite","@id":"https:\/\/empow-her.com\/#website","url":"https:\/\/empow-her.com\/","name":"Empow&#039;Her","description":"Women Development","potentialAction":[{"@type":"SearchAction","target":{"@type":"EntryPoint","urlTemplate":"https:\/\/empow-her.com\/?s={search_term_string}"},"query-input":{"@type":"PropertyValueSpecification","valueRequired":true,"valueName":"search_term_string"}}],"inLanguage":"es"}]}},"_links":{"self":[{"href":"https:\/\/empow-her.com\/es\/wp-json\/wp\/v2\/product\/118318","targetHints":{"allow":["GET"]}}],"collection":[{"href":"https:\/\/empow-her.com\/es\/wp-json\/wp\/v2\/product"}],"about":[{"href":"https:\/\/empow-her.com\/es\/wp-json\/wp\/v2\/types\/product"}],"wp:featuredmedia":[{"embeddable":true,"href":"https:\/\/empow-her.com\/es\/wp-json\/wp\/v2\/media\/118319"}],"wp:attachment":[{"href":"https:\/\/empow-her.com\/es\/wp-json\/wp\/v2\/media?parent=118318"}],"wp:term":[{"taxonomy":"product_brand","embeddable":true,"href":"https:\/\/empow-her.com\/es\/wp-json\/wp\/v2\/product_brand?post=118318"},{"taxonomy":"product_cat","embeddable":true,"href":"https:\/\/empow-her.com\/es\/wp-json\/wp\/v2\/product_cat?post=118318"},{"taxonomy":"product_tag","embeddable":true,"href":"https:\/\/empow-her.com\/es\/wp-json\/wp\/v2\/product_tag?post=118318"},{"taxonomy":"lieu","embeddable":true,"href":"https:\/\/empow-her.com\/es\/wp-json\/wp\/v2\/lieu?post=118318"},{"taxonomy":"thematiques","embeddable":true,"href":"https:\/\/empow-her.com\/es\/wp-json\/wp\/v2\/thematiques?post=118318"}],"curies":[{"name":"wp","href":"https:\/\/api.w.org\/{rel}","templated":true}]}}