{"id":11829,"date":"2021-03-03T09:50:09","date_gmt":"2021-03-03T08:50:09","guid":{"rendered":"https:\/\/empow-her.com\/?post_type=product&#038;p=11829"},"modified":"2021-03-24T15:52:25","modified_gmt":"2021-03-24T14:52:25","slug":"atelier-business-plan-pour-construire-sa-strategie-fincanciere-convaincre-ses-partenaires","status":"publish","type":"product","link":"https:\/\/empow-her.com\/es\/produit\/atelier-business-plan-pour-construire-sa-strategie-fincanciere-convaincre-ses-partenaires\/","title":{"rendered":"Atelier &#8211; Le Business Plan : un outil pour construire sa strat\u00e9gie financi\u00e8re et convaincre ses partenaires"},"content":{"rendered":"","protected":false},"excerpt":{"rendered":"<p style=\"text-align: left;\">Un atelier sp\u00e9cial Business Plan, l&#8217;outil indispensable pour construire sa strat\u00e9gie financi\u00e8re et convaincre ses partenaires !<\/p>\n<p>Qui sont mes clients ? Mes concurrents ? Quelle est mon offre et comment communiquer dessus ? Quels besoins financiers ?<\/p>\n<p style=\"text-align: left;\">Anne-Laure vous donne toutes les cl\u00e9s pour d\u00e9finir un Business Plan p\u00e9renne et rentable !<\/p>\n<p>&nbsp;<\/p>\n<p><b>Par :\u00a0<\/b>O2C &amp; Bloomroad<\/p>\n<p>&nbsp;<\/p>\n<p><span data-sheets-value=\"{&quot;1&quot;:2,&quot;2&quot;:&quot;Alexandre Sourzac-Lami est co-fondateur de Comit, une structure sp\u00e9cialis\u00e9e qui con\u00e7oit et adapte des outils et m\u00e9thodes pour donner aux entrepreneur.e.s la capacit\u00e9 de d\u00e9velopper des mod\u00e8les \u00e9conomiques p\u00e9rennes.&quot;}\" data-sheets-userformat=\"{&quot;2&quot;:1055743,&quot;3&quot;:{&quot;1&quot;:0},&quot;4&quot;:{&quot;1&quot;:2,&quot;2&quot;:16777215},&quot;5&quot;:{&quot;1&quot;:[{&quot;1&quot;:2,&quot;2&quot;:0,&quot;5&quot;:{&quot;1&quot;:2,&quot;2&quot;:0}},{&quot;1&quot;:0,&quot;2&quot;:0,&quot;3&quot;:3},{&quot;1&quot;:1,&quot;2&quot;:0,&quot;4&quot;:1}]},&quot;6&quot;:{&quot;1&quot;:[{&quot;1&quot;:2,&quot;2&quot;:0,&quot;5&quot;:{&quot;1&quot;:2,&quot;2&quot;:0}},{&quot;1&quot;:0,&quot;2&quot;:0,&quot;3&quot;:3},{&quot;1&quot;:1,&quot;2&quot;:0,&quot;4&quot;:1}]},&quot;7&quot;:{&quot;1&quot;:[{&quot;1&quot;:2,&quot;2&quot;:0,&quot;5&quot;:{&quot;1&quot;:2,&quot;2&quot;:0}},{&quot;1&quot;:0,&quot;2&quot;:0,&quot;3&quot;:3},{&quot;1&quot;:1,&quot;2&quot;:0,&quot;4&quot;:1}]},&quot;8&quot;:{&quot;1&quot;:[{&quot;1&quot;:2,&quot;2&quot;:0,&quot;5&quot;:{&quot;1&quot;:2,&quot;2&quot;:0}},{&quot;1&quot;:0,&quot;2&quot;:0,&quot;3&quot;:3},{&quot;1&quot;:1,&quot;2&quot;:0,&quot;4&quot;:1}]},&quot;9&quot;:0,&quot;10&quot;:1,&quot;11&quot;:4,&quot;12&quot;:0,&quot;14&quot;:{&quot;1&quot;:2,&quot;2&quot;:0},&quot;15&quot;:&quot;Calibri&quot;,&quot;23&quot;:1}\" data-sheets-textstyleruns=\"{&quot;1&quot;:0}\uee10{&quot;1&quot;:43,&quot;2&quot;:{&quot;2&quot;:{&quot;1&quot;:2,&quot;2&quot;:1136076},&quot;9&quot;:1}}\uee10{&quot;1&quot;:48}\" data-sheets-hyperlinkruns=\"{&quot;1&quot;:43,&quot;2&quot;:&quot;https:\/\/www.comit.berlin\/&quot;}\uee10{&quot;1&quot;:48}\"><strong>Intervenant.e.s : <\/strong>Anne-Laure Julliot.<\/span><\/p>\n<p>Apr\u00e8s une premi\u00e8re partie de carri\u00e8re en audit et conseil aux entreprises au sein d\u2019un cabinet de renom puis quelques ann\u00e9es chez Ubisoft en tant que contr\u00f4leur financier, Anne-Laure a cr\u00e9\u00e9 son entreprise en 2016 pour aider ceux qui en avaient vraiment besoin : les entrepreneurs. Dipl\u00f4m\u00e9e d\u2019\u00e9cole de commerce et coach certifi\u00e9e, Anne-Laure propose un accompagnement sur mesure et bas\u00e9 sur l\u2019humain.<\/p>\n<p>&nbsp;<\/p>\n<p><strong>Son objectif<\/strong>\u00a0: aider ses clients \u00e0 trouver les leviers et les m\u00e9thodes qui leur permettront de cr\u00e9er une entreprise p\u00e9renne et rentable.<\/p>\n<p>&nbsp;<\/p>\n<p>&nbsp;<\/p>\n<p><strong>Son petit mot ?<\/strong> Vous vous appr\u00eatez \u00e0 vivre une aventure extraordinaire. Osez prendre des risques, tester, quitte \u00e0 vous tromper. Vous ne le regretterez jamais !<\/p>\n<p>&nbsp;<\/p>\n<p style=\"text-align: left;\">\n","protected":false},"featured_media":0,"template":"","format":"standard","meta":{"_acf_changed":false,"om_disable_all_campaigns":false,"_uf_show_specific_survey":0,"_uf_disable_surveys":false},"product_brand":[],"product_cat":[118],"product_tag":[],"lieu":[125],"thematiques":[],"class_list":{"0":"post-11829","1":"product","2":"type-product","3":"status-publish","4":"format-standard","6":"product_cat-atelier-collectif","7":"lieu-en-ligne","9":"first","10":"instock","11":"virtual","12":"purchasable","13":"product-type-appointment"},"exclude_global_add_ons":[],"addons":[],"acf":[],"yoast_head":"<!-- This site is optimized with the Yoast SEO plugin v24.8 - https:\/\/yoast.com\/wordpress\/plugins\/seo\/ -->\n<title>Atelier - Le Business Plan : un outil pour construire sa strat\u00e9gie financi\u00e8re et convaincre ses partenaires - Empow&#039;Her<\/title>\n<meta name=\"robots\" content=\"index, follow, max-snippet:-1, max-image-preview:large, max-video-preview:-1\" \/>\n<link rel=\"canonical\" href=\"https:\/\/empow-her.com\/es\/produit\/atelier-business-plan-pour-construire-sa-strategie-fincanciere-convaincre-ses-partenaires\/\" \/>\n<meta property=\"og:locale\" content=\"es_ES\" \/>\n<meta property=\"og:type\" content=\"article\" \/>\n<meta property=\"og:title\" content=\"Atelier - Le Business Plan : un outil pour construire sa strat\u00e9gie financi\u00e8re et convaincre ses partenaires - Empow&#039;Her\" \/>\n<meta property=\"og:description\" content=\"Un atelier sp\u00e9cial Business Plan, l&#039;outil indispensable pour construire sa strat\u00e9gie financi\u00e8re et convaincre ses partenaires ! Qui sont mes clients ? Mes concurrents ? Quelle est mon offre et comment communiquer dessus ? Quels besoins financiers ? Anne-Laure vous donne toutes les cl\u00e9s pour d\u00e9finir un Business Plan p\u00e9renne et rentable ! &nbsp;  Par :\u00a0O2C &amp; Bloomroad  &nbsp;  Intervenant.e.s : Anne-Laure Julliot.  Apr\u00e8s une premi\u00e8re partie de carri\u00e8re en audit et conseil aux entreprises au sein d\u2019un cabinet de renom puis quelques ann\u00e9es chez Ubisoft en tant que contr\u00f4leur financier, Anne-Laure a cr\u00e9\u00e9 son entreprise en 2016 pour aider ceux qui en avaient vraiment besoin : les entrepreneurs. Dipl\u00f4m\u00e9e d\u2019\u00e9cole de commerce et coach certifi\u00e9e, Anne-Laure propose un accompagnement sur mesure et bas\u00e9 sur l\u2019humain.  &nbsp;  Son objectif\u00a0: aider ses clients \u00e0 trouver les leviers et les m\u00e9thodes qui leur permettront de cr\u00e9er une entreprise p\u00e9renne et rentable.  &nbsp;  &nbsp;  Son petit mot ? Vous vous appr\u00eatez \u00e0 vivre une aventure extraordinaire. Osez prendre des risques, tester, quitte \u00e0 vous tromper. Vous ne le regretterez jamais !  &nbsp;\" \/>\n<meta property=\"og:url\" content=\"https:\/\/empow-her.com\/es\/produit\/atelier-business-plan-pour-construire-sa-strategie-fincanciere-convaincre-ses-partenaires\/\" \/>\n<meta property=\"og:site_name\" content=\"Empow&#039;Her\" \/>\n<meta property=\"article:modified_time\" content=\"2021-03-24T14:52:25+00:00\" \/>\n<meta name=\"twitter:card\" content=\"summary_large_image\" \/>\n<script type=\"application\/ld+json\" class=\"yoast-schema-graph\">{\"@context\":\"https:\/\/schema.org\",\"@graph\":[{\"@type\":\"WebPage\",\"@id\":\"https:\/\/empow-her.com\/es\/produit\/atelier-business-plan-pour-construire-sa-strategie-fincanciere-convaincre-ses-partenaires\/\",\"url\":\"https:\/\/empow-her.com\/es\/produit\/atelier-business-plan-pour-construire-sa-strategie-fincanciere-convaincre-ses-partenaires\/\",\"name\":\"Atelier - Le Business Plan : un outil pour construire sa strat\u00e9gie financi\u00e8re et convaincre ses partenaires - Empow&#039;Her\",\"isPartOf\":{\"@id\":\"https:\/\/empow-her.com\/#website\"},\"datePublished\":\"2021-03-03T08:50:09+00:00\",\"dateModified\":\"2021-03-24T14:52:25+00:00\",\"breadcrumb\":{\"@id\":\"https:\/\/empow-her.com\/es\/produit\/atelier-business-plan-pour-construire-sa-strategie-fincanciere-convaincre-ses-partenaires\/#breadcrumb\"},\"inLanguage\":\"es\",\"potentialAction\":[{\"@type\":\"ReadAction\",\"target\":[\"https:\/\/empow-her.com\/es\/produit\/atelier-business-plan-pour-construire-sa-strategie-fincanciere-convaincre-ses-partenaires\/\"]}]},{\"@type\":\"BreadcrumbList\",\"@id\":\"https:\/\/empow-her.com\/es\/produit\/atelier-business-plan-pour-construire-sa-strategie-fincanciere-convaincre-ses-partenaires\/#breadcrumb\",\"itemListElement\":[{\"@type\":\"ListItem\",\"position\":1,\"name\":\"Accueil\",\"item\":\"https:\/\/empow-her.com\/es\/inicio\/\"},{\"@type\":\"ListItem\",\"position\":2,\"name\":\"LA BOUTIQUE\",\"item\":\"https:\/\/empow-her.com\/boutique\/\"},{\"@type\":\"ListItem\",\"position\":3,\"name\":\"Atelier &#8211; Le Business Plan : un outil pour construire sa strat\u00e9gie financi\u00e8re et convaincre ses partenaires\"}]},{\"@type\":\"WebSite\",\"@id\":\"https:\/\/empow-her.com\/#website\",\"url\":\"https:\/\/empow-her.com\/\",\"name\":\"Empow&#039;Her\",\"description\":\"Women Development\",\"potentialAction\":[{\"@type\":\"SearchAction\",\"target\":{\"@type\":\"EntryPoint\",\"urlTemplate\":\"https:\/\/empow-her.com\/?s={search_term_string}\"},\"query-input\":{\"@type\":\"PropertyValueSpecification\",\"valueRequired\":true,\"valueName\":\"search_term_string\"}}],\"inLanguage\":\"es\"}]}<\/script>\n<!-- \/ Yoast SEO plugin. -->","yoast_head_json":{"title":"Atelier - Le Business Plan : un outil pour construire sa strat\u00e9gie financi\u00e8re et convaincre ses partenaires - Empow&#039;Her","robots":{"index":"index","follow":"follow","max-snippet":"max-snippet:-1","max-image-preview":"max-image-preview:large","max-video-preview":"max-video-preview:-1"},"canonical":"https:\/\/empow-her.com\/es\/produit\/atelier-business-plan-pour-construire-sa-strategie-fincanciere-convaincre-ses-partenaires\/","og_locale":"es_ES","og_type":"article","og_title":"Atelier - Le Business Plan : un outil pour construire sa strat\u00e9gie financi\u00e8re et convaincre ses partenaires - Empow&#039;Her","og_description":"Un atelier sp\u00e9cial Business Plan, l'outil indispensable pour construire sa strat\u00e9gie financi\u00e8re et convaincre ses partenaires ! Qui sont mes clients ? Mes concurrents ? Quelle est mon offre et comment communiquer dessus ? Quels besoins financiers ? Anne-Laure vous donne toutes les cl\u00e9s pour d\u00e9finir un Business Plan p\u00e9renne et rentable ! &nbsp;  Par :\u00a0O2C &amp; Bloomroad  &nbsp;  Intervenant.e.s : Anne-Laure Julliot.  Apr\u00e8s une premi\u00e8re partie de carri\u00e8re en audit et conseil aux entreprises au sein d\u2019un cabinet de renom puis quelques ann\u00e9es chez Ubisoft en tant que contr\u00f4leur financier, Anne-Laure a cr\u00e9\u00e9 son entreprise en 2016 pour aider ceux qui en avaient vraiment besoin : les entrepreneurs. Dipl\u00f4m\u00e9e d\u2019\u00e9cole de commerce et coach certifi\u00e9e, Anne-Laure propose un accompagnement sur mesure et bas\u00e9 sur l\u2019humain.  &nbsp;  Son objectif\u00a0: aider ses clients \u00e0 trouver les leviers et les m\u00e9thodes qui leur permettront de cr\u00e9er une entreprise p\u00e9renne et rentable.  &nbsp;  &nbsp;  Son petit mot ? Vous vous appr\u00eatez \u00e0 vivre une aventure extraordinaire. Osez prendre des risques, tester, quitte \u00e0 vous tromper. Vous ne le regretterez jamais !  &nbsp;","og_url":"https:\/\/empow-her.com\/es\/produit\/atelier-business-plan-pour-construire-sa-strategie-fincanciere-convaincre-ses-partenaires\/","og_site_name":"Empow&#039;Her","article_modified_time":"2021-03-24T14:52:25+00:00","twitter_card":"summary_large_image","schema":{"@context":"https:\/\/schema.org","@graph":[{"@type":"WebPage","@id":"https:\/\/empow-her.com\/es\/produit\/atelier-business-plan-pour-construire-sa-strategie-fincanciere-convaincre-ses-partenaires\/","url":"https:\/\/empow-her.com\/es\/produit\/atelier-business-plan-pour-construire-sa-strategie-fincanciere-convaincre-ses-partenaires\/","name":"Atelier - Le Business Plan : un outil pour construire sa strat\u00e9gie financi\u00e8re et convaincre ses partenaires - Empow&#039;Her","isPartOf":{"@id":"https:\/\/empow-her.com\/#website"},"datePublished":"2021-03-03T08:50:09+00:00","dateModified":"2021-03-24T14:52:25+00:00","breadcrumb":{"@id":"https:\/\/empow-her.com\/es\/produit\/atelier-business-plan-pour-construire-sa-strategie-fincanciere-convaincre-ses-partenaires\/#breadcrumb"},"inLanguage":"es","potentialAction":[{"@type":"ReadAction","target":["https:\/\/empow-her.com\/es\/produit\/atelier-business-plan-pour-construire-sa-strategie-fincanciere-convaincre-ses-partenaires\/"]}]},{"@type":"BreadcrumbList","@id":"https:\/\/empow-her.com\/es\/produit\/atelier-business-plan-pour-construire-sa-strategie-fincanciere-convaincre-ses-partenaires\/#breadcrumb","itemListElement":[{"@type":"ListItem","position":1,"name":"Accueil","item":"https:\/\/empow-her.com\/es\/inicio\/"},{"@type":"ListItem","position":2,"name":"LA BOUTIQUE","item":"https:\/\/empow-her.com\/boutique\/"},{"@type":"ListItem","position":3,"name":"Atelier &#8211; Le Business Plan : un outil pour construire sa strat\u00e9gie financi\u00e8re et convaincre ses partenaires"}]},{"@type":"WebSite","@id":"https:\/\/empow-her.com\/#website","url":"https:\/\/empow-her.com\/","name":"Empow&#039;Her","description":"Women Development","potentialAction":[{"@type":"SearchAction","target":{"@type":"EntryPoint","urlTemplate":"https:\/\/empow-her.com\/?s={search_term_string}"},"query-input":{"@type":"PropertyValueSpecification","valueRequired":true,"valueName":"search_term_string"}}],"inLanguage":"es"}]}},"_links":{"self":[{"href":"https:\/\/empow-her.com\/es\/wp-json\/wp\/v2\/product\/11829","targetHints":{"allow":["GET"]}}],"collection":[{"href":"https:\/\/empow-her.com\/es\/wp-json\/wp\/v2\/product"}],"about":[{"href":"https:\/\/empow-her.com\/es\/wp-json\/wp\/v2\/types\/product"}],"wp:attachment":[{"href":"https:\/\/empow-her.com\/es\/wp-json\/wp\/v2\/media?parent=11829"}],"wp:term":[{"taxonomy":"product_brand","embeddable":true,"href":"https:\/\/empow-her.com\/es\/wp-json\/wp\/v2\/product_brand?post=11829"},{"taxonomy":"product_cat","embeddable":true,"href":"https:\/\/empow-her.com\/es\/wp-json\/wp\/v2\/product_cat?post=11829"},{"taxonomy":"product_tag","embeddable":true,"href":"https:\/\/empow-her.com\/es\/wp-json\/wp\/v2\/product_tag?post=11829"},{"taxonomy":"lieu","embeddable":true,"href":"https:\/\/empow-her.com\/es\/wp-json\/wp\/v2\/lieu?post=11829"},{"taxonomy":"thematiques","embeddable":true,"href":"https:\/\/empow-her.com\/es\/wp-json\/wp\/v2\/thematiques?post=11829"}],"curies":[{"name":"wp","href":"https:\/\/api.w.org\/{rel}","templated":true}]}}