{"id":117844,"date":"2022-04-07T16:36:12","date_gmt":"2022-04-07T14:36:12","guid":{"rendered":"https:\/\/empow-her.com\/?post_type=product&#038;p=117844"},"modified":"2022-04-07T16:39:34","modified_gmt":"2022-04-07T14:39:34","slug":"coaching-approfondir-mon-projet","status":"publish","type":"product","link":"https:\/\/empow-her.com\/es\/produit\/coaching-approfondir-mon-projet\/","title":{"rendered":"Coaching &#8211; Approfondir mon projet"},"content":{"rendered":"","protected":false},"excerpt":{"rendered":"<p>Vous souhaitez vous lancer dans l&#8217;entrepreneuriat et cherchez \u00e0 identifier une r\u00e9ponse \u00e0 un vrai besoin, ou valider votre id\u00e9e de projet ?<\/p>\n<p>Lors de cette permanence individuelle, confrontez vos id\u00e9es et vos pistes de projet pour faire \u00e9merger une solution pertinente et identifier les prochaines actions pour valider votre id\u00e9e !<\/p>\n<p>NB : Ce coaching mobilise certaines s\u00e9quences vues en bootcamp. Si vous avez particip\u00e9 ou allez participer prochainement \u00e0 un bootcamp, ce coaching sera moins int\u00e9ressant pour vous, nous vous invitons plut\u00f4t \u00e0 reprendre votre livret d&#8217;outil du bootcamp pour vous exercez avec les outils d\u00e9j\u00e0 partag\u00e9s !<\/p>\n<p><strong>Intervenant.e.s : <\/strong><\/p>\n<p>Constance Barde<\/p>\n<p><strong>Pr\u00e9sentation :<\/strong><\/p>\n<p>Constance est experte en communication engag\u00e9e.<br \/>\nPendant 20 ans, elle a accompagn\u00e9 de grandes marques (Evian, Orange, BNP Paribas, Lu, FDJ&#8230;) au sein de l&#8217;agence de publicit\u00e9 BETC.<br \/>\nDepuis 5 ans, comme consultante ind\u00e9pendante et coach, elle est aux c\u00f4t\u00e9s des startups et des femmes entrepreneures pour les aider \u00e0 exister aux yeux du monde, en se donnant notamment une utilit\u00e9 sociale.<br \/>\nEt depuis peu, elle se lance en parall\u00e8le dans l&#8217;entrepreneuriat en cr\u00e9ant &#8220;nouvel air&#8221;, un studio de communication d\u00e9di\u00e9 \u00e0 l&#8217;engagement soci\u00e9tal et environnemental.<br \/>\nSes domaines d&#8217;expertise : identification de la mission, formulation des messages clefs, recherche de codes de communication, recherche de produits et services, activation des leviers on et off line (digital, media&#8230;).<\/p>\n<p><strong>Son super pouvoir : <\/strong><br \/>\nDonner des racines et des ailes !<\/p>\n<p><strong>Son petit mot : <\/strong><br \/>\n&#8220;L&#8217;audace paye toujours !&#8221;<\/p>\n<p>&nbsp;<\/p>\n<p>&nbsp;<\/p>\n<p>Session de coaching<strong> en\u00a0 ligne<\/strong><\/p>\n<p><strong>Dur\u00e9e<\/strong> : U<span data-sheets-value=\"{&quot;1&quot;:2,&quot;2&quot;:&quot;Permanence de 4h avec un cr\u00e9neau de 1h par participante (+ 15 minutes entre chaque)&quot;}\" data-sheets-userformat=\"{&quot;2&quot;:7167,&quot;3&quot;:{&quot;1&quot;:0},&quot;4&quot;:{&quot;1&quot;:2,&quot;2&quot;:16777215},&quot;5&quot;:{&quot;1&quot;:[{&quot;1&quot;:2,&quot;2&quot;:0,&quot;5&quot;:{&quot;1&quot;:2,&quot;2&quot;:0}},{&quot;1&quot;:0,&quot;2&quot;:0,&quot;3&quot;:3},{&quot;1&quot;:1,&quot;2&quot;:0,&quot;4&quot;:1}]},&quot;6&quot;:{&quot;1&quot;:[{&quot;1&quot;:2,&quot;2&quot;:0,&quot;5&quot;:{&quot;1&quot;:2,&quot;2&quot;:0}},{&quot;1&quot;:0,&quot;2&quot;:0,&quot;3&quot;:3},{&quot;1&quot;:1,&quot;2&quot;:0,&quot;4&quot;:1}]},&quot;7&quot;:{&quot;1&quot;:[{&quot;1&quot;:2,&quot;2&quot;:0,&quot;5&quot;:{&quot;1&quot;:2,&quot;2&quot;:0}},{&quot;1&quot;:0,&quot;2&quot;:0,&quot;3&quot;:3},{&quot;1&quot;:1,&quot;2&quot;:0,&quot;4&quot;:1}]},&quot;8&quot;:{&quot;1&quot;:[{&quot;1&quot;:2,&quot;2&quot;:0,&quot;5&quot;:{&quot;1&quot;:2,&quot;2&quot;:0}},{&quot;1&quot;:0,&quot;2&quot;:0,&quot;3&quot;:3},{&quot;1&quot;:1,&quot;2&quot;:0,&quot;4&quot;:1}]},&quot;9&quot;:0,&quot;10&quot;:1,&quot;11&quot;:4,&quot;12&quot;:0,&quot;14&quot;:{&quot;1&quot;:2,&quot;2&quot;:0},&quot;15&quot;:&quot;Calibri&quot;}\">n cr\u00e9neau de 1h en individuel<\/span><\/p>\n<p>&nbsp;<\/p>\n<p>Ce projet est co-financ\u00e9 par le Fonds Social Europ\u00e9en.<\/p>\n<p><img decoding=\"async\" class=\"alignnone size-medium wp-image-15794\" src=\"https:\/\/empow-her.com\/wp-content\/uploads\/2021\/07\/fse-logos-1-300x54.png\" alt=\"\" width=\"300\" height=\"54\" srcset=\"https:\/\/empow-her.com\/wp-content\/uploads\/2021\/07\/fse-logos-1-300x54.png 300w, https:\/\/empow-her.com\/wp-content\/uploads\/2021\/07\/fse-logos-1-600x108.png 600w, https:\/\/empow-her.com\/wp-content\/uploads\/2021\/07\/fse-logos-1-1024x184.png 1024w, https:\/\/empow-her.com\/wp-content\/uploads\/2021\/07\/fse-logos-1-768x138.png 768w, https:\/\/empow-her.com\/wp-content\/uploads\/2021\/07\/fse-logos-1-1536x275.png 1536w, https:\/\/empow-her.com\/wp-content\/uploads\/2021\/07\/fse-logos-1-2048x367.png 2048w, https:\/\/empow-her.com\/wp-content\/uploads\/2021\/07\/fse-logos-1-24x4.png 24w, https:\/\/empow-her.com\/wp-content\/uploads\/2021\/07\/fse-logos-1-36x6.png 36w, https:\/\/empow-her.com\/wp-content\/uploads\/2021\/07\/fse-logos-1-48x9.png 48w\" sizes=\"(max-width: 300px) 100vw, 300px\" \/><\/p>\n","protected":false},"featured_media":117845,"template":"","format":"standard","meta":{"_acf_changed":false,"om_disable_all_campaigns":false,"_uf_show_specific_survey":0,"_uf_disable_surveys":false},"product_brand":[],"product_cat":[121],"product_tag":[],"lieu":[],"thematiques":[],"class_list":{"0":"post-117844","1":"product","2":"type-product","3":"status-publish","4":"format-standard","5":"has-post-thumbnail","7":"product_cat-coaching","9":"first","10":"instock","11":"virtual","12":"purchasable","13":"product-type-appointment"},"exclude_global_add_ons":[],"addons":[],"acf":[],"yoast_head":"<!-- This site is optimized with the Yoast SEO plugin v24.8 - https:\/\/yoast.com\/wordpress\/plugins\/seo\/ -->\n<title>Coaching - Approfondir mon projet - Empow&#039;Her<\/title>\n<meta name=\"robots\" content=\"index, follow, max-snippet:-1, max-image-preview:large, max-video-preview:-1\" \/>\n<link rel=\"canonical\" href=\"https:\/\/empow-her.com\/es\/produit\/coaching-approfondir-mon-projet\/\" \/>\n<meta property=\"og:locale\" content=\"es_ES\" \/>\n<meta property=\"og:type\" content=\"article\" \/>\n<meta property=\"og:title\" content=\"Coaching - Approfondir mon projet - Empow&#039;Her\" \/>\n<meta property=\"og:description\" content=\"Vous souhaitez vous lancer dans l&#039;entrepreneuriat et cherchez \u00e0 identifier une r\u00e9ponse \u00e0 un vrai besoin, ou valider votre id\u00e9e de projet ?  Lors de cette permanence individuelle, confrontez vos id\u00e9es et vos pistes de projet pour faire \u00e9merger une solution pertinente et identifier les prochaines actions pour valider votre id\u00e9e !  NB : Ce coaching mobilise certaines s\u00e9quences vues en bootcamp. Si vous avez particip\u00e9 ou allez participer prochainement \u00e0 un bootcamp, ce coaching sera moins int\u00e9ressant pour vous, nous vous invitons plut\u00f4t \u00e0 reprendre votre livret d&#039;outil du bootcamp pour vous exercez avec les outils d\u00e9j\u00e0 partag\u00e9s !  Intervenant.e.s :   Constance Barde  Pr\u00e9sentation :  Constance est experte en communication engag\u00e9e. Pendant 20 ans, elle a accompagn\u00e9 de grandes marques (Evian, Orange, BNP Paribas, Lu, FDJ...) au sein de l&#039;agence de publicit\u00e9 BETC. Depuis 5 ans, comme consultante ind\u00e9pendante et coach, elle est aux c\u00f4t\u00e9s des startups et des femmes entrepreneures pour les aider \u00e0 exister aux yeux du monde, en se donnant notamment une utilit\u00e9 sociale. Et depuis peu, elle se lance en parall\u00e8le dans l&#039;entrepreneuriat en cr\u00e9ant &quot;nouvel air&quot;, un studio de communication d\u00e9di\u00e9 \u00e0 l&#039;engagement soci\u00e9tal et environnemental. Ses domaines d&#039;expertise : identification de la mission, formulation des messages clefs, recherche de codes de communication, recherche de produits et services, activation des leviers on et off line (digital, media...).  Son super pouvoir :  Donner des racines et des ailes !  Son petit mot :  &quot;L&#039;audace paye toujours !&quot;  &nbsp;  &nbsp;  Session de coaching en\u00a0 ligne  Dur\u00e9e : Un cr\u00e9neau de 1h en individuel  &nbsp;  Ce projet est co-financ\u00e9 par le Fonds Social Europ\u00e9en.\" \/>\n<meta property=\"og:url\" content=\"https:\/\/empow-her.com\/es\/produit\/coaching-approfondir-mon-projet\/\" \/>\n<meta property=\"og:site_name\" content=\"Empow&#039;Her\" \/>\n<meta property=\"article:modified_time\" content=\"2022-04-07T14:39:34+00:00\" \/>\n<meta property=\"og:image\" content=\"https:\/\/empow-her.com\/wp-content\/uploads\/2022\/04\/Women-Dare-templates-events-7.png\" \/>\n\t<meta property=\"og:image:width\" content=\"1080\" \/>\n\t<meta property=\"og:image:height\" content=\"1080\" \/>\n\t<meta property=\"og:image:type\" content=\"image\/png\" \/>\n<meta name=\"twitter:card\" content=\"summary_large_image\" \/>\n<script type=\"application\/ld+json\" class=\"yoast-schema-graph\">{\"@context\":\"https:\/\/schema.org\",\"@graph\":[{\"@type\":\"WebPage\",\"@id\":\"https:\/\/empow-her.com\/es\/produit\/coaching-approfondir-mon-projet\/\",\"url\":\"https:\/\/empow-her.com\/es\/produit\/coaching-approfondir-mon-projet\/\",\"name\":\"Coaching - Approfondir mon projet - Empow&#039;Her\",\"isPartOf\":{\"@id\":\"https:\/\/empow-her.com\/#website\"},\"primaryImageOfPage\":{\"@id\":\"https:\/\/empow-her.com\/es\/produit\/coaching-approfondir-mon-projet\/#primaryimage\"},\"image\":{\"@id\":\"https:\/\/empow-her.com\/es\/produit\/coaching-approfondir-mon-projet\/#primaryimage\"},\"thumbnailUrl\":\"https:\/\/empow-her.com\/wp-content\/uploads\/2022\/04\/Women-Dare-templates-events-7.png\",\"datePublished\":\"2022-04-07T14:36:12+00:00\",\"dateModified\":\"2022-04-07T14:39:34+00:00\",\"breadcrumb\":{\"@id\":\"https:\/\/empow-her.com\/es\/produit\/coaching-approfondir-mon-projet\/#breadcrumb\"},\"inLanguage\":\"es\",\"potentialAction\":[{\"@type\":\"ReadAction\",\"target\":[\"https:\/\/empow-her.com\/es\/produit\/coaching-approfondir-mon-projet\/\"]}]},{\"@type\":\"ImageObject\",\"inLanguage\":\"es\",\"@id\":\"https:\/\/empow-her.com\/es\/produit\/coaching-approfondir-mon-projet\/#primaryimage\",\"url\":\"https:\/\/empow-her.com\/wp-content\/uploads\/2022\/04\/Women-Dare-templates-events-7.png\",\"contentUrl\":\"https:\/\/empow-her.com\/wp-content\/uploads\/2022\/04\/Women-Dare-templates-events-7.png\",\"width\":1080,\"height\":1080},{\"@type\":\"BreadcrumbList\",\"@id\":\"https:\/\/empow-her.com\/es\/produit\/coaching-approfondir-mon-projet\/#breadcrumb\",\"itemListElement\":[{\"@type\":\"ListItem\",\"position\":1,\"name\":\"Accueil\",\"item\":\"https:\/\/empow-her.com\/es\/inicio\/\"},{\"@type\":\"ListItem\",\"position\":2,\"name\":\"LA BOUTIQUE\",\"item\":\"https:\/\/empow-her.com\/boutique\/\"},{\"@type\":\"ListItem\",\"position\":3,\"name\":\"Coaching &#8211; Approfondir mon projet\"}]},{\"@type\":\"WebSite\",\"@id\":\"https:\/\/empow-her.com\/#website\",\"url\":\"https:\/\/empow-her.com\/\",\"name\":\"Empow&#039;Her\",\"description\":\"Women Development\",\"potentialAction\":[{\"@type\":\"SearchAction\",\"target\":{\"@type\":\"EntryPoint\",\"urlTemplate\":\"https:\/\/empow-her.com\/?s={search_term_string}\"},\"query-input\":{\"@type\":\"PropertyValueSpecification\",\"valueRequired\":true,\"valueName\":\"search_term_string\"}}],\"inLanguage\":\"es\"}]}<\/script>\n<!-- \/ Yoast SEO plugin. -->","yoast_head_json":{"title":"Coaching - Approfondir mon projet - Empow&#039;Her","robots":{"index":"index","follow":"follow","max-snippet":"max-snippet:-1","max-image-preview":"max-image-preview:large","max-video-preview":"max-video-preview:-1"},"canonical":"https:\/\/empow-her.com\/es\/produit\/coaching-approfondir-mon-projet\/","og_locale":"es_ES","og_type":"article","og_title":"Coaching - Approfondir mon projet - Empow&#039;Her","og_description":"Vous souhaitez vous lancer dans l'entrepreneuriat et cherchez \u00e0 identifier une r\u00e9ponse \u00e0 un vrai besoin, ou valider votre id\u00e9e de projet ?  Lors de cette permanence individuelle, confrontez vos id\u00e9es et vos pistes de projet pour faire \u00e9merger une solution pertinente et identifier les prochaines actions pour valider votre id\u00e9e !  NB : Ce coaching mobilise certaines s\u00e9quences vues en bootcamp. Si vous avez particip\u00e9 ou allez participer prochainement \u00e0 un bootcamp, ce coaching sera moins int\u00e9ressant pour vous, nous vous invitons plut\u00f4t \u00e0 reprendre votre livret d'outil du bootcamp pour vous exercez avec les outils d\u00e9j\u00e0 partag\u00e9s !  Intervenant.e.s :   Constance Barde  Pr\u00e9sentation :  Constance est experte en communication engag\u00e9e. Pendant 20 ans, elle a accompagn\u00e9 de grandes marques (Evian, Orange, BNP Paribas, Lu, FDJ...) au sein de l'agence de publicit\u00e9 BETC. Depuis 5 ans, comme consultante ind\u00e9pendante et coach, elle est aux c\u00f4t\u00e9s des startups et des femmes entrepreneures pour les aider \u00e0 exister aux yeux du monde, en se donnant notamment une utilit\u00e9 sociale. Et depuis peu, elle se lance en parall\u00e8le dans l'entrepreneuriat en cr\u00e9ant \"nouvel air\", un studio de communication d\u00e9di\u00e9 \u00e0 l'engagement soci\u00e9tal et environnemental. Ses domaines d'expertise : identification de la mission, formulation des messages clefs, recherche de codes de communication, recherche de produits et services, activation des leviers on et off line (digital, media...).  Son super pouvoir :  Donner des racines et des ailes !  Son petit mot :  \"L'audace paye toujours !\"  &nbsp;  &nbsp;  Session de coaching en\u00a0 ligne  Dur\u00e9e : Un cr\u00e9neau de 1h en individuel  &nbsp;  Ce projet est co-financ\u00e9 par le Fonds Social Europ\u00e9en.","og_url":"https:\/\/empow-her.com\/es\/produit\/coaching-approfondir-mon-projet\/","og_site_name":"Empow&#039;Her","article_modified_time":"2022-04-07T14:39:34+00:00","og_image":[{"width":1080,"height":1080,"url":"https:\/\/empow-her.com\/wp-content\/uploads\/2022\/04\/Women-Dare-templates-events-7.png","type":"image\/png"}],"twitter_card":"summary_large_image","schema":{"@context":"https:\/\/schema.org","@graph":[{"@type":"WebPage","@id":"https:\/\/empow-her.com\/es\/produit\/coaching-approfondir-mon-projet\/","url":"https:\/\/empow-her.com\/es\/produit\/coaching-approfondir-mon-projet\/","name":"Coaching - Approfondir mon projet - Empow&#039;Her","isPartOf":{"@id":"https:\/\/empow-her.com\/#website"},"primaryImageOfPage":{"@id":"https:\/\/empow-her.com\/es\/produit\/coaching-approfondir-mon-projet\/#primaryimage"},"image":{"@id":"https:\/\/empow-her.com\/es\/produit\/coaching-approfondir-mon-projet\/#primaryimage"},"thumbnailUrl":"https:\/\/empow-her.com\/wp-content\/uploads\/2022\/04\/Women-Dare-templates-events-7.png","datePublished":"2022-04-07T14:36:12+00:00","dateModified":"2022-04-07T14:39:34+00:00","breadcrumb":{"@id":"https:\/\/empow-her.com\/es\/produit\/coaching-approfondir-mon-projet\/#breadcrumb"},"inLanguage":"es","potentialAction":[{"@type":"ReadAction","target":["https:\/\/empow-her.com\/es\/produit\/coaching-approfondir-mon-projet\/"]}]},{"@type":"ImageObject","inLanguage":"es","@id":"https:\/\/empow-her.com\/es\/produit\/coaching-approfondir-mon-projet\/#primaryimage","url":"https:\/\/empow-her.com\/wp-content\/uploads\/2022\/04\/Women-Dare-templates-events-7.png","contentUrl":"https:\/\/empow-her.com\/wp-content\/uploads\/2022\/04\/Women-Dare-templates-events-7.png","width":1080,"height":1080},{"@type":"BreadcrumbList","@id":"https:\/\/empow-her.com\/es\/produit\/coaching-approfondir-mon-projet\/#breadcrumb","itemListElement":[{"@type":"ListItem","position":1,"name":"Accueil","item":"https:\/\/empow-her.com\/es\/inicio\/"},{"@type":"ListItem","position":2,"name":"LA BOUTIQUE","item":"https:\/\/empow-her.com\/boutique\/"},{"@type":"ListItem","position":3,"name":"Coaching &#8211; Approfondir mon projet"}]},{"@type":"WebSite","@id":"https:\/\/empow-her.com\/#website","url":"https:\/\/empow-her.com\/","name":"Empow&#039;Her","description":"Women Development","potentialAction":[{"@type":"SearchAction","target":{"@type":"EntryPoint","urlTemplate":"https:\/\/empow-her.com\/?s={search_term_string}"},"query-input":{"@type":"PropertyValueSpecification","valueRequired":true,"valueName":"search_term_string"}}],"inLanguage":"es"}]}},"_links":{"self":[{"href":"https:\/\/empow-her.com\/es\/wp-json\/wp\/v2\/product\/117844","targetHints":{"allow":["GET"]}}],"collection":[{"href":"https:\/\/empow-her.com\/es\/wp-json\/wp\/v2\/product"}],"about":[{"href":"https:\/\/empow-her.com\/es\/wp-json\/wp\/v2\/types\/product"}],"wp:featuredmedia":[{"embeddable":true,"href":"https:\/\/empow-her.com\/es\/wp-json\/wp\/v2\/media\/117845"}],"wp:attachment":[{"href":"https:\/\/empow-her.com\/es\/wp-json\/wp\/v2\/media?parent=117844"}],"wp:term":[{"taxonomy":"product_brand","embeddable":true,"href":"https:\/\/empow-her.com\/es\/wp-json\/wp\/v2\/product_brand?post=117844"},{"taxonomy":"product_cat","embeddable":true,"href":"https:\/\/empow-her.com\/es\/wp-json\/wp\/v2\/product_cat?post=117844"},{"taxonomy":"product_tag","embeddable":true,"href":"https:\/\/empow-her.com\/es\/wp-json\/wp\/v2\/product_tag?post=117844"},{"taxonomy":"lieu","embeddable":true,"href":"https:\/\/empow-her.com\/es\/wp-json\/wp\/v2\/lieu?post=117844"},{"taxonomy":"thematiques","embeddable":true,"href":"https:\/\/empow-her.com\/es\/wp-json\/wp\/v2\/thematiques?post=117844"}],"curies":[{"name":"wp","href":"https:\/\/api.w.org\/{rel}","templated":true}]}}