{"id":117819,"date":"2022-04-07T11:34:49","date_gmt":"2022-04-07T09:34:49","guid":{"rendered":"https:\/\/empow-her.com\/?post_type=product&#038;p=117819"},"modified":"2022-09-28T11:44:51","modified_gmt":"2022-09-28T09:44:51","slug":"maternite-injonction-table-ronde-artistique","status":"publish","type":"product","link":"https:\/\/empow-her.com\/es\/produit\/maternite-injonction-table-ronde-artistique\/","title":{"rendered":"Maternit\u00e9 et r\u00e9flexions f\u00e9ministes X Repr\u00e9sentations artistiques"},"content":{"rendered":"<p>A l&#8217;occasion d&#8217;une table ronde le lundi 23 mai de 18h \u00e0 20h30, Sist&#8217;Her accueille :<br \/>\n&#8211; Bettina Zourli journaliste, autrice, sp\u00e9cialiste en \u00e9tudes de genre, et cr\u00e9atrice du compte Instagram @jeneveuxpasdenfant<br \/>\n&#8211; Tsippora Sidib\u00e9, childfree, podcasteuse, consultante, cr\u00e9atrice de contenu, et du compte Instagram \u00abTant Que Je Serai noire&#8221;<br \/>\n&#8211; Alice Pf\u00e4ltzer, cr\u00e9atrice du compte Instagram @je.suis.une.sorciere<\/p>\n<div>Pendant cette table ronde, <b>Alice, Bettina et Tsippora \u00e9voqueront\u00a0<\/b>les injonctions faites aux femmes et personnes sexis\u00e9es, en particulier concernant la maternit\u00e9, la sexualit\u00e9 et le couple.\u00a0Ensemble, elles\u00a0interrogerontle d\u00e9sir et le non-d\u00e9sir d\u2019enfants en portant son regard sur les femmes noires.<\/div>\n<div><b>Au programme, une r\u00e9flexion sur le corps des femmes, consid\u00e9r\u00e9 comme un bien public, mais aussi sur le pouvoir de la transmission de nos v\u00e9cus, ou encore sur la construction sociale du mod\u00e8le familial que l&#8217;on conna\u00eet aujourd&#8217;hui.<\/b><\/div>\n<p>Ces diff\u00e9rentes th\u00e9matiques ont pour objectif de donner \u00e0 toutes et \u00e0 tous les outils, les ressources n\u00e9cessaires pour avoir la capacit\u00e9 de choisir ce qui compte ((contraception, accouchement, avortement, h\u00e9sitations&#8230;). Ce que Tsippora appelle &#8220;vivre dans une soci\u00e9t\u00e9 pro-choix&#8221; o\u00f9 la volont\u00e9 de chacun.e est respect\u00e9e.<\/p>\n<p>Pour mettre en lumi\u00e8re ces th\u00e9matiques, nous accueillons \u00e9galement le collectif d&#8217;artistes We are In, qui s&#8217;est port\u00e9 volontaire pour&#8230;<\/p>\n<p>D\u00e9roul\u00e9 de la soir\u00e9e :<br \/>\n18h-18h30 : Accueil du public, d\u00e9couverte de l&#8217;exposition<br \/>\n18h30-20h : Table ronde avec les intervenantes<br \/>\n20h-20h30 : Questions et \u00e9changes avec le public<\/p>\n<p>Infos pratiques<br \/>\nSist\u2019her Paris, 82 rue du Faubourg St Martin<\/p>\n<p>R\u00e9servation gratuite obligatoire :<\/p>\n<p><span id=\"sample-permalink\"><a href=\"https:\/\/empow-her.com\/?post_type=product&amp;p=117819&amp;preview=true\" target=\"wp-preview-117819\" rel=\"noopener\">https:\/\/empow-her.com\/produit\/<span id=\"editable-post-name\">maternit\u00e9-r\u00e9flexion-f\u00e9ministes-repr\u00e9sentations-artistiques <\/span>\/<\/a><\/span><\/p>\n<p>Ouvert en mars 2021, Sist\u2019Her est le premier tiers-lieu d\u00e9di\u00e9 \u00e0 l&#8217;entrepreneuriat f\u00e9minin \u00e0 impact en \u00cele-de-France. Port\u00e9 par l\u2019association Empow\u2019Her, c\u2019est un lieu de vie bienveillant et joyeux, ouvert \u00e0 tou\u00b7te\u00b7s o\u00f9 il est possible de se former, s&#8217;inspirer, se rencontrer et s&#8217;engager.<\/p>\n<p>Ce projet est co-financ\u00e9 par le Fonds Social Europ\u00e9en.<br \/>\nA tr\u00e8s vite !<\/p>\n","protected":false},"excerpt":{"rendered":"<p>Le lundi 23 mai de 18h \u00e0 20h30, \u00e0 l&#8217;occasion d&#8217;une table ronde Sist&#8217;Her accueille :<br \/>\n&#8211; Bettina Zourli journaliste, autrice, sp\u00e9cialiste en \u00e9tudes de genre, et cr\u00e9atrice du compte Instagram @jeneveuxpasdenfant<br \/>\n&#8211; Tsippora Sidib\u00e9, childfree, podcasteuse, consultante, cr\u00e9atrice de contenu, et du compte Instagram \u00abTant Que Je Serai noire&#8221;<br \/>\n&#8211; Alice Pf\u00e4ltzer, cr\u00e9atrice du compte Instagram @je.suis.une.sorciere &#x26a1;&#xfe0f;<\/p>\n<div>Pendant cette table ronde, <b>Alice, Bettina et Tsippora \u00e9voqueront\u00a0<\/b>les injonctions faites aux femmes et personnes sexis\u00e9es, en particulier concernant la maternit\u00e9, la sexualit\u00e9 et le couple.\u00a0Ensemble, elles\u00a0interrogerontle d\u00e9sir et le non-d\u00e9sir d\u2019enfants en portant son regard sur les femmes noires.<\/div>\n<div><b>Au programme, une r\u00e9flexion sur le corps des femmes, consid\u00e9r\u00e9 comme un bien public, mais aussi sur le pouvoir de la transmission de nos v\u00e9cus, ou encore sur la construction sociale du mod\u00e8le familial que l&#8217;on conna\u00eet aujourd&#8217;hui.<\/b> &#x1f4a5;<\/div>\n<p>Ces diff\u00e9rentes th\u00e9matiques ont pour objectif de donner \u00e0 toutes et \u00e0 tous les outils, les ressources n\u00e9cessaires pour avoir la capacit\u00e9 de choisir ce qui compte ((contraception, accouchement, avortement, h\u00e9sitations&#8230;). Ce que Tsippora appelle &#8220;vivre dans une soci\u00e9t\u00e9 pro-choix&#8221; o\u00f9 la volont\u00e9 de chacun.e est respect\u00e9e. &#x1f64f;<\/p>\n<p>Pour mettre en lumi\u00e8re ces th\u00e9matiques, nous accueillons \u00e9galement le collectif d&#8217;artistes We are In, qui s&#8217;est port\u00e9 volontaire pour donner vie \u00e0 ces \u00e9changes.<\/p>\n<p><strong>D\u00e9roul\u00e9 de la soir\u00e9e : <\/strong><br \/>\n18h-18h30 : Accueil du public, d\u00e9couverte de l&#8217;exposition<br \/>\n18h30-20h : Table ronde avec les intervenantes<br \/>\n20h-20h30 : Questions et \u00e9changes avec le public<\/p>\n<p><strong>Infos pratiques <\/strong><br \/>\n&#x1f4cd;Sist\u2019her Paris, 82 rue du Faubourg St Martin<\/p>\n<p>&#x1f516; R\u00e9servation gratuite obligatoire : <span id=\"sample-permalink\"><a href=\"https:\/\/empow-her.com\/?post_type=product&amp;p=117819&amp;preview=true\" target=\"wp-preview-117819\" rel=\"noopener\">https:\/\/empow-her.com\/produit\/<span id=\"editable-post-name\">maternit\u00e9-r\u00e9flexion-f\u00e9ministes-repr\u00e9sentations-artistiques <\/span>\/<\/a><\/span><\/p>\n<p>Ouvert en mars 2021, Sist\u2019Her est le premier tiers-lieu d\u00e9di\u00e9 \u00e0 l&#8217;entrepreneuriat f\u00e9minin \u00e0 impact en \u00cele-de-France. Port\u00e9 par l\u2019association Empow\u2019Her, c\u2019est un lieu de vie bienveillant et joyeux, ouvert \u00e0 tou\u00b7te\u00b7s o\u00f9 il est possible de se former, s&#8217;inspirer, se rencontrer et s&#8217;engager.<\/p>\n<p>Ce projet est co-financ\u00e9 par le Fonds Social Europ\u00e9en.<br \/>\nA tr\u00e8s vite !<\/p>\n","protected":false},"featured_media":117821,"template":"","format":"standard","meta":{"_acf_changed":false,"om_disable_all_campaigns":false,"_uf_show_specific_survey":0,"_uf_disable_surveys":false},"product_brand":[],"product_cat":[119],"product_tag":[],"lieu":[127],"thematiques":[],"class_list":{"0":"post-117819","1":"product","2":"type-product","3":"status-publish","4":"format-standard","5":"has-post-thumbnail","7":"product_cat-evenement-sisther","8":"lieu-hub-empowher","10":"first","11":"instock","12":"virtual","13":"purchasable","14":"product-type-appointment"},"exclude_global_add_ons":[],"addons":[],"acf":[],"yoast_head":"<!-- This site is optimized with the Yoast SEO plugin v24.8 - https:\/\/yoast.com\/wordpress\/plugins\/seo\/ -->\n<title>Maternit\u00e9 et r\u00e9flexions f\u00e9ministes X Repr\u00e9sentations artistiques -<\/title>\n<meta name=\"description\" content=\"Le lundi 23 mai chez Sist&#039;Her, assiste \u00e0 une table ronde autour des injonctions \u00e0 la maternit\u00e9 et prend part aux \u00e9changes !\" \/>\n<meta name=\"robots\" content=\"index, follow, max-snippet:-1, max-image-preview:large, max-video-preview:-1\" \/>\n<link rel=\"canonical\" href=\"https:\/\/empow-her.com\/produit\/maternite-injonction-table-ronde-artistique\/\" \/>\n<meta property=\"og:locale\" content=\"es_ES\" \/>\n<meta property=\"og:type\" content=\"article\" \/>\n<meta property=\"og:title\" content=\"Maternit\u00e9 et r\u00e9flexions f\u00e9ministes X Repr\u00e9sentations artistiques -\" \/>\n<meta property=\"og:description\" content=\"Le lundi 23 mai chez Sist&#039;Her, assiste \u00e0 une table ronde autour des injonctions \u00e0 la maternit\u00e9 et prend part aux \u00e9changes !\" \/>\n<meta property=\"og:url\" content=\"https:\/\/empow-her.com\/produit\/maternite-injonction-table-ronde-artistique\/\" \/>\n<meta property=\"og:site_name\" content=\"Empow&#039;Her\" \/>\n<meta property=\"article:modified_time\" content=\"2022-09-28T09:44:51+00:00\" \/>\n<meta property=\"og:image\" content=\"https:\/\/empow-her.com\/wp-content\/uploads\/2022\/04\/Template-Event-SistHer-site-9.png\" \/>\n\t<meta property=\"og:image:width\" content=\"1080\" \/>\n\t<meta property=\"og:image:height\" content=\"1080\" \/>\n\t<meta property=\"og:image:type\" content=\"image\/png\" \/>\n<meta name=\"twitter:card\" content=\"summary_large_image\" \/>\n<meta name=\"twitter:label1\" content=\"Tiempo de lectura\" \/>\n\t<meta name=\"twitter:data1\" content=\"2 minutos\" \/>\n<script type=\"application\/ld+json\" class=\"yoast-schema-graph\">{\"@context\":\"https:\/\/schema.org\",\"@graph\":[{\"@type\":\"WebPage\",\"@id\":\"https:\/\/empow-her.com\/produit\/maternite-injonction-table-ronde-artistique\/\",\"url\":\"https:\/\/empow-her.com\/produit\/maternite-injonction-table-ronde-artistique\/\",\"name\":\"Maternit\u00e9 et r\u00e9flexions f\u00e9ministes X Repr\u00e9sentations artistiques -\",\"isPartOf\":{\"@id\":\"https:\/\/empow-her.com\/#website\"},\"primaryImageOfPage\":{\"@id\":\"https:\/\/empow-her.com\/produit\/maternite-injonction-table-ronde-artistique\/#primaryimage\"},\"image\":{\"@id\":\"https:\/\/empow-her.com\/produit\/maternite-injonction-table-ronde-artistique\/#primaryimage\"},\"thumbnailUrl\":\"https:\/\/empow-her.com\/wp-content\/uploads\/2022\/04\/Template-Event-SistHer-site-9.png\",\"datePublished\":\"2022-04-07T09:34:49+00:00\",\"dateModified\":\"2022-09-28T09:44:51+00:00\",\"description\":\"Le lundi 23 mai chez Sist'Her, assiste \u00e0 une table ronde autour des injonctions \u00e0 la maternit\u00e9 et prend part aux \u00e9changes !\",\"breadcrumb\":{\"@id\":\"https:\/\/empow-her.com\/produit\/maternite-injonction-table-ronde-artistique\/#breadcrumb\"},\"inLanguage\":\"es\",\"potentialAction\":[{\"@type\":\"ReadAction\",\"target\":[\"https:\/\/empow-her.com\/produit\/maternite-injonction-table-ronde-artistique\/\"]}]},{\"@type\":\"ImageObject\",\"inLanguage\":\"es\",\"@id\":\"https:\/\/empow-her.com\/produit\/maternite-injonction-table-ronde-artistique\/#primaryimage\",\"url\":\"https:\/\/empow-her.com\/wp-content\/uploads\/2022\/04\/Template-Event-SistHer-site-9.png\",\"contentUrl\":\"https:\/\/empow-her.com\/wp-content\/uploads\/2022\/04\/Template-Event-SistHer-site-9.png\",\"width\":1080,\"height\":1080},{\"@type\":\"BreadcrumbList\",\"@id\":\"https:\/\/empow-her.com\/produit\/maternite-injonction-table-ronde-artistique\/#breadcrumb\",\"itemListElement\":[{\"@type\":\"ListItem\",\"position\":1,\"name\":\"Accueil\",\"item\":\"https:\/\/empow-her.com\/es\/inicio\/\"},{\"@type\":\"ListItem\",\"position\":2,\"name\":\"LA BOUTIQUE\",\"item\":\"https:\/\/empow-her.com\/boutique\/\"},{\"@type\":\"ListItem\",\"position\":3,\"name\":\"Maternit\u00e9 et r\u00e9flexions f\u00e9ministes X Repr\u00e9sentations artistiques\"}]},{\"@type\":\"WebSite\",\"@id\":\"https:\/\/empow-her.com\/#website\",\"url\":\"https:\/\/empow-her.com\/\",\"name\":\"Empow&#039;Her\",\"description\":\"Women Development\",\"potentialAction\":[{\"@type\":\"SearchAction\",\"target\":{\"@type\":\"EntryPoint\",\"urlTemplate\":\"https:\/\/empow-her.com\/?s={search_term_string}\"},\"query-input\":{\"@type\":\"PropertyValueSpecification\",\"valueRequired\":true,\"valueName\":\"search_term_string\"}}],\"inLanguage\":\"es\"}]}<\/script>\n<!-- \/ Yoast SEO plugin. -->","yoast_head_json":{"title":"Maternit\u00e9 et r\u00e9flexions f\u00e9ministes X Repr\u00e9sentations artistiques -","description":"Le lundi 23 mai chez Sist'Her, assiste \u00e0 une table ronde autour des injonctions \u00e0 la maternit\u00e9 et prend part aux \u00e9changes !","robots":{"index":"index","follow":"follow","max-snippet":"max-snippet:-1","max-image-preview":"max-image-preview:large","max-video-preview":"max-video-preview:-1"},"canonical":"https:\/\/empow-her.com\/produit\/maternite-injonction-table-ronde-artistique\/","og_locale":"es_ES","og_type":"article","og_title":"Maternit\u00e9 et r\u00e9flexions f\u00e9ministes X Repr\u00e9sentations artistiques -","og_description":"Le lundi 23 mai chez Sist'Her, assiste \u00e0 une table ronde autour des injonctions \u00e0 la maternit\u00e9 et prend part aux \u00e9changes !","og_url":"https:\/\/empow-her.com\/produit\/maternite-injonction-table-ronde-artistique\/","og_site_name":"Empow&#039;Her","article_modified_time":"2022-09-28T09:44:51+00:00","og_image":[{"width":1080,"height":1080,"url":"https:\/\/empow-her.com\/wp-content\/uploads\/2022\/04\/Template-Event-SistHer-site-9.png","type":"image\/png"}],"twitter_card":"summary_large_image","twitter_misc":{"Tiempo de lectura":"2 minutos"},"schema":{"@context":"https:\/\/schema.org","@graph":[{"@type":"WebPage","@id":"https:\/\/empow-her.com\/produit\/maternite-injonction-table-ronde-artistique\/","url":"https:\/\/empow-her.com\/produit\/maternite-injonction-table-ronde-artistique\/","name":"Maternit\u00e9 et r\u00e9flexions f\u00e9ministes X Repr\u00e9sentations artistiques -","isPartOf":{"@id":"https:\/\/empow-her.com\/#website"},"primaryImageOfPage":{"@id":"https:\/\/empow-her.com\/produit\/maternite-injonction-table-ronde-artistique\/#primaryimage"},"image":{"@id":"https:\/\/empow-her.com\/produit\/maternite-injonction-table-ronde-artistique\/#primaryimage"},"thumbnailUrl":"https:\/\/empow-her.com\/wp-content\/uploads\/2022\/04\/Template-Event-SistHer-site-9.png","datePublished":"2022-04-07T09:34:49+00:00","dateModified":"2022-09-28T09:44:51+00:00","description":"Le lundi 23 mai chez Sist'Her, assiste \u00e0 une table ronde autour des injonctions \u00e0 la maternit\u00e9 et prend part aux \u00e9changes !","breadcrumb":{"@id":"https:\/\/empow-her.com\/produit\/maternite-injonction-table-ronde-artistique\/#breadcrumb"},"inLanguage":"es","potentialAction":[{"@type":"ReadAction","target":["https:\/\/empow-her.com\/produit\/maternite-injonction-table-ronde-artistique\/"]}]},{"@type":"ImageObject","inLanguage":"es","@id":"https:\/\/empow-her.com\/produit\/maternite-injonction-table-ronde-artistique\/#primaryimage","url":"https:\/\/empow-her.com\/wp-content\/uploads\/2022\/04\/Template-Event-SistHer-site-9.png","contentUrl":"https:\/\/empow-her.com\/wp-content\/uploads\/2022\/04\/Template-Event-SistHer-site-9.png","width":1080,"height":1080},{"@type":"BreadcrumbList","@id":"https:\/\/empow-her.com\/produit\/maternite-injonction-table-ronde-artistique\/#breadcrumb","itemListElement":[{"@type":"ListItem","position":1,"name":"Accueil","item":"https:\/\/empow-her.com\/es\/inicio\/"},{"@type":"ListItem","position":2,"name":"LA BOUTIQUE","item":"https:\/\/empow-her.com\/boutique\/"},{"@type":"ListItem","position":3,"name":"Maternit\u00e9 et r\u00e9flexions f\u00e9ministes X Repr\u00e9sentations artistiques"}]},{"@type":"WebSite","@id":"https:\/\/empow-her.com\/#website","url":"https:\/\/empow-her.com\/","name":"Empow&#039;Her","description":"Women Development","potentialAction":[{"@type":"SearchAction","target":{"@type":"EntryPoint","urlTemplate":"https:\/\/empow-her.com\/?s={search_term_string}"},"query-input":{"@type":"PropertyValueSpecification","valueRequired":true,"valueName":"search_term_string"}}],"inLanguage":"es"}]}},"_links":{"self":[{"href":"https:\/\/empow-her.com\/es\/wp-json\/wp\/v2\/product\/117819","targetHints":{"allow":["GET"]}}],"collection":[{"href":"https:\/\/empow-her.com\/es\/wp-json\/wp\/v2\/product"}],"about":[{"href":"https:\/\/empow-her.com\/es\/wp-json\/wp\/v2\/types\/product"}],"wp:featuredmedia":[{"embeddable":true,"href":"https:\/\/empow-her.com\/es\/wp-json\/wp\/v2\/media\/117821"}],"wp:attachment":[{"href":"https:\/\/empow-her.com\/es\/wp-json\/wp\/v2\/media?parent=117819"}],"wp:term":[{"taxonomy":"product_brand","embeddable":true,"href":"https:\/\/empow-her.com\/es\/wp-json\/wp\/v2\/product_brand?post=117819"},{"taxonomy":"product_cat","embeddable":true,"href":"https:\/\/empow-her.com\/es\/wp-json\/wp\/v2\/product_cat?post=117819"},{"taxonomy":"product_tag","embeddable":true,"href":"https:\/\/empow-her.com\/es\/wp-json\/wp\/v2\/product_tag?post=117819"},{"taxonomy":"lieu","embeddable":true,"href":"https:\/\/empow-her.com\/es\/wp-json\/wp\/v2\/lieu?post=117819"},{"taxonomy":"thematiques","embeddable":true,"href":"https:\/\/empow-her.com\/es\/wp-json\/wp\/v2\/thematiques?post=117819"}],"curies":[{"name":"wp","href":"https:\/\/api.w.org\/{rel}","templated":true}]}}